{"id":983,"date":"2017-09-25T16:59:34","date_gmt":"2017-09-25T14:59:34","guid":{"rendered":"https:\/\/www.tecnosuissesa.com\/?post_type=product&#038;p=983"},"modified":"2018-01-15T16:16:47","modified_gmt":"2018-01-15T15:16:47","slug":"fresatrice-per-metalli-orion-4-0-digit","status":"publish","type":"product","link":"https:\/\/www.tecnosuissesa.com\/it\/product\/fresatrice-per-metalli-orion-4-0-digit\/","title":{"rendered":"Fresatrice per metalli Orion 4.0 Digit"},"content":{"rendered":"<p>Pur non essendo la pi\u00f9 grande e potente delle fresatrici \u00e8 sicuramente la pi\u00f9 venduta dell&#8217;intera gamma. Grazie infatti alla dotazione standard che ne comprende il basamento, la pompa di raffreddamento ed il visualizzatore elettronico di spostamento, questa fresatrice risulta una macchina utensile professionale e completa in ogni sua parte. Per completarne totalmente la dotazione \u00e8 possibile acquistare a richiesta anche il gruppo di avanzamento automatico della tavola a croce.\u00a0La macchina vien venduta in configurazione standard con un motore monofase 50 Hz da 1.1 KW. Con un piccola variazione di prezzo per\u00f2, in fase di ordine \u00e8 possibile richiederla con motore trifase o anche 60 Hz.<strong><br \/>\n<\/strong><\/p>\n<div>\n<div id=\"article\">\n<div id=\"tavola-tecnica\">\n<table border=\"1\" width=\"100%\" cellspacing=\"0\" cellpadding=\"0\">\n<tbody>\n<tr>\n<td colspan=\"2\" valign=\"top\">\n<div align=\"center\"><strong>DATI TECNICI<\/strong><\/div>\n<\/td>\n<\/tr>\n<tr>\n<td colspan=\"2\"><strong>DIMENSIONI DI INGOMBRO MACCHINA<\/strong><\/td>\n<\/tr>\n<tr>\n<td>Dimensioni macchina con basamento<\/td>\n<td>1160 mm (lunghezza) x 900 mm (larghezza) x 2050 mm (altezza)<\/td>\n<\/tr>\n<tr>\n<td>Dimensioni macchina senza basamento<\/td>\n<td>1160 mm (lunghezza) x 900 mm (larghezza) x 1500 mm (altezza)<\/td>\n<\/tr>\n<tr>\n<td>Peso netto della macchina<\/td>\n<td>330 Kg<\/td>\n<\/tr>\n<tr>\n<td colspan=\"2\"><strong>SPECIFICHE FRESATRICE<\/strong><\/td>\n<\/tr>\n<tr>\n<td>Massima capacit\u00e0 di foratura<\/td>\n<td>40 mm<\/td>\n<\/tr>\n<tr>\n<td>Massima capacit\u00e0 di fresatura frontale<\/td>\n<td>80 mm<\/td>\n<\/tr>\n<tr>\n<td>Massima distanza fra mandrino e tavola di lavoro<\/td>\n<td>330 mm<\/td>\n<\/tr>\n<tr>\n<td>Massima corsa mandrino<\/td>\n<td>130 mm<\/td>\n<\/tr>\n<tr>\n<td>Attacco mandrino<\/td>\n<td>MT4<\/td>\n<\/tr>\n<tr>\n<td>Dimensione tavola di lavoro<\/td>\n<td>800 x 240 mm<\/td>\n<\/tr>\n<tr>\n<td>Corsa longitudinale del piano di lavoro<\/td>\n<td>500 mm<\/td>\n<\/tr>\n<tr>\n<td>Corsa Trasversale del piano di lavoro<\/td>\n<td>175 mm<\/td>\n<\/tr>\n<tr>\n<td>Inclinazione testa fresa<\/td>\n<td>+-90 gradi<\/td>\n<\/tr>\n<tr>\n<td>Velocit\u00e0 regolabili<\/td>\n<td>N\u00b012<\/td>\n<\/tr>\n<tr>\n<td>Velocit\u00e0 del mandrino<\/td>\n<td>1250 a 50hz\u00a0 (italia) e 1500 a 60hz (estero)<\/td>\n<\/tr>\n<tr>\n<td colspan=\"2\"><strong>MOTORE SU CONFIGURAZIONE STANDARD<\/strong><\/td>\n<\/tr>\n<tr>\n<td>Potenza<\/td>\n<td>1.100 W<\/td>\n<\/tr>\n<tr>\n<td>Tipologia<\/td>\n<td>220 V (Monofase)<\/td>\n<\/tr>\n<tr>\n<td>Frequenza<\/td>\n<td>50Hz<\/td>\n<\/tr>\n<tr>\n<td colspan=\"2\"><strong>AVANZAMENTO PIANI<\/strong><\/td>\n<\/tr>\n<tr>\n<td>Avanzamento Longitudinale<\/td>\n<td>Manuale in entrambe le direzioni<\/td>\n<\/tr>\n<tr>\n<td>Avanzamento Trasaversale (piano a croce)<\/td>\n<td>Manuale in entrambe le direzioni<\/td>\n<\/tr>\n<\/tbody>\n<\/table>\n<\/div>\n<\/div>\n<div id=\"accessori\">\n<p><strong>POSSIBILITA DI AGGIUNTA DEI SEGUENTI ACCESSORI:<\/strong><\/p>\n<\/div>\n<table>\n<tbody>\n<tr>\n<td><strong>\u00a0<\/strong><\/td>\n<td><strong>Codice<\/strong><\/td>\n<td><strong>Prezzo\/CHF<\/strong><\/td>\n<\/tr>\n<tr>\n<td>Aggiunta AUTOMATISMO<\/td>\n<td>DMACTF380<\/td>\n<td><strong>CHF \u00a0 361.00<\/strong><\/td>\n<\/tr>\n<tr>\n<td>Aggiunta POMPA DI RAFFREDDAMENTO<\/td>\n<td>DMACTF220<\/td>\n<td><strong>CHF\u00a0\u00a0 173.00<\/strong><\/td>\n<\/tr>\n<\/tbody>\n<\/table>\n<\/div>\n","protected":false},"excerpt":{"rendered":"<p>Fresatrice professionale da banco con capacit\u00e0 di foratura di 40 mm, visualizzatore digitale di quote, pompa di raffreddamento e motore da 1.100 W<\/p>\n","protected":false},"featured_media":984,"comment_status":"open","ping_status":"closed","template":"","meta":[],"product_brand":[],"product_cat":[43],"product_tag":[],"class_list":{"0":"post-983","1":"product","2":"type-product","3":"status-publish","4":"has-post-thumbnail","6":"product_cat-fresatrici-da-banco","7":"product_shipping_class-classe-2","9":"first","10":"instock","11":"shipping-taxable","12":"purchasable","13":"product-type-simple"},"yoast_head":"<!-- This site is optimized with the Yoast SEO plugin v27.1 - https:\/\/yoast.com\/product\/yoast-seo-wordpress\/ -->\n<title>Fresatrice per metalli Orion 4.0 Digit - Tecnosuisse<\/title>\n<meta name=\"robots\" content=\"index, follow, max-snippet:-1, max-image-preview:large, max-video-preview:-1\" \/>\n<link rel=\"canonical\" href=\"https:\/\/www.tecnosuissesa.com\/it\/prodotto\/fresatrice-per-metalli-orion-4-0-digit\/\" \/>\n<meta property=\"og:locale\" content=\"it_IT\" \/>\n<meta property=\"og:type\" content=\"article\" \/>\n<meta property=\"og:title\" content=\"Fresatrice per metalli Orion 4.0 Digit - Tecnosuisse\" \/>\n<meta property=\"og:description\" content=\"Fresatrice professionale da banco con capacit\u00e0 di foratura di 40 mm, visualizzatore digitale di quote, pompa di raffreddamento e motore da 1.100 W\" \/>\n<meta property=\"og:url\" content=\"https:\/\/www.tecnosuissesa.com\/it\/prodotto\/fresatrice-per-metalli-orion-4-0-digit\/\" \/>\n<meta property=\"og:site_name\" content=\"Tecnosuisse\" \/>\n<meta property=\"article:publisher\" content=\"https:\/\/www.facebook.com\/tecnosuisse\/\" \/>\n<meta property=\"article:modified_time\" content=\"2018-01-15T15:16:47+00:00\" \/>\n<meta property=\"og:image\" content=\"https:\/\/www.tecnosuissesa.com\/wp-content\/uploads\/2017\/09\/lato-1-digit.jpg\" \/>\n\t<meta property=\"og:image:width\" content=\"1024\" \/>\n\t<meta property=\"og:image:height\" content=\"768\" \/>\n\t<meta property=\"og:image:type\" content=\"image\/jpeg\" \/>\n<meta name=\"twitter:card\" content=\"summary_large_image\" \/>\n<meta name=\"twitter:label1\" content=\"Tempo di lettura stimato\" \/>\n\t<meta name=\"twitter:data1\" content=\"1 minuto\" \/>\n<script type=\"application\/ld+json\" class=\"yoast-schema-graph\">{\"@context\":\"https:\/\/schema.org\",\"@graph\":[{\"@type\":\"WebPage\",\"@id\":\"https:\/\/www.tecnosuissesa.com\/it\/prodotto\/fresatrice-per-metalli-orion-4-0-digit\/\",\"url\":\"https:\/\/www.tecnosuissesa.com\/it\/prodotto\/fresatrice-per-metalli-orion-4-0-digit\/\",\"name\":\"Fresatrice per metalli Orion 4.0 Digit - Tecnosuisse\",\"isPartOf\":{\"@id\":\"https:\/\/www.tecnosuissesa.com\/it\/#website\"},\"primaryImageOfPage\":{\"@id\":\"https:\/\/www.tecnosuissesa.com\/it\/prodotto\/fresatrice-per-metalli-orion-4-0-digit\/#primaryimage\"},\"image\":{\"@id\":\"https:\/\/www.tecnosuissesa.com\/it\/prodotto\/fresatrice-per-metalli-orion-4-0-digit\/#primaryimage\"},\"thumbnailUrl\":\"https:\/\/www.tecnosuissesa.com\/wp-content\/uploads\/2017\/09\/lato-1-digit.jpg\",\"datePublished\":\"2017-09-25T14:59:34+00:00\",\"dateModified\":\"2018-01-15T15:16:47+00:00\",\"breadcrumb\":{\"@id\":\"https:\/\/www.tecnosuissesa.com\/it\/prodotto\/fresatrice-per-metalli-orion-4-0-digit\/#breadcrumb\"},\"inLanguage\":\"it-IT\",\"potentialAction\":[{\"@type\":\"ReadAction\",\"target\":[\"https:\/\/www.tecnosuissesa.com\/it\/prodotto\/fresatrice-per-metalli-orion-4-0-digit\/\"]}]},{\"@type\":\"ImageObject\",\"inLanguage\":\"it-IT\",\"@id\":\"https:\/\/www.tecnosuissesa.com\/it\/prodotto\/fresatrice-per-metalli-orion-4-0-digit\/#primaryimage\",\"url\":\"https:\/\/www.tecnosuissesa.com\/wp-content\/uploads\/2017\/09\/lato-1-digit.jpg\",\"contentUrl\":\"https:\/\/www.tecnosuissesa.com\/wp-content\/uploads\/2017\/09\/lato-1-digit.jpg\",\"width\":1024,\"height\":768,\"caption\":\"Fresatrice Orion 4.0 Digit\"},{\"@type\":\"BreadcrumbList\",\"@id\":\"https:\/\/www.tecnosuissesa.com\/it\/prodotto\/fresatrice-per-metalli-orion-4-0-digit\/#breadcrumb\",\"itemListElement\":[{\"@type\":\"ListItem\",\"position\":1,\"name\":\"Home\",\"item\":\"https:\/\/www.tecnosuissesa.com\/it\/\"},{\"@type\":\"ListItem\",\"position\":2,\"name\":\"Vendita di Macchine Utensili per Legno e per Metalli\",\"item\":\"https:\/\/www.tecnosuissesa.com\/it\/vendita-macchine-utensili\/\"},{\"@type\":\"ListItem\",\"position\":3,\"name\":\"Fresatrice per metalli Orion 4.0 Digit\"}]},{\"@type\":\"WebSite\",\"@id\":\"https:\/\/www.tecnosuissesa.com\/it\/#website\",\"url\":\"https:\/\/www.tecnosuissesa.com\/it\/\",\"name\":\"Tecnosuisse\",\"description\":\"Macchine Utensili per Legno e Metalli\",\"publisher\":{\"@id\":\"https:\/\/www.tecnosuissesa.com\/it\/#organization\"},\"potentialAction\":[{\"@type\":\"SearchAction\",\"target\":{\"@type\":\"EntryPoint\",\"urlTemplate\":\"https:\/\/www.tecnosuissesa.com\/it\/?s={search_term_string}\"},\"query-input\":{\"@type\":\"PropertyValueSpecification\",\"valueRequired\":true,\"valueName\":\"search_term_string\"}}],\"inLanguage\":\"it-IT\"},{\"@type\":\"Organization\",\"@id\":\"https:\/\/www.tecnosuissesa.com\/it\/#organization\",\"name\":\"Tecnosuisse\",\"url\":\"https:\/\/www.tecnosuissesa.com\/it\/\",\"logo\":{\"@type\":\"ImageObject\",\"inLanguage\":\"it-IT\",\"@id\":\"https:\/\/www.tecnosuissesa.com\/it\/#\/schema\/logo\/image\/\",\"url\":\"https:\/\/www.tecnosuissesa.com\/wp-content\/uploads\/2017\/08\/Logo_TecnoSuisse_627x627.png\",\"contentUrl\":\"https:\/\/www.tecnosuissesa.com\/wp-content\/uploads\/2017\/08\/Logo_TecnoSuisse_627x627.png\",\"width\":627,\"height\":627,\"caption\":\"Tecnosuisse\"},\"image\":{\"@id\":\"https:\/\/www.tecnosuissesa.com\/it\/#\/schema\/logo\/image\/\"},\"sameAs\":[\"https:\/\/www.facebook.com\/tecnosuisse\/\",\"https:\/\/www.youtube.com\/channel\/UCSoxFNkw8ZiE4jP9OY8AdFg\"]}]}<\/script>\n<!-- \/ Yoast SEO plugin. -->","yoast_head_json":{"title":"Fresatrice per metalli Orion 4.0 Digit - Tecnosuisse","robots":{"index":"index","follow":"follow","max-snippet":"max-snippet:-1","max-image-preview":"max-image-preview:large","max-video-preview":"max-video-preview:-1"},"canonical":"https:\/\/www.tecnosuissesa.com\/it\/prodotto\/fresatrice-per-metalli-orion-4-0-digit\/","og_locale":"it_IT","og_type":"article","og_title":"Fresatrice per metalli Orion 4.0 Digit - Tecnosuisse","og_description":"Fresatrice professionale da banco con capacit\u00e0 di foratura di 40 mm, visualizzatore digitale di quote, pompa di raffreddamento e motore da 1.100 W","og_url":"https:\/\/www.tecnosuissesa.com\/it\/prodotto\/fresatrice-per-metalli-orion-4-0-digit\/","og_site_name":"Tecnosuisse","article_publisher":"https:\/\/www.facebook.com\/tecnosuisse\/","article_modified_time":"2018-01-15T15:16:47+00:00","og_image":[{"width":1024,"height":768,"url":"https:\/\/www.tecnosuissesa.com\/wp-content\/uploads\/2017\/09\/lato-1-digit.jpg","type":"image\/jpeg"}],"twitter_card":"summary_large_image","twitter_misc":{"Tempo di lettura stimato":"1 minuto"},"schema":{"@context":"https:\/\/schema.org","@graph":[{"@type":"WebPage","@id":"https:\/\/www.tecnosuissesa.com\/it\/prodotto\/fresatrice-per-metalli-orion-4-0-digit\/","url":"https:\/\/www.tecnosuissesa.com\/it\/prodotto\/fresatrice-per-metalli-orion-4-0-digit\/","name":"Fresatrice per metalli Orion 4.0 Digit - Tecnosuisse","isPartOf":{"@id":"https:\/\/www.tecnosuissesa.com\/it\/#website"},"primaryImageOfPage":{"@id":"https:\/\/www.tecnosuissesa.com\/it\/prodotto\/fresatrice-per-metalli-orion-4-0-digit\/#primaryimage"},"image":{"@id":"https:\/\/www.tecnosuissesa.com\/it\/prodotto\/fresatrice-per-metalli-orion-4-0-digit\/#primaryimage"},"thumbnailUrl":"https:\/\/www.tecnosuissesa.com\/wp-content\/uploads\/2017\/09\/lato-1-digit.jpg","datePublished":"2017-09-25T14:59:34+00:00","dateModified":"2018-01-15T15:16:47+00:00","breadcrumb":{"@id":"https:\/\/www.tecnosuissesa.com\/it\/prodotto\/fresatrice-per-metalli-orion-4-0-digit\/#breadcrumb"},"inLanguage":"it-IT","potentialAction":[{"@type":"ReadAction","target":["https:\/\/www.tecnosuissesa.com\/it\/prodotto\/fresatrice-per-metalli-orion-4-0-digit\/"]}]},{"@type":"ImageObject","inLanguage":"it-IT","@id":"https:\/\/www.tecnosuissesa.com\/it\/prodotto\/fresatrice-per-metalli-orion-4-0-digit\/#primaryimage","url":"https:\/\/www.tecnosuissesa.com\/wp-content\/uploads\/2017\/09\/lato-1-digit.jpg","contentUrl":"https:\/\/www.tecnosuissesa.com\/wp-content\/uploads\/2017\/09\/lato-1-digit.jpg","width":1024,"height":768,"caption":"Fresatrice Orion 4.0 Digit"},{"@type":"BreadcrumbList","@id":"https:\/\/www.tecnosuissesa.com\/it\/prodotto\/fresatrice-per-metalli-orion-4-0-digit\/#breadcrumb","itemListElement":[{"@type":"ListItem","position":1,"name":"Home","item":"https:\/\/www.tecnosuissesa.com\/it\/"},{"@type":"ListItem","position":2,"name":"Vendita di Macchine Utensili per Legno e per Metalli","item":"https:\/\/www.tecnosuissesa.com\/it\/vendita-macchine-utensili\/"},{"@type":"ListItem","position":3,"name":"Fresatrice per metalli Orion 4.0 Digit"}]},{"@type":"WebSite","@id":"https:\/\/www.tecnosuissesa.com\/it\/#website","url":"https:\/\/www.tecnosuissesa.com\/it\/","name":"Tecnosuisse","description":"Macchine Utensili per Legno e Metalli","publisher":{"@id":"https:\/\/www.tecnosuissesa.com\/it\/#organization"},"potentialAction":[{"@type":"SearchAction","target":{"@type":"EntryPoint","urlTemplate":"https:\/\/www.tecnosuissesa.com\/it\/?s={search_term_string}"},"query-input":{"@type":"PropertyValueSpecification","valueRequired":true,"valueName":"search_term_string"}}],"inLanguage":"it-IT"},{"@type":"Organization","@id":"https:\/\/www.tecnosuissesa.com\/it\/#organization","name":"Tecnosuisse","url":"https:\/\/www.tecnosuissesa.com\/it\/","logo":{"@type":"ImageObject","inLanguage":"it-IT","@id":"https:\/\/www.tecnosuissesa.com\/it\/#\/schema\/logo\/image\/","url":"https:\/\/www.tecnosuissesa.com\/wp-content\/uploads\/2017\/08\/Logo_TecnoSuisse_627x627.png","contentUrl":"https:\/\/www.tecnosuissesa.com\/wp-content\/uploads\/2017\/08\/Logo_TecnoSuisse_627x627.png","width":627,"height":627,"caption":"Tecnosuisse"},"image":{"@id":"https:\/\/www.tecnosuissesa.com\/it\/#\/schema\/logo\/image\/"},"sameAs":["https:\/\/www.facebook.com\/tecnosuisse\/","https:\/\/www.youtube.com\/channel\/UCSoxFNkw8ZiE4jP9OY8AdFg"]}]}},"_links":{"self":[{"href":"https:\/\/www.tecnosuissesa.com\/it\/wp-json\/wp\/v2\/product\/983","targetHints":{"allow":["GET"]}}],"collection":[{"href":"https:\/\/www.tecnosuissesa.com\/it\/wp-json\/wp\/v2\/product"}],"about":[{"href":"https:\/\/www.tecnosuissesa.com\/it\/wp-json\/wp\/v2\/types\/product"}],"replies":[{"embeddable":true,"href":"https:\/\/www.tecnosuissesa.com\/it\/wp-json\/wp\/v2\/comments?post=983"}],"wp:featuredmedia":[{"embeddable":true,"href":"https:\/\/www.tecnosuissesa.com\/it\/wp-json\/wp\/v2\/media\/984"}],"wp:attachment":[{"href":"https:\/\/www.tecnosuissesa.com\/it\/wp-json\/wp\/v2\/media?parent=983"}],"wp:term":[{"taxonomy":"product_brand","embeddable":true,"href":"https:\/\/www.tecnosuissesa.com\/it\/wp-json\/wp\/v2\/product_brand?post=983"},{"taxonomy":"product_cat","embeddable":true,"href":"https:\/\/www.tecnosuissesa.com\/it\/wp-json\/wp\/v2\/product_cat?post=983"},{"taxonomy":"product_tag","embeddable":true,"href":"https:\/\/www.tecnosuissesa.com\/it\/wp-json\/wp\/v2\/product_tag?post=983"}],"curies":[{"name":"wp","href":"https:\/\/api.w.org\/{rel}","templated":true}]}}