{"id":939,"date":"2017-09-25T10:30:22","date_gmt":"2017-09-25T08:30:22","guid":{"rendered":"https:\/\/www.tecnosuissesa.com\/?post_type=product&#038;p=939"},"modified":"2017-09-25T10:30:22","modified_gmt":"2017-09-25T08:30:22","slug":"fresatrice-per-metalli-orion-2-5","status":"publish","type":"product","link":"https:\/\/www.tecnosuissesa.com\/it\/product\/fresatrice-per-metalli-orion-2-5\/","title":{"rendered":"Fresatrice per metalli Orion 2.5"},"content":{"rendered":"<p>E&#8217; una macchina fresatrice per metalli di tipo semiprofessionale, ottima per tagliare, forare, fresare e filettare qualunque superficie metallica.<br \/>\nE&#8217; di ottima qualit\u00e0 e pu\u00f2 essere utilizzata facilmente senza una particolare esperienza lavorativa nel settore. La colonna verticale della macchina \u00e8 in ghisa, materiale molto rigido e resistente, che conferisce un&#8217;ottima stabilit\u00e0 durante le lavorazioni. Le velocit\u00e0 possono essere facilmente cambiate mediante le apposite regolazioni indicate nella tabella frontale. In versione standard la macchina viene rilasciata con movimento manuale del piano.<br \/>\nE&#8217; possibile per\u00f2 acquistare separatamente l&#8217;apparecchio per movimentare automaticamente la tavola a croce. POMPA IDRAULICA A RICHIESTA.<\/p>\n<div id=\"tavola-tecnica\">\n<table class=\"table table-striped\" border=\"1\" width=\"100%\" cellspacing=\"0\" cellpadding=\"0\">\n<tbody>\n<tr>\n<td colspan=\"2\" valign=\"top\">\n<div align=\"center\"><strong>DATI TECNICI<\/strong><\/div>\n<\/td>\n<\/tr>\n<tr>\n<td colspan=\"2\" valign=\"top\" height=\"20px\"><strong>DIMENSIONI DI INGOMBRO MACCHINA<\/strong><\/td>\n<\/tr>\n<tr>\n<td valign=\"top\" width=\"352\" height=\"20px\">Dimensioni macchina con basamento<\/td>\n<td valign=\"top\" width=\"415\" height=\"20px\">900 mm (lunghezza) x 800 mm (larghezza) x 1900 mm (altezza)<\/td>\n<\/tr>\n<tr>\n<td valign=\"top\" height=\"20px\">Peso netto della macchina<\/td>\n<td valign=\"top\" height=\"20px\">132 Kg<\/td>\n<\/tr>\n<tr>\n<td colspan=\"2\" height=\"20px\"><strong>SPECIFICHE FRESATRICE<\/strong><\/td>\n<\/tr>\n<tr>\n<td height=\"20px\">Massima capacit\u00e0 di perforazione<\/td>\n<td height=\"20px\">25 mm<\/td>\n<\/tr>\n<tr>\n<td height=\"20px\">Massima capacit\u00e0 di fresatura<\/td>\n<td height=\"20px\">63 mm<\/td>\n<\/tr>\n<tr>\n<td height=\"20px\">Distanza tra colonna e asse<\/td>\n<td height=\"20px\">195 mm<\/td>\n<\/tr>\n<tr>\n<td height=\"20px\">Sezione cava a T della Tavola a Croce<\/td>\n<td height=\"20px\">15 x 25 mm<\/td>\n<\/tr>\n<tr>\n<td height=\"20px\">Attacco mandrino<\/td>\n<td height=\"20px\">85 mm &#8211; MT 3<\/td>\n<\/tr>\n<tr>\n<td height=\"20px\">Dimensione tavola di lavoro<\/td>\n<td height=\"20px\">520 x 160 mm<\/td>\n<\/tr>\n<tr>\n<td height=\"20px\">Corsa asse X \/ Y \/Z<\/td>\n<td height=\"20px\">150 mm \/ +- 230 mm \/ +- 425 mm<\/td>\n<\/tr>\n<tr>\n<td height=\"20px\">Distanza massima mandrino piano<\/td>\n<td height=\"20px\">330 mm<\/td>\n<\/tr>\n<tr>\n<td height=\"20px\">Inclinazione testa fresa<\/td>\n<td height=\"20px\">+-90 gradi<\/td>\n<\/tr>\n<tr>\n<td height=\"20px\">Velocit\u00e0 regolabili<\/td>\n<td height=\"20px\">da 95 a 1420 mm<\/td>\n<\/tr>\n<tr>\n<td height=\"20px\">Velocit\u00e0 massima del mandrino<\/td>\n<td height=\"20px\">1420 giri \/ min<\/td>\n<\/tr>\n<tr>\n<td colspan=\"2\" height=\"20px\"><strong>MOTORE FRESATRICE<\/strong><\/td>\n<\/tr>\n<tr>\n<td height=\"20px\">Potenza<\/td>\n<td height=\"20px\">1 HP<\/td>\n<\/tr>\n<tr>\n<td height=\"20px\">Tipologia<\/td>\n<td>220 V (Monofase)<\/td>\n<\/tr>\n<tr>\n<td height=\"20px\">Frequenza<\/td>\n<td>50Hz<\/td>\n<\/tr>\n<tr>\n<td colspan=\"2\" height=\"20px\"><strong>AVANZAMENTO PIANI<\/strong><\/td>\n<\/tr>\n<tr>\n<td height=\"20px\">Avanzamento Longitudinale<\/td>\n<td height=\"20px\">Manuale<\/td>\n<\/tr>\n<tr>\n<td height=\"20px\">Avanzamento Trasaversale (piano a croce)<\/td>\n<td height=\"20px\">Manuale (opzionale apparecchio per movimentazione automatica)<\/td>\n<\/tr>\n<\/tbody>\n<\/table>\n<\/div>\n","protected":false},"excerpt":{"rendered":"<p>Fresatrice per metalli con velocit\u00e0 variabili, tavola a croce da 520 x 160 mm, alimentata da un motore monofase con potenza di 1 HP<\/p>\n","protected":false},"featured_media":940,"comment_status":"open","ping_status":"closed","template":"","meta":[],"product_brand":[],"product_cat":[43],"product_tag":[101],"class_list":{"0":"post-939","1":"product","2":"type-product","3":"status-publish","4":"has-post-thumbnail","6":"product_cat-fresatrici-da-banco","7":"product_tag-fresatrici-per-metalli","8":"product_shipping_class-classe-2","10":"first","11":"instock","12":"shipping-taxable","13":"purchasable","14":"product-type-simple"},"yoast_head":"<!-- This site is optimized with the Yoast SEO plugin v27.1 - https:\/\/yoast.com\/product\/yoast-seo-wordpress\/ -->\n<title>Fresatrice per metalli Orion 2.5 - Tecnosuisse<\/title>\n<meta name=\"robots\" content=\"index, follow, max-snippet:-1, max-image-preview:large, max-video-preview:-1\" \/>\n<link rel=\"canonical\" href=\"https:\/\/www.tecnosuissesa.com\/it\/prodotto\/fresatrice-per-metalli-orion-2-5\/\" \/>\n<meta property=\"og:locale\" content=\"it_IT\" \/>\n<meta property=\"og:type\" content=\"article\" \/>\n<meta property=\"og:title\" content=\"Fresatrice per metalli Orion 2.5 - Tecnosuisse\" \/>\n<meta property=\"og:description\" content=\"Fresatrice per metalli con velocit\u00e0 variabili, tavola a croce da 520 x 160 mm, alimentata da un motore monofase con potenza di 1 HP\" \/>\n<meta property=\"og:url\" content=\"https:\/\/www.tecnosuissesa.com\/it\/prodotto\/fresatrice-per-metalli-orion-2-5\/\" \/>\n<meta property=\"og:site_name\" content=\"Tecnosuisse\" \/>\n<meta property=\"article:publisher\" content=\"https:\/\/www.facebook.com\/tecnosuisse\/\" \/>\n<meta property=\"og:image\" content=\"https:\/\/www.tecnosuissesa.com\/wp-content\/uploads\/2017\/09\/fresatrice-per-metalli-orion-25-1.jpg\" \/>\n\t<meta property=\"og:image:width\" content=\"800\" \/>\n\t<meta property=\"og:image:height\" content=\"800\" \/>\n\t<meta property=\"og:image:type\" content=\"image\/jpeg\" \/>\n<meta name=\"twitter:card\" content=\"summary_large_image\" \/>\n<meta name=\"twitter:label1\" content=\"Tempo di lettura stimato\" \/>\n\t<meta name=\"twitter:data1\" content=\"1 minuto\" \/>\n<script type=\"application\/ld+json\" class=\"yoast-schema-graph\">{\"@context\":\"https:\/\/schema.org\",\"@graph\":[{\"@type\":\"WebPage\",\"@id\":\"https:\/\/www.tecnosuissesa.com\/it\/prodotto\/fresatrice-per-metalli-orion-2-5\/\",\"url\":\"https:\/\/www.tecnosuissesa.com\/it\/prodotto\/fresatrice-per-metalli-orion-2-5\/\",\"name\":\"Fresatrice per metalli Orion 2.5 - Tecnosuisse\",\"isPartOf\":{\"@id\":\"https:\/\/www.tecnosuissesa.com\/it\/#website\"},\"primaryImageOfPage\":{\"@id\":\"https:\/\/www.tecnosuissesa.com\/it\/prodotto\/fresatrice-per-metalli-orion-2-5\/#primaryimage\"},\"image\":{\"@id\":\"https:\/\/www.tecnosuissesa.com\/it\/prodotto\/fresatrice-per-metalli-orion-2-5\/#primaryimage\"},\"thumbnailUrl\":\"https:\/\/www.tecnosuissesa.com\/wp-content\/uploads\/2017\/09\/fresatrice-per-metalli-orion-25-1.jpg\",\"datePublished\":\"2017-09-25T08:30:22+00:00\",\"breadcrumb\":{\"@id\":\"https:\/\/www.tecnosuissesa.com\/it\/prodotto\/fresatrice-per-metalli-orion-2-5\/#breadcrumb\"},\"inLanguage\":\"it-IT\",\"potentialAction\":[{\"@type\":\"ReadAction\",\"target\":[\"https:\/\/www.tecnosuissesa.com\/it\/prodotto\/fresatrice-per-metalli-orion-2-5\/\"]}]},{\"@type\":\"ImageObject\",\"inLanguage\":\"it-IT\",\"@id\":\"https:\/\/www.tecnosuissesa.com\/it\/prodotto\/fresatrice-per-metalli-orion-2-5\/#primaryimage\",\"url\":\"https:\/\/www.tecnosuissesa.com\/wp-content\/uploads\/2017\/09\/fresatrice-per-metalli-orion-25-1.jpg\",\"contentUrl\":\"https:\/\/www.tecnosuissesa.com\/wp-content\/uploads\/2017\/09\/fresatrice-per-metalli-orion-25-1.jpg\",\"width\":800,\"height\":800},{\"@type\":\"BreadcrumbList\",\"@id\":\"https:\/\/www.tecnosuissesa.com\/it\/prodotto\/fresatrice-per-metalli-orion-2-5\/#breadcrumb\",\"itemListElement\":[{\"@type\":\"ListItem\",\"position\":1,\"name\":\"Home\",\"item\":\"https:\/\/www.tecnosuissesa.com\/it\/\"},{\"@type\":\"ListItem\",\"position\":2,\"name\":\"Vendita di Macchine Utensili per Legno e per Metalli\",\"item\":\"https:\/\/www.tecnosuissesa.com\/it\/vendita-macchine-utensili\/\"},{\"@type\":\"ListItem\",\"position\":3,\"name\":\"Fresatrice per metalli Orion 2.5\"}]},{\"@type\":\"WebSite\",\"@id\":\"https:\/\/www.tecnosuissesa.com\/it\/#website\",\"url\":\"https:\/\/www.tecnosuissesa.com\/it\/\",\"name\":\"Tecnosuisse\",\"description\":\"Macchine Utensili per Legno e Metalli\",\"publisher\":{\"@id\":\"https:\/\/www.tecnosuissesa.com\/it\/#organization\"},\"potentialAction\":[{\"@type\":\"SearchAction\",\"target\":{\"@type\":\"EntryPoint\",\"urlTemplate\":\"https:\/\/www.tecnosuissesa.com\/it\/?s={search_term_string}\"},\"query-input\":{\"@type\":\"PropertyValueSpecification\",\"valueRequired\":true,\"valueName\":\"search_term_string\"}}],\"inLanguage\":\"it-IT\"},{\"@type\":\"Organization\",\"@id\":\"https:\/\/www.tecnosuissesa.com\/it\/#organization\",\"name\":\"Tecnosuisse\",\"url\":\"https:\/\/www.tecnosuissesa.com\/it\/\",\"logo\":{\"@type\":\"ImageObject\",\"inLanguage\":\"it-IT\",\"@id\":\"https:\/\/www.tecnosuissesa.com\/it\/#\/schema\/logo\/image\/\",\"url\":\"https:\/\/www.tecnosuissesa.com\/wp-content\/uploads\/2017\/08\/Logo_TecnoSuisse_627x627.png\",\"contentUrl\":\"https:\/\/www.tecnosuissesa.com\/wp-content\/uploads\/2017\/08\/Logo_TecnoSuisse_627x627.png\",\"width\":627,\"height\":627,\"caption\":\"Tecnosuisse\"},\"image\":{\"@id\":\"https:\/\/www.tecnosuissesa.com\/it\/#\/schema\/logo\/image\/\"},\"sameAs\":[\"https:\/\/www.facebook.com\/tecnosuisse\/\",\"https:\/\/www.youtube.com\/channel\/UCSoxFNkw8ZiE4jP9OY8AdFg\"]}]}<\/script>\n<!-- \/ Yoast SEO plugin. -->","yoast_head_json":{"title":"Fresatrice per metalli Orion 2.5 - Tecnosuisse","robots":{"index":"index","follow":"follow","max-snippet":"max-snippet:-1","max-image-preview":"max-image-preview:large","max-video-preview":"max-video-preview:-1"},"canonical":"https:\/\/www.tecnosuissesa.com\/it\/prodotto\/fresatrice-per-metalli-orion-2-5\/","og_locale":"it_IT","og_type":"article","og_title":"Fresatrice per metalli Orion 2.5 - Tecnosuisse","og_description":"Fresatrice per metalli con velocit\u00e0 variabili, tavola a croce da 520 x 160 mm, alimentata da un motore monofase con potenza di 1 HP","og_url":"https:\/\/www.tecnosuissesa.com\/it\/prodotto\/fresatrice-per-metalli-orion-2-5\/","og_site_name":"Tecnosuisse","article_publisher":"https:\/\/www.facebook.com\/tecnosuisse\/","og_image":[{"width":800,"height":800,"url":"https:\/\/www.tecnosuissesa.com\/wp-content\/uploads\/2017\/09\/fresatrice-per-metalli-orion-25-1.jpg","type":"image\/jpeg"}],"twitter_card":"summary_large_image","twitter_misc":{"Tempo di lettura stimato":"1 minuto"},"schema":{"@context":"https:\/\/schema.org","@graph":[{"@type":"WebPage","@id":"https:\/\/www.tecnosuissesa.com\/it\/prodotto\/fresatrice-per-metalli-orion-2-5\/","url":"https:\/\/www.tecnosuissesa.com\/it\/prodotto\/fresatrice-per-metalli-orion-2-5\/","name":"Fresatrice per metalli Orion 2.5 - Tecnosuisse","isPartOf":{"@id":"https:\/\/www.tecnosuissesa.com\/it\/#website"},"primaryImageOfPage":{"@id":"https:\/\/www.tecnosuissesa.com\/it\/prodotto\/fresatrice-per-metalli-orion-2-5\/#primaryimage"},"image":{"@id":"https:\/\/www.tecnosuissesa.com\/it\/prodotto\/fresatrice-per-metalli-orion-2-5\/#primaryimage"},"thumbnailUrl":"https:\/\/www.tecnosuissesa.com\/wp-content\/uploads\/2017\/09\/fresatrice-per-metalli-orion-25-1.jpg","datePublished":"2017-09-25T08:30:22+00:00","breadcrumb":{"@id":"https:\/\/www.tecnosuissesa.com\/it\/prodotto\/fresatrice-per-metalli-orion-2-5\/#breadcrumb"},"inLanguage":"it-IT","potentialAction":[{"@type":"ReadAction","target":["https:\/\/www.tecnosuissesa.com\/it\/prodotto\/fresatrice-per-metalli-orion-2-5\/"]}]},{"@type":"ImageObject","inLanguage":"it-IT","@id":"https:\/\/www.tecnosuissesa.com\/it\/prodotto\/fresatrice-per-metalli-orion-2-5\/#primaryimage","url":"https:\/\/www.tecnosuissesa.com\/wp-content\/uploads\/2017\/09\/fresatrice-per-metalli-orion-25-1.jpg","contentUrl":"https:\/\/www.tecnosuissesa.com\/wp-content\/uploads\/2017\/09\/fresatrice-per-metalli-orion-25-1.jpg","width":800,"height":800},{"@type":"BreadcrumbList","@id":"https:\/\/www.tecnosuissesa.com\/it\/prodotto\/fresatrice-per-metalli-orion-2-5\/#breadcrumb","itemListElement":[{"@type":"ListItem","position":1,"name":"Home","item":"https:\/\/www.tecnosuissesa.com\/it\/"},{"@type":"ListItem","position":2,"name":"Vendita di Macchine Utensili per Legno e per Metalli","item":"https:\/\/www.tecnosuissesa.com\/it\/vendita-macchine-utensili\/"},{"@type":"ListItem","position":3,"name":"Fresatrice per metalli Orion 2.5"}]},{"@type":"WebSite","@id":"https:\/\/www.tecnosuissesa.com\/it\/#website","url":"https:\/\/www.tecnosuissesa.com\/it\/","name":"Tecnosuisse","description":"Macchine Utensili per Legno e Metalli","publisher":{"@id":"https:\/\/www.tecnosuissesa.com\/it\/#organization"},"potentialAction":[{"@type":"SearchAction","target":{"@type":"EntryPoint","urlTemplate":"https:\/\/www.tecnosuissesa.com\/it\/?s={search_term_string}"},"query-input":{"@type":"PropertyValueSpecification","valueRequired":true,"valueName":"search_term_string"}}],"inLanguage":"it-IT"},{"@type":"Organization","@id":"https:\/\/www.tecnosuissesa.com\/it\/#organization","name":"Tecnosuisse","url":"https:\/\/www.tecnosuissesa.com\/it\/","logo":{"@type":"ImageObject","inLanguage":"it-IT","@id":"https:\/\/www.tecnosuissesa.com\/it\/#\/schema\/logo\/image\/","url":"https:\/\/www.tecnosuissesa.com\/wp-content\/uploads\/2017\/08\/Logo_TecnoSuisse_627x627.png","contentUrl":"https:\/\/www.tecnosuissesa.com\/wp-content\/uploads\/2017\/08\/Logo_TecnoSuisse_627x627.png","width":627,"height":627,"caption":"Tecnosuisse"},"image":{"@id":"https:\/\/www.tecnosuissesa.com\/it\/#\/schema\/logo\/image\/"},"sameAs":["https:\/\/www.facebook.com\/tecnosuisse\/","https:\/\/www.youtube.com\/channel\/UCSoxFNkw8ZiE4jP9OY8AdFg"]}]}},"_links":{"self":[{"href":"https:\/\/www.tecnosuissesa.com\/it\/wp-json\/wp\/v2\/product\/939","targetHints":{"allow":["GET"]}}],"collection":[{"href":"https:\/\/www.tecnosuissesa.com\/it\/wp-json\/wp\/v2\/product"}],"about":[{"href":"https:\/\/www.tecnosuissesa.com\/it\/wp-json\/wp\/v2\/types\/product"}],"replies":[{"embeddable":true,"href":"https:\/\/www.tecnosuissesa.com\/it\/wp-json\/wp\/v2\/comments?post=939"}],"wp:featuredmedia":[{"embeddable":true,"href":"https:\/\/www.tecnosuissesa.com\/it\/wp-json\/wp\/v2\/media\/940"}],"wp:attachment":[{"href":"https:\/\/www.tecnosuissesa.com\/it\/wp-json\/wp\/v2\/media?parent=939"}],"wp:term":[{"taxonomy":"product_brand","embeddable":true,"href":"https:\/\/www.tecnosuissesa.com\/it\/wp-json\/wp\/v2\/product_brand?post=939"},{"taxonomy":"product_cat","embeddable":true,"href":"https:\/\/www.tecnosuissesa.com\/it\/wp-json\/wp\/v2\/product_cat?post=939"},{"taxonomy":"product_tag","embeddable":true,"href":"https:\/\/www.tecnosuissesa.com\/it\/wp-json\/wp\/v2\/product_tag?post=939"}],"curies":[{"name":"wp","href":"https:\/\/api.w.org\/{rel}","templated":true}]}}