{"id":894,"date":"2017-09-21T16:27:26","date_gmt":"2017-09-21T14:27:26","guid":{"rendered":"https:\/\/www.tecnosuissesa.com\/?post_type=product&#038;p=894"},"modified":"2017-09-21T16:27:26","modified_gmt":"2017-09-21T14:27:26","slug":"fresatrice-per-metalli-orion-3-2","status":"publish","type":"product","link":"https:\/\/www.tecnosuissesa.com\/it\/product\/fresatrice-per-metalli-orion-3-2\/","title":{"rendered":"Fresatrice per metalli Orion 3.2"},"content":{"rendered":"<p>E&#8217; una macchina fresatrice per metalli di tipo semiprofessionale, ottima per tagliare, forare, fresare e filettare qualunque superficie metallica. E&#8217; di ottima qualit\u00e0 e pu\u00f2 essere utilizzata facilmente senza una particolare esperienza lavorativa nel settore. La colonna verticale della macchina \u00e8 in ghisa, materiale molto rigido e resistente, che conferisce un&#8217;ottima stabilit\u00e0 durante le lavorazioni. Le velocit\u00e0 possono essere facilmente cambiate mediante le apposite regolazioni indicate nella tabella frontale. In versione standard la macchina viene rilasciata con movimento manuale del piano e senza pompa di raffreddamento. E&#8217; possibile per\u00f2 acquistare separatamente l&#8217;apparecchio per movimentare automaticamente la tavola a croce e la pompa di raffreddamento.<\/p>\n<div id=\"article\">\n<div id=\"tavola-tecnica\">\n<table border=\"1\" width=\"100%\" cellspacing=\"0\" cellpadding=\"0\">\n<tbody>\n<tr>\n<td colspan=\"2\" valign=\"top\">\n<div align=\"center\"><strong>DATI TECNICI<\/strong><\/div>\n<\/td>\n<\/tr>\n<tr>\n<td colspan=\"2\"><strong>DIMENSIONI DI INGOMBRO MACCHINA<\/strong><\/td>\n<\/tr>\n<tr>\n<td>Dimensioni macchina con basamento<\/td>\n<td>1160 mm (lunghezza) x 820 mm (larghezza) x 2200 mm (altezza)<\/td>\n<\/tr>\n<tr>\n<td>Dimensioni macchina senza basamento<\/td>\n<td>1160 mm (lunghezza) x 820 mm (larghezza) x 1600 mm (altezza)<\/td>\n<\/tr>\n<tr>\n<td>Peso netto della macchina<\/td>\n<td>295 Kg<\/td>\n<\/tr>\n<tr>\n<td colspan=\"2\"><strong>SPECIFICHE FRESATRICE<\/strong><\/td>\n<\/tr>\n<tr>\n<td>Massima capacit\u00e0 di perforazione<\/td>\n<td>32 mm<\/td>\n<\/tr>\n<tr>\n<td>Massima capacit\u00e0 di fresatura frontale<\/td>\n<td>80 mm<\/td>\n<\/tr>\n<tr>\n<td>Massima capacit\u00e0 di fresatura finale<\/td>\n<td>28 mm<\/td>\n<\/tr>\n<tr>\n<td>Distanza massima tra il boccaglio dell\u2019asse e il tavolo<\/td>\n<td>450 mm<\/td>\n<\/tr>\n<tr>\n<td>Diametro della colonna<\/td>\n<td>115 mm<\/td>\n<\/tr>\n<tr>\n<td>Attacco mandrino<\/td>\n<td>MT 3<\/td>\n<\/tr>\n<tr>\n<td>Dimensione tavola di lavoro<\/td>\n<td>800 x 240 mm<\/td>\n<\/tr>\n<tr>\n<td>Funzionamento avanti e indietro del tavolo<\/td>\n<td>175 mm<\/td>\n<\/tr>\n<tr>\n<td>Funzionamento sinistro e destro del tavolo<\/td>\n<td>500 mm<\/td>\n<\/tr>\n<tr>\n<td>Inclinazione testa fresa<\/td>\n<td>+-90 gradi<\/td>\n<\/tr>\n<tr>\n<td>Velocit\u00e0 regolabili<\/td>\n<td>N\u00b06 &#8211; 80, 145, 260, 375, 710, 1250 g\/m<\/td>\n<\/tr>\n<tr>\n<td>Velocit\u00e0 massima del mandrino<\/td>\n<td>1250 a 50hz\u00a0 (italia)<\/td>\n<\/tr>\n<tr>\n<td colspan=\"2\"><strong>MOTORE FRESATRICE<\/strong><\/td>\n<\/tr>\n<tr>\n<td>Potenza<\/td>\n<td>750 W<\/td>\n<\/tr>\n<tr>\n<td>Tipologia<\/td>\n<td>220 V (Monofase)<\/td>\n<\/tr>\n<tr>\n<td>Frequenza<\/td>\n<td>50Hz<\/td>\n<\/tr>\n<tr>\n<td colspan=\"2\"><strong>AVANZAMENTO PIANI<\/strong><\/td>\n<\/tr>\n<tr>\n<td>Avanzamento Longitudinale<\/td>\n<td>Manuale<\/td>\n<\/tr>\n<tr>\n<td>Avanzamento Trasaversale (piano a croce)<\/td>\n<td>Manuale (opzionale apparecchio per movimentazione automatica)<\/td>\n<\/tr>\n<\/tbody>\n<\/table>\n<p><strong>POSSIBILITA DI AGGIUNTA DEI SEGUENTI ACCESSORI:<\/strong><\/p>\n<table>\n<tbody>\n<tr>\n<td><strong>\u00a0<\/strong><\/td>\n<td><strong>Codice<\/strong><\/td>\n<td><strong>Prezzo\/CHF<\/strong><\/td>\n<\/tr>\n<tr>\n<td>Aggiunta DIGICOM<\/td>\n<td><strong>\u00a0<\/strong><\/td>\n<td><strong>CHF \u00a0 793.00<\/strong><\/td>\n<\/tr>\n<tr>\n<td>Aggiunta AUTOMATISMO<\/td>\n<td>DMACTF380<\/td>\n<td><strong>CHF \u00a0 361.00<\/strong><\/td>\n<\/tr>\n<tr>\n<td>Aggiunta POMPA DI RAFFREDDAMENTO<\/td>\n<td>DMACTF220<\/td>\n<td><strong>CHF\u00a0\u00a0 173.00<\/strong><\/td>\n<\/tr>\n<\/tbody>\n<\/table>\n<\/div>\n<\/div>\n","protected":false},"excerpt":{"rendered":"<p>Fresatrice da banco per metalli con velocit\u00e0 variabili alimentata da un motore elettrico monofase con potenza di 750W<\/p>\n","protected":false},"featured_media":895,"comment_status":"open","ping_status":"closed","template":"","meta":[],"product_brand":[],"product_cat":[43],"product_tag":[],"class_list":{"0":"post-894","1":"product","2":"type-product","3":"status-publish","4":"has-post-thumbnail","6":"product_cat-fresatrici-da-banco","7":"product_shipping_class-classe-2","9":"first","10":"instock","11":"shipping-taxable","12":"purchasable","13":"product-type-simple"},"yoast_head":"<!-- This site is optimized with the Yoast SEO plugin v27.1 - https:\/\/yoast.com\/product\/yoast-seo-wordpress\/ -->\n<title>Fresatrice per metalli Orion 3.2 - Tecnosuisse<\/title>\n<meta name=\"robots\" content=\"index, follow, max-snippet:-1, max-image-preview:large, max-video-preview:-1\" \/>\n<link rel=\"canonical\" href=\"https:\/\/www.tecnosuissesa.com\/it\/prodotto\/fresatrice-per-metalli-orion-3-2\/\" \/>\n<meta property=\"og:locale\" content=\"it_IT\" \/>\n<meta property=\"og:type\" content=\"article\" \/>\n<meta property=\"og:title\" content=\"Fresatrice per metalli Orion 3.2 - Tecnosuisse\" \/>\n<meta property=\"og:description\" content=\"Fresatrice da banco per metalli con velocit\u00e0 variabili alimentata da un motore elettrico monofase con potenza di 750W\" \/>\n<meta property=\"og:url\" content=\"https:\/\/www.tecnosuissesa.com\/it\/prodotto\/fresatrice-per-metalli-orion-3-2\/\" \/>\n<meta property=\"og:site_name\" content=\"Tecnosuisse\" \/>\n<meta property=\"article:publisher\" content=\"https:\/\/www.facebook.com\/tecnosuisse\/\" \/>\n<meta property=\"og:image\" content=\"https:\/\/www.tecnosuissesa.com\/wp-content\/uploads\/2017\/09\/orion-3.2-1.jpg\" \/>\n\t<meta property=\"og:image:width\" content=\"1024\" \/>\n\t<meta property=\"og:image:height\" content=\"768\" \/>\n\t<meta property=\"og:image:type\" content=\"image\/jpeg\" \/>\n<meta name=\"twitter:card\" content=\"summary_large_image\" \/>\n<meta name=\"twitter:label1\" content=\"Tempo di lettura stimato\" \/>\n\t<meta name=\"twitter:data1\" content=\"1 minuto\" \/>\n<script type=\"application\/ld+json\" class=\"yoast-schema-graph\">{\"@context\":\"https:\/\/schema.org\",\"@graph\":[{\"@type\":\"WebPage\",\"@id\":\"https:\/\/www.tecnosuissesa.com\/it\/prodotto\/fresatrice-per-metalli-orion-3-2\/\",\"url\":\"https:\/\/www.tecnosuissesa.com\/it\/prodotto\/fresatrice-per-metalli-orion-3-2\/\",\"name\":\"Fresatrice per metalli Orion 3.2 - Tecnosuisse\",\"isPartOf\":{\"@id\":\"https:\/\/www.tecnosuissesa.com\/it\/#website\"},\"primaryImageOfPage\":{\"@id\":\"https:\/\/www.tecnosuissesa.com\/it\/prodotto\/fresatrice-per-metalli-orion-3-2\/#primaryimage\"},\"image\":{\"@id\":\"https:\/\/www.tecnosuissesa.com\/it\/prodotto\/fresatrice-per-metalli-orion-3-2\/#primaryimage\"},\"thumbnailUrl\":\"https:\/\/www.tecnosuissesa.com\/wp-content\/uploads\/2017\/09\/orion-3.2-1.jpg\",\"datePublished\":\"2017-09-21T14:27:26+00:00\",\"breadcrumb\":{\"@id\":\"https:\/\/www.tecnosuissesa.com\/it\/prodotto\/fresatrice-per-metalli-orion-3-2\/#breadcrumb\"},\"inLanguage\":\"it-IT\",\"potentialAction\":[{\"@type\":\"ReadAction\",\"target\":[\"https:\/\/www.tecnosuissesa.com\/it\/prodotto\/fresatrice-per-metalli-orion-3-2\/\"]}]},{\"@type\":\"ImageObject\",\"inLanguage\":\"it-IT\",\"@id\":\"https:\/\/www.tecnosuissesa.com\/it\/prodotto\/fresatrice-per-metalli-orion-3-2\/#primaryimage\",\"url\":\"https:\/\/www.tecnosuissesa.com\/wp-content\/uploads\/2017\/09\/orion-3.2-1.jpg\",\"contentUrl\":\"https:\/\/www.tecnosuissesa.com\/wp-content\/uploads\/2017\/09\/orion-3.2-1.jpg\",\"width\":1024,\"height\":768,\"caption\":\"orion 3.2-1\"},{\"@type\":\"BreadcrumbList\",\"@id\":\"https:\/\/www.tecnosuissesa.com\/it\/prodotto\/fresatrice-per-metalli-orion-3-2\/#breadcrumb\",\"itemListElement\":[{\"@type\":\"ListItem\",\"position\":1,\"name\":\"Home\",\"item\":\"https:\/\/www.tecnosuissesa.com\/it\/\"},{\"@type\":\"ListItem\",\"position\":2,\"name\":\"Vendita di Macchine Utensili per Legno e per Metalli\",\"item\":\"https:\/\/www.tecnosuissesa.com\/it\/vendita-macchine-utensili\/\"},{\"@type\":\"ListItem\",\"position\":3,\"name\":\"Fresatrice per metalli Orion 3.2\"}]},{\"@type\":\"WebSite\",\"@id\":\"https:\/\/www.tecnosuissesa.com\/it\/#website\",\"url\":\"https:\/\/www.tecnosuissesa.com\/it\/\",\"name\":\"Tecnosuisse\",\"description\":\"Macchine Utensili per Legno e Metalli\",\"publisher\":{\"@id\":\"https:\/\/www.tecnosuissesa.com\/it\/#organization\"},\"potentialAction\":[{\"@type\":\"SearchAction\",\"target\":{\"@type\":\"EntryPoint\",\"urlTemplate\":\"https:\/\/www.tecnosuissesa.com\/it\/?s={search_term_string}\"},\"query-input\":{\"@type\":\"PropertyValueSpecification\",\"valueRequired\":true,\"valueName\":\"search_term_string\"}}],\"inLanguage\":\"it-IT\"},{\"@type\":\"Organization\",\"@id\":\"https:\/\/www.tecnosuissesa.com\/it\/#organization\",\"name\":\"Tecnosuisse\",\"url\":\"https:\/\/www.tecnosuissesa.com\/it\/\",\"logo\":{\"@type\":\"ImageObject\",\"inLanguage\":\"it-IT\",\"@id\":\"https:\/\/www.tecnosuissesa.com\/it\/#\/schema\/logo\/image\/\",\"url\":\"https:\/\/www.tecnosuissesa.com\/wp-content\/uploads\/2017\/08\/Logo_TecnoSuisse_627x627.png\",\"contentUrl\":\"https:\/\/www.tecnosuissesa.com\/wp-content\/uploads\/2017\/08\/Logo_TecnoSuisse_627x627.png\",\"width\":627,\"height\":627,\"caption\":\"Tecnosuisse\"},\"image\":{\"@id\":\"https:\/\/www.tecnosuissesa.com\/it\/#\/schema\/logo\/image\/\"},\"sameAs\":[\"https:\/\/www.facebook.com\/tecnosuisse\/\",\"https:\/\/www.youtube.com\/channel\/UCSoxFNkw8ZiE4jP9OY8AdFg\"]}]}<\/script>\n<!-- \/ Yoast SEO plugin. -->","yoast_head_json":{"title":"Fresatrice per metalli Orion 3.2 - Tecnosuisse","robots":{"index":"index","follow":"follow","max-snippet":"max-snippet:-1","max-image-preview":"max-image-preview:large","max-video-preview":"max-video-preview:-1"},"canonical":"https:\/\/www.tecnosuissesa.com\/it\/prodotto\/fresatrice-per-metalli-orion-3-2\/","og_locale":"it_IT","og_type":"article","og_title":"Fresatrice per metalli Orion 3.2 - Tecnosuisse","og_description":"Fresatrice da banco per metalli con velocit\u00e0 variabili alimentata da un motore elettrico monofase con potenza di 750W","og_url":"https:\/\/www.tecnosuissesa.com\/it\/prodotto\/fresatrice-per-metalli-orion-3-2\/","og_site_name":"Tecnosuisse","article_publisher":"https:\/\/www.facebook.com\/tecnosuisse\/","og_image":[{"width":1024,"height":768,"url":"https:\/\/www.tecnosuissesa.com\/wp-content\/uploads\/2017\/09\/orion-3.2-1.jpg","type":"image\/jpeg"}],"twitter_card":"summary_large_image","twitter_misc":{"Tempo di lettura stimato":"1 minuto"},"schema":{"@context":"https:\/\/schema.org","@graph":[{"@type":"WebPage","@id":"https:\/\/www.tecnosuissesa.com\/it\/prodotto\/fresatrice-per-metalli-orion-3-2\/","url":"https:\/\/www.tecnosuissesa.com\/it\/prodotto\/fresatrice-per-metalli-orion-3-2\/","name":"Fresatrice per metalli Orion 3.2 - Tecnosuisse","isPartOf":{"@id":"https:\/\/www.tecnosuissesa.com\/it\/#website"},"primaryImageOfPage":{"@id":"https:\/\/www.tecnosuissesa.com\/it\/prodotto\/fresatrice-per-metalli-orion-3-2\/#primaryimage"},"image":{"@id":"https:\/\/www.tecnosuissesa.com\/it\/prodotto\/fresatrice-per-metalli-orion-3-2\/#primaryimage"},"thumbnailUrl":"https:\/\/www.tecnosuissesa.com\/wp-content\/uploads\/2017\/09\/orion-3.2-1.jpg","datePublished":"2017-09-21T14:27:26+00:00","breadcrumb":{"@id":"https:\/\/www.tecnosuissesa.com\/it\/prodotto\/fresatrice-per-metalli-orion-3-2\/#breadcrumb"},"inLanguage":"it-IT","potentialAction":[{"@type":"ReadAction","target":["https:\/\/www.tecnosuissesa.com\/it\/prodotto\/fresatrice-per-metalli-orion-3-2\/"]}]},{"@type":"ImageObject","inLanguage":"it-IT","@id":"https:\/\/www.tecnosuissesa.com\/it\/prodotto\/fresatrice-per-metalli-orion-3-2\/#primaryimage","url":"https:\/\/www.tecnosuissesa.com\/wp-content\/uploads\/2017\/09\/orion-3.2-1.jpg","contentUrl":"https:\/\/www.tecnosuissesa.com\/wp-content\/uploads\/2017\/09\/orion-3.2-1.jpg","width":1024,"height":768,"caption":"orion 3.2-1"},{"@type":"BreadcrumbList","@id":"https:\/\/www.tecnosuissesa.com\/it\/prodotto\/fresatrice-per-metalli-orion-3-2\/#breadcrumb","itemListElement":[{"@type":"ListItem","position":1,"name":"Home","item":"https:\/\/www.tecnosuissesa.com\/it\/"},{"@type":"ListItem","position":2,"name":"Vendita di Macchine Utensili per Legno e per Metalli","item":"https:\/\/www.tecnosuissesa.com\/it\/vendita-macchine-utensili\/"},{"@type":"ListItem","position":3,"name":"Fresatrice per metalli Orion 3.2"}]},{"@type":"WebSite","@id":"https:\/\/www.tecnosuissesa.com\/it\/#website","url":"https:\/\/www.tecnosuissesa.com\/it\/","name":"Tecnosuisse","description":"Macchine Utensili per Legno e Metalli","publisher":{"@id":"https:\/\/www.tecnosuissesa.com\/it\/#organization"},"potentialAction":[{"@type":"SearchAction","target":{"@type":"EntryPoint","urlTemplate":"https:\/\/www.tecnosuissesa.com\/it\/?s={search_term_string}"},"query-input":{"@type":"PropertyValueSpecification","valueRequired":true,"valueName":"search_term_string"}}],"inLanguage":"it-IT"},{"@type":"Organization","@id":"https:\/\/www.tecnosuissesa.com\/it\/#organization","name":"Tecnosuisse","url":"https:\/\/www.tecnosuissesa.com\/it\/","logo":{"@type":"ImageObject","inLanguage":"it-IT","@id":"https:\/\/www.tecnosuissesa.com\/it\/#\/schema\/logo\/image\/","url":"https:\/\/www.tecnosuissesa.com\/wp-content\/uploads\/2017\/08\/Logo_TecnoSuisse_627x627.png","contentUrl":"https:\/\/www.tecnosuissesa.com\/wp-content\/uploads\/2017\/08\/Logo_TecnoSuisse_627x627.png","width":627,"height":627,"caption":"Tecnosuisse"},"image":{"@id":"https:\/\/www.tecnosuissesa.com\/it\/#\/schema\/logo\/image\/"},"sameAs":["https:\/\/www.facebook.com\/tecnosuisse\/","https:\/\/www.youtube.com\/channel\/UCSoxFNkw8ZiE4jP9OY8AdFg"]}]}},"_links":{"self":[{"href":"https:\/\/www.tecnosuissesa.com\/it\/wp-json\/wp\/v2\/product\/894","targetHints":{"allow":["GET"]}}],"collection":[{"href":"https:\/\/www.tecnosuissesa.com\/it\/wp-json\/wp\/v2\/product"}],"about":[{"href":"https:\/\/www.tecnosuissesa.com\/it\/wp-json\/wp\/v2\/types\/product"}],"replies":[{"embeddable":true,"href":"https:\/\/www.tecnosuissesa.com\/it\/wp-json\/wp\/v2\/comments?post=894"}],"wp:featuredmedia":[{"embeddable":true,"href":"https:\/\/www.tecnosuissesa.com\/it\/wp-json\/wp\/v2\/media\/895"}],"wp:attachment":[{"href":"https:\/\/www.tecnosuissesa.com\/it\/wp-json\/wp\/v2\/media?parent=894"}],"wp:term":[{"taxonomy":"product_brand","embeddable":true,"href":"https:\/\/www.tecnosuissesa.com\/it\/wp-json\/wp\/v2\/product_brand?post=894"},{"taxonomy":"product_cat","embeddable":true,"href":"https:\/\/www.tecnosuissesa.com\/it\/wp-json\/wp\/v2\/product_cat?post=894"},{"taxonomy":"product_tag","embeddable":true,"href":"https:\/\/www.tecnosuissesa.com\/it\/wp-json\/wp\/v2\/product_tag?post=894"}],"curies":[{"name":"wp","href":"https:\/\/api.w.org\/{rel}","templated":true}]}}