{"id":879,"date":"2017-09-21T16:09:08","date_gmt":"2017-09-21T14:09:08","guid":{"rendered":"https:\/\/www.tecnosuissesa.com\/?post_type=product&#038;p=879"},"modified":"2017-09-21T16:09:08","modified_gmt":"2017-09-21T14:09:08","slug":"fresatrice-per-metalli-orion-2-0","status":"publish","type":"product","link":"https:\/\/www.tecnosuissesa.com\/it\/product\/fresatrice-per-metalli-orion-2-0\/","title":{"rendered":"Fresatrice per metalli Orion 2.0"},"content":{"rendered":"<p>Questa fresatrice verticale per metalli \u00e8 dotata di testa inclinabile ed ha una tavola a croce in ghisa con regolazioni tridimensionali. La regolazione della velocit\u00e0 \u00e8 elettronica e di massima precisione controllabile tramite il visualizzatore digitale posto sul pannello frontale. E&#8217; dotata di Inversione di rotazione ed illuminazione della tavola di lavoro.<br \/>\nIl motore che alimenta la macchina utensile \u00e8 un 850 W monofase. A richiesta (con una piccola variazione di prezzo) per\u00f2 si pu\u00f2 avere la versione trifase.<\/p>\n<div id=\"tavola-tecnica\">\n<table border=\"1\" width=\"100%\" cellspacing=\"0\" cellpadding=\"0\">\n<tbody>\n<tr>\n<td colspan=\"2\" valign=\"top\" height=\"20\">\n<div align=\"center\"><strong>DATI TECNICI<\/strong><\/div>\n<\/td>\n<\/tr>\n<tr>\n<td colspan=\"2\" height=\"20\"><strong>DIMENSIONI DI INGOMBRO MACCHINA<\/strong><\/td>\n<\/tr>\n<tr>\n<td width=\"352\" height=\"20\">Ingombro macchina<\/td>\n<td width=\"415\" height=\"20\">H 172 x L 54 x 2 cm<\/td>\n<\/tr>\n<tr>\n<td width=\"352\" height=\"20\">Peso<\/td>\n<td width=\"415\" height=\"20\">110 Kg<\/td>\n<\/tr>\n<tr>\n<td colspan=\"2\" height=\"20\"><strong>SPECIFICHE FRESATRICE<\/strong><\/td>\n<\/tr>\n<tr>\n<td height=\"20\">Escursione longitudinale della tavola a croce<\/td>\n<td height=\"20\">142 x 2 mm<\/td>\n<\/tr>\n<tr>\n<td height=\"20\">Escursione trasversale della tavola a croce<\/td>\n<td height=\"20\">180 mm<\/td>\n<\/tr>\n<tr>\n<td height=\"20\">Escursione canotto<\/td>\n<td height=\"20\">50 mm<\/td>\n<\/tr>\n<tr>\n<td height=\"20\">Distanza colonna centro mandrino<\/td>\n<td height=\"20\">200 mm<\/td>\n<\/tr>\n<tr>\n<td height=\"20\">Max altezza sfruttabile con mandrino<\/td>\n<td height=\"20\">260 mm<\/td>\n<\/tr>\n<tr>\n<td height=\"20\">Max altezza sfruttabile senza mandrino<\/td>\n<td height=\"20\">370 mm<\/td>\n<\/tr>\n<tr>\n<td height=\"20\">Scale avanzamento trasversale,long.discesa canotto<\/td>\n<td height=\"20\">noni: 0.05mm<\/td>\n<\/tr>\n<tr>\n<td height=\"20\">Cono mandrino<\/td>\n<td height=\"20\">MT2<\/td>\n<\/tr>\n<tr>\n<td height=\"20\">Motore<\/td>\n<td height=\"20\">monofase 850W<\/td>\n<\/tr>\n<tr>\n<td height=\"20\">Velocita di rotazione<\/td>\n<td height=\"20\">&#8211; Posizione 1 da 50 a 1250 rpm<br \/>\n&#8211; Posizione 2 da 100 a 2500 rpm<\/td>\n<\/tr>\n<tr>\n<td height=\"20\">Tavola a croce<\/td>\n<td height=\"20\">500 x 180 mm &#8211; I= 63 mm<\/td>\n<\/tr>\n<tr>\n<td height=\"20\">Scala discesa testa verticale<\/td>\n<td height=\"20\">discesa testa: 0,1 mm<\/td>\n<\/tr>\n<\/tbody>\n<\/table>\n<\/div>\n","protected":false},"excerpt":{"rendered":"<p>Fresatrice per metalli con velocit\u00e0 variabili alimentata da un motore elettrico monofase con potenza di 850 W<\/p>\n","protected":false},"featured_media":880,"comment_status":"open","ping_status":"closed","template":"","meta":[],"product_brand":[],"product_cat":[43],"product_tag":[],"class_list":{"0":"post-879","1":"product","2":"type-product","3":"status-publish","4":"has-post-thumbnail","6":"product_cat-fresatrici-da-banco","7":"product_shipping_class-classe-2","9":"first","10":"instock","11":"shipping-taxable","12":"purchasable","13":"product-type-simple"},"yoast_head":"<!-- This site is optimized with the Yoast SEO plugin v27.1 - https:\/\/yoast.com\/product\/yoast-seo-wordpress\/ -->\n<title>Fresatrice per metalli Orion 2.0 - Tecnosuisse<\/title>\n<meta name=\"robots\" content=\"index, follow, max-snippet:-1, max-image-preview:large, max-video-preview:-1\" \/>\n<link rel=\"canonical\" href=\"https:\/\/www.tecnosuissesa.com\/it\/prodotto\/fresatrice-per-metalli-orion-2-0\/\" \/>\n<meta property=\"og:locale\" content=\"it_IT\" \/>\n<meta property=\"og:type\" content=\"article\" \/>\n<meta property=\"og:title\" content=\"Fresatrice per metalli Orion 2.0 - Tecnosuisse\" \/>\n<meta property=\"og:description\" content=\"Fresatrice per metalli con velocit\u00e0 variabili alimentata da un motore elettrico monofase con potenza di 850 W\" \/>\n<meta property=\"og:url\" content=\"https:\/\/www.tecnosuissesa.com\/it\/prodotto\/fresatrice-per-metalli-orion-2-0\/\" \/>\n<meta property=\"og:site_name\" content=\"Tecnosuisse\" \/>\n<meta property=\"article:publisher\" content=\"https:\/\/www.facebook.com\/tecnosuisse\/\" \/>\n<meta property=\"og:image\" content=\"https:\/\/www.tecnosuissesa.com\/wp-content\/uploads\/2017\/09\/ORION-2.0-1.jpg\" \/>\n\t<meta property=\"og:image:width\" content=\"1024\" \/>\n\t<meta property=\"og:image:height\" content=\"768\" \/>\n\t<meta property=\"og:image:type\" content=\"image\/jpeg\" \/>\n<meta name=\"twitter:card\" content=\"summary_large_image\" \/>\n<meta name=\"twitter:label1\" content=\"Tempo di lettura stimato\" \/>\n\t<meta name=\"twitter:data1\" content=\"1 minuto\" \/>\n<script type=\"application\/ld+json\" class=\"yoast-schema-graph\">{\"@context\":\"https:\/\/schema.org\",\"@graph\":[{\"@type\":\"WebPage\",\"@id\":\"https:\/\/www.tecnosuissesa.com\/it\/prodotto\/fresatrice-per-metalli-orion-2-0\/\",\"url\":\"https:\/\/www.tecnosuissesa.com\/it\/prodotto\/fresatrice-per-metalli-orion-2-0\/\",\"name\":\"Fresatrice per metalli Orion 2.0 - Tecnosuisse\",\"isPartOf\":{\"@id\":\"https:\/\/www.tecnosuissesa.com\/it\/#website\"},\"primaryImageOfPage\":{\"@id\":\"https:\/\/www.tecnosuissesa.com\/it\/prodotto\/fresatrice-per-metalli-orion-2-0\/#primaryimage\"},\"image\":{\"@id\":\"https:\/\/www.tecnosuissesa.com\/it\/prodotto\/fresatrice-per-metalli-orion-2-0\/#primaryimage\"},\"thumbnailUrl\":\"https:\/\/www.tecnosuissesa.com\/wp-content\/uploads\/2017\/09\/ORION-2.0-1.jpg\",\"datePublished\":\"2017-09-21T14:09:08+00:00\",\"breadcrumb\":{\"@id\":\"https:\/\/www.tecnosuissesa.com\/it\/prodotto\/fresatrice-per-metalli-orion-2-0\/#breadcrumb\"},\"inLanguage\":\"it-IT\",\"potentialAction\":[{\"@type\":\"ReadAction\",\"target\":[\"https:\/\/www.tecnosuissesa.com\/it\/prodotto\/fresatrice-per-metalli-orion-2-0\/\"]}]},{\"@type\":\"ImageObject\",\"inLanguage\":\"it-IT\",\"@id\":\"https:\/\/www.tecnosuissesa.com\/it\/prodotto\/fresatrice-per-metalli-orion-2-0\/#primaryimage\",\"url\":\"https:\/\/www.tecnosuissesa.com\/wp-content\/uploads\/2017\/09\/ORION-2.0-1.jpg\",\"contentUrl\":\"https:\/\/www.tecnosuissesa.com\/wp-content\/uploads\/2017\/09\/ORION-2.0-1.jpg\",\"width\":1024,\"height\":768,\"caption\":\"ORION 2.0-1\"},{\"@type\":\"BreadcrumbList\",\"@id\":\"https:\/\/www.tecnosuissesa.com\/it\/prodotto\/fresatrice-per-metalli-orion-2-0\/#breadcrumb\",\"itemListElement\":[{\"@type\":\"ListItem\",\"position\":1,\"name\":\"Home\",\"item\":\"https:\/\/www.tecnosuissesa.com\/it\/\"},{\"@type\":\"ListItem\",\"position\":2,\"name\":\"Vendita di Macchine Utensili per Legno e per Metalli\",\"item\":\"https:\/\/www.tecnosuissesa.com\/it\/vendita-macchine-utensili\/\"},{\"@type\":\"ListItem\",\"position\":3,\"name\":\"Fresatrice per metalli Orion 2.0\"}]},{\"@type\":\"WebSite\",\"@id\":\"https:\/\/www.tecnosuissesa.com\/it\/#website\",\"url\":\"https:\/\/www.tecnosuissesa.com\/it\/\",\"name\":\"Tecnosuisse\",\"description\":\"Macchine Utensili per Legno e Metalli\",\"publisher\":{\"@id\":\"https:\/\/www.tecnosuissesa.com\/it\/#organization\"},\"potentialAction\":[{\"@type\":\"SearchAction\",\"target\":{\"@type\":\"EntryPoint\",\"urlTemplate\":\"https:\/\/www.tecnosuissesa.com\/it\/?s={search_term_string}\"},\"query-input\":{\"@type\":\"PropertyValueSpecification\",\"valueRequired\":true,\"valueName\":\"search_term_string\"}}],\"inLanguage\":\"it-IT\"},{\"@type\":\"Organization\",\"@id\":\"https:\/\/www.tecnosuissesa.com\/it\/#organization\",\"name\":\"Tecnosuisse\",\"url\":\"https:\/\/www.tecnosuissesa.com\/it\/\",\"logo\":{\"@type\":\"ImageObject\",\"inLanguage\":\"it-IT\",\"@id\":\"https:\/\/www.tecnosuissesa.com\/it\/#\/schema\/logo\/image\/\",\"url\":\"https:\/\/www.tecnosuissesa.com\/wp-content\/uploads\/2017\/08\/Logo_TecnoSuisse_627x627.png\",\"contentUrl\":\"https:\/\/www.tecnosuissesa.com\/wp-content\/uploads\/2017\/08\/Logo_TecnoSuisse_627x627.png\",\"width\":627,\"height\":627,\"caption\":\"Tecnosuisse\"},\"image\":{\"@id\":\"https:\/\/www.tecnosuissesa.com\/it\/#\/schema\/logo\/image\/\"},\"sameAs\":[\"https:\/\/www.facebook.com\/tecnosuisse\/\",\"https:\/\/www.youtube.com\/channel\/UCSoxFNkw8ZiE4jP9OY8AdFg\"]}]}<\/script>\n<!-- \/ Yoast SEO plugin. -->","yoast_head_json":{"title":"Fresatrice per metalli Orion 2.0 - Tecnosuisse","robots":{"index":"index","follow":"follow","max-snippet":"max-snippet:-1","max-image-preview":"max-image-preview:large","max-video-preview":"max-video-preview:-1"},"canonical":"https:\/\/www.tecnosuissesa.com\/it\/prodotto\/fresatrice-per-metalli-orion-2-0\/","og_locale":"it_IT","og_type":"article","og_title":"Fresatrice per metalli Orion 2.0 - Tecnosuisse","og_description":"Fresatrice per metalli con velocit\u00e0 variabili alimentata da un motore elettrico monofase con potenza di 850 W","og_url":"https:\/\/www.tecnosuissesa.com\/it\/prodotto\/fresatrice-per-metalli-orion-2-0\/","og_site_name":"Tecnosuisse","article_publisher":"https:\/\/www.facebook.com\/tecnosuisse\/","og_image":[{"width":1024,"height":768,"url":"https:\/\/www.tecnosuissesa.com\/wp-content\/uploads\/2017\/09\/ORION-2.0-1.jpg","type":"image\/jpeg"}],"twitter_card":"summary_large_image","twitter_misc":{"Tempo di lettura stimato":"1 minuto"},"schema":{"@context":"https:\/\/schema.org","@graph":[{"@type":"WebPage","@id":"https:\/\/www.tecnosuissesa.com\/it\/prodotto\/fresatrice-per-metalli-orion-2-0\/","url":"https:\/\/www.tecnosuissesa.com\/it\/prodotto\/fresatrice-per-metalli-orion-2-0\/","name":"Fresatrice per metalli Orion 2.0 - Tecnosuisse","isPartOf":{"@id":"https:\/\/www.tecnosuissesa.com\/it\/#website"},"primaryImageOfPage":{"@id":"https:\/\/www.tecnosuissesa.com\/it\/prodotto\/fresatrice-per-metalli-orion-2-0\/#primaryimage"},"image":{"@id":"https:\/\/www.tecnosuissesa.com\/it\/prodotto\/fresatrice-per-metalli-orion-2-0\/#primaryimage"},"thumbnailUrl":"https:\/\/www.tecnosuissesa.com\/wp-content\/uploads\/2017\/09\/ORION-2.0-1.jpg","datePublished":"2017-09-21T14:09:08+00:00","breadcrumb":{"@id":"https:\/\/www.tecnosuissesa.com\/it\/prodotto\/fresatrice-per-metalli-orion-2-0\/#breadcrumb"},"inLanguage":"it-IT","potentialAction":[{"@type":"ReadAction","target":["https:\/\/www.tecnosuissesa.com\/it\/prodotto\/fresatrice-per-metalli-orion-2-0\/"]}]},{"@type":"ImageObject","inLanguage":"it-IT","@id":"https:\/\/www.tecnosuissesa.com\/it\/prodotto\/fresatrice-per-metalli-orion-2-0\/#primaryimage","url":"https:\/\/www.tecnosuissesa.com\/wp-content\/uploads\/2017\/09\/ORION-2.0-1.jpg","contentUrl":"https:\/\/www.tecnosuissesa.com\/wp-content\/uploads\/2017\/09\/ORION-2.0-1.jpg","width":1024,"height":768,"caption":"ORION 2.0-1"},{"@type":"BreadcrumbList","@id":"https:\/\/www.tecnosuissesa.com\/it\/prodotto\/fresatrice-per-metalli-orion-2-0\/#breadcrumb","itemListElement":[{"@type":"ListItem","position":1,"name":"Home","item":"https:\/\/www.tecnosuissesa.com\/it\/"},{"@type":"ListItem","position":2,"name":"Vendita di Macchine Utensili per Legno e per Metalli","item":"https:\/\/www.tecnosuissesa.com\/it\/vendita-macchine-utensili\/"},{"@type":"ListItem","position":3,"name":"Fresatrice per metalli Orion 2.0"}]},{"@type":"WebSite","@id":"https:\/\/www.tecnosuissesa.com\/it\/#website","url":"https:\/\/www.tecnosuissesa.com\/it\/","name":"Tecnosuisse","description":"Macchine Utensili per Legno e Metalli","publisher":{"@id":"https:\/\/www.tecnosuissesa.com\/it\/#organization"},"potentialAction":[{"@type":"SearchAction","target":{"@type":"EntryPoint","urlTemplate":"https:\/\/www.tecnosuissesa.com\/it\/?s={search_term_string}"},"query-input":{"@type":"PropertyValueSpecification","valueRequired":true,"valueName":"search_term_string"}}],"inLanguage":"it-IT"},{"@type":"Organization","@id":"https:\/\/www.tecnosuissesa.com\/it\/#organization","name":"Tecnosuisse","url":"https:\/\/www.tecnosuissesa.com\/it\/","logo":{"@type":"ImageObject","inLanguage":"it-IT","@id":"https:\/\/www.tecnosuissesa.com\/it\/#\/schema\/logo\/image\/","url":"https:\/\/www.tecnosuissesa.com\/wp-content\/uploads\/2017\/08\/Logo_TecnoSuisse_627x627.png","contentUrl":"https:\/\/www.tecnosuissesa.com\/wp-content\/uploads\/2017\/08\/Logo_TecnoSuisse_627x627.png","width":627,"height":627,"caption":"Tecnosuisse"},"image":{"@id":"https:\/\/www.tecnosuissesa.com\/it\/#\/schema\/logo\/image\/"},"sameAs":["https:\/\/www.facebook.com\/tecnosuisse\/","https:\/\/www.youtube.com\/channel\/UCSoxFNkw8ZiE4jP9OY8AdFg"]}]}},"_links":{"self":[{"href":"https:\/\/www.tecnosuissesa.com\/it\/wp-json\/wp\/v2\/product\/879","targetHints":{"allow":["GET"]}}],"collection":[{"href":"https:\/\/www.tecnosuissesa.com\/it\/wp-json\/wp\/v2\/product"}],"about":[{"href":"https:\/\/www.tecnosuissesa.com\/it\/wp-json\/wp\/v2\/types\/product"}],"replies":[{"embeddable":true,"href":"https:\/\/www.tecnosuissesa.com\/it\/wp-json\/wp\/v2\/comments?post=879"}],"wp:featuredmedia":[{"embeddable":true,"href":"https:\/\/www.tecnosuissesa.com\/it\/wp-json\/wp\/v2\/media\/880"}],"wp:attachment":[{"href":"https:\/\/www.tecnosuissesa.com\/it\/wp-json\/wp\/v2\/media?parent=879"}],"wp:term":[{"taxonomy":"product_brand","embeddable":true,"href":"https:\/\/www.tecnosuissesa.com\/it\/wp-json\/wp\/v2\/product_brand?post=879"},{"taxonomy":"product_cat","embeddable":true,"href":"https:\/\/www.tecnosuissesa.com\/it\/wp-json\/wp\/v2\/product_cat?post=879"},{"taxonomy":"product_tag","embeddable":true,"href":"https:\/\/www.tecnosuissesa.com\/it\/wp-json\/wp\/v2\/product_tag?post=879"}],"curies":[{"name":"wp","href":"https:\/\/api.w.org\/{rel}","templated":true}]}}