{"id":687,"date":"2017-09-18T14:12:26","date_gmt":"2017-09-18T12:12:26","guid":{"rendered":"https:\/\/www.tecnosuissesa.com\/?post_type=product&#038;p=687"},"modified":"2017-09-18T15:35:41","modified_gmt":"2017-09-18T13:35:41","slug":"sega-a-nastro-per-legno-prima-45","status":"publish","type":"product","link":"https:\/\/www.tecnosuissesa.com\/it\/product\/sega-a-nastro-per-legno-prima-45\/","title":{"rendered":"Sega a nastro per legno Prima 45"},"content":{"rendered":"<p>E&#8217; una sega a nastro di tipo professionale in quanto dotata di piani e volani in ghisa, carpenteria in acciaio carenato e guida lama millimetrata al alta precisione. Il diametro dei volani di questa sega \u00e8 di 450 mm ed il motore che alimenta la macchina \u00e8 un potente monofase a 3 cavalli (2200 W). Il piano sega \u00e8 di tipo inclinabile e viene venduto in configurazione standard gi\u00e0 con guida e goniometro. Nella parte inferiore \u00e8 presente un bocchettone dove poter collegare un aspiratore con tubo di diametro 100 mm. La macchina viene venduta in configurazione standard con una lama larga 20 mm. Opzionalmente \u00e8 possibile ordinare lame di altre larghezze.<\/p>\n<div id=\"article\">\n<div id=\"tavola-tecnica\">\n<table border=\"1\" width=\"100%\" cellspacing=\"0\" cellpadding=\"0\">\n<tbody>\n<tr>\n<td colspan=\"2\" valign=\"top\">\n<div align=\"center\"><strong>DATI TECNICI<\/strong><\/div>\n<\/td>\n<\/tr>\n<tr>\n<td colspan=\"2\"><strong>DIMENSIONI DI INGOMBRO MACCHINA<\/strong><\/td>\n<\/tr>\n<tr>\n<td width=\"415\">Dimensioni di ingombro macchina<\/td>\n<td width=\"414\">800 mm (lunghezza) x 600 mm (larghezza) x 1790 mm (altezza)<\/td>\n<\/tr>\n<tr>\n<td>Peso netto della macchina<\/td>\n<td>240 Kg<\/td>\n<\/tr>\n<tr>\n<td>Peso lordo (macchina nell&#8217;imballo)<\/td>\n<td>290 Kg<\/td>\n<\/tr>\n<tr>\n<td colspan=\"2\"><strong>SPECIFICHE SEGA A NASTRO<\/strong><\/td>\n<\/tr>\n<tr>\n<td>Dimensione piano<\/td>\n<td>740 x 500 mm<\/td>\n<\/tr>\n<tr>\n<td>Tipologia piano<\/td>\n<td>In ghisa inclinabile da 0\u00b0 a 21\u00b0<\/td>\n<\/tr>\n<tr>\n<td>Diametro Volani<\/td>\n<td>450 mm<\/td>\n<\/tr>\n<tr>\n<td>Distanza orizzontale tra lama e supporto volani<\/td>\n<td>450 mm<\/td>\n<\/tr>\n<tr>\n<td>Massima altezza di taglio verticale<\/td>\n<td>260 mm<\/td>\n<\/tr>\n<tr>\n<td>Sviluppo lama<\/td>\n<td>3290 mm<\/td>\n<\/tr>\n<tr>\n<td>Larghezza lama data in dotazione<\/td>\n<td>20 mm<\/td>\n<\/tr>\n<tr>\n<td>Larghezza massima lama montabile<\/td>\n<td>32 mm<\/td>\n<\/tr>\n<tr>\n<td>Goniometro per tagli angolati<\/td>\n<td>Presente<\/td>\n<\/tr>\n<tr>\n<td>Guida millimetrata<\/td>\n<td>Presente<\/td>\n<\/tr>\n<tr>\n<td colspan=\"2\"><strong>MOTORE<\/strong><\/td>\n<\/tr>\n<tr>\n<td>Potenza<\/td>\n<td>2200 W<\/td>\n<\/tr>\n<tr>\n<td>Tipologia<\/td>\n<td>Monofase (220 V)<\/td>\n<\/tr>\n<tr>\n<td>Frequenza<\/td>\n<td>50 Hz<\/td>\n<\/tr>\n<tr>\n<td>Salvamotore<\/td>\n<td>Presente<\/td>\n<\/tr>\n<\/tbody>\n<\/table>\n<\/div>\n<\/div>\n","protected":false},"excerpt":{"rendered":"<p>Sega a nastro per legno Prima 45 Sega elettrica per legno con Volani in ghisa da 450 mm di diametro e motore monofase da 2200 W (a richiesta disponibile in versione trifase)<\/p>\n","protected":false},"featured_media":711,"comment_status":"open","ping_status":"closed","template":"","meta":[],"product_brand":[],"product_cat":[17],"product_tag":[],"class_list":{"0":"post-687","1":"product","2":"type-product","3":"status-publish","4":"has-post-thumbnail","6":"product_cat-seghe-a-nastro","8":"first","9":"instock","10":"shipping-taxable","11":"purchasable","12":"product-type-simple"},"yoast_head":"<!-- This site is optimized with the Yoast SEO plugin v27.1 - https:\/\/yoast.com\/product\/yoast-seo-wordpress\/ -->\n<title>Sega a nastro per legno Prima 45 - Tecnosuisse<\/title>\n<meta name=\"robots\" content=\"index, follow, max-snippet:-1, max-image-preview:large, max-video-preview:-1\" \/>\n<link rel=\"canonical\" href=\"https:\/\/www.tecnosuissesa.com\/it\/product\/sega-a-nastro-per-legno-prima-45\/\" \/>\n<meta property=\"og:locale\" content=\"it_IT\" \/>\n<meta property=\"og:type\" content=\"article\" \/>\n<meta property=\"og:title\" content=\"Sega a nastro per legno Prima 45 - Tecnosuisse\" \/>\n<meta property=\"og:description\" content=\"Sega a nastro per legno Prima 45 Sega elettrica per legno con Volani in ghisa da 450 mm di diametro e motore monofase da 2200 W (a richiesta disponibile in versione trifase)\" \/>\n<meta property=\"og:url\" content=\"https:\/\/www.tecnosuissesa.com\/it\/product\/sega-a-nastro-per-legno-prima-45\/\" \/>\n<meta property=\"og:site_name\" content=\"Tecnosuisse\" \/>\n<meta property=\"article:publisher\" content=\"https:\/\/www.facebook.com\/tecnosuisse\/\" \/>\n<meta property=\"article:modified_time\" content=\"2017-09-18T13:35:41+00:00\" \/>\n<meta property=\"og:image\" content=\"https:\/\/www.tecnosuissesa.com\/wp-content\/uploads\/2017\/09\/SEGA-NASTRO-PRIMA-45-0.jpg\" \/>\n\t<meta property=\"og:image:width\" content=\"1024\" \/>\n\t<meta property=\"og:image:height\" content=\"768\" \/>\n\t<meta property=\"og:image:type\" content=\"image\/jpeg\" \/>\n<meta name=\"twitter:card\" content=\"summary_large_image\" \/>\n<meta name=\"twitter:label1\" content=\"Tempo di lettura stimato\" \/>\n\t<meta name=\"twitter:data1\" content=\"1 minuto\" \/>\n<script type=\"application\/ld+json\" class=\"yoast-schema-graph\">{\"@context\":\"https:\/\/schema.org\",\"@graph\":[{\"@type\":\"WebPage\",\"@id\":\"https:\/\/www.tecnosuissesa.com\/it\/product\/sega-a-nastro-per-legno-prima-45\/\",\"url\":\"https:\/\/www.tecnosuissesa.com\/it\/product\/sega-a-nastro-per-legno-prima-45\/\",\"name\":\"Sega a nastro per legno Prima 45 - Tecnosuisse\",\"isPartOf\":{\"@id\":\"https:\/\/www.tecnosuissesa.com\/it\/#website\"},\"primaryImageOfPage\":{\"@id\":\"https:\/\/www.tecnosuissesa.com\/it\/product\/sega-a-nastro-per-legno-prima-45\/#primaryimage\"},\"image\":{\"@id\":\"https:\/\/www.tecnosuissesa.com\/it\/product\/sega-a-nastro-per-legno-prima-45\/#primaryimage\"},\"thumbnailUrl\":\"https:\/\/www.tecnosuissesa.com\/wp-content\/uploads\/2017\/09\/SEGA-NASTRO-PRIMA-45-0.jpg\",\"datePublished\":\"2017-09-18T12:12:26+00:00\",\"dateModified\":\"2017-09-18T13:35:41+00:00\",\"breadcrumb\":{\"@id\":\"https:\/\/www.tecnosuissesa.com\/it\/product\/sega-a-nastro-per-legno-prima-45\/#breadcrumb\"},\"inLanguage\":\"it-IT\",\"potentialAction\":[{\"@type\":\"ReadAction\",\"target\":[\"https:\/\/www.tecnosuissesa.com\/it\/product\/sega-a-nastro-per-legno-prima-45\/\"]}]},{\"@type\":\"ImageObject\",\"inLanguage\":\"it-IT\",\"@id\":\"https:\/\/www.tecnosuissesa.com\/it\/product\/sega-a-nastro-per-legno-prima-45\/#primaryimage\",\"url\":\"https:\/\/www.tecnosuissesa.com\/wp-content\/uploads\/2017\/09\/SEGA-NASTRO-PRIMA-45-0.jpg\",\"contentUrl\":\"https:\/\/www.tecnosuissesa.com\/wp-content\/uploads\/2017\/09\/SEGA-NASTRO-PRIMA-45-0.jpg\",\"width\":1024,\"height\":768},{\"@type\":\"BreadcrumbList\",\"@id\":\"https:\/\/www.tecnosuissesa.com\/it\/product\/sega-a-nastro-per-legno-prima-45\/#breadcrumb\",\"itemListElement\":[{\"@type\":\"ListItem\",\"position\":1,\"name\":\"Home\",\"item\":\"https:\/\/www.tecnosuissesa.com\/it\/\"},{\"@type\":\"ListItem\",\"position\":2,\"name\":\"Vendita di Macchine Utensili per Legno e per Metalli\",\"item\":\"https:\/\/www.tecnosuissesa.com\/it\/vendita-macchine-utensili\/\"},{\"@type\":\"ListItem\",\"position\":3,\"name\":\"Sega a nastro per legno Prima 45\"}]},{\"@type\":\"WebSite\",\"@id\":\"https:\/\/www.tecnosuissesa.com\/it\/#website\",\"url\":\"https:\/\/www.tecnosuissesa.com\/it\/\",\"name\":\"Tecnosuisse\",\"description\":\"Macchine Utensili per Legno e Metalli\",\"publisher\":{\"@id\":\"https:\/\/www.tecnosuissesa.com\/it\/#organization\"},\"potentialAction\":[{\"@type\":\"SearchAction\",\"target\":{\"@type\":\"EntryPoint\",\"urlTemplate\":\"https:\/\/www.tecnosuissesa.com\/it\/?s={search_term_string}\"},\"query-input\":{\"@type\":\"PropertyValueSpecification\",\"valueRequired\":true,\"valueName\":\"search_term_string\"}}],\"inLanguage\":\"it-IT\"},{\"@type\":\"Organization\",\"@id\":\"https:\/\/www.tecnosuissesa.com\/it\/#organization\",\"name\":\"Tecnosuisse\",\"url\":\"https:\/\/www.tecnosuissesa.com\/it\/\",\"logo\":{\"@type\":\"ImageObject\",\"inLanguage\":\"it-IT\",\"@id\":\"https:\/\/www.tecnosuissesa.com\/it\/#\/schema\/logo\/image\/\",\"url\":\"https:\/\/www.tecnosuissesa.com\/wp-content\/uploads\/2017\/08\/Logo_TecnoSuisse_627x627.png\",\"contentUrl\":\"https:\/\/www.tecnosuissesa.com\/wp-content\/uploads\/2017\/08\/Logo_TecnoSuisse_627x627.png\",\"width\":627,\"height\":627,\"caption\":\"Tecnosuisse\"},\"image\":{\"@id\":\"https:\/\/www.tecnosuissesa.com\/it\/#\/schema\/logo\/image\/\"},\"sameAs\":[\"https:\/\/www.facebook.com\/tecnosuisse\/\",\"https:\/\/www.youtube.com\/channel\/UCSoxFNkw8ZiE4jP9OY8AdFg\"]}]}<\/script>\n<!-- \/ Yoast SEO plugin. -->","yoast_head_json":{"title":"Sega a nastro per legno Prima 45 - Tecnosuisse","robots":{"index":"index","follow":"follow","max-snippet":"max-snippet:-1","max-image-preview":"max-image-preview:large","max-video-preview":"max-video-preview:-1"},"canonical":"https:\/\/www.tecnosuissesa.com\/it\/product\/sega-a-nastro-per-legno-prima-45\/","og_locale":"it_IT","og_type":"article","og_title":"Sega a nastro per legno Prima 45 - Tecnosuisse","og_description":"Sega a nastro per legno Prima 45 Sega elettrica per legno con Volani in ghisa da 450 mm di diametro e motore monofase da 2200 W (a richiesta disponibile in versione trifase)","og_url":"https:\/\/www.tecnosuissesa.com\/it\/product\/sega-a-nastro-per-legno-prima-45\/","og_site_name":"Tecnosuisse","article_publisher":"https:\/\/www.facebook.com\/tecnosuisse\/","article_modified_time":"2017-09-18T13:35:41+00:00","og_image":[{"width":1024,"height":768,"url":"https:\/\/www.tecnosuissesa.com\/wp-content\/uploads\/2017\/09\/SEGA-NASTRO-PRIMA-45-0.jpg","type":"image\/jpeg"}],"twitter_card":"summary_large_image","twitter_misc":{"Tempo di lettura stimato":"1 minuto"},"schema":{"@context":"https:\/\/schema.org","@graph":[{"@type":"WebPage","@id":"https:\/\/www.tecnosuissesa.com\/it\/product\/sega-a-nastro-per-legno-prima-45\/","url":"https:\/\/www.tecnosuissesa.com\/it\/product\/sega-a-nastro-per-legno-prima-45\/","name":"Sega a nastro per legno Prima 45 - Tecnosuisse","isPartOf":{"@id":"https:\/\/www.tecnosuissesa.com\/it\/#website"},"primaryImageOfPage":{"@id":"https:\/\/www.tecnosuissesa.com\/it\/product\/sega-a-nastro-per-legno-prima-45\/#primaryimage"},"image":{"@id":"https:\/\/www.tecnosuissesa.com\/it\/product\/sega-a-nastro-per-legno-prima-45\/#primaryimage"},"thumbnailUrl":"https:\/\/www.tecnosuissesa.com\/wp-content\/uploads\/2017\/09\/SEGA-NASTRO-PRIMA-45-0.jpg","datePublished":"2017-09-18T12:12:26+00:00","dateModified":"2017-09-18T13:35:41+00:00","breadcrumb":{"@id":"https:\/\/www.tecnosuissesa.com\/it\/product\/sega-a-nastro-per-legno-prima-45\/#breadcrumb"},"inLanguage":"it-IT","potentialAction":[{"@type":"ReadAction","target":["https:\/\/www.tecnosuissesa.com\/it\/product\/sega-a-nastro-per-legno-prima-45\/"]}]},{"@type":"ImageObject","inLanguage":"it-IT","@id":"https:\/\/www.tecnosuissesa.com\/it\/product\/sega-a-nastro-per-legno-prima-45\/#primaryimage","url":"https:\/\/www.tecnosuissesa.com\/wp-content\/uploads\/2017\/09\/SEGA-NASTRO-PRIMA-45-0.jpg","contentUrl":"https:\/\/www.tecnosuissesa.com\/wp-content\/uploads\/2017\/09\/SEGA-NASTRO-PRIMA-45-0.jpg","width":1024,"height":768},{"@type":"BreadcrumbList","@id":"https:\/\/www.tecnosuissesa.com\/it\/product\/sega-a-nastro-per-legno-prima-45\/#breadcrumb","itemListElement":[{"@type":"ListItem","position":1,"name":"Home","item":"https:\/\/www.tecnosuissesa.com\/it\/"},{"@type":"ListItem","position":2,"name":"Vendita di Macchine Utensili per Legno e per Metalli","item":"https:\/\/www.tecnosuissesa.com\/it\/vendita-macchine-utensili\/"},{"@type":"ListItem","position":3,"name":"Sega a nastro per legno Prima 45"}]},{"@type":"WebSite","@id":"https:\/\/www.tecnosuissesa.com\/it\/#website","url":"https:\/\/www.tecnosuissesa.com\/it\/","name":"Tecnosuisse","description":"Macchine Utensili per Legno e Metalli","publisher":{"@id":"https:\/\/www.tecnosuissesa.com\/it\/#organization"},"potentialAction":[{"@type":"SearchAction","target":{"@type":"EntryPoint","urlTemplate":"https:\/\/www.tecnosuissesa.com\/it\/?s={search_term_string}"},"query-input":{"@type":"PropertyValueSpecification","valueRequired":true,"valueName":"search_term_string"}}],"inLanguage":"it-IT"},{"@type":"Organization","@id":"https:\/\/www.tecnosuissesa.com\/it\/#organization","name":"Tecnosuisse","url":"https:\/\/www.tecnosuissesa.com\/it\/","logo":{"@type":"ImageObject","inLanguage":"it-IT","@id":"https:\/\/www.tecnosuissesa.com\/it\/#\/schema\/logo\/image\/","url":"https:\/\/www.tecnosuissesa.com\/wp-content\/uploads\/2017\/08\/Logo_TecnoSuisse_627x627.png","contentUrl":"https:\/\/www.tecnosuissesa.com\/wp-content\/uploads\/2017\/08\/Logo_TecnoSuisse_627x627.png","width":627,"height":627,"caption":"Tecnosuisse"},"image":{"@id":"https:\/\/www.tecnosuissesa.com\/it\/#\/schema\/logo\/image\/"},"sameAs":["https:\/\/www.facebook.com\/tecnosuisse\/","https:\/\/www.youtube.com\/channel\/UCSoxFNkw8ZiE4jP9OY8AdFg"]}]}},"_links":{"self":[{"href":"https:\/\/www.tecnosuissesa.com\/it\/wp-json\/wp\/v2\/product\/687","targetHints":{"allow":["GET"]}}],"collection":[{"href":"https:\/\/www.tecnosuissesa.com\/it\/wp-json\/wp\/v2\/product"}],"about":[{"href":"https:\/\/www.tecnosuissesa.com\/it\/wp-json\/wp\/v2\/types\/product"}],"replies":[{"embeddable":true,"href":"https:\/\/www.tecnosuissesa.com\/it\/wp-json\/wp\/v2\/comments?post=687"}],"wp:featuredmedia":[{"embeddable":true,"href":"https:\/\/www.tecnosuissesa.com\/it\/wp-json\/wp\/v2\/media\/711"}],"wp:attachment":[{"href":"https:\/\/www.tecnosuissesa.com\/it\/wp-json\/wp\/v2\/media?parent=687"}],"wp:term":[{"taxonomy":"product_brand","embeddable":true,"href":"https:\/\/www.tecnosuissesa.com\/it\/wp-json\/wp\/v2\/product_brand?post=687"},{"taxonomy":"product_cat","embeddable":true,"href":"https:\/\/www.tecnosuissesa.com\/it\/wp-json\/wp\/v2\/product_cat?post=687"},{"taxonomy":"product_tag","embeddable":true,"href":"https:\/\/www.tecnosuissesa.com\/it\/wp-json\/wp\/v2\/product_tag?post=687"}],"curies":[{"name":"wp","href":"https:\/\/api.w.org\/{rel}","templated":true}]}}