{"id":358,"date":"2017-08-25T12:09:54","date_gmt":"2017-08-25T10:09:54","guid":{"rendered":"https:\/\/www.tecnosuissesa.com\/?post_type=product&#038;p=358\/"},"modified":"2017-09-27T11:06:10","modified_gmt":"2017-09-27T09:06:10","slug":"combinata-per-legno-minimax-lab-300-plus","status":"publish","type":"product","link":"https:\/\/www.tecnosuissesa.com\/it\/product\/combinata-per-legno-minimax-lab-300-plus\/","title":{"rendered":"Combinata per legno MiniMax Lab 300 Plus"},"content":{"rendered":"<p>Combinata universale con tutta la qualit\u00e0 Minimax al prezzo pi\u00f9 accessibile, ideale per hobbisti esigenti e laboratori artigianali. Dotata di piani in ghisa, carro a squadrare posto su vagone in alluminio anodizzato con corsa utile da 1660 mm, diametro massimo lama 315 mm con incisore e gruppo toupie con utensile max. \u00d8 180 mm rientrante sotto al piano. Miglior supporto nel taglio, grazie al carro scorrevole da 270 mm. Apertura dei piani a filo a 90\u00b0 verso l\u2019interno della macchina, per lavorare pi\u00f9 agevolmente. n\u00b03 motori trifase indipendenti da 4\/3 Hp, toupie a 3 velocit\u00e0, gruppo sega inclinabile e cavatrice tridimensionale. Tutte le Combinate per la lavorazione del legno hanno in dotazione guide in estruso anodizzato con supporto e bloccaggio rapido, e un efficiente sistema di traino per la pialla.<\/p>\n<table width=\"488\">\n<tbody>\n<tr>\n<td colspan=\"3\"><strong>Dimensioni imballo<br \/>\n<\/strong><\/td>\n<\/tr>\n<tr>\n<td colspan=\"3\">1700x1150x1400 mm<\/td>\n<\/tr>\n<tr>\n<td colspan=\"3\">Kg. 500<\/td>\n<\/tr>\n<tr>\n<td colspan=\"3\"><strong>Sega circolare<\/strong><\/td>\n<\/tr>\n<tr>\n<td>Lama diametro max<\/td>\n<td>mm<\/td>\n<td>315<\/td>\n<\/tr>\n<tr>\n<td>Foro lama<\/td>\n<td>mm<\/td>\n<td>30<\/td>\n<\/tr>\n<tr>\n<td>Altezza taglio 90\u00b0<\/td>\n<td>mm<\/td>\n<td>100<\/td>\n<\/tr>\n<tr>\n<td>Altezza taglio 45\u00b0<\/td>\n<td>mm<\/td>\n<td>78<\/td>\n<\/tr>\n<tr>\n<td>velocit\u00e0 lama<\/td>\n<td>g\/1&#8242;<\/td>\n<td>3500<\/td>\n<\/tr>\n<tr>\n<td>Dimensione piano sega\/toupie<\/td>\n<td>mm<\/td>\n<td>1020 x 326<\/td>\n<\/tr>\n<tr>\n<td>Corsa utile del carro standard<\/td>\n<td>mm<\/td>\n<td>1600<\/td>\n<\/tr>\n<tr>\n<td colspan=\"3\"><strong>Pialla a filo\u00a0<\/strong><\/td>\n<\/tr>\n<tr>\n<td>Piani di lavoro<\/td>\n<td>mm<\/td>\n<td>300&#215;1300<\/td>\n<\/tr>\n<tr>\n<td>Velocit\u00e0 rotazione albero<\/td>\n<td>g\/1&#8242;<\/td>\n<td>5200<\/td>\n<\/tr>\n<tr>\n<td>Numero dei coltelli<\/td>\n<td><\/td>\n<td>3<\/td>\n<\/tr>\n<tr>\n<td>Diametro albero portacoltelli<\/td>\n<td>mm<\/td>\n<td>72<\/td>\n<\/tr>\n<tr>\n<td>Dimensioni coltelli<\/td>\n<td>mm<\/td>\n<td>300x30x3<\/td>\n<\/tr>\n<tr>\n<td colspan=\"3\"><strong>Pialla a spessore<\/strong><\/td>\n<\/tr>\n<tr>\n<td>Piano di lavoro<\/td>\n<td>mm<\/td>\n<td>300&#215;450<\/td>\n<\/tr>\n<tr>\n<td>Spessore max. passata<\/td>\n<td>mm<\/td>\n<td>3<\/td>\n<\/tr>\n<tr>\n<td>Velocit\u00e0 avanzamento<\/td>\n<td>m\/1&#8242;<\/td>\n<td>7<\/td>\n<\/tr>\n<tr>\n<td>Passaggio legno max<\/td>\n<td>mm<\/td>\n<td>220<\/td>\n<\/tr>\n<tr>\n<td>Passaggio legno min.<\/td>\n<td>mm<\/td>\n<td>3<\/td>\n<\/tr>\n<tr>\n<td>Rotazione albero<\/td>\n<td>g\/1&#8242;<\/td>\n<td>5200<\/td>\n<\/tr>\n<tr>\n<td colspan=\"3\"><strong>Toupie (Fresatrice verticale)<\/strong><\/td>\n<\/tr>\n<tr>\n<td>Velocit\u00e0 di rotazione<\/td>\n<td>g\/min<\/td>\n<td>3500\/7500\/10000<\/td>\n<\/tr>\n<tr>\n<td>Diametro albero<\/td>\n<td>mm<\/td>\n<td>30\/35\/40\/50<\/td>\n<\/tr>\n<tr>\n<td>Lunghezza albero fuori piano<\/td>\n<td>mm<\/td>\n<td>100<\/td>\n<\/tr>\n<tr>\n<td>Diametro max utensile<\/td>\n<td>mm<\/td>\n<td>180\/275<\/td>\n<\/tr>\n<tr>\n<td>Potenza motori 380V(trifasi)<\/td>\n<td>HP\/CV<\/td>\n<td>4\/3<\/td>\n<\/tr>\n<\/tbody>\n<\/table>\n","protected":false},"excerpt":{"rendered":"<p>Combinata per legno a 7 funzioni indipendenti qualit\u00e0 MiniMax Lab 300 Plus Combinata universale con tutta la qualit\u00e0 MiniMax al prezzo pi\u00f9 accessibile, ideale per hobbisti esigenti e laboratori artigianali. Dotata di piani in ghisa, carro a squadrare posto su vagone in alluminio anodizzato con corsa utile da 1660 mm<\/p>\n","protected":false},"featured_media":359,"comment_status":"open","ping_status":"closed","template":"","meta":[],"product_brand":[],"product_cat":[16],"product_tag":[70,71],"class_list":{"0":"post-358","1":"product","2":"type-product","3":"status-publish","4":"has-post-thumbnail","6":"product_cat-combinate-per-legno","7":"product_tag-combinata-per-legno","8":"product_tag-combinata-professionale","9":"product_shipping_class-classe-2","11":"first","12":"instock","13":"shipping-taxable","14":"purchasable","15":"product-type-simple"},"yoast_head":"<!-- This site is optimized with the Yoast SEO plugin v27.1 - https:\/\/yoast.com\/product\/yoast-seo-wordpress\/ -->\n<title>Combinata per legno MiniMax Lab 300 Plus - Tecnosuisse<\/title>\n<meta name=\"robots\" content=\"index, follow, max-snippet:-1, max-image-preview:large, max-video-preview:-1\" \/>\n<link rel=\"canonical\" href=\"https:\/\/www.tecnosuissesa.com\/it\/product\/combinata-per-legno-minimax-lab-300-plus\/\" \/>\n<meta property=\"og:locale\" content=\"it_IT\" \/>\n<meta property=\"og:type\" content=\"article\" \/>\n<meta property=\"og:title\" content=\"Combinata per legno MiniMax Lab 300 Plus - Tecnosuisse\" \/>\n<meta property=\"og:description\" content=\"Combinata per legno a 7 funzioni indipendenti qualit\u00e0 MiniMax Lab 300 Plus Combinata universale con tutta la qualit\u00e0 MiniMax al prezzo pi\u00f9 accessibile, ideale per hobbisti esigenti e laboratori artigianali. Dotata di piani in ghisa, carro a squadrare posto su vagone in alluminio anodizzato con corsa utile da 1660 mm\" \/>\n<meta property=\"og:url\" content=\"https:\/\/www.tecnosuissesa.com\/it\/product\/combinata-per-legno-minimax-lab-300-plus\/\" \/>\n<meta property=\"og:site_name\" content=\"Tecnosuisse\" \/>\n<meta property=\"article:publisher\" content=\"https:\/\/www.facebook.com\/tecnosuisse\/\" \/>\n<meta property=\"article:modified_time\" content=\"2017-09-27T09:06:10+00:00\" \/>\n<meta property=\"og:image\" content=\"https:\/\/www.tecnosuissesa.com\/wp-content\/uploads\/2017\/08\/combinata-per-legno-minimax-lab-300-plus-6.jpg\" \/>\n\t<meta property=\"og:image:width\" content=\"800\" \/>\n\t<meta property=\"og:image:height\" content=\"800\" \/>\n\t<meta property=\"og:image:type\" content=\"image\/jpeg\" \/>\n<meta name=\"twitter:card\" content=\"summary_large_image\" \/>\n<meta name=\"twitter:label1\" content=\"Tempo di lettura stimato\" \/>\n\t<meta name=\"twitter:data1\" content=\"1 minuto\" \/>\n<script type=\"application\/ld+json\" class=\"yoast-schema-graph\">{\"@context\":\"https:\/\/schema.org\",\"@graph\":[{\"@type\":\"WebPage\",\"@id\":\"https:\/\/www.tecnosuissesa.com\/it\/product\/combinata-per-legno-minimax-lab-300-plus\/\",\"url\":\"https:\/\/www.tecnosuissesa.com\/it\/product\/combinata-per-legno-minimax-lab-300-plus\/\",\"name\":\"Combinata per legno MiniMax Lab 300 Plus - Tecnosuisse\",\"isPartOf\":{\"@id\":\"https:\/\/www.tecnosuissesa.com\/it\/#website\"},\"primaryImageOfPage\":{\"@id\":\"https:\/\/www.tecnosuissesa.com\/it\/product\/combinata-per-legno-minimax-lab-300-plus\/#primaryimage\"},\"image\":{\"@id\":\"https:\/\/www.tecnosuissesa.com\/it\/product\/combinata-per-legno-minimax-lab-300-plus\/#primaryimage\"},\"thumbnailUrl\":\"https:\/\/www.tecnosuissesa.com\/wp-content\/uploads\/2017\/08\/combinata-per-legno-minimax-lab-300-plus-6.jpg\",\"datePublished\":\"2017-08-25T10:09:54+00:00\",\"dateModified\":\"2017-09-27T09:06:10+00:00\",\"breadcrumb\":{\"@id\":\"https:\/\/www.tecnosuissesa.com\/it\/product\/combinata-per-legno-minimax-lab-300-plus\/#breadcrumb\"},\"inLanguage\":\"it-IT\",\"potentialAction\":[{\"@type\":\"ReadAction\",\"target\":[\"https:\/\/www.tecnosuissesa.com\/it\/product\/combinata-per-legno-minimax-lab-300-plus\/\"]}]},{\"@type\":\"ImageObject\",\"inLanguage\":\"it-IT\",\"@id\":\"https:\/\/www.tecnosuissesa.com\/it\/product\/combinata-per-legno-minimax-lab-300-plus\/#primaryimage\",\"url\":\"https:\/\/www.tecnosuissesa.com\/wp-content\/uploads\/2017\/08\/combinata-per-legno-minimax-lab-300-plus-6.jpg\",\"contentUrl\":\"https:\/\/www.tecnosuissesa.com\/wp-content\/uploads\/2017\/08\/combinata-per-legno-minimax-lab-300-plus-6.jpg\",\"width\":800,\"height\":800},{\"@type\":\"BreadcrumbList\",\"@id\":\"https:\/\/www.tecnosuissesa.com\/it\/product\/combinata-per-legno-minimax-lab-300-plus\/#breadcrumb\",\"itemListElement\":[{\"@type\":\"ListItem\",\"position\":1,\"name\":\"Home\",\"item\":\"https:\/\/www.tecnosuissesa.com\/it\/\"},{\"@type\":\"ListItem\",\"position\":2,\"name\":\"Vendita di Macchine Utensili per Legno e per Metalli\",\"item\":\"https:\/\/www.tecnosuissesa.com\/it\/vendita-macchine-utensili\/\"},{\"@type\":\"ListItem\",\"position\":3,\"name\":\"Combinata per legno MiniMax Lab 300 Plus\"}]},{\"@type\":\"WebSite\",\"@id\":\"https:\/\/www.tecnosuissesa.com\/it\/#website\",\"url\":\"https:\/\/www.tecnosuissesa.com\/it\/\",\"name\":\"Tecnosuisse\",\"description\":\"Macchine Utensili per Legno e Metalli\",\"publisher\":{\"@id\":\"https:\/\/www.tecnosuissesa.com\/it\/#organization\"},\"potentialAction\":[{\"@type\":\"SearchAction\",\"target\":{\"@type\":\"EntryPoint\",\"urlTemplate\":\"https:\/\/www.tecnosuissesa.com\/it\/?s={search_term_string}\"},\"query-input\":{\"@type\":\"PropertyValueSpecification\",\"valueRequired\":true,\"valueName\":\"search_term_string\"}}],\"inLanguage\":\"it-IT\"},{\"@type\":\"Organization\",\"@id\":\"https:\/\/www.tecnosuissesa.com\/it\/#organization\",\"name\":\"Tecnosuisse\",\"url\":\"https:\/\/www.tecnosuissesa.com\/it\/\",\"logo\":{\"@type\":\"ImageObject\",\"inLanguage\":\"it-IT\",\"@id\":\"https:\/\/www.tecnosuissesa.com\/it\/#\/schema\/logo\/image\/\",\"url\":\"https:\/\/www.tecnosuissesa.com\/wp-content\/uploads\/2017\/08\/Logo_TecnoSuisse_627x627.png\",\"contentUrl\":\"https:\/\/www.tecnosuissesa.com\/wp-content\/uploads\/2017\/08\/Logo_TecnoSuisse_627x627.png\",\"width\":627,\"height\":627,\"caption\":\"Tecnosuisse\"},\"image\":{\"@id\":\"https:\/\/www.tecnosuissesa.com\/it\/#\/schema\/logo\/image\/\"},\"sameAs\":[\"https:\/\/www.facebook.com\/tecnosuisse\/\",\"https:\/\/www.youtube.com\/channel\/UCSoxFNkw8ZiE4jP9OY8AdFg\"]}]}<\/script>\n<!-- \/ Yoast SEO plugin. -->","yoast_head_json":{"title":"Combinata per legno MiniMax Lab 300 Plus - Tecnosuisse","robots":{"index":"index","follow":"follow","max-snippet":"max-snippet:-1","max-image-preview":"max-image-preview:large","max-video-preview":"max-video-preview:-1"},"canonical":"https:\/\/www.tecnosuissesa.com\/it\/product\/combinata-per-legno-minimax-lab-300-plus\/","og_locale":"it_IT","og_type":"article","og_title":"Combinata per legno MiniMax Lab 300 Plus - Tecnosuisse","og_description":"Combinata per legno a 7 funzioni indipendenti qualit\u00e0 MiniMax Lab 300 Plus Combinata universale con tutta la qualit\u00e0 MiniMax al prezzo pi\u00f9 accessibile, ideale per hobbisti esigenti e laboratori artigianali. Dotata di piani in ghisa, carro a squadrare posto su vagone in alluminio anodizzato con corsa utile da 1660 mm","og_url":"https:\/\/www.tecnosuissesa.com\/it\/product\/combinata-per-legno-minimax-lab-300-plus\/","og_site_name":"Tecnosuisse","article_publisher":"https:\/\/www.facebook.com\/tecnosuisse\/","article_modified_time":"2017-09-27T09:06:10+00:00","og_image":[{"width":800,"height":800,"url":"https:\/\/www.tecnosuissesa.com\/wp-content\/uploads\/2017\/08\/combinata-per-legno-minimax-lab-300-plus-6.jpg","type":"image\/jpeg"}],"twitter_card":"summary_large_image","twitter_misc":{"Tempo di lettura stimato":"1 minuto"},"schema":{"@context":"https:\/\/schema.org","@graph":[{"@type":"WebPage","@id":"https:\/\/www.tecnosuissesa.com\/it\/product\/combinata-per-legno-minimax-lab-300-plus\/","url":"https:\/\/www.tecnosuissesa.com\/it\/product\/combinata-per-legno-minimax-lab-300-plus\/","name":"Combinata per legno MiniMax Lab 300 Plus - Tecnosuisse","isPartOf":{"@id":"https:\/\/www.tecnosuissesa.com\/it\/#website"},"primaryImageOfPage":{"@id":"https:\/\/www.tecnosuissesa.com\/it\/product\/combinata-per-legno-minimax-lab-300-plus\/#primaryimage"},"image":{"@id":"https:\/\/www.tecnosuissesa.com\/it\/product\/combinata-per-legno-minimax-lab-300-plus\/#primaryimage"},"thumbnailUrl":"https:\/\/www.tecnosuissesa.com\/wp-content\/uploads\/2017\/08\/combinata-per-legno-minimax-lab-300-plus-6.jpg","datePublished":"2017-08-25T10:09:54+00:00","dateModified":"2017-09-27T09:06:10+00:00","breadcrumb":{"@id":"https:\/\/www.tecnosuissesa.com\/it\/product\/combinata-per-legno-minimax-lab-300-plus\/#breadcrumb"},"inLanguage":"it-IT","potentialAction":[{"@type":"ReadAction","target":["https:\/\/www.tecnosuissesa.com\/it\/product\/combinata-per-legno-minimax-lab-300-plus\/"]}]},{"@type":"ImageObject","inLanguage":"it-IT","@id":"https:\/\/www.tecnosuissesa.com\/it\/product\/combinata-per-legno-minimax-lab-300-plus\/#primaryimage","url":"https:\/\/www.tecnosuissesa.com\/wp-content\/uploads\/2017\/08\/combinata-per-legno-minimax-lab-300-plus-6.jpg","contentUrl":"https:\/\/www.tecnosuissesa.com\/wp-content\/uploads\/2017\/08\/combinata-per-legno-minimax-lab-300-plus-6.jpg","width":800,"height":800},{"@type":"BreadcrumbList","@id":"https:\/\/www.tecnosuissesa.com\/it\/product\/combinata-per-legno-minimax-lab-300-plus\/#breadcrumb","itemListElement":[{"@type":"ListItem","position":1,"name":"Home","item":"https:\/\/www.tecnosuissesa.com\/it\/"},{"@type":"ListItem","position":2,"name":"Vendita di Macchine Utensili per Legno e per Metalli","item":"https:\/\/www.tecnosuissesa.com\/it\/vendita-macchine-utensili\/"},{"@type":"ListItem","position":3,"name":"Combinata per legno MiniMax Lab 300 Plus"}]},{"@type":"WebSite","@id":"https:\/\/www.tecnosuissesa.com\/it\/#website","url":"https:\/\/www.tecnosuissesa.com\/it\/","name":"Tecnosuisse","description":"Macchine Utensili per Legno e Metalli","publisher":{"@id":"https:\/\/www.tecnosuissesa.com\/it\/#organization"},"potentialAction":[{"@type":"SearchAction","target":{"@type":"EntryPoint","urlTemplate":"https:\/\/www.tecnosuissesa.com\/it\/?s={search_term_string}"},"query-input":{"@type":"PropertyValueSpecification","valueRequired":true,"valueName":"search_term_string"}}],"inLanguage":"it-IT"},{"@type":"Organization","@id":"https:\/\/www.tecnosuissesa.com\/it\/#organization","name":"Tecnosuisse","url":"https:\/\/www.tecnosuissesa.com\/it\/","logo":{"@type":"ImageObject","inLanguage":"it-IT","@id":"https:\/\/www.tecnosuissesa.com\/it\/#\/schema\/logo\/image\/","url":"https:\/\/www.tecnosuissesa.com\/wp-content\/uploads\/2017\/08\/Logo_TecnoSuisse_627x627.png","contentUrl":"https:\/\/www.tecnosuissesa.com\/wp-content\/uploads\/2017\/08\/Logo_TecnoSuisse_627x627.png","width":627,"height":627,"caption":"Tecnosuisse"},"image":{"@id":"https:\/\/www.tecnosuissesa.com\/it\/#\/schema\/logo\/image\/"},"sameAs":["https:\/\/www.facebook.com\/tecnosuisse\/","https:\/\/www.youtube.com\/channel\/UCSoxFNkw8ZiE4jP9OY8AdFg"]}]}},"_links":{"self":[{"href":"https:\/\/www.tecnosuissesa.com\/it\/wp-json\/wp\/v2\/product\/358","targetHints":{"allow":["GET"]}}],"collection":[{"href":"https:\/\/www.tecnosuissesa.com\/it\/wp-json\/wp\/v2\/product"}],"about":[{"href":"https:\/\/www.tecnosuissesa.com\/it\/wp-json\/wp\/v2\/types\/product"}],"replies":[{"embeddable":true,"href":"https:\/\/www.tecnosuissesa.com\/it\/wp-json\/wp\/v2\/comments?post=358"}],"wp:featuredmedia":[{"embeddable":true,"href":"https:\/\/www.tecnosuissesa.com\/it\/wp-json\/wp\/v2\/media\/359"}],"wp:attachment":[{"href":"https:\/\/www.tecnosuissesa.com\/it\/wp-json\/wp\/v2\/media?parent=358"}],"wp:term":[{"taxonomy":"product_brand","embeddable":true,"href":"https:\/\/www.tecnosuissesa.com\/it\/wp-json\/wp\/v2\/product_brand?post=358"},{"taxonomy":"product_cat","embeddable":true,"href":"https:\/\/www.tecnosuissesa.com\/it\/wp-json\/wp\/v2\/product_cat?post=358"},{"taxonomy":"product_tag","embeddable":true,"href":"https:\/\/www.tecnosuissesa.com\/it\/wp-json\/wp\/v2\/product_tag?post=358"}],"curies":[{"name":"wp","href":"https:\/\/api.w.org\/{rel}","templated":true}]}}