{"id":1748,"date":"2017-10-03T16:29:34","date_gmt":"2017-10-03T14:29:34","guid":{"rendered":"https:\/\/www.tecnosuissesa.com\/?post_type=product&#038;p=1748"},"modified":"2017-10-03T16:38:31","modified_gmt":"2017-10-03T14:38:31","slug":"aspiratore-per-macchine-legno-as2","status":"publish","type":"product","link":"https:\/\/www.tecnosuissesa.com\/it\/product\/aspiratore-per-macchine-legno-as2\/","title":{"rendered":"Aspiratore per macchine legno AS2"},"content":{"rendered":"<p><strong>Descrizione:<\/strong><\/p>\n<p>L&#8217;AS2 \u00e8 un\u00a0aspiratore molto potente di tipo professionale in grado di essere utilizzato unitamente ad una o pi\u00f9 macchine per lavorare il legno sia di tipo combinato che di tipo singolo. E&#8217; capace di erogare una capacit\u00e0 aspirativa di ben 2600 m\/h ed \u00e8 dotato di un motore a 3 cavalli e di ben 4 sacchi di aspirazione da 160 litri l&#8217;uno. Data la sua potenza \u00e8 dotato di ben 2 bocche di aspirazione potendo cos\u00ec servire in contemporanea 2 macchine o 2 lavorazioni.<\/p>\n<div id=\"article\">\n<div id=\"tavola-tecnica\">\n<table border=\"1\" width=\"100%\" cellspacing=\"0\" cellpadding=\"0\">\n<tbody>\n<tr>\n<td colspan=\"2\" valign=\"top\">\n<div align=\"center\"><strong>DATI TECNICI<\/strong><\/div>\n<\/td>\n<\/tr>\n<tr>\n<td colspan=\"2\"><strong>DIMENSIONI DI INGOMBRO<\/strong><\/td>\n<\/tr>\n<tr>\n<td>Dimensioni aspiratore montato<\/td>\n<td>1150 mm (larghezza) x 540 mm (larghezza) x 1900 mm (altezza)<\/td>\n<\/tr>\n<tr>\n<td>Peso netto macchina<\/td>\n<td>60 Kg<\/td>\n<\/tr>\n<tr>\n<td colspan=\"2\"><strong>SACCHI DI CONTENIMENTO<\/strong><\/td>\n<\/tr>\n<tr>\n<td>Numero sacchi<\/td>\n<td>N\u00b04<\/td>\n<\/tr>\n<tr>\n<td>Altezza singolo sacco<\/td>\n<td>850 mm<\/td>\n<\/tr>\n<tr>\n<td>Diametro del sacco<\/td>\n<td>500 mm<\/td>\n<\/tr>\n<tr>\n<td>Capacit\u00e0<\/td>\n<td>160 litri cad<\/td>\n<\/tr>\n<tr>\n<td colspan=\"2\"><strong>MOTORE<\/strong><\/td>\n<\/tr>\n<tr>\n<td>Capacit\u00e0 aspirativa<\/td>\n<td>2600 m\u00b2\/h<\/td>\n<\/tr>\n<tr>\n<td>Potenza<\/td>\n<td>2 Hp<\/td>\n<\/tr>\n<tr>\n<td>Tipologia<\/td>\n<td>Monofase 220 V<\/td>\n<\/tr>\n<\/tbody>\n<\/table>\n<\/div>\n<\/div>\n<div id=\"accessori\">\n<p align=\"left\">ACCESSORI A RICHIESTA<\/p>\n<\/div>\n","protected":false},"excerpt":{"rendered":"<p align=\"justify\">Aspiratore per macchine legno AS2<\/p>\n<p align=\"justify\">Dotato di 4 sacchi d&#8217;aspirazione ed alimentato da un motore da 2.200 Watt, data la sua potenza\u00a0\u00a0 \u00e8 dotato di ben 2 bocche d&#8217;aspirazione potendo cos\u00ec servire in contemporanea 2 macchine<\/p>\n","protected":false},"featured_media":1749,"comment_status":"open","ping_status":"closed","template":"","meta":[],"product_brand":[],"product_cat":[137],"product_tag":[],"class_list":{"0":"post-1748","1":"product","2":"type-product","3":"status-publish","4":"has-post-thumbnail","6":"product_cat-aspiratori","7":"product_shipping_class-classe-2","9":"first","10":"instock","11":"shipping-taxable","12":"purchasable","13":"product-type-simple"},"yoast_head":"<!-- This site is optimized with the Yoast SEO plugin v27.1 - https:\/\/yoast.com\/product\/yoast-seo-wordpress\/ -->\n<title>Aspiratore per macchine legno AS2 - Tecnosuisse<\/title>\n<meta name=\"robots\" content=\"index, follow, max-snippet:-1, max-image-preview:large, max-video-preview:-1\" \/>\n<link rel=\"canonical\" href=\"https:\/\/www.tecnosuissesa.com\/it\/product\/aspiratore-per-macchine-legno-as2\/\" \/>\n<meta property=\"og:locale\" content=\"it_IT\" \/>\n<meta property=\"og:type\" content=\"article\" \/>\n<meta property=\"og:title\" content=\"Aspiratore per macchine legno AS2 - Tecnosuisse\" \/>\n<meta property=\"og:description\" content=\"Aspiratore per macchine legno AS2 Dotato di 4 sacchi d&#039;aspirazione ed alimentato da un motore da 2.200 Watt, data la sua potenza\u00a0\u00a0 \u00e8 dotato di ben 2 bocche d&#039;aspirazione potendo cos\u00ec servire in contemporanea 2 macchine\" \/>\n<meta property=\"og:url\" content=\"https:\/\/www.tecnosuissesa.com\/it\/product\/aspiratore-per-macchine-legno-as2\/\" \/>\n<meta property=\"og:site_name\" content=\"Tecnosuisse\" \/>\n<meta property=\"article:publisher\" content=\"https:\/\/www.facebook.com\/tecnosuisse\/\" \/>\n<meta property=\"article:modified_time\" content=\"2017-10-03T14:38:31+00:00\" \/>\n<meta property=\"og:image\" content=\"https:\/\/www.tecnosuissesa.com\/wp-content\/uploads\/2017\/10\/lato-1-7.jpg\" \/>\n\t<meta property=\"og:image:width\" content=\"1024\" \/>\n\t<meta property=\"og:image:height\" content=\"768\" \/>\n\t<meta property=\"og:image:type\" content=\"image\/jpeg\" \/>\n<meta name=\"twitter:card\" content=\"summary_large_image\" \/>\n<meta name=\"twitter:label1\" content=\"Tempo di lettura stimato\" \/>\n\t<meta name=\"twitter:data1\" content=\"1 minuto\" \/>\n<script type=\"application\/ld+json\" class=\"yoast-schema-graph\">{\"@context\":\"https:\/\/schema.org\",\"@graph\":[{\"@type\":\"WebPage\",\"@id\":\"https:\/\/www.tecnosuissesa.com\/it\/product\/aspiratore-per-macchine-legno-as2\/\",\"url\":\"https:\/\/www.tecnosuissesa.com\/it\/product\/aspiratore-per-macchine-legno-as2\/\",\"name\":\"Aspiratore per macchine legno AS2 - Tecnosuisse\",\"isPartOf\":{\"@id\":\"https:\/\/www.tecnosuissesa.com\/it\/#website\"},\"primaryImageOfPage\":{\"@id\":\"https:\/\/www.tecnosuissesa.com\/it\/product\/aspiratore-per-macchine-legno-as2\/#primaryimage\"},\"image\":{\"@id\":\"https:\/\/www.tecnosuissesa.com\/it\/product\/aspiratore-per-macchine-legno-as2\/#primaryimage\"},\"thumbnailUrl\":\"https:\/\/www.tecnosuissesa.com\/wp-content\/uploads\/2017\/10\/lato-1-7.jpg\",\"datePublished\":\"2017-10-03T14:29:34+00:00\",\"dateModified\":\"2017-10-03T14:38:31+00:00\",\"breadcrumb\":{\"@id\":\"https:\/\/www.tecnosuissesa.com\/it\/product\/aspiratore-per-macchine-legno-as2\/#breadcrumb\"},\"inLanguage\":\"it-IT\",\"potentialAction\":[{\"@type\":\"ReadAction\",\"target\":[\"https:\/\/www.tecnosuissesa.com\/it\/product\/aspiratore-per-macchine-legno-as2\/\"]}]},{\"@type\":\"ImageObject\",\"inLanguage\":\"it-IT\",\"@id\":\"https:\/\/www.tecnosuissesa.com\/it\/product\/aspiratore-per-macchine-legno-as2\/#primaryimage\",\"url\":\"https:\/\/www.tecnosuissesa.com\/wp-content\/uploads\/2017\/10\/lato-1-7.jpg\",\"contentUrl\":\"https:\/\/www.tecnosuissesa.com\/wp-content\/uploads\/2017\/10\/lato-1-7.jpg\",\"width\":1024,\"height\":768},{\"@type\":\"BreadcrumbList\",\"@id\":\"https:\/\/www.tecnosuissesa.com\/it\/product\/aspiratore-per-macchine-legno-as2\/#breadcrumb\",\"itemListElement\":[{\"@type\":\"ListItem\",\"position\":1,\"name\":\"Home\",\"item\":\"https:\/\/www.tecnosuissesa.com\/it\/\"},{\"@type\":\"ListItem\",\"position\":2,\"name\":\"Vendita di Macchine Utensili per Legno e per Metalli\",\"item\":\"https:\/\/www.tecnosuissesa.com\/it\/vendita-macchine-utensili\/\"},{\"@type\":\"ListItem\",\"position\":3,\"name\":\"Aspiratore per macchine legno AS2\"}]},{\"@type\":\"WebSite\",\"@id\":\"https:\/\/www.tecnosuissesa.com\/it\/#website\",\"url\":\"https:\/\/www.tecnosuissesa.com\/it\/\",\"name\":\"Tecnosuisse\",\"description\":\"Macchine Utensili per Legno e Metalli\",\"publisher\":{\"@id\":\"https:\/\/www.tecnosuissesa.com\/it\/#organization\"},\"potentialAction\":[{\"@type\":\"SearchAction\",\"target\":{\"@type\":\"EntryPoint\",\"urlTemplate\":\"https:\/\/www.tecnosuissesa.com\/it\/?s={search_term_string}\"},\"query-input\":{\"@type\":\"PropertyValueSpecification\",\"valueRequired\":true,\"valueName\":\"search_term_string\"}}],\"inLanguage\":\"it-IT\"},{\"@type\":\"Organization\",\"@id\":\"https:\/\/www.tecnosuissesa.com\/it\/#organization\",\"name\":\"Tecnosuisse\",\"url\":\"https:\/\/www.tecnosuissesa.com\/it\/\",\"logo\":{\"@type\":\"ImageObject\",\"inLanguage\":\"it-IT\",\"@id\":\"https:\/\/www.tecnosuissesa.com\/it\/#\/schema\/logo\/image\/\",\"url\":\"https:\/\/www.tecnosuissesa.com\/wp-content\/uploads\/2017\/08\/Logo_TecnoSuisse_627x627.png\",\"contentUrl\":\"https:\/\/www.tecnosuissesa.com\/wp-content\/uploads\/2017\/08\/Logo_TecnoSuisse_627x627.png\",\"width\":627,\"height\":627,\"caption\":\"Tecnosuisse\"},\"image\":{\"@id\":\"https:\/\/www.tecnosuissesa.com\/it\/#\/schema\/logo\/image\/\"},\"sameAs\":[\"https:\/\/www.facebook.com\/tecnosuisse\/\",\"https:\/\/www.youtube.com\/channel\/UCSoxFNkw8ZiE4jP9OY8AdFg\"]}]}<\/script>\n<!-- \/ Yoast SEO plugin. -->","yoast_head_json":{"title":"Aspiratore per macchine legno AS2 - Tecnosuisse","robots":{"index":"index","follow":"follow","max-snippet":"max-snippet:-1","max-image-preview":"max-image-preview:large","max-video-preview":"max-video-preview:-1"},"canonical":"https:\/\/www.tecnosuissesa.com\/it\/product\/aspiratore-per-macchine-legno-as2\/","og_locale":"it_IT","og_type":"article","og_title":"Aspiratore per macchine legno AS2 - Tecnosuisse","og_description":"Aspiratore per macchine legno AS2 Dotato di 4 sacchi d'aspirazione ed alimentato da un motore da 2.200 Watt, data la sua potenza\u00a0\u00a0 \u00e8 dotato di ben 2 bocche d'aspirazione potendo cos\u00ec servire in contemporanea 2 macchine","og_url":"https:\/\/www.tecnosuissesa.com\/it\/product\/aspiratore-per-macchine-legno-as2\/","og_site_name":"Tecnosuisse","article_publisher":"https:\/\/www.facebook.com\/tecnosuisse\/","article_modified_time":"2017-10-03T14:38:31+00:00","og_image":[{"width":1024,"height":768,"url":"https:\/\/www.tecnosuissesa.com\/wp-content\/uploads\/2017\/10\/lato-1-7.jpg","type":"image\/jpeg"}],"twitter_card":"summary_large_image","twitter_misc":{"Tempo di lettura stimato":"1 minuto"},"schema":{"@context":"https:\/\/schema.org","@graph":[{"@type":"WebPage","@id":"https:\/\/www.tecnosuissesa.com\/it\/product\/aspiratore-per-macchine-legno-as2\/","url":"https:\/\/www.tecnosuissesa.com\/it\/product\/aspiratore-per-macchine-legno-as2\/","name":"Aspiratore per macchine legno AS2 - Tecnosuisse","isPartOf":{"@id":"https:\/\/www.tecnosuissesa.com\/it\/#website"},"primaryImageOfPage":{"@id":"https:\/\/www.tecnosuissesa.com\/it\/product\/aspiratore-per-macchine-legno-as2\/#primaryimage"},"image":{"@id":"https:\/\/www.tecnosuissesa.com\/it\/product\/aspiratore-per-macchine-legno-as2\/#primaryimage"},"thumbnailUrl":"https:\/\/www.tecnosuissesa.com\/wp-content\/uploads\/2017\/10\/lato-1-7.jpg","datePublished":"2017-10-03T14:29:34+00:00","dateModified":"2017-10-03T14:38:31+00:00","breadcrumb":{"@id":"https:\/\/www.tecnosuissesa.com\/it\/product\/aspiratore-per-macchine-legno-as2\/#breadcrumb"},"inLanguage":"it-IT","potentialAction":[{"@type":"ReadAction","target":["https:\/\/www.tecnosuissesa.com\/it\/product\/aspiratore-per-macchine-legno-as2\/"]}]},{"@type":"ImageObject","inLanguage":"it-IT","@id":"https:\/\/www.tecnosuissesa.com\/it\/product\/aspiratore-per-macchine-legno-as2\/#primaryimage","url":"https:\/\/www.tecnosuissesa.com\/wp-content\/uploads\/2017\/10\/lato-1-7.jpg","contentUrl":"https:\/\/www.tecnosuissesa.com\/wp-content\/uploads\/2017\/10\/lato-1-7.jpg","width":1024,"height":768},{"@type":"BreadcrumbList","@id":"https:\/\/www.tecnosuissesa.com\/it\/product\/aspiratore-per-macchine-legno-as2\/#breadcrumb","itemListElement":[{"@type":"ListItem","position":1,"name":"Home","item":"https:\/\/www.tecnosuissesa.com\/it\/"},{"@type":"ListItem","position":2,"name":"Vendita di Macchine Utensili per Legno e per Metalli","item":"https:\/\/www.tecnosuissesa.com\/it\/vendita-macchine-utensili\/"},{"@type":"ListItem","position":3,"name":"Aspiratore per macchine legno AS2"}]},{"@type":"WebSite","@id":"https:\/\/www.tecnosuissesa.com\/it\/#website","url":"https:\/\/www.tecnosuissesa.com\/it\/","name":"Tecnosuisse","description":"Macchine Utensili per Legno e Metalli","publisher":{"@id":"https:\/\/www.tecnosuissesa.com\/it\/#organization"},"potentialAction":[{"@type":"SearchAction","target":{"@type":"EntryPoint","urlTemplate":"https:\/\/www.tecnosuissesa.com\/it\/?s={search_term_string}"},"query-input":{"@type":"PropertyValueSpecification","valueRequired":true,"valueName":"search_term_string"}}],"inLanguage":"it-IT"},{"@type":"Organization","@id":"https:\/\/www.tecnosuissesa.com\/it\/#organization","name":"Tecnosuisse","url":"https:\/\/www.tecnosuissesa.com\/it\/","logo":{"@type":"ImageObject","inLanguage":"it-IT","@id":"https:\/\/www.tecnosuissesa.com\/it\/#\/schema\/logo\/image\/","url":"https:\/\/www.tecnosuissesa.com\/wp-content\/uploads\/2017\/08\/Logo_TecnoSuisse_627x627.png","contentUrl":"https:\/\/www.tecnosuissesa.com\/wp-content\/uploads\/2017\/08\/Logo_TecnoSuisse_627x627.png","width":627,"height":627,"caption":"Tecnosuisse"},"image":{"@id":"https:\/\/www.tecnosuissesa.com\/it\/#\/schema\/logo\/image\/"},"sameAs":["https:\/\/www.facebook.com\/tecnosuisse\/","https:\/\/www.youtube.com\/channel\/UCSoxFNkw8ZiE4jP9OY8AdFg"]}]}},"_links":{"self":[{"href":"https:\/\/www.tecnosuissesa.com\/it\/wp-json\/wp\/v2\/product\/1748","targetHints":{"allow":["GET"]}}],"collection":[{"href":"https:\/\/www.tecnosuissesa.com\/it\/wp-json\/wp\/v2\/product"}],"about":[{"href":"https:\/\/www.tecnosuissesa.com\/it\/wp-json\/wp\/v2\/types\/product"}],"replies":[{"embeddable":true,"href":"https:\/\/www.tecnosuissesa.com\/it\/wp-json\/wp\/v2\/comments?post=1748"}],"wp:featuredmedia":[{"embeddable":true,"href":"https:\/\/www.tecnosuissesa.com\/it\/wp-json\/wp\/v2\/media\/1749"}],"wp:attachment":[{"href":"https:\/\/www.tecnosuissesa.com\/it\/wp-json\/wp\/v2\/media?parent=1748"}],"wp:term":[{"taxonomy":"product_brand","embeddable":true,"href":"https:\/\/www.tecnosuissesa.com\/it\/wp-json\/wp\/v2\/product_brand?post=1748"},{"taxonomy":"product_cat","embeddable":true,"href":"https:\/\/www.tecnosuissesa.com\/it\/wp-json\/wp\/v2\/product_cat?post=1748"},{"taxonomy":"product_tag","embeddable":true,"href":"https:\/\/www.tecnosuissesa.com\/it\/wp-json\/wp\/v2\/product_tag?post=1748"}],"curies":[{"name":"wp","href":"https:\/\/api.w.org\/{rel}","templated":true}]}}