{"id":1603,"date":"2017-10-02T17:41:14","date_gmt":"2017-10-02T15:41:14","guid":{"rendered":"https:\/\/www.tecnosuissesa.com\/?post_type=product&#038;p=1603"},"modified":"2017-10-02T17:41:14","modified_gmt":"2017-10-02T15:41:14","slug":"levigatrice-a-rullo-abrasivo-levigaltecnica-560","status":"publish","type":"product","link":"https:\/\/www.tecnosuissesa.com\/it\/product\/levigatrice-a-rullo-abrasivo-levigaltecnica-560\/","title":{"rendered":"Levigatrice a rullo abrasivo LEVIGALTECNICA 560"},"content":{"rendered":"<p>E&#8217; una levigatrice dotata di nastro di carta abrasiva intercambiabile fissato su di un rullo a velocit\u00e0 variabile in grado di arrivare alla velocit\u00e0 di rotazione massima di 1440 giri\/min. La macchina ha 2 motori: uno piccolino da 24 W dedicato al trascinamento ed uno molto pi\u00f9 robusto da 1500W dedicato alla rotazione del rullo abrasivo. E&#8217; completa di motovariatore di velocit\u00e0 e un avanzamento automatico. Leviga ogni superficie in legno, sia pannelli che profilati. La macchina \u00e8 costruita completamente secondo le normative CE.<\/p>\n<table border=\"1\" width=\"100%\" cellspacing=\"0\" cellpadding=\"0\">\n<tbody>\n<tr>\n<td colspan=\"2\" valign=\"top\">\n<div align=\"center\"><strong>DATI TECNICI<\/strong><\/div>\n<\/td>\n<\/tr>\n<tr>\n<td colspan=\"2\"><strong>DIMENSIONI<\/strong><\/td>\n<\/tr>\n<tr>\n<td>Dimensioni di ingombro<\/td>\n<td>1100 mm x 690 mm x 1220 mm<\/td>\n<\/tr>\n<tr>\n<td>Peso netto macchina<\/td>\n<td>118 Kg<\/td>\n<\/tr>\n<tr>\n<td>Kit Ruote<\/td>\n<td>A richiesta<\/td>\n<\/tr>\n<tr>\n<td colspan=\"2\"><strong>SPECIFICHE<\/strong><\/td>\n<\/tr>\n<tr>\n<td>Massima larghezza a levigare<\/td>\n<td>560 mm<\/td>\n<\/tr>\n<tr>\n<td>Massima altezza a levigare<\/td>\n<td>75 mm<\/td>\n<\/tr>\n<tr>\n<td>Massima velocit\u00e0 di rotazione rullo<\/td>\n<td>1440 giri\/min<\/td>\n<\/tr>\n<tr>\n<td>Velocit\u00e0 di avanzamento nastro<\/td>\n<td>da 0 a 3 metri\/min<\/td>\n<\/tr>\n<tr>\n<td>Larghezza nastro<\/td>\n<td>150 mm<\/td>\n<\/tr>\n<tr>\n<td>Dimensione del piano fisso<\/td>\n<td>850 x 5060 mm<\/td>\n<\/tr>\n<tr>\n<td>Diametro bocca di aspirazione<\/td>\n<td>100 mm<\/td>\n<\/tr>\n<tr>\n<td colspan=\"2\"><strong>MOTORE DEDICATO AL RULLO ABRASIVO<\/strong><\/td>\n<\/tr>\n<tr>\n<td>Potenza<\/td>\n<td>1500 W<\/td>\n<\/tr>\n<tr>\n<td>Tipologia<\/td>\n<td>Monofase (220 V)<\/td>\n<\/tr>\n<\/tbody>\n<\/table>\n","protected":false},"excerpt":{"rendered":"<p align=\"justify\">Levigatrice a rullo abrasivo LEVIGALTECNICA 560 dotata di 2 motori indipendenti: uno per il trascinamento ed uno per la rotazione del rullo abrasivo<\/p>\n","protected":false},"featured_media":1604,"comment_status":"open","ping_status":"closed","template":"","meta":[],"product_brand":[],"product_cat":[33],"product_tag":[],"class_list":{"0":"post-1603","1":"product","2":"type-product","3":"status-publish","4":"has-post-thumbnail","6":"product_cat-levigatrici-da-banco","8":"first","9":"instock","10":"shipping-taxable","11":"purchasable","12":"product-type-simple"},"yoast_head":"<!-- This site is optimized with the Yoast SEO plugin v27.1 - https:\/\/yoast.com\/product\/yoast-seo-wordpress\/ -->\n<title>Levigatrice a rullo abrasivo LEVIGALTECNICA 560 - Tecnosuisse<\/title>\n<meta name=\"robots\" content=\"index, follow, max-snippet:-1, max-image-preview:large, max-video-preview:-1\" \/>\n<link rel=\"canonical\" href=\"https:\/\/www.tecnosuissesa.com\/it\/product\/levigatrice-a-rullo-abrasivo-levigaltecnica-560\/\" \/>\n<meta property=\"og:locale\" content=\"it_IT\" \/>\n<meta property=\"og:type\" content=\"article\" \/>\n<meta property=\"og:title\" content=\"Levigatrice a rullo abrasivo LEVIGALTECNICA 560 - Tecnosuisse\" \/>\n<meta property=\"og:description\" content=\"Levigatrice a rullo abrasivo LEVIGALTECNICA 560 dotata di 2 motori indipendenti: uno per il trascinamento ed uno per la rotazione del rullo abrasivo\" \/>\n<meta property=\"og:url\" content=\"https:\/\/www.tecnosuissesa.com\/it\/product\/levigatrice-a-rullo-abrasivo-levigaltecnica-560\/\" \/>\n<meta property=\"og:site_name\" content=\"Tecnosuisse\" \/>\n<meta property=\"article:publisher\" content=\"https:\/\/www.facebook.com\/tecnosuisse\/\" \/>\n<meta property=\"og:image\" content=\"https:\/\/www.tecnosuissesa.com\/wp-content\/uploads\/2017\/10\/levigatrice-a-rullo-abrasivo-levigaltecnica-560-.jpg\" \/>\n\t<meta property=\"og:image:width\" content=\"800\" \/>\n\t<meta property=\"og:image:height\" content=\"800\" \/>\n\t<meta property=\"og:image:type\" content=\"image\/jpeg\" \/>\n<meta name=\"twitter:card\" content=\"summary_large_image\" \/>\n<meta name=\"twitter:label1\" content=\"Tempo di lettura stimato\" \/>\n\t<meta name=\"twitter:data1\" content=\"1 minuto\" \/>\n<script type=\"application\/ld+json\" class=\"yoast-schema-graph\">{\"@context\":\"https:\/\/schema.org\",\"@graph\":[{\"@type\":\"WebPage\",\"@id\":\"https:\/\/www.tecnosuissesa.com\/it\/product\/levigatrice-a-rullo-abrasivo-levigaltecnica-560\/\",\"url\":\"https:\/\/www.tecnosuissesa.com\/it\/product\/levigatrice-a-rullo-abrasivo-levigaltecnica-560\/\",\"name\":\"Levigatrice a rullo abrasivo LEVIGALTECNICA 560 - Tecnosuisse\",\"isPartOf\":{\"@id\":\"https:\/\/www.tecnosuissesa.com\/it\/#website\"},\"primaryImageOfPage\":{\"@id\":\"https:\/\/www.tecnosuissesa.com\/it\/product\/levigatrice-a-rullo-abrasivo-levigaltecnica-560\/#primaryimage\"},\"image\":{\"@id\":\"https:\/\/www.tecnosuissesa.com\/it\/product\/levigatrice-a-rullo-abrasivo-levigaltecnica-560\/#primaryimage\"},\"thumbnailUrl\":\"https:\/\/www.tecnosuissesa.com\/wp-content\/uploads\/2017\/10\/levigatrice-a-rullo-abrasivo-levigaltecnica-560-.jpg\",\"datePublished\":\"2017-10-02T15:41:14+00:00\",\"breadcrumb\":{\"@id\":\"https:\/\/www.tecnosuissesa.com\/it\/product\/levigatrice-a-rullo-abrasivo-levigaltecnica-560\/#breadcrumb\"},\"inLanguage\":\"it-IT\",\"potentialAction\":[{\"@type\":\"ReadAction\",\"target\":[\"https:\/\/www.tecnosuissesa.com\/it\/product\/levigatrice-a-rullo-abrasivo-levigaltecnica-560\/\"]}]},{\"@type\":\"ImageObject\",\"inLanguage\":\"it-IT\",\"@id\":\"https:\/\/www.tecnosuissesa.com\/it\/product\/levigatrice-a-rullo-abrasivo-levigaltecnica-560\/#primaryimage\",\"url\":\"https:\/\/www.tecnosuissesa.com\/wp-content\/uploads\/2017\/10\/levigatrice-a-rullo-abrasivo-levigaltecnica-560-.jpg\",\"contentUrl\":\"https:\/\/www.tecnosuissesa.com\/wp-content\/uploads\/2017\/10\/levigatrice-a-rullo-abrasivo-levigaltecnica-560-.jpg\",\"width\":800,\"height\":800},{\"@type\":\"BreadcrumbList\",\"@id\":\"https:\/\/www.tecnosuissesa.com\/it\/product\/levigatrice-a-rullo-abrasivo-levigaltecnica-560\/#breadcrumb\",\"itemListElement\":[{\"@type\":\"ListItem\",\"position\":1,\"name\":\"Home\",\"item\":\"https:\/\/www.tecnosuissesa.com\/it\/\"},{\"@type\":\"ListItem\",\"position\":2,\"name\":\"Vendita di Macchine Utensili per Legno e per Metalli\",\"item\":\"https:\/\/www.tecnosuissesa.com\/it\/vendita-macchine-utensili\/\"},{\"@type\":\"ListItem\",\"position\":3,\"name\":\"Levigatrice a rullo abrasivo LEVIGALTECNICA 560\"}]},{\"@type\":\"WebSite\",\"@id\":\"https:\/\/www.tecnosuissesa.com\/it\/#website\",\"url\":\"https:\/\/www.tecnosuissesa.com\/it\/\",\"name\":\"Tecnosuisse\",\"description\":\"Macchine Utensili per Legno e Metalli\",\"publisher\":{\"@id\":\"https:\/\/www.tecnosuissesa.com\/it\/#organization\"},\"potentialAction\":[{\"@type\":\"SearchAction\",\"target\":{\"@type\":\"EntryPoint\",\"urlTemplate\":\"https:\/\/www.tecnosuissesa.com\/it\/?s={search_term_string}\"},\"query-input\":{\"@type\":\"PropertyValueSpecification\",\"valueRequired\":true,\"valueName\":\"search_term_string\"}}],\"inLanguage\":\"it-IT\"},{\"@type\":\"Organization\",\"@id\":\"https:\/\/www.tecnosuissesa.com\/it\/#organization\",\"name\":\"Tecnosuisse\",\"url\":\"https:\/\/www.tecnosuissesa.com\/it\/\",\"logo\":{\"@type\":\"ImageObject\",\"inLanguage\":\"it-IT\",\"@id\":\"https:\/\/www.tecnosuissesa.com\/it\/#\/schema\/logo\/image\/\",\"url\":\"https:\/\/www.tecnosuissesa.com\/wp-content\/uploads\/2017\/08\/Logo_TecnoSuisse_627x627.png\",\"contentUrl\":\"https:\/\/www.tecnosuissesa.com\/wp-content\/uploads\/2017\/08\/Logo_TecnoSuisse_627x627.png\",\"width\":627,\"height\":627,\"caption\":\"Tecnosuisse\"},\"image\":{\"@id\":\"https:\/\/www.tecnosuissesa.com\/it\/#\/schema\/logo\/image\/\"},\"sameAs\":[\"https:\/\/www.facebook.com\/tecnosuisse\/\",\"https:\/\/www.youtube.com\/channel\/UCSoxFNkw8ZiE4jP9OY8AdFg\"]}]}<\/script>\n<!-- \/ Yoast SEO plugin. -->","yoast_head_json":{"title":"Levigatrice a rullo abrasivo LEVIGALTECNICA 560 - Tecnosuisse","robots":{"index":"index","follow":"follow","max-snippet":"max-snippet:-1","max-image-preview":"max-image-preview:large","max-video-preview":"max-video-preview:-1"},"canonical":"https:\/\/www.tecnosuissesa.com\/it\/product\/levigatrice-a-rullo-abrasivo-levigaltecnica-560\/","og_locale":"it_IT","og_type":"article","og_title":"Levigatrice a rullo abrasivo LEVIGALTECNICA 560 - Tecnosuisse","og_description":"Levigatrice a rullo abrasivo LEVIGALTECNICA 560 dotata di 2 motori indipendenti: uno per il trascinamento ed uno per la rotazione del rullo abrasivo","og_url":"https:\/\/www.tecnosuissesa.com\/it\/product\/levigatrice-a-rullo-abrasivo-levigaltecnica-560\/","og_site_name":"Tecnosuisse","article_publisher":"https:\/\/www.facebook.com\/tecnosuisse\/","og_image":[{"width":800,"height":800,"url":"https:\/\/www.tecnosuissesa.com\/wp-content\/uploads\/2017\/10\/levigatrice-a-rullo-abrasivo-levigaltecnica-560-.jpg","type":"image\/jpeg"}],"twitter_card":"summary_large_image","twitter_misc":{"Tempo di lettura stimato":"1 minuto"},"schema":{"@context":"https:\/\/schema.org","@graph":[{"@type":"WebPage","@id":"https:\/\/www.tecnosuissesa.com\/it\/product\/levigatrice-a-rullo-abrasivo-levigaltecnica-560\/","url":"https:\/\/www.tecnosuissesa.com\/it\/product\/levigatrice-a-rullo-abrasivo-levigaltecnica-560\/","name":"Levigatrice a rullo abrasivo LEVIGALTECNICA 560 - Tecnosuisse","isPartOf":{"@id":"https:\/\/www.tecnosuissesa.com\/it\/#website"},"primaryImageOfPage":{"@id":"https:\/\/www.tecnosuissesa.com\/it\/product\/levigatrice-a-rullo-abrasivo-levigaltecnica-560\/#primaryimage"},"image":{"@id":"https:\/\/www.tecnosuissesa.com\/it\/product\/levigatrice-a-rullo-abrasivo-levigaltecnica-560\/#primaryimage"},"thumbnailUrl":"https:\/\/www.tecnosuissesa.com\/wp-content\/uploads\/2017\/10\/levigatrice-a-rullo-abrasivo-levigaltecnica-560-.jpg","datePublished":"2017-10-02T15:41:14+00:00","breadcrumb":{"@id":"https:\/\/www.tecnosuissesa.com\/it\/product\/levigatrice-a-rullo-abrasivo-levigaltecnica-560\/#breadcrumb"},"inLanguage":"it-IT","potentialAction":[{"@type":"ReadAction","target":["https:\/\/www.tecnosuissesa.com\/it\/product\/levigatrice-a-rullo-abrasivo-levigaltecnica-560\/"]}]},{"@type":"ImageObject","inLanguage":"it-IT","@id":"https:\/\/www.tecnosuissesa.com\/it\/product\/levigatrice-a-rullo-abrasivo-levigaltecnica-560\/#primaryimage","url":"https:\/\/www.tecnosuissesa.com\/wp-content\/uploads\/2017\/10\/levigatrice-a-rullo-abrasivo-levigaltecnica-560-.jpg","contentUrl":"https:\/\/www.tecnosuissesa.com\/wp-content\/uploads\/2017\/10\/levigatrice-a-rullo-abrasivo-levigaltecnica-560-.jpg","width":800,"height":800},{"@type":"BreadcrumbList","@id":"https:\/\/www.tecnosuissesa.com\/it\/product\/levigatrice-a-rullo-abrasivo-levigaltecnica-560\/#breadcrumb","itemListElement":[{"@type":"ListItem","position":1,"name":"Home","item":"https:\/\/www.tecnosuissesa.com\/it\/"},{"@type":"ListItem","position":2,"name":"Vendita di Macchine Utensili per Legno e per Metalli","item":"https:\/\/www.tecnosuissesa.com\/it\/vendita-macchine-utensili\/"},{"@type":"ListItem","position":3,"name":"Levigatrice a rullo abrasivo LEVIGALTECNICA 560"}]},{"@type":"WebSite","@id":"https:\/\/www.tecnosuissesa.com\/it\/#website","url":"https:\/\/www.tecnosuissesa.com\/it\/","name":"Tecnosuisse","description":"Macchine Utensili per Legno e Metalli","publisher":{"@id":"https:\/\/www.tecnosuissesa.com\/it\/#organization"},"potentialAction":[{"@type":"SearchAction","target":{"@type":"EntryPoint","urlTemplate":"https:\/\/www.tecnosuissesa.com\/it\/?s={search_term_string}"},"query-input":{"@type":"PropertyValueSpecification","valueRequired":true,"valueName":"search_term_string"}}],"inLanguage":"it-IT"},{"@type":"Organization","@id":"https:\/\/www.tecnosuissesa.com\/it\/#organization","name":"Tecnosuisse","url":"https:\/\/www.tecnosuissesa.com\/it\/","logo":{"@type":"ImageObject","inLanguage":"it-IT","@id":"https:\/\/www.tecnosuissesa.com\/it\/#\/schema\/logo\/image\/","url":"https:\/\/www.tecnosuissesa.com\/wp-content\/uploads\/2017\/08\/Logo_TecnoSuisse_627x627.png","contentUrl":"https:\/\/www.tecnosuissesa.com\/wp-content\/uploads\/2017\/08\/Logo_TecnoSuisse_627x627.png","width":627,"height":627,"caption":"Tecnosuisse"},"image":{"@id":"https:\/\/www.tecnosuissesa.com\/it\/#\/schema\/logo\/image\/"},"sameAs":["https:\/\/www.facebook.com\/tecnosuisse\/","https:\/\/www.youtube.com\/channel\/UCSoxFNkw8ZiE4jP9OY8AdFg"]}]}},"_links":{"self":[{"href":"https:\/\/www.tecnosuissesa.com\/it\/wp-json\/wp\/v2\/product\/1603","targetHints":{"allow":["GET"]}}],"collection":[{"href":"https:\/\/www.tecnosuissesa.com\/it\/wp-json\/wp\/v2\/product"}],"about":[{"href":"https:\/\/www.tecnosuissesa.com\/it\/wp-json\/wp\/v2\/types\/product"}],"replies":[{"embeddable":true,"href":"https:\/\/www.tecnosuissesa.com\/it\/wp-json\/wp\/v2\/comments?post=1603"}],"wp:featuredmedia":[{"embeddable":true,"href":"https:\/\/www.tecnosuissesa.com\/it\/wp-json\/wp\/v2\/media\/1604"}],"wp:attachment":[{"href":"https:\/\/www.tecnosuissesa.com\/it\/wp-json\/wp\/v2\/media?parent=1603"}],"wp:term":[{"taxonomy":"product_brand","embeddable":true,"href":"https:\/\/www.tecnosuissesa.com\/it\/wp-json\/wp\/v2\/product_brand?post=1603"},{"taxonomy":"product_cat","embeddable":true,"href":"https:\/\/www.tecnosuissesa.com\/it\/wp-json\/wp\/v2\/product_cat?post=1603"},{"taxonomy":"product_tag","embeddable":true,"href":"https:\/\/www.tecnosuissesa.com\/it\/wp-json\/wp\/v2\/product_tag?post=1603"}],"curies":[{"name":"wp","href":"https:\/\/api.w.org\/{rel}","templated":true}]}}