{"id":1453,"date":"2017-10-02T15:46:12","date_gmt":"2017-10-02T13:46:12","guid":{"rendered":"https:\/\/www.tecnosuissesa.com\/?post_type=product&#038;p=1453"},"modified":"2017-10-03T16:44:01","modified_gmt":"2017-10-03T14:44:01","slug":"pialla-per-il-legno-fsc-310","status":"publish","type":"product","link":"https:\/\/www.tecnosuissesa.com\/it\/product\/pialla-per-il-legno-fsc-310\/","title":{"rendered":"Pialla per il legno FSC 310"},"content":{"rendered":"<p>E&#8217; una pialla per legno che esegue le lavorazioni di piallatura a filo e a spessore. Dispone di piani in ghisa ed una cavatrice integrata sull&#8217;albero pialla. La macchina \u00e8 dotata di un potentissimo motore monofase a 3 cavalli (2200 W) e di piani in ghisa ribaltabili estremamente robusti e precisi. Opzionalmente con un piccolo contributo aggiuntivo \u00e8 possibile richiedere la modifica al motore Trifase. L&#8217;albero pialla della macchina \u00e8 lungo 310 mm e dispone di 3 coltelli. La macchina viene venduta in configurazione standard con i tre coltelli pialla gi\u00e0 montati, la cappa di aspirazione da attaccare all&#8217;aspiratore e l&#8217;allineatore di coltelli. Opzionalmente a prezzi modici \u00e8 possibile ordinare anche l&#8217;aspiratore e l&#8217;affilatore di coltelli da montare sul piano cavatrice e le varie punte cavatrice.<\/p>\n<div id=\"tavola-tecnica\">\n<table border=\"1\" width=\"100%\" cellspacing=\"0\" cellpadding=\"0\">\n<tbody>\n<tr>\n<td colspan=\"2\" valign=\"top\" height=\"20\">\n<div align=\"center\"><strong>DATI TECNICI<\/strong><\/div>\n<\/td>\n<\/tr>\n<tr>\n<td colspan=\"2\" valign=\"top\" height=\"20\"><strong>DIMENSIONI DI INGOMBRO<\/strong><\/td>\n<\/tr>\n<tr>\n<td valign=\"top\" width=\"415\" height=\"20\">Dimensioni con cavatrice e manettine di regolazione<\/td>\n<td valign=\"top\" width=\"414\" height=\"20\">1005 (Larghezza) x 1200 mm (lunghezza)<\/td>\n<\/tr>\n<tr>\n<td valign=\"top\" height=\"20\">Senza carrello senza cavatrice senza guide<\/td>\n<td valign=\"top\" height=\"20\">590 (larghezza) x 1080 mm (lunghezza)<\/td>\n<\/tr>\n<tr>\n<td valign=\"top\" height=\"20\">Peso netto macchina<\/td>\n<td valign=\"top\" height=\"20\">280 Kg<\/td>\n<\/tr>\n<tr>\n<td colspan=\"2\" height=\"20\"><strong>MOTORE<\/strong><\/td>\n<\/tr>\n<tr>\n<td height=\"20\">Potenza<\/td>\n<td height=\"20\">3 Hp ( 2200 W )<\/td>\n<\/tr>\n<tr>\n<td height=\"20\">Tipologia<\/td>\n<td height=\"20\">Monofase (220 V)<\/td>\n<\/tr>\n<tr>\n<td height=\"20\"><strong>PIALLA A FILO\/ SPESSORE<\/strong><\/td>\n<td height=\"20\"><\/td>\n<\/tr>\n<tr>\n<td height=\"20\">Coltelli pialla<\/td>\n<td height=\"20\">N\u00b03<\/td>\n<\/tr>\n<tr>\n<td height=\"20\">Lunghezza albero pialla<\/td>\n<td height=\"20\">310 mm<\/td>\n<\/tr>\n<tr>\n<td height=\"20\">Diametro albero pialla<\/td>\n<td height=\"20\">70 mm<\/td>\n<\/tr>\n<tr>\n<td height=\"20\">Lunghezza dei piani in ghisa<\/td>\n<td height=\"20\">1300 x 370 mm<\/td>\n<\/tr>\n<tr>\n<td height=\"20\">Lunghezza piano spessore (esclusa prolunga a richiesta)<\/td>\n<td height=\"20\">560 mm<\/td>\n<\/tr>\n<tr>\n<td height=\"20\">Tipologia Piani<\/td>\n<td height=\"20\">In ghisa, ribaltabili<\/td>\n<\/tr>\n<tr>\n<td height=\"20\">Massima larghezza piallabile<\/td>\n<td height=\"20\">300 mm<\/td>\n<\/tr>\n<tr>\n<td height=\"20\">Massima altezza piallabile<\/td>\n<td height=\"20\">240 mm<\/td>\n<\/tr>\n<tr>\n<td height=\"20\">Velocit\u00e0 di traino<\/td>\n<td height=\"20\">7 metri\/minuto<\/td>\n<\/tr>\n<tr>\n<td height=\"20\">Max asporto pialla a filo<\/td>\n<td height=\"20\">4 mm<\/td>\n<\/tr>\n<tr>\n<td colspan=\"2\" height=\"20\"><strong>CAVATRICE \/ MORTASATRICE<\/strong><\/td>\n<\/tr>\n<tr>\n<td height=\"20\">Corsa utile<\/td>\n<td height=\"20\">100 mm<\/td>\n<\/tr>\n<tr>\n<td height=\"20\">Max corsa totale da sinistra a destra<\/td>\n<td height=\"20\">115 mm<\/td>\n<\/tr>\n<tr>\n<td height=\"20\">Max escursione cavatrice in altezza<\/td>\n<td height=\"20\">80 mm<\/td>\n<\/tr>\n<tr>\n<td height=\"20\">Dimensioni piano in ghisa della cavatrice<\/td>\n<td height=\"20\">360 x 210 mm<\/td>\n<\/tr>\n<tr>\n<td height=\"20\">Rotazione<\/td>\n<td height=\"20\">Oraria<\/td>\n<\/tr>\n<\/tbody>\n<\/table>\n<\/div>\n","protected":false},"excerpt":{"rendered":"<p align=\"justify\">Pialla a filo e spessore FSC 310 dotata di albero pialla da 310 mm e motore monofase da 3 Hp (a richiesta anche trifase) con cavatrice integrata<\/p>\n","protected":false},"featured_media":1765,"comment_status":"open","ping_status":"closed","template":"","meta":[],"product_brand":[],"product_cat":[123],"product_tag":[],"class_list":{"0":"post-1453","1":"product","2":"type-product","3":"status-publish","4":"has-post-thumbnail","6":"product_cat-pialla-per-legno","7":"product_shipping_class-classe-2","9":"first","10":"instock","11":"shipping-taxable","12":"purchasable","13":"product-type-simple"},"yoast_head":"<!-- This site is optimized with the Yoast SEO plugin v27.1 - https:\/\/yoast.com\/product\/yoast-seo-wordpress\/ -->\n<title>Pialla per il legno FSC 310 - Tecnosuisse<\/title>\n<meta name=\"robots\" content=\"index, follow, max-snippet:-1, max-image-preview:large, max-video-preview:-1\" \/>\n<link rel=\"canonical\" href=\"https:\/\/www.tecnosuissesa.com\/it\/product\/pialla-per-il-legno-fsc-310\/\" \/>\n<meta property=\"og:locale\" content=\"it_IT\" \/>\n<meta property=\"og:type\" content=\"article\" \/>\n<meta property=\"og:title\" content=\"Pialla per il legno FSC 310 - Tecnosuisse\" \/>\n<meta property=\"og:description\" content=\"Pialla a filo e spessore FSC 310 dotata di albero pialla da 310 mm e motore monofase da 3 Hp (a richiesta anche trifase) con cavatrice integrata\" \/>\n<meta property=\"og:url\" content=\"https:\/\/www.tecnosuissesa.com\/it\/product\/pialla-per-il-legno-fsc-310\/\" \/>\n<meta property=\"og:site_name\" content=\"Tecnosuisse\" \/>\n<meta property=\"article:publisher\" content=\"https:\/\/www.facebook.com\/tecnosuisse\/\" \/>\n<meta property=\"article:modified_time\" content=\"2017-10-03T14:44:01+00:00\" \/>\n<meta property=\"og:image\" content=\"https:\/\/www.tecnosuissesa.com\/wp-content\/uploads\/2017\/10\/lato-1-9.jpg\" \/>\n\t<meta property=\"og:image:width\" content=\"1024\" \/>\n\t<meta property=\"og:image:height\" content=\"768\" \/>\n\t<meta property=\"og:image:type\" content=\"image\/jpeg\" \/>\n<meta name=\"twitter:card\" content=\"summary_large_image\" \/>\n<meta name=\"twitter:label1\" content=\"Tempo di lettura stimato\" \/>\n\t<meta name=\"twitter:data1\" content=\"1 minuto\" \/>\n<script type=\"application\/ld+json\" class=\"yoast-schema-graph\">{\"@context\":\"https:\/\/schema.org\",\"@graph\":[{\"@type\":\"WebPage\",\"@id\":\"https:\/\/www.tecnosuissesa.com\/it\/product\/pialla-per-il-legno-fsc-310\/\",\"url\":\"https:\/\/www.tecnosuissesa.com\/it\/product\/pialla-per-il-legno-fsc-310\/\",\"name\":\"Pialla per il legno FSC 310 - Tecnosuisse\",\"isPartOf\":{\"@id\":\"https:\/\/www.tecnosuissesa.com\/it\/#website\"},\"primaryImageOfPage\":{\"@id\":\"https:\/\/www.tecnosuissesa.com\/it\/product\/pialla-per-il-legno-fsc-310\/#primaryimage\"},\"image\":{\"@id\":\"https:\/\/www.tecnosuissesa.com\/it\/product\/pialla-per-il-legno-fsc-310\/#primaryimage\"},\"thumbnailUrl\":\"https:\/\/www.tecnosuissesa.com\/wp-content\/uploads\/2017\/10\/lato-1-9.jpg\",\"datePublished\":\"2017-10-02T13:46:12+00:00\",\"dateModified\":\"2017-10-03T14:44:01+00:00\",\"breadcrumb\":{\"@id\":\"https:\/\/www.tecnosuissesa.com\/it\/product\/pialla-per-il-legno-fsc-310\/#breadcrumb\"},\"inLanguage\":\"it-IT\",\"potentialAction\":[{\"@type\":\"ReadAction\",\"target\":[\"https:\/\/www.tecnosuissesa.com\/it\/product\/pialla-per-il-legno-fsc-310\/\"]}]},{\"@type\":\"ImageObject\",\"inLanguage\":\"it-IT\",\"@id\":\"https:\/\/www.tecnosuissesa.com\/it\/product\/pialla-per-il-legno-fsc-310\/#primaryimage\",\"url\":\"https:\/\/www.tecnosuissesa.com\/wp-content\/uploads\/2017\/10\/lato-1-9.jpg\",\"contentUrl\":\"https:\/\/www.tecnosuissesa.com\/wp-content\/uploads\/2017\/10\/lato-1-9.jpg\",\"width\":1024,\"height\":768},{\"@type\":\"BreadcrumbList\",\"@id\":\"https:\/\/www.tecnosuissesa.com\/it\/product\/pialla-per-il-legno-fsc-310\/#breadcrumb\",\"itemListElement\":[{\"@type\":\"ListItem\",\"position\":1,\"name\":\"Home\",\"item\":\"https:\/\/www.tecnosuissesa.com\/it\/\"},{\"@type\":\"ListItem\",\"position\":2,\"name\":\"Vendita di Macchine Utensili per Legno e per Metalli\",\"item\":\"https:\/\/www.tecnosuissesa.com\/it\/vendita-macchine-utensili\/\"},{\"@type\":\"ListItem\",\"position\":3,\"name\":\"Pialla per il legno FSC 310\"}]},{\"@type\":\"WebSite\",\"@id\":\"https:\/\/www.tecnosuissesa.com\/it\/#website\",\"url\":\"https:\/\/www.tecnosuissesa.com\/it\/\",\"name\":\"Tecnosuisse\",\"description\":\"Macchine Utensili per Legno e Metalli\",\"publisher\":{\"@id\":\"https:\/\/www.tecnosuissesa.com\/it\/#organization\"},\"potentialAction\":[{\"@type\":\"SearchAction\",\"target\":{\"@type\":\"EntryPoint\",\"urlTemplate\":\"https:\/\/www.tecnosuissesa.com\/it\/?s={search_term_string}\"},\"query-input\":{\"@type\":\"PropertyValueSpecification\",\"valueRequired\":true,\"valueName\":\"search_term_string\"}}],\"inLanguage\":\"it-IT\"},{\"@type\":\"Organization\",\"@id\":\"https:\/\/www.tecnosuissesa.com\/it\/#organization\",\"name\":\"Tecnosuisse\",\"url\":\"https:\/\/www.tecnosuissesa.com\/it\/\",\"logo\":{\"@type\":\"ImageObject\",\"inLanguage\":\"it-IT\",\"@id\":\"https:\/\/www.tecnosuissesa.com\/it\/#\/schema\/logo\/image\/\",\"url\":\"https:\/\/www.tecnosuissesa.com\/wp-content\/uploads\/2017\/08\/Logo_TecnoSuisse_627x627.png\",\"contentUrl\":\"https:\/\/www.tecnosuissesa.com\/wp-content\/uploads\/2017\/08\/Logo_TecnoSuisse_627x627.png\",\"width\":627,\"height\":627,\"caption\":\"Tecnosuisse\"},\"image\":{\"@id\":\"https:\/\/www.tecnosuissesa.com\/it\/#\/schema\/logo\/image\/\"},\"sameAs\":[\"https:\/\/www.facebook.com\/tecnosuisse\/\",\"https:\/\/www.youtube.com\/channel\/UCSoxFNkw8ZiE4jP9OY8AdFg\"]}]}<\/script>\n<!-- \/ Yoast SEO plugin. -->","yoast_head_json":{"title":"Pialla per il legno FSC 310 - Tecnosuisse","robots":{"index":"index","follow":"follow","max-snippet":"max-snippet:-1","max-image-preview":"max-image-preview:large","max-video-preview":"max-video-preview:-1"},"canonical":"https:\/\/www.tecnosuissesa.com\/it\/product\/pialla-per-il-legno-fsc-310\/","og_locale":"it_IT","og_type":"article","og_title":"Pialla per il legno FSC 310 - Tecnosuisse","og_description":"Pialla a filo e spessore FSC 310 dotata di albero pialla da 310 mm e motore monofase da 3 Hp (a richiesta anche trifase) con cavatrice integrata","og_url":"https:\/\/www.tecnosuissesa.com\/it\/product\/pialla-per-il-legno-fsc-310\/","og_site_name":"Tecnosuisse","article_publisher":"https:\/\/www.facebook.com\/tecnosuisse\/","article_modified_time":"2017-10-03T14:44:01+00:00","og_image":[{"width":1024,"height":768,"url":"https:\/\/www.tecnosuissesa.com\/wp-content\/uploads\/2017\/10\/lato-1-9.jpg","type":"image\/jpeg"}],"twitter_card":"summary_large_image","twitter_misc":{"Tempo di lettura stimato":"1 minuto"},"schema":{"@context":"https:\/\/schema.org","@graph":[{"@type":"WebPage","@id":"https:\/\/www.tecnosuissesa.com\/it\/product\/pialla-per-il-legno-fsc-310\/","url":"https:\/\/www.tecnosuissesa.com\/it\/product\/pialla-per-il-legno-fsc-310\/","name":"Pialla per il legno FSC 310 - Tecnosuisse","isPartOf":{"@id":"https:\/\/www.tecnosuissesa.com\/it\/#website"},"primaryImageOfPage":{"@id":"https:\/\/www.tecnosuissesa.com\/it\/product\/pialla-per-il-legno-fsc-310\/#primaryimage"},"image":{"@id":"https:\/\/www.tecnosuissesa.com\/it\/product\/pialla-per-il-legno-fsc-310\/#primaryimage"},"thumbnailUrl":"https:\/\/www.tecnosuissesa.com\/wp-content\/uploads\/2017\/10\/lato-1-9.jpg","datePublished":"2017-10-02T13:46:12+00:00","dateModified":"2017-10-03T14:44:01+00:00","breadcrumb":{"@id":"https:\/\/www.tecnosuissesa.com\/it\/product\/pialla-per-il-legno-fsc-310\/#breadcrumb"},"inLanguage":"it-IT","potentialAction":[{"@type":"ReadAction","target":["https:\/\/www.tecnosuissesa.com\/it\/product\/pialla-per-il-legno-fsc-310\/"]}]},{"@type":"ImageObject","inLanguage":"it-IT","@id":"https:\/\/www.tecnosuissesa.com\/it\/product\/pialla-per-il-legno-fsc-310\/#primaryimage","url":"https:\/\/www.tecnosuissesa.com\/wp-content\/uploads\/2017\/10\/lato-1-9.jpg","contentUrl":"https:\/\/www.tecnosuissesa.com\/wp-content\/uploads\/2017\/10\/lato-1-9.jpg","width":1024,"height":768},{"@type":"BreadcrumbList","@id":"https:\/\/www.tecnosuissesa.com\/it\/product\/pialla-per-il-legno-fsc-310\/#breadcrumb","itemListElement":[{"@type":"ListItem","position":1,"name":"Home","item":"https:\/\/www.tecnosuissesa.com\/it\/"},{"@type":"ListItem","position":2,"name":"Vendita di Macchine Utensili per Legno e per Metalli","item":"https:\/\/www.tecnosuissesa.com\/it\/vendita-macchine-utensili\/"},{"@type":"ListItem","position":3,"name":"Pialla per il legno FSC 310"}]},{"@type":"WebSite","@id":"https:\/\/www.tecnosuissesa.com\/it\/#website","url":"https:\/\/www.tecnosuissesa.com\/it\/","name":"Tecnosuisse","description":"Macchine Utensili per Legno e Metalli","publisher":{"@id":"https:\/\/www.tecnosuissesa.com\/it\/#organization"},"potentialAction":[{"@type":"SearchAction","target":{"@type":"EntryPoint","urlTemplate":"https:\/\/www.tecnosuissesa.com\/it\/?s={search_term_string}"},"query-input":{"@type":"PropertyValueSpecification","valueRequired":true,"valueName":"search_term_string"}}],"inLanguage":"it-IT"},{"@type":"Organization","@id":"https:\/\/www.tecnosuissesa.com\/it\/#organization","name":"Tecnosuisse","url":"https:\/\/www.tecnosuissesa.com\/it\/","logo":{"@type":"ImageObject","inLanguage":"it-IT","@id":"https:\/\/www.tecnosuissesa.com\/it\/#\/schema\/logo\/image\/","url":"https:\/\/www.tecnosuissesa.com\/wp-content\/uploads\/2017\/08\/Logo_TecnoSuisse_627x627.png","contentUrl":"https:\/\/www.tecnosuissesa.com\/wp-content\/uploads\/2017\/08\/Logo_TecnoSuisse_627x627.png","width":627,"height":627,"caption":"Tecnosuisse"},"image":{"@id":"https:\/\/www.tecnosuissesa.com\/it\/#\/schema\/logo\/image\/"},"sameAs":["https:\/\/www.facebook.com\/tecnosuisse\/","https:\/\/www.youtube.com\/channel\/UCSoxFNkw8ZiE4jP9OY8AdFg"]}]}},"_links":{"self":[{"href":"https:\/\/www.tecnosuissesa.com\/it\/wp-json\/wp\/v2\/product\/1453","targetHints":{"allow":["GET"]}}],"collection":[{"href":"https:\/\/www.tecnosuissesa.com\/it\/wp-json\/wp\/v2\/product"}],"about":[{"href":"https:\/\/www.tecnosuissesa.com\/it\/wp-json\/wp\/v2\/types\/product"}],"replies":[{"embeddable":true,"href":"https:\/\/www.tecnosuissesa.com\/it\/wp-json\/wp\/v2\/comments?post=1453"}],"wp:featuredmedia":[{"embeddable":true,"href":"https:\/\/www.tecnosuissesa.com\/it\/wp-json\/wp\/v2\/media\/1765"}],"wp:attachment":[{"href":"https:\/\/www.tecnosuissesa.com\/it\/wp-json\/wp\/v2\/media?parent=1453"}],"wp:term":[{"taxonomy":"product_brand","embeddable":true,"href":"https:\/\/www.tecnosuissesa.com\/it\/wp-json\/wp\/v2\/product_brand?post=1453"},{"taxonomy":"product_cat","embeddable":true,"href":"https:\/\/www.tecnosuissesa.com\/it\/wp-json\/wp\/v2\/product_cat?post=1453"},{"taxonomy":"product_tag","embeddable":true,"href":"https:\/\/www.tecnosuissesa.com\/it\/wp-json\/wp\/v2\/product_tag?post=1453"}],"curies":[{"name":"wp","href":"https:\/\/api.w.org\/{rel}","templated":true}]}}