{"id":1402,"date":"2017-10-02T15:11:07","date_gmt":"2017-10-02T13:11:07","guid":{"rendered":"https:\/\/www.tecnosuissesa.com\/?post_type=product&#038;p=1402"},"modified":"2017-10-02T15:11:07","modified_gmt":"2017-10-02T13:11:07","slug":"squadratrice-per-legno-voyager-sc1","status":"publish","type":"product","link":"https:\/\/www.tecnosuissesa.com\/it\/product\/squadratrice-per-legno-voyager-sc1\/","title":{"rendered":"Squadratrice per legno Voyager SC1"},"content":{"rendered":"<p><strong>Descrizione:<\/strong><\/p>\n<p>E&#8217; una squadratrice per legno che si rivolge al mercato del &#8220;fai da te&#8221; e dell&#8217;Hobby. Con un piano di 530 x 1010 mm questa squadratrice dimostra di essere una piccola grande macchina. Grazie alla possibilit\u00e0 di inclinare la lama da 0 a 45 e all&#8217;utilizzo delle 2 guide millimetrate di estrema precisione, \u00e8 possibile effettuare moltissime squadrature diverse. Il motore che alimenta la macchina \u00e8 un potente 2 cavalli monofase che permette di lavorare in maniera continuativa e prolungata nel tempo.<\/p>\n<div id=\"article\">\n<div id=\"tavola-tecnica\">\n<table border=\"1\" width=\"100%\" cellspacing=\"0\" cellpadding=\"0\">\n<tbody>\n<tr>\n<td colspan=\"2\" valign=\"top\">\n<div align=\"center\"><strong>DATI TECNICI<\/strong><\/div>\n<\/td>\n<\/tr>\n<tr>\n<td colspan=\"2\"><strong>DIMENSIONI DI INGOMBRO<\/strong><\/td>\n<\/tr>\n<tr>\n<td>Ingombro massimo con carrello e guide<\/td>\n<td>1600 x 1000 mm<\/td>\n<\/tr>\n<tr>\n<td>Altezza piano squadratrice<\/td>\n<td>850 mm<\/td>\n<\/tr>\n<tr>\n<td>Peso netto macchina<\/td>\n<td>45 Kg<\/td>\n<\/tr>\n<tr>\n<td colspan=\"2\"><strong>SEGA CIRCOLARE<\/strong><\/td>\n<\/tr>\n<tr>\n<td>Diametro sega<\/td>\n<td>200 mm<\/td>\n<\/tr>\n<tr>\n<td>Massimo taglio in altezza a 90\u00b0<\/td>\n<td>60 mm<\/td>\n<\/tr>\n<tr>\n<td>Massimo taglio in altezza a 45\u00b0<\/td>\n<td>40 mm<\/td>\n<\/tr>\n<tr>\n<td>Velocit\u00e0 albero sega<\/td>\n<td>4700 G\/Min<\/td>\n<\/tr>\n<tr>\n<td colspan=\"2\"><strong>CARRELLO A SQUADRARE<\/strong><\/td>\n<\/tr>\n<tr>\n<td>Dimensioni<\/td>\n<td>400 x 250 mm<\/td>\n<\/tr>\n<tr>\n<td>Tipologia<\/td>\n<td>Scorrimento su cuscinetti metallici<\/td>\n<\/tr>\n<tr>\n<td>Corsa carrello<\/td>\n<td>695 mm<\/td>\n<\/tr>\n<tr>\n<td colspan=\"2\"><strong>MOTORE<\/strong><\/td>\n<\/tr>\n<tr>\n<td>Potenza<\/td>\n<td>1,1 Kw \/ 230 V<\/td>\n<\/tr>\n<tr>\n<td>Tipologia<\/td>\n<td>Monofase<\/td>\n<\/tr>\n<\/tbody>\n<\/table>\n<\/div>\n<\/div>\n","protected":false},"excerpt":{"rendered":"<p align=\"justify\">Squadratrice per legno SC1<\/p>\n<p align=\"justify\">Rivolta al campo hobbistico e dotata di circolare \u00d8 200 mm, carrello a squadrare con scorrimento su cuscinetti e motore da 1100 W<\/p>\n","protected":false},"featured_media":1403,"comment_status":"open","ping_status":"closed","template":"","meta":[],"product_brand":[],"product_cat":[116],"product_tag":[],"class_list":{"0":"post-1402","1":"product","2":"type-product","3":"status-publish","4":"has-post-thumbnail","6":"product_cat-squadratrici-per-legno","7":"product_shipping_class-classe-2","9":"first","10":"instock","11":"shipping-taxable","12":"purchasable","13":"product-type-simple"},"yoast_head":"<!-- This site is optimized with the Yoast SEO plugin v27.1 - https:\/\/yoast.com\/product\/yoast-seo-wordpress\/ -->\n<title>Squadratrice per legno Voyager SC1 - Tecnosuisse<\/title>\n<meta name=\"robots\" content=\"index, follow, max-snippet:-1, max-image-preview:large, max-video-preview:-1\" \/>\n<link rel=\"canonical\" href=\"https:\/\/www.tecnosuissesa.com\/it\/product\/squadratrice-per-legno-voyager-sc1\/\" \/>\n<meta property=\"og:locale\" content=\"it_IT\" \/>\n<meta property=\"og:type\" content=\"article\" \/>\n<meta property=\"og:title\" content=\"Squadratrice per legno Voyager SC1 - Tecnosuisse\" \/>\n<meta property=\"og:description\" content=\"Squadratrice per legno SC1 Rivolta al campo hobbistico e dotata di circolare \u00d8 200 mm, carrello a squadrare con scorrimento su cuscinetti e motore da 1100 W\" \/>\n<meta property=\"og:url\" content=\"https:\/\/www.tecnosuissesa.com\/it\/product\/squadratrice-per-legno-voyager-sc1\/\" \/>\n<meta property=\"og:site_name\" content=\"Tecnosuisse\" \/>\n<meta property=\"article:publisher\" content=\"https:\/\/www.facebook.com\/tecnosuisse\/\" \/>\n<meta property=\"og:image\" content=\"https:\/\/www.tecnosuissesa.com\/wp-content\/uploads\/2017\/10\/lato-2-1.jpg\" \/>\n\t<meta property=\"og:image:width\" content=\"1024\" \/>\n\t<meta property=\"og:image:height\" content=\"768\" \/>\n\t<meta property=\"og:image:type\" content=\"image\/jpeg\" \/>\n<meta name=\"twitter:card\" content=\"summary_large_image\" \/>\n<meta name=\"twitter:label1\" content=\"Tempo di lettura stimato\" \/>\n\t<meta name=\"twitter:data1\" content=\"1 minuto\" \/>\n<script type=\"application\/ld+json\" class=\"yoast-schema-graph\">{\"@context\":\"https:\/\/schema.org\",\"@graph\":[{\"@type\":\"WebPage\",\"@id\":\"https:\/\/www.tecnosuissesa.com\/it\/product\/squadratrice-per-legno-voyager-sc1\/\",\"url\":\"https:\/\/www.tecnosuissesa.com\/it\/product\/squadratrice-per-legno-voyager-sc1\/\",\"name\":\"Squadratrice per legno Voyager SC1 - Tecnosuisse\",\"isPartOf\":{\"@id\":\"https:\/\/www.tecnosuissesa.com\/it\/#website\"},\"primaryImageOfPage\":{\"@id\":\"https:\/\/www.tecnosuissesa.com\/it\/product\/squadratrice-per-legno-voyager-sc1\/#primaryimage\"},\"image\":{\"@id\":\"https:\/\/www.tecnosuissesa.com\/it\/product\/squadratrice-per-legno-voyager-sc1\/#primaryimage\"},\"thumbnailUrl\":\"https:\/\/www.tecnosuissesa.com\/wp-content\/uploads\/2017\/10\/lato-2-1.jpg\",\"datePublished\":\"2017-10-02T13:11:07+00:00\",\"breadcrumb\":{\"@id\":\"https:\/\/www.tecnosuissesa.com\/it\/product\/squadratrice-per-legno-voyager-sc1\/#breadcrumb\"},\"inLanguage\":\"it-IT\",\"potentialAction\":[{\"@type\":\"ReadAction\",\"target\":[\"https:\/\/www.tecnosuissesa.com\/it\/product\/squadratrice-per-legno-voyager-sc1\/\"]}]},{\"@type\":\"ImageObject\",\"inLanguage\":\"it-IT\",\"@id\":\"https:\/\/www.tecnosuissesa.com\/it\/product\/squadratrice-per-legno-voyager-sc1\/#primaryimage\",\"url\":\"https:\/\/www.tecnosuissesa.com\/wp-content\/uploads\/2017\/10\/lato-2-1.jpg\",\"contentUrl\":\"https:\/\/www.tecnosuissesa.com\/wp-content\/uploads\/2017\/10\/lato-2-1.jpg\",\"width\":1024,\"height\":768},{\"@type\":\"BreadcrumbList\",\"@id\":\"https:\/\/www.tecnosuissesa.com\/it\/product\/squadratrice-per-legno-voyager-sc1\/#breadcrumb\",\"itemListElement\":[{\"@type\":\"ListItem\",\"position\":1,\"name\":\"Home\",\"item\":\"https:\/\/www.tecnosuissesa.com\/it\/\"},{\"@type\":\"ListItem\",\"position\":2,\"name\":\"Vendita di Macchine Utensili per Legno e per Metalli\",\"item\":\"https:\/\/www.tecnosuissesa.com\/it\/vendita-macchine-utensili\/\"},{\"@type\":\"ListItem\",\"position\":3,\"name\":\"Squadratrice per legno Voyager SC1\"}]},{\"@type\":\"WebSite\",\"@id\":\"https:\/\/www.tecnosuissesa.com\/it\/#website\",\"url\":\"https:\/\/www.tecnosuissesa.com\/it\/\",\"name\":\"Tecnosuisse\",\"description\":\"Macchine Utensili per Legno e Metalli\",\"publisher\":{\"@id\":\"https:\/\/www.tecnosuissesa.com\/it\/#organization\"},\"potentialAction\":[{\"@type\":\"SearchAction\",\"target\":{\"@type\":\"EntryPoint\",\"urlTemplate\":\"https:\/\/www.tecnosuissesa.com\/it\/?s={search_term_string}\"},\"query-input\":{\"@type\":\"PropertyValueSpecification\",\"valueRequired\":true,\"valueName\":\"search_term_string\"}}],\"inLanguage\":\"it-IT\"},{\"@type\":\"Organization\",\"@id\":\"https:\/\/www.tecnosuissesa.com\/it\/#organization\",\"name\":\"Tecnosuisse\",\"url\":\"https:\/\/www.tecnosuissesa.com\/it\/\",\"logo\":{\"@type\":\"ImageObject\",\"inLanguage\":\"it-IT\",\"@id\":\"https:\/\/www.tecnosuissesa.com\/it\/#\/schema\/logo\/image\/\",\"url\":\"https:\/\/www.tecnosuissesa.com\/wp-content\/uploads\/2017\/08\/Logo_TecnoSuisse_627x627.png\",\"contentUrl\":\"https:\/\/www.tecnosuissesa.com\/wp-content\/uploads\/2017\/08\/Logo_TecnoSuisse_627x627.png\",\"width\":627,\"height\":627,\"caption\":\"Tecnosuisse\"},\"image\":{\"@id\":\"https:\/\/www.tecnosuissesa.com\/it\/#\/schema\/logo\/image\/\"},\"sameAs\":[\"https:\/\/www.facebook.com\/tecnosuisse\/\",\"https:\/\/www.youtube.com\/channel\/UCSoxFNkw8ZiE4jP9OY8AdFg\"]}]}<\/script>\n<!-- \/ Yoast SEO plugin. -->","yoast_head_json":{"title":"Squadratrice per legno Voyager SC1 - Tecnosuisse","robots":{"index":"index","follow":"follow","max-snippet":"max-snippet:-1","max-image-preview":"max-image-preview:large","max-video-preview":"max-video-preview:-1"},"canonical":"https:\/\/www.tecnosuissesa.com\/it\/product\/squadratrice-per-legno-voyager-sc1\/","og_locale":"it_IT","og_type":"article","og_title":"Squadratrice per legno Voyager SC1 - Tecnosuisse","og_description":"Squadratrice per legno SC1 Rivolta al campo hobbistico e dotata di circolare \u00d8 200 mm, carrello a squadrare con scorrimento su cuscinetti e motore da 1100 W","og_url":"https:\/\/www.tecnosuissesa.com\/it\/product\/squadratrice-per-legno-voyager-sc1\/","og_site_name":"Tecnosuisse","article_publisher":"https:\/\/www.facebook.com\/tecnosuisse\/","og_image":[{"width":1024,"height":768,"url":"https:\/\/www.tecnosuissesa.com\/wp-content\/uploads\/2017\/10\/lato-2-1.jpg","type":"image\/jpeg"}],"twitter_card":"summary_large_image","twitter_misc":{"Tempo di lettura stimato":"1 minuto"},"schema":{"@context":"https:\/\/schema.org","@graph":[{"@type":"WebPage","@id":"https:\/\/www.tecnosuissesa.com\/it\/product\/squadratrice-per-legno-voyager-sc1\/","url":"https:\/\/www.tecnosuissesa.com\/it\/product\/squadratrice-per-legno-voyager-sc1\/","name":"Squadratrice per legno Voyager SC1 - Tecnosuisse","isPartOf":{"@id":"https:\/\/www.tecnosuissesa.com\/it\/#website"},"primaryImageOfPage":{"@id":"https:\/\/www.tecnosuissesa.com\/it\/product\/squadratrice-per-legno-voyager-sc1\/#primaryimage"},"image":{"@id":"https:\/\/www.tecnosuissesa.com\/it\/product\/squadratrice-per-legno-voyager-sc1\/#primaryimage"},"thumbnailUrl":"https:\/\/www.tecnosuissesa.com\/wp-content\/uploads\/2017\/10\/lato-2-1.jpg","datePublished":"2017-10-02T13:11:07+00:00","breadcrumb":{"@id":"https:\/\/www.tecnosuissesa.com\/it\/product\/squadratrice-per-legno-voyager-sc1\/#breadcrumb"},"inLanguage":"it-IT","potentialAction":[{"@type":"ReadAction","target":["https:\/\/www.tecnosuissesa.com\/it\/product\/squadratrice-per-legno-voyager-sc1\/"]}]},{"@type":"ImageObject","inLanguage":"it-IT","@id":"https:\/\/www.tecnosuissesa.com\/it\/product\/squadratrice-per-legno-voyager-sc1\/#primaryimage","url":"https:\/\/www.tecnosuissesa.com\/wp-content\/uploads\/2017\/10\/lato-2-1.jpg","contentUrl":"https:\/\/www.tecnosuissesa.com\/wp-content\/uploads\/2017\/10\/lato-2-1.jpg","width":1024,"height":768},{"@type":"BreadcrumbList","@id":"https:\/\/www.tecnosuissesa.com\/it\/product\/squadratrice-per-legno-voyager-sc1\/#breadcrumb","itemListElement":[{"@type":"ListItem","position":1,"name":"Home","item":"https:\/\/www.tecnosuissesa.com\/it\/"},{"@type":"ListItem","position":2,"name":"Vendita di Macchine Utensili per Legno e per Metalli","item":"https:\/\/www.tecnosuissesa.com\/it\/vendita-macchine-utensili\/"},{"@type":"ListItem","position":3,"name":"Squadratrice per legno Voyager SC1"}]},{"@type":"WebSite","@id":"https:\/\/www.tecnosuissesa.com\/it\/#website","url":"https:\/\/www.tecnosuissesa.com\/it\/","name":"Tecnosuisse","description":"Macchine Utensili per Legno e Metalli","publisher":{"@id":"https:\/\/www.tecnosuissesa.com\/it\/#organization"},"potentialAction":[{"@type":"SearchAction","target":{"@type":"EntryPoint","urlTemplate":"https:\/\/www.tecnosuissesa.com\/it\/?s={search_term_string}"},"query-input":{"@type":"PropertyValueSpecification","valueRequired":true,"valueName":"search_term_string"}}],"inLanguage":"it-IT"},{"@type":"Organization","@id":"https:\/\/www.tecnosuissesa.com\/it\/#organization","name":"Tecnosuisse","url":"https:\/\/www.tecnosuissesa.com\/it\/","logo":{"@type":"ImageObject","inLanguage":"it-IT","@id":"https:\/\/www.tecnosuissesa.com\/it\/#\/schema\/logo\/image\/","url":"https:\/\/www.tecnosuissesa.com\/wp-content\/uploads\/2017\/08\/Logo_TecnoSuisse_627x627.png","contentUrl":"https:\/\/www.tecnosuissesa.com\/wp-content\/uploads\/2017\/08\/Logo_TecnoSuisse_627x627.png","width":627,"height":627,"caption":"Tecnosuisse"},"image":{"@id":"https:\/\/www.tecnosuissesa.com\/it\/#\/schema\/logo\/image\/"},"sameAs":["https:\/\/www.facebook.com\/tecnosuisse\/","https:\/\/www.youtube.com\/channel\/UCSoxFNkw8ZiE4jP9OY8AdFg"]}]}},"_links":{"self":[{"href":"https:\/\/www.tecnosuissesa.com\/it\/wp-json\/wp\/v2\/product\/1402","targetHints":{"allow":["GET"]}}],"collection":[{"href":"https:\/\/www.tecnosuissesa.com\/it\/wp-json\/wp\/v2\/product"}],"about":[{"href":"https:\/\/www.tecnosuissesa.com\/it\/wp-json\/wp\/v2\/types\/product"}],"replies":[{"embeddable":true,"href":"https:\/\/www.tecnosuissesa.com\/it\/wp-json\/wp\/v2\/comments?post=1402"}],"wp:featuredmedia":[{"embeddable":true,"href":"https:\/\/www.tecnosuissesa.com\/it\/wp-json\/wp\/v2\/media\/1403"}],"wp:attachment":[{"href":"https:\/\/www.tecnosuissesa.com\/it\/wp-json\/wp\/v2\/media?parent=1402"}],"wp:term":[{"taxonomy":"product_brand","embeddable":true,"href":"https:\/\/www.tecnosuissesa.com\/it\/wp-json\/wp\/v2\/product_brand?post=1402"},{"taxonomy":"product_cat","embeddable":true,"href":"https:\/\/www.tecnosuissesa.com\/it\/wp-json\/wp\/v2\/product_cat?post=1402"},{"taxonomy":"product_tag","embeddable":true,"href":"https:\/\/www.tecnosuissesa.com\/it\/wp-json\/wp\/v2\/product_tag?post=1402"}],"curies":[{"name":"wp","href":"https:\/\/api.w.org\/{rel}","templated":true}]}}