{"id":1390,"date":"2017-10-02T11:55:53","date_gmt":"2017-10-02T09:55:53","guid":{"rendered":"https:\/\/www.tecnosuissesa.com\/?post_type=product&#038;p=1390"},"modified":"2017-10-02T11:55:53","modified_gmt":"2017-10-02T09:55:53","slug":"sega-a-nastro-per-legno-professionale-prima-70-trifase","status":"publish","type":"product","link":"https:\/\/www.tecnosuissesa.com\/it\/product\/sega-a-nastro-per-legno-professionale-prima-70-trifase\/","title":{"rendered":"Sega a nastro per legno professionale Prima 70 (trifase)"},"content":{"rendered":"<p>E&#8217; una sega a nastro di tipo professionale in quanto dotata di piani e volani in ghisa, carpenteria in acciaio carenato e guida lama millimetrata al alta precisione. Il diametro dei volani di questa sega \u00e8 di 700 mm mentre il motore che alimenta la macchina \u00e8 un potentissimo TRIFASE. Il piano sega \u00e8 di tipo inclinabile e viene venduto in configurazione standard gi\u00e0 con guida e goniometro. Nella parte inferiore \u00e8 presente un bocchettone dove poter collegare un aspiratore con tubo di diametro 100 mm.<\/p>\n<div id=\"article\">\n<div id=\"tavola-tecnica\">\n<table border=\"1\" width=\"100%\" cellspacing=\"0\" cellpadding=\"0\">\n<tbody>\n<tr>\n<td colspan=\"2\" valign=\"top\">\n<div align=\"center\"><strong>DATI TECNICI<\/strong><\/div>\n<\/td>\n<\/tr>\n<tr>\n<td colspan=\"2\"><strong>DIMENSIONI DI INGOMBRO MACCHINA<\/strong><\/td>\n<\/tr>\n<tr>\n<td width=\"415\">Dimensioni macchina<\/td>\n<td width=\"414\">2.223 x 700 x 1.090 mm<\/td>\n<\/tr>\n<tr>\n<td>Dimensioni imballo<\/td>\n<td>2.243 x 720 x 1.110 mm<\/td>\n<\/tr>\n<tr>\n<td>Peso netto della macchina<\/td>\n<td>500 Kg<\/td>\n<\/tr>\n<tr>\n<td>Peso lordo (macchina nell&#8217;imballo)<\/td>\n<td>570 Kg<\/td>\n<\/tr>\n<tr>\n<td colspan=\"2\"><strong>SPECIFICHE SEGA A NASTRO<\/strong><\/td>\n<\/tr>\n<tr>\n<td>Dimensione piano<\/td>\n<td>1030 x 620 mm<\/td>\n<\/tr>\n<tr>\n<td>Diametro Volani<\/td>\n<td>700 mm<\/td>\n<\/tr>\n<tr>\n<td>Tipologia piano<\/td>\n<td>ghisa inclinabili<\/td>\n<\/tr>\n<tr>\n<td>Distanza tra la lama e la colonna<\/td>\n<td>70 cm<\/td>\n<\/tr>\n<tr>\n<td>Massima altezza di taglio verticale<\/td>\n<td>350 mm<\/td>\n<\/tr>\n<tr>\n<td>Massimo sviluppo lama sui volani<\/td>\n<td>4850 mm<\/td>\n<\/tr>\n<tr>\n<td>Minimo sviluppo lama sui volani<\/td>\n<td>4800 mm<\/td>\n<\/tr>\n<tr>\n<td>Sviluppo lama in dotazione<\/td>\n<td>4800 mm<\/td>\n<\/tr>\n<tr>\n<td>Sviluppo lama fornita come ricambio<\/td>\n<td>4840 mm<\/td>\n<\/tr>\n<tr>\n<td>Larghezza lama data in dotazione<\/td>\n<td>38 mm<\/td>\n<\/tr>\n<tr>\n<td>Goniometro per tagli angolati<\/td>\n<td>si<\/td>\n<\/tr>\n<tr>\n<td>Guida millimetrata<\/td>\n<td>si<\/td>\n<\/tr>\n<tr>\n<td colspan=\"2\"><strong>MOTORE<\/strong><\/td>\n<\/tr>\n<tr>\n<td>Potenza<\/td>\n<td>Hp 5,5 (Kw 4)<\/td>\n<\/tr>\n<tr>\n<td>Tipologia<\/td>\n<td>Trifase<\/td>\n<\/tr>\n<tr>\n<td>Salvamotore<\/td>\n<td>si<\/td>\n<\/tr>\n<\/tbody>\n<\/table>\n<\/div>\n<\/div>\n","protected":false},"excerpt":{"rendered":"<p align=\"justify\">Sega a nastro professionale per legno Prima 70 (trifase) dotata di volani in ghisa da 700 mm di diametro, piano sega inclinabile e motore trifase con potenza di 4 Cavalli<\/p>\n","protected":false},"featured_media":1391,"comment_status":"open","ping_status":"closed","template":"","meta":[],"product_brand":[],"product_cat":[17],"product_tag":[],"class_list":{"0":"post-1390","1":"product","2":"type-product","3":"status-publish","4":"has-post-thumbnail","6":"product_cat-seghe-a-nastro","7":"product_shipping_class-classe-2","9":"first","10":"instock","11":"shipping-taxable","12":"purchasable","13":"product-type-simple"},"yoast_head":"<!-- This site is optimized with the Yoast SEO plugin v27.1 - https:\/\/yoast.com\/product\/yoast-seo-wordpress\/ -->\n<title>Sega a nastro per legno professionale Prima 70 (trifase) - Tecnosuisse<\/title>\n<meta name=\"robots\" content=\"index, follow, max-snippet:-1, max-image-preview:large, max-video-preview:-1\" \/>\n<link rel=\"canonical\" href=\"https:\/\/www.tecnosuissesa.com\/it\/product\/sega-a-nastro-per-legno-professionale-prima-70-trifase\/\" \/>\n<meta property=\"og:locale\" content=\"it_IT\" \/>\n<meta property=\"og:type\" content=\"article\" \/>\n<meta property=\"og:title\" content=\"Sega a nastro per legno professionale Prima 70 (trifase) - Tecnosuisse\" \/>\n<meta property=\"og:description\" content=\"Sega a nastro professionale per legno Prima 70 (trifase) dotata di volani in ghisa da 700 mm di diametro, piano sega inclinabile e motore trifase con potenza di 4 Cavalli\" \/>\n<meta property=\"og:url\" content=\"https:\/\/www.tecnosuissesa.com\/it\/product\/sega-a-nastro-per-legno-professionale-prima-70-trifase\/\" \/>\n<meta property=\"og:site_name\" content=\"Tecnosuisse\" \/>\n<meta property=\"article:publisher\" content=\"https:\/\/www.facebook.com\/tecnosuisse\/\" \/>\n<meta property=\"og:image\" content=\"https:\/\/www.tecnosuissesa.com\/wp-content\/uploads\/2017\/10\/prima-701.jpg\" \/>\n\t<meta property=\"og:image:width\" content=\"1024\" \/>\n\t<meta property=\"og:image:height\" content=\"768\" \/>\n\t<meta property=\"og:image:type\" content=\"image\/jpeg\" \/>\n<meta name=\"twitter:card\" content=\"summary_large_image\" \/>\n<meta name=\"twitter:label1\" content=\"Tempo di lettura stimato\" \/>\n\t<meta name=\"twitter:data1\" content=\"1 minuto\" \/>\n<script type=\"application\/ld+json\" class=\"yoast-schema-graph\">{\"@context\":\"https:\/\/schema.org\",\"@graph\":[{\"@type\":\"WebPage\",\"@id\":\"https:\/\/www.tecnosuissesa.com\/it\/product\/sega-a-nastro-per-legno-professionale-prima-70-trifase\/\",\"url\":\"https:\/\/www.tecnosuissesa.com\/it\/product\/sega-a-nastro-per-legno-professionale-prima-70-trifase\/\",\"name\":\"Sega a nastro per legno professionale Prima 70 (trifase) - Tecnosuisse\",\"isPartOf\":{\"@id\":\"https:\/\/www.tecnosuissesa.com\/it\/#website\"},\"primaryImageOfPage\":{\"@id\":\"https:\/\/www.tecnosuissesa.com\/it\/product\/sega-a-nastro-per-legno-professionale-prima-70-trifase\/#primaryimage\"},\"image\":{\"@id\":\"https:\/\/www.tecnosuissesa.com\/it\/product\/sega-a-nastro-per-legno-professionale-prima-70-trifase\/#primaryimage\"},\"thumbnailUrl\":\"https:\/\/www.tecnosuissesa.com\/wp-content\/uploads\/2017\/10\/prima-701.jpg\",\"datePublished\":\"2017-10-02T09:55:53+00:00\",\"breadcrumb\":{\"@id\":\"https:\/\/www.tecnosuissesa.com\/it\/product\/sega-a-nastro-per-legno-professionale-prima-70-trifase\/#breadcrumb\"},\"inLanguage\":\"it-IT\",\"potentialAction\":[{\"@type\":\"ReadAction\",\"target\":[\"https:\/\/www.tecnosuissesa.com\/it\/product\/sega-a-nastro-per-legno-professionale-prima-70-trifase\/\"]}]},{\"@type\":\"ImageObject\",\"inLanguage\":\"it-IT\",\"@id\":\"https:\/\/www.tecnosuissesa.com\/it\/product\/sega-a-nastro-per-legno-professionale-prima-70-trifase\/#primaryimage\",\"url\":\"https:\/\/www.tecnosuissesa.com\/wp-content\/uploads\/2017\/10\/prima-701.jpg\",\"contentUrl\":\"https:\/\/www.tecnosuissesa.com\/wp-content\/uploads\/2017\/10\/prima-701.jpg\",\"width\":1024,\"height\":768},{\"@type\":\"BreadcrumbList\",\"@id\":\"https:\/\/www.tecnosuissesa.com\/it\/product\/sega-a-nastro-per-legno-professionale-prima-70-trifase\/#breadcrumb\",\"itemListElement\":[{\"@type\":\"ListItem\",\"position\":1,\"name\":\"Home\",\"item\":\"https:\/\/www.tecnosuissesa.com\/it\/\"},{\"@type\":\"ListItem\",\"position\":2,\"name\":\"Vendita di Macchine Utensili per Legno e per Metalli\",\"item\":\"https:\/\/www.tecnosuissesa.com\/it\/vendita-macchine-utensili\/\"},{\"@type\":\"ListItem\",\"position\":3,\"name\":\"Sega a nastro per legno professionale Prima 70 (trifase)\"}]},{\"@type\":\"WebSite\",\"@id\":\"https:\/\/www.tecnosuissesa.com\/it\/#website\",\"url\":\"https:\/\/www.tecnosuissesa.com\/it\/\",\"name\":\"Tecnosuisse\",\"description\":\"Macchine Utensili per Legno e Metalli\",\"publisher\":{\"@id\":\"https:\/\/www.tecnosuissesa.com\/it\/#organization\"},\"potentialAction\":[{\"@type\":\"SearchAction\",\"target\":{\"@type\":\"EntryPoint\",\"urlTemplate\":\"https:\/\/www.tecnosuissesa.com\/it\/?s={search_term_string}\"},\"query-input\":{\"@type\":\"PropertyValueSpecification\",\"valueRequired\":true,\"valueName\":\"search_term_string\"}}],\"inLanguage\":\"it-IT\"},{\"@type\":\"Organization\",\"@id\":\"https:\/\/www.tecnosuissesa.com\/it\/#organization\",\"name\":\"Tecnosuisse\",\"url\":\"https:\/\/www.tecnosuissesa.com\/it\/\",\"logo\":{\"@type\":\"ImageObject\",\"inLanguage\":\"it-IT\",\"@id\":\"https:\/\/www.tecnosuissesa.com\/it\/#\/schema\/logo\/image\/\",\"url\":\"https:\/\/www.tecnosuissesa.com\/wp-content\/uploads\/2017\/08\/Logo_TecnoSuisse_627x627.png\",\"contentUrl\":\"https:\/\/www.tecnosuissesa.com\/wp-content\/uploads\/2017\/08\/Logo_TecnoSuisse_627x627.png\",\"width\":627,\"height\":627,\"caption\":\"Tecnosuisse\"},\"image\":{\"@id\":\"https:\/\/www.tecnosuissesa.com\/it\/#\/schema\/logo\/image\/\"},\"sameAs\":[\"https:\/\/www.facebook.com\/tecnosuisse\/\",\"https:\/\/www.youtube.com\/channel\/UCSoxFNkw8ZiE4jP9OY8AdFg\"]}]}<\/script>\n<!-- \/ Yoast SEO plugin. -->","yoast_head_json":{"title":"Sega a nastro per legno professionale Prima 70 (trifase) - Tecnosuisse","robots":{"index":"index","follow":"follow","max-snippet":"max-snippet:-1","max-image-preview":"max-image-preview:large","max-video-preview":"max-video-preview:-1"},"canonical":"https:\/\/www.tecnosuissesa.com\/it\/product\/sega-a-nastro-per-legno-professionale-prima-70-trifase\/","og_locale":"it_IT","og_type":"article","og_title":"Sega a nastro per legno professionale Prima 70 (trifase) - Tecnosuisse","og_description":"Sega a nastro professionale per legno Prima 70 (trifase) dotata di volani in ghisa da 700 mm di diametro, piano sega inclinabile e motore trifase con potenza di 4 Cavalli","og_url":"https:\/\/www.tecnosuissesa.com\/it\/product\/sega-a-nastro-per-legno-professionale-prima-70-trifase\/","og_site_name":"Tecnosuisse","article_publisher":"https:\/\/www.facebook.com\/tecnosuisse\/","og_image":[{"width":1024,"height":768,"url":"https:\/\/www.tecnosuissesa.com\/wp-content\/uploads\/2017\/10\/prima-701.jpg","type":"image\/jpeg"}],"twitter_card":"summary_large_image","twitter_misc":{"Tempo di lettura stimato":"1 minuto"},"schema":{"@context":"https:\/\/schema.org","@graph":[{"@type":"WebPage","@id":"https:\/\/www.tecnosuissesa.com\/it\/product\/sega-a-nastro-per-legno-professionale-prima-70-trifase\/","url":"https:\/\/www.tecnosuissesa.com\/it\/product\/sega-a-nastro-per-legno-professionale-prima-70-trifase\/","name":"Sega a nastro per legno professionale Prima 70 (trifase) - Tecnosuisse","isPartOf":{"@id":"https:\/\/www.tecnosuissesa.com\/it\/#website"},"primaryImageOfPage":{"@id":"https:\/\/www.tecnosuissesa.com\/it\/product\/sega-a-nastro-per-legno-professionale-prima-70-trifase\/#primaryimage"},"image":{"@id":"https:\/\/www.tecnosuissesa.com\/it\/product\/sega-a-nastro-per-legno-professionale-prima-70-trifase\/#primaryimage"},"thumbnailUrl":"https:\/\/www.tecnosuissesa.com\/wp-content\/uploads\/2017\/10\/prima-701.jpg","datePublished":"2017-10-02T09:55:53+00:00","breadcrumb":{"@id":"https:\/\/www.tecnosuissesa.com\/it\/product\/sega-a-nastro-per-legno-professionale-prima-70-trifase\/#breadcrumb"},"inLanguage":"it-IT","potentialAction":[{"@type":"ReadAction","target":["https:\/\/www.tecnosuissesa.com\/it\/product\/sega-a-nastro-per-legno-professionale-prima-70-trifase\/"]}]},{"@type":"ImageObject","inLanguage":"it-IT","@id":"https:\/\/www.tecnosuissesa.com\/it\/product\/sega-a-nastro-per-legno-professionale-prima-70-trifase\/#primaryimage","url":"https:\/\/www.tecnosuissesa.com\/wp-content\/uploads\/2017\/10\/prima-701.jpg","contentUrl":"https:\/\/www.tecnosuissesa.com\/wp-content\/uploads\/2017\/10\/prima-701.jpg","width":1024,"height":768},{"@type":"BreadcrumbList","@id":"https:\/\/www.tecnosuissesa.com\/it\/product\/sega-a-nastro-per-legno-professionale-prima-70-trifase\/#breadcrumb","itemListElement":[{"@type":"ListItem","position":1,"name":"Home","item":"https:\/\/www.tecnosuissesa.com\/it\/"},{"@type":"ListItem","position":2,"name":"Vendita di Macchine Utensili per Legno e per Metalli","item":"https:\/\/www.tecnosuissesa.com\/it\/vendita-macchine-utensili\/"},{"@type":"ListItem","position":3,"name":"Sega a nastro per legno professionale Prima 70 (trifase)"}]},{"@type":"WebSite","@id":"https:\/\/www.tecnosuissesa.com\/it\/#website","url":"https:\/\/www.tecnosuissesa.com\/it\/","name":"Tecnosuisse","description":"Macchine Utensili per Legno e Metalli","publisher":{"@id":"https:\/\/www.tecnosuissesa.com\/it\/#organization"},"potentialAction":[{"@type":"SearchAction","target":{"@type":"EntryPoint","urlTemplate":"https:\/\/www.tecnosuissesa.com\/it\/?s={search_term_string}"},"query-input":{"@type":"PropertyValueSpecification","valueRequired":true,"valueName":"search_term_string"}}],"inLanguage":"it-IT"},{"@type":"Organization","@id":"https:\/\/www.tecnosuissesa.com\/it\/#organization","name":"Tecnosuisse","url":"https:\/\/www.tecnosuissesa.com\/it\/","logo":{"@type":"ImageObject","inLanguage":"it-IT","@id":"https:\/\/www.tecnosuissesa.com\/it\/#\/schema\/logo\/image\/","url":"https:\/\/www.tecnosuissesa.com\/wp-content\/uploads\/2017\/08\/Logo_TecnoSuisse_627x627.png","contentUrl":"https:\/\/www.tecnosuissesa.com\/wp-content\/uploads\/2017\/08\/Logo_TecnoSuisse_627x627.png","width":627,"height":627,"caption":"Tecnosuisse"},"image":{"@id":"https:\/\/www.tecnosuissesa.com\/it\/#\/schema\/logo\/image\/"},"sameAs":["https:\/\/www.facebook.com\/tecnosuisse\/","https:\/\/www.youtube.com\/channel\/UCSoxFNkw8ZiE4jP9OY8AdFg"]}]}},"_links":{"self":[{"href":"https:\/\/www.tecnosuissesa.com\/it\/wp-json\/wp\/v2\/product\/1390","targetHints":{"allow":["GET"]}}],"collection":[{"href":"https:\/\/www.tecnosuissesa.com\/it\/wp-json\/wp\/v2\/product"}],"about":[{"href":"https:\/\/www.tecnosuissesa.com\/it\/wp-json\/wp\/v2\/types\/product"}],"replies":[{"embeddable":true,"href":"https:\/\/www.tecnosuissesa.com\/it\/wp-json\/wp\/v2\/comments?post=1390"}],"wp:featuredmedia":[{"embeddable":true,"href":"https:\/\/www.tecnosuissesa.com\/it\/wp-json\/wp\/v2\/media\/1391"}],"wp:attachment":[{"href":"https:\/\/www.tecnosuissesa.com\/it\/wp-json\/wp\/v2\/media?parent=1390"}],"wp:term":[{"taxonomy":"product_brand","embeddable":true,"href":"https:\/\/www.tecnosuissesa.com\/it\/wp-json\/wp\/v2\/product_brand?post=1390"},{"taxonomy":"product_cat","embeddable":true,"href":"https:\/\/www.tecnosuissesa.com\/it\/wp-json\/wp\/v2\/product_cat?post=1390"},{"taxonomy":"product_tag","embeddable":true,"href":"https:\/\/www.tecnosuissesa.com\/it\/wp-json\/wp\/v2\/product_tag?post=1390"}],"curies":[{"name":"wp","href":"https:\/\/api.w.org\/{rel}","templated":true}]}}