{"id":1256,"date":"2017-09-29T15:08:23","date_gmt":"2017-09-29T13:08:23","guid":{"rendered":"https:\/\/www.tecnosuissesa.com\/?post_type=product&#038;p=1256"},"modified":"2017-09-29T15:12:30","modified_gmt":"2017-09-29T13:12:30","slug":"trapano-a-colonna-dmtc4119","status":"publish","type":"product","link":"https:\/\/www.tecnosuissesa.com\/it\/product\/trapano-a-colonna-dmtc4119\/","title":{"rendered":"Trapano a colonna Dmtc 4119"},"content":{"rendered":"<p>E&#8217; il pi\u00f9 piccolo dei trapani a colonna ma non per questo \u00e8 il meno efficiente. Alimentato da un potente motore monofase con 550 W di potenza, questo trapano permette di variare la velocit\u00e0 di rotazione a seconda del metallo che si sta lavorando. Il cambio di velocit\u00e0 \u00e8 selezionabile mediante lo spostamento delle cinghie sulle tre pulegge che compongono la scatola di movimentazione del mandrino. Il piano di lavoro invece pu\u00f2 essere velocemente spostato mediante la monovella laterale e pu\u00f2 essere portato ad una distanza massima di 340 mm dal mandrino.<\/p>\n<table border=\"1\" width=\"100%\" cellspacing=\"0\" cellpadding=\"0\">\n<tbody>\n<tr>\n<td colspan=\"2\" valign=\"top\">\n<div align=\"center\"><strong>DATI TECNICI<\/strong><\/div>\n<\/td>\n<\/tr>\n<tr>\n<td colspan=\"2\"><strong>Dimensioni<\/strong><\/td>\n<\/tr>\n<tr>\n<td>Ingombro macchina<\/td>\n<td>300 mm (larghezza) x 650 mm (lunghezza) x 990 mm (altezza)<\/td>\n<\/tr>\n<tr>\n<td>Peso netto<\/td>\n<td>70 kg<\/td>\n<\/tr>\n<tr>\n<td>Distanza tra trapano e colonna<\/td>\n<td>185 mm<\/td>\n<\/tr>\n<tr>\n<td colspan=\"2\"><strong>Specifiche tecniche<\/strong><\/td>\n<\/tr>\n<tr>\n<td>Misura del mandrino<\/td>\n<td>3 di 16 mm<\/td>\n<\/tr>\n<tr>\n<td>Capacit\u00e0 max. di perforazione<\/td>\n<td>20 mm<\/td>\n<\/tr>\n<tr>\n<td>Cono porta mandrino<\/td>\n<td>MT2<\/td>\n<\/tr>\n<tr>\n<td>Corsa del mandrino<\/td>\n<td>80 mm<\/td>\n<\/tr>\n<tr>\n<td>Velocit\u00e0 selezionabili<\/td>\n<td>N\u00b012<\/td>\n<\/tr>\n<tr>\n<td>Tipi di Velocit\u00e0 selezionabili<\/td>\n<td>Da 120 a 2.580 giri \/ minuto<\/td>\n<\/tr>\n<tr>\n<td>Modalit\u00e0 di cambio velocit\u00e0<\/td>\n<td>Spostamento di cinghie su pulegge<\/td>\n<\/tr>\n<tr>\n<td>Misura piano di lavoro<\/td>\n<td>290 x 290 mm<\/td>\n<\/tr>\n<tr>\n<td>Diametro della colonna<\/td>\n<td>80 mm<\/td>\n<\/tr>\n<tr>\n<td>Altezza dal pavimento<\/td>\n<td>980 mm<\/td>\n<\/tr>\n<tr>\n<td>Misura basamento<\/td>\n<td>430 x 260 mm<\/td>\n<\/tr>\n<tr>\n<td colspan=\"2\"><strong>Motore<\/strong><\/td>\n<\/tr>\n<tr>\n<td>Tipologia<\/td>\n<td>Monofase 220 V<\/td>\n<\/tr>\n<tr>\n<td>Potenza massima<\/td>\n<td>550 W<\/td>\n<\/tr>\n<tr>\n<td>Velocit\u00e0 di rotazione<\/td>\n<td>1.400 giri \/ minuto<\/td>\n<\/tr>\n<tr>\n<td>Amper<\/td>\n<td>3,4 A<\/td>\n<\/tr>\n<\/tbody>\n<\/table>\n","protected":false},"excerpt":{"rendered":"<p>Trapano a colonna con trasmissione a cinghia, tavola inclinabile, motore monofase da 550W e massima velocit\u00e0 di rotazione di 1.400 giri \/ minuto<\/p>\n","protected":false},"featured_media":1257,"comment_status":"open","ping_status":"closed","template":"","meta":[],"product_brand":[],"product_cat":[148],"product_tag":[],"class_list":{"0":"post-1256","1":"product","2":"type-product","3":"status-publish","4":"has-post-thumbnail","6":"product_cat-trapani-a-colonna","7":"product_shipping_class-classe-2","9":"first","10":"instock","11":"shipping-taxable","12":"purchasable","13":"product-type-simple"},"yoast_head":"<!-- This site is optimized with the Yoast SEO plugin v27.1 - https:\/\/yoast.com\/product\/yoast-seo-wordpress\/ -->\n<title>Trapano a colonna Dmtc 4119 - Tecnosuisse<\/title>\n<meta name=\"robots\" content=\"index, follow, max-snippet:-1, max-image-preview:large, max-video-preview:-1\" \/>\n<link rel=\"canonical\" href=\"https:\/\/www.tecnosuissesa.com\/it\/prodotto\/trapano-a-colonna-dmtc4119\/\" \/>\n<meta property=\"og:locale\" content=\"it_IT\" \/>\n<meta property=\"og:type\" content=\"article\" \/>\n<meta property=\"og:title\" content=\"Trapano a colonna Dmtc 4119 - Tecnosuisse\" \/>\n<meta property=\"og:description\" content=\"Trapano a colonna con trasmissione a cinghia, tavola inclinabile, motore monofase da 550W e massima velocit\u00e0 di rotazione di 1.400 giri \/ minuto\" \/>\n<meta property=\"og:url\" content=\"https:\/\/www.tecnosuissesa.com\/it\/prodotto\/trapano-a-colonna-dmtc4119\/\" \/>\n<meta property=\"og:site_name\" content=\"Tecnosuisse\" \/>\n<meta property=\"article:publisher\" content=\"https:\/\/www.facebook.com\/tecnosuisse\/\" \/>\n<meta property=\"article:modified_time\" content=\"2017-09-29T13:12:30+00:00\" \/>\n<meta property=\"og:image\" content=\"https:\/\/www.tecnosuissesa.com\/wp-content\/uploads\/2017\/09\/lato-3-1.jpg\" \/>\n\t<meta property=\"og:image:width\" content=\"1024\" \/>\n\t<meta property=\"og:image:height\" content=\"768\" \/>\n\t<meta property=\"og:image:type\" content=\"image\/jpeg\" \/>\n<meta name=\"twitter:card\" content=\"summary_large_image\" \/>\n<meta name=\"twitter:label1\" content=\"Tempo di lettura stimato\" \/>\n\t<meta name=\"twitter:data1\" content=\"1 minuto\" \/>\n<script type=\"application\/ld+json\" class=\"yoast-schema-graph\">{\"@context\":\"https:\/\/schema.org\",\"@graph\":[{\"@type\":\"WebPage\",\"@id\":\"https:\/\/www.tecnosuissesa.com\/it\/prodotto\/trapano-a-colonna-dmtc4119\/\",\"url\":\"https:\/\/www.tecnosuissesa.com\/it\/prodotto\/trapano-a-colonna-dmtc4119\/\",\"name\":\"Trapano a colonna Dmtc 4119 - Tecnosuisse\",\"isPartOf\":{\"@id\":\"https:\/\/www.tecnosuissesa.com\/it\/#website\"},\"primaryImageOfPage\":{\"@id\":\"https:\/\/www.tecnosuissesa.com\/it\/prodotto\/trapano-a-colonna-dmtc4119\/#primaryimage\"},\"image\":{\"@id\":\"https:\/\/www.tecnosuissesa.com\/it\/prodotto\/trapano-a-colonna-dmtc4119\/#primaryimage\"},\"thumbnailUrl\":\"https:\/\/www.tecnosuissesa.com\/wp-content\/uploads\/2017\/09\/lato-3-1.jpg\",\"datePublished\":\"2017-09-29T13:08:23+00:00\",\"dateModified\":\"2017-09-29T13:12:30+00:00\",\"breadcrumb\":{\"@id\":\"https:\/\/www.tecnosuissesa.com\/it\/prodotto\/trapano-a-colonna-dmtc4119\/#breadcrumb\"},\"inLanguage\":\"it-IT\",\"potentialAction\":[{\"@type\":\"ReadAction\",\"target\":[\"https:\/\/www.tecnosuissesa.com\/it\/prodotto\/trapano-a-colonna-dmtc4119\/\"]}]},{\"@type\":\"ImageObject\",\"inLanguage\":\"it-IT\",\"@id\":\"https:\/\/www.tecnosuissesa.com\/it\/prodotto\/trapano-a-colonna-dmtc4119\/#primaryimage\",\"url\":\"https:\/\/www.tecnosuissesa.com\/wp-content\/uploads\/2017\/09\/lato-3-1.jpg\",\"contentUrl\":\"https:\/\/www.tecnosuissesa.com\/wp-content\/uploads\/2017\/09\/lato-3-1.jpg\",\"width\":1024,\"height\":768},{\"@type\":\"BreadcrumbList\",\"@id\":\"https:\/\/www.tecnosuissesa.com\/it\/prodotto\/trapano-a-colonna-dmtc4119\/#breadcrumb\",\"itemListElement\":[{\"@type\":\"ListItem\",\"position\":1,\"name\":\"Home\",\"item\":\"https:\/\/www.tecnosuissesa.com\/it\/\"},{\"@type\":\"ListItem\",\"position\":2,\"name\":\"Vendita di Macchine Utensili per Legno e per Metalli\",\"item\":\"https:\/\/www.tecnosuissesa.com\/it\/vendita-macchine-utensili\/\"},{\"@type\":\"ListItem\",\"position\":3,\"name\":\"Trapano a colonna Dmtc 4119\"}]},{\"@type\":\"WebSite\",\"@id\":\"https:\/\/www.tecnosuissesa.com\/it\/#website\",\"url\":\"https:\/\/www.tecnosuissesa.com\/it\/\",\"name\":\"Tecnosuisse\",\"description\":\"Macchine Utensili per Legno e Metalli\",\"publisher\":{\"@id\":\"https:\/\/www.tecnosuissesa.com\/it\/#organization\"},\"potentialAction\":[{\"@type\":\"SearchAction\",\"target\":{\"@type\":\"EntryPoint\",\"urlTemplate\":\"https:\/\/www.tecnosuissesa.com\/it\/?s={search_term_string}\"},\"query-input\":{\"@type\":\"PropertyValueSpecification\",\"valueRequired\":true,\"valueName\":\"search_term_string\"}}],\"inLanguage\":\"it-IT\"},{\"@type\":\"Organization\",\"@id\":\"https:\/\/www.tecnosuissesa.com\/it\/#organization\",\"name\":\"Tecnosuisse\",\"url\":\"https:\/\/www.tecnosuissesa.com\/it\/\",\"logo\":{\"@type\":\"ImageObject\",\"inLanguage\":\"it-IT\",\"@id\":\"https:\/\/www.tecnosuissesa.com\/it\/#\/schema\/logo\/image\/\",\"url\":\"https:\/\/www.tecnosuissesa.com\/wp-content\/uploads\/2017\/08\/Logo_TecnoSuisse_627x627.png\",\"contentUrl\":\"https:\/\/www.tecnosuissesa.com\/wp-content\/uploads\/2017\/08\/Logo_TecnoSuisse_627x627.png\",\"width\":627,\"height\":627,\"caption\":\"Tecnosuisse\"},\"image\":{\"@id\":\"https:\/\/www.tecnosuissesa.com\/it\/#\/schema\/logo\/image\/\"},\"sameAs\":[\"https:\/\/www.facebook.com\/tecnosuisse\/\",\"https:\/\/www.youtube.com\/channel\/UCSoxFNkw8ZiE4jP9OY8AdFg\"]}]}<\/script>\n<!-- \/ Yoast SEO plugin. -->","yoast_head_json":{"title":"Trapano a colonna Dmtc 4119 - Tecnosuisse","robots":{"index":"index","follow":"follow","max-snippet":"max-snippet:-1","max-image-preview":"max-image-preview:large","max-video-preview":"max-video-preview:-1"},"canonical":"https:\/\/www.tecnosuissesa.com\/it\/prodotto\/trapano-a-colonna-dmtc4119\/","og_locale":"it_IT","og_type":"article","og_title":"Trapano a colonna Dmtc 4119 - Tecnosuisse","og_description":"Trapano a colonna con trasmissione a cinghia, tavola inclinabile, motore monofase da 550W e massima velocit\u00e0 di rotazione di 1.400 giri \/ minuto","og_url":"https:\/\/www.tecnosuissesa.com\/it\/prodotto\/trapano-a-colonna-dmtc4119\/","og_site_name":"Tecnosuisse","article_publisher":"https:\/\/www.facebook.com\/tecnosuisse\/","article_modified_time":"2017-09-29T13:12:30+00:00","og_image":[{"width":1024,"height":768,"url":"https:\/\/www.tecnosuissesa.com\/wp-content\/uploads\/2017\/09\/lato-3-1.jpg","type":"image\/jpeg"}],"twitter_card":"summary_large_image","twitter_misc":{"Tempo di lettura stimato":"1 minuto"},"schema":{"@context":"https:\/\/schema.org","@graph":[{"@type":"WebPage","@id":"https:\/\/www.tecnosuissesa.com\/it\/prodotto\/trapano-a-colonna-dmtc4119\/","url":"https:\/\/www.tecnosuissesa.com\/it\/prodotto\/trapano-a-colonna-dmtc4119\/","name":"Trapano a colonna Dmtc 4119 - Tecnosuisse","isPartOf":{"@id":"https:\/\/www.tecnosuissesa.com\/it\/#website"},"primaryImageOfPage":{"@id":"https:\/\/www.tecnosuissesa.com\/it\/prodotto\/trapano-a-colonna-dmtc4119\/#primaryimage"},"image":{"@id":"https:\/\/www.tecnosuissesa.com\/it\/prodotto\/trapano-a-colonna-dmtc4119\/#primaryimage"},"thumbnailUrl":"https:\/\/www.tecnosuissesa.com\/wp-content\/uploads\/2017\/09\/lato-3-1.jpg","datePublished":"2017-09-29T13:08:23+00:00","dateModified":"2017-09-29T13:12:30+00:00","breadcrumb":{"@id":"https:\/\/www.tecnosuissesa.com\/it\/prodotto\/trapano-a-colonna-dmtc4119\/#breadcrumb"},"inLanguage":"it-IT","potentialAction":[{"@type":"ReadAction","target":["https:\/\/www.tecnosuissesa.com\/it\/prodotto\/trapano-a-colonna-dmtc4119\/"]}]},{"@type":"ImageObject","inLanguage":"it-IT","@id":"https:\/\/www.tecnosuissesa.com\/it\/prodotto\/trapano-a-colonna-dmtc4119\/#primaryimage","url":"https:\/\/www.tecnosuissesa.com\/wp-content\/uploads\/2017\/09\/lato-3-1.jpg","contentUrl":"https:\/\/www.tecnosuissesa.com\/wp-content\/uploads\/2017\/09\/lato-3-1.jpg","width":1024,"height":768},{"@type":"BreadcrumbList","@id":"https:\/\/www.tecnosuissesa.com\/it\/prodotto\/trapano-a-colonna-dmtc4119\/#breadcrumb","itemListElement":[{"@type":"ListItem","position":1,"name":"Home","item":"https:\/\/www.tecnosuissesa.com\/it\/"},{"@type":"ListItem","position":2,"name":"Vendita di Macchine Utensili per Legno e per Metalli","item":"https:\/\/www.tecnosuissesa.com\/it\/vendita-macchine-utensili\/"},{"@type":"ListItem","position":3,"name":"Trapano a colonna Dmtc 4119"}]},{"@type":"WebSite","@id":"https:\/\/www.tecnosuissesa.com\/it\/#website","url":"https:\/\/www.tecnosuissesa.com\/it\/","name":"Tecnosuisse","description":"Macchine Utensili per Legno e Metalli","publisher":{"@id":"https:\/\/www.tecnosuissesa.com\/it\/#organization"},"potentialAction":[{"@type":"SearchAction","target":{"@type":"EntryPoint","urlTemplate":"https:\/\/www.tecnosuissesa.com\/it\/?s={search_term_string}"},"query-input":{"@type":"PropertyValueSpecification","valueRequired":true,"valueName":"search_term_string"}}],"inLanguage":"it-IT"},{"@type":"Organization","@id":"https:\/\/www.tecnosuissesa.com\/it\/#organization","name":"Tecnosuisse","url":"https:\/\/www.tecnosuissesa.com\/it\/","logo":{"@type":"ImageObject","inLanguage":"it-IT","@id":"https:\/\/www.tecnosuissesa.com\/it\/#\/schema\/logo\/image\/","url":"https:\/\/www.tecnosuissesa.com\/wp-content\/uploads\/2017\/08\/Logo_TecnoSuisse_627x627.png","contentUrl":"https:\/\/www.tecnosuissesa.com\/wp-content\/uploads\/2017\/08\/Logo_TecnoSuisse_627x627.png","width":627,"height":627,"caption":"Tecnosuisse"},"image":{"@id":"https:\/\/www.tecnosuissesa.com\/it\/#\/schema\/logo\/image\/"},"sameAs":["https:\/\/www.facebook.com\/tecnosuisse\/","https:\/\/www.youtube.com\/channel\/UCSoxFNkw8ZiE4jP9OY8AdFg"]}]}},"_links":{"self":[{"href":"https:\/\/www.tecnosuissesa.com\/it\/wp-json\/wp\/v2\/product\/1256","targetHints":{"allow":["GET"]}}],"collection":[{"href":"https:\/\/www.tecnosuissesa.com\/it\/wp-json\/wp\/v2\/product"}],"about":[{"href":"https:\/\/www.tecnosuissesa.com\/it\/wp-json\/wp\/v2\/types\/product"}],"replies":[{"embeddable":true,"href":"https:\/\/www.tecnosuissesa.com\/it\/wp-json\/wp\/v2\/comments?post=1256"}],"wp:featuredmedia":[{"embeddable":true,"href":"https:\/\/www.tecnosuissesa.com\/it\/wp-json\/wp\/v2\/media\/1257"}],"wp:attachment":[{"href":"https:\/\/www.tecnosuissesa.com\/it\/wp-json\/wp\/v2\/media?parent=1256"}],"wp:term":[{"taxonomy":"product_brand","embeddable":true,"href":"https:\/\/www.tecnosuissesa.com\/it\/wp-json\/wp\/v2\/product_brand?post=1256"},{"taxonomy":"product_cat","embeddable":true,"href":"https:\/\/www.tecnosuissesa.com\/it\/wp-json\/wp\/v2\/product_cat?post=1256"},{"taxonomy":"product_tag","embeddable":true,"href":"https:\/\/www.tecnosuissesa.com\/it\/wp-json\/wp\/v2\/product_tag?post=1256"}],"curies":[{"name":"wp","href":"https:\/\/api.w.org\/{rel}","templated":true}]}}