{"id":1229,"date":"2017-09-27T17:48:35","date_gmt":"2017-09-27T15:48:35","guid":{"rendered":"https:\/\/www.tecnosuissesa.com\/?post_type=product&#038;p=1229"},"modified":"2017-09-27T17:48:36","modified_gmt":"2017-09-27T15:48:36","slug":"sega-a-nastro-per-metalli-geo-4017","status":"publish","type":"product","link":"https:\/\/www.tecnosuissesa.com\/it\/product\/sega-a-nastro-per-metalli-geo-4017\/","title":{"rendered":"Sega a nastro per Metalli Geo 4017"},"content":{"rendered":"<p>E&#8217; una potente sega a nastro studiata per tagliare il ferro e tutti i tipi di metalli che ci sono in circolazione. E&#8217; disponibile in versione monofase. (TRIFASE A RICHIESTA). La versione monofase ha 1 velocit\u00e0. La trifase (A RICHIESTA) consente di selezionare 2 differenti velocit\u00e0 dal quadro comandi. La macchina consiste fondamentalmente di una struttura portante in metallo, sulla quale \u00e8 montato un motore elettrico e due volani, uno dei quali \u00e8 guidato mediante una unit\u00e0 di riduzione che viene a sua volta attivata dal motore elettrico. L\u2019 altro volano \u00e8 libero di ruotare e comincia a farlo\u00a0solo quando vi \u00e8 montato il nastro di taglio.\u00a0 La macchina deve essere fissata al basamento capace di sostenere il suo peso e ogni movimento di sbilanciamento causato dall\u2019uso della macchina.<\/p>\n<table border=\"1\" width=\"100%\" cellspacing=\"0\" cellpadding=\"0\">\n<tbody>\n<tr>\n<td colspan=\"2\" valign=\"top\">\n<div align=\"center\"><strong>ATI TECNICI<\/strong><\/div>\n<\/td>\n<\/tr>\n<tr>\n<td colspan=\"2\"><strong>DIMENSIONI DI INGOMBRO MACCHINA<\/strong><\/td>\n<\/tr>\n<tr>\n<td>Dimensioni totali di massimo ingombro macchina<\/td>\n<td>1500 mm (lunghezza) x 800mm (larghezza) x 1620 mm (altezza)<\/td>\n<\/tr>\n<tr>\n<td width=\"415\">Peso netto totale (compreso basamento)<\/td>\n<td width=\"414\">220 Kg<\/td>\n<\/tr>\n<tr>\n<td colspan=\"2\"><strong>SPECIFICHE SEGA A NASTRO<\/strong><\/td>\n<\/tr>\n<tr>\n<td>Massima capacit\u00e0 di taglio a 0\u00b0<\/td>\n<td>170 mm (sezione tonda) &#8211; 210 x 140 mm (sezione quadra)<\/td>\n<\/tr>\n<tr>\n<td>Massima capacit\u00e0 di taglio a 45\u00b0<\/td>\n<td>120 mm (sezione tonda) &#8211; 110 x 110 mm (sezione quadra)<\/td>\n<\/tr>\n<tr>\n<td>Massima capacit\u00e0 di taglio a 60\u00b0<\/td>\n<td>70 mm (sezione tonda) &#8211; 60 x 60 mm (sezione quadra)<\/td>\n<\/tr>\n<tr>\n<td>Velocit\u00e0 nastro MOTORE MONO<\/td>\n<td>65 metri \/ minuto<\/td>\n<\/tr>\n<tr>\n<td>Velocit\u00e0 nastro MOTORE TRIFASE<\/td>\n<td>65 &#8211; 78 metri \/ minuto<\/td>\n<\/tr>\n<tr>\n<td>Massima apertura morsa<\/td>\n<td>260 mm<\/td>\n<\/tr>\n<tr>\n<td>Goniometro per tagli angolati<\/td>\n<td>Presente<\/td>\n<\/tr>\n<tr>\n<td>Pompa di raffredamento<\/td>\n<td>Inclusa<\/td>\n<\/tr>\n<tr>\n<td colspan=\"2\"><strong>MOTORE<\/strong><\/td>\n<\/tr>\n<tr>\n<td>Potenza<\/td>\n<td>750 W<\/td>\n<\/tr>\n<tr>\n<td>Giri<\/td>\n<td>1400 giri \/ min<\/td>\n<\/tr>\n<tr>\n<td>Tipologia<\/td>\n<td>Monofase (1 velocit\u00e0) \/ Trifase a richiesta (2 velocit\u00e0)<\/td>\n<\/tr>\n<tr>\n<td>Salvamotore<\/td>\n<td>Presente<\/td>\n<\/tr>\n<\/tbody>\n<\/table>\n","protected":false},"excerpt":{"rendered":"<p>Sega a nastro con discesa oleodinamica, testa girevole, morsa rapida, sistema di refrigerazione, e motore monofase da 750 W (possibilit\u00e0 di averlo in versione trifase con doppia velocit\u00e0)<\/p>\n","protected":false},"featured_media":1230,"comment_status":"open","ping_status":"closed","template":"","meta":[],"product_brand":[],"product_cat":[115],"product_tag":[],"class_list":{"0":"post-1229","1":"product","2":"type-product","3":"status-publish","4":"has-post-thumbnail","6":"product_cat-seghe-per-metalli","7":"product_shipping_class-classe-2","9":"first","10":"instock","11":"shipping-taxable","12":"purchasable","13":"product-type-simple"},"yoast_head":"<!-- This site is optimized with the Yoast SEO plugin v27.1 - https:\/\/yoast.com\/product\/yoast-seo-wordpress\/ -->\n<title>Sega a nastro per Metalli Geo 4017 - Tecnosuisse<\/title>\n<meta name=\"robots\" content=\"index, follow, max-snippet:-1, max-image-preview:large, max-video-preview:-1\" \/>\n<link rel=\"canonical\" href=\"https:\/\/www.tecnosuissesa.com\/it\/prodotto\/sega-a-nastro-per-metalli-geo-4017\/\" \/>\n<meta property=\"og:locale\" content=\"it_IT\" \/>\n<meta property=\"og:type\" content=\"article\" \/>\n<meta property=\"og:title\" content=\"Sega a nastro per Metalli Geo 4017 - Tecnosuisse\" \/>\n<meta property=\"og:description\" content=\"Sega a nastro con discesa oleodinamica, testa girevole, morsa rapida, sistema di refrigerazione, e motore monofase da 750 W (possibilit\u00e0 di averlo in versione trifase con doppia velocit\u00e0)\" \/>\n<meta property=\"og:url\" content=\"https:\/\/www.tecnosuissesa.com\/it\/prodotto\/sega-a-nastro-per-metalli-geo-4017\/\" \/>\n<meta property=\"og:site_name\" content=\"Tecnosuisse\" \/>\n<meta property=\"article:publisher\" content=\"https:\/\/www.facebook.com\/tecnosuisse\/\" \/>\n<meta property=\"article:modified_time\" content=\"2017-09-27T15:48:36+00:00\" \/>\n<meta property=\"og:image\" content=\"https:\/\/www.tecnosuissesa.com\/wp-content\/uploads\/2017\/09\/lato-1-1.jpg\" \/>\n\t<meta property=\"og:image:width\" content=\"1024\" \/>\n\t<meta property=\"og:image:height\" content=\"768\" \/>\n\t<meta property=\"og:image:type\" content=\"image\/jpeg\" \/>\n<meta name=\"twitter:card\" content=\"summary_large_image\" \/>\n<meta name=\"twitter:label1\" content=\"Tempo di lettura stimato\" \/>\n\t<meta name=\"twitter:data1\" content=\"1 minuto\" \/>\n<script type=\"application\/ld+json\" class=\"yoast-schema-graph\">{\"@context\":\"https:\/\/schema.org\",\"@graph\":[{\"@type\":\"WebPage\",\"@id\":\"https:\/\/www.tecnosuissesa.com\/it\/prodotto\/sega-a-nastro-per-metalli-geo-4017\/\",\"url\":\"https:\/\/www.tecnosuissesa.com\/it\/prodotto\/sega-a-nastro-per-metalli-geo-4017\/\",\"name\":\"Sega a nastro per Metalli Geo 4017 - Tecnosuisse\",\"isPartOf\":{\"@id\":\"https:\/\/www.tecnosuissesa.com\/it\/#website\"},\"primaryImageOfPage\":{\"@id\":\"https:\/\/www.tecnosuissesa.com\/it\/prodotto\/sega-a-nastro-per-metalli-geo-4017\/#primaryimage\"},\"image\":{\"@id\":\"https:\/\/www.tecnosuissesa.com\/it\/prodotto\/sega-a-nastro-per-metalli-geo-4017\/#primaryimage\"},\"thumbnailUrl\":\"https:\/\/www.tecnosuissesa.com\/wp-content\/uploads\/2017\/09\/lato-1-1.jpg\",\"datePublished\":\"2017-09-27T15:48:35+00:00\",\"dateModified\":\"2017-09-27T15:48:36+00:00\",\"breadcrumb\":{\"@id\":\"https:\/\/www.tecnosuissesa.com\/it\/prodotto\/sega-a-nastro-per-metalli-geo-4017\/#breadcrumb\"},\"inLanguage\":\"it-IT\",\"potentialAction\":[{\"@type\":\"ReadAction\",\"target\":[\"https:\/\/www.tecnosuissesa.com\/it\/prodotto\/sega-a-nastro-per-metalli-geo-4017\/\"]}]},{\"@type\":\"ImageObject\",\"inLanguage\":\"it-IT\",\"@id\":\"https:\/\/www.tecnosuissesa.com\/it\/prodotto\/sega-a-nastro-per-metalli-geo-4017\/#primaryimage\",\"url\":\"https:\/\/www.tecnosuissesa.com\/wp-content\/uploads\/2017\/09\/lato-1-1.jpg\",\"contentUrl\":\"https:\/\/www.tecnosuissesa.com\/wp-content\/uploads\/2017\/09\/lato-1-1.jpg\",\"width\":1024,\"height\":768},{\"@type\":\"BreadcrumbList\",\"@id\":\"https:\/\/www.tecnosuissesa.com\/it\/prodotto\/sega-a-nastro-per-metalli-geo-4017\/#breadcrumb\",\"itemListElement\":[{\"@type\":\"ListItem\",\"position\":1,\"name\":\"Home\",\"item\":\"https:\/\/www.tecnosuissesa.com\/it\/\"},{\"@type\":\"ListItem\",\"position\":2,\"name\":\"Vendita di Macchine Utensili per Legno e per Metalli\",\"item\":\"https:\/\/www.tecnosuissesa.com\/it\/vendita-macchine-utensili\/\"},{\"@type\":\"ListItem\",\"position\":3,\"name\":\"Sega a nastro per Metalli Geo 4017\"}]},{\"@type\":\"WebSite\",\"@id\":\"https:\/\/www.tecnosuissesa.com\/it\/#website\",\"url\":\"https:\/\/www.tecnosuissesa.com\/it\/\",\"name\":\"Tecnosuisse\",\"description\":\"Macchine Utensili per Legno e Metalli\",\"publisher\":{\"@id\":\"https:\/\/www.tecnosuissesa.com\/it\/#organization\"},\"potentialAction\":[{\"@type\":\"SearchAction\",\"target\":{\"@type\":\"EntryPoint\",\"urlTemplate\":\"https:\/\/www.tecnosuissesa.com\/it\/?s={search_term_string}\"},\"query-input\":{\"@type\":\"PropertyValueSpecification\",\"valueRequired\":true,\"valueName\":\"search_term_string\"}}],\"inLanguage\":\"it-IT\"},{\"@type\":\"Organization\",\"@id\":\"https:\/\/www.tecnosuissesa.com\/it\/#organization\",\"name\":\"Tecnosuisse\",\"url\":\"https:\/\/www.tecnosuissesa.com\/it\/\",\"logo\":{\"@type\":\"ImageObject\",\"inLanguage\":\"it-IT\",\"@id\":\"https:\/\/www.tecnosuissesa.com\/it\/#\/schema\/logo\/image\/\",\"url\":\"https:\/\/www.tecnosuissesa.com\/wp-content\/uploads\/2017\/08\/Logo_TecnoSuisse_627x627.png\",\"contentUrl\":\"https:\/\/www.tecnosuissesa.com\/wp-content\/uploads\/2017\/08\/Logo_TecnoSuisse_627x627.png\",\"width\":627,\"height\":627,\"caption\":\"Tecnosuisse\"},\"image\":{\"@id\":\"https:\/\/www.tecnosuissesa.com\/it\/#\/schema\/logo\/image\/\"},\"sameAs\":[\"https:\/\/www.facebook.com\/tecnosuisse\/\",\"https:\/\/www.youtube.com\/channel\/UCSoxFNkw8ZiE4jP9OY8AdFg\"]}]}<\/script>\n<!-- \/ Yoast SEO plugin. -->","yoast_head_json":{"title":"Sega a nastro per Metalli Geo 4017 - Tecnosuisse","robots":{"index":"index","follow":"follow","max-snippet":"max-snippet:-1","max-image-preview":"max-image-preview:large","max-video-preview":"max-video-preview:-1"},"canonical":"https:\/\/www.tecnosuissesa.com\/it\/prodotto\/sega-a-nastro-per-metalli-geo-4017\/","og_locale":"it_IT","og_type":"article","og_title":"Sega a nastro per Metalli Geo 4017 - Tecnosuisse","og_description":"Sega a nastro con discesa oleodinamica, testa girevole, morsa rapida, sistema di refrigerazione, e motore monofase da 750 W (possibilit\u00e0 di averlo in versione trifase con doppia velocit\u00e0)","og_url":"https:\/\/www.tecnosuissesa.com\/it\/prodotto\/sega-a-nastro-per-metalli-geo-4017\/","og_site_name":"Tecnosuisse","article_publisher":"https:\/\/www.facebook.com\/tecnosuisse\/","article_modified_time":"2017-09-27T15:48:36+00:00","og_image":[{"width":1024,"height":768,"url":"https:\/\/www.tecnosuissesa.com\/wp-content\/uploads\/2017\/09\/lato-1-1.jpg","type":"image\/jpeg"}],"twitter_card":"summary_large_image","twitter_misc":{"Tempo di lettura stimato":"1 minuto"},"schema":{"@context":"https:\/\/schema.org","@graph":[{"@type":"WebPage","@id":"https:\/\/www.tecnosuissesa.com\/it\/prodotto\/sega-a-nastro-per-metalli-geo-4017\/","url":"https:\/\/www.tecnosuissesa.com\/it\/prodotto\/sega-a-nastro-per-metalli-geo-4017\/","name":"Sega a nastro per Metalli Geo 4017 - Tecnosuisse","isPartOf":{"@id":"https:\/\/www.tecnosuissesa.com\/it\/#website"},"primaryImageOfPage":{"@id":"https:\/\/www.tecnosuissesa.com\/it\/prodotto\/sega-a-nastro-per-metalli-geo-4017\/#primaryimage"},"image":{"@id":"https:\/\/www.tecnosuissesa.com\/it\/prodotto\/sega-a-nastro-per-metalli-geo-4017\/#primaryimage"},"thumbnailUrl":"https:\/\/www.tecnosuissesa.com\/wp-content\/uploads\/2017\/09\/lato-1-1.jpg","datePublished":"2017-09-27T15:48:35+00:00","dateModified":"2017-09-27T15:48:36+00:00","breadcrumb":{"@id":"https:\/\/www.tecnosuissesa.com\/it\/prodotto\/sega-a-nastro-per-metalli-geo-4017\/#breadcrumb"},"inLanguage":"it-IT","potentialAction":[{"@type":"ReadAction","target":["https:\/\/www.tecnosuissesa.com\/it\/prodotto\/sega-a-nastro-per-metalli-geo-4017\/"]}]},{"@type":"ImageObject","inLanguage":"it-IT","@id":"https:\/\/www.tecnosuissesa.com\/it\/prodotto\/sega-a-nastro-per-metalli-geo-4017\/#primaryimage","url":"https:\/\/www.tecnosuissesa.com\/wp-content\/uploads\/2017\/09\/lato-1-1.jpg","contentUrl":"https:\/\/www.tecnosuissesa.com\/wp-content\/uploads\/2017\/09\/lato-1-1.jpg","width":1024,"height":768},{"@type":"BreadcrumbList","@id":"https:\/\/www.tecnosuissesa.com\/it\/prodotto\/sega-a-nastro-per-metalli-geo-4017\/#breadcrumb","itemListElement":[{"@type":"ListItem","position":1,"name":"Home","item":"https:\/\/www.tecnosuissesa.com\/it\/"},{"@type":"ListItem","position":2,"name":"Vendita di Macchine Utensili per Legno e per Metalli","item":"https:\/\/www.tecnosuissesa.com\/it\/vendita-macchine-utensili\/"},{"@type":"ListItem","position":3,"name":"Sega a nastro per Metalli Geo 4017"}]},{"@type":"WebSite","@id":"https:\/\/www.tecnosuissesa.com\/it\/#website","url":"https:\/\/www.tecnosuissesa.com\/it\/","name":"Tecnosuisse","description":"Macchine Utensili per Legno e Metalli","publisher":{"@id":"https:\/\/www.tecnosuissesa.com\/it\/#organization"},"potentialAction":[{"@type":"SearchAction","target":{"@type":"EntryPoint","urlTemplate":"https:\/\/www.tecnosuissesa.com\/it\/?s={search_term_string}"},"query-input":{"@type":"PropertyValueSpecification","valueRequired":true,"valueName":"search_term_string"}}],"inLanguage":"it-IT"},{"@type":"Organization","@id":"https:\/\/www.tecnosuissesa.com\/it\/#organization","name":"Tecnosuisse","url":"https:\/\/www.tecnosuissesa.com\/it\/","logo":{"@type":"ImageObject","inLanguage":"it-IT","@id":"https:\/\/www.tecnosuissesa.com\/it\/#\/schema\/logo\/image\/","url":"https:\/\/www.tecnosuissesa.com\/wp-content\/uploads\/2017\/08\/Logo_TecnoSuisse_627x627.png","contentUrl":"https:\/\/www.tecnosuissesa.com\/wp-content\/uploads\/2017\/08\/Logo_TecnoSuisse_627x627.png","width":627,"height":627,"caption":"Tecnosuisse"},"image":{"@id":"https:\/\/www.tecnosuissesa.com\/it\/#\/schema\/logo\/image\/"},"sameAs":["https:\/\/www.facebook.com\/tecnosuisse\/","https:\/\/www.youtube.com\/channel\/UCSoxFNkw8ZiE4jP9OY8AdFg"]}]}},"_links":{"self":[{"href":"https:\/\/www.tecnosuissesa.com\/it\/wp-json\/wp\/v2\/product\/1229","targetHints":{"allow":["GET"]}}],"collection":[{"href":"https:\/\/www.tecnosuissesa.com\/it\/wp-json\/wp\/v2\/product"}],"about":[{"href":"https:\/\/www.tecnosuissesa.com\/it\/wp-json\/wp\/v2\/types\/product"}],"replies":[{"embeddable":true,"href":"https:\/\/www.tecnosuissesa.com\/it\/wp-json\/wp\/v2\/comments?post=1229"}],"wp:featuredmedia":[{"embeddable":true,"href":"https:\/\/www.tecnosuissesa.com\/it\/wp-json\/wp\/v2\/media\/1230"}],"wp:attachment":[{"href":"https:\/\/www.tecnosuissesa.com\/it\/wp-json\/wp\/v2\/media?parent=1229"}],"wp:term":[{"taxonomy":"product_brand","embeddable":true,"href":"https:\/\/www.tecnosuissesa.com\/it\/wp-json\/wp\/v2\/product_brand?post=1229"},{"taxonomy":"product_cat","embeddable":true,"href":"https:\/\/www.tecnosuissesa.com\/it\/wp-json\/wp\/v2\/product_cat?post=1229"},{"taxonomy":"product_tag","embeddable":true,"href":"https:\/\/www.tecnosuissesa.com\/it\/wp-json\/wp\/v2\/product_tag?post=1229"}],"curies":[{"name":"wp","href":"https:\/\/api.w.org\/{rel}","templated":true}]}}