{"id":1189,"date":"2017-09-27T17:24:52","date_gmt":"2017-09-27T15:24:52","guid":{"rendered":"https:\/\/www.tecnosuissesa.com\/?post_type=product&#038;p=1189"},"modified":"2017-09-27T17:30:42","modified_gmt":"2017-09-27T15:30:42","slug":"sega-a-nastro-per-metalli-geo-5013","status":"publish","type":"product","link":"https:\/\/www.tecnosuissesa.com\/it\/product\/sega-a-nastro-per-metalli-geo-5013\/","title":{"rendered":"Sega a nastro per metalli Geo 5013"},"content":{"rendered":"<p>E&#8217; la pi\u00f9 piccola delle seghe a nastro per metalli ma non per questo \u00e8 meno affidabile e precisa delle altre. La macchina dispone di una robusta struttura in ghisa ed \u00e8 alimentata da un potente motore monofase a 550W. La velocit\u00e0 della lama pu\u00f2 essere variata in 3 differenti posizioni.\u00a0La salita e discesa della lama \u00e8 regolata da un pistone oliodinamico con regolatore manuale. Agendo sul regolatore \u00e8 possibile modificare la velocit\u00e0 di discesa.<\/p>\n<table border=\"1\" width=\"100%\" cellspacing=\"0\" cellpadding=\"0\">\n<tbody>\n<tr>\n<td colspan=\"4\" valign=\"top\">\n<div align=\"center\"><strong>DATI TECNICI<\/strong><\/div>\n<\/td>\n<\/tr>\n<tr>\n<td colspan=\"2\" valign=\"top\"><strong>DIMENSIONI DI INGOMBRO MACCHINA<\/strong><\/td>\n<\/tr>\n<tr>\n<td>Dimensioni totali di massimo ingombro macchina<\/td>\n<td valign=\"top\">1000 mm (lunghezza) x 500 mm (larghezza) x 1300 mm (altezza)<\/td>\n<\/tr>\n<tr>\n<td>Altezza da terra del piano di taglio (morsa blocca pezzo)<\/td>\n<td>750 mm<\/td>\n<\/tr>\n<tr>\n<td width=\"415\">Peso netto totale (compreso basamento)<\/td>\n<td>81 Kg<\/td>\n<\/tr>\n<tr>\n<td colspan=\"2\"><strong>SPECIFICHE SEGA A NASTRO<\/strong><\/td>\n<\/tr>\n<tr>\n<td>Massima capacit\u00e0 di taglio a 0\u00b0<\/td>\n<td>125 mm (sezione tonda) &#8211; 100 x 150 mm (sezione quadra)<\/td>\n<\/tr>\n<tr>\n<td>Massima capacit\u00e0 di taglio a 45\u00b0<\/td>\n<td>95 mm (sezione tonda) &#8211; 95 x 76 mm (sezione quadra)<\/td>\n<\/tr>\n<tr>\n<td>Massima capacit\u00e0 di taglio a 60\u00b0<\/td>\n<td>50 mm (sezione tonda) &#8211; 50 x 56 mm (sezione quadra)<\/td>\n<\/tr>\n<tr>\n<td>Angolazione di taglio<\/td>\n<td>45\u00b0 a destra &#8211; 60\u00b0 a sinistra<\/td>\n<\/tr>\n<tr>\n<td>Sviluppo lama<\/td>\n<td>1640 mm<\/td>\n<\/tr>\n<tr>\n<td>Larghezza lama data in dotazione<\/td>\n<td>13 mm<\/td>\n<\/tr>\n<tr>\n<td>Velocit\u00e0 lama selezionabili<\/td>\n<td>N\u00b03<\/td>\n<\/tr>\n<tr>\n<td>Tipi di velocit\u00e0 lama<\/td>\n<td>23 &#8211; 34 &#8211; 54 metri\/minuto<\/td>\n<\/tr>\n<tr>\n<td>Goniometro per tagli angolati<\/td>\n<td>Presente<\/td>\n<\/tr>\n<tr>\n<td colspan=\"2\"><strong>MOTORE<\/strong><\/td>\n<\/tr>\n<tr>\n<td>Potenza<\/td>\n<td>550 W<\/td>\n<\/tr>\n<tr>\n<td>Tipologia<\/td>\n<td>Monofase (220 V)<\/td>\n<\/tr>\n<tr>\n<td>Frequenza<\/td>\n<td>50 Hz<\/td>\n<\/tr>\n<tr>\n<td>Salvamotore<\/td>\n<td>Presente<\/td>\n<\/tr>\n<\/tbody>\n<\/table>\n","protected":false},"excerpt":{"rendered":"<p>Sega a nastro a discesa oleodinamica, con larghezza lama da 13 mm, 3 velocit\u00e0 di rotazione selezionabili e motore monofase da 550 W<\/p>\n","protected":false},"featured_media":1193,"comment_status":"open","ping_status":"closed","template":"","meta":[],"product_brand":[],"product_cat":[115],"product_tag":[],"class_list":{"0":"post-1189","1":"product","2":"type-product","3":"status-publish","4":"has-post-thumbnail","6":"product_cat-seghe-per-metalli","7":"product_shipping_class-classe-2","9":"first","10":"outofstock","11":"shipping-taxable","12":"purchasable","13":"product-type-simple"},"yoast_head":"<!-- This site is optimized with the Yoast SEO plugin v27.1 - https:\/\/yoast.com\/product\/yoast-seo-wordpress\/ -->\n<title>Sega a nastro per metalli Geo 5013 - Tecnosuisse<\/title>\n<meta name=\"robots\" content=\"index, follow, max-snippet:-1, max-image-preview:large, max-video-preview:-1\" \/>\n<link rel=\"canonical\" href=\"https:\/\/www.tecnosuissesa.com\/it\/prodotto\/sega-a-nastro-per-metalli-geo-5013\/\" \/>\n<meta property=\"og:locale\" content=\"it_IT\" \/>\n<meta property=\"og:type\" content=\"article\" \/>\n<meta property=\"og:title\" content=\"Sega a nastro per metalli Geo 5013 - Tecnosuisse\" \/>\n<meta property=\"og:description\" content=\"Sega a nastro a discesa oleodinamica, con larghezza lama da 13 mm, 3 velocit\u00e0 di rotazione selezionabili e motore monofase da 550 W\" \/>\n<meta property=\"og:url\" content=\"https:\/\/www.tecnosuissesa.com\/it\/prodotto\/sega-a-nastro-per-metalli-geo-5013\/\" \/>\n<meta property=\"og:site_name\" content=\"Tecnosuisse\" \/>\n<meta property=\"article:publisher\" content=\"https:\/\/www.facebook.com\/tecnosuisse\/\" \/>\n<meta property=\"article:modified_time\" content=\"2017-09-27T15:30:42+00:00\" \/>\n<meta property=\"og:image\" content=\"https:\/\/www.tecnosuissesa.com\/wp-content\/uploads\/2017\/09\/Lato-5.jpg\" \/>\n\t<meta property=\"og:image:width\" content=\"1024\" \/>\n\t<meta property=\"og:image:height\" content=\"768\" \/>\n\t<meta property=\"og:image:type\" content=\"image\/jpeg\" \/>\n<meta name=\"twitter:card\" content=\"summary_large_image\" \/>\n<meta name=\"twitter:label1\" content=\"Tempo di lettura stimato\" \/>\n\t<meta name=\"twitter:data1\" content=\"1 minuto\" \/>\n<script type=\"application\/ld+json\" class=\"yoast-schema-graph\">{\"@context\":\"https:\/\/schema.org\",\"@graph\":[{\"@type\":\"WebPage\",\"@id\":\"https:\/\/www.tecnosuissesa.com\/it\/prodotto\/sega-a-nastro-per-metalli-geo-5013\/\",\"url\":\"https:\/\/www.tecnosuissesa.com\/it\/prodotto\/sega-a-nastro-per-metalli-geo-5013\/\",\"name\":\"Sega a nastro per metalli Geo 5013 - Tecnosuisse\",\"isPartOf\":{\"@id\":\"https:\/\/www.tecnosuissesa.com\/it\/#website\"},\"primaryImageOfPage\":{\"@id\":\"https:\/\/www.tecnosuissesa.com\/it\/prodotto\/sega-a-nastro-per-metalli-geo-5013\/#primaryimage\"},\"image\":{\"@id\":\"https:\/\/www.tecnosuissesa.com\/it\/prodotto\/sega-a-nastro-per-metalli-geo-5013\/#primaryimage\"},\"thumbnailUrl\":\"https:\/\/www.tecnosuissesa.com\/wp-content\/uploads\/2017\/09\/Lato-5.jpg\",\"datePublished\":\"2017-09-27T15:24:52+00:00\",\"dateModified\":\"2017-09-27T15:30:42+00:00\",\"breadcrumb\":{\"@id\":\"https:\/\/www.tecnosuissesa.com\/it\/prodotto\/sega-a-nastro-per-metalli-geo-5013\/#breadcrumb\"},\"inLanguage\":\"it-IT\",\"potentialAction\":[{\"@type\":\"ReadAction\",\"target\":[\"https:\/\/www.tecnosuissesa.com\/it\/prodotto\/sega-a-nastro-per-metalli-geo-5013\/\"]}]},{\"@type\":\"ImageObject\",\"inLanguage\":\"it-IT\",\"@id\":\"https:\/\/www.tecnosuissesa.com\/it\/prodotto\/sega-a-nastro-per-metalli-geo-5013\/#primaryimage\",\"url\":\"https:\/\/www.tecnosuissesa.com\/wp-content\/uploads\/2017\/09\/Lato-5.jpg\",\"contentUrl\":\"https:\/\/www.tecnosuissesa.com\/wp-content\/uploads\/2017\/09\/Lato-5.jpg\",\"width\":1024,\"height\":768},{\"@type\":\"BreadcrumbList\",\"@id\":\"https:\/\/www.tecnosuissesa.com\/it\/prodotto\/sega-a-nastro-per-metalli-geo-5013\/#breadcrumb\",\"itemListElement\":[{\"@type\":\"ListItem\",\"position\":1,\"name\":\"Home\",\"item\":\"https:\/\/www.tecnosuissesa.com\/it\/\"},{\"@type\":\"ListItem\",\"position\":2,\"name\":\"Vendita di Macchine Utensili per Legno e per Metalli\",\"item\":\"https:\/\/www.tecnosuissesa.com\/it\/vendita-macchine-utensili\/\"},{\"@type\":\"ListItem\",\"position\":3,\"name\":\"Sega a nastro per metalli Geo 5013\"}]},{\"@type\":\"WebSite\",\"@id\":\"https:\/\/www.tecnosuissesa.com\/it\/#website\",\"url\":\"https:\/\/www.tecnosuissesa.com\/it\/\",\"name\":\"Tecnosuisse\",\"description\":\"Macchine Utensili per Legno e Metalli\",\"publisher\":{\"@id\":\"https:\/\/www.tecnosuissesa.com\/it\/#organization\"},\"potentialAction\":[{\"@type\":\"SearchAction\",\"target\":{\"@type\":\"EntryPoint\",\"urlTemplate\":\"https:\/\/www.tecnosuissesa.com\/it\/?s={search_term_string}\"},\"query-input\":{\"@type\":\"PropertyValueSpecification\",\"valueRequired\":true,\"valueName\":\"search_term_string\"}}],\"inLanguage\":\"it-IT\"},{\"@type\":\"Organization\",\"@id\":\"https:\/\/www.tecnosuissesa.com\/it\/#organization\",\"name\":\"Tecnosuisse\",\"url\":\"https:\/\/www.tecnosuissesa.com\/it\/\",\"logo\":{\"@type\":\"ImageObject\",\"inLanguage\":\"it-IT\",\"@id\":\"https:\/\/www.tecnosuissesa.com\/it\/#\/schema\/logo\/image\/\",\"url\":\"https:\/\/www.tecnosuissesa.com\/wp-content\/uploads\/2017\/08\/Logo_TecnoSuisse_627x627.png\",\"contentUrl\":\"https:\/\/www.tecnosuissesa.com\/wp-content\/uploads\/2017\/08\/Logo_TecnoSuisse_627x627.png\",\"width\":627,\"height\":627,\"caption\":\"Tecnosuisse\"},\"image\":{\"@id\":\"https:\/\/www.tecnosuissesa.com\/it\/#\/schema\/logo\/image\/\"},\"sameAs\":[\"https:\/\/www.facebook.com\/tecnosuisse\/\",\"https:\/\/www.youtube.com\/channel\/UCSoxFNkw8ZiE4jP9OY8AdFg\"]}]}<\/script>\n<!-- \/ Yoast SEO plugin. -->","yoast_head_json":{"title":"Sega a nastro per metalli Geo 5013 - Tecnosuisse","robots":{"index":"index","follow":"follow","max-snippet":"max-snippet:-1","max-image-preview":"max-image-preview:large","max-video-preview":"max-video-preview:-1"},"canonical":"https:\/\/www.tecnosuissesa.com\/it\/prodotto\/sega-a-nastro-per-metalli-geo-5013\/","og_locale":"it_IT","og_type":"article","og_title":"Sega a nastro per metalli Geo 5013 - Tecnosuisse","og_description":"Sega a nastro a discesa oleodinamica, con larghezza lama da 13 mm, 3 velocit\u00e0 di rotazione selezionabili e motore monofase da 550 W","og_url":"https:\/\/www.tecnosuissesa.com\/it\/prodotto\/sega-a-nastro-per-metalli-geo-5013\/","og_site_name":"Tecnosuisse","article_publisher":"https:\/\/www.facebook.com\/tecnosuisse\/","article_modified_time":"2017-09-27T15:30:42+00:00","og_image":[{"width":1024,"height":768,"url":"https:\/\/www.tecnosuissesa.com\/wp-content\/uploads\/2017\/09\/Lato-5.jpg","type":"image\/jpeg"}],"twitter_card":"summary_large_image","twitter_misc":{"Tempo di lettura stimato":"1 minuto"},"schema":{"@context":"https:\/\/schema.org","@graph":[{"@type":"WebPage","@id":"https:\/\/www.tecnosuissesa.com\/it\/prodotto\/sega-a-nastro-per-metalli-geo-5013\/","url":"https:\/\/www.tecnosuissesa.com\/it\/prodotto\/sega-a-nastro-per-metalli-geo-5013\/","name":"Sega a nastro per metalli Geo 5013 - Tecnosuisse","isPartOf":{"@id":"https:\/\/www.tecnosuissesa.com\/it\/#website"},"primaryImageOfPage":{"@id":"https:\/\/www.tecnosuissesa.com\/it\/prodotto\/sega-a-nastro-per-metalli-geo-5013\/#primaryimage"},"image":{"@id":"https:\/\/www.tecnosuissesa.com\/it\/prodotto\/sega-a-nastro-per-metalli-geo-5013\/#primaryimage"},"thumbnailUrl":"https:\/\/www.tecnosuissesa.com\/wp-content\/uploads\/2017\/09\/Lato-5.jpg","datePublished":"2017-09-27T15:24:52+00:00","dateModified":"2017-09-27T15:30:42+00:00","breadcrumb":{"@id":"https:\/\/www.tecnosuissesa.com\/it\/prodotto\/sega-a-nastro-per-metalli-geo-5013\/#breadcrumb"},"inLanguage":"it-IT","potentialAction":[{"@type":"ReadAction","target":["https:\/\/www.tecnosuissesa.com\/it\/prodotto\/sega-a-nastro-per-metalli-geo-5013\/"]}]},{"@type":"ImageObject","inLanguage":"it-IT","@id":"https:\/\/www.tecnosuissesa.com\/it\/prodotto\/sega-a-nastro-per-metalli-geo-5013\/#primaryimage","url":"https:\/\/www.tecnosuissesa.com\/wp-content\/uploads\/2017\/09\/Lato-5.jpg","contentUrl":"https:\/\/www.tecnosuissesa.com\/wp-content\/uploads\/2017\/09\/Lato-5.jpg","width":1024,"height":768},{"@type":"BreadcrumbList","@id":"https:\/\/www.tecnosuissesa.com\/it\/prodotto\/sega-a-nastro-per-metalli-geo-5013\/#breadcrumb","itemListElement":[{"@type":"ListItem","position":1,"name":"Home","item":"https:\/\/www.tecnosuissesa.com\/it\/"},{"@type":"ListItem","position":2,"name":"Vendita di Macchine Utensili per Legno e per Metalli","item":"https:\/\/www.tecnosuissesa.com\/it\/vendita-macchine-utensili\/"},{"@type":"ListItem","position":3,"name":"Sega a nastro per metalli Geo 5013"}]},{"@type":"WebSite","@id":"https:\/\/www.tecnosuissesa.com\/it\/#website","url":"https:\/\/www.tecnosuissesa.com\/it\/","name":"Tecnosuisse","description":"Macchine Utensili per Legno e Metalli","publisher":{"@id":"https:\/\/www.tecnosuissesa.com\/it\/#organization"},"potentialAction":[{"@type":"SearchAction","target":{"@type":"EntryPoint","urlTemplate":"https:\/\/www.tecnosuissesa.com\/it\/?s={search_term_string}"},"query-input":{"@type":"PropertyValueSpecification","valueRequired":true,"valueName":"search_term_string"}}],"inLanguage":"it-IT"},{"@type":"Organization","@id":"https:\/\/www.tecnosuissesa.com\/it\/#organization","name":"Tecnosuisse","url":"https:\/\/www.tecnosuissesa.com\/it\/","logo":{"@type":"ImageObject","inLanguage":"it-IT","@id":"https:\/\/www.tecnosuissesa.com\/it\/#\/schema\/logo\/image\/","url":"https:\/\/www.tecnosuissesa.com\/wp-content\/uploads\/2017\/08\/Logo_TecnoSuisse_627x627.png","contentUrl":"https:\/\/www.tecnosuissesa.com\/wp-content\/uploads\/2017\/08\/Logo_TecnoSuisse_627x627.png","width":627,"height":627,"caption":"Tecnosuisse"},"image":{"@id":"https:\/\/www.tecnosuissesa.com\/it\/#\/schema\/logo\/image\/"},"sameAs":["https:\/\/www.facebook.com\/tecnosuisse\/","https:\/\/www.youtube.com\/channel\/UCSoxFNkw8ZiE4jP9OY8AdFg"]}]}},"_links":{"self":[{"href":"https:\/\/www.tecnosuissesa.com\/it\/wp-json\/wp\/v2\/product\/1189","targetHints":{"allow":["GET"]}}],"collection":[{"href":"https:\/\/www.tecnosuissesa.com\/it\/wp-json\/wp\/v2\/product"}],"about":[{"href":"https:\/\/www.tecnosuissesa.com\/it\/wp-json\/wp\/v2\/types\/product"}],"replies":[{"embeddable":true,"href":"https:\/\/www.tecnosuissesa.com\/it\/wp-json\/wp\/v2\/comments?post=1189"}],"wp:featuredmedia":[{"embeddable":true,"href":"https:\/\/www.tecnosuissesa.com\/it\/wp-json\/wp\/v2\/media\/1193"}],"wp:attachment":[{"href":"https:\/\/www.tecnosuissesa.com\/it\/wp-json\/wp\/v2\/media?parent=1189"}],"wp:term":[{"taxonomy":"product_brand","embeddable":true,"href":"https:\/\/www.tecnosuissesa.com\/it\/wp-json\/wp\/v2\/product_brand?post=1189"},{"taxonomy":"product_cat","embeddable":true,"href":"https:\/\/www.tecnosuissesa.com\/it\/wp-json\/wp\/v2\/product_cat?post=1189"},{"taxonomy":"product_tag","embeddable":true,"href":"https:\/\/www.tecnosuissesa.com\/it\/wp-json\/wp\/v2\/product_tag?post=1189"}],"curies":[{"name":"wp","href":"https:\/\/api.w.org\/{rel}","templated":true}]}}