{"id":1035,"date":"2017-09-26T14:37:32","date_gmt":"2017-09-26T12:37:32","guid":{"rendered":"https:\/\/www.tecnosuissesa.com\/?post_type=product&#038;p=1035"},"modified":"2018-12-06T18:02:15","modified_gmt":"2018-12-06T17:02:15","slug":"tornio-fresa-foratrice-per-metalli-newton-25-super","status":"publish","type":"product","link":"https:\/\/www.tecnosuissesa.com\/it\/product\/tornio-fresa-foratrice-per-metalli-newton-25-super\/","title":{"rendered":"Tornio fresa foratrice per metalli Newton 25 Super"},"content":{"rendered":"<p>Questa macchina utensile \u00e8 composta da un potente e Tornio 250&#215;700 e da una Fresatrice verticale a velocit\u00e0 selezionabile. La macchina \u00e8 dotata di struttura in ghisa e finiture in metallo. Il tornio \u00e8 alimentato da un motore monofase a 750 W ed \u00e8 dotato di avanzamento automatico di massima precisione, ottimo tanto per tornire quanto per filettare. La fresatrice verticale, possiede un motore indipendente di 500 W in grado di fresare con precisione moltissimi tipi di metalli . La macchina \u00e8 dotato di cambio velocit\u00e0 a mezzo di ingranaggi. Viene fornita completa di mandrino per il tornio e mandrino per le fresa, n\u00b0 2 contropunte fisse, il kit di chiavi per il montaggio degli ingranaggi, il basamento in metallo e 2 lunette sono. E&#8217; un tornio ottimo sia per gli hobbisti che per i piccoli artigiani<\/p>\n<div id=\"article\">\n<div id=\"tavola-tecnica\">\n<div>\n<div>\n<table border=\"1\" width=\"100%\" cellspacing=\"0\" cellpadding=\"0\">\n<tbody>\n<tr>\n<td colspan=\"2\" valign=\"top\">\n<div align=\"center\"><strong>DATI TECNICI<\/strong><\/div>\n<\/td>\n<\/tr>\n<tr>\n<td colspan=\"2\"><strong>DIMENSIONI DI INGOMBRO MACCHINA<\/strong><\/td>\n<\/tr>\n<tr>\n<td>Dimensioni con basamento<\/td>\n<td>1500 mm (lunghezza) x 470 mm (larghezza) x 1950 mm (altezza)<\/td>\n<\/tr>\n<tr>\n<td>Senza senza basamento<\/td>\n<td>1450 mm (lunghezza) x 450 mm (larghezza) x 1250 mm (altezza)<\/td>\n<\/tr>\n<tr>\n<td>Peso totale del tornio con basamento<\/td>\n<td>205 Kg<\/td>\n<\/tr>\n<tr>\n<td colspan=\"2\"><strong>SPECIFICHE TORNIO<\/strong><\/td>\n<\/tr>\n<tr>\n<td>Distanza tra le punte<\/td>\n<td>700 mm<\/td>\n<\/tr>\n<tr>\n<td>Massimo diametro del pezzo da lavorare sul banco<\/td>\n<td>250 mm<\/td>\n<\/tr>\n<tr>\n<td>Massimo diametro della barra passante<\/td>\n<td>26 mm<\/td>\n<\/tr>\n<tr>\n<td>Piano base su cui poggia la torretta portautensili<\/td>\n<td>180 x 70 mm<\/td>\n<\/tr>\n<tr>\n<td>Basamento torretta in dotazione<\/td>\n<td>65 x 65 mm<\/td>\n<\/tr>\n<tr>\n<td>Massimo gambo degli utensili montabili sulla torretta standard<\/td>\n<td>210 mm<\/td>\n<\/tr>\n<tr>\n<td>Filettature in pollici<\/td>\n<td>da 8 a 56 filetti x pollice<\/td>\n<\/tr>\n<tr>\n<td>Filettature di tipo metrico<\/td>\n<td>da 0,2 mm a 3,5 mm<\/td>\n<\/tr>\n<tr>\n<td>Altezza delle punte sul banco<\/td>\n<td>125 mm<\/td>\n<\/tr>\n<tr>\n<td>Diametro del mandrino standard (dato in dotazione)<\/td>\n<td>120 mm<\/td>\n<\/tr>\n<tr>\n<td>Cono del mandrino standard<\/td>\n<td>MT4<\/td>\n<\/tr>\n<tr>\n<td>Cono del supporto contropunta<\/td>\n<td>MT2<\/td>\n<\/tr>\n<tr>\n<td>Corsa longitudinale del carrello porta utensili<\/td>\n<td>70 mm<\/td>\n<\/tr>\n<tr>\n<td>Corsa trasversale del carrello porta utensili<\/td>\n<td>115 mm<\/td>\n<\/tr>\n<tr>\n<td>Tipologia mandrino standard<\/td>\n<td>A 3 pinze autocentranti ( 3 pinze esterne + 3 interne )<\/td>\n<\/tr>\n<tr>\n<td colspan=\"2\"><strong>SPECIFICHE FRESATRICE<\/strong><\/td>\n<\/tr>\n<tr>\n<td>Cono dell&#8217;albero fresa<\/td>\n<td>MT3<\/td>\n<\/tr>\n<tr>\n<td>Velocit\u00e0 di fresatura<\/td>\n<td>Da 400 a 1640 giri\/min<\/td>\n<\/tr>\n<tr>\n<td>Diametro albero fresa<\/td>\n<td>65 mm<\/td>\n<\/tr>\n<tr>\n<td>Massima distanza tra mandrino e piano di lavoro<\/td>\n<td>160 mm<\/td>\n<\/tr>\n<tr>\n<td>Massimo diametro di fresatura frontale<\/td>\n<td>63 mm<\/td>\n<\/tr>\n<tr>\n<td>Massimo diametro di fresatura laterale<\/td>\n<td>20 mm<\/td>\n<\/tr>\n<tr>\n<td>Massima rotazione della fresa<\/td>\n<td>180\u00b0<\/td>\n<\/tr>\n<tr>\n<td colspan=\"2\"><strong>MOTORE TORNIO<\/strong><\/td>\n<\/tr>\n<tr>\n<td>Potenza<\/td>\n<td>750 W &#8211; 50 Hz<\/td>\n<\/tr>\n<tr>\n<td>Tipologia<\/td>\n<td>Monofase (220 V)<\/td>\n<\/tr>\n<tr>\n<td>Velocit\u00e0 Minima<\/td>\n<td>115 giri\/min<\/td>\n<\/tr>\n<tr>\n<td>Velocit\u00e0 Massima<\/td>\n<td>1620 giri\/min<\/td>\n<\/tr>\n<tr>\n<td colspan=\"2\"><strong>MOTORE FRESATRICE<\/strong><\/td>\n<\/tr>\n<tr>\n<td>Potenza<\/td>\n<td>500 W &#8211; 50Hz<\/td>\n<\/tr>\n<tr>\n<td>Tipologia<\/td>\n<td>Monofase (220 V)<\/td>\n<\/tr>\n<tr>\n<td>Velocit\u00e0 Minima<\/td>\n<td>400 giri\/min<\/td>\n<\/tr>\n<tr>\n<td>Velocit\u00e0 Massima<\/td>\n<td>1640 giri\/min<\/td>\n<\/tr>\n<\/tbody>\n<\/table>\n<\/div>\n<\/div>\n<\/div>\n<\/div>\n","protected":false},"excerpt":{"rendered":"<p>Tornio fresa foratrice Newton 25 Sup. Questa macchina da 250 x 700mm con motore da 750W e Fresatrice indipendente con velocit\u00e0 da 400 a 1640 giri\/minuto \u00e9 alimentata da un motore 500W<\/p>\n","protected":false},"featured_media":1036,"comment_status":"open","ping_status":"closed","template":"","meta":[],"product_brand":[],"product_cat":[103],"product_tag":[],"class_list":{"0":"post-1035","1":"product","2":"type-product","3":"status-publish","4":"has-post-thumbnail","6":"product_cat-combinati-torni-fresa","7":"product_shipping_class-classe-2","9":"first","10":"instock","11":"shipping-taxable","12":"purchasable","13":"product-type-simple"},"yoast_head":"<!-- This site is optimized with the Yoast SEO plugin v27.1 - https:\/\/yoast.com\/product\/yoast-seo-wordpress\/ -->\n<title>Tornio fresa foratrice per metalli Newton 25 Super - Tecnosuisse<\/title>\n<meta name=\"robots\" content=\"index, follow, max-snippet:-1, max-image-preview:large, max-video-preview:-1\" \/>\n<link rel=\"canonical\" href=\"https:\/\/www.tecnosuissesa.com\/it\/prodotto\/tornio-fresa-foratrice-per-metalli-newton-25-super\/\" \/>\n<meta property=\"og:locale\" content=\"it_IT\" \/>\n<meta property=\"og:type\" content=\"article\" \/>\n<meta property=\"og:title\" content=\"Tornio fresa foratrice per metalli Newton 25 Super - Tecnosuisse\" \/>\n<meta property=\"og:description\" content=\"Tornio fresa foratrice Newton 25 Sup. Questa macchina da 250 x 700mm con motore da 750W e Fresatrice indipendente con velocit\u00e0 da 400 a 1640 giri\/minuto \u00e9 alimentata da un motore 500W\" \/>\n<meta property=\"og:url\" content=\"https:\/\/www.tecnosuissesa.com\/it\/prodotto\/tornio-fresa-foratrice-per-metalli-newton-25-super\/\" \/>\n<meta property=\"og:site_name\" content=\"Tecnosuisse\" \/>\n<meta property=\"article:publisher\" content=\"https:\/\/www.facebook.com\/tecnosuisse\/\" \/>\n<meta property=\"article:modified_time\" content=\"2018-12-06T17:02:15+00:00\" \/>\n<meta property=\"og:image\" content=\"https:\/\/www.tecnosuissesa.com\/wp-content\/uploads\/2017\/09\/NEWTON23-3L-0.jpg\" \/>\n\t<meta property=\"og:image:width\" content=\"1024\" \/>\n\t<meta property=\"og:image:height\" content=\"768\" \/>\n\t<meta property=\"og:image:type\" content=\"image\/jpeg\" \/>\n<meta name=\"twitter:card\" content=\"summary_large_image\" \/>\n<meta name=\"twitter:label1\" content=\"Tempo di lettura stimato\" \/>\n\t<meta name=\"twitter:data1\" content=\"2 minuti\" \/>\n<script type=\"application\/ld+json\" class=\"yoast-schema-graph\">{\"@context\":\"https:\/\/schema.org\",\"@graph\":[{\"@type\":\"WebPage\",\"@id\":\"https:\/\/www.tecnosuissesa.com\/it\/prodotto\/tornio-fresa-foratrice-per-metalli-newton-25-super\/\",\"url\":\"https:\/\/www.tecnosuissesa.com\/it\/prodotto\/tornio-fresa-foratrice-per-metalli-newton-25-super\/\",\"name\":\"Tornio fresa foratrice per metalli Newton 25 Super - Tecnosuisse\",\"isPartOf\":{\"@id\":\"https:\/\/www.tecnosuissesa.com\/it\/#website\"},\"primaryImageOfPage\":{\"@id\":\"https:\/\/www.tecnosuissesa.com\/it\/prodotto\/tornio-fresa-foratrice-per-metalli-newton-25-super\/#primaryimage\"},\"image\":{\"@id\":\"https:\/\/www.tecnosuissesa.com\/it\/prodotto\/tornio-fresa-foratrice-per-metalli-newton-25-super\/#primaryimage\"},\"thumbnailUrl\":\"https:\/\/www.tecnosuissesa.com\/wp-content\/uploads\/2017\/09\/NEWTON23-3L-0.jpg\",\"datePublished\":\"2017-09-26T12:37:32+00:00\",\"dateModified\":\"2018-12-06T17:02:15+00:00\",\"breadcrumb\":{\"@id\":\"https:\/\/www.tecnosuissesa.com\/it\/prodotto\/tornio-fresa-foratrice-per-metalli-newton-25-super\/#breadcrumb\"},\"inLanguage\":\"it-IT\",\"potentialAction\":[{\"@type\":\"ReadAction\",\"target\":[\"https:\/\/www.tecnosuissesa.com\/it\/prodotto\/tornio-fresa-foratrice-per-metalli-newton-25-super\/\"]}]},{\"@type\":\"ImageObject\",\"inLanguage\":\"it-IT\",\"@id\":\"https:\/\/www.tecnosuissesa.com\/it\/prodotto\/tornio-fresa-foratrice-per-metalli-newton-25-super\/#primaryimage\",\"url\":\"https:\/\/www.tecnosuissesa.com\/wp-content\/uploads\/2017\/09\/NEWTON23-3L-0.jpg\",\"contentUrl\":\"https:\/\/www.tecnosuissesa.com\/wp-content\/uploads\/2017\/09\/NEWTON23-3L-0.jpg\",\"width\":1024,\"height\":768},{\"@type\":\"BreadcrumbList\",\"@id\":\"https:\/\/www.tecnosuissesa.com\/it\/prodotto\/tornio-fresa-foratrice-per-metalli-newton-25-super\/#breadcrumb\",\"itemListElement\":[{\"@type\":\"ListItem\",\"position\":1,\"name\":\"Home\",\"item\":\"https:\/\/www.tecnosuissesa.com\/it\/\"},{\"@type\":\"ListItem\",\"position\":2,\"name\":\"Vendita di Macchine Utensili per Legno e per Metalli\",\"item\":\"https:\/\/www.tecnosuissesa.com\/it\/vendita-macchine-utensili\/\"},{\"@type\":\"ListItem\",\"position\":3,\"name\":\"Tornio fresa foratrice per metalli Newton 25 Super\"}]},{\"@type\":\"WebSite\",\"@id\":\"https:\/\/www.tecnosuissesa.com\/it\/#website\",\"url\":\"https:\/\/www.tecnosuissesa.com\/it\/\",\"name\":\"Tecnosuisse\",\"description\":\"Macchine Utensili per Legno e Metalli\",\"publisher\":{\"@id\":\"https:\/\/www.tecnosuissesa.com\/it\/#organization\"},\"potentialAction\":[{\"@type\":\"SearchAction\",\"target\":{\"@type\":\"EntryPoint\",\"urlTemplate\":\"https:\/\/www.tecnosuissesa.com\/it\/?s={search_term_string}\"},\"query-input\":{\"@type\":\"PropertyValueSpecification\",\"valueRequired\":true,\"valueName\":\"search_term_string\"}}],\"inLanguage\":\"it-IT\"},{\"@type\":\"Organization\",\"@id\":\"https:\/\/www.tecnosuissesa.com\/it\/#organization\",\"name\":\"Tecnosuisse\",\"url\":\"https:\/\/www.tecnosuissesa.com\/it\/\",\"logo\":{\"@type\":\"ImageObject\",\"inLanguage\":\"it-IT\",\"@id\":\"https:\/\/www.tecnosuissesa.com\/it\/#\/schema\/logo\/image\/\",\"url\":\"https:\/\/www.tecnosuissesa.com\/wp-content\/uploads\/2017\/08\/Logo_TecnoSuisse_627x627.png\",\"contentUrl\":\"https:\/\/www.tecnosuissesa.com\/wp-content\/uploads\/2017\/08\/Logo_TecnoSuisse_627x627.png\",\"width\":627,\"height\":627,\"caption\":\"Tecnosuisse\"},\"image\":{\"@id\":\"https:\/\/www.tecnosuissesa.com\/it\/#\/schema\/logo\/image\/\"},\"sameAs\":[\"https:\/\/www.facebook.com\/tecnosuisse\/\",\"https:\/\/www.youtube.com\/channel\/UCSoxFNkw8ZiE4jP9OY8AdFg\"]}]}<\/script>\n<!-- \/ Yoast SEO plugin. -->","yoast_head_json":{"title":"Tornio fresa foratrice per metalli Newton 25 Super - Tecnosuisse","robots":{"index":"index","follow":"follow","max-snippet":"max-snippet:-1","max-image-preview":"max-image-preview:large","max-video-preview":"max-video-preview:-1"},"canonical":"https:\/\/www.tecnosuissesa.com\/it\/prodotto\/tornio-fresa-foratrice-per-metalli-newton-25-super\/","og_locale":"it_IT","og_type":"article","og_title":"Tornio fresa foratrice per metalli Newton 25 Super - Tecnosuisse","og_description":"Tornio fresa foratrice Newton 25 Sup. Questa macchina da 250 x 700mm con motore da 750W e Fresatrice indipendente con velocit\u00e0 da 400 a 1640 giri\/minuto \u00e9 alimentata da un motore 500W","og_url":"https:\/\/www.tecnosuissesa.com\/it\/prodotto\/tornio-fresa-foratrice-per-metalli-newton-25-super\/","og_site_name":"Tecnosuisse","article_publisher":"https:\/\/www.facebook.com\/tecnosuisse\/","article_modified_time":"2018-12-06T17:02:15+00:00","og_image":[{"width":1024,"height":768,"url":"https:\/\/www.tecnosuissesa.com\/wp-content\/uploads\/2017\/09\/NEWTON23-3L-0.jpg","type":"image\/jpeg"}],"twitter_card":"summary_large_image","twitter_misc":{"Tempo di lettura stimato":"2 minuti"},"schema":{"@context":"https:\/\/schema.org","@graph":[{"@type":"WebPage","@id":"https:\/\/www.tecnosuissesa.com\/it\/prodotto\/tornio-fresa-foratrice-per-metalli-newton-25-super\/","url":"https:\/\/www.tecnosuissesa.com\/it\/prodotto\/tornio-fresa-foratrice-per-metalli-newton-25-super\/","name":"Tornio fresa foratrice per metalli Newton 25 Super - Tecnosuisse","isPartOf":{"@id":"https:\/\/www.tecnosuissesa.com\/it\/#website"},"primaryImageOfPage":{"@id":"https:\/\/www.tecnosuissesa.com\/it\/prodotto\/tornio-fresa-foratrice-per-metalli-newton-25-super\/#primaryimage"},"image":{"@id":"https:\/\/www.tecnosuissesa.com\/it\/prodotto\/tornio-fresa-foratrice-per-metalli-newton-25-super\/#primaryimage"},"thumbnailUrl":"https:\/\/www.tecnosuissesa.com\/wp-content\/uploads\/2017\/09\/NEWTON23-3L-0.jpg","datePublished":"2017-09-26T12:37:32+00:00","dateModified":"2018-12-06T17:02:15+00:00","breadcrumb":{"@id":"https:\/\/www.tecnosuissesa.com\/it\/prodotto\/tornio-fresa-foratrice-per-metalli-newton-25-super\/#breadcrumb"},"inLanguage":"it-IT","potentialAction":[{"@type":"ReadAction","target":["https:\/\/www.tecnosuissesa.com\/it\/prodotto\/tornio-fresa-foratrice-per-metalli-newton-25-super\/"]}]},{"@type":"ImageObject","inLanguage":"it-IT","@id":"https:\/\/www.tecnosuissesa.com\/it\/prodotto\/tornio-fresa-foratrice-per-metalli-newton-25-super\/#primaryimage","url":"https:\/\/www.tecnosuissesa.com\/wp-content\/uploads\/2017\/09\/NEWTON23-3L-0.jpg","contentUrl":"https:\/\/www.tecnosuissesa.com\/wp-content\/uploads\/2017\/09\/NEWTON23-3L-0.jpg","width":1024,"height":768},{"@type":"BreadcrumbList","@id":"https:\/\/www.tecnosuissesa.com\/it\/prodotto\/tornio-fresa-foratrice-per-metalli-newton-25-super\/#breadcrumb","itemListElement":[{"@type":"ListItem","position":1,"name":"Home","item":"https:\/\/www.tecnosuissesa.com\/it\/"},{"@type":"ListItem","position":2,"name":"Vendita di Macchine Utensili per Legno e per Metalli","item":"https:\/\/www.tecnosuissesa.com\/it\/vendita-macchine-utensili\/"},{"@type":"ListItem","position":3,"name":"Tornio fresa foratrice per metalli Newton 25 Super"}]},{"@type":"WebSite","@id":"https:\/\/www.tecnosuissesa.com\/it\/#website","url":"https:\/\/www.tecnosuissesa.com\/it\/","name":"Tecnosuisse","description":"Macchine Utensili per Legno e Metalli","publisher":{"@id":"https:\/\/www.tecnosuissesa.com\/it\/#organization"},"potentialAction":[{"@type":"SearchAction","target":{"@type":"EntryPoint","urlTemplate":"https:\/\/www.tecnosuissesa.com\/it\/?s={search_term_string}"},"query-input":{"@type":"PropertyValueSpecification","valueRequired":true,"valueName":"search_term_string"}}],"inLanguage":"it-IT"},{"@type":"Organization","@id":"https:\/\/www.tecnosuissesa.com\/it\/#organization","name":"Tecnosuisse","url":"https:\/\/www.tecnosuissesa.com\/it\/","logo":{"@type":"ImageObject","inLanguage":"it-IT","@id":"https:\/\/www.tecnosuissesa.com\/it\/#\/schema\/logo\/image\/","url":"https:\/\/www.tecnosuissesa.com\/wp-content\/uploads\/2017\/08\/Logo_TecnoSuisse_627x627.png","contentUrl":"https:\/\/www.tecnosuissesa.com\/wp-content\/uploads\/2017\/08\/Logo_TecnoSuisse_627x627.png","width":627,"height":627,"caption":"Tecnosuisse"},"image":{"@id":"https:\/\/www.tecnosuissesa.com\/it\/#\/schema\/logo\/image\/"},"sameAs":["https:\/\/www.facebook.com\/tecnosuisse\/","https:\/\/www.youtube.com\/channel\/UCSoxFNkw8ZiE4jP9OY8AdFg"]}]}},"_links":{"self":[{"href":"https:\/\/www.tecnosuissesa.com\/it\/wp-json\/wp\/v2\/product\/1035","targetHints":{"allow":["GET"]}}],"collection":[{"href":"https:\/\/www.tecnosuissesa.com\/it\/wp-json\/wp\/v2\/product"}],"about":[{"href":"https:\/\/www.tecnosuissesa.com\/it\/wp-json\/wp\/v2\/types\/product"}],"replies":[{"embeddable":true,"href":"https:\/\/www.tecnosuissesa.com\/it\/wp-json\/wp\/v2\/comments?post=1035"}],"wp:featuredmedia":[{"embeddable":true,"href":"https:\/\/www.tecnosuissesa.com\/it\/wp-json\/wp\/v2\/media\/1036"}],"wp:attachment":[{"href":"https:\/\/www.tecnosuissesa.com\/it\/wp-json\/wp\/v2\/media?parent=1035"}],"wp:term":[{"taxonomy":"product_brand","embeddable":true,"href":"https:\/\/www.tecnosuissesa.com\/it\/wp-json\/wp\/v2\/product_brand?post=1035"},{"taxonomy":"product_cat","embeddable":true,"href":"https:\/\/www.tecnosuissesa.com\/it\/wp-json\/wp\/v2\/product_cat?post=1035"},{"taxonomy":"product_tag","embeddable":true,"href":"https:\/\/www.tecnosuissesa.com\/it\/wp-json\/wp\/v2\/product_tag?post=1035"}],"curies":[{"name":"wp","href":"https:\/\/api.w.org\/{rel}","templated":true}]}}