{"id":999,"date":"2017-09-25T16:59:34","date_gmt":"2017-09-25T14:59:34","guid":{"rendered":"https:\/\/www.tecnosuissesa.com\/product\/fraiseuse-a-metaux-orion-4-0-digit\/"},"modified":"2017-09-25T16:59:34","modified_gmt":"2017-09-25T14:59:34","slug":"fraiseuse-a-metaux-orion-4-0-digit","status":"publish","type":"product","link":"https:\/\/www.tecnosuissesa.com\/fr\/product\/fraiseuse-a-metaux-orion-4-0-digit\/","title":{"rendered":"Fraiseuse \u00e0 m\u00e9taux Orion 4.0 Digit"},"content":{"rendered":"<p>C&rsquo;est la fraiseuse \u00a0plus vendue de notre gamme. Grace en effet \u00e0 la dotation standard qui comprend le socle, la pompe de refroidissement et l&rsquo;affichage digital, cette fraiseuse se r\u00e9v\u00e8le une machine professionnel et compl\u00e8te. Il ya a la possibilit\u00e9 de rajouter \u00e0 la demande le groupe d&rsquo;avancement automatique pour la table crois\u00e9e.<br \/>\nLa machine vient vendue avec un moteur monophas\u00e9 50Hz de 1.1 KW. Avec un petit suppl\u00e9ment de prix, vous pouvez avoir la version en triphas\u00e9 ainsi en 60 Hz<strong><br \/>\n<\/strong><\/p>\n<div id=\"article\">\n<div id=\"tavola-tecnica\">\n<table border=\"1\" width=\"100%\" cellspacing=\"0\" cellpadding=\"0\">\n<tbody>\n<tr>\n<td colspan=\"2\" valign=\"top\">\n<div align=\"center\"><strong>DONN\u00c9ES TECHNIQUES<\/strong><\/div>\n<\/td>\n<\/tr>\n<tr>\n<td colspan=\"2\"><strong>DIMENSIONS DE LA MACHINE<\/strong><\/td>\n<\/tr>\n<tr>\n<td>Dimensions de la machine avec base<\/td>\n<td>1160 mm (longueur) x 900 mm (largeur) x 2050 mm (hauteur)<\/td>\n<\/tr>\n<tr>\n<td>Dimensions de la machine sans base<\/td>\n<td>1160 mm (longueur) x 900 mm (largeur) x 1500 mm (hauteur)<\/td>\n<\/tr>\n<tr>\n<td>Poids net machine<\/td>\n<td>330 Kg<\/td>\n<\/tr>\n<tr>\n<td colspan=\"2\"><strong>SPECIFICATIONS DE LA MACHINE<\/strong><\/td>\n<\/tr>\n<tr>\n<td>Max. Capacit\u00e9 de forage<\/td>\n<td>40 mm<\/td>\n<\/tr>\n<tr>\n<td>Max. Capacit\u00e9 de fraisage avant<\/td>\n<td>80 mm<\/td>\n<\/tr>\n<tr>\n<td>Max. Capacit\u00e9 de fraisage finale<\/td>\n<td>28 mm<\/td>\n<\/tr>\n<tr>\n<td>La distance maximale entre la table et la table de travail<\/td>\n<td>400 mm<\/td>\n<\/tr>\n<tr>\n<td>Distance maximale mandrin<\/td>\n<td>130 mm<\/td>\n<\/tr>\n<tr>\n<td>Mandrin<\/td>\n<td>CM4<\/td>\n<\/tr>\n<tr>\n<td>Taille de la table de travail<\/td>\n<td>800 x 240 mm<\/td>\n<\/tr>\n<tr>\n<td>Course avant-retour du plan de travail<\/td>\n<td>175 mm<\/td>\n<\/tr>\n<tr>\n<td>Course droite-gauche du plan de travail<\/td>\n<td>500 mm<\/td>\n<\/tr>\n<tr>\n<td>Inclinaison T\u00eate<\/td>\n<td>+-90 degr\u00e9s<\/td>\n<\/tr>\n<tr>\n<td>Vitesse r\u00e9glable<\/td>\n<td>N\u00b012<\/td>\n<\/tr>\n<tr>\n<td>Max. Vitesse mandrin<\/td>\n<td>1250 \u00e0 50hz<\/td>\n<\/tr>\n<tr>\n<td colspan=\"2\"><strong>MOTEUR FRAISAGE<\/strong><\/td>\n<\/tr>\n<tr>\n<td>Puissance<\/td>\n<td>1100 W<\/td>\n<\/tr>\n<tr>\n<td>Type<\/td>\n<td>220 V (sur demand\u00e8, avec un petit changement de prix, est disponible en version triphas\u00e9e)<\/td>\n<\/tr>\n<tr>\n<td>Fr\u00e9quence<\/td>\n<td>50Hz<\/td>\n<\/tr>\n<tr>\n<td colspan=\"2\"><strong>AVANCE PLANS<\/strong><\/td>\n<\/tr>\n<tr>\n<td>Avancement Longitudinal<\/td>\n<td>Manuel<\/td>\n<\/tr>\n<tr>\n<td>Avancement Transversal (Plan \u00e0 Croix)<\/td>\n<td>Manuel (En option avancement automatique)<\/td>\n<\/tr>\n<\/tbody>\n<\/table>\n<\/div>\n<\/div>\n<div id=\"accessori\">\n<p><strong>POSSIBILITE DE MONTAGE DES ACCCESSOIRES:<\/strong><\/p>\n<\/div>\n<table>\n<tbody>\n<tr>\n<td><strong>\u00a0<\/strong><\/td>\n<td><strong>Code<\/strong><\/td>\n<td><strong>Prix\/CHF<\/strong><\/td>\n<\/tr>\n<tr>\n<td>Addition AUTOMATIQUE<\/td>\n<td>DMACTF380<\/td>\n<td><strong>CHF \u00a0 361.00<\/strong><\/td>\n<\/tr>\n<tr>\n<td>Addition POMPE DE REFROIDISSEMENT<\/td>\n<td>DMACTF220<\/td>\n<td><strong>CHF \u00a0 173.00<\/strong><\/td>\n<\/tr>\n<\/tbody>\n<\/table>\n","protected":false},"excerpt":{"rendered":"<p>Fraiseuse d&rsquo;etabli professionnel avec capacit\u00e9 de forage maximum de 40 mm, visu affichage digital, pompe \u00e0 eau de refroidissement et moteur de 1100 W<\/p>\n","protected":false},"featured_media":985,"comment_status":"open","ping_status":"closed","template":"","meta":[],"product_brand":[],"product_cat":[76],"product_tag":[],"class_list":{"0":"post-999","1":"product","2":"type-product","3":"status-publish","4":"has-post-thumbnail","6":"product_cat-fraiseuse","7":"product_shipping_class-classe-10","9":"first","10":"instock","11":"shipping-taxable","12":"purchasable","13":"product-type-simple"},"yoast_head":"<!-- This site is optimized with the Yoast SEO plugin v27.1 - https:\/\/yoast.com\/product\/yoast-seo-wordpress\/ -->\n<title>Fraiseuse \u00e0 m\u00e9taux Orion 4.0 Digit - Tecnosuisse<\/title>\n<meta name=\"robots\" content=\"index, follow, max-snippet:-1, max-image-preview:large, max-video-preview:-1\" \/>\n<link rel=\"canonical\" href=\"https:\/\/www.tecnosuissesa.com\/fr\/produit\/fraiseuse-a-metaux-orion-4-0-digit\/\" \/>\n<meta property=\"og:locale\" content=\"fr_FR\" \/>\n<meta property=\"og:type\" content=\"article\" \/>\n<meta property=\"og:title\" content=\"Fraiseuse \u00e0 m\u00e9taux Orion 4.0 Digit - Tecnosuisse\" \/>\n<meta property=\"og:description\" content=\"Fraiseuse d&#039;etabli professionnel avec capacit\u00e9 de forage maximum de 40 mm, visu affichage digital, pompe \u00e0 eau de refroidissement et moteur de 1100 W\" \/>\n<meta property=\"og:url\" content=\"https:\/\/www.tecnosuissesa.com\/fr\/produit\/fraiseuse-a-metaux-orion-4-0-digit\/\" \/>\n<meta property=\"og:site_name\" content=\"Tecnosuisse\" \/>\n<meta property=\"article:publisher\" content=\"https:\/\/www.facebook.com\/tecnosuisse\/\" \/>\n<meta property=\"og:image\" content=\"https:\/\/www.tecnosuissesa.com\/wp-content\/uploads\/2017\/09\/lato-1-digit.jpg\" \/>\n\t<meta property=\"og:image:width\" content=\"1024\" \/>\n\t<meta property=\"og:image:height\" content=\"768\" \/>\n\t<meta property=\"og:image:type\" content=\"image\/jpeg\" \/>\n<meta name=\"twitter:card\" content=\"summary_large_image\" \/>\n<meta name=\"twitter:label1\" content=\"Dur\u00e9e de lecture estim\u00e9e\" \/>\n\t<meta name=\"twitter:data1\" content=\"1 minute\" \/>\n<script type=\"application\/ld+json\" class=\"yoast-schema-graph\">{\"@context\":\"https:\/\/schema.org\",\"@graph\":[{\"@type\":\"WebPage\",\"@id\":\"https:\/\/www.tecnosuissesa.com\/fr\/produit\/fraiseuse-a-metaux-orion-4-0-digit\/\",\"url\":\"https:\/\/www.tecnosuissesa.com\/fr\/produit\/fraiseuse-a-metaux-orion-4-0-digit\/\",\"name\":\"Fraiseuse \u00e0 m\u00e9taux Orion 4.0 Digit - Tecnosuisse\",\"isPartOf\":{\"@id\":\"https:\/\/www.tecnosuissesa.com\/it\/#website\"},\"primaryImageOfPage\":{\"@id\":\"https:\/\/www.tecnosuissesa.com\/fr\/produit\/fraiseuse-a-metaux-orion-4-0-digit\/#primaryimage\"},\"image\":{\"@id\":\"https:\/\/www.tecnosuissesa.com\/fr\/produit\/fraiseuse-a-metaux-orion-4-0-digit\/#primaryimage\"},\"thumbnailUrl\":\"https:\/\/www.tecnosuissesa.com\/wp-content\/uploads\/2017\/09\/lato-1-digit.jpg\",\"datePublished\":\"2017-09-25T14:59:34+00:00\",\"breadcrumb\":{\"@id\":\"https:\/\/www.tecnosuissesa.com\/fr\/produit\/fraiseuse-a-metaux-orion-4-0-digit\/#breadcrumb\"},\"inLanguage\":\"fr-FR\",\"potentialAction\":[{\"@type\":\"ReadAction\",\"target\":[\"https:\/\/www.tecnosuissesa.com\/fr\/produit\/fraiseuse-a-metaux-orion-4-0-digit\/\"]}]},{\"@type\":\"ImageObject\",\"inLanguage\":\"fr-FR\",\"@id\":\"https:\/\/www.tecnosuissesa.com\/fr\/produit\/fraiseuse-a-metaux-orion-4-0-digit\/#primaryimage\",\"url\":\"https:\/\/www.tecnosuissesa.com\/wp-content\/uploads\/2017\/09\/lato-1-digit.jpg\",\"contentUrl\":\"https:\/\/www.tecnosuissesa.com\/wp-content\/uploads\/2017\/09\/lato-1-digit.jpg\",\"width\":1024,\"height\":768},{\"@type\":\"BreadcrumbList\",\"@id\":\"https:\/\/www.tecnosuissesa.com\/fr\/produit\/fraiseuse-a-metaux-orion-4-0-digit\/#breadcrumb\",\"itemListElement\":[{\"@type\":\"ListItem\",\"position\":1,\"name\":\"Home\",\"item\":\"https:\/\/www.tecnosuissesa.com\/fr\/\"},{\"@type\":\"ListItem\",\"position\":2,\"name\":\"Vendita di Macchine Utensili per Legno e per Metalli\",\"item\":\"https:\/\/www.tecnosuissesa.com\/it\/vendita-macchine-utensili\/\"},{\"@type\":\"ListItem\",\"position\":3,\"name\":\"Fraiseuse \u00e0 m\u00e9taux Orion 4.0 Digit\"}]},{\"@type\":\"WebSite\",\"@id\":\"https:\/\/www.tecnosuissesa.com\/it\/#website\",\"url\":\"https:\/\/www.tecnosuissesa.com\/it\/\",\"name\":\"Tecnosuisse\",\"description\":\"Macchine Utensili per Legno e Metalli\",\"publisher\":{\"@id\":\"https:\/\/www.tecnosuissesa.com\/it\/#organization\"},\"potentialAction\":[{\"@type\":\"SearchAction\",\"target\":{\"@type\":\"EntryPoint\",\"urlTemplate\":\"https:\/\/www.tecnosuissesa.com\/it\/?s={search_term_string}\"},\"query-input\":{\"@type\":\"PropertyValueSpecification\",\"valueRequired\":true,\"valueName\":\"search_term_string\"}}],\"inLanguage\":\"fr-FR\"},{\"@type\":\"Organization\",\"@id\":\"https:\/\/www.tecnosuissesa.com\/it\/#organization\",\"name\":\"Tecnosuisse\",\"url\":\"https:\/\/www.tecnosuissesa.com\/it\/\",\"logo\":{\"@type\":\"ImageObject\",\"inLanguage\":\"fr-FR\",\"@id\":\"https:\/\/www.tecnosuissesa.com\/it\/#\/schema\/logo\/image\/\",\"url\":\"https:\/\/www.tecnosuissesa.com\/wp-content\/uploads\/2017\/08\/Logo_TecnoSuisse_627x627.png\",\"contentUrl\":\"https:\/\/www.tecnosuissesa.com\/wp-content\/uploads\/2017\/08\/Logo_TecnoSuisse_627x627.png\",\"width\":627,\"height\":627,\"caption\":\"Tecnosuisse\"},\"image\":{\"@id\":\"https:\/\/www.tecnosuissesa.com\/it\/#\/schema\/logo\/image\/\"},\"sameAs\":[\"https:\/\/www.facebook.com\/tecnosuisse\/\",\"https:\/\/www.youtube.com\/channel\/UCSoxFNkw8ZiE4jP9OY8AdFg\"]}]}<\/script>\n<!-- \/ Yoast SEO plugin. -->","yoast_head_json":{"title":"Fraiseuse \u00e0 m\u00e9taux Orion 4.0 Digit - Tecnosuisse","robots":{"index":"index","follow":"follow","max-snippet":"max-snippet:-1","max-image-preview":"max-image-preview:large","max-video-preview":"max-video-preview:-1"},"canonical":"https:\/\/www.tecnosuissesa.com\/fr\/produit\/fraiseuse-a-metaux-orion-4-0-digit\/","og_locale":"fr_FR","og_type":"article","og_title":"Fraiseuse \u00e0 m\u00e9taux Orion 4.0 Digit - Tecnosuisse","og_description":"Fraiseuse d'etabli professionnel avec capacit\u00e9 de forage maximum de 40 mm, visu affichage digital, pompe \u00e0 eau de refroidissement et moteur de 1100 W","og_url":"https:\/\/www.tecnosuissesa.com\/fr\/produit\/fraiseuse-a-metaux-orion-4-0-digit\/","og_site_name":"Tecnosuisse","article_publisher":"https:\/\/www.facebook.com\/tecnosuisse\/","og_image":[{"width":1024,"height":768,"url":"https:\/\/www.tecnosuissesa.com\/wp-content\/uploads\/2017\/09\/lato-1-digit.jpg","type":"image\/jpeg"}],"twitter_card":"summary_large_image","twitter_misc":{"Dur\u00e9e de lecture estim\u00e9e":"1 minute"},"schema":{"@context":"https:\/\/schema.org","@graph":[{"@type":"WebPage","@id":"https:\/\/www.tecnosuissesa.com\/fr\/produit\/fraiseuse-a-metaux-orion-4-0-digit\/","url":"https:\/\/www.tecnosuissesa.com\/fr\/produit\/fraiseuse-a-metaux-orion-4-0-digit\/","name":"Fraiseuse \u00e0 m\u00e9taux Orion 4.0 Digit - Tecnosuisse","isPartOf":{"@id":"https:\/\/www.tecnosuissesa.com\/it\/#website"},"primaryImageOfPage":{"@id":"https:\/\/www.tecnosuissesa.com\/fr\/produit\/fraiseuse-a-metaux-orion-4-0-digit\/#primaryimage"},"image":{"@id":"https:\/\/www.tecnosuissesa.com\/fr\/produit\/fraiseuse-a-metaux-orion-4-0-digit\/#primaryimage"},"thumbnailUrl":"https:\/\/www.tecnosuissesa.com\/wp-content\/uploads\/2017\/09\/lato-1-digit.jpg","datePublished":"2017-09-25T14:59:34+00:00","breadcrumb":{"@id":"https:\/\/www.tecnosuissesa.com\/fr\/produit\/fraiseuse-a-metaux-orion-4-0-digit\/#breadcrumb"},"inLanguage":"fr-FR","potentialAction":[{"@type":"ReadAction","target":["https:\/\/www.tecnosuissesa.com\/fr\/produit\/fraiseuse-a-metaux-orion-4-0-digit\/"]}]},{"@type":"ImageObject","inLanguage":"fr-FR","@id":"https:\/\/www.tecnosuissesa.com\/fr\/produit\/fraiseuse-a-metaux-orion-4-0-digit\/#primaryimage","url":"https:\/\/www.tecnosuissesa.com\/wp-content\/uploads\/2017\/09\/lato-1-digit.jpg","contentUrl":"https:\/\/www.tecnosuissesa.com\/wp-content\/uploads\/2017\/09\/lato-1-digit.jpg","width":1024,"height":768},{"@type":"BreadcrumbList","@id":"https:\/\/www.tecnosuissesa.com\/fr\/produit\/fraiseuse-a-metaux-orion-4-0-digit\/#breadcrumb","itemListElement":[{"@type":"ListItem","position":1,"name":"Home","item":"https:\/\/www.tecnosuissesa.com\/fr\/"},{"@type":"ListItem","position":2,"name":"Vendita di Macchine Utensili per Legno e per Metalli","item":"https:\/\/www.tecnosuissesa.com\/it\/vendita-macchine-utensili\/"},{"@type":"ListItem","position":3,"name":"Fraiseuse \u00e0 m\u00e9taux Orion 4.0 Digit"}]},{"@type":"WebSite","@id":"https:\/\/www.tecnosuissesa.com\/it\/#website","url":"https:\/\/www.tecnosuissesa.com\/it\/","name":"Tecnosuisse","description":"Macchine Utensili per Legno e Metalli","publisher":{"@id":"https:\/\/www.tecnosuissesa.com\/it\/#organization"},"potentialAction":[{"@type":"SearchAction","target":{"@type":"EntryPoint","urlTemplate":"https:\/\/www.tecnosuissesa.com\/it\/?s={search_term_string}"},"query-input":{"@type":"PropertyValueSpecification","valueRequired":true,"valueName":"search_term_string"}}],"inLanguage":"fr-FR"},{"@type":"Organization","@id":"https:\/\/www.tecnosuissesa.com\/it\/#organization","name":"Tecnosuisse","url":"https:\/\/www.tecnosuissesa.com\/it\/","logo":{"@type":"ImageObject","inLanguage":"fr-FR","@id":"https:\/\/www.tecnosuissesa.com\/it\/#\/schema\/logo\/image\/","url":"https:\/\/www.tecnosuissesa.com\/wp-content\/uploads\/2017\/08\/Logo_TecnoSuisse_627x627.png","contentUrl":"https:\/\/www.tecnosuissesa.com\/wp-content\/uploads\/2017\/08\/Logo_TecnoSuisse_627x627.png","width":627,"height":627,"caption":"Tecnosuisse"},"image":{"@id":"https:\/\/www.tecnosuissesa.com\/it\/#\/schema\/logo\/image\/"},"sameAs":["https:\/\/www.facebook.com\/tecnosuisse\/","https:\/\/www.youtube.com\/channel\/UCSoxFNkw8ZiE4jP9OY8AdFg"]}]}},"_links":{"self":[{"href":"https:\/\/www.tecnosuissesa.com\/fr\/wp-json\/wp\/v2\/product\/999","targetHints":{"allow":["GET"]}}],"collection":[{"href":"https:\/\/www.tecnosuissesa.com\/fr\/wp-json\/wp\/v2\/product"}],"about":[{"href":"https:\/\/www.tecnosuissesa.com\/fr\/wp-json\/wp\/v2\/types\/product"}],"replies":[{"embeddable":true,"href":"https:\/\/www.tecnosuissesa.com\/fr\/wp-json\/wp\/v2\/comments?post=999"}],"wp:featuredmedia":[{"embeddable":true,"href":"https:\/\/www.tecnosuissesa.com\/fr\/wp-json\/wp\/v2\/media\/985"}],"wp:attachment":[{"href":"https:\/\/www.tecnosuissesa.com\/fr\/wp-json\/wp\/v2\/media?parent=999"}],"wp:term":[{"taxonomy":"product_brand","embeddable":true,"href":"https:\/\/www.tecnosuissesa.com\/fr\/wp-json\/wp\/v2\/product_brand?post=999"},{"taxonomy":"product_cat","embeddable":true,"href":"https:\/\/www.tecnosuissesa.com\/fr\/wp-json\/wp\/v2\/product_cat?post=999"},{"taxonomy":"product_tag","embeddable":true,"href":"https:\/\/www.tecnosuissesa.com\/fr\/wp-json\/wp\/v2\/product_tag?post=999"}],"curies":[{"name":"wp","href":"https:\/\/api.w.org\/{rel}","templated":true}]}}