{"id":907,"date":"2017-09-21T16:27:26","date_gmt":"2017-09-21T14:27:26","guid":{"rendered":"https:\/\/www.tecnosuissesa.com\/product\/fraiseuse-a-metaux-orion-3-2\/"},"modified":"2017-09-21T16:27:26","modified_gmt":"2017-09-21T14:27:26","slug":"fraiseuse-a-metaux-orion-3-2","status":"publish","type":"product","link":"https:\/\/www.tecnosuissesa.com\/fr\/product\/fraiseuse-a-metaux-orion-3-2\/","title":{"rendered":"Fraiseuse \u00e0 m\u00e9taux Orion 3.2"},"content":{"rendered":"<p align=\"justify\">C&rsquo;est une machine \u00e0 m\u00e9taux pour le fraisage de type semi-professionnel, excellent pour faire des d\u00e9coupes, per\u00e7ages, fraisages et taraudages sur toutes les surface m\u00e9talliques. Elle est de bonne qualit\u00e9 et peut facilement \u00eatre utilis\u00e9e sans aucune exp\u00e9rience de travail en particulier. La colonne verticale de la machine est en fonte, mat\u00e9riel tr\u00e8s dur et r\u00e9sistant qui donne une excellente stabilit\u00e9 pendant le travail. Les vitesses peuvent \u00eatre facilement modifi\u00e9s en utilisant les r\u00e8gles appropri\u00e9es qui sont sur la plaque devant la machine. En version standard, la machine est livr\u00e9e avec d\u00e9placement manuel du plan et il n&rsquo;y a pas la Pompe de Refroidissement. Vous pouvez acheter s\u00e9par\u00e9ment le dispositif automatique pour d\u00e9placer la table \u00e0 croix et la .\u00a0Pompe de Refroidissement.<\/p>\n<table border=\"1\" width=\"100%\" cellspacing=\"0\" cellpadding=\"0\">\n<tbody>\n<tr>\n<td colspan=\"2\" align=\"center\" height=\"20\"><strong>DONN\u00c9ES TECNIQUES<\/strong><\/td>\n<\/tr>\n<tr>\n<td colspan=\"2\" valign=\"top\" height=\"20\"><strong>DIMENSIONS DE LA MACHINE<\/strong><\/td>\n<\/tr>\n<tr>\n<td width=\"415\" height=\"20\">Dimensions de la machine avec base<\/td>\n<td width=\"414\" height=\"20\">1160 mm (longueur) x 820 mm (largeur) x 2200 mm (hauteur)<\/td>\n<\/tr>\n<tr>\n<td height=\"20\">Dimensions de la machine sans base<\/td>\n<td height=\"20\">1160 mm (longueur) x 820 mm (largeur) x 1600 mm (hauteur)<\/td>\n<\/tr>\n<tr>\n<td height=\"20\">Poids net machine<\/td>\n<td height=\"20\">295 Kg<\/td>\n<\/tr>\n<tr>\n<td colspan=\"2\" height=\"20\"><strong>SPECIFICATIONS DE LA MACHINE<\/strong><\/td>\n<\/tr>\n<tr>\n<td height=\"20\">Max. Capacit\u00e9 de forage<\/td>\n<td height=\"20\">32 mm<\/td>\n<\/tr>\n<tr>\n<td height=\"20\">Max. Capacit\u00e9 de fraisage avant<\/td>\n<td height=\"20\">80 mm<\/td>\n<\/tr>\n<tr>\n<td height=\"20\">Max. Capacit\u00e9 de fraisage finale<\/td>\n<td height=\"20\">28 mm<\/td>\n<\/tr>\n<tr>\n<td height=\"20\">La distance maximale entre la table et la table de travail<\/td>\n<td height=\"20\">450 mm<\/td>\n<\/tr>\n<tr>\n<td height=\"20\">Diam\u00e8tre colonne<\/td>\n<td height=\"20\">115 mm<\/td>\n<\/tr>\n<tr>\n<td height=\"20\">Mandrin<\/td>\n<td height=\"20\">MT 3<\/td>\n<\/tr>\n<tr>\n<td height=\"20\">Taille de la table de travail<\/td>\n<td height=\"20\">800 x 240 mm<\/td>\n<\/tr>\n<tr>\n<td height=\"20\">Course avant-retour du plan de travail<\/td>\n<td height=\"20\">175 mm<\/td>\n<\/tr>\n<tr>\n<td height=\"20\">Course droite-gauche du plan de travail<\/td>\n<td height=\"20\">500 mm<\/td>\n<\/tr>\n<tr>\n<td height=\"20\">Inclinaison T\u00eate<\/td>\n<td height=\"20\">+-90 degr\u00e9s<\/td>\n<\/tr>\n<tr>\n<td height=\"20\">Vitesse r\u00e9glable<\/td>\n<td height=\"20\">N\u00b06 &#8211; 80, 145, 260, 375, 710, 1250 tr\/min<\/td>\n<\/tr>\n<tr>\n<td height=\"20\">Max. Vitesse mandrin<\/td>\n<td height=\"20\">1250 \u00e0 50hz<\/td>\n<\/tr>\n<tr>\n<td colspan=\"2\" height=\"20\"><strong>MOTEUR FRAISAGE<\/strong><\/td>\n<\/tr>\n<tr>\n<td height=\"20\">Puissance<\/td>\n<td height=\"20\">750 W<\/td>\n<\/tr>\n<tr>\n<td height=\"20\">Type<\/td>\n<td height=\"20\">220 V (monophas\u00e9)<\/td>\n<\/tr>\n<tr>\n<td height=\"20\">Fr\u00e9quence<\/td>\n<td height=\"20\">50Hz<\/td>\n<\/tr>\n<tr>\n<td colspan=\"2\" height=\"20\"><strong>AVANCE PLANS<\/strong><\/td>\n<\/tr>\n<tr>\n<td height=\"20\">Avancement Longitudinal<\/td>\n<td height=\"20\">Manuel<\/td>\n<\/tr>\n<tr>\n<td height=\"20\">Avancement Transversal (Plan \u00e0 Croix)<\/td>\n<td height=\"20\">Manuel (En option avancement automatique)<\/td>\n<\/tr>\n<\/tbody>\n<\/table>\n<p>&nbsp;<\/p>\n<p><strong>POSSIBILITE DE MONTAGE DES ACCCESSOIRES:<\/strong><\/p>\n<table>\n<tbody>\n<tr>\n<td><strong>\u00a0<\/strong><\/td>\n<td><strong>Code<\/strong><\/td>\n<td><strong>Prix\/CHF<\/strong><\/td>\n<\/tr>\n<tr>\n<td>Addition DIGICOM<\/td>\n<td><strong>\u00a0<\/strong><\/td>\n<td><strong>CHF \u00a0 793.00<\/strong><\/td>\n<\/tr>\n<tr>\n<td>Addition AUTOMATIQUE<\/td>\n<td>DMACTF380<\/td>\n<td><strong>CHF \u00a0 361.00<\/strong><\/td>\n<\/tr>\n<tr>\n<td>Addition POMPE DE REFROIDISSEMENT<\/td>\n<td>DMACTF220<\/td>\n<td><strong>CHF\u00a0\u00a0 173.00<\/strong><\/td>\n<\/tr>\n<\/tbody>\n<\/table>\n","protected":false},"excerpt":{"rendered":"<p>Fraise \u00e0 m\u00e9taux avec moteur de 750 W<\/p>\n","protected":false},"featured_media":896,"comment_status":"open","ping_status":"closed","template":"","meta":[],"product_brand":[],"product_cat":[76],"product_tag":[],"class_list":{"0":"post-907","1":"product","2":"type-product","3":"status-publish","4":"has-post-thumbnail","6":"product_cat-fraiseuse","7":"product_shipping_class-classe-10","9":"first","10":"instock","11":"shipping-taxable","12":"purchasable","13":"product-type-simple"},"yoast_head":"<!-- This site is optimized with the Yoast SEO plugin v27.1 - https:\/\/yoast.com\/product\/yoast-seo-wordpress\/ -->\n<title>Fraiseuse \u00e0 m\u00e9taux Orion 3.2 - Tecnosuisse<\/title>\n<meta name=\"robots\" content=\"index, follow, max-snippet:-1, max-image-preview:large, max-video-preview:-1\" \/>\n<link rel=\"canonical\" href=\"https:\/\/www.tecnosuissesa.com\/fr\/produit\/fraiseuse-a-metaux-orion-3-2\/\" \/>\n<meta property=\"og:locale\" content=\"fr_FR\" \/>\n<meta property=\"og:type\" content=\"article\" \/>\n<meta property=\"og:title\" content=\"Fraiseuse \u00e0 m\u00e9taux Orion 3.2 - Tecnosuisse\" \/>\n<meta property=\"og:description\" content=\"Fraise \u00e0 m\u00e9taux avec moteur de 750 W\" \/>\n<meta property=\"og:url\" content=\"https:\/\/www.tecnosuissesa.com\/fr\/produit\/fraiseuse-a-metaux-orion-3-2\/\" \/>\n<meta property=\"og:site_name\" content=\"Tecnosuisse\" \/>\n<meta property=\"article:publisher\" content=\"https:\/\/www.facebook.com\/tecnosuisse\/\" \/>\n<meta property=\"og:image\" content=\"https:\/\/www.tecnosuissesa.com\/wp-content\/uploads\/2017\/09\/orion-3.2-1.jpg\" \/>\n\t<meta property=\"og:image:width\" content=\"1024\" \/>\n\t<meta property=\"og:image:height\" content=\"768\" \/>\n\t<meta property=\"og:image:type\" content=\"image\/jpeg\" \/>\n<meta name=\"twitter:card\" content=\"summary_large_image\" \/>\n<meta name=\"twitter:label1\" content=\"Dur\u00e9e de lecture estim\u00e9e\" \/>\n\t<meta name=\"twitter:data1\" content=\"2 minutes\" \/>\n<script type=\"application\/ld+json\" class=\"yoast-schema-graph\">{\"@context\":\"https:\/\/schema.org\",\"@graph\":[{\"@type\":\"WebPage\",\"@id\":\"https:\/\/www.tecnosuissesa.com\/fr\/produit\/fraiseuse-a-metaux-orion-3-2\/\",\"url\":\"https:\/\/www.tecnosuissesa.com\/fr\/produit\/fraiseuse-a-metaux-orion-3-2\/\",\"name\":\"Fraiseuse \u00e0 m\u00e9taux Orion 3.2 - Tecnosuisse\",\"isPartOf\":{\"@id\":\"https:\/\/www.tecnosuissesa.com\/it\/#website\"},\"primaryImageOfPage\":{\"@id\":\"https:\/\/www.tecnosuissesa.com\/fr\/produit\/fraiseuse-a-metaux-orion-3-2\/#primaryimage\"},\"image\":{\"@id\":\"https:\/\/www.tecnosuissesa.com\/fr\/produit\/fraiseuse-a-metaux-orion-3-2\/#primaryimage\"},\"thumbnailUrl\":\"https:\/\/www.tecnosuissesa.com\/wp-content\/uploads\/2017\/09\/orion-3.2-1.jpg\",\"datePublished\":\"2017-09-21T14:27:26+00:00\",\"breadcrumb\":{\"@id\":\"https:\/\/www.tecnosuissesa.com\/fr\/produit\/fraiseuse-a-metaux-orion-3-2\/#breadcrumb\"},\"inLanguage\":\"fr-FR\",\"potentialAction\":[{\"@type\":\"ReadAction\",\"target\":[\"https:\/\/www.tecnosuissesa.com\/fr\/produit\/fraiseuse-a-metaux-orion-3-2\/\"]}]},{\"@type\":\"ImageObject\",\"inLanguage\":\"fr-FR\",\"@id\":\"https:\/\/www.tecnosuissesa.com\/fr\/produit\/fraiseuse-a-metaux-orion-3-2\/#primaryimage\",\"url\":\"https:\/\/www.tecnosuissesa.com\/wp-content\/uploads\/2017\/09\/orion-3.2-1.jpg\",\"contentUrl\":\"https:\/\/www.tecnosuissesa.com\/wp-content\/uploads\/2017\/09\/orion-3.2-1.jpg\",\"width\":1024,\"height\":768},{\"@type\":\"BreadcrumbList\",\"@id\":\"https:\/\/www.tecnosuissesa.com\/fr\/produit\/fraiseuse-a-metaux-orion-3-2\/#breadcrumb\",\"itemListElement\":[{\"@type\":\"ListItem\",\"position\":1,\"name\":\"Home\",\"item\":\"https:\/\/www.tecnosuissesa.com\/fr\/\"},{\"@type\":\"ListItem\",\"position\":2,\"name\":\"Vendita di Macchine Utensili per Legno e per Metalli\",\"item\":\"https:\/\/www.tecnosuissesa.com\/it\/vendita-macchine-utensili\/\"},{\"@type\":\"ListItem\",\"position\":3,\"name\":\"Fraiseuse \u00e0 m\u00e9taux Orion 3.2\"}]},{\"@type\":\"WebSite\",\"@id\":\"https:\/\/www.tecnosuissesa.com\/it\/#website\",\"url\":\"https:\/\/www.tecnosuissesa.com\/it\/\",\"name\":\"Tecnosuisse\",\"description\":\"Macchine Utensili per Legno e Metalli\",\"publisher\":{\"@id\":\"https:\/\/www.tecnosuissesa.com\/it\/#organization\"},\"potentialAction\":[{\"@type\":\"SearchAction\",\"target\":{\"@type\":\"EntryPoint\",\"urlTemplate\":\"https:\/\/www.tecnosuissesa.com\/it\/?s={search_term_string}\"},\"query-input\":{\"@type\":\"PropertyValueSpecification\",\"valueRequired\":true,\"valueName\":\"search_term_string\"}}],\"inLanguage\":\"fr-FR\"},{\"@type\":\"Organization\",\"@id\":\"https:\/\/www.tecnosuissesa.com\/it\/#organization\",\"name\":\"Tecnosuisse\",\"url\":\"https:\/\/www.tecnosuissesa.com\/it\/\",\"logo\":{\"@type\":\"ImageObject\",\"inLanguage\":\"fr-FR\",\"@id\":\"https:\/\/www.tecnosuissesa.com\/it\/#\/schema\/logo\/image\/\",\"url\":\"https:\/\/www.tecnosuissesa.com\/wp-content\/uploads\/2017\/08\/Logo_TecnoSuisse_627x627.png\",\"contentUrl\":\"https:\/\/www.tecnosuissesa.com\/wp-content\/uploads\/2017\/08\/Logo_TecnoSuisse_627x627.png\",\"width\":627,\"height\":627,\"caption\":\"Tecnosuisse\"},\"image\":{\"@id\":\"https:\/\/www.tecnosuissesa.com\/it\/#\/schema\/logo\/image\/\"},\"sameAs\":[\"https:\/\/www.facebook.com\/tecnosuisse\/\",\"https:\/\/www.youtube.com\/channel\/UCSoxFNkw8ZiE4jP9OY8AdFg\"]}]}<\/script>\n<!-- \/ Yoast SEO plugin. -->","yoast_head_json":{"title":"Fraiseuse \u00e0 m\u00e9taux Orion 3.2 - Tecnosuisse","robots":{"index":"index","follow":"follow","max-snippet":"max-snippet:-1","max-image-preview":"max-image-preview:large","max-video-preview":"max-video-preview:-1"},"canonical":"https:\/\/www.tecnosuissesa.com\/fr\/produit\/fraiseuse-a-metaux-orion-3-2\/","og_locale":"fr_FR","og_type":"article","og_title":"Fraiseuse \u00e0 m\u00e9taux Orion 3.2 - Tecnosuisse","og_description":"Fraise \u00e0 m\u00e9taux avec moteur de 750 W","og_url":"https:\/\/www.tecnosuissesa.com\/fr\/produit\/fraiseuse-a-metaux-orion-3-2\/","og_site_name":"Tecnosuisse","article_publisher":"https:\/\/www.facebook.com\/tecnosuisse\/","og_image":[{"width":1024,"height":768,"url":"https:\/\/www.tecnosuissesa.com\/wp-content\/uploads\/2017\/09\/orion-3.2-1.jpg","type":"image\/jpeg"}],"twitter_card":"summary_large_image","twitter_misc":{"Dur\u00e9e de lecture estim\u00e9e":"2 minutes"},"schema":{"@context":"https:\/\/schema.org","@graph":[{"@type":"WebPage","@id":"https:\/\/www.tecnosuissesa.com\/fr\/produit\/fraiseuse-a-metaux-orion-3-2\/","url":"https:\/\/www.tecnosuissesa.com\/fr\/produit\/fraiseuse-a-metaux-orion-3-2\/","name":"Fraiseuse \u00e0 m\u00e9taux Orion 3.2 - Tecnosuisse","isPartOf":{"@id":"https:\/\/www.tecnosuissesa.com\/it\/#website"},"primaryImageOfPage":{"@id":"https:\/\/www.tecnosuissesa.com\/fr\/produit\/fraiseuse-a-metaux-orion-3-2\/#primaryimage"},"image":{"@id":"https:\/\/www.tecnosuissesa.com\/fr\/produit\/fraiseuse-a-metaux-orion-3-2\/#primaryimage"},"thumbnailUrl":"https:\/\/www.tecnosuissesa.com\/wp-content\/uploads\/2017\/09\/orion-3.2-1.jpg","datePublished":"2017-09-21T14:27:26+00:00","breadcrumb":{"@id":"https:\/\/www.tecnosuissesa.com\/fr\/produit\/fraiseuse-a-metaux-orion-3-2\/#breadcrumb"},"inLanguage":"fr-FR","potentialAction":[{"@type":"ReadAction","target":["https:\/\/www.tecnosuissesa.com\/fr\/produit\/fraiseuse-a-metaux-orion-3-2\/"]}]},{"@type":"ImageObject","inLanguage":"fr-FR","@id":"https:\/\/www.tecnosuissesa.com\/fr\/produit\/fraiseuse-a-metaux-orion-3-2\/#primaryimage","url":"https:\/\/www.tecnosuissesa.com\/wp-content\/uploads\/2017\/09\/orion-3.2-1.jpg","contentUrl":"https:\/\/www.tecnosuissesa.com\/wp-content\/uploads\/2017\/09\/orion-3.2-1.jpg","width":1024,"height":768},{"@type":"BreadcrumbList","@id":"https:\/\/www.tecnosuissesa.com\/fr\/produit\/fraiseuse-a-metaux-orion-3-2\/#breadcrumb","itemListElement":[{"@type":"ListItem","position":1,"name":"Home","item":"https:\/\/www.tecnosuissesa.com\/fr\/"},{"@type":"ListItem","position":2,"name":"Vendita di Macchine Utensili per Legno e per Metalli","item":"https:\/\/www.tecnosuissesa.com\/it\/vendita-macchine-utensili\/"},{"@type":"ListItem","position":3,"name":"Fraiseuse \u00e0 m\u00e9taux Orion 3.2"}]},{"@type":"WebSite","@id":"https:\/\/www.tecnosuissesa.com\/it\/#website","url":"https:\/\/www.tecnosuissesa.com\/it\/","name":"Tecnosuisse","description":"Macchine Utensili per Legno e Metalli","publisher":{"@id":"https:\/\/www.tecnosuissesa.com\/it\/#organization"},"potentialAction":[{"@type":"SearchAction","target":{"@type":"EntryPoint","urlTemplate":"https:\/\/www.tecnosuissesa.com\/it\/?s={search_term_string}"},"query-input":{"@type":"PropertyValueSpecification","valueRequired":true,"valueName":"search_term_string"}}],"inLanguage":"fr-FR"},{"@type":"Organization","@id":"https:\/\/www.tecnosuissesa.com\/it\/#organization","name":"Tecnosuisse","url":"https:\/\/www.tecnosuissesa.com\/it\/","logo":{"@type":"ImageObject","inLanguage":"fr-FR","@id":"https:\/\/www.tecnosuissesa.com\/it\/#\/schema\/logo\/image\/","url":"https:\/\/www.tecnosuissesa.com\/wp-content\/uploads\/2017\/08\/Logo_TecnoSuisse_627x627.png","contentUrl":"https:\/\/www.tecnosuissesa.com\/wp-content\/uploads\/2017\/08\/Logo_TecnoSuisse_627x627.png","width":627,"height":627,"caption":"Tecnosuisse"},"image":{"@id":"https:\/\/www.tecnosuissesa.com\/it\/#\/schema\/logo\/image\/"},"sameAs":["https:\/\/www.facebook.com\/tecnosuisse\/","https:\/\/www.youtube.com\/channel\/UCSoxFNkw8ZiE4jP9OY8AdFg"]}]}},"_links":{"self":[{"href":"https:\/\/www.tecnosuissesa.com\/fr\/wp-json\/wp\/v2\/product\/907","targetHints":{"allow":["GET"]}}],"collection":[{"href":"https:\/\/www.tecnosuissesa.com\/fr\/wp-json\/wp\/v2\/product"}],"about":[{"href":"https:\/\/www.tecnosuissesa.com\/fr\/wp-json\/wp\/v2\/types\/product"}],"replies":[{"embeddable":true,"href":"https:\/\/www.tecnosuissesa.com\/fr\/wp-json\/wp\/v2\/comments?post=907"}],"wp:featuredmedia":[{"embeddable":true,"href":"https:\/\/www.tecnosuissesa.com\/fr\/wp-json\/wp\/v2\/media\/896"}],"wp:attachment":[{"href":"https:\/\/www.tecnosuissesa.com\/fr\/wp-json\/wp\/v2\/media?parent=907"}],"wp:term":[{"taxonomy":"product_brand","embeddable":true,"href":"https:\/\/www.tecnosuissesa.com\/fr\/wp-json\/wp\/v2\/product_brand?post=907"},{"taxonomy":"product_cat","embeddable":true,"href":"https:\/\/www.tecnosuissesa.com\/fr\/wp-json\/wp\/v2\/product_cat?post=907"},{"taxonomy":"product_tag","embeddable":true,"href":"https:\/\/www.tecnosuissesa.com\/fr\/wp-json\/wp\/v2\/product_tag?post=907"}],"curies":[{"name":"wp","href":"https:\/\/api.w.org\/{rel}","templated":true}]}}