{"id":877,"date":"2017-09-21T15:52:50","date_gmt":"2017-09-21T13:52:50","guid":{"rendered":"https:\/\/www.tecnosuissesa.com\/product\/fraiseuse-a-metaux-orion-1-6\/"},"modified":"2017-09-21T15:55:22","modified_gmt":"2017-09-21T13:55:22","slug":"fraiseuse-a-metaux-orion-1-6","status":"publish","type":"product","link":"https:\/\/www.tecnosuissesa.com\/fr\/product\/fraiseuse-a-metaux-orion-1-6\/","title":{"rendered":"Fraiseuse \u00e0 m\u00e9taux Orion 1.6"},"content":{"rendered":"<p align=\"justify\">Cette petite mais pr\u00e9cise fraiseuse \u00e0 m\u00e9taux mais a une t\u00eate inclinable et table crois\u00e9e en fonte. Elle est \u00e9quip\u00e9e avec param\u00e8tres en trois dimensions des qui vous permettent de travailler sur le morceau de m\u00e9tal de tous les angles. Elle a aussi un changement \u00e9lectronique de la vitesse, comme \u00e7a vous pouvez calibrer parfaitement les tours de forage que vous souhaitez r\u00e9aliser. Le moteur qui actionne la machine est un puissant 600 Watt monophas\u00e9.<\/p>\n<table border=\"1\" width=\"100%\" cellspacing=\"0\" cellpadding=\"0\">\n<tbody>\n<tr>\n<td colspan=\"2\" align=\"center\" height=\"20\"><strong>DONN\u00c9ES TECNIQUES<\/strong><\/td>\n<\/tr>\n<tr>\n<td colspan=\"2\" height=\"20\"><strong>DIMENSIONS DE LA MACHINE<\/strong><\/td>\n<\/tr>\n<tr>\n<td width=\"415\" height=\"20\">Max. encombrement machine<\/td>\n<td width=\"414\" height=\"20\">Hauteur 1.600 mm X Largeur 800 mm X Longueur 550 mm<\/td>\n<\/tr>\n<tr>\n<td colspan=\"2\" height=\"20\"><strong>SPECIFICATIONS DE LA MACHINE<\/strong><\/td>\n<\/tr>\n<tr>\n<td height=\"20\">Dimension table \u00e0 croix<\/td>\n<td height=\"20\">500 x 140 mm<\/td>\n<\/tr>\n<tr>\n<td height=\"20\">Course longitudinale de la table \u00e0 croix<\/td>\n<td height=\"20\">162 mm (dans les deux directions)<\/td>\n<\/tr>\n<tr>\n<td height=\"20\">\n<p>Course transversale de la table \u00e0 croix<\/p>\n<\/td>\n<td height=\"20\">\n<p>144 mm<\/p>\n<\/td>\n<\/tr>\n<tr>\n<td height=\"20\">Excursion manche<\/td>\n<td height=\"20\">60 mm<\/td>\n<\/tr>\n<tr>\n<td height=\"20\">Distance entre colonne et centre du mandrin<\/td>\n<td height=\"20\">170 mm<\/td>\n<\/tr>\n<tr>\n<td height=\"20\">Max hauteur de travail sans mandrin<\/td>\n<td height=\"20\">285 mm<\/td>\n<\/tr>\n<tr>\n<td height=\"20\">Max hauteur de travail avec mandrin<\/td>\n<td height=\"20\">180 mm<\/td>\n<\/tr>\n<tr>\n<td height=\"20\">\u00e9chelle avancement transversal, longitudinal descente manche<\/td>\n<td height=\"20\">noni: 0.05mm<\/td>\n<\/tr>\n<tr>\n<td height=\"20\">\u00e9chelle descente t\u00eate verticale<\/td>\n<td height=\"20\">Descente t\u00eate : 0,1 mm<\/td>\n<\/tr>\n<tr>\n<td height=\"20\">c\u00f4ne mandrin<\/td>\n<td height=\"20\">MT2<\/td>\n<\/tr>\n<tr>\n<td colspan=\"2\" height=\"20\"><strong>MOTEUR FRAISAGE<\/strong><\/td>\n<\/tr>\n<tr>\n<td height=\"20\">Type<\/td>\n<td height=\"20\">monophas\u00e9<\/td>\n<\/tr>\n<tr>\n<td height=\"20\">Puissance<\/td>\n<td height=\"20\">600 W<\/td>\n<\/tr>\n<tr>\n<td height=\"20\">Vitesse de rotation (position1)<\/td>\n<td height=\"20\">Position 1 de 50 \u00e0 1250 tr \/ min<\/td>\n<\/tr>\n<tr>\n<td height=\"20\">Vitesse de rotation (position2)<\/td>\n<td height=\"20\">Position 2 de 100 \u00e0 2500 tr \/ min<\/td>\n<\/tr>\n<\/tbody>\n<\/table>\n","protected":false},"excerpt":{"rendered":"<p>Fraiseuse \u00e0 m\u00e9taux avec moteur de 600 W<\/p>\n","protected":false},"featured_media":866,"comment_status":"open","ping_status":"closed","template":"","meta":[],"product_brand":[],"product_cat":[76],"product_tag":[],"class_list":{"0":"post-877","1":"product","2":"type-product","3":"status-publish","4":"has-post-thumbnail","6":"product_cat-fraiseuse","8":"first","9":"instock","10":"shipping-taxable","11":"purchasable","12":"product-type-simple"},"yoast_head":"<!-- This site is optimized with the Yoast SEO plugin v27.1 - https:\/\/yoast.com\/product\/yoast-seo-wordpress\/ -->\n<title>Fraiseuse \u00e0 m\u00e9taux Orion 1.6 - Tecnosuisse<\/title>\n<meta name=\"robots\" content=\"index, follow, max-snippet:-1, max-image-preview:large, max-video-preview:-1\" \/>\n<link rel=\"canonical\" href=\"https:\/\/www.tecnosuissesa.com\/fr\/produit\/fraiseuse-a-metaux-orion-1-6\/\" \/>\n<meta property=\"og:locale\" content=\"fr_FR\" \/>\n<meta property=\"og:type\" content=\"article\" \/>\n<meta property=\"og:title\" content=\"Fraiseuse \u00e0 m\u00e9taux Orion 1.6 - Tecnosuisse\" \/>\n<meta property=\"og:description\" content=\"Fraiseuse \u00e0 m\u00e9taux avec moteur de 600 W\" \/>\n<meta property=\"og:url\" content=\"https:\/\/www.tecnosuissesa.com\/fr\/produit\/fraiseuse-a-metaux-orion-1-6\/\" \/>\n<meta property=\"og:site_name\" content=\"Tecnosuisse\" \/>\n<meta property=\"article:publisher\" content=\"https:\/\/www.facebook.com\/tecnosuisse\/\" \/>\n<meta property=\"article:modified_time\" content=\"2017-09-21T13:55:22+00:00\" \/>\n<meta property=\"og:image\" content=\"https:\/\/www.tecnosuissesa.com\/wp-content\/uploads\/2017\/09\/fresa-per-metalli-orion-16-.jpg\" \/>\n\t<meta property=\"og:image:width\" content=\"800\" \/>\n\t<meta property=\"og:image:height\" content=\"800\" \/>\n\t<meta property=\"og:image:type\" content=\"image\/jpeg\" \/>\n<meta name=\"twitter:card\" content=\"summary_large_image\" \/>\n<meta name=\"twitter:label1\" content=\"Dur\u00e9e de lecture estim\u00e9e\" \/>\n\t<meta name=\"twitter:data1\" content=\"1 minute\" \/>\n<script type=\"application\/ld+json\" class=\"yoast-schema-graph\">{\"@context\":\"https:\/\/schema.org\",\"@graph\":[{\"@type\":\"WebPage\",\"@id\":\"https:\/\/www.tecnosuissesa.com\/fr\/produit\/fraiseuse-a-metaux-orion-1-6\/\",\"url\":\"https:\/\/www.tecnosuissesa.com\/fr\/produit\/fraiseuse-a-metaux-orion-1-6\/\",\"name\":\"Fraiseuse \u00e0 m\u00e9taux Orion 1.6 - Tecnosuisse\",\"isPartOf\":{\"@id\":\"https:\/\/www.tecnosuissesa.com\/it\/#website\"},\"primaryImageOfPage\":{\"@id\":\"https:\/\/www.tecnosuissesa.com\/fr\/produit\/fraiseuse-a-metaux-orion-1-6\/#primaryimage\"},\"image\":{\"@id\":\"https:\/\/www.tecnosuissesa.com\/fr\/produit\/fraiseuse-a-metaux-orion-1-6\/#primaryimage\"},\"thumbnailUrl\":\"https:\/\/www.tecnosuissesa.com\/wp-content\/uploads\/2017\/09\/fresa-per-metalli-orion-16-.jpg\",\"datePublished\":\"2017-09-21T13:52:50+00:00\",\"dateModified\":\"2017-09-21T13:55:22+00:00\",\"breadcrumb\":{\"@id\":\"https:\/\/www.tecnosuissesa.com\/fr\/produit\/fraiseuse-a-metaux-orion-1-6\/#breadcrumb\"},\"inLanguage\":\"fr-FR\",\"potentialAction\":[{\"@type\":\"ReadAction\",\"target\":[\"https:\/\/www.tecnosuissesa.com\/fr\/produit\/fraiseuse-a-metaux-orion-1-6\/\"]}]},{\"@type\":\"ImageObject\",\"inLanguage\":\"fr-FR\",\"@id\":\"https:\/\/www.tecnosuissesa.com\/fr\/produit\/fraiseuse-a-metaux-orion-1-6\/#primaryimage\",\"url\":\"https:\/\/www.tecnosuissesa.com\/wp-content\/uploads\/2017\/09\/fresa-per-metalli-orion-16-.jpg\",\"contentUrl\":\"https:\/\/www.tecnosuissesa.com\/wp-content\/uploads\/2017\/09\/fresa-per-metalli-orion-16-.jpg\",\"width\":800,\"height\":800},{\"@type\":\"BreadcrumbList\",\"@id\":\"https:\/\/www.tecnosuissesa.com\/fr\/produit\/fraiseuse-a-metaux-orion-1-6\/#breadcrumb\",\"itemListElement\":[{\"@type\":\"ListItem\",\"position\":1,\"name\":\"Home\",\"item\":\"https:\/\/www.tecnosuissesa.com\/fr\/\"},{\"@type\":\"ListItem\",\"position\":2,\"name\":\"Vendita di Macchine Utensili per Legno e per Metalli\",\"item\":\"https:\/\/www.tecnosuissesa.com\/it\/vendita-macchine-utensili\/\"},{\"@type\":\"ListItem\",\"position\":3,\"name\":\"Fraiseuse \u00e0 m\u00e9taux Orion 1.6\"}]},{\"@type\":\"WebSite\",\"@id\":\"https:\/\/www.tecnosuissesa.com\/it\/#website\",\"url\":\"https:\/\/www.tecnosuissesa.com\/it\/\",\"name\":\"Tecnosuisse\",\"description\":\"Macchine Utensili per Legno e Metalli\",\"publisher\":{\"@id\":\"https:\/\/www.tecnosuissesa.com\/it\/#organization\"},\"potentialAction\":[{\"@type\":\"SearchAction\",\"target\":{\"@type\":\"EntryPoint\",\"urlTemplate\":\"https:\/\/www.tecnosuissesa.com\/it\/?s={search_term_string}\"},\"query-input\":{\"@type\":\"PropertyValueSpecification\",\"valueRequired\":true,\"valueName\":\"search_term_string\"}}],\"inLanguage\":\"fr-FR\"},{\"@type\":\"Organization\",\"@id\":\"https:\/\/www.tecnosuissesa.com\/it\/#organization\",\"name\":\"Tecnosuisse\",\"url\":\"https:\/\/www.tecnosuissesa.com\/it\/\",\"logo\":{\"@type\":\"ImageObject\",\"inLanguage\":\"fr-FR\",\"@id\":\"https:\/\/www.tecnosuissesa.com\/it\/#\/schema\/logo\/image\/\",\"url\":\"https:\/\/www.tecnosuissesa.com\/wp-content\/uploads\/2017\/08\/Logo_TecnoSuisse_627x627.png\",\"contentUrl\":\"https:\/\/www.tecnosuissesa.com\/wp-content\/uploads\/2017\/08\/Logo_TecnoSuisse_627x627.png\",\"width\":627,\"height\":627,\"caption\":\"Tecnosuisse\"},\"image\":{\"@id\":\"https:\/\/www.tecnosuissesa.com\/it\/#\/schema\/logo\/image\/\"},\"sameAs\":[\"https:\/\/www.facebook.com\/tecnosuisse\/\",\"https:\/\/www.youtube.com\/channel\/UCSoxFNkw8ZiE4jP9OY8AdFg\"]}]}<\/script>\n<!-- \/ Yoast SEO plugin. -->","yoast_head_json":{"title":"Fraiseuse \u00e0 m\u00e9taux Orion 1.6 - Tecnosuisse","robots":{"index":"index","follow":"follow","max-snippet":"max-snippet:-1","max-image-preview":"max-image-preview:large","max-video-preview":"max-video-preview:-1"},"canonical":"https:\/\/www.tecnosuissesa.com\/fr\/produit\/fraiseuse-a-metaux-orion-1-6\/","og_locale":"fr_FR","og_type":"article","og_title":"Fraiseuse \u00e0 m\u00e9taux Orion 1.6 - Tecnosuisse","og_description":"Fraiseuse \u00e0 m\u00e9taux avec moteur de 600 W","og_url":"https:\/\/www.tecnosuissesa.com\/fr\/produit\/fraiseuse-a-metaux-orion-1-6\/","og_site_name":"Tecnosuisse","article_publisher":"https:\/\/www.facebook.com\/tecnosuisse\/","article_modified_time":"2017-09-21T13:55:22+00:00","og_image":[{"width":800,"height":800,"url":"https:\/\/www.tecnosuissesa.com\/wp-content\/uploads\/2017\/09\/fresa-per-metalli-orion-16-.jpg","type":"image\/jpeg"}],"twitter_card":"summary_large_image","twitter_misc":{"Dur\u00e9e de lecture estim\u00e9e":"1 minute"},"schema":{"@context":"https:\/\/schema.org","@graph":[{"@type":"WebPage","@id":"https:\/\/www.tecnosuissesa.com\/fr\/produit\/fraiseuse-a-metaux-orion-1-6\/","url":"https:\/\/www.tecnosuissesa.com\/fr\/produit\/fraiseuse-a-metaux-orion-1-6\/","name":"Fraiseuse \u00e0 m\u00e9taux Orion 1.6 - Tecnosuisse","isPartOf":{"@id":"https:\/\/www.tecnosuissesa.com\/it\/#website"},"primaryImageOfPage":{"@id":"https:\/\/www.tecnosuissesa.com\/fr\/produit\/fraiseuse-a-metaux-orion-1-6\/#primaryimage"},"image":{"@id":"https:\/\/www.tecnosuissesa.com\/fr\/produit\/fraiseuse-a-metaux-orion-1-6\/#primaryimage"},"thumbnailUrl":"https:\/\/www.tecnosuissesa.com\/wp-content\/uploads\/2017\/09\/fresa-per-metalli-orion-16-.jpg","datePublished":"2017-09-21T13:52:50+00:00","dateModified":"2017-09-21T13:55:22+00:00","breadcrumb":{"@id":"https:\/\/www.tecnosuissesa.com\/fr\/produit\/fraiseuse-a-metaux-orion-1-6\/#breadcrumb"},"inLanguage":"fr-FR","potentialAction":[{"@type":"ReadAction","target":["https:\/\/www.tecnosuissesa.com\/fr\/produit\/fraiseuse-a-metaux-orion-1-6\/"]}]},{"@type":"ImageObject","inLanguage":"fr-FR","@id":"https:\/\/www.tecnosuissesa.com\/fr\/produit\/fraiseuse-a-metaux-orion-1-6\/#primaryimage","url":"https:\/\/www.tecnosuissesa.com\/wp-content\/uploads\/2017\/09\/fresa-per-metalli-orion-16-.jpg","contentUrl":"https:\/\/www.tecnosuissesa.com\/wp-content\/uploads\/2017\/09\/fresa-per-metalli-orion-16-.jpg","width":800,"height":800},{"@type":"BreadcrumbList","@id":"https:\/\/www.tecnosuissesa.com\/fr\/produit\/fraiseuse-a-metaux-orion-1-6\/#breadcrumb","itemListElement":[{"@type":"ListItem","position":1,"name":"Home","item":"https:\/\/www.tecnosuissesa.com\/fr\/"},{"@type":"ListItem","position":2,"name":"Vendita di Macchine Utensili per Legno e per Metalli","item":"https:\/\/www.tecnosuissesa.com\/it\/vendita-macchine-utensili\/"},{"@type":"ListItem","position":3,"name":"Fraiseuse \u00e0 m\u00e9taux Orion 1.6"}]},{"@type":"WebSite","@id":"https:\/\/www.tecnosuissesa.com\/it\/#website","url":"https:\/\/www.tecnosuissesa.com\/it\/","name":"Tecnosuisse","description":"Macchine Utensili per Legno e Metalli","publisher":{"@id":"https:\/\/www.tecnosuissesa.com\/it\/#organization"},"potentialAction":[{"@type":"SearchAction","target":{"@type":"EntryPoint","urlTemplate":"https:\/\/www.tecnosuissesa.com\/it\/?s={search_term_string}"},"query-input":{"@type":"PropertyValueSpecification","valueRequired":true,"valueName":"search_term_string"}}],"inLanguage":"fr-FR"},{"@type":"Organization","@id":"https:\/\/www.tecnosuissesa.com\/it\/#organization","name":"Tecnosuisse","url":"https:\/\/www.tecnosuissesa.com\/it\/","logo":{"@type":"ImageObject","inLanguage":"fr-FR","@id":"https:\/\/www.tecnosuissesa.com\/it\/#\/schema\/logo\/image\/","url":"https:\/\/www.tecnosuissesa.com\/wp-content\/uploads\/2017\/08\/Logo_TecnoSuisse_627x627.png","contentUrl":"https:\/\/www.tecnosuissesa.com\/wp-content\/uploads\/2017\/08\/Logo_TecnoSuisse_627x627.png","width":627,"height":627,"caption":"Tecnosuisse"},"image":{"@id":"https:\/\/www.tecnosuissesa.com\/it\/#\/schema\/logo\/image\/"},"sameAs":["https:\/\/www.facebook.com\/tecnosuisse\/","https:\/\/www.youtube.com\/channel\/UCSoxFNkw8ZiE4jP9OY8AdFg"]}]}},"_links":{"self":[{"href":"https:\/\/www.tecnosuissesa.com\/fr\/wp-json\/wp\/v2\/product\/877","targetHints":{"allow":["GET"]}}],"collection":[{"href":"https:\/\/www.tecnosuissesa.com\/fr\/wp-json\/wp\/v2\/product"}],"about":[{"href":"https:\/\/www.tecnosuissesa.com\/fr\/wp-json\/wp\/v2\/types\/product"}],"replies":[{"embeddable":true,"href":"https:\/\/www.tecnosuissesa.com\/fr\/wp-json\/wp\/v2\/comments?post=877"}],"wp:featuredmedia":[{"embeddable":true,"href":"https:\/\/www.tecnosuissesa.com\/fr\/wp-json\/wp\/v2\/media\/866"}],"wp:attachment":[{"href":"https:\/\/www.tecnosuissesa.com\/fr\/wp-json\/wp\/v2\/media?parent=877"}],"wp:term":[{"taxonomy":"product_brand","embeddable":true,"href":"https:\/\/www.tecnosuissesa.com\/fr\/wp-json\/wp\/v2\/product_brand?post=877"},{"taxonomy":"product_cat","embeddable":true,"href":"https:\/\/www.tecnosuissesa.com\/fr\/wp-json\/wp\/v2\/product_cat?post=877"},{"taxonomy":"product_tag","embeddable":true,"href":"https:\/\/www.tecnosuissesa.com\/fr\/wp-json\/wp\/v2\/product_tag?post=877"}],"curies":[{"name":"wp","href":"https:\/\/api.w.org\/{rel}","templated":true}]}}