{"id":862,"date":"2017-09-21T15:33:38","date_gmt":"2017-09-21T13:33:38","guid":{"rendered":"https:\/\/www.tecnosuissesa.com\/product\/tour-professionnel-a-metaux-titanius-1000-digit\/"},"modified":"2019-02-21T14:49:05","modified_gmt":"2019-02-21T13:49:05","slug":"tour-professionnel-a-metaux-titanius-1000-digit","status":"publish","type":"product","link":"https:\/\/www.tecnosuissesa.com\/fr\/product\/tour-professionnel-a-metaux-titanius-1000-digit\/","title":{"rendered":"Tour professionnel \u00e0 m\u00e9taux Titanius 1000 Digit"},"content":{"rendered":"<p>Tour \u00e0 m\u00e9taux de type professionnel, tr\u00e8s robuste et extremment pr\u00e9cis.Cette machine r\u00e9pond aux exigences de toute usine ou atelier de m\u00e9canique aussi bien pour les op\u00e9rations de filetage que pour la reproduction de pi\u00e8ces m\u00e9talliques de haute pr\u00e9cision. Ce tour est \u00e9quip\u00e9 d\u2019 une boite de vitesse Norton automatique, permettant de s\u00e9lectionner rapidement la vitesse d&rsquo;avance de la \u201c vis m\u00e8re\u00a0\u00bb pour r\u00e9aliser des filetages ou du chariotage. Pour passer d&rsquo;un pas \u00e0 l&rsquo;autre il suffit de d\u00e9placer les petites manettes se trouvant sur la partie frontale du tour. Le tour est con\u00e7u avec une avance automatique dans toutes les directions. Tous les tours de la s\u00e9rie Titanius sont dot\u00e9s d\u2019 une pompe de refroidissement et d\u2019 une lampe \u00e0 illumination directe . Le tour est en outre fourni avec un mandrin autocentr\u00e9 \u00e0 3 mors (3 internes et 3 externes) , deux contrepointes \u00e0 fixation c\u00f4nique, le chariot d&rsquo; avance automatique, les deux lunettes , le pi\u00e8tement en m\u00e9tal et le kit de cl\u00e8s de service. Ce mod\u00e8le est vendu avec le lecteur de contr\u00f4le digital (Digit) sur trois axes (longitudinal, transversal , coulisseau porte-outils) qui permet de b\u00e9n\u00e9ficier d\u2019 une pr\u00e9cision totale sur l\u2019 usinage de la pi\u00e8ce.<\/p>\n<table class=\"table table-striped\" border=\"1\" width=\"100%\" cellspacing=\"0\" cellpadding=\"0\">\n<tbody>\n<tr>\n<td colspan=\"2\" valign=\"top\">\n<div align=\"center\"><strong>DONN\u00c9ES TECHNIQUES<\/strong><\/div>\n<\/td>\n<\/tr>\n<tr>\n<td>Dimensions avec le b\u00e2ti<\/td>\n<td>2040 mm (Longueur) x 830 mm (Largeur) x 1630 mm (Hauteur)<\/td>\n<\/tr>\n<tr>\n<td>Poids net de la machine<\/td>\n<td>1190 kg<\/td>\n<\/tr>\n<tr>\n<td colspan=\"2\"><strong>SP\u00c9CIFICATIONS TOUR<\/strong><\/td>\n<\/tr>\n<tr>\n<td>Distance entre-pointes<\/td>\n<td>1000 mm<\/td>\n<\/tr>\n<tr>\n<td>Hauteur des pointes<\/td>\n<td>205 mm<\/td>\n<\/tr>\n<tr>\n<td>Diam\u00e8tre max d&rsquo; usinage sur le banc<\/td>\n<td>410 mm<\/td>\n<\/tr>\n<tr>\n<td>Diam-max de la pi\u00e8ce \u00e0 usiner sur la partie interne<\/td>\n<td>640 mm<\/td>\n<\/tr>\n<tr>\n<td>Diam\u00e8tre de la barre passante<\/td>\n<td>52 mm<\/td>\n<\/tr>\n<tr>\n<td>Largeur des glissi\u00e8res<\/td>\n<td>300 mm<\/td>\n<\/tr>\n<tr>\n<td>Course transversale<\/td>\n<td>178 mm<\/td>\n<\/tr>\n<tr>\n<td>Diam\u00e8tre de la contrepointe<\/td>\n<td>60 mm<\/td>\n<\/tr>\n<tr>\n<td>Nombre de mors de la contrepointe<\/td>\n<td>4<\/td>\n<\/tr>\n<tr>\n<td>Fixation du mandrin<\/td>\n<td>D1-6<\/td>\n<\/tr>\n<tr>\n<td>R\u00e9glage de la vitesse de rotation du mandrin<\/td>\n<td>De 8 \u00e0 16<\/td>\n<\/tr>\n<tr>\n<td>Type de filettages m\u00e9triques<\/td>\n<td>De 0,1 \u00e0 14 mm<\/td>\n<\/tr>\n<tr>\n<td>Vitesse de rotation du mandrin<\/td>\n<td>12 &#8211; 2000 t.p.m<\/td>\n<\/tr>\n<tr>\n<td colspan=\"2\"><strong>AVANCEMENT PLANS<\/strong><\/td>\n<\/tr>\n<tr>\n<td>Avance longitudinale automatique<\/td>\n<td>0,031 &#8211; 1,7 mm<\/td>\n<\/tr>\n<tr>\n<td>Avance transversale automatique (table en croix )<\/td>\n<td>0,014 &#8211; 0,784 mm\/giro<\/td>\n<\/tr>\n<tr>\n<td colspan=\"2\"><strong>MOTEUR<\/strong><\/td>\n<\/tr>\n<tr>\n<td>Type<\/td>\n<td>Triphas\u00e9 (380 V)<\/td>\n<\/tr>\n<tr>\n<td>Puissance<\/td>\n<td>3.3 Kw (4,5 HP)<\/td>\n<\/tr>\n<\/tbody>\n<\/table>\n","protected":false},"excerpt":{"rendered":"<p>Tour professionnel avec affichage digital DRO sur trois axes, une distance entre les centres de 1000 mm, diam\u00e8tre maximum de la pi\u00e8ce sur le banc de 410 mm, pomper de l&rsquo;eau de refroidissement blancet, moteur triphas\u00e9 4,5 Hp<\/p>\n","protected":false},"featured_media":851,"comment_status":"open","ping_status":"closed","template":"","meta":[],"product_brand":[],"product_cat":[182],"product_tag":[190,187,192],"class_list":{"0":"post-862","1":"product","2":"type-product","3":"status-publish","4":"has-post-thumbnail","6":"product_cat-tours-a-metaux","7":"product_tag-tour-fr","8":"product_tag-tour-detabli","9":"product_tag-tour-professionnel","10":"product_shipping_class-classe-10","12":"first","13":"instock","14":"shipping-taxable","15":"purchasable","16":"product-type-simple"},"yoast_head":"<!-- This site is optimized with the Yoast SEO plugin v27.1 - https:\/\/yoast.com\/product\/yoast-seo-wordpress\/ -->\n<title>Tour professionnel \u00e0 m\u00e9taux Titanius 1000 Digit - Tecnosuisse<\/title>\n<meta name=\"description\" content=\"Un tour pour l&#039;usinage de m\u00e9taux professionnels, robustes et pr\u00e9cis, peut \u00eatre utilis\u00e9 dans divers ateliers m\u00e9caniques pour fileter et reproduire des \u00e9l\u00e9ments m\u00e9talliques de pr\u00e9cision\" \/>\n<meta name=\"robots\" content=\"index, follow, max-snippet:-1, max-image-preview:large, max-video-preview:-1\" \/>\n<link rel=\"canonical\" href=\"https:\/\/www.tecnosuissesa.com\/fr\/produit\/tour-professionnel-a-metaux-titanius-1000-digit\/\" \/>\n<meta property=\"og:locale\" content=\"fr_FR\" \/>\n<meta property=\"og:type\" content=\"article\" \/>\n<meta property=\"og:title\" content=\"Tour professionnel \u00e0 m\u00e9taux Titanius 1000 Digit - Tecnosuisse\" \/>\n<meta property=\"og:description\" content=\"Un tour pour l&#039;usinage de m\u00e9taux professionnels, robustes et pr\u00e9cis, peut \u00eatre utilis\u00e9 dans divers ateliers m\u00e9caniques pour fileter et reproduire des \u00e9l\u00e9ments m\u00e9talliques de pr\u00e9cision\" \/>\n<meta property=\"og:url\" content=\"https:\/\/www.tecnosuissesa.com\/fr\/produit\/tour-professionnel-a-metaux-titanius-1000-digit\/\" \/>\n<meta property=\"og:site_name\" content=\"Tecnosuisse\" \/>\n<meta property=\"article:publisher\" content=\"https:\/\/www.facebook.com\/tecnosuisse\/\" \/>\n<meta property=\"article:modified_time\" content=\"2019-02-21T13:49:05+00:00\" \/>\n<meta property=\"og:image\" content=\"https:\/\/www.tecnosuissesa.com\/wp-content\/uploads\/2017\/09\/titanius-1000-digit-1.jpg\" \/>\n\t<meta property=\"og:image:width\" content=\"1024\" \/>\n\t<meta property=\"og:image:height\" content=\"768\" \/>\n\t<meta property=\"og:image:type\" content=\"image\/jpeg\" \/>\n<meta name=\"twitter:card\" content=\"summary_large_image\" \/>\n<meta name=\"twitter:label1\" content=\"Dur\u00e9e de lecture estim\u00e9e\" \/>\n\t<meta name=\"twitter:data1\" content=\"2 minutes\" \/>\n<script type=\"application\/ld+json\" class=\"yoast-schema-graph\">{\"@context\":\"https:\/\/schema.org\",\"@graph\":[{\"@type\":\"WebPage\",\"@id\":\"https:\/\/www.tecnosuissesa.com\/fr\/produit\/tour-professionnel-a-metaux-titanius-1000-digit\/\",\"url\":\"https:\/\/www.tecnosuissesa.com\/fr\/produit\/tour-professionnel-a-metaux-titanius-1000-digit\/\",\"name\":\"Tour professionnel \u00e0 m\u00e9taux Titanius 1000 Digit - Tecnosuisse\",\"isPartOf\":{\"@id\":\"https:\/\/www.tecnosuissesa.com\/it\/#website\"},\"primaryImageOfPage\":{\"@id\":\"https:\/\/www.tecnosuissesa.com\/fr\/produit\/tour-professionnel-a-metaux-titanius-1000-digit\/#primaryimage\"},\"image\":{\"@id\":\"https:\/\/www.tecnosuissesa.com\/fr\/produit\/tour-professionnel-a-metaux-titanius-1000-digit\/#primaryimage\"},\"thumbnailUrl\":\"https:\/\/www.tecnosuissesa.com\/wp-content\/uploads\/2017\/09\/titanius-1000-digit-1.jpg\",\"datePublished\":\"2017-09-21T13:33:38+00:00\",\"dateModified\":\"2019-02-21T13:49:05+00:00\",\"description\":\"Un tour pour l'usinage de m\u00e9taux professionnels, robustes et pr\u00e9cis, peut \u00eatre utilis\u00e9 dans divers ateliers m\u00e9caniques pour fileter et reproduire des \u00e9l\u00e9ments m\u00e9talliques de pr\u00e9cision\",\"breadcrumb\":{\"@id\":\"https:\/\/www.tecnosuissesa.com\/fr\/produit\/tour-professionnel-a-metaux-titanius-1000-digit\/#breadcrumb\"},\"inLanguage\":\"fr-FR\",\"potentialAction\":[{\"@type\":\"ReadAction\",\"target\":[\"https:\/\/www.tecnosuissesa.com\/fr\/produit\/tour-professionnel-a-metaux-titanius-1000-digit\/\"]}]},{\"@type\":\"ImageObject\",\"inLanguage\":\"fr-FR\",\"@id\":\"https:\/\/www.tecnosuissesa.com\/fr\/produit\/tour-professionnel-a-metaux-titanius-1000-digit\/#primaryimage\",\"url\":\"https:\/\/www.tecnosuissesa.com\/wp-content\/uploads\/2017\/09\/titanius-1000-digit-1.jpg\",\"contentUrl\":\"https:\/\/www.tecnosuissesa.com\/wp-content\/uploads\/2017\/09\/titanius-1000-digit-1.jpg\",\"width\":1024,\"height\":768},{\"@type\":\"BreadcrumbList\",\"@id\":\"https:\/\/www.tecnosuissesa.com\/fr\/produit\/tour-professionnel-a-metaux-titanius-1000-digit\/#breadcrumb\",\"itemListElement\":[{\"@type\":\"ListItem\",\"position\":1,\"name\":\"Home\",\"item\":\"https:\/\/www.tecnosuissesa.com\/fr\/\"},{\"@type\":\"ListItem\",\"position\":2,\"name\":\"Vendita di Macchine Utensili per Legno e per Metalli\",\"item\":\"https:\/\/www.tecnosuissesa.com\/it\/vendita-macchine-utensili\/\"},{\"@type\":\"ListItem\",\"position\":3,\"name\":\"Tour professionnel \u00e0 m\u00e9taux Titanius 1000 Digit\"}]},{\"@type\":\"WebSite\",\"@id\":\"https:\/\/www.tecnosuissesa.com\/it\/#website\",\"url\":\"https:\/\/www.tecnosuissesa.com\/it\/\",\"name\":\"Tecnosuisse\",\"description\":\"Macchine Utensili per Legno e Metalli\",\"publisher\":{\"@id\":\"https:\/\/www.tecnosuissesa.com\/it\/#organization\"},\"potentialAction\":[{\"@type\":\"SearchAction\",\"target\":{\"@type\":\"EntryPoint\",\"urlTemplate\":\"https:\/\/www.tecnosuissesa.com\/it\/?s={search_term_string}\"},\"query-input\":{\"@type\":\"PropertyValueSpecification\",\"valueRequired\":true,\"valueName\":\"search_term_string\"}}],\"inLanguage\":\"fr-FR\"},{\"@type\":\"Organization\",\"@id\":\"https:\/\/www.tecnosuissesa.com\/it\/#organization\",\"name\":\"Tecnosuisse\",\"url\":\"https:\/\/www.tecnosuissesa.com\/it\/\",\"logo\":{\"@type\":\"ImageObject\",\"inLanguage\":\"fr-FR\",\"@id\":\"https:\/\/www.tecnosuissesa.com\/it\/#\/schema\/logo\/image\/\",\"url\":\"https:\/\/www.tecnosuissesa.com\/wp-content\/uploads\/2017\/08\/Logo_TecnoSuisse_627x627.png\",\"contentUrl\":\"https:\/\/www.tecnosuissesa.com\/wp-content\/uploads\/2017\/08\/Logo_TecnoSuisse_627x627.png\",\"width\":627,\"height\":627,\"caption\":\"Tecnosuisse\"},\"image\":{\"@id\":\"https:\/\/www.tecnosuissesa.com\/it\/#\/schema\/logo\/image\/\"},\"sameAs\":[\"https:\/\/www.facebook.com\/tecnosuisse\/\",\"https:\/\/www.youtube.com\/channel\/UCSoxFNkw8ZiE4jP9OY8AdFg\"]}]}<\/script>\n<!-- \/ Yoast SEO plugin. -->","yoast_head_json":{"title":"Tour professionnel \u00e0 m\u00e9taux Titanius 1000 Digit - Tecnosuisse","description":"Un tour pour l'usinage de m\u00e9taux professionnels, robustes et pr\u00e9cis, peut \u00eatre utilis\u00e9 dans divers ateliers m\u00e9caniques pour fileter et reproduire des \u00e9l\u00e9ments m\u00e9talliques de pr\u00e9cision","robots":{"index":"index","follow":"follow","max-snippet":"max-snippet:-1","max-image-preview":"max-image-preview:large","max-video-preview":"max-video-preview:-1"},"canonical":"https:\/\/www.tecnosuissesa.com\/fr\/produit\/tour-professionnel-a-metaux-titanius-1000-digit\/","og_locale":"fr_FR","og_type":"article","og_title":"Tour professionnel \u00e0 m\u00e9taux Titanius 1000 Digit - Tecnosuisse","og_description":"Un tour pour l'usinage de m\u00e9taux professionnels, robustes et pr\u00e9cis, peut \u00eatre utilis\u00e9 dans divers ateliers m\u00e9caniques pour fileter et reproduire des \u00e9l\u00e9ments m\u00e9talliques de pr\u00e9cision","og_url":"https:\/\/www.tecnosuissesa.com\/fr\/produit\/tour-professionnel-a-metaux-titanius-1000-digit\/","og_site_name":"Tecnosuisse","article_publisher":"https:\/\/www.facebook.com\/tecnosuisse\/","article_modified_time":"2019-02-21T13:49:05+00:00","og_image":[{"width":1024,"height":768,"url":"https:\/\/www.tecnosuissesa.com\/wp-content\/uploads\/2017\/09\/titanius-1000-digit-1.jpg","type":"image\/jpeg"}],"twitter_card":"summary_large_image","twitter_misc":{"Dur\u00e9e de lecture estim\u00e9e":"2 minutes"},"schema":{"@context":"https:\/\/schema.org","@graph":[{"@type":"WebPage","@id":"https:\/\/www.tecnosuissesa.com\/fr\/produit\/tour-professionnel-a-metaux-titanius-1000-digit\/","url":"https:\/\/www.tecnosuissesa.com\/fr\/produit\/tour-professionnel-a-metaux-titanius-1000-digit\/","name":"Tour professionnel \u00e0 m\u00e9taux Titanius 1000 Digit - Tecnosuisse","isPartOf":{"@id":"https:\/\/www.tecnosuissesa.com\/it\/#website"},"primaryImageOfPage":{"@id":"https:\/\/www.tecnosuissesa.com\/fr\/produit\/tour-professionnel-a-metaux-titanius-1000-digit\/#primaryimage"},"image":{"@id":"https:\/\/www.tecnosuissesa.com\/fr\/produit\/tour-professionnel-a-metaux-titanius-1000-digit\/#primaryimage"},"thumbnailUrl":"https:\/\/www.tecnosuissesa.com\/wp-content\/uploads\/2017\/09\/titanius-1000-digit-1.jpg","datePublished":"2017-09-21T13:33:38+00:00","dateModified":"2019-02-21T13:49:05+00:00","description":"Un tour pour l'usinage de m\u00e9taux professionnels, robustes et pr\u00e9cis, peut \u00eatre utilis\u00e9 dans divers ateliers m\u00e9caniques pour fileter et reproduire des \u00e9l\u00e9ments m\u00e9talliques de pr\u00e9cision","breadcrumb":{"@id":"https:\/\/www.tecnosuissesa.com\/fr\/produit\/tour-professionnel-a-metaux-titanius-1000-digit\/#breadcrumb"},"inLanguage":"fr-FR","potentialAction":[{"@type":"ReadAction","target":["https:\/\/www.tecnosuissesa.com\/fr\/produit\/tour-professionnel-a-metaux-titanius-1000-digit\/"]}]},{"@type":"ImageObject","inLanguage":"fr-FR","@id":"https:\/\/www.tecnosuissesa.com\/fr\/produit\/tour-professionnel-a-metaux-titanius-1000-digit\/#primaryimage","url":"https:\/\/www.tecnosuissesa.com\/wp-content\/uploads\/2017\/09\/titanius-1000-digit-1.jpg","contentUrl":"https:\/\/www.tecnosuissesa.com\/wp-content\/uploads\/2017\/09\/titanius-1000-digit-1.jpg","width":1024,"height":768},{"@type":"BreadcrumbList","@id":"https:\/\/www.tecnosuissesa.com\/fr\/produit\/tour-professionnel-a-metaux-titanius-1000-digit\/#breadcrumb","itemListElement":[{"@type":"ListItem","position":1,"name":"Home","item":"https:\/\/www.tecnosuissesa.com\/fr\/"},{"@type":"ListItem","position":2,"name":"Vendita di Macchine Utensili per Legno e per Metalli","item":"https:\/\/www.tecnosuissesa.com\/it\/vendita-macchine-utensili\/"},{"@type":"ListItem","position":3,"name":"Tour professionnel \u00e0 m\u00e9taux Titanius 1000 Digit"}]},{"@type":"WebSite","@id":"https:\/\/www.tecnosuissesa.com\/it\/#website","url":"https:\/\/www.tecnosuissesa.com\/it\/","name":"Tecnosuisse","description":"Macchine Utensili per Legno e Metalli","publisher":{"@id":"https:\/\/www.tecnosuissesa.com\/it\/#organization"},"potentialAction":[{"@type":"SearchAction","target":{"@type":"EntryPoint","urlTemplate":"https:\/\/www.tecnosuissesa.com\/it\/?s={search_term_string}"},"query-input":{"@type":"PropertyValueSpecification","valueRequired":true,"valueName":"search_term_string"}}],"inLanguage":"fr-FR"},{"@type":"Organization","@id":"https:\/\/www.tecnosuissesa.com\/it\/#organization","name":"Tecnosuisse","url":"https:\/\/www.tecnosuissesa.com\/it\/","logo":{"@type":"ImageObject","inLanguage":"fr-FR","@id":"https:\/\/www.tecnosuissesa.com\/it\/#\/schema\/logo\/image\/","url":"https:\/\/www.tecnosuissesa.com\/wp-content\/uploads\/2017\/08\/Logo_TecnoSuisse_627x627.png","contentUrl":"https:\/\/www.tecnosuissesa.com\/wp-content\/uploads\/2017\/08\/Logo_TecnoSuisse_627x627.png","width":627,"height":627,"caption":"Tecnosuisse"},"image":{"@id":"https:\/\/www.tecnosuissesa.com\/it\/#\/schema\/logo\/image\/"},"sameAs":["https:\/\/www.facebook.com\/tecnosuisse\/","https:\/\/www.youtube.com\/channel\/UCSoxFNkw8ZiE4jP9OY8AdFg"]}]}},"_links":{"self":[{"href":"https:\/\/www.tecnosuissesa.com\/fr\/wp-json\/wp\/v2\/product\/862","targetHints":{"allow":["GET"]}}],"collection":[{"href":"https:\/\/www.tecnosuissesa.com\/fr\/wp-json\/wp\/v2\/product"}],"about":[{"href":"https:\/\/www.tecnosuissesa.com\/fr\/wp-json\/wp\/v2\/types\/product"}],"replies":[{"embeddable":true,"href":"https:\/\/www.tecnosuissesa.com\/fr\/wp-json\/wp\/v2\/comments?post=862"}],"wp:featuredmedia":[{"embeddable":true,"href":"https:\/\/www.tecnosuissesa.com\/fr\/wp-json\/wp\/v2\/media\/851"}],"wp:attachment":[{"href":"https:\/\/www.tecnosuissesa.com\/fr\/wp-json\/wp\/v2\/media?parent=862"}],"wp:term":[{"taxonomy":"product_brand","embeddable":true,"href":"https:\/\/www.tecnosuissesa.com\/fr\/wp-json\/wp\/v2\/product_brand?post=862"},{"taxonomy":"product_cat","embeddable":true,"href":"https:\/\/www.tecnosuissesa.com\/fr\/wp-json\/wp\/v2\/product_cat?post=862"},{"taxonomy":"product_tag","embeddable":true,"href":"https:\/\/www.tecnosuissesa.com\/fr\/wp-json\/wp\/v2\/product_tag?post=862"}],"curies":[{"name":"wp","href":"https:\/\/api.w.org\/{rel}","templated":true}]}}