{"id":846,"date":"2017-09-21T15:20:45","date_gmt":"2017-09-21T13:20:45","guid":{"rendered":"https:\/\/www.tecnosuissesa.com\/product\/tour-a-metaux-multitech-800-plus\/"},"modified":"2017-09-21T15:20:45","modified_gmt":"2017-09-21T13:20:45","slug":"tour-a-metaux-multitech-800-plus","status":"publish","type":"product","link":"https:\/\/www.tecnosuissesa.com\/fr\/product\/tour-a-metaux-multitech-800-plus\/","title":{"rendered":"Tour a m\u00e9taux MULTITECH 800 Plus"},"content":{"rendered":"<p>Il s&rsquo; agit d&rsquo; une machine semi professsionnelle extr\u00eamement pr\u00e9cise et robuste.La stucture de ce tour est en fonte et les finitions en m\u00e9tal.Le tour dispose d&rsquo; une avance automatique qui permet le filetage m\u00e9trique ainsi que le filetage en pouces. La machine est dot\u00e9e d&rsquo; une pompe de refroidissement et d&rsquo; une illumination directe. Le tour est livr\u00e9 avec un mandrin auto-centr\u00e9 \u00e0 trois mors (3 internes et 3 externes), une contrepointe conique, un chariot d&rsquo; avancement , 2 lunettes, le b\u00e2ti en m\u00e9tal et tous les pignons internes ainsi que le kit de cl\u00e9s Allen. La machine dispose d&rsquo; une double glissiere en fonte tremp\u00e9e pour la course du chariot (Le Multitech 800 n&rsquo;en a qu&rsquo;une). Egalement disponible en version triphas\u00e9e sur demande. Le nouveau Multitech 800 Plus est une machine plus robuste (10 kg de plus par rapport au Multitech 800),le lit du tour (base) est plus nervur\u00e9. La machine dispose d&rsquo; une double glissiere en fonte tremp\u00e9e pour la course du chariot (Le Multitech 800 n&rsquo;en a qu&rsquo;une), la distance entre le mandrin et la base (lit du tour) est plus haute, avec un diam\u00e8tre maxi de tornage jusqu&rsquo; \u00e0 330 mm (Mutitech 800 jusqu&rsquo; \u00e0 320 mm).\u00a0<strong>Equip\u00e9 de nouveaux roulements SKF.<br \/>\n<\/strong><\/p>\n<div id=\"article\">\n<div id=\"tavola-tecnica\">\n<table class=\"table table-striped\" border=\"1\" width=\"100%\" cellspacing=\"0\" cellpadding=\"0\">\n<tbody>\n<tr>\n<td colspan=\"2\" valign=\"top\">\n<div align=\"center\"><strong>DONN\u00c9ES TECHNIQUES<\/strong><\/div>\n<\/td>\n<\/tr>\n<tr>\n<td colspan=\"2\"><strong>DIMENSIONS<\/strong><\/td>\n<\/tr>\n<tr>\n<td>Dimensions avec base<\/td>\n<td>1480 mm (longueur) x 760 mm (largeur) x 1150 mm (hauteur)<\/td>\n<\/tr>\n<tr>\n<td>Poids net-brut machine<\/td>\n<td>380 Kg<\/td>\n<\/tr>\n<tr>\n<td colspan=\"2\"><strong>DONN\u00c9ES TECHNIQUES TOUR<\/strong><\/td>\n<\/tr>\n<tr>\n<td>Distance entre les pointes fixe<\/td>\n<td>800 mm<\/td>\n<\/tr>\n<tr>\n<td>Max longueur du travail<\/td>\n<td>650 mm<\/td>\n<\/tr>\n<tr>\n<td>Hauteur des pointes<\/td>\n<td>165 mm<\/td>\n<\/tr>\n<tr>\n<td>Diam\u00e8tre maximum de la pi\u00e8ce sur le banc<\/td>\n<td>220 mm<\/td>\n<\/tr>\n<tr>\n<td>Diam\u00e8tre barre passante<\/td>\n<td>38 mm<\/td>\n<\/tr>\n<tr>\n<td>Diam\u00e8tre mandrin standard (d\u00e9j\u00e0 inclus)<\/td>\n<td>160 mm<\/td>\n<\/tr>\n<tr>\n<td>Type mandrin standard<\/td>\n<td>3 mors auto centrage ( 3 mors externe + 3 mors int\u00e9rieur )<\/td>\n<\/tr>\n<tr>\n<td>Type trou du mandrin<\/td>\n<td>CM 5<\/td>\n<\/tr>\n<tr>\n<td>Type trou de la contre pointe<\/td>\n<td>CM 3<\/td>\n<\/tr>\n<tr>\n<td>Dimension plan \u00e0 croix<\/td>\n<td>330 mm x 130 mm<\/td>\n<\/tr>\n<tr>\n<td>Dimension tourelle fournie<\/td>\n<td>78 mm x 78 mm<\/td>\n<\/tr>\n<tr>\n<td>Max. hauteur des outils mont\u00e9s sur la tourelle standard<\/td>\n<td>20 mm<\/td>\n<\/tr>\n<tr>\n<td>N\u00b0 Filetages en pouces<\/td>\n<td>24<\/td>\n<\/tr>\n<tr>\n<td>Types Filetages en pouces<\/td>\n<td>de 9 \u00e0 40 TPI<\/td>\n<\/tr>\n<tr>\n<td>N\u00b0 Filetages m\u00e9triques<\/td>\n<td>17<\/td>\n<\/tr>\n<tr>\n<td>Types Filetages m\u00e9triques<\/td>\n<td>de 0,5 mm \u00e0 4 mm<\/td>\n<\/tr>\n<tr>\n<td>Voyage longitudinale<\/td>\n<td>0,135 &#8211; 1.80 mm\/tr<\/td>\n<\/tr>\n<tr>\n<td>Voyage transversal<\/td>\n<td>0,025 -0,34 mm\/tr<\/td>\n<\/tr>\n<tr>\n<td>Voyage transversal des outils du chariot<\/td>\n<td>85 mm<\/td>\n<\/tr>\n<tr>\n<td>R\u00e9gulation de la vitesse de rotation du mandrin<\/td>\n<td>12<\/td>\n<\/tr>\n<tr>\n<td>Vitesse rotation du mandrin<\/td>\n<td>de 65 \u00e0 1650 tr\/min<\/td>\n<\/tr>\n<tr>\n<td colspan=\"2\"><strong>MOTEUR TOUR<\/strong><\/td>\n<\/tr>\n<tr>\n<td>Puissance<\/td>\n<td>1500 W<\/td>\n<\/tr>\n<tr>\n<td>Type<\/td>\n<td>Mono 1 vitesse (220 V)<\/td>\n<\/tr>\n<tr>\n<td>Fr\u00e9quence<\/td>\n<td>50 Hz<\/td>\n<\/tr>\n<tr>\n<td colspan=\"2\"><strong>AVANCEMENT PLANS<\/strong><\/td>\n<\/tr>\n<tr>\n<td>Avancement longitudinal<\/td>\n<td>Automatique dans les deux directions<\/td>\n<\/tr>\n<tr>\n<td>Avancement Transversal (plan \u00e0 croix)<\/td>\n<td>Automatique dans les deux directions<\/td>\n<\/tr>\n<\/tbody>\n<\/table>\n<\/div>\n<\/div>\n","protected":false},"excerpt":{"rendered":"<p>Tour \u00e0 la distance entre les centres de 800 mm, pomper de l&rsquo;eau de refroidissement blanc, diam\u00e8tre maximal de travailler sur la banque de 330 mm et moteur monophas\u00e9 1500 W (sur demande est disponible la version triphas\u00e9e)<\/p>\n","protected":false},"featured_media":835,"comment_status":"open","ping_status":"closed","template":"","meta":[],"product_brand":[],"product_cat":[48],"product_tag":[],"class_list":{"0":"post-846","1":"product","2":"type-product","3":"status-publish","4":"has-post-thumbnail","6":"product_cat-machines-a-bois","8":"first","9":"instock","10":"shipping-taxable","11":"purchasable","12":"product-type-simple"},"yoast_head":"<!-- This site is optimized with the Yoast SEO plugin v27.1 - https:\/\/yoast.com\/product\/yoast-seo-wordpress\/ -->\n<title>Tour a m\u00e9taux MULTITECH 800 Plus - Tecnosuisse<\/title>\n<meta name=\"robots\" content=\"index, follow, max-snippet:-1, max-image-preview:large, max-video-preview:-1\" \/>\n<link rel=\"canonical\" href=\"https:\/\/www.tecnosuissesa.com\/fr\/produit\/tour-a-metaux-multitech-800-plus\/\" \/>\n<meta property=\"og:locale\" content=\"fr_FR\" \/>\n<meta property=\"og:type\" content=\"article\" \/>\n<meta property=\"og:title\" content=\"Tour a m\u00e9taux MULTITECH 800 Plus - Tecnosuisse\" \/>\n<meta property=\"og:description\" content=\"Tour \u00e0 la distance entre les centres de 800 mm, pomper de l&#039;eau de refroidissement blanc, diam\u00e8tre maximal de travailler sur la banque de 330 mm et moteur monophas\u00e9 1500 W (sur demande est disponible la version triphas\u00e9e)\" \/>\n<meta property=\"og:url\" content=\"https:\/\/www.tecnosuissesa.com\/fr\/produit\/tour-a-metaux-multitech-800-plus\/\" \/>\n<meta property=\"og:site_name\" content=\"Tecnosuisse\" \/>\n<meta property=\"article:publisher\" content=\"https:\/\/www.facebook.com\/tecnosuisse\/\" \/>\n<meta property=\"og:image\" content=\"https:\/\/www.tecnosuissesa.com\/wp-content\/uploads\/2017\/09\/multitech-800-plus.1.jpg\" \/>\n\t<meta property=\"og:image:width\" content=\"1024\" \/>\n\t<meta property=\"og:image:height\" content=\"768\" \/>\n\t<meta property=\"og:image:type\" content=\"image\/jpeg\" \/>\n<meta name=\"twitter:card\" content=\"summary_large_image\" \/>\n<meta name=\"twitter:label1\" content=\"Dur\u00e9e de lecture estim\u00e9e\" \/>\n\t<meta name=\"twitter:data1\" content=\"2 minutes\" \/>\n<script type=\"application\/ld+json\" class=\"yoast-schema-graph\">{\"@context\":\"https:\/\/schema.org\",\"@graph\":[{\"@type\":\"WebPage\",\"@id\":\"https:\/\/www.tecnosuissesa.com\/fr\/produit\/tour-a-metaux-multitech-800-plus\/\",\"url\":\"https:\/\/www.tecnosuissesa.com\/fr\/produit\/tour-a-metaux-multitech-800-plus\/\",\"name\":\"Tour a m\u00e9taux MULTITECH 800 Plus - Tecnosuisse\",\"isPartOf\":{\"@id\":\"https:\/\/www.tecnosuissesa.com\/it\/#website\"},\"primaryImageOfPage\":{\"@id\":\"https:\/\/www.tecnosuissesa.com\/fr\/produit\/tour-a-metaux-multitech-800-plus\/#primaryimage\"},\"image\":{\"@id\":\"https:\/\/www.tecnosuissesa.com\/fr\/produit\/tour-a-metaux-multitech-800-plus\/#primaryimage\"},\"thumbnailUrl\":\"https:\/\/www.tecnosuissesa.com\/wp-content\/uploads\/2017\/09\/multitech-800-plus.1.jpg\",\"datePublished\":\"2017-09-21T13:20:45+00:00\",\"breadcrumb\":{\"@id\":\"https:\/\/www.tecnosuissesa.com\/fr\/produit\/tour-a-metaux-multitech-800-plus\/#breadcrumb\"},\"inLanguage\":\"fr-FR\",\"potentialAction\":[{\"@type\":\"ReadAction\",\"target\":[\"https:\/\/www.tecnosuissesa.com\/fr\/produit\/tour-a-metaux-multitech-800-plus\/\"]}]},{\"@type\":\"ImageObject\",\"inLanguage\":\"fr-FR\",\"@id\":\"https:\/\/www.tecnosuissesa.com\/fr\/produit\/tour-a-metaux-multitech-800-plus\/#primaryimage\",\"url\":\"https:\/\/www.tecnosuissesa.com\/wp-content\/uploads\/2017\/09\/multitech-800-plus.1.jpg\",\"contentUrl\":\"https:\/\/www.tecnosuissesa.com\/wp-content\/uploads\/2017\/09\/multitech-800-plus.1.jpg\",\"width\":1024,\"height\":768},{\"@type\":\"BreadcrumbList\",\"@id\":\"https:\/\/www.tecnosuissesa.com\/fr\/produit\/tour-a-metaux-multitech-800-plus\/#breadcrumb\",\"itemListElement\":[{\"@type\":\"ListItem\",\"position\":1,\"name\":\"Home\",\"item\":\"https:\/\/www.tecnosuissesa.com\/fr\/\"},{\"@type\":\"ListItem\",\"position\":2,\"name\":\"Vendita di Macchine Utensili per Legno e per Metalli\",\"item\":\"https:\/\/www.tecnosuissesa.com\/it\/vendita-macchine-utensili\/\"},{\"@type\":\"ListItem\",\"position\":3,\"name\":\"Tour a m\u00e9taux MULTITECH 800 Plus\"}]},{\"@type\":\"WebSite\",\"@id\":\"https:\/\/www.tecnosuissesa.com\/it\/#website\",\"url\":\"https:\/\/www.tecnosuissesa.com\/it\/\",\"name\":\"Tecnosuisse\",\"description\":\"Macchine Utensili per Legno e Metalli\",\"publisher\":{\"@id\":\"https:\/\/www.tecnosuissesa.com\/it\/#organization\"},\"potentialAction\":[{\"@type\":\"SearchAction\",\"target\":{\"@type\":\"EntryPoint\",\"urlTemplate\":\"https:\/\/www.tecnosuissesa.com\/it\/?s={search_term_string}\"},\"query-input\":{\"@type\":\"PropertyValueSpecification\",\"valueRequired\":true,\"valueName\":\"search_term_string\"}}],\"inLanguage\":\"fr-FR\"},{\"@type\":\"Organization\",\"@id\":\"https:\/\/www.tecnosuissesa.com\/it\/#organization\",\"name\":\"Tecnosuisse\",\"url\":\"https:\/\/www.tecnosuissesa.com\/it\/\",\"logo\":{\"@type\":\"ImageObject\",\"inLanguage\":\"fr-FR\",\"@id\":\"https:\/\/www.tecnosuissesa.com\/it\/#\/schema\/logo\/image\/\",\"url\":\"https:\/\/www.tecnosuissesa.com\/wp-content\/uploads\/2017\/08\/Logo_TecnoSuisse_627x627.png\",\"contentUrl\":\"https:\/\/www.tecnosuissesa.com\/wp-content\/uploads\/2017\/08\/Logo_TecnoSuisse_627x627.png\",\"width\":627,\"height\":627,\"caption\":\"Tecnosuisse\"},\"image\":{\"@id\":\"https:\/\/www.tecnosuissesa.com\/it\/#\/schema\/logo\/image\/\"},\"sameAs\":[\"https:\/\/www.facebook.com\/tecnosuisse\/\",\"https:\/\/www.youtube.com\/channel\/UCSoxFNkw8ZiE4jP9OY8AdFg\"]}]}<\/script>\n<!-- \/ Yoast SEO plugin. -->","yoast_head_json":{"title":"Tour a m\u00e9taux MULTITECH 800 Plus - Tecnosuisse","robots":{"index":"index","follow":"follow","max-snippet":"max-snippet:-1","max-image-preview":"max-image-preview:large","max-video-preview":"max-video-preview:-1"},"canonical":"https:\/\/www.tecnosuissesa.com\/fr\/produit\/tour-a-metaux-multitech-800-plus\/","og_locale":"fr_FR","og_type":"article","og_title":"Tour a m\u00e9taux MULTITECH 800 Plus - Tecnosuisse","og_description":"Tour \u00e0 la distance entre les centres de 800 mm, pomper de l'eau de refroidissement blanc, diam\u00e8tre maximal de travailler sur la banque de 330 mm et moteur monophas\u00e9 1500 W (sur demande est disponible la version triphas\u00e9e)","og_url":"https:\/\/www.tecnosuissesa.com\/fr\/produit\/tour-a-metaux-multitech-800-plus\/","og_site_name":"Tecnosuisse","article_publisher":"https:\/\/www.facebook.com\/tecnosuisse\/","og_image":[{"width":1024,"height":768,"url":"https:\/\/www.tecnosuissesa.com\/wp-content\/uploads\/2017\/09\/multitech-800-plus.1.jpg","type":"image\/jpeg"}],"twitter_card":"summary_large_image","twitter_misc":{"Dur\u00e9e de lecture estim\u00e9e":"2 minutes"},"schema":{"@context":"https:\/\/schema.org","@graph":[{"@type":"WebPage","@id":"https:\/\/www.tecnosuissesa.com\/fr\/produit\/tour-a-metaux-multitech-800-plus\/","url":"https:\/\/www.tecnosuissesa.com\/fr\/produit\/tour-a-metaux-multitech-800-plus\/","name":"Tour a m\u00e9taux MULTITECH 800 Plus - Tecnosuisse","isPartOf":{"@id":"https:\/\/www.tecnosuissesa.com\/it\/#website"},"primaryImageOfPage":{"@id":"https:\/\/www.tecnosuissesa.com\/fr\/produit\/tour-a-metaux-multitech-800-plus\/#primaryimage"},"image":{"@id":"https:\/\/www.tecnosuissesa.com\/fr\/produit\/tour-a-metaux-multitech-800-plus\/#primaryimage"},"thumbnailUrl":"https:\/\/www.tecnosuissesa.com\/wp-content\/uploads\/2017\/09\/multitech-800-plus.1.jpg","datePublished":"2017-09-21T13:20:45+00:00","breadcrumb":{"@id":"https:\/\/www.tecnosuissesa.com\/fr\/produit\/tour-a-metaux-multitech-800-plus\/#breadcrumb"},"inLanguage":"fr-FR","potentialAction":[{"@type":"ReadAction","target":["https:\/\/www.tecnosuissesa.com\/fr\/produit\/tour-a-metaux-multitech-800-plus\/"]}]},{"@type":"ImageObject","inLanguage":"fr-FR","@id":"https:\/\/www.tecnosuissesa.com\/fr\/produit\/tour-a-metaux-multitech-800-plus\/#primaryimage","url":"https:\/\/www.tecnosuissesa.com\/wp-content\/uploads\/2017\/09\/multitech-800-plus.1.jpg","contentUrl":"https:\/\/www.tecnosuissesa.com\/wp-content\/uploads\/2017\/09\/multitech-800-plus.1.jpg","width":1024,"height":768},{"@type":"BreadcrumbList","@id":"https:\/\/www.tecnosuissesa.com\/fr\/produit\/tour-a-metaux-multitech-800-plus\/#breadcrumb","itemListElement":[{"@type":"ListItem","position":1,"name":"Home","item":"https:\/\/www.tecnosuissesa.com\/fr\/"},{"@type":"ListItem","position":2,"name":"Vendita di Macchine Utensili per Legno e per Metalli","item":"https:\/\/www.tecnosuissesa.com\/it\/vendita-macchine-utensili\/"},{"@type":"ListItem","position":3,"name":"Tour a m\u00e9taux MULTITECH 800 Plus"}]},{"@type":"WebSite","@id":"https:\/\/www.tecnosuissesa.com\/it\/#website","url":"https:\/\/www.tecnosuissesa.com\/it\/","name":"Tecnosuisse","description":"Macchine Utensili per Legno e Metalli","publisher":{"@id":"https:\/\/www.tecnosuissesa.com\/it\/#organization"},"potentialAction":[{"@type":"SearchAction","target":{"@type":"EntryPoint","urlTemplate":"https:\/\/www.tecnosuissesa.com\/it\/?s={search_term_string}"},"query-input":{"@type":"PropertyValueSpecification","valueRequired":true,"valueName":"search_term_string"}}],"inLanguage":"fr-FR"},{"@type":"Organization","@id":"https:\/\/www.tecnosuissesa.com\/it\/#organization","name":"Tecnosuisse","url":"https:\/\/www.tecnosuissesa.com\/it\/","logo":{"@type":"ImageObject","inLanguage":"fr-FR","@id":"https:\/\/www.tecnosuissesa.com\/it\/#\/schema\/logo\/image\/","url":"https:\/\/www.tecnosuissesa.com\/wp-content\/uploads\/2017\/08\/Logo_TecnoSuisse_627x627.png","contentUrl":"https:\/\/www.tecnosuissesa.com\/wp-content\/uploads\/2017\/08\/Logo_TecnoSuisse_627x627.png","width":627,"height":627,"caption":"Tecnosuisse"},"image":{"@id":"https:\/\/www.tecnosuissesa.com\/it\/#\/schema\/logo\/image\/"},"sameAs":["https:\/\/www.facebook.com\/tecnosuisse\/","https:\/\/www.youtube.com\/channel\/UCSoxFNkw8ZiE4jP9OY8AdFg"]}]}},"_links":{"self":[{"href":"https:\/\/www.tecnosuissesa.com\/fr\/wp-json\/wp\/v2\/product\/846","targetHints":{"allow":["GET"]}}],"collection":[{"href":"https:\/\/www.tecnosuissesa.com\/fr\/wp-json\/wp\/v2\/product"}],"about":[{"href":"https:\/\/www.tecnosuissesa.com\/fr\/wp-json\/wp\/v2\/types\/product"}],"replies":[{"embeddable":true,"href":"https:\/\/www.tecnosuissesa.com\/fr\/wp-json\/wp\/v2\/comments?post=846"}],"wp:featuredmedia":[{"embeddable":true,"href":"https:\/\/www.tecnosuissesa.com\/fr\/wp-json\/wp\/v2\/media\/835"}],"wp:attachment":[{"href":"https:\/\/www.tecnosuissesa.com\/fr\/wp-json\/wp\/v2\/media?parent=846"}],"wp:term":[{"taxonomy":"product_brand","embeddable":true,"href":"https:\/\/www.tecnosuissesa.com\/fr\/wp-json\/wp\/v2\/product_brand?post=846"},{"taxonomy":"product_cat","embeddable":true,"href":"https:\/\/www.tecnosuissesa.com\/fr\/wp-json\/wp\/v2\/product_cat?post=846"},{"taxonomy":"product_tag","embeddable":true,"href":"https:\/\/www.tecnosuissesa.com\/fr\/wp-json\/wp\/v2\/product_tag?post=846"}],"curies":[{"name":"wp","href":"https:\/\/api.w.org\/{rel}","templated":true}]}}