{"id":830,"date":"2017-09-21T14:45:35","date_gmt":"2017-09-21T12:45:35","guid":{"rendered":"https:\/\/www.tecnosuissesa.com\/product\/mini-tour-a-metaux-edison-400\/"},"modified":"2019-02-21T12:01:30","modified_gmt":"2019-02-21T11:01:30","slug":"mini-tour-a-metaux-edison-400","status":"publish","type":"product","link":"https:\/\/www.tecnosuissesa.com\/fr\/product\/mini-tour-a-metaux-edison-400\/","title":{"rendered":"Mini tour a m\u00e9taux EDISON 400"},"content":{"rendered":"<p>Bien qu\u2019il s\u2019 agisse d\u2019 un tour de petites dimensions , il est \u00e9quip\u00e9 comme une machine de gamme sup\u00e9rieure. Il dispose d\u2019 un moteur puissant monophas\u00e9 de 600 W, pignons internes et externes en acier , variateur \u00e9lectronique de vitesse et double affichage digital pour r\u00e9gler les d\u00e9placements de la tourelle sur les deux axes .L&rsquo; extr\u00e8me pr\u00e9cision m\u00e9canique de ce tour et sa charpente robuste en font une machine qui va outre les exigences des amateurs et pourra r\u00e9pondre \u00e9galement aux n\u00e9cessit\u00e9s des petits artisans qui n\u00e9cessitent d\u2019 effectuer des travaux d\u2019usinage pointus.<\/p>\n<div id=\"article\"><\/div>\n<div id=\"accessori\">\n<div class=\"row\">\n<div class=\"col-md-12 technical-table\">\n<table class=\"table table-striped\" border=\"1\" width=\"100%\" cellspacing=\"0\" cellpadding=\"0\">\n<tbody>\n<tr>\n<td colspan=\"2\" valign=\"top\">\n<div align=\"center\">DONN\u00c9ES TECHNIQUES<\/div>\n<\/td>\n<\/tr>\n<tr>\n<td colspan=\"2\">DIMENSIONS<\/td>\n<\/tr>\n<tr>\n<td colspan=\"2\">Dimensions et encombrement de la machine<\/td>\n<\/tr>\n<tr>\n<td>Dimensions emballage<\/td>\n<td>1010 mm (Largeur) x 360 mm (Hauteur) x 370 mm (Profondeur)<\/td>\n<\/tr>\n<tr>\n<td>Encombrement max de la machine<\/td>\n<td>940 mm (Larghezza) x 350 mm (Altezza) x 340 mm (Profondit\u00e0)<\/td>\n<\/tr>\n<tr>\n<td>Poids lourd \/ net<\/td>\n<td>60 kg \/ 52 kg<\/td>\n<\/tr>\n<tr>\n<td colspan=\"2\">SP\u00c9CIFICATIONS TOUR<\/td>\n<\/tr>\n<tr>\n<td>Distance entre pointes<\/td>\n<td>400 mm<\/td>\n<\/tr>\n<tr>\n<td>Diam\u00e8tre max usinage<\/td>\n<td>180 mm<\/td>\n<\/tr>\n<tr>\n<td>C\u00f4ne du mandrin<\/td>\n<td>MT3<\/td>\n<\/tr>\n<tr>\n<td>C\u00f4ne de la contrepointe<\/td>\n<td>MT2<\/td>\n<\/tr>\n<tr>\n<td>Typologie du mandrin fourni<\/td>\n<td>A trois mors autocentr\u00e9s<\/td>\n<\/tr>\n<tr>\n<td>Diam\u00e8tre mandrin fourni<\/td>\n<td>100 mm<\/td>\n<\/tr>\n<tr>\n<td>Diam\u00e8tre du passage de broche avec mandrin fourni<\/td>\n<td>20 mm<\/td>\n<\/tr>\n<tr>\n<td>Diam\u00e8tre du passage de broche avec mandrin a 4 mors (\u00e0 acheter en compl\u00e9ment) (<\/td>\n<td>20 mm<\/td>\n<\/tr>\n<tr>\n<td>Course transversale<\/td>\n<td>65 mm<\/td>\n<\/tr>\n<tr>\n<td>Course contrepointe<\/td>\n<td>40 mm<\/td>\n<\/tr>\n<tr>\n<td>Diomension max des outils mont\u00e9s sur la tourelle standard<\/td>\n<td>8 mm<\/td>\n<\/tr>\n<tr>\n<td>Gamme de filetage m\u00e9triques<\/td>\n<td>da 0.4 a 2 mm<\/td>\n<\/tr>\n<tr>\n<td>Vitesse du mandrin<\/td>\n<td>da 100 a 3000 tours\/ min<\/td>\n<\/tr>\n<tr>\n<td>Mandrin de precision<\/td>\n<td>0.01 mm<\/td>\n<\/tr>\n<tr>\n<td colspan=\"2\">MOTEUR<\/td>\n<\/tr>\n<tr>\n<td>Puissance<\/td>\n<td>600 W<\/td>\n<\/tr>\n<tr>\n<td>Typologie<\/td>\n<td>Monophase 220V\/50HZ<\/td>\n<\/tr>\n<\/tbody>\n<\/table>\n<\/div>\n<\/div>\n<\/div>\n","protected":false},"excerpt":{"rendered":"<p>Petit tour d\u2019 \u00e9tabli pour l\u2019 usinage des m\u00e9taux avec variateur \u00e9lectronique de vitesse pignons en acier, distance entre pointes de 400 mm, diam\u00e8tre max de chariotage de 180 mm, moteur monophas\u00e9 de 600 W et affichage digital de d\u00e9placement<\/p>\n","protected":false},"featured_media":816,"comment_status":"open","ping_status":"closed","template":"","meta":[],"product_brand":[],"product_cat":[182],"product_tag":[95],"class_list":{"0":"post-830","1":"product","2":"type-product","3":"status-publish","4":"has-post-thumbnail","6":"product_cat-tours-a-metaux","7":"product_tag-mini-tour","8":"product_shipping_class-classe-10","10":"first","11":"instock","12":"shipping-taxable","13":"purchasable","14":"product-type-simple"},"yoast_head":"<!-- This site is optimized with the Yoast SEO plugin v27.1 - https:\/\/yoast.com\/product\/yoast-seo-wordpress\/ -->\n<title>Mini tour a m\u00e9taux EDISON 400 - Tecnosuisse<\/title>\n<meta name=\"description\" content=\"Mini tour \u00e0 table avec variateur de vitesse \u00e9lectronique, distance de pointe de 400 mm, diam\u00e8tre de braquage maximum de 180 mm sur le banc, engrenages en acier, moteur monophas\u00e9 de 600 W et indicateurs de d\u00e9placement num\u00e9riques\" \/>\n<meta name=\"robots\" content=\"index, follow, max-snippet:-1, max-image-preview:large, max-video-preview:-1\" \/>\n<link rel=\"canonical\" href=\"https:\/\/www.tecnosuissesa.com\/fr\/produit\/mini-tour-a-metaux-edison-400\/\" \/>\n<meta property=\"og:locale\" content=\"fr_FR\" \/>\n<meta property=\"og:type\" content=\"article\" \/>\n<meta property=\"og:title\" content=\"Mini tour a m\u00e9taux EDISON 400 - Tecnosuisse\" \/>\n<meta property=\"og:description\" content=\"Mini tour \u00e0 table avec variateur de vitesse \u00e9lectronique, distance de pointe de 400 mm, diam\u00e8tre de braquage maximum de 180 mm sur le banc, engrenages en acier, moteur monophas\u00e9 de 600 W et indicateurs de d\u00e9placement num\u00e9riques\" \/>\n<meta property=\"og:url\" content=\"https:\/\/www.tecnosuissesa.com\/fr\/produit\/mini-tour-a-metaux-edison-400\/\" \/>\n<meta property=\"og:site_name\" content=\"Tecnosuisse\" \/>\n<meta property=\"article:publisher\" content=\"https:\/\/www.facebook.com\/tecnosuisse\/\" \/>\n<meta property=\"article:modified_time\" content=\"2019-02-21T11:01:30+00:00\" \/>\n<meta property=\"og:image\" content=\"https:\/\/www.tecnosuissesa.com\/wp-content\/uploads\/2017\/09\/EDISON.1.jpg\" \/>\n\t<meta property=\"og:image:width\" content=\"1024\" \/>\n\t<meta property=\"og:image:height\" content=\"768\" \/>\n\t<meta property=\"og:image:type\" content=\"image\/jpeg\" \/>\n<meta name=\"twitter:card\" content=\"summary_large_image\" \/>\n<meta name=\"twitter:label1\" content=\"Dur\u00e9e de lecture estim\u00e9e\" \/>\n\t<meta name=\"twitter:data1\" content=\"1 minute\" \/>\n<script type=\"application\/ld+json\" class=\"yoast-schema-graph\">{\"@context\":\"https:\/\/schema.org\",\"@graph\":[{\"@type\":\"WebPage\",\"@id\":\"https:\/\/www.tecnosuissesa.com\/fr\/produit\/mini-tour-a-metaux-edison-400\/\",\"url\":\"https:\/\/www.tecnosuissesa.com\/fr\/produit\/mini-tour-a-metaux-edison-400\/\",\"name\":\"Mini tour a m\u00e9taux EDISON 400 - Tecnosuisse\",\"isPartOf\":{\"@id\":\"https:\/\/www.tecnosuissesa.com\/it\/#website\"},\"primaryImageOfPage\":{\"@id\":\"https:\/\/www.tecnosuissesa.com\/fr\/produit\/mini-tour-a-metaux-edison-400\/#primaryimage\"},\"image\":{\"@id\":\"https:\/\/www.tecnosuissesa.com\/fr\/produit\/mini-tour-a-metaux-edison-400\/#primaryimage\"},\"thumbnailUrl\":\"https:\/\/www.tecnosuissesa.com\/wp-content\/uploads\/2017\/09\/EDISON.1.jpg\",\"datePublished\":\"2017-09-21T12:45:35+00:00\",\"dateModified\":\"2019-02-21T11:01:30+00:00\",\"description\":\"Mini tour \u00e0 table avec variateur de vitesse \u00e9lectronique, distance de pointe de 400 mm, diam\u00e8tre de braquage maximum de 180 mm sur le banc, engrenages en acier, moteur monophas\u00e9 de 600 W et indicateurs de d\u00e9placement num\u00e9riques\",\"breadcrumb\":{\"@id\":\"https:\/\/www.tecnosuissesa.com\/fr\/produit\/mini-tour-a-metaux-edison-400\/#breadcrumb\"},\"inLanguage\":\"fr-FR\",\"potentialAction\":[{\"@type\":\"ReadAction\",\"target\":[\"https:\/\/www.tecnosuissesa.com\/fr\/produit\/mini-tour-a-metaux-edison-400\/\"]}]},{\"@type\":\"ImageObject\",\"inLanguage\":\"fr-FR\",\"@id\":\"https:\/\/www.tecnosuissesa.com\/fr\/produit\/mini-tour-a-metaux-edison-400\/#primaryimage\",\"url\":\"https:\/\/www.tecnosuissesa.com\/wp-content\/uploads\/2017\/09\/EDISON.1.jpg\",\"contentUrl\":\"https:\/\/www.tecnosuissesa.com\/wp-content\/uploads\/2017\/09\/EDISON.1.jpg\",\"width\":1024,\"height\":768},{\"@type\":\"BreadcrumbList\",\"@id\":\"https:\/\/www.tecnosuissesa.com\/fr\/produit\/mini-tour-a-metaux-edison-400\/#breadcrumb\",\"itemListElement\":[{\"@type\":\"ListItem\",\"position\":1,\"name\":\"Home\",\"item\":\"https:\/\/www.tecnosuissesa.com\/fr\/\"},{\"@type\":\"ListItem\",\"position\":2,\"name\":\"Vendita di Macchine Utensili per Legno e per Metalli\",\"item\":\"https:\/\/www.tecnosuissesa.com\/it\/vendita-macchine-utensili\/\"},{\"@type\":\"ListItem\",\"position\":3,\"name\":\"Mini tour a m\u00e9taux EDISON 400\"}]},{\"@type\":\"WebSite\",\"@id\":\"https:\/\/www.tecnosuissesa.com\/it\/#website\",\"url\":\"https:\/\/www.tecnosuissesa.com\/it\/\",\"name\":\"Tecnosuisse\",\"description\":\"Macchine Utensili per Legno e Metalli\",\"publisher\":{\"@id\":\"https:\/\/www.tecnosuissesa.com\/it\/#organization\"},\"potentialAction\":[{\"@type\":\"SearchAction\",\"target\":{\"@type\":\"EntryPoint\",\"urlTemplate\":\"https:\/\/www.tecnosuissesa.com\/it\/?s={search_term_string}\"},\"query-input\":{\"@type\":\"PropertyValueSpecification\",\"valueRequired\":true,\"valueName\":\"search_term_string\"}}],\"inLanguage\":\"fr-FR\"},{\"@type\":\"Organization\",\"@id\":\"https:\/\/www.tecnosuissesa.com\/it\/#organization\",\"name\":\"Tecnosuisse\",\"url\":\"https:\/\/www.tecnosuissesa.com\/it\/\",\"logo\":{\"@type\":\"ImageObject\",\"inLanguage\":\"fr-FR\",\"@id\":\"https:\/\/www.tecnosuissesa.com\/it\/#\/schema\/logo\/image\/\",\"url\":\"https:\/\/www.tecnosuissesa.com\/wp-content\/uploads\/2017\/08\/Logo_TecnoSuisse_627x627.png\",\"contentUrl\":\"https:\/\/www.tecnosuissesa.com\/wp-content\/uploads\/2017\/08\/Logo_TecnoSuisse_627x627.png\",\"width\":627,\"height\":627,\"caption\":\"Tecnosuisse\"},\"image\":{\"@id\":\"https:\/\/www.tecnosuissesa.com\/it\/#\/schema\/logo\/image\/\"},\"sameAs\":[\"https:\/\/www.facebook.com\/tecnosuisse\/\",\"https:\/\/www.youtube.com\/channel\/UCSoxFNkw8ZiE4jP9OY8AdFg\"]}]}<\/script>\n<!-- \/ Yoast SEO plugin. -->","yoast_head_json":{"title":"Mini tour a m\u00e9taux EDISON 400 - Tecnosuisse","description":"Mini tour \u00e0 table avec variateur de vitesse \u00e9lectronique, distance de pointe de 400 mm, diam\u00e8tre de braquage maximum de 180 mm sur le banc, engrenages en acier, moteur monophas\u00e9 de 600 W et indicateurs de d\u00e9placement num\u00e9riques","robots":{"index":"index","follow":"follow","max-snippet":"max-snippet:-1","max-image-preview":"max-image-preview:large","max-video-preview":"max-video-preview:-1"},"canonical":"https:\/\/www.tecnosuissesa.com\/fr\/produit\/mini-tour-a-metaux-edison-400\/","og_locale":"fr_FR","og_type":"article","og_title":"Mini tour a m\u00e9taux EDISON 400 - Tecnosuisse","og_description":"Mini tour \u00e0 table avec variateur de vitesse \u00e9lectronique, distance de pointe de 400 mm, diam\u00e8tre de braquage maximum de 180 mm sur le banc, engrenages en acier, moteur monophas\u00e9 de 600 W et indicateurs de d\u00e9placement num\u00e9riques","og_url":"https:\/\/www.tecnosuissesa.com\/fr\/produit\/mini-tour-a-metaux-edison-400\/","og_site_name":"Tecnosuisse","article_publisher":"https:\/\/www.facebook.com\/tecnosuisse\/","article_modified_time":"2019-02-21T11:01:30+00:00","og_image":[{"width":1024,"height":768,"url":"https:\/\/www.tecnosuissesa.com\/wp-content\/uploads\/2017\/09\/EDISON.1.jpg","type":"image\/jpeg"}],"twitter_card":"summary_large_image","twitter_misc":{"Dur\u00e9e de lecture estim\u00e9e":"1 minute"},"schema":{"@context":"https:\/\/schema.org","@graph":[{"@type":"WebPage","@id":"https:\/\/www.tecnosuissesa.com\/fr\/produit\/mini-tour-a-metaux-edison-400\/","url":"https:\/\/www.tecnosuissesa.com\/fr\/produit\/mini-tour-a-metaux-edison-400\/","name":"Mini tour a m\u00e9taux EDISON 400 - Tecnosuisse","isPartOf":{"@id":"https:\/\/www.tecnosuissesa.com\/it\/#website"},"primaryImageOfPage":{"@id":"https:\/\/www.tecnosuissesa.com\/fr\/produit\/mini-tour-a-metaux-edison-400\/#primaryimage"},"image":{"@id":"https:\/\/www.tecnosuissesa.com\/fr\/produit\/mini-tour-a-metaux-edison-400\/#primaryimage"},"thumbnailUrl":"https:\/\/www.tecnosuissesa.com\/wp-content\/uploads\/2017\/09\/EDISON.1.jpg","datePublished":"2017-09-21T12:45:35+00:00","dateModified":"2019-02-21T11:01:30+00:00","description":"Mini tour \u00e0 table avec variateur de vitesse \u00e9lectronique, distance de pointe de 400 mm, diam\u00e8tre de braquage maximum de 180 mm sur le banc, engrenages en acier, moteur monophas\u00e9 de 600 W et indicateurs de d\u00e9placement num\u00e9riques","breadcrumb":{"@id":"https:\/\/www.tecnosuissesa.com\/fr\/produit\/mini-tour-a-metaux-edison-400\/#breadcrumb"},"inLanguage":"fr-FR","potentialAction":[{"@type":"ReadAction","target":["https:\/\/www.tecnosuissesa.com\/fr\/produit\/mini-tour-a-metaux-edison-400\/"]}]},{"@type":"ImageObject","inLanguage":"fr-FR","@id":"https:\/\/www.tecnosuissesa.com\/fr\/produit\/mini-tour-a-metaux-edison-400\/#primaryimage","url":"https:\/\/www.tecnosuissesa.com\/wp-content\/uploads\/2017\/09\/EDISON.1.jpg","contentUrl":"https:\/\/www.tecnosuissesa.com\/wp-content\/uploads\/2017\/09\/EDISON.1.jpg","width":1024,"height":768},{"@type":"BreadcrumbList","@id":"https:\/\/www.tecnosuissesa.com\/fr\/produit\/mini-tour-a-metaux-edison-400\/#breadcrumb","itemListElement":[{"@type":"ListItem","position":1,"name":"Home","item":"https:\/\/www.tecnosuissesa.com\/fr\/"},{"@type":"ListItem","position":2,"name":"Vendita di Macchine Utensili per Legno e per Metalli","item":"https:\/\/www.tecnosuissesa.com\/it\/vendita-macchine-utensili\/"},{"@type":"ListItem","position":3,"name":"Mini tour a m\u00e9taux EDISON 400"}]},{"@type":"WebSite","@id":"https:\/\/www.tecnosuissesa.com\/it\/#website","url":"https:\/\/www.tecnosuissesa.com\/it\/","name":"Tecnosuisse","description":"Macchine Utensili per Legno e Metalli","publisher":{"@id":"https:\/\/www.tecnosuissesa.com\/it\/#organization"},"potentialAction":[{"@type":"SearchAction","target":{"@type":"EntryPoint","urlTemplate":"https:\/\/www.tecnosuissesa.com\/it\/?s={search_term_string}"},"query-input":{"@type":"PropertyValueSpecification","valueRequired":true,"valueName":"search_term_string"}}],"inLanguage":"fr-FR"},{"@type":"Organization","@id":"https:\/\/www.tecnosuissesa.com\/it\/#organization","name":"Tecnosuisse","url":"https:\/\/www.tecnosuissesa.com\/it\/","logo":{"@type":"ImageObject","inLanguage":"fr-FR","@id":"https:\/\/www.tecnosuissesa.com\/it\/#\/schema\/logo\/image\/","url":"https:\/\/www.tecnosuissesa.com\/wp-content\/uploads\/2017\/08\/Logo_TecnoSuisse_627x627.png","contentUrl":"https:\/\/www.tecnosuissesa.com\/wp-content\/uploads\/2017\/08\/Logo_TecnoSuisse_627x627.png","width":627,"height":627,"caption":"Tecnosuisse"},"image":{"@id":"https:\/\/www.tecnosuissesa.com\/it\/#\/schema\/logo\/image\/"},"sameAs":["https:\/\/www.facebook.com\/tecnosuisse\/","https:\/\/www.youtube.com\/channel\/UCSoxFNkw8ZiE4jP9OY8AdFg"]}]}},"_links":{"self":[{"href":"https:\/\/www.tecnosuissesa.com\/fr\/wp-json\/wp\/v2\/product\/830","targetHints":{"allow":["GET"]}}],"collection":[{"href":"https:\/\/www.tecnosuissesa.com\/fr\/wp-json\/wp\/v2\/product"}],"about":[{"href":"https:\/\/www.tecnosuissesa.com\/fr\/wp-json\/wp\/v2\/types\/product"}],"replies":[{"embeddable":true,"href":"https:\/\/www.tecnosuissesa.com\/fr\/wp-json\/wp\/v2\/comments?post=830"}],"wp:featuredmedia":[{"embeddable":true,"href":"https:\/\/www.tecnosuissesa.com\/fr\/wp-json\/wp\/v2\/media\/816"}],"wp:attachment":[{"href":"https:\/\/www.tecnosuissesa.com\/fr\/wp-json\/wp\/v2\/media?parent=830"}],"wp:term":[{"taxonomy":"product_brand","embeddable":true,"href":"https:\/\/www.tecnosuissesa.com\/fr\/wp-json\/wp\/v2\/product_brand?post=830"},{"taxonomy":"product_cat","embeddable":true,"href":"https:\/\/www.tecnosuissesa.com\/fr\/wp-json\/wp\/v2\/product_cat?post=830"},{"taxonomy":"product_tag","embeddable":true,"href":"https:\/\/www.tecnosuissesa.com\/fr\/wp-json\/wp\/v2\/product_tag?post=830"}],"curies":[{"name":"wp","href":"https:\/\/api.w.org\/{rel}","templated":true}]}}