{"id":799,"date":"2017-09-20T17:35:14","date_gmt":"2017-09-20T15:35:14","guid":{"rendered":"https:\/\/www.tecnosuissesa.com\/product\/tour-professionnel-a-metaux-titanius-1500\/"},"modified":"2019-02-21T16:33:39","modified_gmt":"2019-02-21T15:33:39","slug":"tour-professionnel-a-metaux-titanius-1500","status":"publish","type":"product","link":"https:\/\/www.tecnosuissesa.com\/fr\/product\/tour-professionnel-a-metaux-titanius-1500\/","title":{"rendered":"Tour professionnel \u00e0 m\u00e9taux Titanius 1500"},"content":{"rendered":"<p>C\u2019est un tour professionnel tr\u00e8s fort et tr\u00e8s pr\u00e9cis, il peut \u00eatre utilis\u00e9 dans les diff\u00e9rents ateliers pour reproduire des composants m\u00e9talliques de haute pr\u00e9cision. Il est \u00e9quip\u00e9 avec une bo\u00eete norton automatique et donc c\u2019est possible une s\u00e9lection rapide, \u00e0 travers les boutons sur le devant, du fil que vous voulez. Il dispose \u00e9galement d&rsquo;une pompe \u00e0 eau de refroidissement et de la lumi\u00e8re blanche pour l&rsquo;\u00e9clairage direct. Il est possible faire nombreux travails avec ce tour parce qu\u2019il a un avancement automatique dans les deux directions. Il est disponible en configuration standard avec un mandrin \u00e0 trois mors (trois internes et trois externes). Inclus il y a aussi 2 contre pointes, le chariot, 2 lunettes, la base en m\u00e9tal, tout l&rsquo;\u00e9quipement int\u00e9rieur et le kit des cl\u00e9s.<\/p>\n<p><strong>Sur demande obtenible avec contr\u00f4le digitale \u00e0 trois planche. Demander info pour le prix<\/strong>.<\/p>\n<table class=\"tabella_a\" border=\"1\" width=\"100%\" cellspacing=\"0\" cellpadding=\"0\">\n<tbody>\n<tr>\n<td colspan=\"2\" align=\"center\" height=\"20\"><strong>DONN\u00c9ES TECNIQUES<\/strong><\/td>\n<\/tr>\n<tr>\n<td colspan=\"2\" height=\"20\"><strong>DIMENSIONS<\/strong><\/td>\n<\/tr>\n<tr>\n<td width=\"367\" height=\"20\">Poids net-brut machine<\/td>\n<td width=\"400\" height=\"20\">1970 kg<\/td>\n<\/tr>\n<tr>\n<td colspan=\"2\" height=\"20\"><strong>DONN\u00c9ES TECHNIQUES TOUR<\/strong><\/td>\n<\/tr>\n<tr>\n<td height=\"20\">Distance entre les pointes fixe<\/td>\n<td height=\"20\">1500 mm<\/td>\n<\/tr>\n<tr>\n<td height=\"20\">Diam\u00e8tre maximum \u00e0 travailler sur banc<\/td>\n<td height=\"20\">410 mm<\/td>\n<\/tr>\n<tr>\n<td height=\"20\">Diam\u00e8tre maximum \u00e0 travailler sur rainure<\/td>\n<td height=\"20\">640 mm<\/td>\n<\/tr>\n<tr>\n<td height=\"20\">Largeur du plan<\/td>\n<td height=\"20\">300 mm<\/td>\n<\/tr>\n<tr>\n<td height=\"20\">Largeur du plan<\/td>\n<td height=\"20\">178 mm<\/td>\n<\/tr>\n<tr>\n<td height=\"20\">Diam\u00e8tre de la contrepointe<\/td>\n<td height=\"20\">60 mm<\/td>\n<\/tr>\n<tr>\n<td height=\"20\">Nombre de pinces contrepointe<\/td>\n<td height=\"20\">4<\/td>\n<\/tr>\n<tr>\n<td height=\"20\">Prise du mandrin<\/td>\n<td height=\"20\">D1-6<\/td>\n<\/tr>\n<tr>\n<td height=\"20\">R\u00e9gulations de la vitesse de rotation du mandrin<\/td>\n<td height=\"20\">De 8 \u00e0 16<\/td>\n<\/tr>\n<tr>\n<td height=\"20\">Types Filetages m\u00e9triques<\/td>\n<td height=\"20\">De 0,1 \u00e0 14 mm<\/td>\n<\/tr>\n<tr>\n<td height=\"20\">Vitesse rotation du mandrin<\/td>\n<td height=\"20\">12- 2000 tr\/min<\/td>\n<\/tr>\n<tr>\n<td colspan=\"2\" height=\"20\"><strong>AVANCEMENT PLANS<\/strong><\/td>\n<\/tr>\n<tr>\n<td height=\"20\">Avancement longitudina<\/td>\n<td height=\"20\">0,031 &#8211; 1,7 mm<\/td>\n<\/tr>\n<tr>\n<td height=\"20\">Avancement Transversal (plan \u00e0 croix)<\/td>\n<td height=\"20\">0,014 &#8211; 0,784 mm\/tr<\/td>\n<\/tr>\n<tr>\n<td height=\"20\"><strong>MOTEUR<\/strong><\/td>\n<td height=\"20\"><\/td>\n<\/tr>\n<tr>\n<td height=\"20\">Puissance<\/td>\n<td height=\"20\">4 Kw (5,4 HP)<\/td>\n<\/tr>\n<\/tbody>\n<\/table>\n","protected":false},"excerpt":{"rendered":"<p>Tour du type professionnel \u00e9quip\u00e9\u00a0d&rsquo; une\u00a0boite\u00a0de vitesse\u00a0Norton\u00a0automatique, avec distance entre les pointes de 1500 mm, diam\u00e8tre maximal de travail sur le banc \u00a0de 410 mm, moteur de 5,3 Hp<\/p>\n","protected":false},"featured_media":785,"comment_status":"open","ping_status":"closed","template":"","meta":[],"product_brand":[],"product_cat":[182],"product_tag":[190,188,187,192],"class_list":{"0":"post-799","1":"product","2":"type-product","3":"status-publish","4":"has-post-thumbnail","6":"product_cat-tours-a-metaux","7":"product_tag-tour-fr","8":"product_tag-tour-a-metaux-fr","9":"product_tag-tour-detabli","10":"product_tag-tour-professionnel","11":"product_shipping_class-classe-10","13":"first","14":"instock","15":"shipping-taxable","16":"purchasable","17":"product-type-simple"},"yoast_head":"<!-- This site is optimized with the Yoast SEO plugin v27.1 - https:\/\/yoast.com\/product\/yoast-seo-wordpress\/ -->\n<title>Tour professionnel \u00e0 m\u00e9taux Titanius 1500 - Tecnosuisse<\/title>\n<meta name=\"description\" content=\"Tour professionnel \u00e9quip\u00e9 d&#039;une bo\u00eete Norton avec une distance entre les pointes de 1500 mm, diam\u00e8tre maximum pour travailler sur le banc de 410 mm, moteur de 5,3 Hp\" \/>\n<meta name=\"robots\" content=\"index, follow, max-snippet:-1, max-image-preview:large, max-video-preview:-1\" \/>\n<link rel=\"canonical\" href=\"https:\/\/www.tecnosuissesa.com\/fr\/produit\/tour-professionnel-a-metaux-titanius-1500\/\" \/>\n<meta property=\"og:locale\" content=\"fr_FR\" \/>\n<meta property=\"og:type\" content=\"article\" \/>\n<meta property=\"og:title\" content=\"Tour professionnel \u00e0 m\u00e9taux Titanius 1500 - Tecnosuisse\" \/>\n<meta property=\"og:description\" content=\"Tour professionnel \u00e9quip\u00e9 d&#039;une bo\u00eete Norton avec une distance entre les pointes de 1500 mm, diam\u00e8tre maximum pour travailler sur le banc de 410 mm, moteur de 5,3 Hp\" \/>\n<meta property=\"og:url\" content=\"https:\/\/www.tecnosuissesa.com\/fr\/produit\/tour-professionnel-a-metaux-titanius-1500\/\" \/>\n<meta property=\"og:site_name\" content=\"Tecnosuisse\" \/>\n<meta property=\"article:publisher\" content=\"https:\/\/www.facebook.com\/tecnosuisse\/\" \/>\n<meta property=\"article:modified_time\" content=\"2019-02-21T15:33:39+00:00\" \/>\n<meta property=\"og:image\" content=\"https:\/\/www.tecnosuissesa.com\/wp-content\/uploads\/2017\/09\/1.jpg\" \/>\n\t<meta property=\"og:image:width\" content=\"1024\" \/>\n\t<meta property=\"og:image:height\" content=\"768\" \/>\n\t<meta property=\"og:image:type\" content=\"image\/jpeg\" \/>\n<meta name=\"twitter:card\" content=\"summary_large_image\" \/>\n<meta name=\"twitter:label1\" content=\"Dur\u00e9e de lecture estim\u00e9e\" \/>\n\t<meta name=\"twitter:data1\" content=\"1 minute\" \/>\n<script type=\"application\/ld+json\" class=\"yoast-schema-graph\">{\"@context\":\"https:\/\/schema.org\",\"@graph\":[{\"@type\":\"WebPage\",\"@id\":\"https:\/\/www.tecnosuissesa.com\/fr\/produit\/tour-professionnel-a-metaux-titanius-1500\/\",\"url\":\"https:\/\/www.tecnosuissesa.com\/fr\/produit\/tour-professionnel-a-metaux-titanius-1500\/\",\"name\":\"Tour professionnel \u00e0 m\u00e9taux Titanius 1500 - Tecnosuisse\",\"isPartOf\":{\"@id\":\"https:\/\/www.tecnosuissesa.com\/it\/#website\"},\"primaryImageOfPage\":{\"@id\":\"https:\/\/www.tecnosuissesa.com\/fr\/produit\/tour-professionnel-a-metaux-titanius-1500\/#primaryimage\"},\"image\":{\"@id\":\"https:\/\/www.tecnosuissesa.com\/fr\/produit\/tour-professionnel-a-metaux-titanius-1500\/#primaryimage\"},\"thumbnailUrl\":\"https:\/\/www.tecnosuissesa.com\/wp-content\/uploads\/2017\/09\/1.jpg\",\"datePublished\":\"2017-09-20T15:35:14+00:00\",\"dateModified\":\"2019-02-21T15:33:39+00:00\",\"description\":\"Tour professionnel \u00e9quip\u00e9 d'une bo\u00eete Norton avec une distance entre les pointes de 1500 mm, diam\u00e8tre maximum pour travailler sur le banc de 410 mm, moteur de 5,3 Hp\",\"breadcrumb\":{\"@id\":\"https:\/\/www.tecnosuissesa.com\/fr\/produit\/tour-professionnel-a-metaux-titanius-1500\/#breadcrumb\"},\"inLanguage\":\"fr-FR\",\"potentialAction\":[{\"@type\":\"ReadAction\",\"target\":[\"https:\/\/www.tecnosuissesa.com\/fr\/produit\/tour-professionnel-a-metaux-titanius-1500\/\"]}]},{\"@type\":\"ImageObject\",\"inLanguage\":\"fr-FR\",\"@id\":\"https:\/\/www.tecnosuissesa.com\/fr\/produit\/tour-professionnel-a-metaux-titanius-1500\/#primaryimage\",\"url\":\"https:\/\/www.tecnosuissesa.com\/wp-content\/uploads\/2017\/09\/1.jpg\",\"contentUrl\":\"https:\/\/www.tecnosuissesa.com\/wp-content\/uploads\/2017\/09\/1.jpg\",\"width\":1024,\"height\":768},{\"@type\":\"BreadcrumbList\",\"@id\":\"https:\/\/www.tecnosuissesa.com\/fr\/produit\/tour-professionnel-a-metaux-titanius-1500\/#breadcrumb\",\"itemListElement\":[{\"@type\":\"ListItem\",\"position\":1,\"name\":\"Home\",\"item\":\"https:\/\/www.tecnosuissesa.com\/fr\/\"},{\"@type\":\"ListItem\",\"position\":2,\"name\":\"Vendita di Macchine Utensili per Legno e per Metalli\",\"item\":\"https:\/\/www.tecnosuissesa.com\/it\/vendita-macchine-utensili\/\"},{\"@type\":\"ListItem\",\"position\":3,\"name\":\"Tour professionnel \u00e0 m\u00e9taux Titanius 1500\"}]},{\"@type\":\"WebSite\",\"@id\":\"https:\/\/www.tecnosuissesa.com\/it\/#website\",\"url\":\"https:\/\/www.tecnosuissesa.com\/it\/\",\"name\":\"Tecnosuisse\",\"description\":\"Macchine Utensili per Legno e Metalli\",\"publisher\":{\"@id\":\"https:\/\/www.tecnosuissesa.com\/it\/#organization\"},\"potentialAction\":[{\"@type\":\"SearchAction\",\"target\":{\"@type\":\"EntryPoint\",\"urlTemplate\":\"https:\/\/www.tecnosuissesa.com\/it\/?s={search_term_string}\"},\"query-input\":{\"@type\":\"PropertyValueSpecification\",\"valueRequired\":true,\"valueName\":\"search_term_string\"}}],\"inLanguage\":\"fr-FR\"},{\"@type\":\"Organization\",\"@id\":\"https:\/\/www.tecnosuissesa.com\/it\/#organization\",\"name\":\"Tecnosuisse\",\"url\":\"https:\/\/www.tecnosuissesa.com\/it\/\",\"logo\":{\"@type\":\"ImageObject\",\"inLanguage\":\"fr-FR\",\"@id\":\"https:\/\/www.tecnosuissesa.com\/it\/#\/schema\/logo\/image\/\",\"url\":\"https:\/\/www.tecnosuissesa.com\/wp-content\/uploads\/2017\/08\/Logo_TecnoSuisse_627x627.png\",\"contentUrl\":\"https:\/\/www.tecnosuissesa.com\/wp-content\/uploads\/2017\/08\/Logo_TecnoSuisse_627x627.png\",\"width\":627,\"height\":627,\"caption\":\"Tecnosuisse\"},\"image\":{\"@id\":\"https:\/\/www.tecnosuissesa.com\/it\/#\/schema\/logo\/image\/\"},\"sameAs\":[\"https:\/\/www.facebook.com\/tecnosuisse\/\",\"https:\/\/www.youtube.com\/channel\/UCSoxFNkw8ZiE4jP9OY8AdFg\"]}]}<\/script>\n<!-- \/ Yoast SEO plugin. -->","yoast_head_json":{"title":"Tour professionnel \u00e0 m\u00e9taux Titanius 1500 - Tecnosuisse","description":"Tour professionnel \u00e9quip\u00e9 d'une bo\u00eete Norton avec une distance entre les pointes de 1500 mm, diam\u00e8tre maximum pour travailler sur le banc de 410 mm, moteur de 5,3 Hp","robots":{"index":"index","follow":"follow","max-snippet":"max-snippet:-1","max-image-preview":"max-image-preview:large","max-video-preview":"max-video-preview:-1"},"canonical":"https:\/\/www.tecnosuissesa.com\/fr\/produit\/tour-professionnel-a-metaux-titanius-1500\/","og_locale":"fr_FR","og_type":"article","og_title":"Tour professionnel \u00e0 m\u00e9taux Titanius 1500 - Tecnosuisse","og_description":"Tour professionnel \u00e9quip\u00e9 d'une bo\u00eete Norton avec une distance entre les pointes de 1500 mm, diam\u00e8tre maximum pour travailler sur le banc de 410 mm, moteur de 5,3 Hp","og_url":"https:\/\/www.tecnosuissesa.com\/fr\/produit\/tour-professionnel-a-metaux-titanius-1500\/","og_site_name":"Tecnosuisse","article_publisher":"https:\/\/www.facebook.com\/tecnosuisse\/","article_modified_time":"2019-02-21T15:33:39+00:00","og_image":[{"width":1024,"height":768,"url":"https:\/\/www.tecnosuissesa.com\/wp-content\/uploads\/2017\/09\/1.jpg","type":"image\/jpeg"}],"twitter_card":"summary_large_image","twitter_misc":{"Dur\u00e9e de lecture estim\u00e9e":"1 minute"},"schema":{"@context":"https:\/\/schema.org","@graph":[{"@type":"WebPage","@id":"https:\/\/www.tecnosuissesa.com\/fr\/produit\/tour-professionnel-a-metaux-titanius-1500\/","url":"https:\/\/www.tecnosuissesa.com\/fr\/produit\/tour-professionnel-a-metaux-titanius-1500\/","name":"Tour professionnel \u00e0 m\u00e9taux Titanius 1500 - Tecnosuisse","isPartOf":{"@id":"https:\/\/www.tecnosuissesa.com\/it\/#website"},"primaryImageOfPage":{"@id":"https:\/\/www.tecnosuissesa.com\/fr\/produit\/tour-professionnel-a-metaux-titanius-1500\/#primaryimage"},"image":{"@id":"https:\/\/www.tecnosuissesa.com\/fr\/produit\/tour-professionnel-a-metaux-titanius-1500\/#primaryimage"},"thumbnailUrl":"https:\/\/www.tecnosuissesa.com\/wp-content\/uploads\/2017\/09\/1.jpg","datePublished":"2017-09-20T15:35:14+00:00","dateModified":"2019-02-21T15:33:39+00:00","description":"Tour professionnel \u00e9quip\u00e9 d'une bo\u00eete Norton avec une distance entre les pointes de 1500 mm, diam\u00e8tre maximum pour travailler sur le banc de 410 mm, moteur de 5,3 Hp","breadcrumb":{"@id":"https:\/\/www.tecnosuissesa.com\/fr\/produit\/tour-professionnel-a-metaux-titanius-1500\/#breadcrumb"},"inLanguage":"fr-FR","potentialAction":[{"@type":"ReadAction","target":["https:\/\/www.tecnosuissesa.com\/fr\/produit\/tour-professionnel-a-metaux-titanius-1500\/"]}]},{"@type":"ImageObject","inLanguage":"fr-FR","@id":"https:\/\/www.tecnosuissesa.com\/fr\/produit\/tour-professionnel-a-metaux-titanius-1500\/#primaryimage","url":"https:\/\/www.tecnosuissesa.com\/wp-content\/uploads\/2017\/09\/1.jpg","contentUrl":"https:\/\/www.tecnosuissesa.com\/wp-content\/uploads\/2017\/09\/1.jpg","width":1024,"height":768},{"@type":"BreadcrumbList","@id":"https:\/\/www.tecnosuissesa.com\/fr\/produit\/tour-professionnel-a-metaux-titanius-1500\/#breadcrumb","itemListElement":[{"@type":"ListItem","position":1,"name":"Home","item":"https:\/\/www.tecnosuissesa.com\/fr\/"},{"@type":"ListItem","position":2,"name":"Vendita di Macchine Utensili per Legno e per Metalli","item":"https:\/\/www.tecnosuissesa.com\/it\/vendita-macchine-utensili\/"},{"@type":"ListItem","position":3,"name":"Tour professionnel \u00e0 m\u00e9taux Titanius 1500"}]},{"@type":"WebSite","@id":"https:\/\/www.tecnosuissesa.com\/it\/#website","url":"https:\/\/www.tecnosuissesa.com\/it\/","name":"Tecnosuisse","description":"Macchine Utensili per Legno e Metalli","publisher":{"@id":"https:\/\/www.tecnosuissesa.com\/it\/#organization"},"potentialAction":[{"@type":"SearchAction","target":{"@type":"EntryPoint","urlTemplate":"https:\/\/www.tecnosuissesa.com\/it\/?s={search_term_string}"},"query-input":{"@type":"PropertyValueSpecification","valueRequired":true,"valueName":"search_term_string"}}],"inLanguage":"fr-FR"},{"@type":"Organization","@id":"https:\/\/www.tecnosuissesa.com\/it\/#organization","name":"Tecnosuisse","url":"https:\/\/www.tecnosuissesa.com\/it\/","logo":{"@type":"ImageObject","inLanguage":"fr-FR","@id":"https:\/\/www.tecnosuissesa.com\/it\/#\/schema\/logo\/image\/","url":"https:\/\/www.tecnosuissesa.com\/wp-content\/uploads\/2017\/08\/Logo_TecnoSuisse_627x627.png","contentUrl":"https:\/\/www.tecnosuissesa.com\/wp-content\/uploads\/2017\/08\/Logo_TecnoSuisse_627x627.png","width":627,"height":627,"caption":"Tecnosuisse"},"image":{"@id":"https:\/\/www.tecnosuissesa.com\/it\/#\/schema\/logo\/image\/"},"sameAs":["https:\/\/www.facebook.com\/tecnosuisse\/","https:\/\/www.youtube.com\/channel\/UCSoxFNkw8ZiE4jP9OY8AdFg"]}]}},"_links":{"self":[{"href":"https:\/\/www.tecnosuissesa.com\/fr\/wp-json\/wp\/v2\/product\/799","targetHints":{"allow":["GET"]}}],"collection":[{"href":"https:\/\/www.tecnosuissesa.com\/fr\/wp-json\/wp\/v2\/product"}],"about":[{"href":"https:\/\/www.tecnosuissesa.com\/fr\/wp-json\/wp\/v2\/types\/product"}],"replies":[{"embeddable":true,"href":"https:\/\/www.tecnosuissesa.com\/fr\/wp-json\/wp\/v2\/comments?post=799"}],"wp:featuredmedia":[{"embeddable":true,"href":"https:\/\/www.tecnosuissesa.com\/fr\/wp-json\/wp\/v2\/media\/785"}],"wp:attachment":[{"href":"https:\/\/www.tecnosuissesa.com\/fr\/wp-json\/wp\/v2\/media?parent=799"}],"wp:term":[{"taxonomy":"product_brand","embeddable":true,"href":"https:\/\/www.tecnosuissesa.com\/fr\/wp-json\/wp\/v2\/product_brand?post=799"},{"taxonomy":"product_cat","embeddable":true,"href":"https:\/\/www.tecnosuissesa.com\/fr\/wp-json\/wp\/v2\/product_cat?post=799"},{"taxonomy":"product_tag","embeddable":true,"href":"https:\/\/www.tecnosuissesa.com\/fr\/wp-json\/wp\/v2\/product_tag?post=799"}],"curies":[{"name":"wp","href":"https:\/\/api.w.org\/{rel}","templated":true}]}}