{"id":766,"date":"2017-09-20T16:26:21","date_gmt":"2017-09-20T14:26:21","guid":{"rendered":"https:\/\/www.tecnosuissesa.com\/product\/tour-a-metaux-professionel-multitech-1000-51-digicom\/"},"modified":"2019-02-21T16:46:55","modified_gmt":"2019-02-21T15:46:55","slug":"tour-a-metaux-professionel-multitech-1000-51-digicom","status":"publish","type":"product","link":"https:\/\/www.tecnosuissesa.com\/fr\/product\/tour-a-metaux-professionel-multitech-1000-51-digicom\/","title":{"rendered":"Tour a m\u00e9taux professionel Multitech 1000.51 digicom"},"content":{"rendered":"<p>C\u2019est un tour professionnel de haute pr\u00e9cision avec la distance entre les pointes fixe de 1000 mm. Il dispose \u00e9galement d&rsquo;une pompe \u00e0 eau de refroidissement et de la lumi\u00e8re blanche pour l&rsquo;\u00e9clairage direct.<strong><br \/>\n<\/strong><\/p>\n<div id=\"tavola-tecnica\">\n<table border=\"1\" width=\"100%\" cellspacing=\"0\" cellpadding=\"0\">\n<tbody>\n<tr>\n<td colspan=\"2\">\n<div align=\"center\"><strong>DONN\u00c9ES TECHNIQUES<\/strong><\/div>\n<\/td>\n<\/tr>\n<tr>\n<td colspan=\"2\"><strong>DIMENSIONS<\/strong><\/td>\n<\/tr>\n<tr>\n<td>Dimensions avec base<\/td>\n<td>1950 mm (longueur) x 760 mm (largeur) x 1480 mm (hauteur)<\/td>\n<\/tr>\n<tr>\n<td>Dimensions sans base<\/td>\n<td>1950 mm (longueur) x 760 mm (largeur) x 700 mm (hauteur)<\/td>\n<\/tr>\n<tr>\n<td>Poids net-brut machine<\/td>\n<td>750 Kg<\/td>\n<\/tr>\n<tr>\n<td colspan=\"2\"><strong>DONN\u00c9ES TECHNIQUES TOUR<\/strong><\/td>\n<\/tr>\n<tr>\n<td>Distance entre les pointes fixe<\/td>\n<td>1000 mm<\/td>\n<\/tr>\n<tr>\n<td>Hauteur des pointes<\/td>\n<td>180 mm<\/td>\n<\/tr>\n<tr>\n<td>Diam\u00e8tre maximum de la pi\u00e8ce sur le banc<\/td>\n<td>356 mm<\/td>\n<\/tr>\n<tr>\n<td>Max. diam\u00e8tre \u00e0 travailler sur chariot<\/td>\n<td>220 mm<\/td>\n<\/tr>\n<tr>\n<td>Max. diam\u00e8tre \u00e0 travailler sur rainure<\/td>\n<td>506 mm<\/td>\n<\/tr>\n<tr>\n<td>Diam\u00e8tre barre passante<\/td>\n<td>38 mm<\/td>\n<\/tr>\n<tr>\n<td>Diam\u00e8tre mandrin standard<\/td>\n<td>160 mm<\/td>\n<\/tr>\n<tr>\n<td>Type mandrin standard<\/td>\n<td>3 mors auto centrage<\/td>\n<\/tr>\n<tr>\n<td>Type c\u00f4ne du mandrin<\/td>\n<td>CM 5<\/td>\n<\/tr>\n<tr>\n<td>Type c\u00f4ne de la contrepointe<\/td>\n<td>CM 3<\/td>\n<\/tr>\n<tr>\n<td>Types Filetages en pouces<\/td>\n<td>De 4 \u00e0 56 TPI<\/td>\n<\/tr>\n<tr>\n<td>Types Filetages m\u00e9triques<\/td>\n<td>de 0,4 mm \u00e0 7 mm<\/td>\n<\/tr>\n<tr>\n<td>Avancement longitudinal<\/td>\n<td>0,043 &#8211; 0,653 mm \/tr<\/td>\n<\/tr>\n<tr>\n<td>Avancement Transversal<\/td>\n<td>0,015 &#8211; 0,220 mm \/ tr<\/td>\n<\/tr>\n<tr>\n<td>Voyage transversal<\/td>\n<td>180 mm<\/td>\n<\/tr>\n<tr>\n<td>Voyage longitudinal<\/td>\n<td>92 mm<\/td>\n<\/tr>\n<tr>\n<td>Voyage de la contrepointe<\/td>\n<td>115 mm<\/td>\n<\/tr>\n<tr>\n<td>Diam\u00e8tre de la contrepointe<\/td>\n<td>45 mm<\/td>\n<\/tr>\n<tr>\n<td>Attaque du mandrin<\/td>\n<td>D1-4<\/td>\n<\/tr>\n<tr>\n<td>R\u00e9gulations de la vitesse de rotation du mandrin<\/td>\n<td>De 8 \u00e0 16<\/td>\n<\/tr>\n<tr>\n<td>Vitesse rotation du mandrin<\/td>\n<td>de 90 \u00e0 1800 tr \/ min<\/td>\n<\/tr>\n<tr>\n<td><strong>MOTEUR<\/strong><\/td>\n<td><\/td>\n<\/tr>\n<tr>\n<td>Puissance<\/td>\n<td>3 HP<\/td>\n<\/tr>\n<\/tbody>\n<\/table>\n<\/div>\n","protected":false},"excerpt":{"rendered":"<p>Tour professionnel Multitech 1000.51 Distance entre les centres de 1000mm, diam\u00e8tre maximal tournant de 356 mm, hauteur des pointes de 180 mm et moteur monophas\u00e9 3 Hp<\/p>\n","protected":false},"featured_media":752,"comment_status":"open","ping_status":"closed","template":"","meta":[],"product_brand":[],"product_cat":[182],"product_tag":[190,187,192],"class_list":{"0":"post-766","1":"product","2":"type-product","3":"status-publish","4":"has-post-thumbnail","6":"product_cat-tours-a-metaux","7":"product_tag-tour-fr","8":"product_tag-tour-detabli","9":"product_tag-tour-professionnel","10":"product_shipping_class-classe-10","12":"first","13":"instock","14":"shipping-taxable","15":"purchasable","16":"product-type-simple"},"yoast_head":"<!-- This site is optimized with the Yoast SEO plugin v27.1 - https:\/\/yoast.com\/product\/yoast-seo-wordpress\/ -->\n<title>Tour a m\u00e9taux professionel Multitech 1000.51 digicom - Tecnosuisse<\/title>\n<meta name=\"robots\" content=\"index, follow, max-snippet:-1, max-image-preview:large, max-video-preview:-1\" \/>\n<link rel=\"canonical\" href=\"https:\/\/www.tecnosuissesa.com\/fr\/produit\/tour-a-metaux-professionel-multitech-1000-51-digicom\/\" \/>\n<meta property=\"og:locale\" content=\"fr_FR\" \/>\n<meta property=\"og:type\" content=\"article\" \/>\n<meta property=\"og:title\" content=\"Tour a m\u00e9taux professionel Multitech 1000.51 digicom - Tecnosuisse\" \/>\n<meta property=\"og:description\" content=\"Tour professionnel Multitech 1000.51 Distance entre les centres de 1000mm, diam\u00e8tre maximal tournant de 356 mm, hauteur des pointes de 180 mm et moteur monophas\u00e9 3 Hp\" \/>\n<meta property=\"og:url\" content=\"https:\/\/www.tecnosuissesa.com\/fr\/produit\/tour-a-metaux-professionel-multitech-1000-51-digicom\/\" \/>\n<meta property=\"og:site_name\" content=\"Tecnosuisse\" \/>\n<meta property=\"article:publisher\" content=\"https:\/\/www.facebook.com\/tecnosuisse\/\" \/>\n<meta property=\"article:modified_time\" content=\"2019-02-21T15:46:55+00:00\" \/>\n<meta property=\"og:image\" content=\"https:\/\/www.tecnosuissesa.com\/wp-content\/uploads\/2017\/09\/tornio-per-mertalli-multitech-100051-digit.jpg\" \/>\n\t<meta property=\"og:image:width\" content=\"458\" \/>\n\t<meta property=\"og:image:height\" content=\"458\" \/>\n\t<meta property=\"og:image:type\" content=\"image\/jpeg\" \/>\n<meta name=\"twitter:card\" content=\"summary_large_image\" \/>\n<meta name=\"twitter:label1\" content=\"Dur\u00e9e de lecture estim\u00e9e\" \/>\n\t<meta name=\"twitter:data1\" content=\"1 minute\" \/>\n<script type=\"application\/ld+json\" class=\"yoast-schema-graph\">{\"@context\":\"https:\/\/schema.org\",\"@graph\":[{\"@type\":\"WebPage\",\"@id\":\"https:\/\/www.tecnosuissesa.com\/fr\/produit\/tour-a-metaux-professionel-multitech-1000-51-digicom\/\",\"url\":\"https:\/\/www.tecnosuissesa.com\/fr\/produit\/tour-a-metaux-professionel-multitech-1000-51-digicom\/\",\"name\":\"Tour a m\u00e9taux professionel Multitech 1000.51 digicom - Tecnosuisse\",\"isPartOf\":{\"@id\":\"https:\/\/www.tecnosuissesa.com\/it\/#website\"},\"primaryImageOfPage\":{\"@id\":\"https:\/\/www.tecnosuissesa.com\/fr\/produit\/tour-a-metaux-professionel-multitech-1000-51-digicom\/#primaryimage\"},\"image\":{\"@id\":\"https:\/\/www.tecnosuissesa.com\/fr\/produit\/tour-a-metaux-professionel-multitech-1000-51-digicom\/#primaryimage\"},\"thumbnailUrl\":\"https:\/\/www.tecnosuissesa.com\/wp-content\/uploads\/2017\/09\/tornio-per-mertalli-multitech-100051-digit.jpg\",\"datePublished\":\"2017-09-20T14:26:21+00:00\",\"dateModified\":\"2019-02-21T15:46:55+00:00\",\"breadcrumb\":{\"@id\":\"https:\/\/www.tecnosuissesa.com\/fr\/produit\/tour-a-metaux-professionel-multitech-1000-51-digicom\/#breadcrumb\"},\"inLanguage\":\"fr-FR\",\"potentialAction\":[{\"@type\":\"ReadAction\",\"target\":[\"https:\/\/www.tecnosuissesa.com\/fr\/produit\/tour-a-metaux-professionel-multitech-1000-51-digicom\/\"]}]},{\"@type\":\"ImageObject\",\"inLanguage\":\"fr-FR\",\"@id\":\"https:\/\/www.tecnosuissesa.com\/fr\/produit\/tour-a-metaux-professionel-multitech-1000-51-digicom\/#primaryimage\",\"url\":\"https:\/\/www.tecnosuissesa.com\/wp-content\/uploads\/2017\/09\/tornio-per-mertalli-multitech-100051-digit.jpg\",\"contentUrl\":\"https:\/\/www.tecnosuissesa.com\/wp-content\/uploads\/2017\/09\/tornio-per-mertalli-multitech-100051-digit.jpg\",\"width\":458,\"height\":458},{\"@type\":\"BreadcrumbList\",\"@id\":\"https:\/\/www.tecnosuissesa.com\/fr\/produit\/tour-a-metaux-professionel-multitech-1000-51-digicom\/#breadcrumb\",\"itemListElement\":[{\"@type\":\"ListItem\",\"position\":1,\"name\":\"Home\",\"item\":\"https:\/\/www.tecnosuissesa.com\/fr\/\"},{\"@type\":\"ListItem\",\"position\":2,\"name\":\"Vendita di Macchine Utensili per Legno e per Metalli\",\"item\":\"https:\/\/www.tecnosuissesa.com\/it\/vendita-macchine-utensili\/\"},{\"@type\":\"ListItem\",\"position\":3,\"name\":\"Tour a m\u00e9taux professionel Multitech 1000.51 digicom\"}]},{\"@type\":\"WebSite\",\"@id\":\"https:\/\/www.tecnosuissesa.com\/it\/#website\",\"url\":\"https:\/\/www.tecnosuissesa.com\/it\/\",\"name\":\"Tecnosuisse\",\"description\":\"Macchine Utensili per Legno e Metalli\",\"publisher\":{\"@id\":\"https:\/\/www.tecnosuissesa.com\/it\/#organization\"},\"potentialAction\":[{\"@type\":\"SearchAction\",\"target\":{\"@type\":\"EntryPoint\",\"urlTemplate\":\"https:\/\/www.tecnosuissesa.com\/it\/?s={search_term_string}\"},\"query-input\":{\"@type\":\"PropertyValueSpecification\",\"valueRequired\":true,\"valueName\":\"search_term_string\"}}],\"inLanguage\":\"fr-FR\"},{\"@type\":\"Organization\",\"@id\":\"https:\/\/www.tecnosuissesa.com\/it\/#organization\",\"name\":\"Tecnosuisse\",\"url\":\"https:\/\/www.tecnosuissesa.com\/it\/\",\"logo\":{\"@type\":\"ImageObject\",\"inLanguage\":\"fr-FR\",\"@id\":\"https:\/\/www.tecnosuissesa.com\/it\/#\/schema\/logo\/image\/\",\"url\":\"https:\/\/www.tecnosuissesa.com\/wp-content\/uploads\/2017\/08\/Logo_TecnoSuisse_627x627.png\",\"contentUrl\":\"https:\/\/www.tecnosuissesa.com\/wp-content\/uploads\/2017\/08\/Logo_TecnoSuisse_627x627.png\",\"width\":627,\"height\":627,\"caption\":\"Tecnosuisse\"},\"image\":{\"@id\":\"https:\/\/www.tecnosuissesa.com\/it\/#\/schema\/logo\/image\/\"},\"sameAs\":[\"https:\/\/www.facebook.com\/tecnosuisse\/\",\"https:\/\/www.youtube.com\/channel\/UCSoxFNkw8ZiE4jP9OY8AdFg\"]}]}<\/script>\n<!-- \/ Yoast SEO plugin. -->","yoast_head_json":{"title":"Tour a m\u00e9taux professionel Multitech 1000.51 digicom - Tecnosuisse","robots":{"index":"index","follow":"follow","max-snippet":"max-snippet:-1","max-image-preview":"max-image-preview:large","max-video-preview":"max-video-preview:-1"},"canonical":"https:\/\/www.tecnosuissesa.com\/fr\/produit\/tour-a-metaux-professionel-multitech-1000-51-digicom\/","og_locale":"fr_FR","og_type":"article","og_title":"Tour a m\u00e9taux professionel Multitech 1000.51 digicom - Tecnosuisse","og_description":"Tour professionnel Multitech 1000.51 Distance entre les centres de 1000mm, diam\u00e8tre maximal tournant de 356 mm, hauteur des pointes de 180 mm et moteur monophas\u00e9 3 Hp","og_url":"https:\/\/www.tecnosuissesa.com\/fr\/produit\/tour-a-metaux-professionel-multitech-1000-51-digicom\/","og_site_name":"Tecnosuisse","article_publisher":"https:\/\/www.facebook.com\/tecnosuisse\/","article_modified_time":"2019-02-21T15:46:55+00:00","og_image":[{"width":458,"height":458,"url":"https:\/\/www.tecnosuissesa.com\/wp-content\/uploads\/2017\/09\/tornio-per-mertalli-multitech-100051-digit.jpg","type":"image\/jpeg"}],"twitter_card":"summary_large_image","twitter_misc":{"Dur\u00e9e de lecture estim\u00e9e":"1 minute"},"schema":{"@context":"https:\/\/schema.org","@graph":[{"@type":"WebPage","@id":"https:\/\/www.tecnosuissesa.com\/fr\/produit\/tour-a-metaux-professionel-multitech-1000-51-digicom\/","url":"https:\/\/www.tecnosuissesa.com\/fr\/produit\/tour-a-metaux-professionel-multitech-1000-51-digicom\/","name":"Tour a m\u00e9taux professionel Multitech 1000.51 digicom - Tecnosuisse","isPartOf":{"@id":"https:\/\/www.tecnosuissesa.com\/it\/#website"},"primaryImageOfPage":{"@id":"https:\/\/www.tecnosuissesa.com\/fr\/produit\/tour-a-metaux-professionel-multitech-1000-51-digicom\/#primaryimage"},"image":{"@id":"https:\/\/www.tecnosuissesa.com\/fr\/produit\/tour-a-metaux-professionel-multitech-1000-51-digicom\/#primaryimage"},"thumbnailUrl":"https:\/\/www.tecnosuissesa.com\/wp-content\/uploads\/2017\/09\/tornio-per-mertalli-multitech-100051-digit.jpg","datePublished":"2017-09-20T14:26:21+00:00","dateModified":"2019-02-21T15:46:55+00:00","breadcrumb":{"@id":"https:\/\/www.tecnosuissesa.com\/fr\/produit\/tour-a-metaux-professionel-multitech-1000-51-digicom\/#breadcrumb"},"inLanguage":"fr-FR","potentialAction":[{"@type":"ReadAction","target":["https:\/\/www.tecnosuissesa.com\/fr\/produit\/tour-a-metaux-professionel-multitech-1000-51-digicom\/"]}]},{"@type":"ImageObject","inLanguage":"fr-FR","@id":"https:\/\/www.tecnosuissesa.com\/fr\/produit\/tour-a-metaux-professionel-multitech-1000-51-digicom\/#primaryimage","url":"https:\/\/www.tecnosuissesa.com\/wp-content\/uploads\/2017\/09\/tornio-per-mertalli-multitech-100051-digit.jpg","contentUrl":"https:\/\/www.tecnosuissesa.com\/wp-content\/uploads\/2017\/09\/tornio-per-mertalli-multitech-100051-digit.jpg","width":458,"height":458},{"@type":"BreadcrumbList","@id":"https:\/\/www.tecnosuissesa.com\/fr\/produit\/tour-a-metaux-professionel-multitech-1000-51-digicom\/#breadcrumb","itemListElement":[{"@type":"ListItem","position":1,"name":"Home","item":"https:\/\/www.tecnosuissesa.com\/fr\/"},{"@type":"ListItem","position":2,"name":"Vendita di Macchine Utensili per Legno e per Metalli","item":"https:\/\/www.tecnosuissesa.com\/it\/vendita-macchine-utensili\/"},{"@type":"ListItem","position":3,"name":"Tour a m\u00e9taux professionel Multitech 1000.51 digicom"}]},{"@type":"WebSite","@id":"https:\/\/www.tecnosuissesa.com\/it\/#website","url":"https:\/\/www.tecnosuissesa.com\/it\/","name":"Tecnosuisse","description":"Macchine Utensili per Legno e Metalli","publisher":{"@id":"https:\/\/www.tecnosuissesa.com\/it\/#organization"},"potentialAction":[{"@type":"SearchAction","target":{"@type":"EntryPoint","urlTemplate":"https:\/\/www.tecnosuissesa.com\/it\/?s={search_term_string}"},"query-input":{"@type":"PropertyValueSpecification","valueRequired":true,"valueName":"search_term_string"}}],"inLanguage":"fr-FR"},{"@type":"Organization","@id":"https:\/\/www.tecnosuissesa.com\/it\/#organization","name":"Tecnosuisse","url":"https:\/\/www.tecnosuissesa.com\/it\/","logo":{"@type":"ImageObject","inLanguage":"fr-FR","@id":"https:\/\/www.tecnosuissesa.com\/it\/#\/schema\/logo\/image\/","url":"https:\/\/www.tecnosuissesa.com\/wp-content\/uploads\/2017\/08\/Logo_TecnoSuisse_627x627.png","contentUrl":"https:\/\/www.tecnosuissesa.com\/wp-content\/uploads\/2017\/08\/Logo_TecnoSuisse_627x627.png","width":627,"height":627,"caption":"Tecnosuisse"},"image":{"@id":"https:\/\/www.tecnosuissesa.com\/it\/#\/schema\/logo\/image\/"},"sameAs":["https:\/\/www.facebook.com\/tecnosuisse\/","https:\/\/www.youtube.com\/channel\/UCSoxFNkw8ZiE4jP9OY8AdFg"]}]}},"_links":{"self":[{"href":"https:\/\/www.tecnosuissesa.com\/fr\/wp-json\/wp\/v2\/product\/766","targetHints":{"allow":["GET"]}}],"collection":[{"href":"https:\/\/www.tecnosuissesa.com\/fr\/wp-json\/wp\/v2\/product"}],"about":[{"href":"https:\/\/www.tecnosuissesa.com\/fr\/wp-json\/wp\/v2\/types\/product"}],"replies":[{"embeddable":true,"href":"https:\/\/www.tecnosuissesa.com\/fr\/wp-json\/wp\/v2\/comments?post=766"}],"wp:featuredmedia":[{"embeddable":true,"href":"https:\/\/www.tecnosuissesa.com\/fr\/wp-json\/wp\/v2\/media\/752"}],"wp:attachment":[{"href":"https:\/\/www.tecnosuissesa.com\/fr\/wp-json\/wp\/v2\/media?parent=766"}],"wp:term":[{"taxonomy":"product_brand","embeddable":true,"href":"https:\/\/www.tecnosuissesa.com\/fr\/wp-json\/wp\/v2\/product_brand?post=766"},{"taxonomy":"product_cat","embeddable":true,"href":"https:\/\/www.tecnosuissesa.com\/fr\/wp-json\/wp\/v2\/product_cat?post=766"},{"taxonomy":"product_tag","embeddable":true,"href":"https:\/\/www.tecnosuissesa.com\/fr\/wp-json\/wp\/v2\/product_tag?post=766"}],"curies":[{"name":"wp","href":"https:\/\/api.w.org\/{rel}","templated":true}]}}