{"id":747,"date":"2017-09-20T15:53:02","date_gmt":"2017-09-20T13:53:02","guid":{"rendered":"https:\/\/www.tecnosuissesa.com\/product\/tour-a-metaux-newton-25\/"},"modified":"2019-02-21T16:43:02","modified_gmt":"2019-02-21T15:43:02","slug":"tour-a-metaux-newton-25","status":"publish","type":"product","link":"https:\/\/www.tecnosuissesa.com\/fr\/product\/tour-a-metaux-newton-25\/","title":{"rendered":"Tour a m\u00e9taux Newton 25"},"content":{"rendered":"<h3 class=\"page-product-heading\"><strong style=\"font-size: 16px;\">Description:<\/strong><\/h3>\n<div class=\"rte\">\n<p>Tour \u00e0 m\u00e9taux avec une structure en fonte et des finitions m\u00e9talliques. Il a une progression automatique d&rsquo;une extr\u00eame pr\u00e9cision millim\u00e9trique. Ce tour est excellent soit pour le tournage que pour le filetage. Vous avez aussi un changement de vitesse contr\u00f4lable \u00e0 travers un panneau. En dotation standard le tour est livr\u00e9 avec un mandrin avec trois mors (trois externes et trois internes), deux contrepointes avec attaque conique, le chariot d\u2019avancement, 2 lunettes, le b\u00e2ti en m\u00e9tal, tous les engrenages et les cl\u00e9s de montage. C &lsquo;est un excellent tour pour le client passionn\u00e9 de l&rsquo;hobby et pour le petit artisan.<\/p>\n<div id=\"article\">\n<div id=\"tavola-tecnica\">\n<table border=\"1\" width=\"100%\" cellspacing=\"0\" cellpadding=\"0\">\n<tbody>\n<tr>\n<td colspan=\"2\" valign=\"top\">\n<div align=\"center\"><strong>DONN\u00c9ES TECHNIQUES<\/strong><\/div>\n<\/td>\n<\/tr>\n<tr>\n<td colspan=\"2\"><strong>DIMENSIONS<\/strong><\/td>\n<\/tr>\n<tr>\n<td>Dimension avec pied<\/td>\n<td>1450 mm (longueur) x 430 mm (profondeur) x 1200 mm (hauteur)<\/td>\n<\/tr>\n<tr>\n<td>Dimension sans pied<\/td>\n<td>1450 mm (longueur) x 400 mm (profondeur) x 400 mm (hauteur)<\/td>\n<\/tr>\n<tr>\n<td>Poids sans pied<\/td>\n<td>155 Kg<\/td>\n<\/tr>\n<tr>\n<td colspan=\"2\"><strong>CHARACT\u00c9RISTIQUES TOUR<\/strong><\/td>\n<\/tr>\n<tr>\n<td>Distance entre-pointes<\/td>\n<td>700 mm<\/td>\n<\/tr>\n<tr>\n<td>Hauteur de pointe<\/td>\n<td>125 mm<\/td>\n<\/tr>\n<tr>\n<td>Diam\u00e8tre maximal admis au-dessus du banc<\/td>\n<td>250 mm<\/td>\n<\/tr>\n<tr>\n<td>Diam\u00e8tre de mandrin standard (fourni avec la tour)<\/td>\n<td>125 mm<\/td>\n<\/tr>\n<tr>\n<td>Type mandrin (fourni avec la tour)<\/td>\n<td>3 mors auto centrage ( 3 mors externe + 3 mors int\u00e9rieur )<\/td>\n<\/tr>\n<tr>\n<td>Al\u00e9sage de broche<\/td>\n<td>26 mm<\/td>\n<\/tr>\n<tr>\n<td>Cone de la broche<\/td>\n<td>CM 3<\/td>\n<\/tr>\n<tr>\n<td>Cone contre pointe<\/td>\n<td>CM 2<\/td>\n<\/tr>\n<tr>\n<td>Surface base de tourelle pour porte-outi<\/td>\n<td>180 x 70 mm<\/td>\n<\/tr>\n<tr>\n<td>Surface de tourelle pour porte-outil (fourni avec la tour)<\/td>\n<td>65 x 65 mm<\/td>\n<\/tr>\n<tr>\n<td>Max. dimensions des outils \u00e0 monter sur la tourrelle standard<\/td>\n<td>12 mm<\/td>\n<\/tr>\n<tr>\n<td>Filetages en pouces<\/td>\n<td>8 &#8211; 56 filets \/ 1&Prime;<\/td>\n<\/tr>\n<tr>\n<td>Filetages m\u00e9triques<\/td>\n<td>\u00e0 partir de 0,05 mm jusqu&rsquo;\u00e0 3,5 mm<\/td>\n<\/tr>\n<tr>\n<td>Max. longueur de coupe<\/td>\n<td>420 mm<\/td>\n<\/tr>\n<tr>\n<td>Course du chariot transversal<\/td>\n<td>115 mm<\/td>\n<\/tr>\n<tr>\n<td>Vitesse de rotation de la broche<\/td>\n<td>\u00e0 partir de 115 jusqu&rsquo;\u00e0 1620 giri\/min<\/td>\n<\/tr>\n<tr>\n<td>Course du chariot longitudinal<\/td>\n<td>70 mm<\/td>\n<\/tr>\n<tr>\n<td>Avance chariot longitudinal<\/td>\n<td>Enfilage automatique<\/td>\n<\/tr>\n<tr>\n<td><strong>MOTEUR<\/strong><\/td>\n<td><\/td>\n<\/tr>\n<tr>\n<td>Puissance<\/td>\n<td>750 W &#8211; 50 Hz<\/td>\n<\/tr>\n<tr>\n<td>Type<\/td>\n<td>220 V<\/td>\n<\/tr>\n<\/tbody>\n<\/table>\n<\/div>\n<\/div>\n<\/div>\n","protected":false},"excerpt":{"rendered":"<p>Tour \u00e0 m\u00e9taux d&rsquo;\u00e9tabli\u00a0 Distance entre les centres de 700 mm, diam\u00e8tre maximal admis au-dessus du banc de 250 mm et moteur monophas\u00e9 de 750 Watt<\/p>\n","protected":false},"featured_media":1005,"comment_status":"open","ping_status":"closed","template":"","meta":[],"product_brand":[],"product_cat":[182],"product_tag":[190,188,187],"class_list":{"0":"post-747","1":"product","2":"type-product","3":"status-publish","4":"has-post-thumbnail","6":"product_cat-tours-a-metaux","7":"product_tag-tour-fr","8":"product_tag-tour-a-metaux-fr","9":"product_tag-tour-detabli","10":"product_shipping_class-classe-10","12":"first","13":"instock","14":"shipping-taxable","15":"purchasable","16":"product-type-simple"},"yoast_head":"<!-- This site is optimized with the Yoast SEO plugin v27.1 - https:\/\/yoast.com\/product\/yoast-seo-wordpress\/ -->\n<title>Tour a m\u00e9taux Newton 25 - Tecnosuisse<\/title>\n<meta name=\"description\" content=\"Tour \u00e0 m\u00e9taux d&#039;\u00e9tabli\u00a0 Distance entre les centres de 700 mm, diam\u00e8tre maximal admis au-dessus du banc de 250 mm et moteur monophas\u00e9 de 750 Watt\" \/>\n<meta name=\"robots\" content=\"index, follow, max-snippet:-1, max-image-preview:large, max-video-preview:-1\" \/>\n<link rel=\"canonical\" href=\"https:\/\/www.tecnosuissesa.com\/fr\/produit\/tour-a-metaux-newton-25\/\" \/>\n<meta property=\"og:locale\" content=\"fr_FR\" \/>\n<meta property=\"og:type\" content=\"article\" \/>\n<meta property=\"og:title\" content=\"Tour a m\u00e9taux Newton 25 - Tecnosuisse\" \/>\n<meta property=\"og:description\" content=\"Tour \u00e0 m\u00e9taux d&#039;\u00e9tabli\u00a0 Distance entre les centres de 700 mm, diam\u00e8tre maximal admis au-dessus du banc de 250 mm et moteur monophas\u00e9 de 750 Watt\" \/>\n<meta property=\"og:url\" content=\"https:\/\/www.tecnosuissesa.com\/fr\/produit\/tour-a-metaux-newton-25\/\" \/>\n<meta property=\"og:site_name\" content=\"Tecnosuisse\" \/>\n<meta property=\"article:publisher\" content=\"https:\/\/www.facebook.com\/tecnosuisse\/\" \/>\n<meta property=\"article:modified_time\" content=\"2019-02-21T15:43:02+00:00\" \/>\n<meta property=\"og:image\" content=\"https:\/\/www.tecnosuissesa.com\/wp-content\/uploads\/2017\/09\/Newton25-0.jpg\" \/>\n\t<meta property=\"og:image:width\" content=\"1200\" \/>\n\t<meta property=\"og:image:height\" content=\"900\" \/>\n\t<meta property=\"og:image:type\" content=\"image\/jpeg\" \/>\n<meta name=\"twitter:card\" content=\"summary_large_image\" \/>\n<meta name=\"twitter:label1\" content=\"Dur\u00e9e de lecture estim\u00e9e\" \/>\n\t<meta name=\"twitter:data1\" content=\"1 minute\" \/>\n<script type=\"application\/ld+json\" class=\"yoast-schema-graph\">{\"@context\":\"https:\/\/schema.org\",\"@graph\":[{\"@type\":\"WebPage\",\"@id\":\"https:\/\/www.tecnosuissesa.com\/fr\/produit\/tour-a-metaux-newton-25\/\",\"url\":\"https:\/\/www.tecnosuissesa.com\/fr\/produit\/tour-a-metaux-newton-25\/\",\"name\":\"Tour a m\u00e9taux Newton 25 - Tecnosuisse\",\"isPartOf\":{\"@id\":\"https:\/\/www.tecnosuissesa.com\/it\/#website\"},\"primaryImageOfPage\":{\"@id\":\"https:\/\/www.tecnosuissesa.com\/fr\/produit\/tour-a-metaux-newton-25\/#primaryimage\"},\"image\":{\"@id\":\"https:\/\/www.tecnosuissesa.com\/fr\/produit\/tour-a-metaux-newton-25\/#primaryimage\"},\"thumbnailUrl\":\"https:\/\/www.tecnosuissesa.com\/wp-content\/uploads\/2017\/09\/Newton25-0.jpg\",\"datePublished\":\"2017-09-20T13:53:02+00:00\",\"dateModified\":\"2019-02-21T15:43:02+00:00\",\"description\":\"Tour \u00e0 m\u00e9taux d'\u00e9tabli\u00a0 Distance entre les centres de 700 mm, diam\u00e8tre maximal admis au-dessus du banc de 250 mm et moteur monophas\u00e9 de 750 Watt\",\"breadcrumb\":{\"@id\":\"https:\/\/www.tecnosuissesa.com\/fr\/produit\/tour-a-metaux-newton-25\/#breadcrumb\"},\"inLanguage\":\"fr-FR\",\"potentialAction\":[{\"@type\":\"ReadAction\",\"target\":[\"https:\/\/www.tecnosuissesa.com\/fr\/produit\/tour-a-metaux-newton-25\/\"]}]},{\"@type\":\"ImageObject\",\"inLanguage\":\"fr-FR\",\"@id\":\"https:\/\/www.tecnosuissesa.com\/fr\/produit\/tour-a-metaux-newton-25\/#primaryimage\",\"url\":\"https:\/\/www.tecnosuissesa.com\/wp-content\/uploads\/2017\/09\/Newton25-0.jpg\",\"contentUrl\":\"https:\/\/www.tecnosuissesa.com\/wp-content\/uploads\/2017\/09\/Newton25-0.jpg\",\"width\":1200,\"height\":900},{\"@type\":\"BreadcrumbList\",\"@id\":\"https:\/\/www.tecnosuissesa.com\/fr\/produit\/tour-a-metaux-newton-25\/#breadcrumb\",\"itemListElement\":[{\"@type\":\"ListItem\",\"position\":1,\"name\":\"Home\",\"item\":\"https:\/\/www.tecnosuissesa.com\/fr\/\"},{\"@type\":\"ListItem\",\"position\":2,\"name\":\"Vendita di Macchine Utensili per Legno e per Metalli\",\"item\":\"https:\/\/www.tecnosuissesa.com\/it\/vendita-macchine-utensili\/\"},{\"@type\":\"ListItem\",\"position\":3,\"name\":\"Tour a m\u00e9taux Newton 25\"}]},{\"@type\":\"WebSite\",\"@id\":\"https:\/\/www.tecnosuissesa.com\/it\/#website\",\"url\":\"https:\/\/www.tecnosuissesa.com\/it\/\",\"name\":\"Tecnosuisse\",\"description\":\"Macchine Utensili per Legno e Metalli\",\"publisher\":{\"@id\":\"https:\/\/www.tecnosuissesa.com\/it\/#organization\"},\"potentialAction\":[{\"@type\":\"SearchAction\",\"target\":{\"@type\":\"EntryPoint\",\"urlTemplate\":\"https:\/\/www.tecnosuissesa.com\/it\/?s={search_term_string}\"},\"query-input\":{\"@type\":\"PropertyValueSpecification\",\"valueRequired\":true,\"valueName\":\"search_term_string\"}}],\"inLanguage\":\"fr-FR\"},{\"@type\":\"Organization\",\"@id\":\"https:\/\/www.tecnosuissesa.com\/it\/#organization\",\"name\":\"Tecnosuisse\",\"url\":\"https:\/\/www.tecnosuissesa.com\/it\/\",\"logo\":{\"@type\":\"ImageObject\",\"inLanguage\":\"fr-FR\",\"@id\":\"https:\/\/www.tecnosuissesa.com\/it\/#\/schema\/logo\/image\/\",\"url\":\"https:\/\/www.tecnosuissesa.com\/wp-content\/uploads\/2017\/08\/Logo_TecnoSuisse_627x627.png\",\"contentUrl\":\"https:\/\/www.tecnosuissesa.com\/wp-content\/uploads\/2017\/08\/Logo_TecnoSuisse_627x627.png\",\"width\":627,\"height\":627,\"caption\":\"Tecnosuisse\"},\"image\":{\"@id\":\"https:\/\/www.tecnosuissesa.com\/it\/#\/schema\/logo\/image\/\"},\"sameAs\":[\"https:\/\/www.facebook.com\/tecnosuisse\/\",\"https:\/\/www.youtube.com\/channel\/UCSoxFNkw8ZiE4jP9OY8AdFg\"]}]}<\/script>\n<!-- \/ Yoast SEO plugin. -->","yoast_head_json":{"title":"Tour a m\u00e9taux Newton 25 - Tecnosuisse","description":"Tour \u00e0 m\u00e9taux d'\u00e9tabli\u00a0 Distance entre les centres de 700 mm, diam\u00e8tre maximal admis au-dessus du banc de 250 mm et moteur monophas\u00e9 de 750 Watt","robots":{"index":"index","follow":"follow","max-snippet":"max-snippet:-1","max-image-preview":"max-image-preview:large","max-video-preview":"max-video-preview:-1"},"canonical":"https:\/\/www.tecnosuissesa.com\/fr\/produit\/tour-a-metaux-newton-25\/","og_locale":"fr_FR","og_type":"article","og_title":"Tour a m\u00e9taux Newton 25 - Tecnosuisse","og_description":"Tour \u00e0 m\u00e9taux d'\u00e9tabli\u00a0 Distance entre les centres de 700 mm, diam\u00e8tre maximal admis au-dessus du banc de 250 mm et moteur monophas\u00e9 de 750 Watt","og_url":"https:\/\/www.tecnosuissesa.com\/fr\/produit\/tour-a-metaux-newton-25\/","og_site_name":"Tecnosuisse","article_publisher":"https:\/\/www.facebook.com\/tecnosuisse\/","article_modified_time":"2019-02-21T15:43:02+00:00","og_image":[{"width":1200,"height":900,"url":"https:\/\/www.tecnosuissesa.com\/wp-content\/uploads\/2017\/09\/Newton25-0.jpg","type":"image\/jpeg"}],"twitter_card":"summary_large_image","twitter_misc":{"Dur\u00e9e de lecture estim\u00e9e":"1 minute"},"schema":{"@context":"https:\/\/schema.org","@graph":[{"@type":"WebPage","@id":"https:\/\/www.tecnosuissesa.com\/fr\/produit\/tour-a-metaux-newton-25\/","url":"https:\/\/www.tecnosuissesa.com\/fr\/produit\/tour-a-metaux-newton-25\/","name":"Tour a m\u00e9taux Newton 25 - Tecnosuisse","isPartOf":{"@id":"https:\/\/www.tecnosuissesa.com\/it\/#website"},"primaryImageOfPage":{"@id":"https:\/\/www.tecnosuissesa.com\/fr\/produit\/tour-a-metaux-newton-25\/#primaryimage"},"image":{"@id":"https:\/\/www.tecnosuissesa.com\/fr\/produit\/tour-a-metaux-newton-25\/#primaryimage"},"thumbnailUrl":"https:\/\/www.tecnosuissesa.com\/wp-content\/uploads\/2017\/09\/Newton25-0.jpg","datePublished":"2017-09-20T13:53:02+00:00","dateModified":"2019-02-21T15:43:02+00:00","description":"Tour \u00e0 m\u00e9taux d'\u00e9tabli\u00a0 Distance entre les centres de 700 mm, diam\u00e8tre maximal admis au-dessus du banc de 250 mm et moteur monophas\u00e9 de 750 Watt","breadcrumb":{"@id":"https:\/\/www.tecnosuissesa.com\/fr\/produit\/tour-a-metaux-newton-25\/#breadcrumb"},"inLanguage":"fr-FR","potentialAction":[{"@type":"ReadAction","target":["https:\/\/www.tecnosuissesa.com\/fr\/produit\/tour-a-metaux-newton-25\/"]}]},{"@type":"ImageObject","inLanguage":"fr-FR","@id":"https:\/\/www.tecnosuissesa.com\/fr\/produit\/tour-a-metaux-newton-25\/#primaryimage","url":"https:\/\/www.tecnosuissesa.com\/wp-content\/uploads\/2017\/09\/Newton25-0.jpg","contentUrl":"https:\/\/www.tecnosuissesa.com\/wp-content\/uploads\/2017\/09\/Newton25-0.jpg","width":1200,"height":900},{"@type":"BreadcrumbList","@id":"https:\/\/www.tecnosuissesa.com\/fr\/produit\/tour-a-metaux-newton-25\/#breadcrumb","itemListElement":[{"@type":"ListItem","position":1,"name":"Home","item":"https:\/\/www.tecnosuissesa.com\/fr\/"},{"@type":"ListItem","position":2,"name":"Vendita di Macchine Utensili per Legno e per Metalli","item":"https:\/\/www.tecnosuissesa.com\/it\/vendita-macchine-utensili\/"},{"@type":"ListItem","position":3,"name":"Tour a m\u00e9taux Newton 25"}]},{"@type":"WebSite","@id":"https:\/\/www.tecnosuissesa.com\/it\/#website","url":"https:\/\/www.tecnosuissesa.com\/it\/","name":"Tecnosuisse","description":"Macchine Utensili per Legno e Metalli","publisher":{"@id":"https:\/\/www.tecnosuissesa.com\/it\/#organization"},"potentialAction":[{"@type":"SearchAction","target":{"@type":"EntryPoint","urlTemplate":"https:\/\/www.tecnosuissesa.com\/it\/?s={search_term_string}"},"query-input":{"@type":"PropertyValueSpecification","valueRequired":true,"valueName":"search_term_string"}}],"inLanguage":"fr-FR"},{"@type":"Organization","@id":"https:\/\/www.tecnosuissesa.com\/it\/#organization","name":"Tecnosuisse","url":"https:\/\/www.tecnosuissesa.com\/it\/","logo":{"@type":"ImageObject","inLanguage":"fr-FR","@id":"https:\/\/www.tecnosuissesa.com\/it\/#\/schema\/logo\/image\/","url":"https:\/\/www.tecnosuissesa.com\/wp-content\/uploads\/2017\/08\/Logo_TecnoSuisse_627x627.png","contentUrl":"https:\/\/www.tecnosuissesa.com\/wp-content\/uploads\/2017\/08\/Logo_TecnoSuisse_627x627.png","width":627,"height":627,"caption":"Tecnosuisse"},"image":{"@id":"https:\/\/www.tecnosuissesa.com\/it\/#\/schema\/logo\/image\/"},"sameAs":["https:\/\/www.facebook.com\/tecnosuisse\/","https:\/\/www.youtube.com\/channel\/UCSoxFNkw8ZiE4jP9OY8AdFg"]}]}},"_links":{"self":[{"href":"https:\/\/www.tecnosuissesa.com\/fr\/wp-json\/wp\/v2\/product\/747","targetHints":{"allow":["GET"]}}],"collection":[{"href":"https:\/\/www.tecnosuissesa.com\/fr\/wp-json\/wp\/v2\/product"}],"about":[{"href":"https:\/\/www.tecnosuissesa.com\/fr\/wp-json\/wp\/v2\/types\/product"}],"replies":[{"embeddable":true,"href":"https:\/\/www.tecnosuissesa.com\/fr\/wp-json\/wp\/v2\/comments?post=747"}],"wp:featuredmedia":[{"embeddable":true,"href":"https:\/\/www.tecnosuissesa.com\/fr\/wp-json\/wp\/v2\/media\/1005"}],"wp:attachment":[{"href":"https:\/\/www.tecnosuissesa.com\/fr\/wp-json\/wp\/v2\/media?parent=747"}],"wp:term":[{"taxonomy":"product_brand","embeddable":true,"href":"https:\/\/www.tecnosuissesa.com\/fr\/wp-json\/wp\/v2\/product_brand?post=747"},{"taxonomy":"product_cat","embeddable":true,"href":"https:\/\/www.tecnosuissesa.com\/fr\/wp-json\/wp\/v2\/product_cat?post=747"},{"taxonomy":"product_tag","embeddable":true,"href":"https:\/\/www.tecnosuissesa.com\/fr\/wp-json\/wp\/v2\/product_tag?post=747"}],"curies":[{"name":"wp","href":"https:\/\/api.w.org\/{rel}","templated":true}]}}