{"id":643,"date":"2017-09-11T14:09:16","date_gmt":"2017-09-11T12:09:16","guid":{"rendered":"https:\/\/www.tecnosuissesa.com\/prodotto\/tour-a-metaux-newton-20\/"},"modified":"2019-02-21T12:45:59","modified_gmt":"2019-02-21T11:45:59","slug":"tour-a-metaux-newton-20","status":"publish","type":"product","link":"https:\/\/www.tecnosuissesa.com\/fr\/product\/tour-a-metaux-newton-20\/","title":{"rendered":"Tour \u00e0 M\u00e9taux Newton 20"},"content":{"rendered":"<p>Tour \u00e0 m\u00e9taux avec changement de vitesse \u00e0 moyen des engrenages. Ce tour est id\u00e9al pour la personne qui veut faire de l&rsquo;hobby et aussi pour le petit artisan. Il est possible faire des filetages et des filetages m\u00e9triques.<br \/>\nIl a une forte structure en fonte et des finitions m\u00e9talliques. Gr\u00e2ce \u00e0 sa pr\u00e9cision vous pouvez faire des travaux excellents et il est pour les amateurs et pour les petits m\u00e9tiers. Il est livr\u00e9 en version standard avec sa base, un mandrin avec 3 mors (trois internes et trois externes), 2 contrepointes fixe avec attaque conique, 2 lunettes, tous les engrenages et aussi les cl\u00e9s d\u2019assemblage.<\/p>\n<div id=\"article\">\n<div id=\"tavola-tecnica\">\n<table border=\"1\" width=\"100%\" cellspacing=\"0\" cellpadding=\"0\">\n<tbody>\n<tr>\n<td colspan=\"2\" valign=\"top\">\n<div align=\"center\"><strong>DONN\u00c9ES TECHNIQUES<\/strong><\/div>\n<\/td>\n<\/tr>\n<tr>\n<td colspan=\"2\"><strong>DIMENSIONS<\/strong><\/td>\n<\/tr>\n<tr>\n<td>Dimension avec pied<\/td>\n<td>1100 mm (longueur) x 390 mm (profondeur) x 1130 mm (hauteur)<\/td>\n<\/tr>\n<tr>\n<td>Dimension sans pied<\/td>\n<td>1080 mm (longueur) x 390 mm (profondeur) x 400 mm (hauteur)<\/td>\n<\/tr>\n<tr>\n<td>Poids sans pied<\/td>\n<td>130 Kg<\/td>\n<\/tr>\n<tr>\n<td colspan=\"2\"><strong>CHARACT\u00c9RISTIQUES<\/strong><\/td>\n<\/tr>\n<tr>\n<td>Distance entre-pointes<\/td>\n<td>560 mm<\/td>\n<\/tr>\n<tr>\n<td>Diam\u00e8tre de mandrin standard (fourni avec la tour)<\/td>\n<td>125 mm<\/td>\n<\/tr>\n<tr>\n<td>Cone de la broche<\/td>\n<td>CM3<\/td>\n<\/tr>\n<tr>\n<td>Hauteur de pointe<\/td>\n<td>110 mm<\/td>\n<\/tr>\n<tr>\n<td>Diam\u00e8tre max de tournage sur le banc<\/td>\n<td>240 mm<\/td>\n<\/tr>\n<tr>\n<td>Maximum diam\u00e8tre de la bar en passant<\/td>\n<td>20 mm<\/td>\n<\/tr>\n<tr>\n<td>Diam\u00e8tre maximum de rotation de la torrelle porte outils<\/td>\n<td>115 mm<\/td>\n<\/tr>\n<tr>\n<td>Filetages m\u00e9triques<\/td>\n<td>N\u00b011 ( \u00e0 partir de 0,05 mm jusqu&rsquo;\u00e0 3 mm )<\/td>\n<\/tr>\n<tr>\n<td>Course maxi du fourreau de contre-pointe<\/td>\n<td>560 mm<\/td>\n<\/tr>\n<tr>\n<td>Course maxi transversal de la torrelle porte outils<\/td>\n<td>115 mm<\/td>\n<\/tr>\n<tr>\n<td>Inclinaison de la torrelle porte outils<\/td>\n<td>45\u00b0<\/td>\n<\/tr>\n<tr>\n<td>Cone contre pointe<\/td>\n<td>CM2<\/td>\n<\/tr>\n<tr>\n<td>Vitesse de rotation de la broche<\/td>\n<td>A 6 velocit\u00e0 da 150 a 1950 giri\/min<\/td>\n<\/tr>\n<tr>\n<td>Type mandrin (fourni avec la tour)<\/td>\n<td>3 mors auto centrage ( 3 mors externe + 3 mors int\u00e9rieur )<\/td>\n<\/tr>\n<tr>\n<td colspan=\"2\"><strong>MOTEUR<\/strong><\/td>\n<\/tr>\n<tr>\n<td>Puissance<\/td>\n<td>750 W &#8211; 50 Hz<\/td>\n<\/tr>\n<tr>\n<td>Type<\/td>\n<td>Monophas\u00e9 (220 V)<\/td>\n<\/tr>\n<\/tbody>\n<\/table>\n<\/div>\n<\/div>\n","protected":false},"excerpt":{"rendered":"<p>Tour \u00e0 m\u00e9taux d&rsquo;\u00e9tabli pour bricoleur avec distance entre pointes de 560 mm, diam\u00e8tre max de tournage sur le banc 240 mm et moteur monophas\u00e9 de 750 Watt<\/p>\n","protected":false},"featured_media":2434,"comment_status":"open","ping_status":"closed","template":"","meta":[],"product_brand":[],"product_cat":[182],"product_tag":[190,188,187,189],"class_list":{"0":"post-643","1":"product","2":"type-product","3":"status-publish","4":"has-post-thumbnail","6":"product_cat-tours-a-metaux","7":"product_tag-tour-fr","8":"product_tag-tour-a-metaux-fr","9":"product_tag-tour-detabli","10":"product_tag-tour-pour-bricoleur","12":"first","13":"instock","14":"shipping-taxable","15":"purchasable","16":"product-type-simple"},"yoast_head":"<!-- This site is optimized with the Yoast SEO plugin v27.1 - https:\/\/yoast.com\/product\/yoast-seo-wordpress\/ -->\n<title>Tour \u00e0 M\u00e9taux Newton 20 - Tecnosuisse<\/title>\n<meta name=\"description\" content=\"Tour d&#039;\u00e9tabli pour le travail des m\u00e9taux avec une distance entre les pointes de 560 mm, un diam\u00e8tre de braquage maximal de 220 mm, un diam\u00e8tre maximal de la barre de passe de 20 mm et un moteur monophas\u00e9 de 750 W\" \/>\n<meta name=\"robots\" content=\"index, follow, max-snippet:-1, max-image-preview:large, max-video-preview:-1\" \/>\n<link rel=\"canonical\" href=\"https:\/\/www.tecnosuissesa.com\/fr\/produit\/tour-a-metaux-newton-20\/\" \/>\n<meta property=\"og:locale\" content=\"fr_FR\" \/>\n<meta property=\"og:type\" content=\"article\" \/>\n<meta property=\"og:title\" content=\"Tour \u00e0 M\u00e9taux Newton 20 - Tecnosuisse\" \/>\n<meta property=\"og:description\" content=\"Tour d&#039;\u00e9tabli pour le travail des m\u00e9taux avec une distance entre les pointes de 560 mm, un diam\u00e8tre de braquage maximal de 220 mm, un diam\u00e8tre maximal de la barre de passe de 20 mm et un moteur monophas\u00e9 de 750 W\" \/>\n<meta property=\"og:url\" content=\"https:\/\/www.tecnosuissesa.com\/fr\/produit\/tour-a-metaux-newton-20\/\" \/>\n<meta property=\"og:site_name\" content=\"Tecnosuisse\" \/>\n<meta property=\"article:publisher\" content=\"https:\/\/www.facebook.com\/tecnosuisse\/\" \/>\n<meta property=\"article:modified_time\" content=\"2019-02-21T11:45:59+00:00\" \/>\n<meta property=\"og:image\" content=\"https:\/\/www.tecnosuissesa.com\/wp-content\/uploads\/2017\/09\/tornio-newton-20-00.jpg\" \/>\n\t<meta property=\"og:image:width\" content=\"1200\" \/>\n\t<meta property=\"og:image:height\" content=\"900\" \/>\n\t<meta property=\"og:image:type\" content=\"image\/jpeg\" \/>\n<meta name=\"twitter:card\" content=\"summary_large_image\" \/>\n<meta name=\"twitter:label1\" content=\"Dur\u00e9e de lecture estim\u00e9e\" \/>\n\t<meta name=\"twitter:data1\" content=\"1 minute\" \/>\n<script type=\"application\/ld+json\" class=\"yoast-schema-graph\">{\"@context\":\"https:\/\/schema.org\",\"@graph\":[{\"@type\":\"WebPage\",\"@id\":\"https:\/\/www.tecnosuissesa.com\/fr\/produit\/tour-a-metaux-newton-20\/\",\"url\":\"https:\/\/www.tecnosuissesa.com\/fr\/produit\/tour-a-metaux-newton-20\/\",\"name\":\"Tour \u00e0 M\u00e9taux Newton 20 - Tecnosuisse\",\"isPartOf\":{\"@id\":\"https:\/\/www.tecnosuissesa.com\/it\/#website\"},\"primaryImageOfPage\":{\"@id\":\"https:\/\/www.tecnosuissesa.com\/fr\/produit\/tour-a-metaux-newton-20\/#primaryimage\"},\"image\":{\"@id\":\"https:\/\/www.tecnosuissesa.com\/fr\/produit\/tour-a-metaux-newton-20\/#primaryimage\"},\"thumbnailUrl\":\"https:\/\/www.tecnosuissesa.com\/wp-content\/uploads\/2017\/09\/tornio-newton-20-00.jpg\",\"datePublished\":\"2017-09-11T12:09:16+00:00\",\"dateModified\":\"2019-02-21T11:45:59+00:00\",\"description\":\"Tour d'\u00e9tabli pour le travail des m\u00e9taux avec une distance entre les pointes de 560 mm, un diam\u00e8tre de braquage maximal de 220 mm, un diam\u00e8tre maximal de la barre de passe de 20 mm et un moteur monophas\u00e9 de 750 W\",\"breadcrumb\":{\"@id\":\"https:\/\/www.tecnosuissesa.com\/fr\/produit\/tour-a-metaux-newton-20\/#breadcrumb\"},\"inLanguage\":\"fr-FR\",\"potentialAction\":[{\"@type\":\"ReadAction\",\"target\":[\"https:\/\/www.tecnosuissesa.com\/fr\/produit\/tour-a-metaux-newton-20\/\"]}]},{\"@type\":\"ImageObject\",\"inLanguage\":\"fr-FR\",\"@id\":\"https:\/\/www.tecnosuissesa.com\/fr\/produit\/tour-a-metaux-newton-20\/#primaryimage\",\"url\":\"https:\/\/www.tecnosuissesa.com\/wp-content\/uploads\/2017\/09\/tornio-newton-20-00.jpg\",\"contentUrl\":\"https:\/\/www.tecnosuissesa.com\/wp-content\/uploads\/2017\/09\/tornio-newton-20-00.jpg\",\"width\":1200,\"height\":900,\"caption\":\"Tour \u00e0 m\u00e9taux d'\u00e9tabli Newton 20\"},{\"@type\":\"BreadcrumbList\",\"@id\":\"https:\/\/www.tecnosuissesa.com\/fr\/produit\/tour-a-metaux-newton-20\/#breadcrumb\",\"itemListElement\":[{\"@type\":\"ListItem\",\"position\":1,\"name\":\"Home\",\"item\":\"https:\/\/www.tecnosuissesa.com\/fr\/\"},{\"@type\":\"ListItem\",\"position\":2,\"name\":\"Vendita di Macchine Utensili per Legno e per Metalli\",\"item\":\"https:\/\/www.tecnosuissesa.com\/it\/vendita-macchine-utensili\/\"},{\"@type\":\"ListItem\",\"position\":3,\"name\":\"Tour \u00e0 M\u00e9taux Newton 20\"}]},{\"@type\":\"WebSite\",\"@id\":\"https:\/\/www.tecnosuissesa.com\/it\/#website\",\"url\":\"https:\/\/www.tecnosuissesa.com\/it\/\",\"name\":\"Tecnosuisse\",\"description\":\"Macchine Utensili per Legno e Metalli\",\"publisher\":{\"@id\":\"https:\/\/www.tecnosuissesa.com\/it\/#organization\"},\"potentialAction\":[{\"@type\":\"SearchAction\",\"target\":{\"@type\":\"EntryPoint\",\"urlTemplate\":\"https:\/\/www.tecnosuissesa.com\/it\/?s={search_term_string}\"},\"query-input\":{\"@type\":\"PropertyValueSpecification\",\"valueRequired\":true,\"valueName\":\"search_term_string\"}}],\"inLanguage\":\"fr-FR\"},{\"@type\":\"Organization\",\"@id\":\"https:\/\/www.tecnosuissesa.com\/it\/#organization\",\"name\":\"Tecnosuisse\",\"url\":\"https:\/\/www.tecnosuissesa.com\/it\/\",\"logo\":{\"@type\":\"ImageObject\",\"inLanguage\":\"fr-FR\",\"@id\":\"https:\/\/www.tecnosuissesa.com\/it\/#\/schema\/logo\/image\/\",\"url\":\"https:\/\/www.tecnosuissesa.com\/wp-content\/uploads\/2017\/08\/Logo_TecnoSuisse_627x627.png\",\"contentUrl\":\"https:\/\/www.tecnosuissesa.com\/wp-content\/uploads\/2017\/08\/Logo_TecnoSuisse_627x627.png\",\"width\":627,\"height\":627,\"caption\":\"Tecnosuisse\"},\"image\":{\"@id\":\"https:\/\/www.tecnosuissesa.com\/it\/#\/schema\/logo\/image\/\"},\"sameAs\":[\"https:\/\/www.facebook.com\/tecnosuisse\/\",\"https:\/\/www.youtube.com\/channel\/UCSoxFNkw8ZiE4jP9OY8AdFg\"]}]}<\/script>\n<!-- \/ Yoast SEO plugin. -->","yoast_head_json":{"title":"Tour \u00e0 M\u00e9taux Newton 20 - Tecnosuisse","description":"Tour d'\u00e9tabli pour le travail des m\u00e9taux avec une distance entre les pointes de 560 mm, un diam\u00e8tre de braquage maximal de 220 mm, un diam\u00e8tre maximal de la barre de passe de 20 mm et un moteur monophas\u00e9 de 750 W","robots":{"index":"index","follow":"follow","max-snippet":"max-snippet:-1","max-image-preview":"max-image-preview:large","max-video-preview":"max-video-preview:-1"},"canonical":"https:\/\/www.tecnosuissesa.com\/fr\/produit\/tour-a-metaux-newton-20\/","og_locale":"fr_FR","og_type":"article","og_title":"Tour \u00e0 M\u00e9taux Newton 20 - Tecnosuisse","og_description":"Tour d'\u00e9tabli pour le travail des m\u00e9taux avec une distance entre les pointes de 560 mm, un diam\u00e8tre de braquage maximal de 220 mm, un diam\u00e8tre maximal de la barre de passe de 20 mm et un moteur monophas\u00e9 de 750 W","og_url":"https:\/\/www.tecnosuissesa.com\/fr\/produit\/tour-a-metaux-newton-20\/","og_site_name":"Tecnosuisse","article_publisher":"https:\/\/www.facebook.com\/tecnosuisse\/","article_modified_time":"2019-02-21T11:45:59+00:00","og_image":[{"width":1200,"height":900,"url":"https:\/\/www.tecnosuissesa.com\/wp-content\/uploads\/2017\/09\/tornio-newton-20-00.jpg","type":"image\/jpeg"}],"twitter_card":"summary_large_image","twitter_misc":{"Dur\u00e9e de lecture estim\u00e9e":"1 minute"},"schema":{"@context":"https:\/\/schema.org","@graph":[{"@type":"WebPage","@id":"https:\/\/www.tecnosuissesa.com\/fr\/produit\/tour-a-metaux-newton-20\/","url":"https:\/\/www.tecnosuissesa.com\/fr\/produit\/tour-a-metaux-newton-20\/","name":"Tour \u00e0 M\u00e9taux Newton 20 - Tecnosuisse","isPartOf":{"@id":"https:\/\/www.tecnosuissesa.com\/it\/#website"},"primaryImageOfPage":{"@id":"https:\/\/www.tecnosuissesa.com\/fr\/produit\/tour-a-metaux-newton-20\/#primaryimage"},"image":{"@id":"https:\/\/www.tecnosuissesa.com\/fr\/produit\/tour-a-metaux-newton-20\/#primaryimage"},"thumbnailUrl":"https:\/\/www.tecnosuissesa.com\/wp-content\/uploads\/2017\/09\/tornio-newton-20-00.jpg","datePublished":"2017-09-11T12:09:16+00:00","dateModified":"2019-02-21T11:45:59+00:00","description":"Tour d'\u00e9tabli pour le travail des m\u00e9taux avec une distance entre les pointes de 560 mm, un diam\u00e8tre de braquage maximal de 220 mm, un diam\u00e8tre maximal de la barre de passe de 20 mm et un moteur monophas\u00e9 de 750 W","breadcrumb":{"@id":"https:\/\/www.tecnosuissesa.com\/fr\/produit\/tour-a-metaux-newton-20\/#breadcrumb"},"inLanguage":"fr-FR","potentialAction":[{"@type":"ReadAction","target":["https:\/\/www.tecnosuissesa.com\/fr\/produit\/tour-a-metaux-newton-20\/"]}]},{"@type":"ImageObject","inLanguage":"fr-FR","@id":"https:\/\/www.tecnosuissesa.com\/fr\/produit\/tour-a-metaux-newton-20\/#primaryimage","url":"https:\/\/www.tecnosuissesa.com\/wp-content\/uploads\/2017\/09\/tornio-newton-20-00.jpg","contentUrl":"https:\/\/www.tecnosuissesa.com\/wp-content\/uploads\/2017\/09\/tornio-newton-20-00.jpg","width":1200,"height":900,"caption":"Tour \u00e0 m\u00e9taux d'\u00e9tabli Newton 20"},{"@type":"BreadcrumbList","@id":"https:\/\/www.tecnosuissesa.com\/fr\/produit\/tour-a-metaux-newton-20\/#breadcrumb","itemListElement":[{"@type":"ListItem","position":1,"name":"Home","item":"https:\/\/www.tecnosuissesa.com\/fr\/"},{"@type":"ListItem","position":2,"name":"Vendita di Macchine Utensili per Legno e per Metalli","item":"https:\/\/www.tecnosuissesa.com\/it\/vendita-macchine-utensili\/"},{"@type":"ListItem","position":3,"name":"Tour \u00e0 M\u00e9taux Newton 20"}]},{"@type":"WebSite","@id":"https:\/\/www.tecnosuissesa.com\/it\/#website","url":"https:\/\/www.tecnosuissesa.com\/it\/","name":"Tecnosuisse","description":"Macchine Utensili per Legno e Metalli","publisher":{"@id":"https:\/\/www.tecnosuissesa.com\/it\/#organization"},"potentialAction":[{"@type":"SearchAction","target":{"@type":"EntryPoint","urlTemplate":"https:\/\/www.tecnosuissesa.com\/it\/?s={search_term_string}"},"query-input":{"@type":"PropertyValueSpecification","valueRequired":true,"valueName":"search_term_string"}}],"inLanguage":"fr-FR"},{"@type":"Organization","@id":"https:\/\/www.tecnosuissesa.com\/it\/#organization","name":"Tecnosuisse","url":"https:\/\/www.tecnosuissesa.com\/it\/","logo":{"@type":"ImageObject","inLanguage":"fr-FR","@id":"https:\/\/www.tecnosuissesa.com\/it\/#\/schema\/logo\/image\/","url":"https:\/\/www.tecnosuissesa.com\/wp-content\/uploads\/2017\/08\/Logo_TecnoSuisse_627x627.png","contentUrl":"https:\/\/www.tecnosuissesa.com\/wp-content\/uploads\/2017\/08\/Logo_TecnoSuisse_627x627.png","width":627,"height":627,"caption":"Tecnosuisse"},"image":{"@id":"https:\/\/www.tecnosuissesa.com\/it\/#\/schema\/logo\/image\/"},"sameAs":["https:\/\/www.facebook.com\/tecnosuisse\/","https:\/\/www.youtube.com\/channel\/UCSoxFNkw8ZiE4jP9OY8AdFg"]}]}},"_links":{"self":[{"href":"https:\/\/www.tecnosuissesa.com\/fr\/wp-json\/wp\/v2\/product\/643","targetHints":{"allow":["GET"]}}],"collection":[{"href":"https:\/\/www.tecnosuissesa.com\/fr\/wp-json\/wp\/v2\/product"}],"about":[{"href":"https:\/\/www.tecnosuissesa.com\/fr\/wp-json\/wp\/v2\/types\/product"}],"replies":[{"embeddable":true,"href":"https:\/\/www.tecnosuissesa.com\/fr\/wp-json\/wp\/v2\/comments?post=643"}],"wp:featuredmedia":[{"embeddable":true,"href":"https:\/\/www.tecnosuissesa.com\/fr\/wp-json\/wp\/v2\/media\/2434"}],"wp:attachment":[{"href":"https:\/\/www.tecnosuissesa.com\/fr\/wp-json\/wp\/v2\/media?parent=643"}],"wp:term":[{"taxonomy":"product_brand","embeddable":true,"href":"https:\/\/www.tecnosuissesa.com\/fr\/wp-json\/wp\/v2\/product_brand?post=643"},{"taxonomy":"product_cat","embeddable":true,"href":"https:\/\/www.tecnosuissesa.com\/fr\/wp-json\/wp\/v2\/product_cat?post=643"},{"taxonomy":"product_tag","embeddable":true,"href":"https:\/\/www.tecnosuissesa.com\/fr\/wp-json\/wp\/v2\/product_tag?post=643"}],"curies":[{"name":"wp","href":"https:\/\/api.w.org\/{rel}","templated":true}]}}