{"id":612,"date":"2017-09-11T10:34:54","date_gmt":"2017-09-11T08:34:54","guid":{"rendered":"https:\/\/www.tecnosuissesa.com\/prodotto\/mini-tour-a-metaux-edison-350\/"},"modified":"2017-09-11T10:34:54","modified_gmt":"2017-09-11T08:34:54","slug":"mini-tour-a-metaux-edison-350","status":"publish","type":"product","link":"https:\/\/www.tecnosuissesa.com\/fr\/product\/mini-tour-a-metaux-edison-350\/","title":{"rendered":"Mini Tour \u00e0 M\u00e9taux Edison 350"},"content":{"rendered":"<p>Mini tour \u00e0 m\u00e9taux avec variateur \u00e9lectronique de vitesse. Vous pouvez changer pendant la course la vitesse du mandrin \u00e0 partir d&rsquo;un minimum de 100 \u00e0 un maximum de 2500 tours par minute. La structure du tour est en fonte et robuste. En acier sont les arbres du transmission, les coussinets des engrenages principaux et les guides de roulement. Le moteur qui alimente la machine est un puissant monophas\u00e9 de 600W.<\/p>\n<p>La machine est conforme aux normes CE et elle est \u00e9quip\u00e9e d&rsquo;arr\u00eat d&rsquo;urgence et tous les autres dispositifs de s\u00e9curit\u00e9 n\u00e9cessaires pour travailler en toute s\u00e9curit\u00e9. Dans la version standard le tour est livr\u00e9 avec le mandrin avec 3 mors (3 internes + 3 externes), le kit des engrenages, les cl\u00e9s de service et la contrepointe fixe avec attaque conique MT2.<\/p>\n<div id=\"article\">\n<div id=\"tavola-tecnica\">\n<table border=\"1\" width=\"100%\" cellspacing=\"0\" cellpadding=\"0\">\n<tbody>\n<tr>\n<td colspan=\"2\" valign=\"top\">\n<div align=\"center\"><strong>DONN\u00c9ES TECHNIQUES<\/strong><\/div>\n<\/td>\n<\/tr>\n<tr>\n<td colspan=\"2\"><strong>DIMENSIONS MACHINE<\/strong><\/td>\n<\/tr>\n<tr>\n<td>Dimensions emballage<\/td>\n<td>820 x 310 x 320 mm<\/td>\n<\/tr>\n<tr>\n<td>Max encombrement machine<\/td>\n<td>900 mm (Largeur) x 320 mm (Hauteur) x 240 mm (Longueur)<\/td>\n<\/tr>\n<tr>\n<td>Poids brut \/ net<\/td>\n<td>45 kg \/ 40 kg<\/td>\n<\/tr>\n<tr>\n<td colspan=\"2\"><strong>SP\u00c9CIFICATIONS TOUR<\/strong><\/td>\n<\/tr>\n<tr>\n<td>Distance entre les centres<\/td>\n<td>350 mm<\/td>\n<\/tr>\n<tr>\n<td>Diam\u00e8tre maxi au dessus du banc<\/td>\n<td>180 mm<\/td>\n<\/tr>\n<tr>\n<td>c\u00f4ne du mandrin<\/td>\n<td>MT3<\/td>\n<\/tr>\n<tr>\n<td>c\u00f4ne de la contrepointe<\/td>\n<td>MT2<\/td>\n<\/tr>\n<tr>\n<td>Diam\u00e8tre mandrin en dotation<\/td>\n<td>80 mm<\/td>\n<\/tr>\n<tr>\n<td>Di\u00e1metro barra passante con mandrino standard<\/td>\n<td>16 mm<\/td>\n<\/tr>\n<tr>\n<td>Di\u00e1metro barra passante con mandrino 4 pinze (a la demande)<\/td>\n<td>20 mm<\/td>\n<\/tr>\n<tr>\n<td>Table \u00e0 croix<\/td>\n<td>65 mm<\/td>\n<\/tr>\n<tr>\n<td>Course chariot<\/td>\n<td>35 mm<\/td>\n<\/tr>\n<tr>\n<td>Gamme filetages m\u00e9triques<\/td>\n<td>0.5-2.5 mm<\/td>\n<\/tr>\n<tr>\n<td>Vitesse du mandrin<\/td>\n<td>100-2500 RPM<\/td>\n<\/tr>\n<tr>\n<td>Mandrin de pr\u00e9cision<\/td>\n<td>0.01mm<\/td>\n<\/tr>\n<tr>\n<td colspan=\"2\"><strong>MOTEUR<\/strong><\/td>\n<\/tr>\n<tr>\n<td>Puissance<\/td>\n<td>600 W<\/td>\n<\/tr>\n<tr>\n<td>Type<\/td>\n<td>Monophas\u00e9 220V\/50HZ<\/td>\n<\/tr>\n<\/tbody>\n<\/table>\n<\/div>\n<\/div>\n","protected":false},"excerpt":{"rendered":"<p>Petit Tour \u00e0 m\u00e9taux Avec variateur \u00e9lectronique de vitesse, distance entre-pointes de 350 mm, diam\u00e8tre maxi au dessus du banc de 180 mm cet moteur monophas\u00e9 600W<\/p>\n","protected":false},"featured_media":598,"comment_status":"open","ping_status":"closed","template":"","meta":[],"product_brand":[],"product_cat":[48],"product_tag":[95],"class_list":{"0":"post-612","1":"product","2":"type-product","3":"status-publish","4":"has-post-thumbnail","6":"product_cat-machines-a-bois","7":"product_tag-mini-tour","9":"first","10":"instock","11":"shipping-taxable","12":"purchasable","13":"product-type-simple"},"yoast_head":"<!-- This site is optimized with the Yoast SEO plugin v27.1 - https:\/\/yoast.com\/product\/yoast-seo-wordpress\/ -->\n<title>Mini Tour \u00e0 M\u00e9taux Edison 350 - Tecnosuisse<\/title>\n<meta name=\"robots\" content=\"index, follow, max-snippet:-1, max-image-preview:large, max-video-preview:-1\" \/>\n<link rel=\"canonical\" href=\"https:\/\/www.tecnosuissesa.com\/fr\/produit\/mini-tour-a-metaux-edison-350\/\" \/>\n<meta property=\"og:locale\" content=\"fr_FR\" \/>\n<meta property=\"og:type\" content=\"article\" \/>\n<meta property=\"og:title\" content=\"Mini Tour \u00e0 M\u00e9taux Edison 350 - Tecnosuisse\" \/>\n<meta property=\"og:description\" content=\"Petit Tour \u00e0 m\u00e9taux Avec variateur \u00e9lectronique de vitesse, distance entre-pointes de 350 mm, diam\u00e8tre maxi au dessus du banc de 180 mm cet moteur monophas\u00e9 600W\" \/>\n<meta property=\"og:url\" content=\"https:\/\/www.tecnosuissesa.com\/fr\/produit\/mini-tour-a-metaux-edison-350\/\" \/>\n<meta property=\"og:site_name\" content=\"Tecnosuisse\" \/>\n<meta property=\"article:publisher\" content=\"https:\/\/www.facebook.com\/tecnosuisse\/\" \/>\n<meta property=\"og:image\" content=\"https:\/\/www.tecnosuissesa.com\/wp-content\/uploads\/2017\/09\/Tornio_Edison_02.jpg\" \/>\n\t<meta property=\"og:image:width\" content=\"800\" \/>\n\t<meta property=\"og:image:height\" content=\"600\" \/>\n\t<meta property=\"og:image:type\" content=\"image\/jpeg\" \/>\n<meta name=\"twitter:card\" content=\"summary_large_image\" \/>\n<meta name=\"twitter:label1\" content=\"Dur\u00e9e de lecture estim\u00e9e\" \/>\n\t<meta name=\"twitter:data1\" content=\"1 minute\" \/>\n<script type=\"application\/ld+json\" class=\"yoast-schema-graph\">{\"@context\":\"https:\/\/schema.org\",\"@graph\":[{\"@type\":\"WebPage\",\"@id\":\"https:\/\/www.tecnosuissesa.com\/fr\/produit\/mini-tour-a-metaux-edison-350\/\",\"url\":\"https:\/\/www.tecnosuissesa.com\/fr\/produit\/mini-tour-a-metaux-edison-350\/\",\"name\":\"Mini Tour \u00e0 M\u00e9taux Edison 350 - Tecnosuisse\",\"isPartOf\":{\"@id\":\"https:\/\/www.tecnosuissesa.com\/it\/#website\"},\"primaryImageOfPage\":{\"@id\":\"https:\/\/www.tecnosuissesa.com\/fr\/produit\/mini-tour-a-metaux-edison-350\/#primaryimage\"},\"image\":{\"@id\":\"https:\/\/www.tecnosuissesa.com\/fr\/produit\/mini-tour-a-metaux-edison-350\/#primaryimage\"},\"thumbnailUrl\":\"https:\/\/www.tecnosuissesa.com\/wp-content\/uploads\/2017\/09\/Tornio_Edison_02.jpg\",\"datePublished\":\"2017-09-11T08:34:54+00:00\",\"breadcrumb\":{\"@id\":\"https:\/\/www.tecnosuissesa.com\/fr\/produit\/mini-tour-a-metaux-edison-350\/#breadcrumb\"},\"inLanguage\":\"fr-FR\",\"potentialAction\":[{\"@type\":\"ReadAction\",\"target\":[\"https:\/\/www.tecnosuissesa.com\/fr\/produit\/mini-tour-a-metaux-edison-350\/\"]}]},{\"@type\":\"ImageObject\",\"inLanguage\":\"fr-FR\",\"@id\":\"https:\/\/www.tecnosuissesa.com\/fr\/produit\/mini-tour-a-metaux-edison-350\/#primaryimage\",\"url\":\"https:\/\/www.tecnosuissesa.com\/wp-content\/uploads\/2017\/09\/Tornio_Edison_02.jpg\",\"contentUrl\":\"https:\/\/www.tecnosuissesa.com\/wp-content\/uploads\/2017\/09\/Tornio_Edison_02.jpg\",\"width\":800,\"height\":600},{\"@type\":\"BreadcrumbList\",\"@id\":\"https:\/\/www.tecnosuissesa.com\/fr\/produit\/mini-tour-a-metaux-edison-350\/#breadcrumb\",\"itemListElement\":[{\"@type\":\"ListItem\",\"position\":1,\"name\":\"Home\",\"item\":\"https:\/\/www.tecnosuissesa.com\/fr\/\"},{\"@type\":\"ListItem\",\"position\":2,\"name\":\"Vendita di Macchine Utensili per Legno e per Metalli\",\"item\":\"https:\/\/www.tecnosuissesa.com\/it\/vendita-macchine-utensili\/\"},{\"@type\":\"ListItem\",\"position\":3,\"name\":\"Mini Tour \u00e0 M\u00e9taux Edison 350\"}]},{\"@type\":\"WebSite\",\"@id\":\"https:\/\/www.tecnosuissesa.com\/it\/#website\",\"url\":\"https:\/\/www.tecnosuissesa.com\/it\/\",\"name\":\"Tecnosuisse\",\"description\":\"Macchine Utensili per Legno e Metalli\",\"publisher\":{\"@id\":\"https:\/\/www.tecnosuissesa.com\/it\/#organization\"},\"potentialAction\":[{\"@type\":\"SearchAction\",\"target\":{\"@type\":\"EntryPoint\",\"urlTemplate\":\"https:\/\/www.tecnosuissesa.com\/it\/?s={search_term_string}\"},\"query-input\":{\"@type\":\"PropertyValueSpecification\",\"valueRequired\":true,\"valueName\":\"search_term_string\"}}],\"inLanguage\":\"fr-FR\"},{\"@type\":\"Organization\",\"@id\":\"https:\/\/www.tecnosuissesa.com\/it\/#organization\",\"name\":\"Tecnosuisse\",\"url\":\"https:\/\/www.tecnosuissesa.com\/it\/\",\"logo\":{\"@type\":\"ImageObject\",\"inLanguage\":\"fr-FR\",\"@id\":\"https:\/\/www.tecnosuissesa.com\/it\/#\/schema\/logo\/image\/\",\"url\":\"https:\/\/www.tecnosuissesa.com\/wp-content\/uploads\/2017\/08\/Logo_TecnoSuisse_627x627.png\",\"contentUrl\":\"https:\/\/www.tecnosuissesa.com\/wp-content\/uploads\/2017\/08\/Logo_TecnoSuisse_627x627.png\",\"width\":627,\"height\":627,\"caption\":\"Tecnosuisse\"},\"image\":{\"@id\":\"https:\/\/www.tecnosuissesa.com\/it\/#\/schema\/logo\/image\/\"},\"sameAs\":[\"https:\/\/www.facebook.com\/tecnosuisse\/\",\"https:\/\/www.youtube.com\/channel\/UCSoxFNkw8ZiE4jP9OY8AdFg\"]}]}<\/script>\n<!-- \/ Yoast SEO plugin. -->","yoast_head_json":{"title":"Mini Tour \u00e0 M\u00e9taux Edison 350 - Tecnosuisse","robots":{"index":"index","follow":"follow","max-snippet":"max-snippet:-1","max-image-preview":"max-image-preview:large","max-video-preview":"max-video-preview:-1"},"canonical":"https:\/\/www.tecnosuissesa.com\/fr\/produit\/mini-tour-a-metaux-edison-350\/","og_locale":"fr_FR","og_type":"article","og_title":"Mini Tour \u00e0 M\u00e9taux Edison 350 - Tecnosuisse","og_description":"Petit Tour \u00e0 m\u00e9taux Avec variateur \u00e9lectronique de vitesse, distance entre-pointes de 350 mm, diam\u00e8tre maxi au dessus du banc de 180 mm cet moteur monophas\u00e9 600W","og_url":"https:\/\/www.tecnosuissesa.com\/fr\/produit\/mini-tour-a-metaux-edison-350\/","og_site_name":"Tecnosuisse","article_publisher":"https:\/\/www.facebook.com\/tecnosuisse\/","og_image":[{"width":800,"height":600,"url":"https:\/\/www.tecnosuissesa.com\/wp-content\/uploads\/2017\/09\/Tornio_Edison_02.jpg","type":"image\/jpeg"}],"twitter_card":"summary_large_image","twitter_misc":{"Dur\u00e9e de lecture estim\u00e9e":"1 minute"},"schema":{"@context":"https:\/\/schema.org","@graph":[{"@type":"WebPage","@id":"https:\/\/www.tecnosuissesa.com\/fr\/produit\/mini-tour-a-metaux-edison-350\/","url":"https:\/\/www.tecnosuissesa.com\/fr\/produit\/mini-tour-a-metaux-edison-350\/","name":"Mini Tour \u00e0 M\u00e9taux Edison 350 - Tecnosuisse","isPartOf":{"@id":"https:\/\/www.tecnosuissesa.com\/it\/#website"},"primaryImageOfPage":{"@id":"https:\/\/www.tecnosuissesa.com\/fr\/produit\/mini-tour-a-metaux-edison-350\/#primaryimage"},"image":{"@id":"https:\/\/www.tecnosuissesa.com\/fr\/produit\/mini-tour-a-metaux-edison-350\/#primaryimage"},"thumbnailUrl":"https:\/\/www.tecnosuissesa.com\/wp-content\/uploads\/2017\/09\/Tornio_Edison_02.jpg","datePublished":"2017-09-11T08:34:54+00:00","breadcrumb":{"@id":"https:\/\/www.tecnosuissesa.com\/fr\/produit\/mini-tour-a-metaux-edison-350\/#breadcrumb"},"inLanguage":"fr-FR","potentialAction":[{"@type":"ReadAction","target":["https:\/\/www.tecnosuissesa.com\/fr\/produit\/mini-tour-a-metaux-edison-350\/"]}]},{"@type":"ImageObject","inLanguage":"fr-FR","@id":"https:\/\/www.tecnosuissesa.com\/fr\/produit\/mini-tour-a-metaux-edison-350\/#primaryimage","url":"https:\/\/www.tecnosuissesa.com\/wp-content\/uploads\/2017\/09\/Tornio_Edison_02.jpg","contentUrl":"https:\/\/www.tecnosuissesa.com\/wp-content\/uploads\/2017\/09\/Tornio_Edison_02.jpg","width":800,"height":600},{"@type":"BreadcrumbList","@id":"https:\/\/www.tecnosuissesa.com\/fr\/produit\/mini-tour-a-metaux-edison-350\/#breadcrumb","itemListElement":[{"@type":"ListItem","position":1,"name":"Home","item":"https:\/\/www.tecnosuissesa.com\/fr\/"},{"@type":"ListItem","position":2,"name":"Vendita di Macchine Utensili per Legno e per Metalli","item":"https:\/\/www.tecnosuissesa.com\/it\/vendita-macchine-utensili\/"},{"@type":"ListItem","position":3,"name":"Mini Tour \u00e0 M\u00e9taux Edison 350"}]},{"@type":"WebSite","@id":"https:\/\/www.tecnosuissesa.com\/it\/#website","url":"https:\/\/www.tecnosuissesa.com\/it\/","name":"Tecnosuisse","description":"Macchine Utensili per Legno e Metalli","publisher":{"@id":"https:\/\/www.tecnosuissesa.com\/it\/#organization"},"potentialAction":[{"@type":"SearchAction","target":{"@type":"EntryPoint","urlTemplate":"https:\/\/www.tecnosuissesa.com\/it\/?s={search_term_string}"},"query-input":{"@type":"PropertyValueSpecification","valueRequired":true,"valueName":"search_term_string"}}],"inLanguage":"fr-FR"},{"@type":"Organization","@id":"https:\/\/www.tecnosuissesa.com\/it\/#organization","name":"Tecnosuisse","url":"https:\/\/www.tecnosuissesa.com\/it\/","logo":{"@type":"ImageObject","inLanguage":"fr-FR","@id":"https:\/\/www.tecnosuissesa.com\/it\/#\/schema\/logo\/image\/","url":"https:\/\/www.tecnosuissesa.com\/wp-content\/uploads\/2017\/08\/Logo_TecnoSuisse_627x627.png","contentUrl":"https:\/\/www.tecnosuissesa.com\/wp-content\/uploads\/2017\/08\/Logo_TecnoSuisse_627x627.png","width":627,"height":627,"caption":"Tecnosuisse"},"image":{"@id":"https:\/\/www.tecnosuissesa.com\/it\/#\/schema\/logo\/image\/"},"sameAs":["https:\/\/www.facebook.com\/tecnosuisse\/","https:\/\/www.youtube.com\/channel\/UCSoxFNkw8ZiE4jP9OY8AdFg"]}]}},"_links":{"self":[{"href":"https:\/\/www.tecnosuissesa.com\/fr\/wp-json\/wp\/v2\/product\/612","targetHints":{"allow":["GET"]}}],"collection":[{"href":"https:\/\/www.tecnosuissesa.com\/fr\/wp-json\/wp\/v2\/product"}],"about":[{"href":"https:\/\/www.tecnosuissesa.com\/fr\/wp-json\/wp\/v2\/types\/product"}],"replies":[{"embeddable":true,"href":"https:\/\/www.tecnosuissesa.com\/fr\/wp-json\/wp\/v2\/comments?post=612"}],"wp:featuredmedia":[{"embeddable":true,"href":"https:\/\/www.tecnosuissesa.com\/fr\/wp-json\/wp\/v2\/media\/598"}],"wp:attachment":[{"href":"https:\/\/www.tecnosuissesa.com\/fr\/wp-json\/wp\/v2\/media?parent=612"}],"wp:term":[{"taxonomy":"product_brand","embeddable":true,"href":"https:\/\/www.tecnosuissesa.com\/fr\/wp-json\/wp\/v2\/product_brand?post=612"},{"taxonomy":"product_cat","embeddable":true,"href":"https:\/\/www.tecnosuissesa.com\/fr\/wp-json\/wp\/v2\/product_cat?post=612"},{"taxonomy":"product_tag","embeddable":true,"href":"https:\/\/www.tecnosuissesa.com\/fr\/wp-json\/wp\/v2\/product_tag?post=612"}],"curies":[{"name":"wp","href":"https:\/\/api.w.org\/{rel}","templated":true}]}}