{"id":571,"date":"2017-09-04T11:53:22","date_gmt":"2017-09-04T09:53:22","guid":{"rendered":"https:\/\/www.tecnosuissesa.com\/prodotto\/combine-a-bois-professionel-america-pro-3000-410\/"},"modified":"2017-09-04T11:53:22","modified_gmt":"2017-09-04T09:53:22","slug":"combine-a-bois-professionel-america-pro-3000-410","status":"publish","type":"product","link":"https:\/\/www.tecnosuissesa.com\/fr\/product\/combine-a-bois-professionel-america-pro-3000-410\/","title":{"rendered":"Combin\u00e9 \u00e0 bois professionel America Pro 3000-410"},"content":{"rendered":"<p>Une combin\u00e9e avec chariot en aluminium de 3 m\u00e8tres ras de lame qui permet d&rsquo;\u00e9quarrir tr\u00e8s pr\u00e9cisement m\u00eame de panneaux de grandes dimensions.<br \/>\nLa lame circulaire est inclinable et elle est dot\u00e9e d&rsquo;inciseur. Le grand chariot \u00e0 \u00e9quarrir en aluminium permet de travailler dans la maximum s\u00e9curit\u00e9 et pr\u00e9cision m\u00eame les grandes surfaces. Gr\u00e2ce\u00a0\u00e0 l&rsquo;inciseur sur le groupe scie inclinable, on pourra faire de travaux d&rsquo;incroyable finition. Les 3 moteurs ind\u00e9pendants\u00a0de 3 HP chacun, donnent \u00e0 la machine une grande puissance de travail.<br \/>\nLa d\u00e9gauchisseuse \/ raboteuse de 410 mm avec 3 fers raboteuse, avec les diff\u00e9rentes hottes aspirantes, Vous permettront de passer rapidement d&rsquo;un travail \u00e0 autre, sans temps morts et sans probl\u00e8mes\u00a0pendant le travail. Vos travaux \u00e9tonneront tout le monde pour la haute qualit\u00e9 de finition et la vitesse de r\u00e9alisation. M\u00eame cette combin\u00e9e, comme d&rsquo;autres de Damatomacchine, est disponible en version Monophas\u00e9. Triphas\u00e9\u00a0\u00e0 la demande.<\/p>\n<table class=\"table table-striped\" border=\"1\" width=\"100%\" cellspacing=\"0\" cellpadding=\"0\">\n<tbody>\n<tr>\n<td colspan=\"2\" valign=\"top\">\n<div align=\"center\"><strong>DONN\u00c9ES TECHNIQUES<\/strong><\/div>\n<\/td>\n<\/tr>\n<tr>\n<td colspan=\"2\"><strong>DIMENSIONS<\/strong><\/td>\n<\/tr>\n<tr>\n<td>Encombrement machine avec chariot et mortaiseuse<\/td>\n<td>3100 (largeur) x 3000 (longueur) x 850 ( hauteur ) mm<\/td>\n<\/tr>\n<tr>\n<td>Encombrement corps machine sans chariot et sans mortaiseuse<\/td>\n<td>1200 (largeur) x 3000 (longueur) x 850 ( hauteur ) mm<\/td>\n<\/tr>\n<tr>\n<td>Poids net<\/td>\n<td>700 Kg<\/td>\n<\/tr>\n<tr>\n<td colspan=\"2\"><strong>SCIE CIRCULAIRE<\/strong><\/td>\n<\/tr>\n<tr>\n<td>Max. diam\u00e8tre lame<\/td>\n<td>315 mm<\/td>\n<\/tr>\n<tr>\n<td>Diam\u00e8tre inciseur<\/td>\n<td>80 mm<\/td>\n<\/tr>\n<tr>\n<td>Typologie<\/td>\n<td>R\u00e9glable en vertical , inclinaison 45\u00b0<\/td>\n<\/tr>\n<tr>\n<td>Vitesse de rotation<\/td>\n<td>5200 tours\/min<\/td>\n<\/tr>\n<tr>\n<td>Hauteur du coupe 90\u00b0<\/td>\n<td>95 mm<\/td>\n<\/tr>\n<tr>\n<td colspan=\"2\"><strong>CHARIOT DE SCIAGE EN ALUMINIUM RAS DE LAME<\/strong><\/td>\n<\/tr>\n<tr>\n<td>Cadre de chariot<\/td>\n<td>1200 x 600 mm<\/td>\n<\/tr>\n<tr>\n<td>Chariot en aluminium<\/td>\n<td>3000 x 310 mm<\/td>\n<\/tr>\n<tr>\n<td>Capacit\u00e9 du coupe<\/td>\n<td>3200 mm<\/td>\n<\/tr>\n<tr>\n<td colspan=\"2\"><strong>D\u00c9GAUCHISSEUSE\/RABOTEUSE<\/strong><\/td>\n<\/tr>\n<tr>\n<td>Nombre des Couteaux<\/td>\n<td>N\u00b03<\/td>\n<\/tr>\n<tr>\n<td>Vitesse de rotation de l&rsquo;arbre<\/td>\n<td>5500 rpm<\/td>\n<\/tr>\n<tr>\n<td>Diametre de l&rsquo;arbre porte-couteaux<\/td>\n<td>70 mm<\/td>\n<\/tr>\n<tr>\n<td>Largeur max \u00e0 raboter<\/td>\n<td>410 mm<\/td>\n<\/tr>\n<tr>\n<td>Hauteur max de travail \u00e0 raboter<\/td>\n<td>245 mm<\/td>\n<\/tr>\n<tr>\n<td>Typologie tables de travail<\/td>\n<td>Fonte<\/td>\n<\/tr>\n<tr>\n<td>Vitesse d&rsquo;entrainement<\/td>\n<td>7,5 m\/min<\/td>\n<\/tr>\n<tr>\n<td colspan=\"2\"><strong>TOUPIE<\/strong><\/td>\n<\/tr>\n<tr>\n<td>Typologie<\/td>\n<td>Vertical<\/td>\n<\/tr>\n<tr>\n<td>Max course verticale de l&rsquo;arbre<\/td>\n<td>115 mm<\/td>\n<\/tr>\n<tr>\n<td>Diametre de l&rsquo;arbre standard<\/td>\n<td>30 mm<\/td>\n<\/tr>\n<tr>\n<td>Diam\u00e8tre maximum outil<\/td>\n<td>220 mm<\/td>\n<\/tr>\n<tr>\n<td>Vitesse de rotation<\/td>\n<td>1750 &#8211; 3500 &#8211; 6700 rpm<\/td>\n<\/tr>\n<tr>\n<td colspan=\"2\"><strong>MORTAISEUSE<\/strong><\/td>\n<\/tr>\n<tr>\n<td>Vitesse de rotation du mandrin<\/td>\n<td>5500 rpm<\/td>\n<\/tr>\n<tr>\n<td>Diametre de mandrin<\/td>\n<td>16 mm<\/td>\n<\/tr>\n<tr>\n<td>Tables de travail<\/td>\n<td>210 x 375 mm<\/td>\n<\/tr>\n<tr>\n<td colspan=\"2\"><strong>MOTEUR SCIE<\/strong><\/td>\n<\/tr>\n<tr>\n<td>Puissance<\/td>\n<td>3 CV &#8211; 2200 W<\/td>\n<\/tr>\n<tr>\n<td>Tension<\/td>\n<td>220 V<\/td>\n<\/tr>\n<tr>\n<td colspan=\"2\"><strong>MOTEUR D\u00c9GAUCHISSEUSE\/RABOTEUSE<\/strong><\/td>\n<\/tr>\n<tr>\n<td>Puissance<\/td>\n<td>3 CV &#8211; 2200 W<\/td>\n<\/tr>\n<tr>\n<td>Tension<\/td>\n<td>220 V<\/td>\n<\/tr>\n<tr>\n<td colspan=\"2\"><strong>MOTEUR TOUPIE<\/strong><\/td>\n<\/tr>\n<tr>\n<td>Puissance<\/td>\n<td>3 Hp &#8211; 2200 W<\/td>\n<\/tr>\n<tr>\n<td>Tension<\/td>\n<td>220 V<\/td>\n<\/tr>\n<\/tbody>\n<\/table>\n","protected":false},"excerpt":{"rendered":"<h2 align=\"justify\">Machine \u00e0 bois 7 operations avec 3 moteurs, scie circulaire inclinable diam\u00e8tre de 315 mm, wagon 3000 mm, d\u00e9gauchisseuse\/raboteuse 410 mm, toupie vertical<\/h2>\n","protected":false},"featured_media":556,"comment_status":"open","ping_status":"closed","template":"","meta":[],"product_brand":[],"product_cat":[55],"product_tag":[75],"class_list":{"0":"post-571","1":"product","2":"type-product","3":"status-publish","4":"has-post-thumbnail","6":"product_cat-combines-a-bois","7":"product_tag-professionnel-combine","8":"product_shipping_class-classe-10","10":"first","11":"instock","12":"shipping-taxable","13":"purchasable","14":"product-type-simple"},"yoast_head":"<!-- This site is optimized with the Yoast SEO plugin v27.1 - https:\/\/yoast.com\/product\/yoast-seo-wordpress\/ -->\n<title>Combin\u00e9 \u00e0 bois professionel America Pro 3000-410 - Tecnosuisse<\/title>\n<meta name=\"robots\" content=\"index, follow, max-snippet:-1, max-image-preview:large, max-video-preview:-1\" \/>\n<link rel=\"canonical\" href=\"https:\/\/www.tecnosuissesa.com\/fr\/produit\/combine-a-bois-professionel-america-pro-3000-410\/\" \/>\n<meta property=\"og:locale\" content=\"fr_FR\" \/>\n<meta property=\"og:type\" content=\"article\" \/>\n<meta property=\"og:title\" content=\"Combin\u00e9 \u00e0 bois professionel America Pro 3000-410 - Tecnosuisse\" \/>\n<meta property=\"og:description\" content=\"Machine \u00e0 bois 7 operations avec 3 moteurs, scie circulaire inclinable diam\u00e8tre de 315 mm, wagon 3000 mm, d\u00e9gauchisseuse\/raboteuse 410 mm, toupie vertical\" \/>\n<meta property=\"og:url\" content=\"https:\/\/www.tecnosuissesa.com\/fr\/produit\/combine-a-bois-professionel-america-pro-3000-410\/\" \/>\n<meta property=\"og:site_name\" content=\"Tecnosuisse\" \/>\n<meta property=\"article:publisher\" content=\"https:\/\/www.facebook.com\/tecnosuisse\/\" \/>\n<meta property=\"og:image\" content=\"https:\/\/www.tecnosuissesa.com\/wp-content\/uploads\/2017\/09\/COMBINATA-AMERICA-PRO-410-1.jpg\" \/>\n\t<meta property=\"og:image:width\" content=\"1024\" \/>\n\t<meta property=\"og:image:height\" content=\"768\" \/>\n\t<meta property=\"og:image:type\" content=\"image\/jpeg\" \/>\n<meta name=\"twitter:card\" content=\"summary_large_image\" \/>\n<meta name=\"twitter:label1\" content=\"Dur\u00e9e de lecture estim\u00e9e\" \/>\n\t<meta name=\"twitter:data1\" content=\"2 minutes\" \/>\n<script type=\"application\/ld+json\" class=\"yoast-schema-graph\">{\"@context\":\"https:\/\/schema.org\",\"@graph\":[{\"@type\":\"WebPage\",\"@id\":\"https:\/\/www.tecnosuissesa.com\/fr\/produit\/combine-a-bois-professionel-america-pro-3000-410\/\",\"url\":\"https:\/\/www.tecnosuissesa.com\/fr\/produit\/combine-a-bois-professionel-america-pro-3000-410\/\",\"name\":\"Combin\u00e9 \u00e0 bois professionel America Pro 3000-410 - Tecnosuisse\",\"isPartOf\":{\"@id\":\"https:\/\/www.tecnosuissesa.com\/it\/#website\"},\"primaryImageOfPage\":{\"@id\":\"https:\/\/www.tecnosuissesa.com\/fr\/produit\/combine-a-bois-professionel-america-pro-3000-410\/#primaryimage\"},\"image\":{\"@id\":\"https:\/\/www.tecnosuissesa.com\/fr\/produit\/combine-a-bois-professionel-america-pro-3000-410\/#primaryimage\"},\"thumbnailUrl\":\"https:\/\/www.tecnosuissesa.com\/wp-content\/uploads\/2017\/09\/COMBINATA-AMERICA-PRO-410-1.jpg\",\"datePublished\":\"2017-09-04T09:53:22+00:00\",\"breadcrumb\":{\"@id\":\"https:\/\/www.tecnosuissesa.com\/fr\/produit\/combine-a-bois-professionel-america-pro-3000-410\/#breadcrumb\"},\"inLanguage\":\"fr-FR\",\"potentialAction\":[{\"@type\":\"ReadAction\",\"target\":[\"https:\/\/www.tecnosuissesa.com\/fr\/produit\/combine-a-bois-professionel-america-pro-3000-410\/\"]}]},{\"@type\":\"ImageObject\",\"inLanguage\":\"fr-FR\",\"@id\":\"https:\/\/www.tecnosuissesa.com\/fr\/produit\/combine-a-bois-professionel-america-pro-3000-410\/#primaryimage\",\"url\":\"https:\/\/www.tecnosuissesa.com\/wp-content\/uploads\/2017\/09\/COMBINATA-AMERICA-PRO-410-1.jpg\",\"contentUrl\":\"https:\/\/www.tecnosuissesa.com\/wp-content\/uploads\/2017\/09\/COMBINATA-AMERICA-PRO-410-1.jpg\",\"width\":1024,\"height\":768},{\"@type\":\"BreadcrumbList\",\"@id\":\"https:\/\/www.tecnosuissesa.com\/fr\/produit\/combine-a-bois-professionel-america-pro-3000-410\/#breadcrumb\",\"itemListElement\":[{\"@type\":\"ListItem\",\"position\":1,\"name\":\"Home\",\"item\":\"https:\/\/www.tecnosuissesa.com\/fr\/\"},{\"@type\":\"ListItem\",\"position\":2,\"name\":\"Vendita di Macchine Utensili per Legno e per Metalli\",\"item\":\"https:\/\/www.tecnosuissesa.com\/it\/vendita-macchine-utensili\/\"},{\"@type\":\"ListItem\",\"position\":3,\"name\":\"Combin\u00e9 \u00e0 bois professionel America Pro 3000-410\"}]},{\"@type\":\"WebSite\",\"@id\":\"https:\/\/www.tecnosuissesa.com\/it\/#website\",\"url\":\"https:\/\/www.tecnosuissesa.com\/it\/\",\"name\":\"Tecnosuisse\",\"description\":\"Macchine Utensili per Legno e Metalli\",\"publisher\":{\"@id\":\"https:\/\/www.tecnosuissesa.com\/it\/#organization\"},\"potentialAction\":[{\"@type\":\"SearchAction\",\"target\":{\"@type\":\"EntryPoint\",\"urlTemplate\":\"https:\/\/www.tecnosuissesa.com\/it\/?s={search_term_string}\"},\"query-input\":{\"@type\":\"PropertyValueSpecification\",\"valueRequired\":true,\"valueName\":\"search_term_string\"}}],\"inLanguage\":\"fr-FR\"},{\"@type\":\"Organization\",\"@id\":\"https:\/\/www.tecnosuissesa.com\/it\/#organization\",\"name\":\"Tecnosuisse\",\"url\":\"https:\/\/www.tecnosuissesa.com\/it\/\",\"logo\":{\"@type\":\"ImageObject\",\"inLanguage\":\"fr-FR\",\"@id\":\"https:\/\/www.tecnosuissesa.com\/it\/#\/schema\/logo\/image\/\",\"url\":\"https:\/\/www.tecnosuissesa.com\/wp-content\/uploads\/2017\/08\/Logo_TecnoSuisse_627x627.png\",\"contentUrl\":\"https:\/\/www.tecnosuissesa.com\/wp-content\/uploads\/2017\/08\/Logo_TecnoSuisse_627x627.png\",\"width\":627,\"height\":627,\"caption\":\"Tecnosuisse\"},\"image\":{\"@id\":\"https:\/\/www.tecnosuissesa.com\/it\/#\/schema\/logo\/image\/\"},\"sameAs\":[\"https:\/\/www.facebook.com\/tecnosuisse\/\",\"https:\/\/www.youtube.com\/channel\/UCSoxFNkw8ZiE4jP9OY8AdFg\"]}]}<\/script>\n<!-- \/ Yoast SEO plugin. -->","yoast_head_json":{"title":"Combin\u00e9 \u00e0 bois professionel America Pro 3000-410 - Tecnosuisse","robots":{"index":"index","follow":"follow","max-snippet":"max-snippet:-1","max-image-preview":"max-image-preview:large","max-video-preview":"max-video-preview:-1"},"canonical":"https:\/\/www.tecnosuissesa.com\/fr\/produit\/combine-a-bois-professionel-america-pro-3000-410\/","og_locale":"fr_FR","og_type":"article","og_title":"Combin\u00e9 \u00e0 bois professionel America Pro 3000-410 - Tecnosuisse","og_description":"Machine \u00e0 bois 7 operations avec 3 moteurs, scie circulaire inclinable diam\u00e8tre de 315 mm, wagon 3000 mm, d\u00e9gauchisseuse\/raboteuse 410 mm, toupie vertical","og_url":"https:\/\/www.tecnosuissesa.com\/fr\/produit\/combine-a-bois-professionel-america-pro-3000-410\/","og_site_name":"Tecnosuisse","article_publisher":"https:\/\/www.facebook.com\/tecnosuisse\/","og_image":[{"width":1024,"height":768,"url":"https:\/\/www.tecnosuissesa.com\/wp-content\/uploads\/2017\/09\/COMBINATA-AMERICA-PRO-410-1.jpg","type":"image\/jpeg"}],"twitter_card":"summary_large_image","twitter_misc":{"Dur\u00e9e de lecture estim\u00e9e":"2 minutes"},"schema":{"@context":"https:\/\/schema.org","@graph":[{"@type":"WebPage","@id":"https:\/\/www.tecnosuissesa.com\/fr\/produit\/combine-a-bois-professionel-america-pro-3000-410\/","url":"https:\/\/www.tecnosuissesa.com\/fr\/produit\/combine-a-bois-professionel-america-pro-3000-410\/","name":"Combin\u00e9 \u00e0 bois professionel America Pro 3000-410 - Tecnosuisse","isPartOf":{"@id":"https:\/\/www.tecnosuissesa.com\/it\/#website"},"primaryImageOfPage":{"@id":"https:\/\/www.tecnosuissesa.com\/fr\/produit\/combine-a-bois-professionel-america-pro-3000-410\/#primaryimage"},"image":{"@id":"https:\/\/www.tecnosuissesa.com\/fr\/produit\/combine-a-bois-professionel-america-pro-3000-410\/#primaryimage"},"thumbnailUrl":"https:\/\/www.tecnosuissesa.com\/wp-content\/uploads\/2017\/09\/COMBINATA-AMERICA-PRO-410-1.jpg","datePublished":"2017-09-04T09:53:22+00:00","breadcrumb":{"@id":"https:\/\/www.tecnosuissesa.com\/fr\/produit\/combine-a-bois-professionel-america-pro-3000-410\/#breadcrumb"},"inLanguage":"fr-FR","potentialAction":[{"@type":"ReadAction","target":["https:\/\/www.tecnosuissesa.com\/fr\/produit\/combine-a-bois-professionel-america-pro-3000-410\/"]}]},{"@type":"ImageObject","inLanguage":"fr-FR","@id":"https:\/\/www.tecnosuissesa.com\/fr\/produit\/combine-a-bois-professionel-america-pro-3000-410\/#primaryimage","url":"https:\/\/www.tecnosuissesa.com\/wp-content\/uploads\/2017\/09\/COMBINATA-AMERICA-PRO-410-1.jpg","contentUrl":"https:\/\/www.tecnosuissesa.com\/wp-content\/uploads\/2017\/09\/COMBINATA-AMERICA-PRO-410-1.jpg","width":1024,"height":768},{"@type":"BreadcrumbList","@id":"https:\/\/www.tecnosuissesa.com\/fr\/produit\/combine-a-bois-professionel-america-pro-3000-410\/#breadcrumb","itemListElement":[{"@type":"ListItem","position":1,"name":"Home","item":"https:\/\/www.tecnosuissesa.com\/fr\/"},{"@type":"ListItem","position":2,"name":"Vendita di Macchine Utensili per Legno e per Metalli","item":"https:\/\/www.tecnosuissesa.com\/it\/vendita-macchine-utensili\/"},{"@type":"ListItem","position":3,"name":"Combin\u00e9 \u00e0 bois professionel America Pro 3000-410"}]},{"@type":"WebSite","@id":"https:\/\/www.tecnosuissesa.com\/it\/#website","url":"https:\/\/www.tecnosuissesa.com\/it\/","name":"Tecnosuisse","description":"Macchine Utensili per Legno e Metalli","publisher":{"@id":"https:\/\/www.tecnosuissesa.com\/it\/#organization"},"potentialAction":[{"@type":"SearchAction","target":{"@type":"EntryPoint","urlTemplate":"https:\/\/www.tecnosuissesa.com\/it\/?s={search_term_string}"},"query-input":{"@type":"PropertyValueSpecification","valueRequired":true,"valueName":"search_term_string"}}],"inLanguage":"fr-FR"},{"@type":"Organization","@id":"https:\/\/www.tecnosuissesa.com\/it\/#organization","name":"Tecnosuisse","url":"https:\/\/www.tecnosuissesa.com\/it\/","logo":{"@type":"ImageObject","inLanguage":"fr-FR","@id":"https:\/\/www.tecnosuissesa.com\/it\/#\/schema\/logo\/image\/","url":"https:\/\/www.tecnosuissesa.com\/wp-content\/uploads\/2017\/08\/Logo_TecnoSuisse_627x627.png","contentUrl":"https:\/\/www.tecnosuissesa.com\/wp-content\/uploads\/2017\/08\/Logo_TecnoSuisse_627x627.png","width":627,"height":627,"caption":"Tecnosuisse"},"image":{"@id":"https:\/\/www.tecnosuissesa.com\/it\/#\/schema\/logo\/image\/"},"sameAs":["https:\/\/www.facebook.com\/tecnosuisse\/","https:\/\/www.youtube.com\/channel\/UCSoxFNkw8ZiE4jP9OY8AdFg"]}]}},"_links":{"self":[{"href":"https:\/\/www.tecnosuissesa.com\/fr\/wp-json\/wp\/v2\/product\/571","targetHints":{"allow":["GET"]}}],"collection":[{"href":"https:\/\/www.tecnosuissesa.com\/fr\/wp-json\/wp\/v2\/product"}],"about":[{"href":"https:\/\/www.tecnosuissesa.com\/fr\/wp-json\/wp\/v2\/types\/product"}],"replies":[{"embeddable":true,"href":"https:\/\/www.tecnosuissesa.com\/fr\/wp-json\/wp\/v2\/comments?post=571"}],"wp:featuredmedia":[{"embeddable":true,"href":"https:\/\/www.tecnosuissesa.com\/fr\/wp-json\/wp\/v2\/media\/556"}],"wp:attachment":[{"href":"https:\/\/www.tecnosuissesa.com\/fr\/wp-json\/wp\/v2\/media?parent=571"}],"wp:term":[{"taxonomy":"product_brand","embeddable":true,"href":"https:\/\/www.tecnosuissesa.com\/fr\/wp-json\/wp\/v2\/product_brand?post=571"},{"taxonomy":"product_cat","embeddable":true,"href":"https:\/\/www.tecnosuissesa.com\/fr\/wp-json\/wp\/v2\/product_cat?post=571"},{"taxonomy":"product_tag","embeddable":true,"href":"https:\/\/www.tecnosuissesa.com\/fr\/wp-json\/wp\/v2\/product_tag?post=571"}],"curies":[{"name":"wp","href":"https:\/\/api.w.org\/{rel}","templated":true}]}}