{"id":551,"date":"2017-09-01T20:16:03","date_gmt":"2017-09-01T18:16:03","guid":{"rendered":"https:\/\/www.tecnosuissesa.com\/prodotto\/combine-a-bois-discovery-wagon\/"},"modified":"2017-09-01T20:16:03","modified_gmt":"2017-09-01T18:16:03","slug":"combine-a-bois-discovery-wagon","status":"publish","type":"product","link":"https:\/\/www.tecnosuissesa.com\/fr\/product\/combine-a-bois-discovery-wagon\/","title":{"rendered":"Combin\u00e9 \u00e0 Bois Discovery Wagon"},"content":{"rendered":"<p>La machine Discovery Wagon est une combin\u00e9e tr\u00e8s\u00a0pr\u00e9cise qui permet d&rsquo;effectuer plusieurs travaux ind\u00e9pendantes: rabotage, \u00e9quarrissage, emploi de la toupie et de la mortaiseuse. Le rabot dispose d&rsquo;un arbre de 3 fers long 260 mm et des tables en fonte compl\u00e8tement rabattables. La toupie, par contre, est positionn\u00e9 en verticale et elle a un moteur totalement ind\u00e9pendant. Le group scie, dot\u00e9 d&rsquo;un vagon en aluminium positionn\u00e9 ras de lame, permet d&rsquo;\u00e9quarrir avec pr\u00e9cision chaque type de bois. La machine est fournie en version standard avec 2 Moteurs monophas\u00e9s. Avec un petit surprix, vous pouvez demander la version triphas\u00e9e.<strong><br \/>\n<\/strong><\/p>\n<div id=\"article\">\n<div id=\"tavola-tecnica\">\n<table border=\"1\" width=\"100%\" cellspacing=\"0\" cellpadding=\"0\">\n<tbody>\n<tr>\n<td colspan=\"2\" valign=\"top\">\n<div align=\"center\"><strong>DONN\u00c9ES TECHNIQUES<\/strong><\/div>\n<\/td>\n<\/tr>\n<tr>\n<td colspan=\"2\"><strong>DIMENSIONS<\/strong><\/td>\n<\/tr>\n<tr>\n<td>Encombrement machine avec chariot et mortaiseuse<\/td>\n<td>1900 (longueur) x 1900 (largeur) x 850 ( haut plans planer ) mm<\/td>\n<\/tr>\n<tr>\n<td>Encombrement corps machine sans chariot et sans mortaiseuse<\/td>\n<td>1000 (longueur) x 700 (largeur) x 850 ( haut plans planer ) mm<\/td>\n<\/tr>\n<tr>\n<td>Poids net<\/td>\n<td>330 Kg<\/td>\n<\/tr>\n<tr>\n<td colspan=\"2\"><strong>SCIE CIRCULAIRE<\/strong><\/td>\n<\/tr>\n<tr>\n<td>Diam\u00e8tre lame<\/td>\n<td>250 mm<\/td>\n<\/tr>\n<tr>\n<td>Typologie<\/td>\n<td>R\u00e9glable en vertical<\/td>\n<\/tr>\n<tr>\n<td>Vitesse<\/td>\n<td>3500 tours\/min<\/td>\n<\/tr>\n<tr>\n<td>Max hauteur de coupe<\/td>\n<td>80 mm<\/td>\n<\/tr>\n<tr>\n<td colspan=\"2\"><strong>CHARIOT \u00c0 \u00c9QUARRIR AVEC\u00a0<\/strong><strong>WAGON EN ALUMINIUM POSITIONN\u00c9 RAS DE LAME<\/strong><\/td>\n<\/tr>\n<tr>\n<td>Dimension chariot<\/td>\n<td>350 x 610 mm<\/td>\n<\/tr>\n<tr>\n<td>Dimension wagon en aluminium<\/td>\n<td>1500 x 190 mm<\/td>\n<\/tr>\n<tr>\n<td>Capacit\u00e9 \u00e0 \u00e9quarrir<\/td>\n<td>1600 mm<\/td>\n<\/tr>\n<tr>\n<td colspan=\"2\"><strong>MOTEUR SCIE CIRCULAIRE &#8211; D\u00c9GAUCHISSEUSE\/RABOTEUSE<\/strong><\/td>\n<\/tr>\n<tr>\n<td>Puissance<\/td>\n<td>2 Hp &#8211; 1500 W<\/td>\n<\/tr>\n<tr>\n<td>Typologie<\/td>\n<td>Monophas\u00e9 (220 V)<\/td>\n<\/tr>\n<tr>\n<td colspan=\"2\"><strong>MOTEUR TOUPIE<\/strong><\/td>\n<\/tr>\n<tr>\n<td>Puissance<\/td>\n<td>1,7 Hp &#8211; 1200 W<\/td>\n<\/tr>\n<tr>\n<td>Typologie<\/td>\n<td>Monophas\u00e9 (220 V)<\/td>\n<\/tr>\n<tr>\n<td colspan=\"2\"><strong>TOUPIE<\/strong><\/td>\n<\/tr>\n<tr>\n<td>Typologie<\/td>\n<td>Vertical<\/td>\n<\/tr>\n<tr>\n<td>Hauteur<\/td>\n<td>80 mm<\/td>\n<\/tr>\n<tr>\n<td>Arbre &#8211; diam\u00e8tre<\/td>\n<td>30 mm<\/td>\n<\/tr>\n<tr>\n<td>Vitesse<\/td>\n<td>7000 tours \/ min<\/td>\n<\/tr>\n<tr>\n<td>Diam\u00e8tre maximum fraise<\/td>\n<td>100 mm<\/td>\n<\/tr>\n<tr>\n<td colspan=\"2\"><strong>MORTAISEUSE<\/strong><\/td>\n<\/tr>\n<tr>\n<td>Vitesse<\/td>\n<td>5500 tours \/ min<\/td>\n<\/tr>\n<tr>\n<td>Dimension table<\/td>\n<td>360 x 210 mm<\/td>\n<\/tr>\n<tr>\n<td colspan=\"2\"><strong>D\u00c9GAUCHISSEUSE\/RABOTEUSE<\/strong><\/td>\n<\/tr>\n<tr>\n<td>N\u00b0 des Couteaux<\/td>\n<td>N\u00b03<\/td>\n<\/tr>\n<tr>\n<td>Largueur de rabotage<\/td>\n<td>260 mm<\/td>\n<\/tr>\n<tr>\n<td>Vitesse d&rsquo;entrainment<\/td>\n<td>6,5 meters \/ minutes<\/td>\n<\/tr>\n<tr>\n<td>Max largeur \u00e0 raboter<\/td>\n<td>260 mm<\/td>\n<\/tr>\n<tr>\n<td>Hauteur max de travail<\/td>\n<td>120 mm<\/td>\n<\/tr>\n<tr>\n<td>Typologie tables<\/td>\n<td>En fonte rabattables<\/td>\n<\/tr>\n<\/tbody>\n<\/table>\n<\/div>\n<\/div>\n","protected":false},"excerpt":{"rendered":"<p>Combin\u00e9e pour le travail du\u00a0bois \u00e0 7 operations Vagon en aluminium positionn\u00e9 ras de lame de\u00a01600 mm, d\u00e9gauchisseuse raboteuse de 260 mm, toupie vertical, scie circulaire avec diam\u00e8tre de 250 mm<\/p>\n","protected":false},"featured_media":1724,"comment_status":"open","ping_status":"closed","template":"","meta":[],"product_brand":[],"product_cat":[55],"product_tag":[89],"class_list":{"0":"post-551","1":"product","2":"type-product","3":"status-publish","4":"has-post-thumbnail","6":"product_cat-combines-a-bois","7":"product_tag-combine-a-bois","8":"product_shipping_class-classe-10","10":"first","11":"instock","12":"shipping-taxable","13":"purchasable","14":"product-type-simple"},"yoast_head":"<!-- This site is optimized with the Yoast SEO plugin v27.1 - https:\/\/yoast.com\/product\/yoast-seo-wordpress\/ -->\n<title>Combin\u00e9 \u00e0 Bois Discovery Wagon - Tecnosuisse<\/title>\n<meta name=\"robots\" content=\"index, follow, max-snippet:-1, max-image-preview:large, max-video-preview:-1\" \/>\n<link rel=\"canonical\" href=\"https:\/\/www.tecnosuissesa.com\/fr\/produit\/combine-a-bois-discovery-wagon\/\" \/>\n<meta property=\"og:locale\" content=\"fr_FR\" \/>\n<meta property=\"og:type\" content=\"article\" \/>\n<meta property=\"og:title\" content=\"Combin\u00e9 \u00e0 Bois Discovery Wagon - Tecnosuisse\" \/>\n<meta property=\"og:description\" content=\"Combin\u00e9e pour le travail du\u00a0bois \u00e0 7 operations Vagon en aluminium positionn\u00e9 ras de lame de\u00a01600 mm, d\u00e9gauchisseuse raboteuse de 260 mm, toupie vertical, scie circulaire avec diam\u00e8tre de 250 mm\" \/>\n<meta property=\"og:url\" content=\"https:\/\/www.tecnosuissesa.com\/fr\/produit\/combine-a-bois-discovery-wagon\/\" \/>\n<meta property=\"og:site_name\" content=\"Tecnosuisse\" \/>\n<meta property=\"article:publisher\" content=\"https:\/\/www.facebook.com\/tecnosuisse\/\" \/>\n<meta property=\"og:image\" content=\"https:\/\/www.tecnosuissesa.com\/wp-content\/uploads\/2017\/09\/COMBINATA-DISCOVERY-WAGON-4.jpg\" \/>\n\t<meta property=\"og:image:width\" content=\"1024\" \/>\n\t<meta property=\"og:image:height\" content=\"768\" \/>\n\t<meta property=\"og:image:type\" content=\"image\/jpeg\" \/>\n<meta name=\"twitter:card\" content=\"summary_large_image\" \/>\n<meta name=\"twitter:label1\" content=\"Dur\u00e9e de lecture estim\u00e9e\" \/>\n\t<meta name=\"twitter:data1\" content=\"1 minute\" \/>\n<script type=\"application\/ld+json\" class=\"yoast-schema-graph\">{\"@context\":\"https:\/\/schema.org\",\"@graph\":[{\"@type\":\"WebPage\",\"@id\":\"https:\/\/www.tecnosuissesa.com\/fr\/produit\/combine-a-bois-discovery-wagon\/\",\"url\":\"https:\/\/www.tecnosuissesa.com\/fr\/produit\/combine-a-bois-discovery-wagon\/\",\"name\":\"Combin\u00e9 \u00e0 Bois Discovery Wagon - Tecnosuisse\",\"isPartOf\":{\"@id\":\"https:\/\/www.tecnosuissesa.com\/it\/#website\"},\"primaryImageOfPage\":{\"@id\":\"https:\/\/www.tecnosuissesa.com\/fr\/produit\/combine-a-bois-discovery-wagon\/#primaryimage\"},\"image\":{\"@id\":\"https:\/\/www.tecnosuissesa.com\/fr\/produit\/combine-a-bois-discovery-wagon\/#primaryimage\"},\"thumbnailUrl\":\"https:\/\/www.tecnosuissesa.com\/wp-content\/uploads\/2017\/09\/COMBINATA-DISCOVERY-WAGON-4.jpg\",\"datePublished\":\"2017-09-01T18:16:03+00:00\",\"breadcrumb\":{\"@id\":\"https:\/\/www.tecnosuissesa.com\/fr\/produit\/combine-a-bois-discovery-wagon\/#breadcrumb\"},\"inLanguage\":\"fr-FR\",\"potentialAction\":[{\"@type\":\"ReadAction\",\"target\":[\"https:\/\/www.tecnosuissesa.com\/fr\/produit\/combine-a-bois-discovery-wagon\/\"]}]},{\"@type\":\"ImageObject\",\"inLanguage\":\"fr-FR\",\"@id\":\"https:\/\/www.tecnosuissesa.com\/fr\/produit\/combine-a-bois-discovery-wagon\/#primaryimage\",\"url\":\"https:\/\/www.tecnosuissesa.com\/wp-content\/uploads\/2017\/09\/COMBINATA-DISCOVERY-WAGON-4.jpg\",\"contentUrl\":\"https:\/\/www.tecnosuissesa.com\/wp-content\/uploads\/2017\/09\/COMBINATA-DISCOVERY-WAGON-4.jpg\",\"width\":1024,\"height\":768},{\"@type\":\"BreadcrumbList\",\"@id\":\"https:\/\/www.tecnosuissesa.com\/fr\/produit\/combine-a-bois-discovery-wagon\/#breadcrumb\",\"itemListElement\":[{\"@type\":\"ListItem\",\"position\":1,\"name\":\"Home\",\"item\":\"https:\/\/www.tecnosuissesa.com\/fr\/\"},{\"@type\":\"ListItem\",\"position\":2,\"name\":\"Vendita di Macchine Utensili per Legno e per Metalli\",\"item\":\"https:\/\/www.tecnosuissesa.com\/it\/vendita-macchine-utensili\/\"},{\"@type\":\"ListItem\",\"position\":3,\"name\":\"Combin\u00e9 \u00e0 Bois Discovery Wagon\"}]},{\"@type\":\"WebSite\",\"@id\":\"https:\/\/www.tecnosuissesa.com\/it\/#website\",\"url\":\"https:\/\/www.tecnosuissesa.com\/it\/\",\"name\":\"Tecnosuisse\",\"description\":\"Macchine Utensili per Legno e Metalli\",\"publisher\":{\"@id\":\"https:\/\/www.tecnosuissesa.com\/it\/#organization\"},\"potentialAction\":[{\"@type\":\"SearchAction\",\"target\":{\"@type\":\"EntryPoint\",\"urlTemplate\":\"https:\/\/www.tecnosuissesa.com\/it\/?s={search_term_string}\"},\"query-input\":{\"@type\":\"PropertyValueSpecification\",\"valueRequired\":true,\"valueName\":\"search_term_string\"}}],\"inLanguage\":\"fr-FR\"},{\"@type\":\"Organization\",\"@id\":\"https:\/\/www.tecnosuissesa.com\/it\/#organization\",\"name\":\"Tecnosuisse\",\"url\":\"https:\/\/www.tecnosuissesa.com\/it\/\",\"logo\":{\"@type\":\"ImageObject\",\"inLanguage\":\"fr-FR\",\"@id\":\"https:\/\/www.tecnosuissesa.com\/it\/#\/schema\/logo\/image\/\",\"url\":\"https:\/\/www.tecnosuissesa.com\/wp-content\/uploads\/2017\/08\/Logo_TecnoSuisse_627x627.png\",\"contentUrl\":\"https:\/\/www.tecnosuissesa.com\/wp-content\/uploads\/2017\/08\/Logo_TecnoSuisse_627x627.png\",\"width\":627,\"height\":627,\"caption\":\"Tecnosuisse\"},\"image\":{\"@id\":\"https:\/\/www.tecnosuissesa.com\/it\/#\/schema\/logo\/image\/\"},\"sameAs\":[\"https:\/\/www.facebook.com\/tecnosuisse\/\",\"https:\/\/www.youtube.com\/channel\/UCSoxFNkw8ZiE4jP9OY8AdFg\"]}]}<\/script>\n<!-- \/ Yoast SEO plugin. -->","yoast_head_json":{"title":"Combin\u00e9 \u00e0 Bois Discovery Wagon - Tecnosuisse","robots":{"index":"index","follow":"follow","max-snippet":"max-snippet:-1","max-image-preview":"max-image-preview:large","max-video-preview":"max-video-preview:-1"},"canonical":"https:\/\/www.tecnosuissesa.com\/fr\/produit\/combine-a-bois-discovery-wagon\/","og_locale":"fr_FR","og_type":"article","og_title":"Combin\u00e9 \u00e0 Bois Discovery Wagon - Tecnosuisse","og_description":"Combin\u00e9e pour le travail du\u00a0bois \u00e0 7 operations Vagon en aluminium positionn\u00e9 ras de lame de\u00a01600 mm, d\u00e9gauchisseuse raboteuse de 260 mm, toupie vertical, scie circulaire avec diam\u00e8tre de 250 mm","og_url":"https:\/\/www.tecnosuissesa.com\/fr\/produit\/combine-a-bois-discovery-wagon\/","og_site_name":"Tecnosuisse","article_publisher":"https:\/\/www.facebook.com\/tecnosuisse\/","og_image":[{"width":1024,"height":768,"url":"https:\/\/www.tecnosuissesa.com\/wp-content\/uploads\/2017\/09\/COMBINATA-DISCOVERY-WAGON-4.jpg","type":"image\/jpeg"}],"twitter_card":"summary_large_image","twitter_misc":{"Dur\u00e9e de lecture estim\u00e9e":"1 minute"},"schema":{"@context":"https:\/\/schema.org","@graph":[{"@type":"WebPage","@id":"https:\/\/www.tecnosuissesa.com\/fr\/produit\/combine-a-bois-discovery-wagon\/","url":"https:\/\/www.tecnosuissesa.com\/fr\/produit\/combine-a-bois-discovery-wagon\/","name":"Combin\u00e9 \u00e0 Bois Discovery Wagon - Tecnosuisse","isPartOf":{"@id":"https:\/\/www.tecnosuissesa.com\/it\/#website"},"primaryImageOfPage":{"@id":"https:\/\/www.tecnosuissesa.com\/fr\/produit\/combine-a-bois-discovery-wagon\/#primaryimage"},"image":{"@id":"https:\/\/www.tecnosuissesa.com\/fr\/produit\/combine-a-bois-discovery-wagon\/#primaryimage"},"thumbnailUrl":"https:\/\/www.tecnosuissesa.com\/wp-content\/uploads\/2017\/09\/COMBINATA-DISCOVERY-WAGON-4.jpg","datePublished":"2017-09-01T18:16:03+00:00","breadcrumb":{"@id":"https:\/\/www.tecnosuissesa.com\/fr\/produit\/combine-a-bois-discovery-wagon\/#breadcrumb"},"inLanguage":"fr-FR","potentialAction":[{"@type":"ReadAction","target":["https:\/\/www.tecnosuissesa.com\/fr\/produit\/combine-a-bois-discovery-wagon\/"]}]},{"@type":"ImageObject","inLanguage":"fr-FR","@id":"https:\/\/www.tecnosuissesa.com\/fr\/produit\/combine-a-bois-discovery-wagon\/#primaryimage","url":"https:\/\/www.tecnosuissesa.com\/wp-content\/uploads\/2017\/09\/COMBINATA-DISCOVERY-WAGON-4.jpg","contentUrl":"https:\/\/www.tecnosuissesa.com\/wp-content\/uploads\/2017\/09\/COMBINATA-DISCOVERY-WAGON-4.jpg","width":1024,"height":768},{"@type":"BreadcrumbList","@id":"https:\/\/www.tecnosuissesa.com\/fr\/produit\/combine-a-bois-discovery-wagon\/#breadcrumb","itemListElement":[{"@type":"ListItem","position":1,"name":"Home","item":"https:\/\/www.tecnosuissesa.com\/fr\/"},{"@type":"ListItem","position":2,"name":"Vendita di Macchine Utensili per Legno e per Metalli","item":"https:\/\/www.tecnosuissesa.com\/it\/vendita-macchine-utensili\/"},{"@type":"ListItem","position":3,"name":"Combin\u00e9 \u00e0 Bois Discovery Wagon"}]},{"@type":"WebSite","@id":"https:\/\/www.tecnosuissesa.com\/it\/#website","url":"https:\/\/www.tecnosuissesa.com\/it\/","name":"Tecnosuisse","description":"Macchine Utensili per Legno e Metalli","publisher":{"@id":"https:\/\/www.tecnosuissesa.com\/it\/#organization"},"potentialAction":[{"@type":"SearchAction","target":{"@type":"EntryPoint","urlTemplate":"https:\/\/www.tecnosuissesa.com\/it\/?s={search_term_string}"},"query-input":{"@type":"PropertyValueSpecification","valueRequired":true,"valueName":"search_term_string"}}],"inLanguage":"fr-FR"},{"@type":"Organization","@id":"https:\/\/www.tecnosuissesa.com\/it\/#organization","name":"Tecnosuisse","url":"https:\/\/www.tecnosuissesa.com\/it\/","logo":{"@type":"ImageObject","inLanguage":"fr-FR","@id":"https:\/\/www.tecnosuissesa.com\/it\/#\/schema\/logo\/image\/","url":"https:\/\/www.tecnosuissesa.com\/wp-content\/uploads\/2017\/08\/Logo_TecnoSuisse_627x627.png","contentUrl":"https:\/\/www.tecnosuissesa.com\/wp-content\/uploads\/2017\/08\/Logo_TecnoSuisse_627x627.png","width":627,"height":627,"caption":"Tecnosuisse"},"image":{"@id":"https:\/\/www.tecnosuissesa.com\/it\/#\/schema\/logo\/image\/"},"sameAs":["https:\/\/www.facebook.com\/tecnosuisse\/","https:\/\/www.youtube.com\/channel\/UCSoxFNkw8ZiE4jP9OY8AdFg"]}]}},"_links":{"self":[{"href":"https:\/\/www.tecnosuissesa.com\/fr\/wp-json\/wp\/v2\/product\/551","targetHints":{"allow":["GET"]}}],"collection":[{"href":"https:\/\/www.tecnosuissesa.com\/fr\/wp-json\/wp\/v2\/product"}],"about":[{"href":"https:\/\/www.tecnosuissesa.com\/fr\/wp-json\/wp\/v2\/types\/product"}],"replies":[{"embeddable":true,"href":"https:\/\/www.tecnosuissesa.com\/fr\/wp-json\/wp\/v2\/comments?post=551"}],"wp:featuredmedia":[{"embeddable":true,"href":"https:\/\/www.tecnosuissesa.com\/fr\/wp-json\/wp\/v2\/media\/1724"}],"wp:attachment":[{"href":"https:\/\/www.tecnosuissesa.com\/fr\/wp-json\/wp\/v2\/media?parent=551"}],"wp:term":[{"taxonomy":"product_brand","embeddable":true,"href":"https:\/\/www.tecnosuissesa.com\/fr\/wp-json\/wp\/v2\/product_brand?post=551"},{"taxonomy":"product_cat","embeddable":true,"href":"https:\/\/www.tecnosuissesa.com\/fr\/wp-json\/wp\/v2\/product_cat?post=551"},{"taxonomy":"product_tag","embeddable":true,"href":"https:\/\/www.tecnosuissesa.com\/fr\/wp-json\/wp\/v2\/product_tag?post=551"}],"curies":[{"name":"wp","href":"https:\/\/api.w.org\/{rel}","templated":true}]}}