{"id":520,"date":"2017-08-30T17:43:17","date_gmt":"2017-08-30T15:43:17","guid":{"rendered":"https:\/\/www.tecnosuissesa.com\/prodotto\/combine-a-bois-cosmos-elite\/"},"modified":"2017-08-30T17:43:17","modified_gmt":"2017-08-30T15:43:17","slug":"combine-a-bois-cosmos-elite","status":"publish","type":"product","link":"https:\/\/www.tecnosuissesa.com\/fr\/product\/combine-a-bois-cosmos-elite\/","title":{"rendered":"Combin\u00e9 \u00e0 bois Cosmos Elite"},"content":{"rendered":"<p>Cette\u00a0petite combin\u00e9e\u00a0pour le travail du bois\u00a0est\u00a0caract\u00e9ris\u00e9 par un prix tr\u00e8s abordable, elle est id\u00e9al pour ceux qui s&rsquo;approchent pour la premi\u00e8re fois d\u2019une machine \u00e0 bois parce qu&rsquo;elle est simple \u00e0 utiliser. Bien que c\u2019est une petite machine mais elle effectue jusqu&rsquo;\u00e0 6 diff\u00e9rentes op\u00e9rations. Elle est a base d\u2019aluminium et compatible avec les normes CE. Elle comprend une raboteuse \/ \u00e9paisseur de 154 mm de largeur, une scie circulaire avec un diam\u00e8tre de 200 mm, une toupie verticale et mortaiseuse capable de monter un outil de coupe jusqu&rsquo;\u00e0 un diam. maximal de 13 mm. La machine est facilement transportable \u00e0 la main vu son poids de\u00a047 kg.<\/p>\n<div id=\"article\">\n<div id=\"tavola-tecnica\">\n<table border=\"1\" width=\"100%\" cellspacing=\"0\" cellpadding=\"0\">\n<tbody>\n<tr>\n<td colspan=\"2\" valign=\"top\">\n<div align=\"center\"><strong>DONN\u00c9ES TECHNIQUES<\/strong><\/div>\n<\/td>\n<\/tr>\n<tr>\n<td colspan=\"2\"><strong>DIMENSIONS<\/strong><\/td>\n<\/tr>\n<tr>\n<td>Encombrement machine avec chariot et mortaiseuse<\/td>\n<td>620 mm (haut) x 850 mm (longueur) x 800 mm (largeur)<\/td>\n<\/tr>\n<tr>\n<td>Poids net<\/td>\n<td>46,5 kg<\/td>\n<\/tr>\n<tr>\n<td colspan=\"2\"><strong>SCIE CIRCULAIRE<\/strong><\/td>\n<\/tr>\n<tr>\n<td>Diam\u00e8tre lame<\/td>\n<td>200 mm<\/td>\n<\/tr>\n<tr>\n<td>Hauteur du coupe 90\u00b0<\/td>\n<td>65 mm<\/td>\n<\/tr>\n<tr>\n<td>Vitesse de rotation<\/td>\n<td>4200 tours\/min<\/td>\n<\/tr>\n<tr>\n<td>Dimension de la coupe plane<\/td>\n<td>620 x 300 mm<\/td>\n<\/tr>\n<tr>\n<td colspan=\"2\"><strong>CHARIOT \u00c0 \u00c9QUARRIR<\/strong><\/td>\n<\/tr>\n<tr>\n<td>Longueur de transport<\/td>\n<td>500 mm<\/td>\n<\/tr>\n<tr>\n<td>Dimensions chariot<\/td>\n<td>120 x 740 mm<\/td>\n<\/tr>\n<tr>\n<td><strong>TOUPIE<\/strong><\/td>\n<td><\/td>\n<\/tr>\n<tr>\n<td>Diam\u00e8tre maximum fraise<\/td>\n<td>20 mm<\/td>\n<\/tr>\n<tr>\n<td>Max course verticale de l&rsquo;arbre<\/td>\n<td>45 mm<\/td>\n<\/tr>\n<tr>\n<td>Vitesse de rotation<\/td>\n<td>9000 rpm<\/td>\n<\/tr>\n<tr>\n<td colspan=\"2\"><strong>D\u00c9GAUCHISSEUSE<\/strong><\/td>\n<\/tr>\n<tr>\n<td>Max Largeur de degauchisseuse<\/td>\n<td>154 mm<\/td>\n<\/tr>\n<tr>\n<td>Taux d&rsquo;avance<\/td>\n<td>7 m\u00e8tres \/ min<\/td>\n<\/tr>\n<tr>\n<td>Max profondeur de coupe avec un seul passage<\/td>\n<td>2,5 mm<\/td>\n<\/tr>\n<tr>\n<td colspan=\"2\"><strong>RABOTEUSE<\/strong><\/td>\n<\/tr>\n<tr>\n<td>Max Largeur de raboteuse<\/td>\n<td>154 mm<\/td>\n<\/tr>\n<tr>\n<td>Max Hauteur de rabotage<\/td>\n<td>94 mm<\/td>\n<\/tr>\n<tr>\n<td>Longueur des plans<\/td>\n<td>540 mm<\/td>\n<\/tr>\n<tr>\n<td>Nombre de couteaux<\/td>\n<td>N\u00b0 2<\/td>\n<\/tr>\n<tr>\n<td>Max profondeur de coupe avec un seul passage<\/td>\n<td>2 mm<\/td>\n<\/tr>\n<tr>\n<td>Vitesse de coupe<\/td>\n<td>6000 rpm<\/td>\n<\/tr>\n<tr>\n<td colspan=\"2\"><strong>MORTAISEUSE<\/strong><\/td>\n<\/tr>\n<tr>\n<td>Max diam\u00e8tre du couteau montage<\/td>\n<td>13 mm<\/td>\n<\/tr>\n<tr>\n<td>Hauteur maximale de coupe<\/td>\n<td>60 mm<\/td>\n<\/tr>\n<tr>\n<td>Max d\u00e9placement transversal (de gauche \u00e0 droite)<\/td>\n<td>100 mm<\/td>\n<\/tr>\n<tr>\n<td>Tables de travail<\/td>\n<td>260 x 125 mm<\/td>\n<\/tr>\n<tr>\n<td colspan=\"2\"><strong>MOTEUR<\/strong><\/td>\n<\/tr>\n<tr>\n<td>Puissance<\/td>\n<td>1000 W<\/td>\n<\/tr>\n<tr>\n<td>Tension<\/td>\n<td>220 V (monofase)<\/td>\n<\/tr>\n<\/tbody>\n<\/table>\n<\/div>\n<\/div>\n","protected":false},"excerpt":{"rendered":"<p>Petite combin\u00e9e pour le travail du bois \u00e0 6 operations Moteur monophas\u00e9 de 1000 W, lame circulaire 200 mm, 154 mm raboteuse et moisir capable de monter une t\u00eate de coupe de 50 mm<\/p>\n","protected":false},"featured_media":518,"comment_status":"open","ping_status":"closed","template":"","meta":[],"product_brand":[],"product_cat":[55],"product_tag":[],"class_list":{"0":"post-520","1":"product","2":"type-product","3":"status-publish","4":"has-post-thumbnail","6":"product_cat-combines-a-bois","7":"product_shipping_class-classe-5","9":"first","10":"instock","11":"shipping-taxable","12":"purchasable","13":"product-type-simple"},"yoast_head":"<!-- This site is optimized with the Yoast SEO plugin v27.1 - https:\/\/yoast.com\/product\/yoast-seo-wordpress\/ -->\n<title>Combin\u00e9 \u00e0 bois Cosmos Elite - Tecnosuisse<\/title>\n<meta name=\"robots\" content=\"index, follow, max-snippet:-1, max-image-preview:large, max-video-preview:-1\" \/>\n<link rel=\"canonical\" href=\"https:\/\/www.tecnosuissesa.com\/fr\/produit\/combine-a-bois-cosmos-elite\/\" \/>\n<meta property=\"og:locale\" content=\"fr_FR\" \/>\n<meta property=\"og:type\" content=\"article\" \/>\n<meta property=\"og:title\" content=\"Combin\u00e9 \u00e0 bois Cosmos Elite - Tecnosuisse\" \/>\n<meta property=\"og:description\" content=\"Petite combin\u00e9e pour le travail du bois \u00e0 6 operations Moteur monophas\u00e9 de 1000 W, lame circulaire 200 mm, 154 mm raboteuse et moisir capable de monter une t\u00eate de coupe de 50 mm\" \/>\n<meta property=\"og:url\" content=\"https:\/\/www.tecnosuissesa.com\/fr\/produit\/combine-a-bois-cosmos-elite\/\" \/>\n<meta property=\"og:site_name\" content=\"Tecnosuisse\" \/>\n<meta property=\"article:publisher\" content=\"https:\/\/www.facebook.com\/tecnosuisse\/\" \/>\n<meta property=\"og:image\" content=\"https:\/\/www.tecnosuissesa.com\/wp-content\/uploads\/2017\/08\/Combinata-Cosmos-Elite.jpg\" \/>\n\t<meta property=\"og:image:width\" content=\"1024\" \/>\n\t<meta property=\"og:image:height\" content=\"768\" \/>\n\t<meta property=\"og:image:type\" content=\"image\/jpeg\" \/>\n<meta name=\"twitter:card\" content=\"summary_large_image\" \/>\n<meta name=\"twitter:label1\" content=\"Dur\u00e9e de lecture estim\u00e9e\" \/>\n\t<meta name=\"twitter:data1\" content=\"1 minute\" \/>\n<script type=\"application\/ld+json\" class=\"yoast-schema-graph\">{\"@context\":\"https:\/\/schema.org\",\"@graph\":[{\"@type\":\"WebPage\",\"@id\":\"https:\/\/www.tecnosuissesa.com\/fr\/produit\/combine-a-bois-cosmos-elite\/\",\"url\":\"https:\/\/www.tecnosuissesa.com\/fr\/produit\/combine-a-bois-cosmos-elite\/\",\"name\":\"Combin\u00e9 \u00e0 bois Cosmos Elite - Tecnosuisse\",\"isPartOf\":{\"@id\":\"https:\/\/www.tecnosuissesa.com\/it\/#website\"},\"primaryImageOfPage\":{\"@id\":\"https:\/\/www.tecnosuissesa.com\/fr\/produit\/combine-a-bois-cosmos-elite\/#primaryimage\"},\"image\":{\"@id\":\"https:\/\/www.tecnosuissesa.com\/fr\/produit\/combine-a-bois-cosmos-elite\/#primaryimage\"},\"thumbnailUrl\":\"https:\/\/www.tecnosuissesa.com\/wp-content\/uploads\/2017\/08\/Combinata-Cosmos-Elite.jpg\",\"datePublished\":\"2017-08-30T15:43:17+00:00\",\"breadcrumb\":{\"@id\":\"https:\/\/www.tecnosuissesa.com\/fr\/produit\/combine-a-bois-cosmos-elite\/#breadcrumb\"},\"inLanguage\":\"fr-FR\",\"potentialAction\":[{\"@type\":\"ReadAction\",\"target\":[\"https:\/\/www.tecnosuissesa.com\/fr\/produit\/combine-a-bois-cosmos-elite\/\"]}]},{\"@type\":\"ImageObject\",\"inLanguage\":\"fr-FR\",\"@id\":\"https:\/\/www.tecnosuissesa.com\/fr\/produit\/combine-a-bois-cosmos-elite\/#primaryimage\",\"url\":\"https:\/\/www.tecnosuissesa.com\/wp-content\/uploads\/2017\/08\/Combinata-Cosmos-Elite.jpg\",\"contentUrl\":\"https:\/\/www.tecnosuissesa.com\/wp-content\/uploads\/2017\/08\/Combinata-Cosmos-Elite.jpg\",\"width\":1024,\"height\":768},{\"@type\":\"BreadcrumbList\",\"@id\":\"https:\/\/www.tecnosuissesa.com\/fr\/produit\/combine-a-bois-cosmos-elite\/#breadcrumb\",\"itemListElement\":[{\"@type\":\"ListItem\",\"position\":1,\"name\":\"Home\",\"item\":\"https:\/\/www.tecnosuissesa.com\/fr\/\"},{\"@type\":\"ListItem\",\"position\":2,\"name\":\"Vendita di Macchine Utensili per Legno e per Metalli\",\"item\":\"https:\/\/www.tecnosuissesa.com\/it\/vendita-macchine-utensili\/\"},{\"@type\":\"ListItem\",\"position\":3,\"name\":\"Combin\u00e9 \u00e0 bois Cosmos Elite\"}]},{\"@type\":\"WebSite\",\"@id\":\"https:\/\/www.tecnosuissesa.com\/it\/#website\",\"url\":\"https:\/\/www.tecnosuissesa.com\/it\/\",\"name\":\"Tecnosuisse\",\"description\":\"Macchine Utensili per Legno e Metalli\",\"publisher\":{\"@id\":\"https:\/\/www.tecnosuissesa.com\/it\/#organization\"},\"potentialAction\":[{\"@type\":\"SearchAction\",\"target\":{\"@type\":\"EntryPoint\",\"urlTemplate\":\"https:\/\/www.tecnosuissesa.com\/it\/?s={search_term_string}\"},\"query-input\":{\"@type\":\"PropertyValueSpecification\",\"valueRequired\":true,\"valueName\":\"search_term_string\"}}],\"inLanguage\":\"fr-FR\"},{\"@type\":\"Organization\",\"@id\":\"https:\/\/www.tecnosuissesa.com\/it\/#organization\",\"name\":\"Tecnosuisse\",\"url\":\"https:\/\/www.tecnosuissesa.com\/it\/\",\"logo\":{\"@type\":\"ImageObject\",\"inLanguage\":\"fr-FR\",\"@id\":\"https:\/\/www.tecnosuissesa.com\/it\/#\/schema\/logo\/image\/\",\"url\":\"https:\/\/www.tecnosuissesa.com\/wp-content\/uploads\/2017\/08\/Logo_TecnoSuisse_627x627.png\",\"contentUrl\":\"https:\/\/www.tecnosuissesa.com\/wp-content\/uploads\/2017\/08\/Logo_TecnoSuisse_627x627.png\",\"width\":627,\"height\":627,\"caption\":\"Tecnosuisse\"},\"image\":{\"@id\":\"https:\/\/www.tecnosuissesa.com\/it\/#\/schema\/logo\/image\/\"},\"sameAs\":[\"https:\/\/www.facebook.com\/tecnosuisse\/\",\"https:\/\/www.youtube.com\/channel\/UCSoxFNkw8ZiE4jP9OY8AdFg\"]}]}<\/script>\n<!-- \/ Yoast SEO plugin. -->","yoast_head_json":{"title":"Combin\u00e9 \u00e0 bois Cosmos Elite - Tecnosuisse","robots":{"index":"index","follow":"follow","max-snippet":"max-snippet:-1","max-image-preview":"max-image-preview:large","max-video-preview":"max-video-preview:-1"},"canonical":"https:\/\/www.tecnosuissesa.com\/fr\/produit\/combine-a-bois-cosmos-elite\/","og_locale":"fr_FR","og_type":"article","og_title":"Combin\u00e9 \u00e0 bois Cosmos Elite - Tecnosuisse","og_description":"Petite combin\u00e9e pour le travail du bois \u00e0 6 operations Moteur monophas\u00e9 de 1000 W, lame circulaire 200 mm, 154 mm raboteuse et moisir capable de monter une t\u00eate de coupe de 50 mm","og_url":"https:\/\/www.tecnosuissesa.com\/fr\/produit\/combine-a-bois-cosmos-elite\/","og_site_name":"Tecnosuisse","article_publisher":"https:\/\/www.facebook.com\/tecnosuisse\/","og_image":[{"width":1024,"height":768,"url":"https:\/\/www.tecnosuissesa.com\/wp-content\/uploads\/2017\/08\/Combinata-Cosmos-Elite.jpg","type":"image\/jpeg"}],"twitter_card":"summary_large_image","twitter_misc":{"Dur\u00e9e de lecture estim\u00e9e":"1 minute"},"schema":{"@context":"https:\/\/schema.org","@graph":[{"@type":"WebPage","@id":"https:\/\/www.tecnosuissesa.com\/fr\/produit\/combine-a-bois-cosmos-elite\/","url":"https:\/\/www.tecnosuissesa.com\/fr\/produit\/combine-a-bois-cosmos-elite\/","name":"Combin\u00e9 \u00e0 bois Cosmos Elite - Tecnosuisse","isPartOf":{"@id":"https:\/\/www.tecnosuissesa.com\/it\/#website"},"primaryImageOfPage":{"@id":"https:\/\/www.tecnosuissesa.com\/fr\/produit\/combine-a-bois-cosmos-elite\/#primaryimage"},"image":{"@id":"https:\/\/www.tecnosuissesa.com\/fr\/produit\/combine-a-bois-cosmos-elite\/#primaryimage"},"thumbnailUrl":"https:\/\/www.tecnosuissesa.com\/wp-content\/uploads\/2017\/08\/Combinata-Cosmos-Elite.jpg","datePublished":"2017-08-30T15:43:17+00:00","breadcrumb":{"@id":"https:\/\/www.tecnosuissesa.com\/fr\/produit\/combine-a-bois-cosmos-elite\/#breadcrumb"},"inLanguage":"fr-FR","potentialAction":[{"@type":"ReadAction","target":["https:\/\/www.tecnosuissesa.com\/fr\/produit\/combine-a-bois-cosmos-elite\/"]}]},{"@type":"ImageObject","inLanguage":"fr-FR","@id":"https:\/\/www.tecnosuissesa.com\/fr\/produit\/combine-a-bois-cosmos-elite\/#primaryimage","url":"https:\/\/www.tecnosuissesa.com\/wp-content\/uploads\/2017\/08\/Combinata-Cosmos-Elite.jpg","contentUrl":"https:\/\/www.tecnosuissesa.com\/wp-content\/uploads\/2017\/08\/Combinata-Cosmos-Elite.jpg","width":1024,"height":768},{"@type":"BreadcrumbList","@id":"https:\/\/www.tecnosuissesa.com\/fr\/produit\/combine-a-bois-cosmos-elite\/#breadcrumb","itemListElement":[{"@type":"ListItem","position":1,"name":"Home","item":"https:\/\/www.tecnosuissesa.com\/fr\/"},{"@type":"ListItem","position":2,"name":"Vendita di Macchine Utensili per Legno e per Metalli","item":"https:\/\/www.tecnosuissesa.com\/it\/vendita-macchine-utensili\/"},{"@type":"ListItem","position":3,"name":"Combin\u00e9 \u00e0 bois Cosmos Elite"}]},{"@type":"WebSite","@id":"https:\/\/www.tecnosuissesa.com\/it\/#website","url":"https:\/\/www.tecnosuissesa.com\/it\/","name":"Tecnosuisse","description":"Macchine Utensili per Legno e Metalli","publisher":{"@id":"https:\/\/www.tecnosuissesa.com\/it\/#organization"},"potentialAction":[{"@type":"SearchAction","target":{"@type":"EntryPoint","urlTemplate":"https:\/\/www.tecnosuissesa.com\/it\/?s={search_term_string}"},"query-input":{"@type":"PropertyValueSpecification","valueRequired":true,"valueName":"search_term_string"}}],"inLanguage":"fr-FR"},{"@type":"Organization","@id":"https:\/\/www.tecnosuissesa.com\/it\/#organization","name":"Tecnosuisse","url":"https:\/\/www.tecnosuissesa.com\/it\/","logo":{"@type":"ImageObject","inLanguage":"fr-FR","@id":"https:\/\/www.tecnosuissesa.com\/it\/#\/schema\/logo\/image\/","url":"https:\/\/www.tecnosuissesa.com\/wp-content\/uploads\/2017\/08\/Logo_TecnoSuisse_627x627.png","contentUrl":"https:\/\/www.tecnosuissesa.com\/wp-content\/uploads\/2017\/08\/Logo_TecnoSuisse_627x627.png","width":627,"height":627,"caption":"Tecnosuisse"},"image":{"@id":"https:\/\/www.tecnosuissesa.com\/it\/#\/schema\/logo\/image\/"},"sameAs":["https:\/\/www.facebook.com\/tecnosuisse\/","https:\/\/www.youtube.com\/channel\/UCSoxFNkw8ZiE4jP9OY8AdFg"]}]}},"_links":{"self":[{"href":"https:\/\/www.tecnosuissesa.com\/fr\/wp-json\/wp\/v2\/product\/520","targetHints":{"allow":["GET"]}}],"collection":[{"href":"https:\/\/www.tecnosuissesa.com\/fr\/wp-json\/wp\/v2\/product"}],"about":[{"href":"https:\/\/www.tecnosuissesa.com\/fr\/wp-json\/wp\/v2\/types\/product"}],"replies":[{"embeddable":true,"href":"https:\/\/www.tecnosuissesa.com\/fr\/wp-json\/wp\/v2\/comments?post=520"}],"wp:featuredmedia":[{"embeddable":true,"href":"https:\/\/www.tecnosuissesa.com\/fr\/wp-json\/wp\/v2\/media\/518"}],"wp:attachment":[{"href":"https:\/\/www.tecnosuissesa.com\/fr\/wp-json\/wp\/v2\/media?parent=520"}],"wp:term":[{"taxonomy":"product_brand","embeddable":true,"href":"https:\/\/www.tecnosuissesa.com\/fr\/wp-json\/wp\/v2\/product_brand?post=520"},{"taxonomy":"product_cat","embeddable":true,"href":"https:\/\/www.tecnosuissesa.com\/fr\/wp-json\/wp\/v2\/product_cat?post=520"},{"taxonomy":"product_tag","embeddable":true,"href":"https:\/\/www.tecnosuissesa.com\/fr\/wp-json\/wp\/v2\/product_tag?post=520"}],"curies":[{"name":"wp","href":"https:\/\/api.w.org\/{rel}","templated":true}]}}