{"id":462,"date":"2017-08-07T23:47:40","date_gmt":"2017-08-07T21:47:40","guid":{"rendered":"https:\/\/www.tecnosuissesa.com\/prodotto\/scie-a-ruban-top-32\/"},"modified":"2017-08-07T23:47:40","modified_gmt":"2017-08-07T21:47:40","slug":"scie-a-ruban-top-32","status":"publish","type":"product","link":"https:\/\/www.tecnosuissesa.com\/fr\/product\/scie-a-ruban-top-32\/","title":{"rendered":"Scie \u00e0 ruban Top 32"},"content":{"rendered":"<p>Fiable, ne demande pas une manutention particuli\u00e8re, avec base d&rsquo;appui, 220 volt, m\u00eame si n&rsquo;est pas une grosse machine, elle peut ass\u00fbrer une bonne qualit\u00e9 de coupage et de travaux pr\u00e9cises.Il dispose de 2 vitesses.\u00a0Est vendu avec 12 mm de lame.<\/p>\n<table border=\"1\" width=\"100%\" cellspacing=\"0\" cellpadding=\"0\">\n<tbody>\n<tr>\n<td colspan=\"2\" valign=\"top\" height=\"20\">\n<div align=\"center\"><strong>DONN\u00c9ES TECNIQUES<\/strong><\/div>\n<\/td>\n<\/tr>\n<tr>\n<td colspan=\"2\" valign=\"top\" height=\"20\"><strong>DIMENSIONS<\/strong><\/td>\n<\/tr>\n<tr>\n<td valign=\"top\" width=\"415\" height=\"20\">Encombrement maximum<\/td>\n<td valign=\"top\" width=\"414\" height=\"20\">650 mm (longueur) x 600 mm (largeur) x 1600 mm (hauter)<\/td>\n<\/tr>\n<tr>\n<td colspan=\"2\" height=\"20\"><strong>SP\u00c9CIFICATIONS<\/strong><\/td>\n<\/tr>\n<tr>\n<td height=\"20\">Table d&rsquo;appui<\/td>\n<td height=\"20\">500 x 400 mm<\/td>\n<\/tr>\n<tr>\n<td height=\"20\">Diam\u00e8tre des volants<\/td>\n<td height=\"20\">320 mm<\/td>\n<\/tr>\n<tr>\n<td height=\"20\">Typologie table d&rsquo;appui<\/td>\n<td height=\"20\">En fonte inclinable<\/td>\n<\/tr>\n<tr>\n<td height=\"20\">Distance horizontale entre la lame et du support des volants<\/td>\n<td height=\"20\">300 mm<\/td>\n<\/tr>\n<tr>\n<td height=\"20\">Capacit\u00e9 de coupage en hauteur<\/td>\n<td height=\"20\">180 mm<\/td>\n<\/tr>\n<tr>\n<td height=\"20\">Longueur de lame<\/td>\n<td height=\"20\">2240 mm<\/td>\n<\/tr>\n<tr>\n<td height=\"20\">Largeur lame fourni<\/td>\n<td height=\"20\">12 mm<\/td>\n<\/tr>\n<tr>\n<td height=\"20\">Goniom\u00e8tre<\/td>\n<td height=\"20\">Inclus<\/td>\n<\/tr>\n<tr>\n<td height=\"20\">Aide millim\u00e9trique<\/td>\n<td height=\"20\">Inclus<\/td>\n<\/tr>\n<tr>\n<td colspan=\"2\" height=\"20\"><strong>MOTEUR<\/strong><\/td>\n<\/tr>\n<tr>\n<td height=\"20\">Puissance<\/td>\n<td height=\"20\">1100 KW<\/td>\n<\/tr>\n<tr>\n<td height=\"20\">Tipologia<\/td>\n<td height=\"20\">Monophas\u00e9 (220 V)<\/td>\n<\/tr>\n<tr>\n<td height=\"20\">Fr\u00e9quence<\/td>\n<td height=\"20\">50 Hz<\/td>\n<\/tr>\n<tr>\n<td height=\"20\">Sauve moteur<\/td>\n<td height=\"20\">Inclus<\/td>\n<\/tr>\n<\/tbody>\n<\/table>\n","protected":false},"excerpt":{"rendered":"<p>Scie \u00e0 ruban \u00e0 bois avec volants en aluminium de 320 mm Scie \u00e0 ruban avec volants en aluminium de 320 mm, capacit\u00e9 de coupe maximale en hauteur verticale de 180 mm et moteur monophas\u00e9 de 1100 W<\/p>\n","protected":false},"featured_media":266,"comment_status":"open","ping_status":"closed","template":"","meta":[],"product_brand":[],"product_cat":[66],"product_tag":[],"class_list":{"0":"post-462","1":"product","2":"type-product","3":"status-publish","4":"has-post-thumbnail","6":"product_cat-scies-a-ruban-a-bois","8":"first","9":"instock","10":"shipping-taxable","11":"purchasable","12":"product-type-simple"},"yoast_head":"<!-- This site is optimized with the Yoast SEO plugin v27.1 - https:\/\/yoast.com\/product\/yoast-seo-wordpress\/ -->\n<title>Scie \u00e0 ruban Top 32 - Tecnosuisse<\/title>\n<meta name=\"robots\" content=\"index, follow, max-snippet:-1, max-image-preview:large, max-video-preview:-1\" \/>\n<link rel=\"canonical\" href=\"https:\/\/www.tecnosuissesa.com\/fr\/produit\/scie-a-ruban-top-32\/\" \/>\n<meta property=\"og:locale\" content=\"fr_FR\" \/>\n<meta property=\"og:type\" content=\"article\" \/>\n<meta property=\"og:title\" content=\"Scie \u00e0 ruban Top 32 - Tecnosuisse\" \/>\n<meta property=\"og:description\" content=\"Scie \u00e0 ruban \u00e0 bois avec volants en aluminium de 320 mm Scie \u00e0 ruban avec volants en aluminium de 320 mm, capacit\u00e9 de coupe maximale en hauteur verticale de 180 mm et moteur monophas\u00e9 de 1100 W\" \/>\n<meta property=\"og:url\" content=\"https:\/\/www.tecnosuissesa.com\/fr\/produit\/scie-a-ruban-top-32\/\" \/>\n<meta property=\"og:site_name\" content=\"Tecnosuisse\" \/>\n<meta property=\"article:publisher\" content=\"https:\/\/www.facebook.com\/tecnosuisse\/\" \/>\n<meta property=\"og:image\" content=\"https:\/\/www.tecnosuissesa.com\/wp-content\/uploads\/2017\/08\/sega-a-nastro-top-32.jpg\" \/>\n\t<meta property=\"og:image:width\" content=\"800\" \/>\n\t<meta property=\"og:image:height\" content=\"800\" \/>\n\t<meta property=\"og:image:type\" content=\"image\/jpeg\" \/>\n<meta name=\"twitter:card\" content=\"summary_large_image\" \/>\n<meta name=\"twitter:label1\" content=\"Dur\u00e9e de lecture estim\u00e9e\" \/>\n\t<meta name=\"twitter:data1\" content=\"1 minute\" \/>\n<script type=\"application\/ld+json\" class=\"yoast-schema-graph\">{\"@context\":\"https:\/\/schema.org\",\"@graph\":[{\"@type\":\"WebPage\",\"@id\":\"https:\/\/www.tecnosuissesa.com\/fr\/produit\/scie-a-ruban-top-32\/\",\"url\":\"https:\/\/www.tecnosuissesa.com\/fr\/produit\/scie-a-ruban-top-32\/\",\"name\":\"Scie \u00e0 ruban Top 32 - Tecnosuisse\",\"isPartOf\":{\"@id\":\"https:\/\/www.tecnosuissesa.com\/it\/#website\"},\"primaryImageOfPage\":{\"@id\":\"https:\/\/www.tecnosuissesa.com\/fr\/produit\/scie-a-ruban-top-32\/#primaryimage\"},\"image\":{\"@id\":\"https:\/\/www.tecnosuissesa.com\/fr\/produit\/scie-a-ruban-top-32\/#primaryimage\"},\"thumbnailUrl\":\"https:\/\/www.tecnosuissesa.com\/wp-content\/uploads\/2017\/08\/sega-a-nastro-top-32.jpg\",\"datePublished\":\"2017-08-07T21:47:40+00:00\",\"breadcrumb\":{\"@id\":\"https:\/\/www.tecnosuissesa.com\/fr\/produit\/scie-a-ruban-top-32\/#breadcrumb\"},\"inLanguage\":\"fr-FR\",\"potentialAction\":[{\"@type\":\"ReadAction\",\"target\":[\"https:\/\/www.tecnosuissesa.com\/fr\/produit\/scie-a-ruban-top-32\/\"]}]},{\"@type\":\"ImageObject\",\"inLanguage\":\"fr-FR\",\"@id\":\"https:\/\/www.tecnosuissesa.com\/fr\/produit\/scie-a-ruban-top-32\/#primaryimage\",\"url\":\"https:\/\/www.tecnosuissesa.com\/wp-content\/uploads\/2017\/08\/sega-a-nastro-top-32.jpg\",\"contentUrl\":\"https:\/\/www.tecnosuissesa.com\/wp-content\/uploads\/2017\/08\/sega-a-nastro-top-32.jpg\",\"width\":800,\"height\":800},{\"@type\":\"BreadcrumbList\",\"@id\":\"https:\/\/www.tecnosuissesa.com\/fr\/produit\/scie-a-ruban-top-32\/#breadcrumb\",\"itemListElement\":[{\"@type\":\"ListItem\",\"position\":1,\"name\":\"Home\",\"item\":\"https:\/\/www.tecnosuissesa.com\/fr\/\"},{\"@type\":\"ListItem\",\"position\":2,\"name\":\"Vendita di Macchine Utensili per Legno e per Metalli\",\"item\":\"https:\/\/www.tecnosuissesa.com\/it\/vendita-macchine-utensili\/\"},{\"@type\":\"ListItem\",\"position\":3,\"name\":\"Scie \u00e0 ruban Top 32\"}]},{\"@type\":\"WebSite\",\"@id\":\"https:\/\/www.tecnosuissesa.com\/it\/#website\",\"url\":\"https:\/\/www.tecnosuissesa.com\/it\/\",\"name\":\"Tecnosuisse\",\"description\":\"Macchine Utensili per Legno e Metalli\",\"publisher\":{\"@id\":\"https:\/\/www.tecnosuissesa.com\/it\/#organization\"},\"potentialAction\":[{\"@type\":\"SearchAction\",\"target\":{\"@type\":\"EntryPoint\",\"urlTemplate\":\"https:\/\/www.tecnosuissesa.com\/it\/?s={search_term_string}\"},\"query-input\":{\"@type\":\"PropertyValueSpecification\",\"valueRequired\":true,\"valueName\":\"search_term_string\"}}],\"inLanguage\":\"fr-FR\"},{\"@type\":\"Organization\",\"@id\":\"https:\/\/www.tecnosuissesa.com\/it\/#organization\",\"name\":\"Tecnosuisse\",\"url\":\"https:\/\/www.tecnosuissesa.com\/it\/\",\"logo\":{\"@type\":\"ImageObject\",\"inLanguage\":\"fr-FR\",\"@id\":\"https:\/\/www.tecnosuissesa.com\/it\/#\/schema\/logo\/image\/\",\"url\":\"https:\/\/www.tecnosuissesa.com\/wp-content\/uploads\/2017\/08\/Logo_TecnoSuisse_627x627.png\",\"contentUrl\":\"https:\/\/www.tecnosuissesa.com\/wp-content\/uploads\/2017\/08\/Logo_TecnoSuisse_627x627.png\",\"width\":627,\"height\":627,\"caption\":\"Tecnosuisse\"},\"image\":{\"@id\":\"https:\/\/www.tecnosuissesa.com\/it\/#\/schema\/logo\/image\/\"},\"sameAs\":[\"https:\/\/www.facebook.com\/tecnosuisse\/\",\"https:\/\/www.youtube.com\/channel\/UCSoxFNkw8ZiE4jP9OY8AdFg\"]}]}<\/script>\n<!-- \/ Yoast SEO plugin. -->","yoast_head_json":{"title":"Scie \u00e0 ruban Top 32 - Tecnosuisse","robots":{"index":"index","follow":"follow","max-snippet":"max-snippet:-1","max-image-preview":"max-image-preview:large","max-video-preview":"max-video-preview:-1"},"canonical":"https:\/\/www.tecnosuissesa.com\/fr\/produit\/scie-a-ruban-top-32\/","og_locale":"fr_FR","og_type":"article","og_title":"Scie \u00e0 ruban Top 32 - Tecnosuisse","og_description":"Scie \u00e0 ruban \u00e0 bois avec volants en aluminium de 320 mm Scie \u00e0 ruban avec volants en aluminium de 320 mm, capacit\u00e9 de coupe maximale en hauteur verticale de 180 mm et moteur monophas\u00e9 de 1100 W","og_url":"https:\/\/www.tecnosuissesa.com\/fr\/produit\/scie-a-ruban-top-32\/","og_site_name":"Tecnosuisse","article_publisher":"https:\/\/www.facebook.com\/tecnosuisse\/","og_image":[{"width":800,"height":800,"url":"https:\/\/www.tecnosuissesa.com\/wp-content\/uploads\/2017\/08\/sega-a-nastro-top-32.jpg","type":"image\/jpeg"}],"twitter_card":"summary_large_image","twitter_misc":{"Dur\u00e9e de lecture estim\u00e9e":"1 minute"},"schema":{"@context":"https:\/\/schema.org","@graph":[{"@type":"WebPage","@id":"https:\/\/www.tecnosuissesa.com\/fr\/produit\/scie-a-ruban-top-32\/","url":"https:\/\/www.tecnosuissesa.com\/fr\/produit\/scie-a-ruban-top-32\/","name":"Scie \u00e0 ruban Top 32 - Tecnosuisse","isPartOf":{"@id":"https:\/\/www.tecnosuissesa.com\/it\/#website"},"primaryImageOfPage":{"@id":"https:\/\/www.tecnosuissesa.com\/fr\/produit\/scie-a-ruban-top-32\/#primaryimage"},"image":{"@id":"https:\/\/www.tecnosuissesa.com\/fr\/produit\/scie-a-ruban-top-32\/#primaryimage"},"thumbnailUrl":"https:\/\/www.tecnosuissesa.com\/wp-content\/uploads\/2017\/08\/sega-a-nastro-top-32.jpg","datePublished":"2017-08-07T21:47:40+00:00","breadcrumb":{"@id":"https:\/\/www.tecnosuissesa.com\/fr\/produit\/scie-a-ruban-top-32\/#breadcrumb"},"inLanguage":"fr-FR","potentialAction":[{"@type":"ReadAction","target":["https:\/\/www.tecnosuissesa.com\/fr\/produit\/scie-a-ruban-top-32\/"]}]},{"@type":"ImageObject","inLanguage":"fr-FR","@id":"https:\/\/www.tecnosuissesa.com\/fr\/produit\/scie-a-ruban-top-32\/#primaryimage","url":"https:\/\/www.tecnosuissesa.com\/wp-content\/uploads\/2017\/08\/sega-a-nastro-top-32.jpg","contentUrl":"https:\/\/www.tecnosuissesa.com\/wp-content\/uploads\/2017\/08\/sega-a-nastro-top-32.jpg","width":800,"height":800},{"@type":"BreadcrumbList","@id":"https:\/\/www.tecnosuissesa.com\/fr\/produit\/scie-a-ruban-top-32\/#breadcrumb","itemListElement":[{"@type":"ListItem","position":1,"name":"Home","item":"https:\/\/www.tecnosuissesa.com\/fr\/"},{"@type":"ListItem","position":2,"name":"Vendita di Macchine Utensili per Legno e per Metalli","item":"https:\/\/www.tecnosuissesa.com\/it\/vendita-macchine-utensili\/"},{"@type":"ListItem","position":3,"name":"Scie \u00e0 ruban Top 32"}]},{"@type":"WebSite","@id":"https:\/\/www.tecnosuissesa.com\/it\/#website","url":"https:\/\/www.tecnosuissesa.com\/it\/","name":"Tecnosuisse","description":"Macchine Utensili per Legno e Metalli","publisher":{"@id":"https:\/\/www.tecnosuissesa.com\/it\/#organization"},"potentialAction":[{"@type":"SearchAction","target":{"@type":"EntryPoint","urlTemplate":"https:\/\/www.tecnosuissesa.com\/it\/?s={search_term_string}"},"query-input":{"@type":"PropertyValueSpecification","valueRequired":true,"valueName":"search_term_string"}}],"inLanguage":"fr-FR"},{"@type":"Organization","@id":"https:\/\/www.tecnosuissesa.com\/it\/#organization","name":"Tecnosuisse","url":"https:\/\/www.tecnosuissesa.com\/it\/","logo":{"@type":"ImageObject","inLanguage":"fr-FR","@id":"https:\/\/www.tecnosuissesa.com\/it\/#\/schema\/logo\/image\/","url":"https:\/\/www.tecnosuissesa.com\/wp-content\/uploads\/2017\/08\/Logo_TecnoSuisse_627x627.png","contentUrl":"https:\/\/www.tecnosuissesa.com\/wp-content\/uploads\/2017\/08\/Logo_TecnoSuisse_627x627.png","width":627,"height":627,"caption":"Tecnosuisse"},"image":{"@id":"https:\/\/www.tecnosuissesa.com\/it\/#\/schema\/logo\/image\/"},"sameAs":["https:\/\/www.facebook.com\/tecnosuisse\/","https:\/\/www.youtube.com\/channel\/UCSoxFNkw8ZiE4jP9OY8AdFg"]}]}},"_links":{"self":[{"href":"https:\/\/www.tecnosuissesa.com\/fr\/wp-json\/wp\/v2\/product\/462","targetHints":{"allow":["GET"]}}],"collection":[{"href":"https:\/\/www.tecnosuissesa.com\/fr\/wp-json\/wp\/v2\/product"}],"about":[{"href":"https:\/\/www.tecnosuissesa.com\/fr\/wp-json\/wp\/v2\/types\/product"}],"replies":[{"embeddable":true,"href":"https:\/\/www.tecnosuissesa.com\/fr\/wp-json\/wp\/v2\/comments?post=462"}],"wp:featuredmedia":[{"embeddable":true,"href":"https:\/\/www.tecnosuissesa.com\/fr\/wp-json\/wp\/v2\/media\/266"}],"wp:attachment":[{"href":"https:\/\/www.tecnosuissesa.com\/fr\/wp-json\/wp\/v2\/media?parent=462"}],"wp:term":[{"taxonomy":"product_brand","embeddable":true,"href":"https:\/\/www.tecnosuissesa.com\/fr\/wp-json\/wp\/v2\/product_brand?post=462"},{"taxonomy":"product_cat","embeddable":true,"href":"https:\/\/www.tecnosuissesa.com\/fr\/wp-json\/wp\/v2\/product_cat?post=462"},{"taxonomy":"product_tag","embeddable":true,"href":"https:\/\/www.tecnosuissesa.com\/fr\/wp-json\/wp\/v2\/product_tag?post=462"}],"curies":[{"name":"wp","href":"https:\/\/api.w.org\/{rel}","templated":true}]}}