{"id":417,"date":"2017-08-25T17:38:22","date_gmt":"2017-08-25T15:38:22","guid":{"rendered":"https:\/\/www.tecnosuissesa.com\/prodotto\/combine-a-boi-minimax-c26-genius\/"},"modified":"2017-08-28T10:20:05","modified_gmt":"2017-08-28T08:20:05","slug":"combine-a-bois-minimax-c26-genius","status":"publish","type":"product","link":"https:\/\/www.tecnosuissesa.com\/fr\/product\/combine-a-bois-minimax-c26-genius\/","title":{"rendered":"Combin\u00e9 \u00e0 bois MiniMax C26 Genius"},"content":{"rendered":"<p>Combin\u00e9e universelle\u00a0pos\u00e9dant toute la qualit\u00e9\u00a0Minimax \u00e0 un prix tr\u00e8s accessible, id\u00e9ale pour les particuliers passionn\u00e9s et les ateliers artisanaux. Grande pr\u00e9cision et facilit\u00e9 d&rsquo;utilisation: le\u00a0soul\u00e8vement et l&rsquo;inclinaison du\u00a0groupe scie\u00a0s&rsquo;effectue par des\u00a0volants tr\u00e8s pratiques. Le chariot coulissant en aluminium anodis\u00e9 poss\u00e8de une course de 1200 mm et glisse au\u00a0raz de la lame pour une meilleure\u00a0pr\u00e9cision de coupe.\u00a0Flexibilit\u00e9 maximale avec le groupe toupie \u00e9quip\u00e9 de 2 vitesses, du guide toupie programmable micro m\u00e9triquement, et des guides toupie d\u00e9di\u00e9 aux usinages de tenonnage et de profilage.<\/p>\n<p>Afin de maintenir un encombrement r\u00e9duit et faciliter l&rsquo;usinage, le syst\u00e8me d&rsquo;ouverture de la table de d\u00e9gauchissage s&rsquo;effectue vers l&rsquo;int\u00e9rieur de la machine.<\/p>\n<table>\n<tbody>\n<tr>\n<td colspan=\"2\"><strong>DONN\u00c9S TECHNIQUES<\/strong><\/td>\n<\/tr>\n<tr>\n<td colspan=\"2\"><strong>DIMENSIONS<\/strong><\/td>\n<\/tr>\n<tr>\n<td>Table de travail Scie Circulaire\/Toupie<\/td>\n<td>224 x 1040 mm<\/td>\n<\/tr>\n<tr>\n<td>Table de travail Raboteuse<\/td>\n<td>260&#215;1300<\/td>\n<\/tr>\n<tr>\n<td>Poids<\/td>\n<td>200 Kg<\/td>\n<\/tr>\n<tr>\n<td colspan=\"2\"><strong>SCIE CIRCULAIRE<\/strong><\/td>\n<\/tr>\n<tr>\n<td>Diam\u00e8tre lame<\/td>\n<td>250 mm<\/td>\n<\/tr>\n<tr>\n<td>Inclinaison<\/td>\n<td>45\u00b0<\/td>\n<\/tr>\n<tr>\n<td>Hauteur du coupe 90\u00b0<\/td>\n<td>80 mm<\/td>\n<\/tr>\n<tr>\n<td colspan=\"2\"><strong>D\u00c9GAUCHISSEUSE\/RABOTEUSE<\/strong><\/td>\n<\/tr>\n<tr>\n<td>Couteaux<\/td>\n<td>Nr. 3<\/td>\n<\/tr>\n<tr>\n<td>Longueur arbre<\/td>\n<td>260 mm<\/td>\n<\/tr>\n<tr>\n<td>Largueur max \u00e0 raboter<\/td>\n<td>260 mm<\/td>\n<\/tr>\n<tr>\n<td>Hauteur max de travail \u00e0 raboter<\/td>\n<td>200 mm<\/td>\n<\/tr>\n<tr>\n<td>Mati\u00e8re plan de travaille<\/td>\n<td>Fonte<\/td>\n<\/tr>\n<tr>\n<td>Vitesse d&rsquo;entrainment<\/td>\n<td>6 m\u00e8tres par minute<\/td>\n<\/tr>\n<tr>\n<td colspan=\"2\"><strong>TOUPIE<\/strong><\/td>\n<\/tr>\n<tr>\n<td>Max hauteurverticale de l&rsquo;arbre<\/td>\n<td>75 mm<\/td>\n<\/tr>\n<tr>\n<td>Diametre arbre<\/td>\n<td>30 mm<\/td>\n<\/tr>\n<tr>\n<td>Diam\u00e8tre max fraise<\/td>\n<td>160 mm<\/td>\n<\/tr>\n<tr>\n<td>Vitesse de rotation<\/td>\n<td>4200 &#8211; 4300 Tours\/Minute<\/td>\n<\/tr>\n<tr>\n<td colspan=\"2\"><strong>MORTAISEUSE<\/strong><\/td>\n<\/tr>\n<tr>\n<td>Table de travaille<\/td>\n<td>310&#215;170 mm<\/td>\n<\/tr>\n<tr>\n<td colspan=\"2\"><strong>MOTEUR SCIE CIRCULAIRE<\/strong><\/td>\n<\/tr>\n<tr>\n<td>Puissance<\/td>\n<td>2 Hp<\/td>\n<\/tr>\n<tr>\n<td>Tension<\/td>\n<td>Monophas\u00e9 220 V (triphas\u00e9e sur demande)<\/td>\n<\/tr>\n<tr>\n<td><strong>MOTEUR D\u00c9GAUCHISSEUSE\/RABOTEUSE<\/strong><\/td>\n<td><\/td>\n<\/tr>\n<tr>\n<td>Puissance<\/td>\n<td>2 Hp<\/td>\n<\/tr>\n<tr>\n<td>Tension<\/td>\n<td>Monophas\u00e9 220 V (triphas\u00e9e sur demande)<\/td>\n<\/tr>\n<tr>\n<td colspan=\"2\"><strong>MOTEUR TOUPIE<\/strong><\/td>\n<\/tr>\n<tr>\n<td>Puissance<\/td>\n<td>2 Hp<\/td>\n<\/tr>\n<tr>\n<td>Tension<\/td>\n<td>Monophas\u00e9 220 V (triphas\u00e9e sur demande)<\/td>\n<\/tr>\n<\/tbody>\n<\/table>\n","protected":false},"excerpt":{"rendered":"<p>Combin\u00e9e pour le travail du bois MiniMax C26 Genius Combin\u00e9e universelle\u00a0poss\u00e9dant toute la qualit\u00e9\u00a0Minimax \u00e0 un prix tr\u00e8s accessible, id\u00e9ale pour les particuliers passionn\u00e9s et les ateliers artisanaux. Grande pr\u00e9cision et facilit\u00e9 d&rsquo;utilisation<\/p>\n","protected":false},"featured_media":395,"comment_status":"open","ping_status":"closed","template":"","meta":[],"product_brand":[],"product_cat":[55],"product_tag":[74],"class_list":{"0":"post-417","1":"product","2":"type-product","3":"status-publish","4":"has-post-thumbnail","6":"product_cat-combines-a-bois","7":"product_tag-combines-a-bois","9":"first","10":"instock","11":"shipping-taxable","12":"purchasable","13":"product-type-simple"},"yoast_head":"<!-- This site is optimized with the Yoast SEO plugin v27.1 - https:\/\/yoast.com\/product\/yoast-seo-wordpress\/ -->\n<title>Combin\u00e9 \u00e0 bois MiniMax C26 Genius - Tecnosuisse<\/title>\n<meta name=\"robots\" content=\"index, follow, max-snippet:-1, max-image-preview:large, max-video-preview:-1\" \/>\n<link rel=\"canonical\" href=\"https:\/\/www.tecnosuissesa.com\/fr\/produit\/combine-a-bois-minimax-c26-genius\/\" \/>\n<meta property=\"og:locale\" content=\"fr_FR\" \/>\n<meta property=\"og:type\" content=\"article\" \/>\n<meta property=\"og:title\" content=\"Combin\u00e9 \u00e0 bois MiniMax C26 Genius - Tecnosuisse\" \/>\n<meta property=\"og:description\" content=\"Combin\u00e9e pour le travail du bois MiniMax C26 Genius Combin\u00e9e universelle\u00a0poss\u00e9dant toute la qualit\u00e9\u00a0Minimax \u00e0 un prix tr\u00e8s accessible, id\u00e9ale pour les particuliers passionn\u00e9s et les ateliers artisanaux. Grande pr\u00e9cision et facilit\u00e9 d&#039;utilisation\" \/>\n<meta property=\"og:url\" content=\"https:\/\/www.tecnosuissesa.com\/fr\/produit\/combine-a-bois-minimax-c26-genius\/\" \/>\n<meta property=\"og:site_name\" content=\"Tecnosuisse\" \/>\n<meta property=\"article:publisher\" content=\"https:\/\/www.facebook.com\/tecnosuisse\/\" \/>\n<meta property=\"article:modified_time\" content=\"2017-08-28T08:20:05+00:00\" \/>\n<meta property=\"og:image\" content=\"https:\/\/www.tecnosuissesa.com\/wp-content\/uploads\/2017\/08\/combinata-per-legno-minimax-c26-genius-1.jpg\" \/>\n\t<meta property=\"og:image:width\" content=\"800\" \/>\n\t<meta property=\"og:image:height\" content=\"800\" \/>\n\t<meta property=\"og:image:type\" content=\"image\/jpeg\" \/>\n<meta name=\"twitter:card\" content=\"summary_large_image\" \/>\n<meta name=\"twitter:label1\" content=\"Dur\u00e9e de lecture estim\u00e9e\" \/>\n\t<meta name=\"twitter:data1\" content=\"1 minute\" \/>\n<script type=\"application\/ld+json\" class=\"yoast-schema-graph\">{\"@context\":\"https:\/\/schema.org\",\"@graph\":[{\"@type\":\"WebPage\",\"@id\":\"https:\/\/www.tecnosuissesa.com\/fr\/produit\/combine-a-bois-minimax-c26-genius\/\",\"url\":\"https:\/\/www.tecnosuissesa.com\/fr\/produit\/combine-a-bois-minimax-c26-genius\/\",\"name\":\"Combin\u00e9 \u00e0 bois MiniMax C26 Genius - Tecnosuisse\",\"isPartOf\":{\"@id\":\"https:\/\/www.tecnosuissesa.com\/it\/#website\"},\"primaryImageOfPage\":{\"@id\":\"https:\/\/www.tecnosuissesa.com\/fr\/produit\/combine-a-bois-minimax-c26-genius\/#primaryimage\"},\"image\":{\"@id\":\"https:\/\/www.tecnosuissesa.com\/fr\/produit\/combine-a-bois-minimax-c26-genius\/#primaryimage\"},\"thumbnailUrl\":\"https:\/\/www.tecnosuissesa.com\/wp-content\/uploads\/2017\/08\/combinata-per-legno-minimax-c26-genius-1.jpg\",\"datePublished\":\"2017-08-25T15:38:22+00:00\",\"dateModified\":\"2017-08-28T08:20:05+00:00\",\"breadcrumb\":{\"@id\":\"https:\/\/www.tecnosuissesa.com\/fr\/produit\/combine-a-bois-minimax-c26-genius\/#breadcrumb\"},\"inLanguage\":\"fr-FR\",\"potentialAction\":[{\"@type\":\"ReadAction\",\"target\":[\"https:\/\/www.tecnosuissesa.com\/fr\/produit\/combine-a-bois-minimax-c26-genius\/\"]}]},{\"@type\":\"ImageObject\",\"inLanguage\":\"fr-FR\",\"@id\":\"https:\/\/www.tecnosuissesa.com\/fr\/produit\/combine-a-bois-minimax-c26-genius\/#primaryimage\",\"url\":\"https:\/\/www.tecnosuissesa.com\/wp-content\/uploads\/2017\/08\/combinata-per-legno-minimax-c26-genius-1.jpg\",\"contentUrl\":\"https:\/\/www.tecnosuissesa.com\/wp-content\/uploads\/2017\/08\/combinata-per-legno-minimax-c26-genius-1.jpg\",\"width\":800,\"height\":800},{\"@type\":\"BreadcrumbList\",\"@id\":\"https:\/\/www.tecnosuissesa.com\/fr\/produit\/combine-a-bois-minimax-c26-genius\/#breadcrumb\",\"itemListElement\":[{\"@type\":\"ListItem\",\"position\":1,\"name\":\"Home\",\"item\":\"https:\/\/www.tecnosuissesa.com\/fr\/\"},{\"@type\":\"ListItem\",\"position\":2,\"name\":\"Vendita di Macchine Utensili per Legno e per Metalli\",\"item\":\"https:\/\/www.tecnosuissesa.com\/it\/vendita-macchine-utensili\/\"},{\"@type\":\"ListItem\",\"position\":3,\"name\":\"Combin\u00e9 \u00e0 bois MiniMax C26 Genius\"}]},{\"@type\":\"WebSite\",\"@id\":\"https:\/\/www.tecnosuissesa.com\/it\/#website\",\"url\":\"https:\/\/www.tecnosuissesa.com\/it\/\",\"name\":\"Tecnosuisse\",\"description\":\"Macchine Utensili per Legno e Metalli\",\"publisher\":{\"@id\":\"https:\/\/www.tecnosuissesa.com\/it\/#organization\"},\"potentialAction\":[{\"@type\":\"SearchAction\",\"target\":{\"@type\":\"EntryPoint\",\"urlTemplate\":\"https:\/\/www.tecnosuissesa.com\/it\/?s={search_term_string}\"},\"query-input\":{\"@type\":\"PropertyValueSpecification\",\"valueRequired\":true,\"valueName\":\"search_term_string\"}}],\"inLanguage\":\"fr-FR\"},{\"@type\":\"Organization\",\"@id\":\"https:\/\/www.tecnosuissesa.com\/it\/#organization\",\"name\":\"Tecnosuisse\",\"url\":\"https:\/\/www.tecnosuissesa.com\/it\/\",\"logo\":{\"@type\":\"ImageObject\",\"inLanguage\":\"fr-FR\",\"@id\":\"https:\/\/www.tecnosuissesa.com\/it\/#\/schema\/logo\/image\/\",\"url\":\"https:\/\/www.tecnosuissesa.com\/wp-content\/uploads\/2017\/08\/Logo_TecnoSuisse_627x627.png\",\"contentUrl\":\"https:\/\/www.tecnosuissesa.com\/wp-content\/uploads\/2017\/08\/Logo_TecnoSuisse_627x627.png\",\"width\":627,\"height\":627,\"caption\":\"Tecnosuisse\"},\"image\":{\"@id\":\"https:\/\/www.tecnosuissesa.com\/it\/#\/schema\/logo\/image\/\"},\"sameAs\":[\"https:\/\/www.facebook.com\/tecnosuisse\/\",\"https:\/\/www.youtube.com\/channel\/UCSoxFNkw8ZiE4jP9OY8AdFg\"]}]}<\/script>\n<!-- \/ Yoast SEO plugin. -->","yoast_head_json":{"title":"Combin\u00e9 \u00e0 bois MiniMax C26 Genius - Tecnosuisse","robots":{"index":"index","follow":"follow","max-snippet":"max-snippet:-1","max-image-preview":"max-image-preview:large","max-video-preview":"max-video-preview:-1"},"canonical":"https:\/\/www.tecnosuissesa.com\/fr\/produit\/combine-a-bois-minimax-c26-genius\/","og_locale":"fr_FR","og_type":"article","og_title":"Combin\u00e9 \u00e0 bois MiniMax C26 Genius - Tecnosuisse","og_description":"Combin\u00e9e pour le travail du bois MiniMax C26 Genius Combin\u00e9e universelle\u00a0poss\u00e9dant toute la qualit\u00e9\u00a0Minimax \u00e0 un prix tr\u00e8s accessible, id\u00e9ale pour les particuliers passionn\u00e9s et les ateliers artisanaux. Grande pr\u00e9cision et facilit\u00e9 d'utilisation","og_url":"https:\/\/www.tecnosuissesa.com\/fr\/produit\/combine-a-bois-minimax-c26-genius\/","og_site_name":"Tecnosuisse","article_publisher":"https:\/\/www.facebook.com\/tecnosuisse\/","article_modified_time":"2017-08-28T08:20:05+00:00","og_image":[{"width":800,"height":800,"url":"https:\/\/www.tecnosuissesa.com\/wp-content\/uploads\/2017\/08\/combinata-per-legno-minimax-c26-genius-1.jpg","type":"image\/jpeg"}],"twitter_card":"summary_large_image","twitter_misc":{"Dur\u00e9e de lecture estim\u00e9e":"1 minute"},"schema":{"@context":"https:\/\/schema.org","@graph":[{"@type":"WebPage","@id":"https:\/\/www.tecnosuissesa.com\/fr\/produit\/combine-a-bois-minimax-c26-genius\/","url":"https:\/\/www.tecnosuissesa.com\/fr\/produit\/combine-a-bois-minimax-c26-genius\/","name":"Combin\u00e9 \u00e0 bois MiniMax C26 Genius - Tecnosuisse","isPartOf":{"@id":"https:\/\/www.tecnosuissesa.com\/it\/#website"},"primaryImageOfPage":{"@id":"https:\/\/www.tecnosuissesa.com\/fr\/produit\/combine-a-bois-minimax-c26-genius\/#primaryimage"},"image":{"@id":"https:\/\/www.tecnosuissesa.com\/fr\/produit\/combine-a-bois-minimax-c26-genius\/#primaryimage"},"thumbnailUrl":"https:\/\/www.tecnosuissesa.com\/wp-content\/uploads\/2017\/08\/combinata-per-legno-minimax-c26-genius-1.jpg","datePublished":"2017-08-25T15:38:22+00:00","dateModified":"2017-08-28T08:20:05+00:00","breadcrumb":{"@id":"https:\/\/www.tecnosuissesa.com\/fr\/produit\/combine-a-bois-minimax-c26-genius\/#breadcrumb"},"inLanguage":"fr-FR","potentialAction":[{"@type":"ReadAction","target":["https:\/\/www.tecnosuissesa.com\/fr\/produit\/combine-a-bois-minimax-c26-genius\/"]}]},{"@type":"ImageObject","inLanguage":"fr-FR","@id":"https:\/\/www.tecnosuissesa.com\/fr\/produit\/combine-a-bois-minimax-c26-genius\/#primaryimage","url":"https:\/\/www.tecnosuissesa.com\/wp-content\/uploads\/2017\/08\/combinata-per-legno-minimax-c26-genius-1.jpg","contentUrl":"https:\/\/www.tecnosuissesa.com\/wp-content\/uploads\/2017\/08\/combinata-per-legno-minimax-c26-genius-1.jpg","width":800,"height":800},{"@type":"BreadcrumbList","@id":"https:\/\/www.tecnosuissesa.com\/fr\/produit\/combine-a-bois-minimax-c26-genius\/#breadcrumb","itemListElement":[{"@type":"ListItem","position":1,"name":"Home","item":"https:\/\/www.tecnosuissesa.com\/fr\/"},{"@type":"ListItem","position":2,"name":"Vendita di Macchine Utensili per Legno e per Metalli","item":"https:\/\/www.tecnosuissesa.com\/it\/vendita-macchine-utensili\/"},{"@type":"ListItem","position":3,"name":"Combin\u00e9 \u00e0 bois MiniMax C26 Genius"}]},{"@type":"WebSite","@id":"https:\/\/www.tecnosuissesa.com\/it\/#website","url":"https:\/\/www.tecnosuissesa.com\/it\/","name":"Tecnosuisse","description":"Macchine Utensili per Legno e Metalli","publisher":{"@id":"https:\/\/www.tecnosuissesa.com\/it\/#organization"},"potentialAction":[{"@type":"SearchAction","target":{"@type":"EntryPoint","urlTemplate":"https:\/\/www.tecnosuissesa.com\/it\/?s={search_term_string}"},"query-input":{"@type":"PropertyValueSpecification","valueRequired":true,"valueName":"search_term_string"}}],"inLanguage":"fr-FR"},{"@type":"Organization","@id":"https:\/\/www.tecnosuissesa.com\/it\/#organization","name":"Tecnosuisse","url":"https:\/\/www.tecnosuissesa.com\/it\/","logo":{"@type":"ImageObject","inLanguage":"fr-FR","@id":"https:\/\/www.tecnosuissesa.com\/it\/#\/schema\/logo\/image\/","url":"https:\/\/www.tecnosuissesa.com\/wp-content\/uploads\/2017\/08\/Logo_TecnoSuisse_627x627.png","contentUrl":"https:\/\/www.tecnosuissesa.com\/wp-content\/uploads\/2017\/08\/Logo_TecnoSuisse_627x627.png","width":627,"height":627,"caption":"Tecnosuisse"},"image":{"@id":"https:\/\/www.tecnosuissesa.com\/it\/#\/schema\/logo\/image\/"},"sameAs":["https:\/\/www.facebook.com\/tecnosuisse\/","https:\/\/www.youtube.com\/channel\/UCSoxFNkw8ZiE4jP9OY8AdFg"]}]}},"_links":{"self":[{"href":"https:\/\/www.tecnosuissesa.com\/fr\/wp-json\/wp\/v2\/product\/417","targetHints":{"allow":["GET"]}}],"collection":[{"href":"https:\/\/www.tecnosuissesa.com\/fr\/wp-json\/wp\/v2\/product"}],"about":[{"href":"https:\/\/www.tecnosuissesa.com\/fr\/wp-json\/wp\/v2\/types\/product"}],"replies":[{"embeddable":true,"href":"https:\/\/www.tecnosuissesa.com\/fr\/wp-json\/wp\/v2\/comments?post=417"}],"wp:featuredmedia":[{"embeddable":true,"href":"https:\/\/www.tecnosuissesa.com\/fr\/wp-json\/wp\/v2\/media\/395"}],"wp:attachment":[{"href":"https:\/\/www.tecnosuissesa.com\/fr\/wp-json\/wp\/v2\/media?parent=417"}],"wp:term":[{"taxonomy":"product_brand","embeddable":true,"href":"https:\/\/www.tecnosuissesa.com\/fr\/wp-json\/wp\/v2\/product_brand?post=417"},{"taxonomy":"product_cat","embeddable":true,"href":"https:\/\/www.tecnosuissesa.com\/fr\/wp-json\/wp\/v2\/product_cat?post=417"},{"taxonomy":"product_tag","embeddable":true,"href":"https:\/\/www.tecnosuissesa.com\/fr\/wp-json\/wp\/v2\/product_tag?post=417"}],"curies":[{"name":"wp","href":"https:\/\/api.w.org\/{rel}","templated":true}]}}