{"id":390,"date":"2017-08-22T12:19:08","date_gmt":"2017-08-22T10:19:08","guid":{"rendered":"https:\/\/www.tecnosuissesa.com\/prodotto\/fraiseuse-a-metaux-orion-4-5\/"},"modified":"2017-08-25T15:33:20","modified_gmt":"2017-08-25T13:33:20","slug":"fraiseuse-a-metaux-orion-4-5","status":"publish","type":"product","link":"https:\/\/www.tecnosuissesa.com\/fr\/product\/fraiseuse-a-metaux-orion-4-5\/","title":{"rendered":"Fraiseuse \u00e0 m\u00e9taux Orion 4.5"},"content":{"rendered":"<p align=\"justify\">C&rsquo;est une machine robuste et polyvalente qui vous donnera beaucoup de satisfactions. R\u00e9glages microm\u00e9triquess et l&rsquo;avancement de la pi\u00e8ce \u00e0 fraise est doux. La machine est fourni un puissant moteur de 1500 Watt et guides et queues d&rsquo;aronde qui permettent des mouvements extr\u00eamement pr\u00e9cis, m\u00eame avec de lourdes charges.<\/p>\n<table border=\"1\" width=\"100%\" cellspacing=\"0\" cellpadding=\"0\">\n<tbody>\n<tr>\n<td colspan=\"2\" align=\"center\" height=\"20\"><strong>DONN\u00c9ES TECNIQUES<\/strong><\/td>\n<\/tr>\n<tr>\n<td colspan=\"2\" valign=\"top\" height=\"20\"><strong>DIMENSIONS DE LA MACHINE<\/strong><\/td>\n<\/tr>\n<tr>\n<td valign=\"top\" width=\"415\" height=\"20\">Dimensions de la machine avec le stand<\/td>\n<td valign=\"top\" width=\"414\" height=\"20\">1160 mm (<span id=\"result_box2\" lang=\"fr\" xml:lang=\"fr\">longueur<\/span>) x 900 mm (<span id=\"result_box4\" lang=\"fr\" xml:lang=\"fr\">largeur<\/span>) x 2050 mm (<span id=\"result_box6\" lang=\"fr\" xml:lang=\"fr\">hauteur<\/span>)<\/td>\n<\/tr>\n<tr>\n<td valign=\"top\" height=\"20\"><span id=\"result_box\" lang=\"fr\" xml:lang=\"fr\">Dimensions de la machine sans support<\/span><\/td>\n<td valign=\"top\" height=\"20\">1160 mm (<span id=\"result_box3\" lang=\"fr\" xml:lang=\"fr\">longueur<\/span>) x 900 mm (<span id=\"result_box5\" lang=\"fr\" xml:lang=\"fr\">largeur<\/span>) x 1500 mm (<span id=\"result_box7\" lang=\"fr\" xml:lang=\"fr\">hauteur<\/span>)<\/td>\n<\/tr>\n<tr>\n<td valign=\"top\" height=\"20\">Poids de la machine<\/td>\n<td valign=\"top\" height=\"20\">330 Kg<\/td>\n<\/tr>\n<tr>\n<td colspan=\"2\" height=\"20\"><strong>SPECIFICATIONS DE LA MACHINE<\/strong><\/td>\n<\/tr>\n<tr>\n<td height=\"20\">Capacit\u00e9 maximum de forage<\/td>\n<td height=\"20\">45 mm<\/td>\n<\/tr>\n<tr>\n<td height=\"20\">Avant de coupe maximale<\/td>\n<td height=\"20\">80 mm<\/td>\n<\/tr>\n<tr>\n<td height=\"20\">La distance maximale entre la table et la table de travail<\/td>\n<td height=\"20\">450 mm<\/td>\n<\/tr>\n<tr>\n<td height=\"20\">Maximale de la broche course<\/td>\n<td height=\"20\">130 mm<\/td>\n<\/tr>\n<tr>\n<td height=\"20\">Broche<\/td>\n<td height=\"20\">CM4<\/td>\n<\/tr>\n<tr>\n<td height=\"20\">Taille de la table de travail<\/td>\n<td height=\"20\">800 x 240 mm<\/td>\n<\/tr>\n<tr>\n<td height=\"20\">Course longitudinal du plan de travail<\/td>\n<td height=\"20\">500 mm<\/td>\n<\/tr>\n<tr>\n<td height=\"20\">Course transversal du plan de travail<\/td>\n<td height=\"20\">175 mm<\/td>\n<\/tr>\n<tr>\n<td height=\"20\">T\u00eate de coupe basculante<\/td>\n<td height=\"20\">+-90 gradi<\/td>\n<\/tr>\n<tr>\n<td height=\"20\">Vitesse r\u00e9glable<\/td>\n<td height=\"20\">N\u00b012<\/td>\n<\/tr>\n<tr>\n<td height=\"20\">Vitesse de broche<\/td>\n<td height=\"20\">1250 a 50hz\u00a0 (Italie) e 1500 a 60hz (Estero)<\/td>\n<\/tr>\n<tr>\n<td colspan=\"2\" height=\"20\"><strong>MOTEUR FRAISAGE<\/strong><\/td>\n<\/tr>\n<tr>\n<td height=\"20\">Puissance<\/td>\n<td height=\"20\">1500 W<\/td>\n<\/tr>\n<tr>\n<td height=\"20\">Type<\/td>\n<td height=\"20\">220 V (Phase)<\/td>\n<\/tr>\n<tr>\n<td height=\"20\">Fr\u00e9quence<\/td>\n<td height=\"20\">50Hz<\/td>\n<\/tr>\n<tr>\n<td colspan=\"2\" height=\"20\"><strong>AVANCE PLANS<\/strong><\/td>\n<\/tr>\n<tr>\n<td height=\"20\">Avance Longitudinale<\/td>\n<td height=\"20\">Manuel dans les deux directions<\/td>\n<\/tr>\n<tr>\n<td height=\"20\">Avance Trasaversale (Piano Croix)<\/td>\n<td height=\"20\">Manuel dans les deux directions<\/td>\n<\/tr>\n<\/tbody>\n<\/table>\n<p><strong>POSSIBILITE DE MONTAGE DES ACCCESSOIRES:<\/strong><\/p>\n<table>\n<tbody>\n<tr>\n<td><strong>\u00a0<\/strong><\/td>\n<td><strong>Code<\/strong><\/td>\n<td><strong>Prix\/CHF<\/strong><\/td>\n<\/tr>\n<tr>\n<td>Addition DIGICOM<\/td>\n<td><strong>\u00a0<\/strong><\/td>\n<td><strong>CHF \u00a0 793.00<\/strong><\/td>\n<\/tr>\n<tr>\n<td>Addition POMPE DE REFROIDISSEMENT<\/td>\n<td>DMACTF220<\/td>\n<td><strong>CHF\u00a0\u00a0 173.00<\/strong><\/td>\n<\/tr>\n<\/tbody>\n<\/table>\n","protected":false},"excerpt":{"rendered":"<h2 align=\"justify\">Fraiseuse Automatique Semi-Professionnel pour le travail du metaux avec moteur de 1500 W<\/h2>\n","protected":false},"featured_media":308,"comment_status":"open","ping_status":"closed","template":"","meta":[],"product_brand":[],"product_cat":[76],"product_tag":[],"class_list":{"0":"post-390","1":"product","2":"type-product","3":"status-publish","4":"has-post-thumbnail","6":"product_cat-fraiseuse","8":"first","9":"instock","10":"shipping-taxable","11":"purchasable","12":"product-type-simple"},"yoast_head":"<!-- This site is optimized with the Yoast SEO plugin v27.1 - https:\/\/yoast.com\/product\/yoast-seo-wordpress\/ -->\n<title>Fraiseuse \u00e0 m\u00e9taux Orion 4.5 - Tecnosuisse<\/title>\n<meta name=\"robots\" content=\"index, follow, max-snippet:-1, max-image-preview:large, max-video-preview:-1\" \/>\n<link rel=\"canonical\" href=\"https:\/\/www.tecnosuissesa.com\/fr\/produit\/fraiseuse-a-metaux-orion-4-5\/\" \/>\n<meta property=\"og:locale\" content=\"fr_FR\" \/>\n<meta property=\"og:type\" content=\"article\" \/>\n<meta property=\"og:title\" content=\"Fraiseuse \u00e0 m\u00e9taux Orion 4.5 - Tecnosuisse\" \/>\n<meta property=\"og:description\" content=\"Fraiseuse Automatique Semi-Professionnel pour le travail du metaux avec moteur de 1500 W\" \/>\n<meta property=\"og:url\" content=\"https:\/\/www.tecnosuissesa.com\/fr\/produit\/fraiseuse-a-metaux-orion-4-5\/\" \/>\n<meta property=\"og:site_name\" content=\"Tecnosuisse\" \/>\n<meta property=\"article:publisher\" content=\"https:\/\/www.facebook.com\/tecnosuisse\/\" \/>\n<meta property=\"article:modified_time\" content=\"2017-08-25T13:33:20+00:00\" \/>\n<meta property=\"og:image\" content=\"https:\/\/www.tecnosuissesa.com\/wp-content\/uploads\/2017\/08\/Fresatrice_7045.jpg\" \/>\n\t<meta property=\"og:image:width\" content=\"800\" \/>\n\t<meta property=\"og:image:height\" content=\"600\" \/>\n\t<meta property=\"og:image:type\" content=\"image\/jpeg\" \/>\n<meta name=\"twitter:card\" content=\"summary_large_image\" \/>\n<meta name=\"twitter:label1\" content=\"Dur\u00e9e de lecture estim\u00e9e\" \/>\n\t<meta name=\"twitter:data1\" content=\"1 minute\" \/>\n<script type=\"application\/ld+json\" class=\"yoast-schema-graph\">{\"@context\":\"https:\/\/schema.org\",\"@graph\":[{\"@type\":\"WebPage\",\"@id\":\"https:\/\/www.tecnosuissesa.com\/fr\/produit\/fraiseuse-a-metaux-orion-4-5\/\",\"url\":\"https:\/\/www.tecnosuissesa.com\/fr\/produit\/fraiseuse-a-metaux-orion-4-5\/\",\"name\":\"Fraiseuse \u00e0 m\u00e9taux Orion 4.5 - Tecnosuisse\",\"isPartOf\":{\"@id\":\"https:\/\/www.tecnosuissesa.com\/it\/#website\"},\"primaryImageOfPage\":{\"@id\":\"https:\/\/www.tecnosuissesa.com\/fr\/produit\/fraiseuse-a-metaux-orion-4-5\/#primaryimage\"},\"image\":{\"@id\":\"https:\/\/www.tecnosuissesa.com\/fr\/produit\/fraiseuse-a-metaux-orion-4-5\/#primaryimage\"},\"thumbnailUrl\":\"https:\/\/www.tecnosuissesa.com\/wp-content\/uploads\/2017\/08\/Fresatrice_7045.jpg\",\"datePublished\":\"2017-08-22T10:19:08+00:00\",\"dateModified\":\"2017-08-25T13:33:20+00:00\",\"breadcrumb\":{\"@id\":\"https:\/\/www.tecnosuissesa.com\/fr\/produit\/fraiseuse-a-metaux-orion-4-5\/#breadcrumb\"},\"inLanguage\":\"fr-FR\",\"potentialAction\":[{\"@type\":\"ReadAction\",\"target\":[\"https:\/\/www.tecnosuissesa.com\/fr\/produit\/fraiseuse-a-metaux-orion-4-5\/\"]}]},{\"@type\":\"ImageObject\",\"inLanguage\":\"fr-FR\",\"@id\":\"https:\/\/www.tecnosuissesa.com\/fr\/produit\/fraiseuse-a-metaux-orion-4-5\/#primaryimage\",\"url\":\"https:\/\/www.tecnosuissesa.com\/wp-content\/uploads\/2017\/08\/Fresatrice_7045.jpg\",\"contentUrl\":\"https:\/\/www.tecnosuissesa.com\/wp-content\/uploads\/2017\/08\/Fresatrice_7045.jpg\",\"width\":800,\"height\":600},{\"@type\":\"BreadcrumbList\",\"@id\":\"https:\/\/www.tecnosuissesa.com\/fr\/produit\/fraiseuse-a-metaux-orion-4-5\/#breadcrumb\",\"itemListElement\":[{\"@type\":\"ListItem\",\"position\":1,\"name\":\"Home\",\"item\":\"https:\/\/www.tecnosuissesa.com\/fr\/\"},{\"@type\":\"ListItem\",\"position\":2,\"name\":\"Vendita di Macchine Utensili per Legno e per Metalli\",\"item\":\"https:\/\/www.tecnosuissesa.com\/it\/vendita-macchine-utensili\/\"},{\"@type\":\"ListItem\",\"position\":3,\"name\":\"Fraiseuse \u00e0 m\u00e9taux Orion 4.5\"}]},{\"@type\":\"WebSite\",\"@id\":\"https:\/\/www.tecnosuissesa.com\/it\/#website\",\"url\":\"https:\/\/www.tecnosuissesa.com\/it\/\",\"name\":\"Tecnosuisse\",\"description\":\"Macchine Utensili per Legno e Metalli\",\"publisher\":{\"@id\":\"https:\/\/www.tecnosuissesa.com\/it\/#organization\"},\"potentialAction\":[{\"@type\":\"SearchAction\",\"target\":{\"@type\":\"EntryPoint\",\"urlTemplate\":\"https:\/\/www.tecnosuissesa.com\/it\/?s={search_term_string}\"},\"query-input\":{\"@type\":\"PropertyValueSpecification\",\"valueRequired\":true,\"valueName\":\"search_term_string\"}}],\"inLanguage\":\"fr-FR\"},{\"@type\":\"Organization\",\"@id\":\"https:\/\/www.tecnosuissesa.com\/it\/#organization\",\"name\":\"Tecnosuisse\",\"url\":\"https:\/\/www.tecnosuissesa.com\/it\/\",\"logo\":{\"@type\":\"ImageObject\",\"inLanguage\":\"fr-FR\",\"@id\":\"https:\/\/www.tecnosuissesa.com\/it\/#\/schema\/logo\/image\/\",\"url\":\"https:\/\/www.tecnosuissesa.com\/wp-content\/uploads\/2017\/08\/Logo_TecnoSuisse_627x627.png\",\"contentUrl\":\"https:\/\/www.tecnosuissesa.com\/wp-content\/uploads\/2017\/08\/Logo_TecnoSuisse_627x627.png\",\"width\":627,\"height\":627,\"caption\":\"Tecnosuisse\"},\"image\":{\"@id\":\"https:\/\/www.tecnosuissesa.com\/it\/#\/schema\/logo\/image\/\"},\"sameAs\":[\"https:\/\/www.facebook.com\/tecnosuisse\/\",\"https:\/\/www.youtube.com\/channel\/UCSoxFNkw8ZiE4jP9OY8AdFg\"]}]}<\/script>\n<!-- \/ Yoast SEO plugin. -->","yoast_head_json":{"title":"Fraiseuse \u00e0 m\u00e9taux Orion 4.5 - Tecnosuisse","robots":{"index":"index","follow":"follow","max-snippet":"max-snippet:-1","max-image-preview":"max-image-preview:large","max-video-preview":"max-video-preview:-1"},"canonical":"https:\/\/www.tecnosuissesa.com\/fr\/produit\/fraiseuse-a-metaux-orion-4-5\/","og_locale":"fr_FR","og_type":"article","og_title":"Fraiseuse \u00e0 m\u00e9taux Orion 4.5 - Tecnosuisse","og_description":"Fraiseuse Automatique Semi-Professionnel pour le travail du metaux avec moteur de 1500 W","og_url":"https:\/\/www.tecnosuissesa.com\/fr\/produit\/fraiseuse-a-metaux-orion-4-5\/","og_site_name":"Tecnosuisse","article_publisher":"https:\/\/www.facebook.com\/tecnosuisse\/","article_modified_time":"2017-08-25T13:33:20+00:00","og_image":[{"width":800,"height":600,"url":"https:\/\/www.tecnosuissesa.com\/wp-content\/uploads\/2017\/08\/Fresatrice_7045.jpg","type":"image\/jpeg"}],"twitter_card":"summary_large_image","twitter_misc":{"Dur\u00e9e de lecture estim\u00e9e":"1 minute"},"schema":{"@context":"https:\/\/schema.org","@graph":[{"@type":"WebPage","@id":"https:\/\/www.tecnosuissesa.com\/fr\/produit\/fraiseuse-a-metaux-orion-4-5\/","url":"https:\/\/www.tecnosuissesa.com\/fr\/produit\/fraiseuse-a-metaux-orion-4-5\/","name":"Fraiseuse \u00e0 m\u00e9taux Orion 4.5 - Tecnosuisse","isPartOf":{"@id":"https:\/\/www.tecnosuissesa.com\/it\/#website"},"primaryImageOfPage":{"@id":"https:\/\/www.tecnosuissesa.com\/fr\/produit\/fraiseuse-a-metaux-orion-4-5\/#primaryimage"},"image":{"@id":"https:\/\/www.tecnosuissesa.com\/fr\/produit\/fraiseuse-a-metaux-orion-4-5\/#primaryimage"},"thumbnailUrl":"https:\/\/www.tecnosuissesa.com\/wp-content\/uploads\/2017\/08\/Fresatrice_7045.jpg","datePublished":"2017-08-22T10:19:08+00:00","dateModified":"2017-08-25T13:33:20+00:00","breadcrumb":{"@id":"https:\/\/www.tecnosuissesa.com\/fr\/produit\/fraiseuse-a-metaux-orion-4-5\/#breadcrumb"},"inLanguage":"fr-FR","potentialAction":[{"@type":"ReadAction","target":["https:\/\/www.tecnosuissesa.com\/fr\/produit\/fraiseuse-a-metaux-orion-4-5\/"]}]},{"@type":"ImageObject","inLanguage":"fr-FR","@id":"https:\/\/www.tecnosuissesa.com\/fr\/produit\/fraiseuse-a-metaux-orion-4-5\/#primaryimage","url":"https:\/\/www.tecnosuissesa.com\/wp-content\/uploads\/2017\/08\/Fresatrice_7045.jpg","contentUrl":"https:\/\/www.tecnosuissesa.com\/wp-content\/uploads\/2017\/08\/Fresatrice_7045.jpg","width":800,"height":600},{"@type":"BreadcrumbList","@id":"https:\/\/www.tecnosuissesa.com\/fr\/produit\/fraiseuse-a-metaux-orion-4-5\/#breadcrumb","itemListElement":[{"@type":"ListItem","position":1,"name":"Home","item":"https:\/\/www.tecnosuissesa.com\/fr\/"},{"@type":"ListItem","position":2,"name":"Vendita di Macchine Utensili per Legno e per Metalli","item":"https:\/\/www.tecnosuissesa.com\/it\/vendita-macchine-utensili\/"},{"@type":"ListItem","position":3,"name":"Fraiseuse \u00e0 m\u00e9taux Orion 4.5"}]},{"@type":"WebSite","@id":"https:\/\/www.tecnosuissesa.com\/it\/#website","url":"https:\/\/www.tecnosuissesa.com\/it\/","name":"Tecnosuisse","description":"Macchine Utensili per Legno e Metalli","publisher":{"@id":"https:\/\/www.tecnosuissesa.com\/it\/#organization"},"potentialAction":[{"@type":"SearchAction","target":{"@type":"EntryPoint","urlTemplate":"https:\/\/www.tecnosuissesa.com\/it\/?s={search_term_string}"},"query-input":{"@type":"PropertyValueSpecification","valueRequired":true,"valueName":"search_term_string"}}],"inLanguage":"fr-FR"},{"@type":"Organization","@id":"https:\/\/www.tecnosuissesa.com\/it\/#organization","name":"Tecnosuisse","url":"https:\/\/www.tecnosuissesa.com\/it\/","logo":{"@type":"ImageObject","inLanguage":"fr-FR","@id":"https:\/\/www.tecnosuissesa.com\/it\/#\/schema\/logo\/image\/","url":"https:\/\/www.tecnosuissesa.com\/wp-content\/uploads\/2017\/08\/Logo_TecnoSuisse_627x627.png","contentUrl":"https:\/\/www.tecnosuissesa.com\/wp-content\/uploads\/2017\/08\/Logo_TecnoSuisse_627x627.png","width":627,"height":627,"caption":"Tecnosuisse"},"image":{"@id":"https:\/\/www.tecnosuissesa.com\/it\/#\/schema\/logo\/image\/"},"sameAs":["https:\/\/www.facebook.com\/tecnosuisse\/","https:\/\/www.youtube.com\/channel\/UCSoxFNkw8ZiE4jP9OY8AdFg"]}]}},"_links":{"self":[{"href":"https:\/\/www.tecnosuissesa.com\/fr\/wp-json\/wp\/v2\/product\/390","targetHints":{"allow":["GET"]}}],"collection":[{"href":"https:\/\/www.tecnosuissesa.com\/fr\/wp-json\/wp\/v2\/product"}],"about":[{"href":"https:\/\/www.tecnosuissesa.com\/fr\/wp-json\/wp\/v2\/types\/product"}],"replies":[{"embeddable":true,"href":"https:\/\/www.tecnosuissesa.com\/fr\/wp-json\/wp\/v2\/comments?post=390"}],"wp:featuredmedia":[{"embeddable":true,"href":"https:\/\/www.tecnosuissesa.com\/fr\/wp-json\/wp\/v2\/media\/308"}],"wp:attachment":[{"href":"https:\/\/www.tecnosuissesa.com\/fr\/wp-json\/wp\/v2\/media?parent=390"}],"wp:term":[{"taxonomy":"product_brand","embeddable":true,"href":"https:\/\/www.tecnosuissesa.com\/fr\/wp-json\/wp\/v2\/product_brand?post=390"},{"taxonomy":"product_cat","embeddable":true,"href":"https:\/\/www.tecnosuissesa.com\/fr\/wp-json\/wp\/v2\/product_cat?post=390"},{"taxonomy":"product_tag","embeddable":true,"href":"https:\/\/www.tecnosuissesa.com\/fr\/wp-json\/wp\/v2\/product_tag?post=390"}],"curies":[{"name":"wp","href":"https:\/\/api.w.org\/{rel}","templated":true}]}}