{"id":389,"date":"2017-08-25T12:09:54","date_gmt":"2017-08-25T10:09:54","guid":{"rendered":"https:\/\/www.tecnosuissesa.com\/prodotto\/combine-a-bois-minimax-lab-300-plus\/"},"modified":"2017-08-25T12:48:54","modified_gmt":"2017-08-25T10:48:54","slug":"combine-a-bois-minimax-lab-300-plus","status":"publish","type":"product","link":"https:\/\/www.tecnosuissesa.com\/fr\/product\/combine-a-bois-minimax-lab-300-plus\/","title":{"rendered":"Combin\u00e9 \u00e0 bois Minimax Lab 300 Plus"},"content":{"rendered":"<p>Combin\u00e9e universelle flexible et compacte avec les solutions technologiques les plus avanc\u00e9e pour un maximum de pr\u00e9cision, de fiabilit\u00e9 et de s\u00e9curit\u00e9. Prestations sup\u00e9rieurs: diam. maxi lame 315 mm m\u00eame en pr\u00e9sence de l&rsquo;inciseur et groupe toupie avec outils max. \u00d8 180 mm escamotable sous la table. Meilleur support dans la coupe, gr\u00e2ce au chariot coulissant de 270 mm. Ouverture des tables de d\u00e9gau \u00e0 90\u00b0 vers l&rsquo;int\u00e9rieur de la machine, pour utiliser la raboteuse plus facilement.<\/p>\n<p><br data-mce-bogus=\"1\"><\/p>\n<table class=\"mce-item-table\">\n<tbody>\n<tr>\n<td colspan=\"2\">\n<p><strong>DONN\u00c9S TECHNIQUES<\/strong><\/p>\n<\/td>\n<\/tr>\n<tr>\n<td colspan=\"2\">\n<p><strong>DIMENSIONS<\/strong><\/p>\n<\/td>\n<\/tr>\n<tr>\n<td>\n<p>Table de travail Scie Circulaire\/Toupie<\/p>\n<\/td>\n<td>\n<p>1020 x 326<\/p>\n<\/td>\n<\/tr>\n<tr>\n<td>\n<p>Table de travail Raboteuse<\/p>\n<\/td>\n<td>\n<p>300&#215;1300<\/p>\n<\/td>\n<\/tr>\n<tr>\n<td>\n<p>Poid Boite en bois<\/p>\n<\/td>\n<td>\n<p><strong>&nbsp;<\/strong>500 Kg<strong><br \/><\/strong><\/p>\n<\/td>\n<\/tr>\n<tr>\n<td colspan=\"2\">\n<p><strong>SCIE CIRCULAIRE<\/strong><\/p>\n<\/td>\n<\/tr>\n<tr>\n<td>\n<p>Diam\u00e8tre lame<\/p>\n<\/td>\n<td>\n<p>315 mm<\/p>\n<\/td>\n<\/tr>\n<tr>\n<td>\n<p>Inclinaison<\/p>\n<\/td>\n<td>\n<p>45\u00b0<\/p>\n<\/td>\n<\/tr>\n<tr>\n<td>\n<p>Hauteur du coupe 90\u00b0<\/p>\n<\/td>\n<td>\n<p>100 mm<\/p>\n<\/td>\n<\/tr>\n<tr>\n<td colspan=\"2\">\n<p><strong>D\u00c9GAUCHISSEUSE\/RABOTEUSE<\/strong><\/p>\n<\/td>\n<\/tr>\n<tr>\n<td>\n<p>Couteaux<\/p>\n<\/td>\n<td>\n<p>Nr. 3<\/p>\n<\/td>\n<\/tr>\n<tr>\n<td>\n<p>Longueur arbre<\/p>\n<\/td>\n<td>\n<p>300 mm<\/p>\n<\/td>\n<\/tr>\n<tr>\n<td>\n<p>Largueur max \u00e0 raboter<\/p>\n<\/td>\n<td>\n<p>300 mm<\/p>\n<\/td>\n<\/tr>\n<tr>\n<td>\n<p>Hauteur max de travail \u00e0 raboter<\/p>\n<\/td>\n<td>\n<p>220 mm<\/p>\n<\/td>\n<\/tr>\n<tr>\n<td>\n<p>Mati\u00e8re plan de travaille<\/p>\n<\/td>\n<td>\n<p>Fonte<\/p>\n<\/td>\n<\/tr>\n<tr>\n<td>\n<p>Vitesse d&rsquo;entrainment<\/p>\n<\/td>\n<td>\n<p>7 Meter pro Minute<\/p>\n<\/td>\n<\/tr>\n<tr>\n<td colspan=\"2\">\n<p><strong>TOUPIE<\/strong><\/p>\n<\/td>\n<\/tr>\n<tr>\n<td>\n<p>Max hauteur verticale de l&rsquo;arbre<\/p>\n<\/td>\n<td>\n<p>100 mm<\/p>\n<\/td>\n<\/tr>\n<tr>\n<td>\n<p>Diametre arbre<\/p>\n<\/td>\n<td>\n<p>30\/35\/40\/50 mm<\/p>\n<\/td>\n<\/tr>\n<tr>\n<td>\n<p>Diam\u00e8tre max fraise<\/p>\n<\/td>\n<td>\n<p>180\/275 mm<\/p>\n<\/td>\n<\/tr>\n<tr>\n<td>\n<p>Vitesse de rotation<\/p>\n<\/td>\n<td>\n<p>3500\/7500\/10000Tours\/Minute<\/p>\n<\/td>\n<\/tr>\n<tr>\n<td colspan=\"2\">\n<p><strong>MORTAISEUSE<\/strong><\/p>\n<\/td>\n<\/tr>\n<tr>\n<td>\n<p>Table de travaille<\/p>\n<\/td>\n<td>\n<p>310&#215;170 mm<\/p>\n<\/td>\n<\/tr>\n<tr>\n<td colspan=\"2\">\n<p><strong>MOTEUR SCIE CIRCULAIRE<\/strong><\/p>\n<\/td>\n<\/tr>\n<tr>\n<td>\n<p>Puissance<\/p>\n<\/td>\n<td>\n<p>3\/4 Hp<\/p>\n<\/td>\n<\/tr>\n<tr>\n<td>\n<p>Tension<\/p>\n<\/td>\n<td>\n<p>Monophas\u00e9 220 V (triphas\u00e9e sur demande)<\/p>\n<\/td>\n<\/tr>\n<tr>\n<td colspan=\"2\">\n<p><strong>MOTEUR D\u00c9GAUCHISSEUSE\/RABOTEUSE<\/strong>&nbsp;&nbsp;<\/p>\n<\/td>\n<\/tr>\n<tr>\n<td>\n<p>Puissance<\/p>\n<\/td>\n<td>\n<p>3\/4 Hp<\/p>\n<\/td>\n<\/tr>\n<tr>\n<td>\n<p>Tension<\/p>\n<\/td>\n<td>\n<p>Monophas\u00e9 220 V (triphas\u00e9e sur demande)<\/p>\n<\/td>\n<\/tr>\n<tr>\n<td colspan=\"2\">\n<p><strong>MOTEUR TOUPIE<\/strong><\/p>\n<\/td>\n<\/tr>\n<tr>\n<td>\n<p>Puissance<\/p>\n<\/td>\n<td>\n<p>3\/4 Hp<\/p>\n<\/td>\n<\/tr>\n<tr>\n<td>\n<p>Tension<\/p>\n<\/td>\n<td>\n<p>Monophas\u00e9 220 V (triphas\u00e9e sur demande)<\/p>\n<\/td>\n<\/tr>\n<\/tbody>\n<\/table>\n","protected":false},"excerpt":{"rendered":"<p>Combin\u00e9e pour le travail du&nbsp;bois \u00e0 7 operations, qualit\u00e9 MiniMax Lab 300 Plus Combin\u00e9e universelle flexible et compacte avec les solutions technologiques les plus avanc\u00e9e pour un maximum de pr\u00e9cision, de fiabilit\u00e9 et de s\u00e9curit\u00e9<\/p>\n","protected":false},"featured_media":361,"comment_status":"open","ping_status":"closed","template":"","meta":[],"product_brand":[],"product_cat":[55],"product_tag":[74,75],"class_list":{"0":"post-389","1":"product","2":"type-product","3":"status-publish","4":"has-post-thumbnail","6":"product_cat-combines-a-bois","7":"product_tag-combines-a-bois","8":"product_tag-professionnel-combine","9":"product_shipping_class-classe-10","11":"first","12":"instock","13":"shipping-taxable","14":"purchasable","15":"product-type-simple"},"yoast_head":"<!-- This site is optimized with the Yoast SEO plugin v27.1 - https:\/\/yoast.com\/product\/yoast-seo-wordpress\/ -->\n<title>Combin\u00e9 \u00e0 bois Minimax Lab 300 Plus - Tecnosuisse<\/title>\n<meta name=\"robots\" content=\"index, follow, max-snippet:-1, max-image-preview:large, max-video-preview:-1\" \/>\n<link rel=\"canonical\" href=\"https:\/\/www.tecnosuissesa.com\/fr\/produit\/combine-a-bois-minimax-lab-300-plus\/\" \/>\n<meta property=\"og:locale\" content=\"fr_FR\" \/>\n<meta property=\"og:type\" content=\"article\" \/>\n<meta property=\"og:title\" content=\"Combin\u00e9 \u00e0 bois Minimax Lab 300 Plus - Tecnosuisse\" \/>\n<meta property=\"og:description\" content=\"Combin\u00e9e pour le travail du&nbsp;bois \u00e0 7 operations, qualit\u00e9 MiniMax Lab 300 Plus Combin\u00e9e universelle flexible et compacte avec les solutions technologiques les plus avanc\u00e9e pour un maximum de pr\u00e9cision, de fiabilit\u00e9 et de s\u00e9curit\u00e9\" \/>\n<meta property=\"og:url\" content=\"https:\/\/www.tecnosuissesa.com\/fr\/produit\/combine-a-bois-minimax-lab-300-plus\/\" \/>\n<meta property=\"og:site_name\" content=\"Tecnosuisse\" \/>\n<meta property=\"article:publisher\" content=\"https:\/\/www.facebook.com\/tecnosuisse\/\" \/>\n<meta property=\"article:modified_time\" content=\"2017-08-25T10:48:54+00:00\" \/>\n<meta property=\"og:image\" content=\"https:\/\/www.tecnosuissesa.com\/wp-content\/uploads\/2017\/08\/combinata-per-legno-minimax-lab-300-plus-6.jpg\" \/>\n\t<meta property=\"og:image:width\" content=\"800\" \/>\n\t<meta property=\"og:image:height\" content=\"800\" \/>\n\t<meta property=\"og:image:type\" content=\"image\/jpeg\" \/>\n<meta name=\"twitter:card\" content=\"summary_large_image\" \/>\n<meta name=\"twitter:label1\" content=\"Dur\u00e9e de lecture estim\u00e9e\" \/>\n\t<meta name=\"twitter:data1\" content=\"1 minute\" \/>\n<script type=\"application\/ld+json\" class=\"yoast-schema-graph\">{\"@context\":\"https:\/\/schema.org\",\"@graph\":[{\"@type\":\"WebPage\",\"@id\":\"https:\/\/www.tecnosuissesa.com\/fr\/produit\/combine-a-bois-minimax-lab-300-plus\/\",\"url\":\"https:\/\/www.tecnosuissesa.com\/fr\/produit\/combine-a-bois-minimax-lab-300-plus\/\",\"name\":\"Combin\u00e9 \u00e0 bois Minimax Lab 300 Plus - Tecnosuisse\",\"isPartOf\":{\"@id\":\"https:\/\/www.tecnosuissesa.com\/it\/#website\"},\"primaryImageOfPage\":{\"@id\":\"https:\/\/www.tecnosuissesa.com\/fr\/produit\/combine-a-bois-minimax-lab-300-plus\/#primaryimage\"},\"image\":{\"@id\":\"https:\/\/www.tecnosuissesa.com\/fr\/produit\/combine-a-bois-minimax-lab-300-plus\/#primaryimage\"},\"thumbnailUrl\":\"https:\/\/www.tecnosuissesa.com\/wp-content\/uploads\/2017\/08\/combinata-per-legno-minimax-lab-300-plus-6.jpg\",\"datePublished\":\"2017-08-25T10:09:54+00:00\",\"dateModified\":\"2017-08-25T10:48:54+00:00\",\"breadcrumb\":{\"@id\":\"https:\/\/www.tecnosuissesa.com\/fr\/produit\/combine-a-bois-minimax-lab-300-plus\/#breadcrumb\"},\"inLanguage\":\"fr-FR\",\"potentialAction\":[{\"@type\":\"ReadAction\",\"target\":[\"https:\/\/www.tecnosuissesa.com\/fr\/produit\/combine-a-bois-minimax-lab-300-plus\/\"]}]},{\"@type\":\"ImageObject\",\"inLanguage\":\"fr-FR\",\"@id\":\"https:\/\/www.tecnosuissesa.com\/fr\/produit\/combine-a-bois-minimax-lab-300-plus\/#primaryimage\",\"url\":\"https:\/\/www.tecnosuissesa.com\/wp-content\/uploads\/2017\/08\/combinata-per-legno-minimax-lab-300-plus-6.jpg\",\"contentUrl\":\"https:\/\/www.tecnosuissesa.com\/wp-content\/uploads\/2017\/08\/combinata-per-legno-minimax-lab-300-plus-6.jpg\",\"width\":800,\"height\":800},{\"@type\":\"BreadcrumbList\",\"@id\":\"https:\/\/www.tecnosuissesa.com\/fr\/produit\/combine-a-bois-minimax-lab-300-plus\/#breadcrumb\",\"itemListElement\":[{\"@type\":\"ListItem\",\"position\":1,\"name\":\"Home\",\"item\":\"https:\/\/www.tecnosuissesa.com\/fr\/\"},{\"@type\":\"ListItem\",\"position\":2,\"name\":\"Vendita di Macchine Utensili per Legno e per Metalli\",\"item\":\"https:\/\/www.tecnosuissesa.com\/it\/vendita-macchine-utensili\/\"},{\"@type\":\"ListItem\",\"position\":3,\"name\":\"Combin\u00e9 \u00e0 bois Minimax Lab 300 Plus\"}]},{\"@type\":\"WebSite\",\"@id\":\"https:\/\/www.tecnosuissesa.com\/it\/#website\",\"url\":\"https:\/\/www.tecnosuissesa.com\/it\/\",\"name\":\"Tecnosuisse\",\"description\":\"Macchine Utensili per Legno e Metalli\",\"publisher\":{\"@id\":\"https:\/\/www.tecnosuissesa.com\/it\/#organization\"},\"potentialAction\":[{\"@type\":\"SearchAction\",\"target\":{\"@type\":\"EntryPoint\",\"urlTemplate\":\"https:\/\/www.tecnosuissesa.com\/it\/?s={search_term_string}\"},\"query-input\":{\"@type\":\"PropertyValueSpecification\",\"valueRequired\":true,\"valueName\":\"search_term_string\"}}],\"inLanguage\":\"fr-FR\"},{\"@type\":\"Organization\",\"@id\":\"https:\/\/www.tecnosuissesa.com\/it\/#organization\",\"name\":\"Tecnosuisse\",\"url\":\"https:\/\/www.tecnosuissesa.com\/it\/\",\"logo\":{\"@type\":\"ImageObject\",\"inLanguage\":\"fr-FR\",\"@id\":\"https:\/\/www.tecnosuissesa.com\/it\/#\/schema\/logo\/image\/\",\"url\":\"https:\/\/www.tecnosuissesa.com\/wp-content\/uploads\/2017\/08\/Logo_TecnoSuisse_627x627.png\",\"contentUrl\":\"https:\/\/www.tecnosuissesa.com\/wp-content\/uploads\/2017\/08\/Logo_TecnoSuisse_627x627.png\",\"width\":627,\"height\":627,\"caption\":\"Tecnosuisse\"},\"image\":{\"@id\":\"https:\/\/www.tecnosuissesa.com\/it\/#\/schema\/logo\/image\/\"},\"sameAs\":[\"https:\/\/www.facebook.com\/tecnosuisse\/\",\"https:\/\/www.youtube.com\/channel\/UCSoxFNkw8ZiE4jP9OY8AdFg\"]}]}<\/script>\n<!-- \/ Yoast SEO plugin. -->","yoast_head_json":{"title":"Combin\u00e9 \u00e0 bois Minimax Lab 300 Plus - Tecnosuisse","robots":{"index":"index","follow":"follow","max-snippet":"max-snippet:-1","max-image-preview":"max-image-preview:large","max-video-preview":"max-video-preview:-1"},"canonical":"https:\/\/www.tecnosuissesa.com\/fr\/produit\/combine-a-bois-minimax-lab-300-plus\/","og_locale":"fr_FR","og_type":"article","og_title":"Combin\u00e9 \u00e0 bois Minimax Lab 300 Plus - Tecnosuisse","og_description":"Combin\u00e9e pour le travail du&nbsp;bois \u00e0 7 operations, qualit\u00e9 MiniMax Lab 300 Plus Combin\u00e9e universelle flexible et compacte avec les solutions technologiques les plus avanc\u00e9e pour un maximum de pr\u00e9cision, de fiabilit\u00e9 et de s\u00e9curit\u00e9","og_url":"https:\/\/www.tecnosuissesa.com\/fr\/produit\/combine-a-bois-minimax-lab-300-plus\/","og_site_name":"Tecnosuisse","article_publisher":"https:\/\/www.facebook.com\/tecnosuisse\/","article_modified_time":"2017-08-25T10:48:54+00:00","og_image":[{"width":800,"height":800,"url":"https:\/\/www.tecnosuissesa.com\/wp-content\/uploads\/2017\/08\/combinata-per-legno-minimax-lab-300-plus-6.jpg","type":"image\/jpeg"}],"twitter_card":"summary_large_image","twitter_misc":{"Dur\u00e9e de lecture estim\u00e9e":"1 minute"},"schema":{"@context":"https:\/\/schema.org","@graph":[{"@type":"WebPage","@id":"https:\/\/www.tecnosuissesa.com\/fr\/produit\/combine-a-bois-minimax-lab-300-plus\/","url":"https:\/\/www.tecnosuissesa.com\/fr\/produit\/combine-a-bois-minimax-lab-300-plus\/","name":"Combin\u00e9 \u00e0 bois Minimax Lab 300 Plus - Tecnosuisse","isPartOf":{"@id":"https:\/\/www.tecnosuissesa.com\/it\/#website"},"primaryImageOfPage":{"@id":"https:\/\/www.tecnosuissesa.com\/fr\/produit\/combine-a-bois-minimax-lab-300-plus\/#primaryimage"},"image":{"@id":"https:\/\/www.tecnosuissesa.com\/fr\/produit\/combine-a-bois-minimax-lab-300-plus\/#primaryimage"},"thumbnailUrl":"https:\/\/www.tecnosuissesa.com\/wp-content\/uploads\/2017\/08\/combinata-per-legno-minimax-lab-300-plus-6.jpg","datePublished":"2017-08-25T10:09:54+00:00","dateModified":"2017-08-25T10:48:54+00:00","breadcrumb":{"@id":"https:\/\/www.tecnosuissesa.com\/fr\/produit\/combine-a-bois-minimax-lab-300-plus\/#breadcrumb"},"inLanguage":"fr-FR","potentialAction":[{"@type":"ReadAction","target":["https:\/\/www.tecnosuissesa.com\/fr\/produit\/combine-a-bois-minimax-lab-300-plus\/"]}]},{"@type":"ImageObject","inLanguage":"fr-FR","@id":"https:\/\/www.tecnosuissesa.com\/fr\/produit\/combine-a-bois-minimax-lab-300-plus\/#primaryimage","url":"https:\/\/www.tecnosuissesa.com\/wp-content\/uploads\/2017\/08\/combinata-per-legno-minimax-lab-300-plus-6.jpg","contentUrl":"https:\/\/www.tecnosuissesa.com\/wp-content\/uploads\/2017\/08\/combinata-per-legno-minimax-lab-300-plus-6.jpg","width":800,"height":800},{"@type":"BreadcrumbList","@id":"https:\/\/www.tecnosuissesa.com\/fr\/produit\/combine-a-bois-minimax-lab-300-plus\/#breadcrumb","itemListElement":[{"@type":"ListItem","position":1,"name":"Home","item":"https:\/\/www.tecnosuissesa.com\/fr\/"},{"@type":"ListItem","position":2,"name":"Vendita di Macchine Utensili per Legno e per Metalli","item":"https:\/\/www.tecnosuissesa.com\/it\/vendita-macchine-utensili\/"},{"@type":"ListItem","position":3,"name":"Combin\u00e9 \u00e0 bois Minimax Lab 300 Plus"}]},{"@type":"WebSite","@id":"https:\/\/www.tecnosuissesa.com\/it\/#website","url":"https:\/\/www.tecnosuissesa.com\/it\/","name":"Tecnosuisse","description":"Macchine Utensili per Legno e Metalli","publisher":{"@id":"https:\/\/www.tecnosuissesa.com\/it\/#organization"},"potentialAction":[{"@type":"SearchAction","target":{"@type":"EntryPoint","urlTemplate":"https:\/\/www.tecnosuissesa.com\/it\/?s={search_term_string}"},"query-input":{"@type":"PropertyValueSpecification","valueRequired":true,"valueName":"search_term_string"}}],"inLanguage":"fr-FR"},{"@type":"Organization","@id":"https:\/\/www.tecnosuissesa.com\/it\/#organization","name":"Tecnosuisse","url":"https:\/\/www.tecnosuissesa.com\/it\/","logo":{"@type":"ImageObject","inLanguage":"fr-FR","@id":"https:\/\/www.tecnosuissesa.com\/it\/#\/schema\/logo\/image\/","url":"https:\/\/www.tecnosuissesa.com\/wp-content\/uploads\/2017\/08\/Logo_TecnoSuisse_627x627.png","contentUrl":"https:\/\/www.tecnosuissesa.com\/wp-content\/uploads\/2017\/08\/Logo_TecnoSuisse_627x627.png","width":627,"height":627,"caption":"Tecnosuisse"},"image":{"@id":"https:\/\/www.tecnosuissesa.com\/it\/#\/schema\/logo\/image\/"},"sameAs":["https:\/\/www.facebook.com\/tecnosuisse\/","https:\/\/www.youtube.com\/channel\/UCSoxFNkw8ZiE4jP9OY8AdFg"]}]}},"_links":{"self":[{"href":"https:\/\/www.tecnosuissesa.com\/fr\/wp-json\/wp\/v2\/product\/389","targetHints":{"allow":["GET"]}}],"collection":[{"href":"https:\/\/www.tecnosuissesa.com\/fr\/wp-json\/wp\/v2\/product"}],"about":[{"href":"https:\/\/www.tecnosuissesa.com\/fr\/wp-json\/wp\/v2\/types\/product"}],"replies":[{"embeddable":true,"href":"https:\/\/www.tecnosuissesa.com\/fr\/wp-json\/wp\/v2\/comments?post=389"}],"wp:featuredmedia":[{"embeddable":true,"href":"https:\/\/www.tecnosuissesa.com\/fr\/wp-json\/wp\/v2\/media\/361"}],"wp:attachment":[{"href":"https:\/\/www.tecnosuissesa.com\/fr\/wp-json\/wp\/v2\/media?parent=389"}],"wp:term":[{"taxonomy":"product_brand","embeddable":true,"href":"https:\/\/www.tecnosuissesa.com\/fr\/wp-json\/wp\/v2\/product_brand?post=389"},{"taxonomy":"product_cat","embeddable":true,"href":"https:\/\/www.tecnosuissesa.com\/fr\/wp-json\/wp\/v2\/product_cat?post=389"},{"taxonomy":"product_tag","embeddable":true,"href":"https:\/\/www.tecnosuissesa.com\/fr\/wp-json\/wp\/v2\/product_tag?post=389"}],"curies":[{"name":"wp","href":"https:\/\/api.w.org\/{rel}","templated":true}]}}