{"id":327,"date":"2017-08-08T15:17:45","date_gmt":"2017-08-08T13:17:45","guid":{"rendered":"https:\/\/www.tecnosuissesa.com\/prodotto\/327\/"},"modified":"2019-02-21T15:45:37","modified_gmt":"2019-02-21T14:45:37","slug":"tour-a-metaux-multitech-800","status":"publish","type":"product","link":"https:\/\/www.tecnosuissesa.com\/fr\/product\/tour-a-metaux-multitech-800\/","title":{"rendered":"Tour \u00e0 m\u00e9taux Multitech 800"},"content":{"rendered":"<p>C\u2019est une machine-outil semi-professionnelle pr\u00e9cise et robuste avec cadre en fonte et des finitions en m\u00e9tal. Le filetage est possible en pouces et en m\u00e9triques parce que le tour a un avancement automatique.<br \/>\nIl est \u00e9quip\u00e9 avec une pompe \u00e0 eau de refroidissement et d\u2019une lumi\u00e8re blanche pour l&rsquo;\u00e9clairage direct. Il est disponible en configuration standard avec un mandrin \u00e0 trois mors (trois internes et trois externes). Inclus il y a aussi 2 contre pointes, le chariot, 2 lunettes, la base en m\u00e9tal, tout l&rsquo;\u00e9quipement int\u00e9rieur et le kit des cl\u00e9s pour l\u2019assemblage des engrenages.\u00a0<strong>Equip\u00e9 de nouveaux roulements SKF.<br \/>\n<\/strong><\/p>\n<div id=\"article\">\n<div id=\"tavola-tecnica\">\n<table border=\"1\" width=\"100%\" cellspacing=\"0\" cellpadding=\"0\">\n<tbody>\n<tr>\n<td colspan=\"2\" valign=\"top\">\n<div align=\"center\"><strong>DONN\u00c9ES TECHNIQUES<\/strong><\/div>\n<\/td>\n<\/tr>\n<tr>\n<td colspan=\"2\"><strong>DIMENSIONS<\/strong><\/td>\n<\/tr>\n<tr>\n<td>Dimensions avec base<\/td>\n<td>1470 mm (longueur) x 600 mm (largeur) x 1150 mm (hauteur)<\/td>\n<\/tr>\n<tr>\n<td>Poids net-brut machine<\/td>\n<td>335 Kg<\/td>\n<\/tr>\n<tr>\n<td colspan=\"2\"><strong>DONN\u00c9ES TECHNIQUES TOUR<\/strong><\/td>\n<\/tr>\n<tr>\n<td>Distance entre les pointes fixe<\/td>\n<td>800 mm<\/td>\n<\/tr>\n<tr>\n<td>Max longueur du travail<\/td>\n<td>750 mm<\/td>\n<\/tr>\n<tr>\n<td>Hauteur des pointes<\/td>\n<td>162 mm<\/td>\n<\/tr>\n<tr>\n<td>Diam\u00e8tre maximum de la pi\u00e8ce sur le banc<\/td>\n<td>320 mm<\/td>\n<\/tr>\n<tr>\n<td>Diam\u00e8tre barre passante<\/td>\n<td>38 mm<\/td>\n<\/tr>\n<tr>\n<td>Diam\u00e8tre mandrin standard (d\u00e9j\u00e0 inclus)<\/td>\n<td>160 mm<\/td>\n<\/tr>\n<tr>\n<td>Type mandrin standard<\/td>\n<td>3 mors auto centrage ( 3 mors externe + 3 mors int\u00e9rieur )<\/td>\n<\/tr>\n<tr>\n<td>Type trou du mandrin<\/td>\n<td>CM 5<\/td>\n<\/tr>\n<tr>\n<td>Type trou de la contre pointe<\/td>\n<td>CM 3<\/td>\n<\/tr>\n<tr>\n<td>Dimension plan \u00e0 croix<\/td>\n<td>280 mm x 130 mm<\/td>\n<\/tr>\n<tr>\n<td>Dimension tourelle fournie<\/td>\n<td>78 mm x 78 mm<\/td>\n<\/tr>\n<tr>\n<td>Max. hauteur des outils mont\u00e9s sur la tourelle standard<\/td>\n<td>23 mm<\/td>\n<\/tr>\n<tr>\n<td>N\u00b0 Filetages en pouces<\/td>\n<td>20<\/td>\n<\/tr>\n<tr>\n<td>Types Filetages en pouces<\/td>\n<td>de 9 \u00e0 40 TPI<\/td>\n<\/tr>\n<tr>\n<td>N\u00b0 Filetages m\u00e9triques<\/td>\n<td>17<\/td>\n<\/tr>\n<tr>\n<td>Types Filetages m\u00e9triques<\/td>\n<td>de 0,5 mm \u00e0 4 mm<\/td>\n<\/tr>\n<tr>\n<td>Voyage longitudinale<\/td>\n<td>0,135 &#8211; 1.80 mm\/tr<\/td>\n<\/tr>\n<tr>\n<td>Voyage transversal<\/td>\n<td>0,025 -0,34 mm\/tr<\/td>\n<\/tr>\n<tr>\n<td>Voyage transversal des outils du chariot<\/td>\n<td>70 mm<\/td>\n<\/tr>\n<tr>\n<td>R\u00e9gulation de la vitesse de rotation du mandrin<\/td>\n<td>12<\/td>\n<\/tr>\n<tr>\n<td>Vitesse rotation du mandrin<\/td>\n<td>de 60 \u00e0 1600 tr\/min<\/td>\n<\/tr>\n<tr>\n<td colspan=\"2\"><strong>MOTEUR TOUR<\/strong><\/td>\n<\/tr>\n<tr>\n<td>Puissance<\/td>\n<td>1500 W<\/td>\n<\/tr>\n<tr>\n<td>Type<\/td>\n<td>Mono 1 vitesse (220 V)<\/td>\n<\/tr>\n<tr>\n<td>Fr\u00e9quence<\/td>\n<td>50 Hz<\/td>\n<\/tr>\n<tr>\n<td colspan=\"2\"><strong>AVANCEMENT PLANS<\/strong><\/td>\n<\/tr>\n<tr>\n<td>Avancement longitudinal<\/td>\n<td>Automatique dans les deux directions<\/td>\n<\/tr>\n<tr>\n<td>Avancement Transversal (plan \u00e0 croix)<\/td>\n<td>Automatique dans les deux directions<\/td>\n<\/tr>\n<\/tbody>\n<\/table>\n<\/div>\n<\/div>\n","protected":false},"excerpt":{"rendered":"<h2>Tour \u00e0 m\u00e9taux Multitech 800 Distance entre les centres de 800 mm, diam\u00e8tre maximal de la pi\u00e8ce \u00e0 usiner sur le banc de 320 mm et un moteur monophas\u00e9 1500 W. Equip\u00e9 avec une pompe \u00e0 eau de refroidissement et d\u2019une lumi\u00e8re blanche pour l&rsquo;\u00e9clairage direct<\/h2>\n","protected":false},"featured_media":2455,"comment_status":"open","ping_status":"closed","template":"","meta":[],"product_brand":[],"product_cat":[182],"product_tag":[63,64,194],"class_list":{"0":"post-327","1":"product","2":"type-product","3":"status-publish","4":"has-post-thumbnail","6":"product_cat-tours-a-metaux","7":"product_tag-tour","8":"product_tag-tour-a-metaux","9":"product_tag-tour-semi-professionnel","11":"first","12":"instock","13":"shipping-taxable","14":"purchasable","15":"product-type-simple"},"yoast_head":"<!-- This site is optimized with the Yoast SEO plugin v27.1 - https:\/\/yoast.com\/product\/yoast-seo-wordpress\/ -->\n<title>Tour \u00e0 m\u00e9taux Multitech 800 - Tecnosuisse<\/title>\n<meta name=\"description\" content=\"Tour semi-professionnel avec une distance entre les pointes de 800 mm, diam\u00e8tre maximum pour travailler sur le banc de moteur monophas\u00e9 de 320 mm et 1500 W\" \/>\n<meta name=\"robots\" content=\"index, follow, max-snippet:-1, max-image-preview:large, max-video-preview:-1\" \/>\n<link rel=\"canonical\" href=\"https:\/\/www.tecnosuissesa.com\/fr\/produit\/tour-a-metaux-multitech-800\/\" \/>\n<meta property=\"og:locale\" content=\"fr_FR\" \/>\n<meta property=\"og:type\" content=\"article\" \/>\n<meta property=\"og:title\" content=\"Tour \u00e0 m\u00e9taux Multitech 800 - Tecnosuisse\" \/>\n<meta property=\"og:description\" content=\"Tour semi-professionnel avec une distance entre les pointes de 800 mm, diam\u00e8tre maximum pour travailler sur le banc de moteur monophas\u00e9 de 320 mm et 1500 W\" \/>\n<meta property=\"og:url\" content=\"https:\/\/www.tecnosuissesa.com\/fr\/produit\/tour-a-metaux-multitech-800\/\" \/>\n<meta property=\"og:site_name\" content=\"Tecnosuisse\" \/>\n<meta property=\"article:publisher\" content=\"https:\/\/www.facebook.com\/tecnosuisse\/\" \/>\n<meta property=\"article:modified_time\" content=\"2019-02-21T14:45:37+00:00\" \/>\n<meta property=\"og:image\" content=\"https:\/\/www.tecnosuissesa.com\/wp-content\/uploads\/2017\/08\/tornio-multitech-800-4.jpg\" \/>\n\t<meta property=\"og:image:width\" content=\"1200\" \/>\n\t<meta property=\"og:image:height\" content=\"900\" \/>\n\t<meta property=\"og:image:type\" content=\"image\/jpeg\" \/>\n<meta name=\"twitter:card\" content=\"summary_large_image\" \/>\n<meta name=\"twitter:label1\" content=\"Dur\u00e9e de lecture estim\u00e9e\" \/>\n\t<meta name=\"twitter:data1\" content=\"1 minute\" \/>\n<script type=\"application\/ld+json\" class=\"yoast-schema-graph\">{\"@context\":\"https:\/\/schema.org\",\"@graph\":[{\"@type\":\"WebPage\",\"@id\":\"https:\/\/www.tecnosuissesa.com\/fr\/produit\/tour-a-metaux-multitech-800\/\",\"url\":\"https:\/\/www.tecnosuissesa.com\/fr\/produit\/tour-a-metaux-multitech-800\/\",\"name\":\"Tour \u00e0 m\u00e9taux Multitech 800 - Tecnosuisse\",\"isPartOf\":{\"@id\":\"https:\/\/www.tecnosuissesa.com\/it\/#website\"},\"primaryImageOfPage\":{\"@id\":\"https:\/\/www.tecnosuissesa.com\/fr\/produit\/tour-a-metaux-multitech-800\/#primaryimage\"},\"image\":{\"@id\":\"https:\/\/www.tecnosuissesa.com\/fr\/produit\/tour-a-metaux-multitech-800\/#primaryimage\"},\"thumbnailUrl\":\"https:\/\/www.tecnosuissesa.com\/wp-content\/uploads\/2017\/08\/tornio-multitech-800-4.jpg\",\"datePublished\":\"2017-08-08T13:17:45+00:00\",\"dateModified\":\"2019-02-21T14:45:37+00:00\",\"description\":\"Tour semi-professionnel avec une distance entre les pointes de 800 mm, diam\u00e8tre maximum pour travailler sur le banc de moteur monophas\u00e9 de 320 mm et 1500 W\",\"breadcrumb\":{\"@id\":\"https:\/\/www.tecnosuissesa.com\/fr\/produit\/tour-a-metaux-multitech-800\/#breadcrumb\"},\"inLanguage\":\"fr-FR\",\"potentialAction\":[{\"@type\":\"ReadAction\",\"target\":[\"https:\/\/www.tecnosuissesa.com\/fr\/produit\/tour-a-metaux-multitech-800\/\"]}]},{\"@type\":\"ImageObject\",\"inLanguage\":\"fr-FR\",\"@id\":\"https:\/\/www.tecnosuissesa.com\/fr\/produit\/tour-a-metaux-multitech-800\/#primaryimage\",\"url\":\"https:\/\/www.tecnosuissesa.com\/wp-content\/uploads\/2017\/08\/tornio-multitech-800-4.jpg\",\"contentUrl\":\"https:\/\/www.tecnosuissesa.com\/wp-content\/uploads\/2017\/08\/tornio-multitech-800-4.jpg\",\"width\":1200,\"height\":900,\"caption\":\"Tornio Semi Professionale Multitech 800\"},{\"@type\":\"BreadcrumbList\",\"@id\":\"https:\/\/www.tecnosuissesa.com\/fr\/produit\/tour-a-metaux-multitech-800\/#breadcrumb\",\"itemListElement\":[{\"@type\":\"ListItem\",\"position\":1,\"name\":\"Home\",\"item\":\"https:\/\/www.tecnosuissesa.com\/fr\/\"},{\"@type\":\"ListItem\",\"position\":2,\"name\":\"Vendita di Macchine Utensili per Legno e per Metalli\",\"item\":\"https:\/\/www.tecnosuissesa.com\/it\/vendita-macchine-utensili\/\"},{\"@type\":\"ListItem\",\"position\":3,\"name\":\"Tour \u00e0 m\u00e9taux Multitech 800\"}]},{\"@type\":\"WebSite\",\"@id\":\"https:\/\/www.tecnosuissesa.com\/it\/#website\",\"url\":\"https:\/\/www.tecnosuissesa.com\/it\/\",\"name\":\"Tecnosuisse\",\"description\":\"Macchine Utensili per Legno e Metalli\",\"publisher\":{\"@id\":\"https:\/\/www.tecnosuissesa.com\/it\/#organization\"},\"potentialAction\":[{\"@type\":\"SearchAction\",\"target\":{\"@type\":\"EntryPoint\",\"urlTemplate\":\"https:\/\/www.tecnosuissesa.com\/it\/?s={search_term_string}\"},\"query-input\":{\"@type\":\"PropertyValueSpecification\",\"valueRequired\":true,\"valueName\":\"search_term_string\"}}],\"inLanguage\":\"fr-FR\"},{\"@type\":\"Organization\",\"@id\":\"https:\/\/www.tecnosuissesa.com\/it\/#organization\",\"name\":\"Tecnosuisse\",\"url\":\"https:\/\/www.tecnosuissesa.com\/it\/\",\"logo\":{\"@type\":\"ImageObject\",\"inLanguage\":\"fr-FR\",\"@id\":\"https:\/\/www.tecnosuissesa.com\/it\/#\/schema\/logo\/image\/\",\"url\":\"https:\/\/www.tecnosuissesa.com\/wp-content\/uploads\/2017\/08\/Logo_TecnoSuisse_627x627.png\",\"contentUrl\":\"https:\/\/www.tecnosuissesa.com\/wp-content\/uploads\/2017\/08\/Logo_TecnoSuisse_627x627.png\",\"width\":627,\"height\":627,\"caption\":\"Tecnosuisse\"},\"image\":{\"@id\":\"https:\/\/www.tecnosuissesa.com\/it\/#\/schema\/logo\/image\/\"},\"sameAs\":[\"https:\/\/www.facebook.com\/tecnosuisse\/\",\"https:\/\/www.youtube.com\/channel\/UCSoxFNkw8ZiE4jP9OY8AdFg\"]}]}<\/script>\n<!-- \/ Yoast SEO plugin. -->","yoast_head_json":{"title":"Tour \u00e0 m\u00e9taux Multitech 800 - Tecnosuisse","description":"Tour semi-professionnel avec une distance entre les pointes de 800 mm, diam\u00e8tre maximum pour travailler sur le banc de moteur monophas\u00e9 de 320 mm et 1500 W","robots":{"index":"index","follow":"follow","max-snippet":"max-snippet:-1","max-image-preview":"max-image-preview:large","max-video-preview":"max-video-preview:-1"},"canonical":"https:\/\/www.tecnosuissesa.com\/fr\/produit\/tour-a-metaux-multitech-800\/","og_locale":"fr_FR","og_type":"article","og_title":"Tour \u00e0 m\u00e9taux Multitech 800 - Tecnosuisse","og_description":"Tour semi-professionnel avec une distance entre les pointes de 800 mm, diam\u00e8tre maximum pour travailler sur le banc de moteur monophas\u00e9 de 320 mm et 1500 W","og_url":"https:\/\/www.tecnosuissesa.com\/fr\/produit\/tour-a-metaux-multitech-800\/","og_site_name":"Tecnosuisse","article_publisher":"https:\/\/www.facebook.com\/tecnosuisse\/","article_modified_time":"2019-02-21T14:45:37+00:00","og_image":[{"width":1200,"height":900,"url":"https:\/\/www.tecnosuissesa.com\/wp-content\/uploads\/2017\/08\/tornio-multitech-800-4.jpg","type":"image\/jpeg"}],"twitter_card":"summary_large_image","twitter_misc":{"Dur\u00e9e de lecture estim\u00e9e":"1 minute"},"schema":{"@context":"https:\/\/schema.org","@graph":[{"@type":"WebPage","@id":"https:\/\/www.tecnosuissesa.com\/fr\/produit\/tour-a-metaux-multitech-800\/","url":"https:\/\/www.tecnosuissesa.com\/fr\/produit\/tour-a-metaux-multitech-800\/","name":"Tour \u00e0 m\u00e9taux Multitech 800 - Tecnosuisse","isPartOf":{"@id":"https:\/\/www.tecnosuissesa.com\/it\/#website"},"primaryImageOfPage":{"@id":"https:\/\/www.tecnosuissesa.com\/fr\/produit\/tour-a-metaux-multitech-800\/#primaryimage"},"image":{"@id":"https:\/\/www.tecnosuissesa.com\/fr\/produit\/tour-a-metaux-multitech-800\/#primaryimage"},"thumbnailUrl":"https:\/\/www.tecnosuissesa.com\/wp-content\/uploads\/2017\/08\/tornio-multitech-800-4.jpg","datePublished":"2017-08-08T13:17:45+00:00","dateModified":"2019-02-21T14:45:37+00:00","description":"Tour semi-professionnel avec une distance entre les pointes de 800 mm, diam\u00e8tre maximum pour travailler sur le banc de moteur monophas\u00e9 de 320 mm et 1500 W","breadcrumb":{"@id":"https:\/\/www.tecnosuissesa.com\/fr\/produit\/tour-a-metaux-multitech-800\/#breadcrumb"},"inLanguage":"fr-FR","potentialAction":[{"@type":"ReadAction","target":["https:\/\/www.tecnosuissesa.com\/fr\/produit\/tour-a-metaux-multitech-800\/"]}]},{"@type":"ImageObject","inLanguage":"fr-FR","@id":"https:\/\/www.tecnosuissesa.com\/fr\/produit\/tour-a-metaux-multitech-800\/#primaryimage","url":"https:\/\/www.tecnosuissesa.com\/wp-content\/uploads\/2017\/08\/tornio-multitech-800-4.jpg","contentUrl":"https:\/\/www.tecnosuissesa.com\/wp-content\/uploads\/2017\/08\/tornio-multitech-800-4.jpg","width":1200,"height":900,"caption":"Tornio Semi Professionale Multitech 800"},{"@type":"BreadcrumbList","@id":"https:\/\/www.tecnosuissesa.com\/fr\/produit\/tour-a-metaux-multitech-800\/#breadcrumb","itemListElement":[{"@type":"ListItem","position":1,"name":"Home","item":"https:\/\/www.tecnosuissesa.com\/fr\/"},{"@type":"ListItem","position":2,"name":"Vendita di Macchine Utensili per Legno e per Metalli","item":"https:\/\/www.tecnosuissesa.com\/it\/vendita-macchine-utensili\/"},{"@type":"ListItem","position":3,"name":"Tour \u00e0 m\u00e9taux Multitech 800"}]},{"@type":"WebSite","@id":"https:\/\/www.tecnosuissesa.com\/it\/#website","url":"https:\/\/www.tecnosuissesa.com\/it\/","name":"Tecnosuisse","description":"Macchine Utensili per Legno e Metalli","publisher":{"@id":"https:\/\/www.tecnosuissesa.com\/it\/#organization"},"potentialAction":[{"@type":"SearchAction","target":{"@type":"EntryPoint","urlTemplate":"https:\/\/www.tecnosuissesa.com\/it\/?s={search_term_string}"},"query-input":{"@type":"PropertyValueSpecification","valueRequired":true,"valueName":"search_term_string"}}],"inLanguage":"fr-FR"},{"@type":"Organization","@id":"https:\/\/www.tecnosuissesa.com\/it\/#organization","name":"Tecnosuisse","url":"https:\/\/www.tecnosuissesa.com\/it\/","logo":{"@type":"ImageObject","inLanguage":"fr-FR","@id":"https:\/\/www.tecnosuissesa.com\/it\/#\/schema\/logo\/image\/","url":"https:\/\/www.tecnosuissesa.com\/wp-content\/uploads\/2017\/08\/Logo_TecnoSuisse_627x627.png","contentUrl":"https:\/\/www.tecnosuissesa.com\/wp-content\/uploads\/2017\/08\/Logo_TecnoSuisse_627x627.png","width":627,"height":627,"caption":"Tecnosuisse"},"image":{"@id":"https:\/\/www.tecnosuissesa.com\/it\/#\/schema\/logo\/image\/"},"sameAs":["https:\/\/www.facebook.com\/tecnosuisse\/","https:\/\/www.youtube.com\/channel\/UCSoxFNkw8ZiE4jP9OY8AdFg"]}]}},"_links":{"self":[{"href":"https:\/\/www.tecnosuissesa.com\/fr\/wp-json\/wp\/v2\/product\/327","targetHints":{"allow":["GET"]}}],"collection":[{"href":"https:\/\/www.tecnosuissesa.com\/fr\/wp-json\/wp\/v2\/product"}],"about":[{"href":"https:\/\/www.tecnosuissesa.com\/fr\/wp-json\/wp\/v2\/types\/product"}],"replies":[{"embeddable":true,"href":"https:\/\/www.tecnosuissesa.com\/fr\/wp-json\/wp\/v2\/comments?post=327"}],"wp:featuredmedia":[{"embeddable":true,"href":"https:\/\/www.tecnosuissesa.com\/fr\/wp-json\/wp\/v2\/media\/2455"}],"wp:attachment":[{"href":"https:\/\/www.tecnosuissesa.com\/fr\/wp-json\/wp\/v2\/media?parent=327"}],"wp:term":[{"taxonomy":"product_brand","embeddable":true,"href":"https:\/\/www.tecnosuissesa.com\/fr\/wp-json\/wp\/v2\/product_brand?post=327"},{"taxonomy":"product_cat","embeddable":true,"href":"https:\/\/www.tecnosuissesa.com\/fr\/wp-json\/wp\/v2\/product_cat?post=327"},{"taxonomy":"product_tag","embeddable":true,"href":"https:\/\/www.tecnosuissesa.com\/fr\/wp-json\/wp\/v2\/product_tag?post=327"}],"curies":[{"name":"wp","href":"https:\/\/api.w.org\/{rel}","templated":true}]}}