{"id":326,"date":"2017-08-04T17:38:06","date_gmt":"2017-08-04T15:38:06","guid":{"rendered":"https:\/\/www.tecnosuissesa.com\/prodotto\/combine-a-bois-america-1600-300\/"},"modified":"2017-08-04T17:38:06","modified_gmt":"2017-08-04T15:38:06","slug":"combine-a-bois-america-1600-300","status":"publish","type":"product","link":"https:\/\/www.tecnosuissesa.com\/fr\/product\/combine-a-bois-america-1600-300\/","title":{"rendered":"Combin\u00e9 \u00e0  bois America 1600-300"},"content":{"rendered":"<h1>Combin\u00e9 \u00e0 bois America 1600-300<\/h1>\n<p>Combin\u00e9 pour le travail du bois \u00e0 7 op\u00e9rations: 3 moteurs, Toupie vertical, Scie circulaire inclinable \u00d8 310 mm, Vagon Aluminium 1600 mm, D\u00e9gauchisseuse raboteuse de 300 mm<\/p>\n<div class=\"row\"><\/div>\n<p align=\"left\">\n<table border=\"1\" width=\"100%\" cellspacing=\"0\" cellpadding=\"0\">\n<tbody>\n<tr>\n<td colspan=\"2\" valign=\"top\">\n<div align=\"center\"><strong>DONN\u00c9ES TECHNIQUES<\/strong><\/div>\n<\/td>\n<\/tr>\n<tr>\n<td colspan=\"2\"><strong>DIMENSIONS<\/strong><\/td>\n<\/tr>\n<tr>\n<td>Encombrement machine avec chariot et mortaiseuse<\/td>\n<td>2300 x 1900x 850 mm<\/td>\n<\/tr>\n<tr>\n<td>Encombrement corps machine sans chariot et sans mortaiseuse<\/td>\n<td>1100 x 1900 x 850 mm<\/td>\n<\/tr>\n<tr>\n<td>Poids net<\/td>\n<td>500 Kg<\/td>\n<\/tr>\n<tr>\n<td colspan=\"2\"><strong>SCIE CIRCULAIRE<\/strong><\/td>\n<\/tr>\n<tr>\n<td>Diam\u00e8tre lame<\/td>\n<td>305 mm<\/td>\n<\/tr>\n<tr>\n<td>Diam\u00e8tre inciseur<\/td>\n<td>80 mm<\/td>\n<\/tr>\n<tr>\n<td>Typologie<\/td>\n<td>R\u00e9glable en vertical avec inclination de la lame\u00a045\u00b0<\/td>\n<\/tr>\n<tr>\n<td>Vitesse de rotation<\/td>\n<td>5200 tours\/min<\/td>\n<\/tr>\n<tr>\n<td>Hauteur du coupe 90\u00b0<\/td>\n<td>95 mm<\/td>\n<\/tr>\n<tr>\n<td>Typologie chariot \u00e0 \u00e9quarrir<\/td>\n<td>Roulements m\u00e9talliques \u00e0 haute glissement<\/td>\n<\/tr>\n<tr>\n<td>Dimensions chariot \u00e0 \u00e9quarrir<\/td>\n<td>700 x 530 mm<\/td>\n<\/tr>\n<tr>\n<td>Course du chariot<\/td>\n<td>1310 mm<\/td>\n<\/tr>\n<tr>\n<td colspan=\"2\"><strong>D\u00c9GAUCHISSEUSE\/RABOTEUSE<\/strong><\/td>\n<\/tr>\n<tr>\n<td>Nombre des Couteaux<\/td>\n<td>N\u00b03<\/td>\n<\/tr>\n<tr>\n<td>Vitesse de rotation de l&rsquo;arbre<\/td>\n<td>5500 tours\/min<\/td>\n<\/tr>\n<tr>\n<td>Diametre de l&rsquo;arbre porte-couteaux<\/td>\n<td>70 mm<\/td>\n<\/tr>\n<tr>\n<td>Largueur max \u00e0 raboter<\/td>\n<td>300 mm<\/td>\n<\/tr>\n<tr>\n<td>Hauteur max de travail \u00e0 raboter<\/td>\n<td>245 mm<\/td>\n<\/tr>\n<tr>\n<td>Typologie tables de travail<\/td>\n<td>An fonte rabatable<\/td>\n<\/tr>\n<tr>\n<td>Vitesse d&rsquo;entrainment<\/td>\n<td>7,5 metri\/minuto<\/td>\n<\/tr>\n<tr>\n<td colspan=\"2\"><strong>TOUPIE<\/strong><\/td>\n<\/tr>\n<tr>\n<td>Typologie<\/td>\n<td>Vertical<\/td>\n<\/tr>\n<tr>\n<td>Max course verticale de l&rsquo;arbre<\/td>\n<td>115 mm<\/td>\n<\/tr>\n<tr>\n<td>Diametre de l&rsquo;arbre standard<\/td>\n<td>30 mm<\/td>\n<\/tr>\n<tr>\n<td>Diam\u00e8tre maximum fraise<\/td>\n<td>220 mm<\/td>\n<\/tr>\n<tr>\n<td>Vitesse de rotation<\/td>\n<td>1750 &#8211; 3500 &#8211; 6700 tours\/min<\/td>\n<\/tr>\n<tr>\n<td colspan=\"2\"><strong>MORTAISEUSE<\/strong><\/td>\n<\/tr>\n<tr>\n<td>Vitesse de rotation du mandrin<\/td>\n<td>5500 tours\/min<\/td>\n<\/tr>\n<tr>\n<td>Diametre de mandrin<\/td>\n<td>16 mm<\/td>\n<\/tr>\n<tr>\n<td>Tables de travail<\/td>\n<td>155 x 360 mm<\/td>\n<\/tr>\n<tr>\n<td colspan=\"2\"><strong>MOTEUR SCIE<\/strong><\/td>\n<\/tr>\n<tr>\n<td>Puissance<\/td>\n<td>3 Hp &#8211; 2200 W<\/td>\n<\/tr>\n<tr>\n<td>Tension<\/td>\n<td>220 V<\/td>\n<\/tr>\n<tr>\n<td colspan=\"2\"><strong>MOTEUR D\u00c9GAUCHISSEUSE\/RABOTEUSE<\/strong><\/td>\n<\/tr>\n<tr>\n<td>Puissance<\/td>\n<td>3 Hp &#8211; 2200 W<\/td>\n<\/tr>\n<tr>\n<td>Tension<\/td>\n<td>220 V<\/td>\n<\/tr>\n<tr>\n<td colspan=\"2\"><strong>MOTEUR TOUPIE<\/strong><\/td>\n<\/tr>\n<tr>\n<td>Puissance<\/td>\n<td>3 Hp &#8211; 2200 W<\/td>\n<\/tr>\n<tr>\n<td>Tension<\/td>\n<td>220 V<\/td>\n<\/tr>\n<\/tbody>\n<\/table>\n","protected":false},"excerpt":{"rendered":"<p>Combin\u00e9 \u00e0 bois America 1600-300 Combin\u00e9 pour le travail du bois \u00e0 7 op\u00e9rations: 3 moteurs, Toupie vertical, Scie circulaire inclinable \u00d8 310 mm, Vagon Aluminium 1600 mm, D\u00e9gauchisseuse raboteuse de 300 mm DONN\u00c9ES TECHNIQUES DIMENSIONS Encombrement machine avec chariot et mortaiseuse 2300 x 1900x 850 mm Encombrement corps machine sans chariot et sans mortaiseuse &hellip; <a href=\"https:\/\/www.tecnosuissesa.com\/fr\/product\/combine-a-bois-america-1600-300\/\" class=\"more-link\">Continuer la lecture<span class=\"screen-reader-text\"> de &laquo;&nbsp;Combin\u00e9 \u00e0  bois America 1600-300&nbsp;&raquo;<\/span><\/a><\/p>\n","protected":false},"featured_media":198,"comment_status":"open","ping_status":"closed","template":"","meta":[],"product_brand":[],"product_cat":[55],"product_tag":[89],"class_list":{"0":"post-326","1":"product","2":"type-product","3":"status-publish","4":"has-post-thumbnail","6":"product_cat-combines-a-bois","7":"product_tag-combine-a-bois","8":"product_shipping_class-classe-10","10":"first","11":"instock","12":"sale","13":"shipping-taxable","14":"purchasable","15":"product-type-simple"},"yoast_head":"<!-- This site is optimized with the Yoast SEO plugin v27.1 - https:\/\/yoast.com\/product\/yoast-seo-wordpress\/ -->\n<title>Combin\u00e9 \u00e0 bois America 1600-300 - Tecnosuisse<\/title>\n<meta name=\"robots\" content=\"index, follow, max-snippet:-1, max-image-preview:large, max-video-preview:-1\" \/>\n<link rel=\"canonical\" href=\"https:\/\/www.tecnosuissesa.com\/fr\/produit\/combine-a-bois-america-1600-300\/\" \/>\n<meta property=\"og:locale\" content=\"fr_FR\" \/>\n<meta property=\"og:type\" content=\"article\" \/>\n<meta property=\"og:title\" content=\"Combin\u00e9 \u00e0 bois America 1600-300 - Tecnosuisse\" \/>\n<meta property=\"og:description\" content=\"Combin\u00e9 \u00e0 bois America 1600-300 Combin\u00e9 pour le travail du bois \u00e0 7 op\u00e9rations: 3 moteurs, Toupie vertical, Scie circulaire inclinable \u00d8 310 mm, Vagon Aluminium 1600 mm, D\u00e9gauchisseuse raboteuse de 300 mm DONN\u00c9ES TECHNIQUES DIMENSIONS Encombrement machine avec chariot et mortaiseuse 2300 x 1900x 850 mm Encombrement corps machine sans chariot et sans mortaiseuse &hellip; Continuer la lecture de &laquo;&nbsp;Combin\u00e9 \u00e0 bois America 1600-300&nbsp;&raquo;\" \/>\n<meta property=\"og:url\" content=\"https:\/\/www.tecnosuissesa.com\/fr\/produit\/combine-a-bois-america-1600-300\/\" \/>\n<meta property=\"og:site_name\" content=\"Tecnosuisse\" \/>\n<meta property=\"article:publisher\" content=\"https:\/\/www.facebook.com\/tecnosuisse\/\" \/>\n<meta property=\"og:image\" content=\"https:\/\/www.tecnosuissesa.com\/wp-content\/uploads\/2017\/08\/combinata-per-lavorazione-legno-america-1600-310.jpg\" \/>\n\t<meta property=\"og:image:width\" content=\"800\" \/>\n\t<meta property=\"og:image:height\" content=\"800\" \/>\n\t<meta property=\"og:image:type\" content=\"image\/jpeg\" \/>\n<meta name=\"twitter:card\" content=\"summary_large_image\" \/>\n<meta name=\"twitter:label1\" content=\"Dur\u00e9e de lecture estim\u00e9e\" \/>\n\t<meta name=\"twitter:data1\" content=\"1 minute\" \/>\n<script type=\"application\/ld+json\" class=\"yoast-schema-graph\">{\"@context\":\"https:\/\/schema.org\",\"@graph\":[{\"@type\":\"WebPage\",\"@id\":\"https:\/\/www.tecnosuissesa.com\/fr\/produit\/combine-a-bois-america-1600-300\/\",\"url\":\"https:\/\/www.tecnosuissesa.com\/fr\/produit\/combine-a-bois-america-1600-300\/\",\"name\":\"Combin\u00e9 \u00e0 bois America 1600-300 - Tecnosuisse\",\"isPartOf\":{\"@id\":\"https:\/\/www.tecnosuissesa.com\/it\/#website\"},\"primaryImageOfPage\":{\"@id\":\"https:\/\/www.tecnosuissesa.com\/fr\/produit\/combine-a-bois-america-1600-300\/#primaryimage\"},\"image\":{\"@id\":\"https:\/\/www.tecnosuissesa.com\/fr\/produit\/combine-a-bois-america-1600-300\/#primaryimage\"},\"thumbnailUrl\":\"https:\/\/www.tecnosuissesa.com\/wp-content\/uploads\/2017\/08\/combinata-per-lavorazione-legno-america-1600-310.jpg\",\"datePublished\":\"2017-08-04T15:38:06+00:00\",\"breadcrumb\":{\"@id\":\"https:\/\/www.tecnosuissesa.com\/fr\/produit\/combine-a-bois-america-1600-300\/#breadcrumb\"},\"inLanguage\":\"fr-FR\",\"potentialAction\":[{\"@type\":\"ReadAction\",\"target\":[\"https:\/\/www.tecnosuissesa.com\/fr\/produit\/combine-a-bois-america-1600-300\/\"]}]},{\"@type\":\"ImageObject\",\"inLanguage\":\"fr-FR\",\"@id\":\"https:\/\/www.tecnosuissesa.com\/fr\/produit\/combine-a-bois-america-1600-300\/#primaryimage\",\"url\":\"https:\/\/www.tecnosuissesa.com\/wp-content\/uploads\/2017\/08\/combinata-per-lavorazione-legno-america-1600-310.jpg\",\"contentUrl\":\"https:\/\/www.tecnosuissesa.com\/wp-content\/uploads\/2017\/08\/combinata-per-lavorazione-legno-america-1600-310.jpg\",\"width\":800,\"height\":800},{\"@type\":\"BreadcrumbList\",\"@id\":\"https:\/\/www.tecnosuissesa.com\/fr\/produit\/combine-a-bois-america-1600-300\/#breadcrumb\",\"itemListElement\":[{\"@type\":\"ListItem\",\"position\":1,\"name\":\"Home\",\"item\":\"https:\/\/www.tecnosuissesa.com\/fr\/\"},{\"@type\":\"ListItem\",\"position\":2,\"name\":\"Vendita di Macchine Utensili per Legno e per Metalli\",\"item\":\"https:\/\/www.tecnosuissesa.com\/it\/vendita-macchine-utensili\/\"},{\"@type\":\"ListItem\",\"position\":3,\"name\":\"Combin\u00e9 \u00e0 bois America 1600-300\"}]},{\"@type\":\"WebSite\",\"@id\":\"https:\/\/www.tecnosuissesa.com\/it\/#website\",\"url\":\"https:\/\/www.tecnosuissesa.com\/it\/\",\"name\":\"Tecnosuisse\",\"description\":\"Macchine Utensili per Legno e Metalli\",\"publisher\":{\"@id\":\"https:\/\/www.tecnosuissesa.com\/it\/#organization\"},\"potentialAction\":[{\"@type\":\"SearchAction\",\"target\":{\"@type\":\"EntryPoint\",\"urlTemplate\":\"https:\/\/www.tecnosuissesa.com\/it\/?s={search_term_string}\"},\"query-input\":{\"@type\":\"PropertyValueSpecification\",\"valueRequired\":true,\"valueName\":\"search_term_string\"}}],\"inLanguage\":\"fr-FR\"},{\"@type\":\"Organization\",\"@id\":\"https:\/\/www.tecnosuissesa.com\/it\/#organization\",\"name\":\"Tecnosuisse\",\"url\":\"https:\/\/www.tecnosuissesa.com\/it\/\",\"logo\":{\"@type\":\"ImageObject\",\"inLanguage\":\"fr-FR\",\"@id\":\"https:\/\/www.tecnosuissesa.com\/it\/#\/schema\/logo\/image\/\",\"url\":\"https:\/\/www.tecnosuissesa.com\/wp-content\/uploads\/2017\/08\/Logo_TecnoSuisse_627x627.png\",\"contentUrl\":\"https:\/\/www.tecnosuissesa.com\/wp-content\/uploads\/2017\/08\/Logo_TecnoSuisse_627x627.png\",\"width\":627,\"height\":627,\"caption\":\"Tecnosuisse\"},\"image\":{\"@id\":\"https:\/\/www.tecnosuissesa.com\/it\/#\/schema\/logo\/image\/\"},\"sameAs\":[\"https:\/\/www.facebook.com\/tecnosuisse\/\",\"https:\/\/www.youtube.com\/channel\/UCSoxFNkw8ZiE4jP9OY8AdFg\"]}]}<\/script>\n<!-- \/ Yoast SEO plugin. -->","yoast_head_json":{"title":"Combin\u00e9 \u00e0 bois America 1600-300 - Tecnosuisse","robots":{"index":"index","follow":"follow","max-snippet":"max-snippet:-1","max-image-preview":"max-image-preview:large","max-video-preview":"max-video-preview:-1"},"canonical":"https:\/\/www.tecnosuissesa.com\/fr\/produit\/combine-a-bois-america-1600-300\/","og_locale":"fr_FR","og_type":"article","og_title":"Combin\u00e9 \u00e0 bois America 1600-300 - Tecnosuisse","og_description":"Combin\u00e9 \u00e0 bois America 1600-300 Combin\u00e9 pour le travail du bois \u00e0 7 op\u00e9rations: 3 moteurs, Toupie vertical, Scie circulaire inclinable \u00d8 310 mm, Vagon Aluminium 1600 mm, D\u00e9gauchisseuse raboteuse de 300 mm DONN\u00c9ES TECHNIQUES DIMENSIONS Encombrement machine avec chariot et mortaiseuse 2300 x 1900x 850 mm Encombrement corps machine sans chariot et sans mortaiseuse &hellip; Continuer la lecture de &laquo;&nbsp;Combin\u00e9 \u00e0 bois America 1600-300&nbsp;&raquo;","og_url":"https:\/\/www.tecnosuissesa.com\/fr\/produit\/combine-a-bois-america-1600-300\/","og_site_name":"Tecnosuisse","article_publisher":"https:\/\/www.facebook.com\/tecnosuisse\/","og_image":[{"width":800,"height":800,"url":"https:\/\/www.tecnosuissesa.com\/wp-content\/uploads\/2017\/08\/combinata-per-lavorazione-legno-america-1600-310.jpg","type":"image\/jpeg"}],"twitter_card":"summary_large_image","twitter_misc":{"Dur\u00e9e de lecture estim\u00e9e":"1 minute"},"schema":{"@context":"https:\/\/schema.org","@graph":[{"@type":"WebPage","@id":"https:\/\/www.tecnosuissesa.com\/fr\/produit\/combine-a-bois-america-1600-300\/","url":"https:\/\/www.tecnosuissesa.com\/fr\/produit\/combine-a-bois-america-1600-300\/","name":"Combin\u00e9 \u00e0 bois America 1600-300 - Tecnosuisse","isPartOf":{"@id":"https:\/\/www.tecnosuissesa.com\/it\/#website"},"primaryImageOfPage":{"@id":"https:\/\/www.tecnosuissesa.com\/fr\/produit\/combine-a-bois-america-1600-300\/#primaryimage"},"image":{"@id":"https:\/\/www.tecnosuissesa.com\/fr\/produit\/combine-a-bois-america-1600-300\/#primaryimage"},"thumbnailUrl":"https:\/\/www.tecnosuissesa.com\/wp-content\/uploads\/2017\/08\/combinata-per-lavorazione-legno-america-1600-310.jpg","datePublished":"2017-08-04T15:38:06+00:00","breadcrumb":{"@id":"https:\/\/www.tecnosuissesa.com\/fr\/produit\/combine-a-bois-america-1600-300\/#breadcrumb"},"inLanguage":"fr-FR","potentialAction":[{"@type":"ReadAction","target":["https:\/\/www.tecnosuissesa.com\/fr\/produit\/combine-a-bois-america-1600-300\/"]}]},{"@type":"ImageObject","inLanguage":"fr-FR","@id":"https:\/\/www.tecnosuissesa.com\/fr\/produit\/combine-a-bois-america-1600-300\/#primaryimage","url":"https:\/\/www.tecnosuissesa.com\/wp-content\/uploads\/2017\/08\/combinata-per-lavorazione-legno-america-1600-310.jpg","contentUrl":"https:\/\/www.tecnosuissesa.com\/wp-content\/uploads\/2017\/08\/combinata-per-lavorazione-legno-america-1600-310.jpg","width":800,"height":800},{"@type":"BreadcrumbList","@id":"https:\/\/www.tecnosuissesa.com\/fr\/produit\/combine-a-bois-america-1600-300\/#breadcrumb","itemListElement":[{"@type":"ListItem","position":1,"name":"Home","item":"https:\/\/www.tecnosuissesa.com\/fr\/"},{"@type":"ListItem","position":2,"name":"Vendita di Macchine Utensili per Legno e per Metalli","item":"https:\/\/www.tecnosuissesa.com\/it\/vendita-macchine-utensili\/"},{"@type":"ListItem","position":3,"name":"Combin\u00e9 \u00e0 bois America 1600-300"}]},{"@type":"WebSite","@id":"https:\/\/www.tecnosuissesa.com\/it\/#website","url":"https:\/\/www.tecnosuissesa.com\/it\/","name":"Tecnosuisse","description":"Macchine Utensili per Legno e Metalli","publisher":{"@id":"https:\/\/www.tecnosuissesa.com\/it\/#organization"},"potentialAction":[{"@type":"SearchAction","target":{"@type":"EntryPoint","urlTemplate":"https:\/\/www.tecnosuissesa.com\/it\/?s={search_term_string}"},"query-input":{"@type":"PropertyValueSpecification","valueRequired":true,"valueName":"search_term_string"}}],"inLanguage":"fr-FR"},{"@type":"Organization","@id":"https:\/\/www.tecnosuissesa.com\/it\/#organization","name":"Tecnosuisse","url":"https:\/\/www.tecnosuissesa.com\/it\/","logo":{"@type":"ImageObject","inLanguage":"fr-FR","@id":"https:\/\/www.tecnosuissesa.com\/it\/#\/schema\/logo\/image\/","url":"https:\/\/www.tecnosuissesa.com\/wp-content\/uploads\/2017\/08\/Logo_TecnoSuisse_627x627.png","contentUrl":"https:\/\/www.tecnosuissesa.com\/wp-content\/uploads\/2017\/08\/Logo_TecnoSuisse_627x627.png","width":627,"height":627,"caption":"Tecnosuisse"},"image":{"@id":"https:\/\/www.tecnosuissesa.com\/it\/#\/schema\/logo\/image\/"},"sameAs":["https:\/\/www.facebook.com\/tecnosuisse\/","https:\/\/www.youtube.com\/channel\/UCSoxFNkw8ZiE4jP9OY8AdFg"]}]}},"_links":{"self":[{"href":"https:\/\/www.tecnosuissesa.com\/fr\/wp-json\/wp\/v2\/product\/326","targetHints":{"allow":["GET"]}}],"collection":[{"href":"https:\/\/www.tecnosuissesa.com\/fr\/wp-json\/wp\/v2\/product"}],"about":[{"href":"https:\/\/www.tecnosuissesa.com\/fr\/wp-json\/wp\/v2\/types\/product"}],"replies":[{"embeddable":true,"href":"https:\/\/www.tecnosuissesa.com\/fr\/wp-json\/wp\/v2\/comments?post=326"}],"wp:featuredmedia":[{"embeddable":true,"href":"https:\/\/www.tecnosuissesa.com\/fr\/wp-json\/wp\/v2\/media\/198"}],"wp:attachment":[{"href":"https:\/\/www.tecnosuissesa.com\/fr\/wp-json\/wp\/v2\/media?parent=326"}],"wp:term":[{"taxonomy":"product_brand","embeddable":true,"href":"https:\/\/www.tecnosuissesa.com\/fr\/wp-json\/wp\/v2\/product_brand?post=326"},{"taxonomy":"product_cat","embeddable":true,"href":"https:\/\/www.tecnosuissesa.com\/fr\/wp-json\/wp\/v2\/product_cat?post=326"},{"taxonomy":"product_tag","embeddable":true,"href":"https:\/\/www.tecnosuissesa.com\/fr\/wp-json\/wp\/v2\/product_tag?post=326"}],"curies":[{"name":"wp","href":"https:\/\/api.w.org\/{rel}","templated":true}]}}