{"id":1846,"date":"2017-10-05T16:55:40","date_gmt":"2017-10-05T14:55:40","guid":{"rendered":"https:\/\/www.tecnosuissesa.com\/product\/combine-a-bois-professionel-america-pro-2600-360\/"},"modified":"2017-10-05T16:55:40","modified_gmt":"2017-10-05T14:55:40","slug":"combine-a-bois-professionel-america-pro-2600-360","status":"publish","type":"product","link":"https:\/\/www.tecnosuissesa.com\/fr\/product\/combine-a-bois-professionel-america-pro-2600-360\/","title":{"rendered":"Combin\u00e9 \u00e0 bois professionel America Pro 2600-360"},"content":{"rendered":"<p align=\"left\">DESCRIPTION<\/p>\n<p align=\"justify\">America 2600-360 est une machine pour le travail du bois de type professionnel qui se distingue entre le mod\u00e8le avec plan de 360 mm (aussi celui pro). Cette machine contient tous les dispositifs qui font de l\u2019America Prof le top de la gamme tels que des d\u00e9pliants millim\u00e9trique pour pour les ajustements de l\u2019inclinaison de la lame, la vitesse variable du inciseur, et le chariot avec guides ultra-pr\u00e9cis et fiable.<\/p>\n<table class=\"table table-striped\" border=\"1\" width=\"100%\" cellspacing=\"0\" cellpadding=\"0\">\n<tbody>\n<tr>\n<td colspan=\"2\" valign=\"top\">\n<div align=\"center\"><strong>DONN\u00c9ES TECHNIQUES<\/strong><\/div>\n<\/td>\n<\/tr>\n<tr>\n<td colspan=\"2\"><strong>DIMENSION D\u2019ENCOMBREMENT<\/strong><\/td>\n<\/tr>\n<tr>\n<td>Dimensions avec chariot sur wagon et mortaiseuse<\/td>\n<td><\/td>\n<\/tr>\n<tr>\n<td>Sans chariot et mortaiseuse ( avec wagon mont\u00e9)<\/td>\n<td><\/td>\n<\/tr>\n<tr>\n<td>Poids net machine<\/td>\n<td>Kg 800<\/td>\n<\/tr>\n<tr>\n<td colspan=\"2\"><strong>GROUPPE SCIE CERCULAIRE<\/strong><\/td>\n<\/tr>\n<tr>\n<td>Diam\u00e8tre scie<\/td>\n<td>315 mm<\/td>\n<\/tr>\n<tr>\n<td>Diam\u00e8tre inciseur<\/td>\n<td>80 mm<\/td>\n<\/tr>\n<tr>\n<td>Typologie de la lame<\/td>\n<td>R\u00e9glable de hauteur et inclinable jusqu\u2019\u00e0 45\u00b0<\/td>\n<\/tr>\n<tr>\n<td>Vitesse de la lame<\/td>\n<td>5200 tours\/minute<\/td>\n<\/tr>\n<tr>\n<td>Maximum coupe de hauteur<\/td>\n<td>95 mm<\/td>\n<\/tr>\n<tr>\n<td colspan=\"2\"><strong>CHARIOT A EQUARRIR SUR WAGON RAS DE LAME<\/strong><\/td>\n<\/tr>\n<tr>\n<td>dimensions du chariot<\/td>\n<td>1200 x 600 mm<\/td>\n<\/tr>\n<tr>\n<td>Typologie chariot<\/td>\n<td>Sur wagon en aluminium placer au bord de la lame circulaire<\/td>\n<\/tr>\n<tr>\n<td>Dimensions wagon en aluminium<\/td>\n<td>2600 x 310 mm<\/td>\n<\/tr>\n<tr>\n<td>Course chariot<\/td>\n<td>2700 mm<\/td>\n<\/tr>\n<tr>\n<td colspan=\"2\"><strong>DEGAUCHISSEUSE\/ RABOTEUSE<\/strong><\/td>\n<\/tr>\n<tr>\n<td>Fers de raboteuse<\/td>\n<td>N\u00b03<\/td>\n<\/tr>\n<tr>\n<td>Longueur arbre raboteuse<\/td>\n<td>360 mm<\/td>\n<\/tr>\n<tr>\n<td>Diam\u00e8tre ardre raboteuse<\/td>\n<td>70 mm<\/td>\n<\/tr>\n<tr>\n<td>Maximum largeur rabotage<\/td>\n<td>360 mm<\/td>\n<\/tr>\n<tr>\n<td>Maximum hauteur rabotage<\/td>\n<td>245 mm<\/td>\n<\/tr>\n<tr>\n<td>Typologie plans<\/td>\n<td>fonte, rabattable<\/td>\n<\/tr>\n<tr>\n<td>Vitesse du tire<\/td>\n<td>7,5 M\u00e8tre \/ minute<\/td>\n<\/tr>\n<tr>\n<td colspan=\"2\"><strong>FRESEUSE\/ TOUPIE<\/strong><\/td>\n<\/tr>\n<tr>\n<td>Typologie<\/td>\n<td>Verticale con N\u00b03 vitesse s\u00e9lectionnable<\/td>\n<\/tr>\n<tr>\n<td>Maximum hauteur de l\u2019arbre<\/td>\n<td>115 mm<\/td>\n<\/tr>\n<tr>\n<td>Diam\u00e8tre de l\u2019arbre<\/td>\n<td>30 mm<\/td>\n<\/tr>\n<tr>\n<td>Maximum diam\u00e8tre fraise montable<\/td>\n<td>220 mm<\/td>\n<\/tr>\n<tr>\n<td>Vitesse de rotation<\/td>\n<td>1750 &#8211; 3500 &#8211; 6700 tour\/minute<\/td>\n<\/tr>\n<tr>\n<td colspan=\"2\"><strong>MORTAISEUSE<\/strong><\/td>\n<\/tr>\n<tr>\n<td>Vitesse de rotation<\/td>\n<td>5.500 tour \/ min<\/td>\n<\/tr>\n<tr>\n<td>Diam\u00e8tre de l\u2019attaque<\/td>\n<td>16 mm<\/td>\n<\/tr>\n<tr>\n<td colspan=\"2\"><strong>MOTEUR SCIE SERCULAIRE<\/strong><\/td>\n<\/tr>\n<tr>\n<td>Puissance<\/td>\n<td>3 Hp<\/td>\n<\/tr>\n<tr>\n<td>Typologie<\/td>\n<td>Mono-phase 220 V (Optionnel\u00a0 tri-phase )<\/td>\n<\/tr>\n<tr>\n<td><strong>MOTEUR RABOTEUSE \/ MORTAISEUSE<\/strong><\/td>\n<td><\/td>\n<\/tr>\n<tr>\n<td>Puissance<\/td>\n<td>3 Hp<\/td>\n<\/tr>\n<tr>\n<td>Typologie<\/td>\n<td>Mono-phase 220 V (Optionnel\u00a0 tri-phase )<\/td>\n<\/tr>\n<tr>\n<td colspan=\"2\"><strong>MOTEUR TOUPIE<\/strong><\/td>\n<\/tr>\n<tr>\n<td>Puissance<\/td>\n<td>3 Hp<\/td>\n<\/tr>\n<tr>\n<td>Typologie<\/td>\n<td>Mono-phase 220 V (Optionnel\u00a0 tri-phase )<\/td>\n<\/tr>\n<\/tbody>\n<\/table>\n","protected":false},"excerpt":{"rendered":"<p align=\"justify\">Machine \u00e0 Bois professionel 7 operations avec 3 moteurs, scie circulaire inclinable \u00d8 315 mm, wagon 2600 mm en aluminium \u00e0 haute pr\u00e9cision et plan d\u00e9gauchisseuse\/raboteuse de 360 mm<\/p>\n","protected":false},"featured_media":1838,"comment_status":"open","ping_status":"closed","template":"","meta":[],"product_brand":[],"product_cat":[55],"product_tag":[],"class_list":{"0":"post-1846","1":"product","2":"type-product","3":"status-publish","4":"has-post-thumbnail","6":"product_cat-combines-a-bois","7":"product_shipping_class-classe-10","9":"first","10":"instock","11":"shipping-taxable","12":"purchasable","13":"product-type-simple"},"yoast_head":"<!-- This site is optimized with the Yoast SEO plugin v27.1 - https:\/\/yoast.com\/product\/yoast-seo-wordpress\/ -->\n<title>Combin\u00e9 \u00e0 bois professionel America Pro 2600-360 - Tecnosuisse<\/title>\n<meta name=\"robots\" content=\"index, follow, max-snippet:-1, max-image-preview:large, max-video-preview:-1\" \/>\n<link rel=\"canonical\" href=\"https:\/\/www.tecnosuissesa.com\/fr\/produit\/combine-a-bois-professionel-america-pro-2600-360\/\" \/>\n<meta property=\"og:locale\" content=\"fr_FR\" \/>\n<meta property=\"og:type\" content=\"article\" \/>\n<meta property=\"og:title\" content=\"Combin\u00e9 \u00e0 bois professionel America Pro 2600-360 - Tecnosuisse\" \/>\n<meta property=\"og:description\" content=\"Machine \u00e0 Bois professionel 7 operations avec 3 moteurs, scie circulaire inclinable \u00d8 315 mm, wagon 2600 mm en aluminium \u00e0 haute pr\u00e9cision et plan d\u00e9gauchisseuse\/raboteuse de 360 mm\" \/>\n<meta property=\"og:url\" content=\"https:\/\/www.tecnosuissesa.com\/fr\/produit\/combine-a-bois-professionel-america-pro-2600-360\/\" \/>\n<meta property=\"og:site_name\" content=\"Tecnosuisse\" \/>\n<meta property=\"article:publisher\" content=\"https:\/\/www.facebook.com\/tecnosuisse\/\" \/>\n<meta property=\"og:image\" content=\"https:\/\/www.tecnosuissesa.com\/wp-content\/uploads\/2017\/10\/COMBINATA-AMERICA-PRO-410-0.jpg\" \/>\n\t<meta property=\"og:image:width\" content=\"1024\" \/>\n\t<meta property=\"og:image:height\" content=\"768\" \/>\n\t<meta property=\"og:image:type\" content=\"image\/jpeg\" \/>\n<meta name=\"twitter:card\" content=\"summary_large_image\" \/>\n<meta name=\"twitter:label1\" content=\"Dur\u00e9e de lecture estim\u00e9e\" \/>\n\t<meta name=\"twitter:data1\" content=\"1 minute\" \/>\n<script type=\"application\/ld+json\" class=\"yoast-schema-graph\">{\"@context\":\"https:\/\/schema.org\",\"@graph\":[{\"@type\":\"WebPage\",\"@id\":\"https:\/\/www.tecnosuissesa.com\/fr\/produit\/combine-a-bois-professionel-america-pro-2600-360\/\",\"url\":\"https:\/\/www.tecnosuissesa.com\/fr\/produit\/combine-a-bois-professionel-america-pro-2600-360\/\",\"name\":\"Combin\u00e9 \u00e0 bois professionel America Pro 2600-360 - Tecnosuisse\",\"isPartOf\":{\"@id\":\"https:\/\/www.tecnosuissesa.com\/it\/#website\"},\"primaryImageOfPage\":{\"@id\":\"https:\/\/www.tecnosuissesa.com\/fr\/produit\/combine-a-bois-professionel-america-pro-2600-360\/#primaryimage\"},\"image\":{\"@id\":\"https:\/\/www.tecnosuissesa.com\/fr\/produit\/combine-a-bois-professionel-america-pro-2600-360\/#primaryimage\"},\"thumbnailUrl\":\"https:\/\/www.tecnosuissesa.com\/wp-content\/uploads\/2017\/10\/COMBINATA-AMERICA-PRO-410-0.jpg\",\"datePublished\":\"2017-10-05T14:55:40+00:00\",\"breadcrumb\":{\"@id\":\"https:\/\/www.tecnosuissesa.com\/fr\/produit\/combine-a-bois-professionel-america-pro-2600-360\/#breadcrumb\"},\"inLanguage\":\"fr-FR\",\"potentialAction\":[{\"@type\":\"ReadAction\",\"target\":[\"https:\/\/www.tecnosuissesa.com\/fr\/produit\/combine-a-bois-professionel-america-pro-2600-360\/\"]}]},{\"@type\":\"ImageObject\",\"inLanguage\":\"fr-FR\",\"@id\":\"https:\/\/www.tecnosuissesa.com\/fr\/produit\/combine-a-bois-professionel-america-pro-2600-360\/#primaryimage\",\"url\":\"https:\/\/www.tecnosuissesa.com\/wp-content\/uploads\/2017\/10\/COMBINATA-AMERICA-PRO-410-0.jpg\",\"contentUrl\":\"https:\/\/www.tecnosuissesa.com\/wp-content\/uploads\/2017\/10\/COMBINATA-AMERICA-PRO-410-0.jpg\",\"width\":1024,\"height\":768},{\"@type\":\"BreadcrumbList\",\"@id\":\"https:\/\/www.tecnosuissesa.com\/fr\/produit\/combine-a-bois-professionel-america-pro-2600-360\/#breadcrumb\",\"itemListElement\":[{\"@type\":\"ListItem\",\"position\":1,\"name\":\"Home\",\"item\":\"https:\/\/www.tecnosuissesa.com\/fr\/\"},{\"@type\":\"ListItem\",\"position\":2,\"name\":\"Vendita di Macchine Utensili per Legno e per Metalli\",\"item\":\"https:\/\/www.tecnosuissesa.com\/it\/vendita-macchine-utensili\/\"},{\"@type\":\"ListItem\",\"position\":3,\"name\":\"Combin\u00e9 \u00e0 bois professionel America Pro 2600-360\"}]},{\"@type\":\"WebSite\",\"@id\":\"https:\/\/www.tecnosuissesa.com\/it\/#website\",\"url\":\"https:\/\/www.tecnosuissesa.com\/it\/\",\"name\":\"Tecnosuisse\",\"description\":\"Macchine Utensili per Legno e Metalli\",\"publisher\":{\"@id\":\"https:\/\/www.tecnosuissesa.com\/it\/#organization\"},\"potentialAction\":[{\"@type\":\"SearchAction\",\"target\":{\"@type\":\"EntryPoint\",\"urlTemplate\":\"https:\/\/www.tecnosuissesa.com\/it\/?s={search_term_string}\"},\"query-input\":{\"@type\":\"PropertyValueSpecification\",\"valueRequired\":true,\"valueName\":\"search_term_string\"}}],\"inLanguage\":\"fr-FR\"},{\"@type\":\"Organization\",\"@id\":\"https:\/\/www.tecnosuissesa.com\/it\/#organization\",\"name\":\"Tecnosuisse\",\"url\":\"https:\/\/www.tecnosuissesa.com\/it\/\",\"logo\":{\"@type\":\"ImageObject\",\"inLanguage\":\"fr-FR\",\"@id\":\"https:\/\/www.tecnosuissesa.com\/it\/#\/schema\/logo\/image\/\",\"url\":\"https:\/\/www.tecnosuissesa.com\/wp-content\/uploads\/2017\/08\/Logo_TecnoSuisse_627x627.png\",\"contentUrl\":\"https:\/\/www.tecnosuissesa.com\/wp-content\/uploads\/2017\/08\/Logo_TecnoSuisse_627x627.png\",\"width\":627,\"height\":627,\"caption\":\"Tecnosuisse\"},\"image\":{\"@id\":\"https:\/\/www.tecnosuissesa.com\/it\/#\/schema\/logo\/image\/\"},\"sameAs\":[\"https:\/\/www.facebook.com\/tecnosuisse\/\",\"https:\/\/www.youtube.com\/channel\/UCSoxFNkw8ZiE4jP9OY8AdFg\"]}]}<\/script>\n<!-- \/ Yoast SEO plugin. -->","yoast_head_json":{"title":"Combin\u00e9 \u00e0 bois professionel America Pro 2600-360 - Tecnosuisse","robots":{"index":"index","follow":"follow","max-snippet":"max-snippet:-1","max-image-preview":"max-image-preview:large","max-video-preview":"max-video-preview:-1"},"canonical":"https:\/\/www.tecnosuissesa.com\/fr\/produit\/combine-a-bois-professionel-america-pro-2600-360\/","og_locale":"fr_FR","og_type":"article","og_title":"Combin\u00e9 \u00e0 bois professionel America Pro 2600-360 - Tecnosuisse","og_description":"Machine \u00e0 Bois professionel 7 operations avec 3 moteurs, scie circulaire inclinable \u00d8 315 mm, wagon 2600 mm en aluminium \u00e0 haute pr\u00e9cision et plan d\u00e9gauchisseuse\/raboteuse de 360 mm","og_url":"https:\/\/www.tecnosuissesa.com\/fr\/produit\/combine-a-bois-professionel-america-pro-2600-360\/","og_site_name":"Tecnosuisse","article_publisher":"https:\/\/www.facebook.com\/tecnosuisse\/","og_image":[{"width":1024,"height":768,"url":"https:\/\/www.tecnosuissesa.com\/wp-content\/uploads\/2017\/10\/COMBINATA-AMERICA-PRO-410-0.jpg","type":"image\/jpeg"}],"twitter_card":"summary_large_image","twitter_misc":{"Dur\u00e9e de lecture estim\u00e9e":"1 minute"},"schema":{"@context":"https:\/\/schema.org","@graph":[{"@type":"WebPage","@id":"https:\/\/www.tecnosuissesa.com\/fr\/produit\/combine-a-bois-professionel-america-pro-2600-360\/","url":"https:\/\/www.tecnosuissesa.com\/fr\/produit\/combine-a-bois-professionel-america-pro-2600-360\/","name":"Combin\u00e9 \u00e0 bois professionel America Pro 2600-360 - Tecnosuisse","isPartOf":{"@id":"https:\/\/www.tecnosuissesa.com\/it\/#website"},"primaryImageOfPage":{"@id":"https:\/\/www.tecnosuissesa.com\/fr\/produit\/combine-a-bois-professionel-america-pro-2600-360\/#primaryimage"},"image":{"@id":"https:\/\/www.tecnosuissesa.com\/fr\/produit\/combine-a-bois-professionel-america-pro-2600-360\/#primaryimage"},"thumbnailUrl":"https:\/\/www.tecnosuissesa.com\/wp-content\/uploads\/2017\/10\/COMBINATA-AMERICA-PRO-410-0.jpg","datePublished":"2017-10-05T14:55:40+00:00","breadcrumb":{"@id":"https:\/\/www.tecnosuissesa.com\/fr\/produit\/combine-a-bois-professionel-america-pro-2600-360\/#breadcrumb"},"inLanguage":"fr-FR","potentialAction":[{"@type":"ReadAction","target":["https:\/\/www.tecnosuissesa.com\/fr\/produit\/combine-a-bois-professionel-america-pro-2600-360\/"]}]},{"@type":"ImageObject","inLanguage":"fr-FR","@id":"https:\/\/www.tecnosuissesa.com\/fr\/produit\/combine-a-bois-professionel-america-pro-2600-360\/#primaryimage","url":"https:\/\/www.tecnosuissesa.com\/wp-content\/uploads\/2017\/10\/COMBINATA-AMERICA-PRO-410-0.jpg","contentUrl":"https:\/\/www.tecnosuissesa.com\/wp-content\/uploads\/2017\/10\/COMBINATA-AMERICA-PRO-410-0.jpg","width":1024,"height":768},{"@type":"BreadcrumbList","@id":"https:\/\/www.tecnosuissesa.com\/fr\/produit\/combine-a-bois-professionel-america-pro-2600-360\/#breadcrumb","itemListElement":[{"@type":"ListItem","position":1,"name":"Home","item":"https:\/\/www.tecnosuissesa.com\/fr\/"},{"@type":"ListItem","position":2,"name":"Vendita di Macchine Utensili per Legno e per Metalli","item":"https:\/\/www.tecnosuissesa.com\/it\/vendita-macchine-utensili\/"},{"@type":"ListItem","position":3,"name":"Combin\u00e9 \u00e0 bois professionel America Pro 2600-360"}]},{"@type":"WebSite","@id":"https:\/\/www.tecnosuissesa.com\/it\/#website","url":"https:\/\/www.tecnosuissesa.com\/it\/","name":"Tecnosuisse","description":"Macchine Utensili per Legno e Metalli","publisher":{"@id":"https:\/\/www.tecnosuissesa.com\/it\/#organization"},"potentialAction":[{"@type":"SearchAction","target":{"@type":"EntryPoint","urlTemplate":"https:\/\/www.tecnosuissesa.com\/it\/?s={search_term_string}"},"query-input":{"@type":"PropertyValueSpecification","valueRequired":true,"valueName":"search_term_string"}}],"inLanguage":"fr-FR"},{"@type":"Organization","@id":"https:\/\/www.tecnosuissesa.com\/it\/#organization","name":"Tecnosuisse","url":"https:\/\/www.tecnosuissesa.com\/it\/","logo":{"@type":"ImageObject","inLanguage":"fr-FR","@id":"https:\/\/www.tecnosuissesa.com\/it\/#\/schema\/logo\/image\/","url":"https:\/\/www.tecnosuissesa.com\/wp-content\/uploads\/2017\/08\/Logo_TecnoSuisse_627x627.png","contentUrl":"https:\/\/www.tecnosuissesa.com\/wp-content\/uploads\/2017\/08\/Logo_TecnoSuisse_627x627.png","width":627,"height":627,"caption":"Tecnosuisse"},"image":{"@id":"https:\/\/www.tecnosuissesa.com\/it\/#\/schema\/logo\/image\/"},"sameAs":["https:\/\/www.facebook.com\/tecnosuisse\/","https:\/\/www.youtube.com\/channel\/UCSoxFNkw8ZiE4jP9OY8AdFg"]}]}},"_links":{"self":[{"href":"https:\/\/www.tecnosuissesa.com\/fr\/wp-json\/wp\/v2\/product\/1846","targetHints":{"allow":["GET"]}}],"collection":[{"href":"https:\/\/www.tecnosuissesa.com\/fr\/wp-json\/wp\/v2\/product"}],"about":[{"href":"https:\/\/www.tecnosuissesa.com\/fr\/wp-json\/wp\/v2\/types\/product"}],"replies":[{"embeddable":true,"href":"https:\/\/www.tecnosuissesa.com\/fr\/wp-json\/wp\/v2\/comments?post=1846"}],"wp:featuredmedia":[{"embeddable":true,"href":"https:\/\/www.tecnosuissesa.com\/fr\/wp-json\/wp\/v2\/media\/1838"}],"wp:attachment":[{"href":"https:\/\/www.tecnosuissesa.com\/fr\/wp-json\/wp\/v2\/media?parent=1846"}],"wp:term":[{"taxonomy":"product_brand","embeddable":true,"href":"https:\/\/www.tecnosuissesa.com\/fr\/wp-json\/wp\/v2\/product_brand?post=1846"},{"taxonomy":"product_cat","embeddable":true,"href":"https:\/\/www.tecnosuissesa.com\/fr\/wp-json\/wp\/v2\/product_cat?post=1846"},{"taxonomy":"product_tag","embeddable":true,"href":"https:\/\/www.tecnosuissesa.com\/fr\/wp-json\/wp\/v2\/product_tag?post=1846"}],"curies":[{"name":"wp","href":"https:\/\/api.w.org\/{rel}","templated":true}]}}