{"id":1681,"date":"2017-10-03T14:39:38","date_gmt":"2017-10-03T12:39:38","guid":{"rendered":"https:\/\/www.tecnosuissesa.com\/product\/scie-a-format-a-bois-tsi-professional-2600\/"},"modified":"2017-10-03T14:39:38","modified_gmt":"2017-10-03T12:39:38","slug":"scie-a-format-a-bois-tsi-professional-2600","status":"publish","type":"product","link":"https:\/\/www.tecnosuissesa.com\/fr\/product\/scie-a-format-a-bois-tsi-professional-2600\/","title":{"rendered":"Scie \u00e0 format \u00e0 bois TSI Professional 2600"},"content":{"rendered":"<p><strong>Description:<\/strong><\/p>\n<p>Scie \u00e0 format professionnelle avec 2 moteurs ind\u00e9pendant de 3 HP et un wagon en aluminium positionn\u00e9 ras de lame long 2600 mm qui permet de r\u00e9aliser de travaux de grande pr\u00e9cision. La toupie\u00a0est dot\u00e9e de\u00a03 vitesses diff\u00e9rentes, et un moteur ind\u00e9pendant de 3 HP. Le groupe scie est inclinable jusqu&rsquo;\u00e0 45\u00b0\u00a0et il a un inciseur qui \u00e9vite d&rsquo; \u00e9br\u00e9cher les panneaux pendant les travaux d&rsquo;\u00e9querrage. Cette machine est capable de la place la plus grande pr\u00e9cision une longueur totale de plus de 2600 mm en une seule passe. Il est disponible en mono ou triphas\u00e9. Elle est \u00e9tudi\u00e9 pour satisfaire les exigences des professionnelles du travail du bois.<\/p>\n<table border=\"1\" width=\"100%\" cellspacing=\"0\" cellpadding=\"0\">\n<tbody>\n<tr>\n<td colspan=\"2\" align=\"center\" height=\"20\"><strong>CARACTERISTIQUES GENERALES<\/strong><\/td>\n<\/tr>\n<tr>\n<td colspan=\"2\" align=\"left\" height=\"20\"><strong>DIMENSIONS ENCOMBREMENT<\/strong><\/td>\n<\/tr>\n<tr>\n<td align=\"left\" height=\"20\">Dimensions machine avec chariot<\/td>\n<td align=\"left\" height=\"20\">1750 x 3000 mm<\/td>\n<\/tr>\n<tr>\n<td align=\"left\" height=\"20\">Dimensions machine sans chariot<\/td>\n<td align=\"left\" height=\"20\">900 x 1600 mm<\/td>\n<\/tr>\n<tr>\n<td align=\"left\" height=\"20\">Poids net machine<\/td>\n<td align=\"left\" height=\"20\">275 Kg<\/td>\n<\/tr>\n<tr>\n<td colspan=\"2\" align=\"left\" height=\"20\"><strong>GROUPE SCIE CIRCULAIRE<\/strong><\/td>\n<\/tr>\n<tr>\n<td align=\"left\" height=\"20\">Diam\u00e8tre scie<\/td>\n<td align=\"left\" height=\"20\">300 mm<\/td>\n<\/tr>\n<tr>\n<td align=\"left\" height=\"20\">Diam\u00e8tre inciseur<\/td>\n<td align=\"left\" height=\"20\">80 mm<\/td>\n<\/tr>\n<tr>\n<td align=\"left\" height=\"20\">Type<\/td>\n<td align=\"left\" height=\"20\">R\u00e9glable en hauteur et inclinable jusqu\u2019\u00e0 45\u00b0<\/td>\n<\/tr>\n<tr>\n<td align=\"left\" height=\"20\">Vitesse lame<\/td>\n<td align=\"left\" height=\"20\">3500 tr\/min<\/td>\n<\/tr>\n<tr>\n<td align=\"left\" height=\"20\">Max. coupe en hauteur<\/td>\n<td align=\"left\" height=\"20\">100 mm<\/td>\n<\/tr>\n<tr>\n<td colspan=\"2\" align=\"left\" height=\"20\"><strong>CHARIOT A CARRER SUR WAGON FIL LAME<\/strong><\/td>\n<\/tr>\n<tr>\n<td align=\"left\" height=\"20\">Dimensions chariot fil lame en aluminium<\/td>\n<td align=\"left\" height=\"20\">290 x 3000\u00a0mm<\/td>\n<\/tr>\n<tr>\n<td align=\"left\" height=\"20\">Dimensions chariot<\/td>\n<td align=\"left\" height=\"20\">700 x 530 mm<\/td>\n<\/tr>\n<tr>\n<td align=\"left\" height=\"20\">Max. course chariot \u00e0 carrer (Version Super)<\/td>\n<td align=\"left\" height=\"20\">1600 mm &#8211; 2600 mm &#8211; 3100 mm<\/td>\n<\/tr>\n<tr>\n<td align=\"left\" height=\"20\">Max. course chariot \u00e0 carrer (Version Standard)<\/td>\n<td align=\"left\" height=\"20\">1200 mm<\/td>\n<\/tr>\n<tr>\n<td align=\"left\" height=\"20\">Type chariot<\/td>\n<td align=\"left\" height=\"20\">Sur wagon en aluminium plac\u00e9 \u00e0 fil de la lame circulaire<\/td>\n<\/tr>\n<tr>\n<td colspan=\"2\" align=\"left\" height=\"20\"><strong>MOTEUR GROUPE SCIE CIRCULAIRE<\/strong><\/td>\n<\/tr>\n<tr>\n<td align=\"left\" height=\"20\">Puissance<\/td>\n<td align=\"left\" height=\"20\">3 Hp ( 2200 W )<\/td>\n<\/tr>\n<tr>\n<td align=\"left\" height=\"20\">Type en version standard<\/td>\n<td align=\"left\" height=\"20\">Monophas\u00e9 220 V (triphas\u00e9 sur demande)<\/td>\n<\/tr>\n<tr>\n<td colspan=\"2\" align=\"left\" height=\"20\"><strong>FRAISEUSE \/ TOUPIE<\/strong><\/td>\n<\/tr>\n<tr>\n<td align=\"left\" height=\"20\">Type<\/td>\n<td align=\"left\" height=\"20\">Vertical<\/td>\n<\/tr>\n<tr>\n<td align=\"left\" height=\"20\">Diam\u00e8tre arbre<\/td>\n<td align=\"left\" height=\"20\">30 mm<\/td>\n<\/tr>\n<tr>\n<td align=\"left\" height=\"20\">Max. diam\u00e8tre fraiseuse pour casque toupie<\/td>\n<td align=\"left\" height=\"20\">220 mm<\/td>\n<\/tr>\n<tr>\n<td align=\"left\" height=\"20\">Velocit\u00e0 di rotazione<\/td>\n<td align=\"left\" height=\"20\">1900 &#8211; 3500 &#8211; 7000 tr\/min<\/td>\n<\/tr>\n<tr>\n<td colspan=\"2\" align=\"left\" height=\"20\"><strong>MOTEUR FRAISEUSE \/ TOUPIE<\/strong><\/td>\n<\/tr>\n<tr>\n<td align=\"left\" height=\"20\">Puissance<\/td>\n<td align=\"left\" height=\"20\">3 Hp ( 2200 W )<\/td>\n<\/tr>\n<tr>\n<td align=\"left\" height=\"20\">Type en version standard<\/td>\n<td align=\"left\" height=\"20\">Monophas\u00e9 220 V (triphas\u00e9 sur demande)<\/td>\n<\/tr>\n<\/tbody>\n<\/table>\n","protected":false},"excerpt":{"rendered":"<p>Scie \u00e0 format pour le travail du bois TSI Professional 2600<\/p>\n<p>Machine professional,\u00a0wagon en aluminium positionn\u00e9 ras de lame longeur 2600mm qui permet de r\u00e9aliser des travaux de grande pr\u00e9cision. La toupie\u00a0est dot\u00e9e de\u00a03 vitesses diff\u00e9rentes, groupe scie est inclinable jusqu&rsquo;\u00e0 45\u00b0<\/p>\n","protected":false},"featured_media":1664,"comment_status":"open","ping_status":"closed","template":"","meta":[],"product_brand":[],"product_cat":[118],"product_tag":[],"class_list":{"0":"post-1681","1":"product","2":"type-product","3":"status-publish","4":"has-post-thumbnail","6":"product_cat-scies-a-format","7":"product_shipping_class-classe-10","9":"first","10":"instock","11":"shipping-taxable","12":"purchasable","13":"product-type-simple"},"yoast_head":"<!-- This site is optimized with the Yoast SEO plugin v27.1 - https:\/\/yoast.com\/product\/yoast-seo-wordpress\/ -->\n<title>Scie \u00e0 format \u00e0 bois TSI Professional 2600 - Tecnosuisse<\/title>\n<meta name=\"robots\" content=\"index, follow, max-snippet:-1, max-image-preview:large, max-video-preview:-1\" \/>\n<link rel=\"canonical\" href=\"https:\/\/www.tecnosuissesa.com\/fr\/produit\/scie-a-format-a-bois-tsi-professional-2600\/\" \/>\n<meta property=\"og:locale\" content=\"fr_FR\" \/>\n<meta property=\"og:type\" content=\"article\" \/>\n<meta property=\"og:title\" content=\"Scie \u00e0 format \u00e0 bois TSI Professional 2600 - Tecnosuisse\" \/>\n<meta property=\"og:description\" content=\"Scie \u00e0 format pour le travail du bois TSI Professional 2600  Machine professional,\u00a0wagon en aluminium positionn\u00e9 ras de lame longeur 2600mm qui permet de r\u00e9aliser des travaux de grande pr\u00e9cision. La toupie\u00a0est dot\u00e9e de\u00a03 vitesses diff\u00e9rentes, groupe scie est inclinable jusqu&#039;\u00e0 45\u00b0\" \/>\n<meta property=\"og:url\" content=\"https:\/\/www.tecnosuissesa.com\/fr\/produit\/scie-a-format-a-bois-tsi-professional-2600\/\" \/>\n<meta property=\"og:site_name\" content=\"Tecnosuisse\" \/>\n<meta property=\"article:publisher\" content=\"https:\/\/www.facebook.com\/tecnosuisse\/\" \/>\n<meta property=\"og:image\" content=\"https:\/\/www.tecnosuissesa.com\/wp-content\/uploads\/2017\/10\/lato-3-3.jpg\" \/>\n\t<meta property=\"og:image:width\" content=\"1024\" \/>\n\t<meta property=\"og:image:height\" content=\"768\" \/>\n\t<meta property=\"og:image:type\" content=\"image\/jpeg\" \/>\n<meta name=\"twitter:card\" content=\"summary_large_image\" \/>\n<meta name=\"twitter:label1\" content=\"Dur\u00e9e de lecture estim\u00e9e\" \/>\n\t<meta name=\"twitter:data1\" content=\"1 minute\" \/>\n<script type=\"application\/ld+json\" class=\"yoast-schema-graph\">{\"@context\":\"https:\/\/schema.org\",\"@graph\":[{\"@type\":\"WebPage\",\"@id\":\"https:\/\/www.tecnosuissesa.com\/fr\/produit\/scie-a-format-a-bois-tsi-professional-2600\/\",\"url\":\"https:\/\/www.tecnosuissesa.com\/fr\/produit\/scie-a-format-a-bois-tsi-professional-2600\/\",\"name\":\"Scie \u00e0 format \u00e0 bois TSI Professional 2600 - Tecnosuisse\",\"isPartOf\":{\"@id\":\"https:\/\/www.tecnosuissesa.com\/it\/#website\"},\"primaryImageOfPage\":{\"@id\":\"https:\/\/www.tecnosuissesa.com\/fr\/produit\/scie-a-format-a-bois-tsi-professional-2600\/#primaryimage\"},\"image\":{\"@id\":\"https:\/\/www.tecnosuissesa.com\/fr\/produit\/scie-a-format-a-bois-tsi-professional-2600\/#primaryimage\"},\"thumbnailUrl\":\"https:\/\/www.tecnosuissesa.com\/wp-content\/uploads\/2017\/10\/lato-3-3.jpg\",\"datePublished\":\"2017-10-03T12:39:38+00:00\",\"breadcrumb\":{\"@id\":\"https:\/\/www.tecnosuissesa.com\/fr\/produit\/scie-a-format-a-bois-tsi-professional-2600\/#breadcrumb\"},\"inLanguage\":\"fr-FR\",\"potentialAction\":[{\"@type\":\"ReadAction\",\"target\":[\"https:\/\/www.tecnosuissesa.com\/fr\/produit\/scie-a-format-a-bois-tsi-professional-2600\/\"]}]},{\"@type\":\"ImageObject\",\"inLanguage\":\"fr-FR\",\"@id\":\"https:\/\/www.tecnosuissesa.com\/fr\/produit\/scie-a-format-a-bois-tsi-professional-2600\/#primaryimage\",\"url\":\"https:\/\/www.tecnosuissesa.com\/wp-content\/uploads\/2017\/10\/lato-3-3.jpg\",\"contentUrl\":\"https:\/\/www.tecnosuissesa.com\/wp-content\/uploads\/2017\/10\/lato-3-3.jpg\",\"width\":1024,\"height\":768},{\"@type\":\"BreadcrumbList\",\"@id\":\"https:\/\/www.tecnosuissesa.com\/fr\/produit\/scie-a-format-a-bois-tsi-professional-2600\/#breadcrumb\",\"itemListElement\":[{\"@type\":\"ListItem\",\"position\":1,\"name\":\"Home\",\"item\":\"https:\/\/www.tecnosuissesa.com\/fr\/\"},{\"@type\":\"ListItem\",\"position\":2,\"name\":\"Vendita di Macchine Utensili per Legno e per Metalli\",\"item\":\"https:\/\/www.tecnosuissesa.com\/it\/vendita-macchine-utensili\/\"},{\"@type\":\"ListItem\",\"position\":3,\"name\":\"Scie \u00e0 format \u00e0 bois TSI Professional 2600\"}]},{\"@type\":\"WebSite\",\"@id\":\"https:\/\/www.tecnosuissesa.com\/it\/#website\",\"url\":\"https:\/\/www.tecnosuissesa.com\/it\/\",\"name\":\"Tecnosuisse\",\"description\":\"Macchine Utensili per Legno e Metalli\",\"publisher\":{\"@id\":\"https:\/\/www.tecnosuissesa.com\/it\/#organization\"},\"potentialAction\":[{\"@type\":\"SearchAction\",\"target\":{\"@type\":\"EntryPoint\",\"urlTemplate\":\"https:\/\/www.tecnosuissesa.com\/it\/?s={search_term_string}\"},\"query-input\":{\"@type\":\"PropertyValueSpecification\",\"valueRequired\":true,\"valueName\":\"search_term_string\"}}],\"inLanguage\":\"fr-FR\"},{\"@type\":\"Organization\",\"@id\":\"https:\/\/www.tecnosuissesa.com\/it\/#organization\",\"name\":\"Tecnosuisse\",\"url\":\"https:\/\/www.tecnosuissesa.com\/it\/\",\"logo\":{\"@type\":\"ImageObject\",\"inLanguage\":\"fr-FR\",\"@id\":\"https:\/\/www.tecnosuissesa.com\/it\/#\/schema\/logo\/image\/\",\"url\":\"https:\/\/www.tecnosuissesa.com\/wp-content\/uploads\/2017\/08\/Logo_TecnoSuisse_627x627.png\",\"contentUrl\":\"https:\/\/www.tecnosuissesa.com\/wp-content\/uploads\/2017\/08\/Logo_TecnoSuisse_627x627.png\",\"width\":627,\"height\":627,\"caption\":\"Tecnosuisse\"},\"image\":{\"@id\":\"https:\/\/www.tecnosuissesa.com\/it\/#\/schema\/logo\/image\/\"},\"sameAs\":[\"https:\/\/www.facebook.com\/tecnosuisse\/\",\"https:\/\/www.youtube.com\/channel\/UCSoxFNkw8ZiE4jP9OY8AdFg\"]}]}<\/script>\n<!-- \/ Yoast SEO plugin. -->","yoast_head_json":{"title":"Scie \u00e0 format \u00e0 bois TSI Professional 2600 - Tecnosuisse","robots":{"index":"index","follow":"follow","max-snippet":"max-snippet:-1","max-image-preview":"max-image-preview:large","max-video-preview":"max-video-preview:-1"},"canonical":"https:\/\/www.tecnosuissesa.com\/fr\/produit\/scie-a-format-a-bois-tsi-professional-2600\/","og_locale":"fr_FR","og_type":"article","og_title":"Scie \u00e0 format \u00e0 bois TSI Professional 2600 - Tecnosuisse","og_description":"Scie \u00e0 format pour le travail du bois TSI Professional 2600  Machine professional,\u00a0wagon en aluminium positionn\u00e9 ras de lame longeur 2600mm qui permet de r\u00e9aliser des travaux de grande pr\u00e9cision. La toupie\u00a0est dot\u00e9e de\u00a03 vitesses diff\u00e9rentes, groupe scie est inclinable jusqu'\u00e0 45\u00b0","og_url":"https:\/\/www.tecnosuissesa.com\/fr\/produit\/scie-a-format-a-bois-tsi-professional-2600\/","og_site_name":"Tecnosuisse","article_publisher":"https:\/\/www.facebook.com\/tecnosuisse\/","og_image":[{"width":1024,"height":768,"url":"https:\/\/www.tecnosuissesa.com\/wp-content\/uploads\/2017\/10\/lato-3-3.jpg","type":"image\/jpeg"}],"twitter_card":"summary_large_image","twitter_misc":{"Dur\u00e9e de lecture estim\u00e9e":"1 minute"},"schema":{"@context":"https:\/\/schema.org","@graph":[{"@type":"WebPage","@id":"https:\/\/www.tecnosuissesa.com\/fr\/produit\/scie-a-format-a-bois-tsi-professional-2600\/","url":"https:\/\/www.tecnosuissesa.com\/fr\/produit\/scie-a-format-a-bois-tsi-professional-2600\/","name":"Scie \u00e0 format \u00e0 bois TSI Professional 2600 - Tecnosuisse","isPartOf":{"@id":"https:\/\/www.tecnosuissesa.com\/it\/#website"},"primaryImageOfPage":{"@id":"https:\/\/www.tecnosuissesa.com\/fr\/produit\/scie-a-format-a-bois-tsi-professional-2600\/#primaryimage"},"image":{"@id":"https:\/\/www.tecnosuissesa.com\/fr\/produit\/scie-a-format-a-bois-tsi-professional-2600\/#primaryimage"},"thumbnailUrl":"https:\/\/www.tecnosuissesa.com\/wp-content\/uploads\/2017\/10\/lato-3-3.jpg","datePublished":"2017-10-03T12:39:38+00:00","breadcrumb":{"@id":"https:\/\/www.tecnosuissesa.com\/fr\/produit\/scie-a-format-a-bois-tsi-professional-2600\/#breadcrumb"},"inLanguage":"fr-FR","potentialAction":[{"@type":"ReadAction","target":["https:\/\/www.tecnosuissesa.com\/fr\/produit\/scie-a-format-a-bois-tsi-professional-2600\/"]}]},{"@type":"ImageObject","inLanguage":"fr-FR","@id":"https:\/\/www.tecnosuissesa.com\/fr\/produit\/scie-a-format-a-bois-tsi-professional-2600\/#primaryimage","url":"https:\/\/www.tecnosuissesa.com\/wp-content\/uploads\/2017\/10\/lato-3-3.jpg","contentUrl":"https:\/\/www.tecnosuissesa.com\/wp-content\/uploads\/2017\/10\/lato-3-3.jpg","width":1024,"height":768},{"@type":"BreadcrumbList","@id":"https:\/\/www.tecnosuissesa.com\/fr\/produit\/scie-a-format-a-bois-tsi-professional-2600\/#breadcrumb","itemListElement":[{"@type":"ListItem","position":1,"name":"Home","item":"https:\/\/www.tecnosuissesa.com\/fr\/"},{"@type":"ListItem","position":2,"name":"Vendita di Macchine Utensili per Legno e per Metalli","item":"https:\/\/www.tecnosuissesa.com\/it\/vendita-macchine-utensili\/"},{"@type":"ListItem","position":3,"name":"Scie \u00e0 format \u00e0 bois TSI Professional 2600"}]},{"@type":"WebSite","@id":"https:\/\/www.tecnosuissesa.com\/it\/#website","url":"https:\/\/www.tecnosuissesa.com\/it\/","name":"Tecnosuisse","description":"Macchine Utensili per Legno e Metalli","publisher":{"@id":"https:\/\/www.tecnosuissesa.com\/it\/#organization"},"potentialAction":[{"@type":"SearchAction","target":{"@type":"EntryPoint","urlTemplate":"https:\/\/www.tecnosuissesa.com\/it\/?s={search_term_string}"},"query-input":{"@type":"PropertyValueSpecification","valueRequired":true,"valueName":"search_term_string"}}],"inLanguage":"fr-FR"},{"@type":"Organization","@id":"https:\/\/www.tecnosuissesa.com\/it\/#organization","name":"Tecnosuisse","url":"https:\/\/www.tecnosuissesa.com\/it\/","logo":{"@type":"ImageObject","inLanguage":"fr-FR","@id":"https:\/\/www.tecnosuissesa.com\/it\/#\/schema\/logo\/image\/","url":"https:\/\/www.tecnosuissesa.com\/wp-content\/uploads\/2017\/08\/Logo_TecnoSuisse_627x627.png","contentUrl":"https:\/\/www.tecnosuissesa.com\/wp-content\/uploads\/2017\/08\/Logo_TecnoSuisse_627x627.png","width":627,"height":627,"caption":"Tecnosuisse"},"image":{"@id":"https:\/\/www.tecnosuissesa.com\/it\/#\/schema\/logo\/image\/"},"sameAs":["https:\/\/www.facebook.com\/tecnosuisse\/","https:\/\/www.youtube.com\/channel\/UCSoxFNkw8ZiE4jP9OY8AdFg"]}]}},"_links":{"self":[{"href":"https:\/\/www.tecnosuissesa.com\/fr\/wp-json\/wp\/v2\/product\/1681","targetHints":{"allow":["GET"]}}],"collection":[{"href":"https:\/\/www.tecnosuissesa.com\/fr\/wp-json\/wp\/v2\/product"}],"about":[{"href":"https:\/\/www.tecnosuissesa.com\/fr\/wp-json\/wp\/v2\/types\/product"}],"replies":[{"embeddable":true,"href":"https:\/\/www.tecnosuissesa.com\/fr\/wp-json\/wp\/v2\/comments?post=1681"}],"wp:featuredmedia":[{"embeddable":true,"href":"https:\/\/www.tecnosuissesa.com\/fr\/wp-json\/wp\/v2\/media\/1664"}],"wp:attachment":[{"href":"https:\/\/www.tecnosuissesa.com\/fr\/wp-json\/wp\/v2\/media?parent=1681"}],"wp:term":[{"taxonomy":"product_brand","embeddable":true,"href":"https:\/\/www.tecnosuissesa.com\/fr\/wp-json\/wp\/v2\/product_brand?post=1681"},{"taxonomy":"product_cat","embeddable":true,"href":"https:\/\/www.tecnosuissesa.com\/fr\/wp-json\/wp\/v2\/product_cat?post=1681"},{"taxonomy":"product_tag","embeddable":true,"href":"https:\/\/www.tecnosuissesa.com\/fr\/wp-json\/wp\/v2\/product_tag?post=1681"}],"curies":[{"name":"wp","href":"https:\/\/api.w.org\/{rel}","templated":true}]}}