{"id":1601,"date":"2017-10-02T17:32:59","date_gmt":"2017-10-02T15:32:59","guid":{"rendered":"https:\/\/www.tecnosuissesa.com\/product\/ponceuse-a-bois-levigaltecnica-410\/"},"modified":"2017-10-02T17:44:00","modified_gmt":"2017-10-02T15:44:00","slug":"ponceuse-a-bois-levigaltecnica-410","status":"publish","type":"product","link":"https:\/\/www.tecnosuissesa.com\/fr\/product\/ponceuse-a-bois-levigaltecnica-410\/","title":{"rendered":"Ponceuse \u00e0 bois LEVIGALTECNICA 410"},"content":{"rendered":"<p>C\u2019est une ponceuse avec rouleau abrasif, \u00e9quip\u00e9e d&rsquo;alimentation automatique de la pi\u00e8ce. La machine est capable \u00e0 poncer aussi bien les panneaux en bois que les profils en bois massif et vous pouvez obtenir une surface parfaitement lisse. Elle est excellente m\u00eame pour les parties peintes \u00e0 d\u00e9grossir.\u00a0Cette ponceuse est \u00e9quip\u00e9e de variateur \u00e9lectronique de la vitesse pour le r\u00e9glage de la vitesse de pon\u00e7age et il y a aussi l\u2019avancement automatique r\u00e9glable de la pi\u00e8ce \u00e0 poncer.<\/p>\n<table border=\"1\" width=\"100%\" cellspacing=\"0\" cellpadding=\"0\">\n<tbody>\n<tr>\n<td colspan=\"2\" align=\"center\" height=\"20\"><strong>DONN\u00c9ES TECNIQUES<\/strong><\/td>\n<\/tr>\n<tr>\n<td colspan=\"2\" valign=\"top\" height=\"20\"><strong>DIMENSIONS<\/strong><\/td>\n<\/tr>\n<tr>\n<td valign=\"top\" width=\"46%\" height=\"20\">Dimensions encombrement<\/td>\n<td valign=\"top\" width=\"54%\" height=\"20\">1100 mm (longueur) x 850 mm (largeur) x 1300 mm (hauteur)<\/td>\n<\/tr>\n<tr>\n<td valign=\"top\" height=\"20\">Poids net-brut machine<\/td>\n<td valign=\"top\" height=\"20\">90 Kg<\/td>\n<\/tr>\n<tr>\n<td valign=\"top\" height=\"20\">Kit roues<\/td>\n<td valign=\"top\" height=\"20\">Sur demande<\/td>\n<\/tr>\n<tr>\n<td colspan=\"2\" valign=\"top\" height=\"20\"><strong>SP\u00c9CIFICATIONS<\/strong><\/td>\n<\/tr>\n<tr>\n<td height=\"20\">Max. largeur \u00e0 lisser<\/td>\n<td height=\"20\">405 mm<\/td>\n<\/tr>\n<tr>\n<td height=\"20\">Max. hauteur \u00e0 lisser<\/td>\n<td height=\"20\">130 mm<\/td>\n<\/tr>\n<tr>\n<td height=\"20\">Max. vitesse de la rotation du rouleau<\/td>\n<td height=\"20\">1440 tr\/min<\/td>\n<\/tr>\n<tr>\n<td height=\"20\">Vitesse avancement rouleau<\/td>\n<td height=\"20\">da 0 a 3 m\u00e8tres\/min<\/td>\n<\/tr>\n<tr>\n<td height=\"20\">Largeur rouleau<\/td>\n<td height=\"20\">150 mm<\/td>\n<\/tr>\n<tr>\n<td height=\"20\">Dimensions plan fixe<\/td>\n<td height=\"20\">850 x 4010 mm<\/td>\n<\/tr>\n<tr>\n<td height=\"20\">Diam\u00e8tre bouche d\u2019aspiration<\/td>\n<td height=\"20\">100 mm<\/td>\n<\/tr>\n<tr>\n<td colspan=\"2\" height=\"20\"><strong>MOTEUR<\/strong><\/td>\n<\/tr>\n<tr>\n<td height=\"20\">Puissance<\/td>\n<td height=\"20\">1100 W<\/td>\n<\/tr>\n<tr>\n<td height=\"20\">Type<\/td>\n<td height=\"20\">Mono 1 vitesse (220 V)<\/td>\n<\/tr>\n<\/tbody>\n<\/table>\n","protected":false},"excerpt":{"rendered":"<p>Ponceuse \u00e0 bois LEVIGALTECNICA 410 avec rouleau abrasif \u00e9quip\u00e9e de variateur \u00e9lectronique de la vitesse<\/p>\n","protected":false},"featured_media":1593,"comment_status":"open","ping_status":"closed","template":"","meta":[],"product_brand":[],"product_cat":[61],"product_tag":[],"class_list":{"0":"post-1601","1":"product","2":"type-product","3":"status-publish","4":"has-post-thumbnail","6":"product_cat-ponceuses-detabli","7":"product_shipping_class-classe-10","9":"first","10":"instock","11":"shipping-taxable","12":"purchasable","13":"product-type-simple"},"yoast_head":"<!-- This site is optimized with the Yoast SEO plugin v27.1 - https:\/\/yoast.com\/product\/yoast-seo-wordpress\/ -->\n<title>Ponceuse \u00e0 bois LEVIGALTECNICA 410 - Tecnosuisse<\/title>\n<meta name=\"robots\" content=\"index, follow, max-snippet:-1, max-image-preview:large, max-video-preview:-1\" \/>\n<link rel=\"canonical\" href=\"https:\/\/www.tecnosuissesa.com\/fr\/produit\/ponceuse-a-bois-levigaltecnica-410\/\" \/>\n<meta property=\"og:locale\" content=\"fr_FR\" \/>\n<meta property=\"og:type\" content=\"article\" \/>\n<meta property=\"og:title\" content=\"Ponceuse \u00e0 bois LEVIGALTECNICA 410 - Tecnosuisse\" \/>\n<meta property=\"og:description\" content=\"Ponceuse \u00e0 bois LEVIGALTECNICA 410 avec rouleau abrasif \u00e9quip\u00e9e de variateur \u00e9lectronique de la vitesse\" \/>\n<meta property=\"og:url\" content=\"https:\/\/www.tecnosuissesa.com\/fr\/produit\/ponceuse-a-bois-levigaltecnica-410\/\" \/>\n<meta property=\"og:site_name\" content=\"Tecnosuisse\" \/>\n<meta property=\"article:publisher\" content=\"https:\/\/www.facebook.com\/tecnosuisse\/\" \/>\n<meta property=\"article:modified_time\" content=\"2017-10-02T15:44:00+00:00\" \/>\n<meta property=\"og:image\" content=\"https:\/\/www.tecnosuissesa.com\/wp-content\/uploads\/2017\/10\/LEV410_2.jpg\" \/>\n\t<meta property=\"og:image:width\" content=\"1024\" \/>\n\t<meta property=\"og:image:height\" content=\"768\" \/>\n\t<meta property=\"og:image:type\" content=\"image\/jpeg\" \/>\n<meta name=\"twitter:card\" content=\"summary_large_image\" \/>\n<meta name=\"twitter:label1\" content=\"Dur\u00e9e de lecture estim\u00e9e\" \/>\n\t<meta name=\"twitter:data1\" content=\"1 minute\" \/>\n<script type=\"application\/ld+json\" class=\"yoast-schema-graph\">{\"@context\":\"https:\/\/schema.org\",\"@graph\":[{\"@type\":\"WebPage\",\"@id\":\"https:\/\/www.tecnosuissesa.com\/fr\/produit\/ponceuse-a-bois-levigaltecnica-410\/\",\"url\":\"https:\/\/www.tecnosuissesa.com\/fr\/produit\/ponceuse-a-bois-levigaltecnica-410\/\",\"name\":\"Ponceuse \u00e0 bois LEVIGALTECNICA 410 - Tecnosuisse\",\"isPartOf\":{\"@id\":\"https:\/\/www.tecnosuissesa.com\/it\/#website\"},\"primaryImageOfPage\":{\"@id\":\"https:\/\/www.tecnosuissesa.com\/fr\/produit\/ponceuse-a-bois-levigaltecnica-410\/#primaryimage\"},\"image\":{\"@id\":\"https:\/\/www.tecnosuissesa.com\/fr\/produit\/ponceuse-a-bois-levigaltecnica-410\/#primaryimage\"},\"thumbnailUrl\":\"https:\/\/www.tecnosuissesa.com\/wp-content\/uploads\/2017\/10\/LEV410_2.jpg\",\"datePublished\":\"2017-10-02T15:32:59+00:00\",\"dateModified\":\"2017-10-02T15:44:00+00:00\",\"breadcrumb\":{\"@id\":\"https:\/\/www.tecnosuissesa.com\/fr\/produit\/ponceuse-a-bois-levigaltecnica-410\/#breadcrumb\"},\"inLanguage\":\"fr-FR\",\"potentialAction\":[{\"@type\":\"ReadAction\",\"target\":[\"https:\/\/www.tecnosuissesa.com\/fr\/produit\/ponceuse-a-bois-levigaltecnica-410\/\"]}]},{\"@type\":\"ImageObject\",\"inLanguage\":\"fr-FR\",\"@id\":\"https:\/\/www.tecnosuissesa.com\/fr\/produit\/ponceuse-a-bois-levigaltecnica-410\/#primaryimage\",\"url\":\"https:\/\/www.tecnosuissesa.com\/wp-content\/uploads\/2017\/10\/LEV410_2.jpg\",\"contentUrl\":\"https:\/\/www.tecnosuissesa.com\/wp-content\/uploads\/2017\/10\/LEV410_2.jpg\",\"width\":1024,\"height\":768},{\"@type\":\"BreadcrumbList\",\"@id\":\"https:\/\/www.tecnosuissesa.com\/fr\/produit\/ponceuse-a-bois-levigaltecnica-410\/#breadcrumb\",\"itemListElement\":[{\"@type\":\"ListItem\",\"position\":1,\"name\":\"Home\",\"item\":\"https:\/\/www.tecnosuissesa.com\/fr\/\"},{\"@type\":\"ListItem\",\"position\":2,\"name\":\"Vendita di Macchine Utensili per Legno e per Metalli\",\"item\":\"https:\/\/www.tecnosuissesa.com\/it\/vendita-macchine-utensili\/\"},{\"@type\":\"ListItem\",\"position\":3,\"name\":\"Ponceuse \u00e0 bois LEVIGALTECNICA 410\"}]},{\"@type\":\"WebSite\",\"@id\":\"https:\/\/www.tecnosuissesa.com\/it\/#website\",\"url\":\"https:\/\/www.tecnosuissesa.com\/it\/\",\"name\":\"Tecnosuisse\",\"description\":\"Macchine Utensili per Legno e Metalli\",\"publisher\":{\"@id\":\"https:\/\/www.tecnosuissesa.com\/it\/#organization\"},\"potentialAction\":[{\"@type\":\"SearchAction\",\"target\":{\"@type\":\"EntryPoint\",\"urlTemplate\":\"https:\/\/www.tecnosuissesa.com\/it\/?s={search_term_string}\"},\"query-input\":{\"@type\":\"PropertyValueSpecification\",\"valueRequired\":true,\"valueName\":\"search_term_string\"}}],\"inLanguage\":\"fr-FR\"},{\"@type\":\"Organization\",\"@id\":\"https:\/\/www.tecnosuissesa.com\/it\/#organization\",\"name\":\"Tecnosuisse\",\"url\":\"https:\/\/www.tecnosuissesa.com\/it\/\",\"logo\":{\"@type\":\"ImageObject\",\"inLanguage\":\"fr-FR\",\"@id\":\"https:\/\/www.tecnosuissesa.com\/it\/#\/schema\/logo\/image\/\",\"url\":\"https:\/\/www.tecnosuissesa.com\/wp-content\/uploads\/2017\/08\/Logo_TecnoSuisse_627x627.png\",\"contentUrl\":\"https:\/\/www.tecnosuissesa.com\/wp-content\/uploads\/2017\/08\/Logo_TecnoSuisse_627x627.png\",\"width\":627,\"height\":627,\"caption\":\"Tecnosuisse\"},\"image\":{\"@id\":\"https:\/\/www.tecnosuissesa.com\/it\/#\/schema\/logo\/image\/\"},\"sameAs\":[\"https:\/\/www.facebook.com\/tecnosuisse\/\",\"https:\/\/www.youtube.com\/channel\/UCSoxFNkw8ZiE4jP9OY8AdFg\"]}]}<\/script>\n<!-- \/ Yoast SEO plugin. -->","yoast_head_json":{"title":"Ponceuse \u00e0 bois LEVIGALTECNICA 410 - Tecnosuisse","robots":{"index":"index","follow":"follow","max-snippet":"max-snippet:-1","max-image-preview":"max-image-preview:large","max-video-preview":"max-video-preview:-1"},"canonical":"https:\/\/www.tecnosuissesa.com\/fr\/produit\/ponceuse-a-bois-levigaltecnica-410\/","og_locale":"fr_FR","og_type":"article","og_title":"Ponceuse \u00e0 bois LEVIGALTECNICA 410 - Tecnosuisse","og_description":"Ponceuse \u00e0 bois LEVIGALTECNICA 410 avec rouleau abrasif \u00e9quip\u00e9e de variateur \u00e9lectronique de la vitesse","og_url":"https:\/\/www.tecnosuissesa.com\/fr\/produit\/ponceuse-a-bois-levigaltecnica-410\/","og_site_name":"Tecnosuisse","article_publisher":"https:\/\/www.facebook.com\/tecnosuisse\/","article_modified_time":"2017-10-02T15:44:00+00:00","og_image":[{"width":1024,"height":768,"url":"https:\/\/www.tecnosuissesa.com\/wp-content\/uploads\/2017\/10\/LEV410_2.jpg","type":"image\/jpeg"}],"twitter_card":"summary_large_image","twitter_misc":{"Dur\u00e9e de lecture estim\u00e9e":"1 minute"},"schema":{"@context":"https:\/\/schema.org","@graph":[{"@type":"WebPage","@id":"https:\/\/www.tecnosuissesa.com\/fr\/produit\/ponceuse-a-bois-levigaltecnica-410\/","url":"https:\/\/www.tecnosuissesa.com\/fr\/produit\/ponceuse-a-bois-levigaltecnica-410\/","name":"Ponceuse \u00e0 bois LEVIGALTECNICA 410 - Tecnosuisse","isPartOf":{"@id":"https:\/\/www.tecnosuissesa.com\/it\/#website"},"primaryImageOfPage":{"@id":"https:\/\/www.tecnosuissesa.com\/fr\/produit\/ponceuse-a-bois-levigaltecnica-410\/#primaryimage"},"image":{"@id":"https:\/\/www.tecnosuissesa.com\/fr\/produit\/ponceuse-a-bois-levigaltecnica-410\/#primaryimage"},"thumbnailUrl":"https:\/\/www.tecnosuissesa.com\/wp-content\/uploads\/2017\/10\/LEV410_2.jpg","datePublished":"2017-10-02T15:32:59+00:00","dateModified":"2017-10-02T15:44:00+00:00","breadcrumb":{"@id":"https:\/\/www.tecnosuissesa.com\/fr\/produit\/ponceuse-a-bois-levigaltecnica-410\/#breadcrumb"},"inLanguage":"fr-FR","potentialAction":[{"@type":"ReadAction","target":["https:\/\/www.tecnosuissesa.com\/fr\/produit\/ponceuse-a-bois-levigaltecnica-410\/"]}]},{"@type":"ImageObject","inLanguage":"fr-FR","@id":"https:\/\/www.tecnosuissesa.com\/fr\/produit\/ponceuse-a-bois-levigaltecnica-410\/#primaryimage","url":"https:\/\/www.tecnosuissesa.com\/wp-content\/uploads\/2017\/10\/LEV410_2.jpg","contentUrl":"https:\/\/www.tecnosuissesa.com\/wp-content\/uploads\/2017\/10\/LEV410_2.jpg","width":1024,"height":768},{"@type":"BreadcrumbList","@id":"https:\/\/www.tecnosuissesa.com\/fr\/produit\/ponceuse-a-bois-levigaltecnica-410\/#breadcrumb","itemListElement":[{"@type":"ListItem","position":1,"name":"Home","item":"https:\/\/www.tecnosuissesa.com\/fr\/"},{"@type":"ListItem","position":2,"name":"Vendita di Macchine Utensili per Legno e per Metalli","item":"https:\/\/www.tecnosuissesa.com\/it\/vendita-macchine-utensili\/"},{"@type":"ListItem","position":3,"name":"Ponceuse \u00e0 bois LEVIGALTECNICA 410"}]},{"@type":"WebSite","@id":"https:\/\/www.tecnosuissesa.com\/it\/#website","url":"https:\/\/www.tecnosuissesa.com\/it\/","name":"Tecnosuisse","description":"Macchine Utensili per Legno e Metalli","publisher":{"@id":"https:\/\/www.tecnosuissesa.com\/it\/#organization"},"potentialAction":[{"@type":"SearchAction","target":{"@type":"EntryPoint","urlTemplate":"https:\/\/www.tecnosuissesa.com\/it\/?s={search_term_string}"},"query-input":{"@type":"PropertyValueSpecification","valueRequired":true,"valueName":"search_term_string"}}],"inLanguage":"fr-FR"},{"@type":"Organization","@id":"https:\/\/www.tecnosuissesa.com\/it\/#organization","name":"Tecnosuisse","url":"https:\/\/www.tecnosuissesa.com\/it\/","logo":{"@type":"ImageObject","inLanguage":"fr-FR","@id":"https:\/\/www.tecnosuissesa.com\/it\/#\/schema\/logo\/image\/","url":"https:\/\/www.tecnosuissesa.com\/wp-content\/uploads\/2017\/08\/Logo_TecnoSuisse_627x627.png","contentUrl":"https:\/\/www.tecnosuissesa.com\/wp-content\/uploads\/2017\/08\/Logo_TecnoSuisse_627x627.png","width":627,"height":627,"caption":"Tecnosuisse"},"image":{"@id":"https:\/\/www.tecnosuissesa.com\/it\/#\/schema\/logo\/image\/"},"sameAs":["https:\/\/www.facebook.com\/tecnosuisse\/","https:\/\/www.youtube.com\/channel\/UCSoxFNkw8ZiE4jP9OY8AdFg"]}]}},"_links":{"self":[{"href":"https:\/\/www.tecnosuissesa.com\/fr\/wp-json\/wp\/v2\/product\/1601","targetHints":{"allow":["GET"]}}],"collection":[{"href":"https:\/\/www.tecnosuissesa.com\/fr\/wp-json\/wp\/v2\/product"}],"about":[{"href":"https:\/\/www.tecnosuissesa.com\/fr\/wp-json\/wp\/v2\/types\/product"}],"replies":[{"embeddable":true,"href":"https:\/\/www.tecnosuissesa.com\/fr\/wp-json\/wp\/v2\/comments?post=1601"}],"wp:featuredmedia":[{"embeddable":true,"href":"https:\/\/www.tecnosuissesa.com\/fr\/wp-json\/wp\/v2\/media\/1593"}],"wp:attachment":[{"href":"https:\/\/www.tecnosuissesa.com\/fr\/wp-json\/wp\/v2\/media?parent=1601"}],"wp:term":[{"taxonomy":"product_brand","embeddable":true,"href":"https:\/\/www.tecnosuissesa.com\/fr\/wp-json\/wp\/v2\/product_brand?post=1601"},{"taxonomy":"product_cat","embeddable":true,"href":"https:\/\/www.tecnosuissesa.com\/fr\/wp-json\/wp\/v2\/product_cat?post=1601"},{"taxonomy":"product_tag","embeddable":true,"href":"https:\/\/www.tecnosuissesa.com\/fr\/wp-json\/wp\/v2\/product_tag?post=1601"}],"curies":[{"name":"wp","href":"https:\/\/api.w.org\/{rel}","templated":true}]}}