{"id":1552,"date":"2017-10-02T16:30:47","date_gmt":"2017-10-02T14:30:47","guid":{"rendered":"https:\/\/www.tecnosuissesa.com\/product\/scie-a-format-a-bois-tsi-super-1600\/"},"modified":"2017-10-02T16:30:47","modified_gmt":"2017-10-02T14:30:47","slug":"scie-a-format-a-bois-tsi-super-1600","status":"publish","type":"product","link":"https:\/\/www.tecnosuissesa.com\/fr\/product\/scie-a-format-a-bois-tsi-super-1600\/","title":{"rendered":"Scie \u00e0 format \u00e0 bois TSI Super 1600"},"content":{"rendered":"<p><strong>Description:<\/strong><\/p>\n<p>La TSI SUPER\u00a0\u00e0 diff\u00e9rence du mod\u00e8le TSI Standard est dot\u00e9e d&rsquo;un grand wagon en aluminium qui permet de r\u00e9aliser de travaux de grande pr\u00e9cision.\u00a0Cette combin\u00e9e fait les op\u00e9rations suivantes:<br \/>\nToupie, Scie et Inciseur.\u00a0Le chariot \u00e0 \u00e9quarrir avec dimensions de 700 x 530 mm vient d\u00e9plac\u00e9 au moyen d&rsquo;un wagon en aluminium largue\u00a0310 mm et long 1500 mm.\u00a0La toupie\u00a0est dot\u00e9e de\u00a03 vitesses diff\u00e9rentes, et un moteur ind\u00e9pendant de 3 HP.<br \/>\nLe groupe scie est inclinable et il a un inciseur qui \u00e9vite d&rsquo; \u00e9br\u00e9cher les panneaux pendant les travaux d&rsquo;\u00e9querrage.<br \/>\nElle est une combin\u00e9e de type professionnel qu&rsquo;on peut utiliser soit singuli\u00e8rement, soit avec autre combin\u00e9e FSC de mm. 260, 300, 350 ou 400.\u00a0Elle est \u00e9tudi\u00e9 pour satisfaire les exigences des professionnelles du travail du bois.<\/p>\n<table border=\"1\" width=\"100%\" cellspacing=\"0\" cellpadding=\"0\">\n<tbody>\n<tr>\n<td colspan=\"2\" valign=\"top\" height=\"20\">\n<div align=\"center\"><strong>DONN\u00c9ES TECNIQUES<\/strong><\/div>\n<\/td>\n<\/tr>\n<tr>\n<td colspan=\"2\" valign=\"top\" height=\"20\"><strong>DIMENSIONS<\/strong><\/td>\n<\/tr>\n<tr>\n<td valign=\"top\" width=\"415\" height=\"20\">Encombrement machine avec wagon et chariot \u00e0 \u00e9quarrir<\/td>\n<td valign=\"top\" width=\"414\" height=\"20\">1950 (longueur) x 2300 (largeur) x 850 (hauteur tables) mm<\/td>\n<\/tr>\n<tr>\n<td valign=\"top\" height=\"20\">Encombrement machine sans wagon et sans chariot \u00e0 \u00e9quarrir<\/td>\n<td valign=\"top\" height=\"20\">1950 (longueur) x 1420 (largeur) x 850 (hauteur tables) mm<\/td>\n<\/tr>\n<tr>\n<td valign=\"top\" height=\"20\">Poids net<\/td>\n<td valign=\"top\" height=\"20\">280 Kg<\/td>\n<\/tr>\n<tr>\n<td colspan=\"2\" height=\"20\"><strong>SCIE CIRCULAIRE<\/strong><\/td>\n<\/tr>\n<tr>\n<td height=\"20\">Diam\u00e8tre lame<\/td>\n<td height=\"20\">315 mm<\/td>\n<\/tr>\n<tr>\n<td height=\"20\">Diam\u00e8tre inciseur<\/td>\n<td height=\"20\">90 mm<\/td>\n<\/tr>\n<tr>\n<td height=\"20\">Typologie<\/td>\n<td height=\"20\">R\u00e9glable en vertical avec inclination de la lame<\/td>\n<\/tr>\n<tr>\n<td height=\"20\">Vitesse de rotation<\/td>\n<td height=\"20\">3500 tours\/min<\/td>\n<\/tr>\n<tr>\n<td height=\"20\">Max. coupe en hauteur (avec protection) a 90\u00b0<\/td>\n<td height=\"20\">75 mm (<span id=\"result_box5\" lang=\"fr\" xml:lang=\"fr\">verticalement<\/span>)<\/td>\n<\/tr>\n<tr>\n<td height=\"20\">Max. coupe en hauteur (con protection) a 45\u00b0<\/td>\n<td height=\"20\">60 mm (<span id=\"result_box6\" lang=\"fr\" xml:lang=\"fr\">verticalement<\/span>)<\/td>\n<\/tr>\n<tr>\n<td height=\"20\">Max. coupe\u00a0<span id=\"result_box3\" lang=\"fr\" xml:lang=\"fr\">angulaires<\/span>\u00a0(sains protection) a 90\u00b0<\/td>\n<td height=\"20\">100 mm (<span id=\"result_box7\" lang=\"fr\" xml:lang=\"fr\">verticalement<\/span>)<\/td>\n<\/tr>\n<tr>\n<td height=\"20\">Max. coupe\u00a0<span id=\"result_box4\" lang=\"fr\" xml:lang=\"fr\">angulaires<\/span>\u00a0(senza protection) a 45\u00b0<\/td>\n<td height=\"20\">80 mm (<span id=\"result_box8\" lang=\"fr\" xml:lang=\"fr\">verticalement<\/span>)<\/td>\n<\/tr>\n<tr>\n<td colspan=\"2\" height=\"20\"><strong>CHARIOT \u00c0 \u00c9QUARRIR AVEC WAGON EN ALUMINIUM POSITIONN\u00c9 RAS DE LAME<\/strong><\/td>\n<\/tr>\n<tr>\n<td height=\"20\">Dimension wagon en aluminium<\/td>\n<td height=\"20\">310 x 1610 mm<\/td>\n<\/tr>\n<tr>\n<td height=\"20\">Dimension chariot<\/td>\n<td height=\"20\">700 x 530 mm<\/td>\n<\/tr>\n<tr>\n<td height=\"20\">Corsa carrello<\/td>\n<td height=\"20\">avec inciseur 1600 mm, sains inciseur 1700 mm<\/td>\n<\/tr>\n<tr>\n<td colspan=\"2\" height=\"20\"><strong>MOTEUR SCIE<\/strong><\/td>\n<\/tr>\n<tr>\n<td height=\"20\">Puissance<\/td>\n<td height=\"20\">3 Hp &#8211; 2200 W<\/td>\n<\/tr>\n<tr>\n<td height=\"20\">Tension<\/td>\n<td height=\"20\">220 V<\/td>\n<\/tr>\n<tr>\n<td colspan=\"2\" height=\"20\"><strong>TOUPIE<\/strong><\/td>\n<\/tr>\n<tr>\n<td height=\"20\">Typologie<\/td>\n<td height=\"20\">Vertical<\/td>\n<\/tr>\n<tr>\n<td height=\"20\">Max course verticale de l&rsquo;arbre<\/td>\n<td height=\"20\">115 mm<\/td>\n<\/tr>\n<tr>\n<td height=\"20\">Diametre de l&rsquo;arbre standard<\/td>\n<td height=\"20\">30 mm<\/td>\n<\/tr>\n<tr>\n<td height=\"20\">Diam\u00e8tre maximum fraise<\/td>\n<td height=\"20\">220 mm<\/td>\n<\/tr>\n<tr>\n<td height=\"20\">Vitesse de rotation<\/td>\n<td height=\"20\">1750 &#8211; 3500 &#8211; 6700 tours\/min<\/td>\n<\/tr>\n<tr>\n<td height=\"20\">Max. profondit\u00e0 pozzetto toupie<\/td>\n<td height=\"20\">74 mm<\/td>\n<\/tr>\n<tr>\n<td colspan=\"2\" height=\"20\"><strong>MOTEUR TOUPIE<\/strong><\/td>\n<\/tr>\n<tr>\n<td height=\"20\">Puissance<\/td>\n<td>3 Hp &#8211; 2200 W<\/td>\n<\/tr>\n<tr>\n<td height=\"20\">Tension<\/td>\n<td>220 V<\/td>\n<\/tr>\n<\/tbody>\n<\/table>\n","protected":false},"excerpt":{"rendered":"<p>Scie \u00e0 format pour usinage du bois TSI SUPER 1600<\/p>\n<p>Cette combin\u00e9e fait les op\u00e9rations suivantes: Toupie, Scie et Inciseur, avec chariot \u00e0 \u00e9quarrir de 700 x 530 mm<\/p>\n","protected":false},"featured_media":1542,"comment_status":"open","ping_status":"closed","template":"","meta":[],"product_brand":[],"product_cat":[118],"product_tag":[],"class_list":{"0":"post-1552","1":"product","2":"type-product","3":"status-publish","4":"has-post-thumbnail","6":"product_cat-scies-a-format","7":"product_shipping_class-classe-10","9":"first","10":"instock","11":"shipping-taxable","12":"purchasable","13":"product-type-simple"},"yoast_head":"<!-- This site is optimized with the Yoast SEO plugin v27.1 - https:\/\/yoast.com\/product\/yoast-seo-wordpress\/ -->\n<title>Scie \u00e0 format \u00e0 bois TSI Super 1600 - Tecnosuisse<\/title>\n<meta name=\"robots\" content=\"index, follow, max-snippet:-1, max-image-preview:large, max-video-preview:-1\" \/>\n<link rel=\"canonical\" href=\"https:\/\/www.tecnosuissesa.com\/fr\/produit\/scie-a-format-a-bois-tsi-super-1600\/\" \/>\n<meta property=\"og:locale\" content=\"fr_FR\" \/>\n<meta property=\"og:type\" content=\"article\" \/>\n<meta property=\"og:title\" content=\"Scie \u00e0 format \u00e0 bois TSI Super 1600 - Tecnosuisse\" \/>\n<meta property=\"og:description\" content=\"Scie \u00e0 format pour usinage du bois TSI SUPER 1600  Cette combin\u00e9e fait les op\u00e9rations suivantes: Toupie, Scie et Inciseur, avec chariot \u00e0 \u00e9quarrir de 700 x 530 mm\" \/>\n<meta property=\"og:url\" content=\"https:\/\/www.tecnosuissesa.com\/fr\/produit\/scie-a-format-a-bois-tsi-super-1600\/\" \/>\n<meta property=\"og:site_name\" content=\"Tecnosuisse\" \/>\n<meta property=\"article:publisher\" content=\"https:\/\/www.facebook.com\/tecnosuisse\/\" \/>\n<meta property=\"og:image\" content=\"https:\/\/www.tecnosuissesa.com\/wp-content\/uploads\/2017\/10\/TSI-Super-1.jpg\" \/>\n\t<meta property=\"og:image:width\" content=\"1200\" \/>\n\t<meta property=\"og:image:height\" content=\"900\" \/>\n\t<meta property=\"og:image:type\" content=\"image\/jpeg\" \/>\n<meta name=\"twitter:card\" content=\"summary_large_image\" \/>\n<meta name=\"twitter:label1\" content=\"Dur\u00e9e de lecture estim\u00e9e\" \/>\n\t<meta name=\"twitter:data1\" content=\"2 minutes\" \/>\n<script type=\"application\/ld+json\" class=\"yoast-schema-graph\">{\"@context\":\"https:\/\/schema.org\",\"@graph\":[{\"@type\":\"WebPage\",\"@id\":\"https:\/\/www.tecnosuissesa.com\/fr\/produit\/scie-a-format-a-bois-tsi-super-1600\/\",\"url\":\"https:\/\/www.tecnosuissesa.com\/fr\/produit\/scie-a-format-a-bois-tsi-super-1600\/\",\"name\":\"Scie \u00e0 format \u00e0 bois TSI Super 1600 - Tecnosuisse\",\"isPartOf\":{\"@id\":\"https:\/\/www.tecnosuissesa.com\/it\/#website\"},\"primaryImageOfPage\":{\"@id\":\"https:\/\/www.tecnosuissesa.com\/fr\/produit\/scie-a-format-a-bois-tsi-super-1600\/#primaryimage\"},\"image\":{\"@id\":\"https:\/\/www.tecnosuissesa.com\/fr\/produit\/scie-a-format-a-bois-tsi-super-1600\/#primaryimage\"},\"thumbnailUrl\":\"https:\/\/www.tecnosuissesa.com\/wp-content\/uploads\/2017\/10\/TSI-Super-1.jpg\",\"datePublished\":\"2017-10-02T14:30:47+00:00\",\"breadcrumb\":{\"@id\":\"https:\/\/www.tecnosuissesa.com\/fr\/produit\/scie-a-format-a-bois-tsi-super-1600\/#breadcrumb\"},\"inLanguage\":\"fr-FR\",\"potentialAction\":[{\"@type\":\"ReadAction\",\"target\":[\"https:\/\/www.tecnosuissesa.com\/fr\/produit\/scie-a-format-a-bois-tsi-super-1600\/\"]}]},{\"@type\":\"ImageObject\",\"inLanguage\":\"fr-FR\",\"@id\":\"https:\/\/www.tecnosuissesa.com\/fr\/produit\/scie-a-format-a-bois-tsi-super-1600\/#primaryimage\",\"url\":\"https:\/\/www.tecnosuissesa.com\/wp-content\/uploads\/2017\/10\/TSI-Super-1.jpg\",\"contentUrl\":\"https:\/\/www.tecnosuissesa.com\/wp-content\/uploads\/2017\/10\/TSI-Super-1.jpg\",\"width\":1200,\"height\":900},{\"@type\":\"BreadcrumbList\",\"@id\":\"https:\/\/www.tecnosuissesa.com\/fr\/produit\/scie-a-format-a-bois-tsi-super-1600\/#breadcrumb\",\"itemListElement\":[{\"@type\":\"ListItem\",\"position\":1,\"name\":\"Home\",\"item\":\"https:\/\/www.tecnosuissesa.com\/fr\/\"},{\"@type\":\"ListItem\",\"position\":2,\"name\":\"Vendita di Macchine Utensili per Legno e per Metalli\",\"item\":\"https:\/\/www.tecnosuissesa.com\/it\/vendita-macchine-utensili\/\"},{\"@type\":\"ListItem\",\"position\":3,\"name\":\"Scie \u00e0 format \u00e0 bois TSI Super 1600\"}]},{\"@type\":\"WebSite\",\"@id\":\"https:\/\/www.tecnosuissesa.com\/it\/#website\",\"url\":\"https:\/\/www.tecnosuissesa.com\/it\/\",\"name\":\"Tecnosuisse\",\"description\":\"Macchine Utensili per Legno e Metalli\",\"publisher\":{\"@id\":\"https:\/\/www.tecnosuissesa.com\/it\/#organization\"},\"potentialAction\":[{\"@type\":\"SearchAction\",\"target\":{\"@type\":\"EntryPoint\",\"urlTemplate\":\"https:\/\/www.tecnosuissesa.com\/it\/?s={search_term_string}\"},\"query-input\":{\"@type\":\"PropertyValueSpecification\",\"valueRequired\":true,\"valueName\":\"search_term_string\"}}],\"inLanguage\":\"fr-FR\"},{\"@type\":\"Organization\",\"@id\":\"https:\/\/www.tecnosuissesa.com\/it\/#organization\",\"name\":\"Tecnosuisse\",\"url\":\"https:\/\/www.tecnosuissesa.com\/it\/\",\"logo\":{\"@type\":\"ImageObject\",\"inLanguage\":\"fr-FR\",\"@id\":\"https:\/\/www.tecnosuissesa.com\/it\/#\/schema\/logo\/image\/\",\"url\":\"https:\/\/www.tecnosuissesa.com\/wp-content\/uploads\/2017\/08\/Logo_TecnoSuisse_627x627.png\",\"contentUrl\":\"https:\/\/www.tecnosuissesa.com\/wp-content\/uploads\/2017\/08\/Logo_TecnoSuisse_627x627.png\",\"width\":627,\"height\":627,\"caption\":\"Tecnosuisse\"},\"image\":{\"@id\":\"https:\/\/www.tecnosuissesa.com\/it\/#\/schema\/logo\/image\/\"},\"sameAs\":[\"https:\/\/www.facebook.com\/tecnosuisse\/\",\"https:\/\/www.youtube.com\/channel\/UCSoxFNkw8ZiE4jP9OY8AdFg\"]}]}<\/script>\n<!-- \/ Yoast SEO plugin. -->","yoast_head_json":{"title":"Scie \u00e0 format \u00e0 bois TSI Super 1600 - Tecnosuisse","robots":{"index":"index","follow":"follow","max-snippet":"max-snippet:-1","max-image-preview":"max-image-preview:large","max-video-preview":"max-video-preview:-1"},"canonical":"https:\/\/www.tecnosuissesa.com\/fr\/produit\/scie-a-format-a-bois-tsi-super-1600\/","og_locale":"fr_FR","og_type":"article","og_title":"Scie \u00e0 format \u00e0 bois TSI Super 1600 - Tecnosuisse","og_description":"Scie \u00e0 format pour usinage du bois TSI SUPER 1600  Cette combin\u00e9e fait les op\u00e9rations suivantes: Toupie, Scie et Inciseur, avec chariot \u00e0 \u00e9quarrir de 700 x 530 mm","og_url":"https:\/\/www.tecnosuissesa.com\/fr\/produit\/scie-a-format-a-bois-tsi-super-1600\/","og_site_name":"Tecnosuisse","article_publisher":"https:\/\/www.facebook.com\/tecnosuisse\/","og_image":[{"width":1200,"height":900,"url":"https:\/\/www.tecnosuissesa.com\/wp-content\/uploads\/2017\/10\/TSI-Super-1.jpg","type":"image\/jpeg"}],"twitter_card":"summary_large_image","twitter_misc":{"Dur\u00e9e de lecture estim\u00e9e":"2 minutes"},"schema":{"@context":"https:\/\/schema.org","@graph":[{"@type":"WebPage","@id":"https:\/\/www.tecnosuissesa.com\/fr\/produit\/scie-a-format-a-bois-tsi-super-1600\/","url":"https:\/\/www.tecnosuissesa.com\/fr\/produit\/scie-a-format-a-bois-tsi-super-1600\/","name":"Scie \u00e0 format \u00e0 bois TSI Super 1600 - Tecnosuisse","isPartOf":{"@id":"https:\/\/www.tecnosuissesa.com\/it\/#website"},"primaryImageOfPage":{"@id":"https:\/\/www.tecnosuissesa.com\/fr\/produit\/scie-a-format-a-bois-tsi-super-1600\/#primaryimage"},"image":{"@id":"https:\/\/www.tecnosuissesa.com\/fr\/produit\/scie-a-format-a-bois-tsi-super-1600\/#primaryimage"},"thumbnailUrl":"https:\/\/www.tecnosuissesa.com\/wp-content\/uploads\/2017\/10\/TSI-Super-1.jpg","datePublished":"2017-10-02T14:30:47+00:00","breadcrumb":{"@id":"https:\/\/www.tecnosuissesa.com\/fr\/produit\/scie-a-format-a-bois-tsi-super-1600\/#breadcrumb"},"inLanguage":"fr-FR","potentialAction":[{"@type":"ReadAction","target":["https:\/\/www.tecnosuissesa.com\/fr\/produit\/scie-a-format-a-bois-tsi-super-1600\/"]}]},{"@type":"ImageObject","inLanguage":"fr-FR","@id":"https:\/\/www.tecnosuissesa.com\/fr\/produit\/scie-a-format-a-bois-tsi-super-1600\/#primaryimage","url":"https:\/\/www.tecnosuissesa.com\/wp-content\/uploads\/2017\/10\/TSI-Super-1.jpg","contentUrl":"https:\/\/www.tecnosuissesa.com\/wp-content\/uploads\/2017\/10\/TSI-Super-1.jpg","width":1200,"height":900},{"@type":"BreadcrumbList","@id":"https:\/\/www.tecnosuissesa.com\/fr\/produit\/scie-a-format-a-bois-tsi-super-1600\/#breadcrumb","itemListElement":[{"@type":"ListItem","position":1,"name":"Home","item":"https:\/\/www.tecnosuissesa.com\/fr\/"},{"@type":"ListItem","position":2,"name":"Vendita di Macchine Utensili per Legno e per Metalli","item":"https:\/\/www.tecnosuissesa.com\/it\/vendita-macchine-utensili\/"},{"@type":"ListItem","position":3,"name":"Scie \u00e0 format \u00e0 bois TSI Super 1600"}]},{"@type":"WebSite","@id":"https:\/\/www.tecnosuissesa.com\/it\/#website","url":"https:\/\/www.tecnosuissesa.com\/it\/","name":"Tecnosuisse","description":"Macchine Utensili per Legno e Metalli","publisher":{"@id":"https:\/\/www.tecnosuissesa.com\/it\/#organization"},"potentialAction":[{"@type":"SearchAction","target":{"@type":"EntryPoint","urlTemplate":"https:\/\/www.tecnosuissesa.com\/it\/?s={search_term_string}"},"query-input":{"@type":"PropertyValueSpecification","valueRequired":true,"valueName":"search_term_string"}}],"inLanguage":"fr-FR"},{"@type":"Organization","@id":"https:\/\/www.tecnosuissesa.com\/it\/#organization","name":"Tecnosuisse","url":"https:\/\/www.tecnosuissesa.com\/it\/","logo":{"@type":"ImageObject","inLanguage":"fr-FR","@id":"https:\/\/www.tecnosuissesa.com\/it\/#\/schema\/logo\/image\/","url":"https:\/\/www.tecnosuissesa.com\/wp-content\/uploads\/2017\/08\/Logo_TecnoSuisse_627x627.png","contentUrl":"https:\/\/www.tecnosuissesa.com\/wp-content\/uploads\/2017\/08\/Logo_TecnoSuisse_627x627.png","width":627,"height":627,"caption":"Tecnosuisse"},"image":{"@id":"https:\/\/www.tecnosuissesa.com\/it\/#\/schema\/logo\/image\/"},"sameAs":["https:\/\/www.facebook.com\/tecnosuisse\/","https:\/\/www.youtube.com\/channel\/UCSoxFNkw8ZiE4jP9OY8AdFg"]}]}},"_links":{"self":[{"href":"https:\/\/www.tecnosuissesa.com\/fr\/wp-json\/wp\/v2\/product\/1552","targetHints":{"allow":["GET"]}}],"collection":[{"href":"https:\/\/www.tecnosuissesa.com\/fr\/wp-json\/wp\/v2\/product"}],"about":[{"href":"https:\/\/www.tecnosuissesa.com\/fr\/wp-json\/wp\/v2\/types\/product"}],"replies":[{"embeddable":true,"href":"https:\/\/www.tecnosuissesa.com\/fr\/wp-json\/wp\/v2\/comments?post=1552"}],"wp:featuredmedia":[{"embeddable":true,"href":"https:\/\/www.tecnosuissesa.com\/fr\/wp-json\/wp\/v2\/media\/1542"}],"wp:attachment":[{"href":"https:\/\/www.tecnosuissesa.com\/fr\/wp-json\/wp\/v2\/media?parent=1552"}],"wp:term":[{"taxonomy":"product_brand","embeddable":true,"href":"https:\/\/www.tecnosuissesa.com\/fr\/wp-json\/wp\/v2\/product_brand?post=1552"},{"taxonomy":"product_cat","embeddable":true,"href":"https:\/\/www.tecnosuissesa.com\/fr\/wp-json\/wp\/v2\/product_cat?post=1552"},{"taxonomy":"product_tag","embeddable":true,"href":"https:\/\/www.tecnosuissesa.com\/fr\/wp-json\/wp\/v2\/product_tag?post=1552"}],"curies":[{"name":"wp","href":"https:\/\/api.w.org\/{rel}","templated":true}]}}