{"id":1526,"date":"2017-10-02T16:22:07","date_gmt":"2017-10-02T14:22:07","guid":{"rendered":"https:\/\/www.tecnosuissesa.com\/product\/degauchisseuse-raboteuse-fsc-410\/"},"modified":"2017-10-02T16:22:07","modified_gmt":"2017-10-02T14:22:07","slug":"degauchisseuse-raboteuse-fsc-410","status":"publish","type":"product","link":"https:\/\/www.tecnosuissesa.com\/fr\/product\/degauchisseuse-raboteuse-fsc-410\/","title":{"rendered":"Degauchisseuse-Raboteuse FSC 410"},"content":{"rendered":"<p>C&rsquo;est la plus grande et la plus puissante des raboteuses. Elle a des plans bien nervur\u00e9 en fonte et un arbre de 410 mm de long avec trois couteaux. La machine est vendue en version standard avec moteur monophas\u00e9 3hp, mais avec un petit surprix vous pouvez\u00a0commander\u00a0aussi le moteur triphas\u00e9.<\/p>\n<p>&nbsp;<\/p>\n<table border=\"1\" width=\"100%\" cellspacing=\"0\" cellpadding=\"0\">\n<tbody>\n<tr>\n<td colspan=\"2\" align=\"center\" width=\"100%\" height=\"20\"><strong>DONN\u00c9ES TECNIQUES<\/strong><\/td>\n<\/tr>\n<tr>\n<td colspan=\"2\" height=\"20\"><strong>DIMENSIONS ENCOMBREMENT<\/strong><\/td>\n<\/tr>\n<tr>\n<td height=\"20\">Dimensions avec mortaiseuse et poign\u00e9es de r\u00e9gulation<\/td>\n<td height=\"20\">2.170 (longueur) x 1.100 (largeur) x 850 (hauteur plan) mm<\/td>\n<\/tr>\n<tr>\n<td height=\"20\">Sans chariot et mortaiseuse<\/td>\n<td height=\"20\">2.170 (longueur) x 690 (largeur) x 850 (hauteur plan) mm<\/td>\n<\/tr>\n<tr>\n<td height=\"20\">Poids net machine<\/td>\n<td height=\"20\">360 Kg<\/td>\n<\/tr>\n<tr>\n<td colspan=\"2\" height=\"20\"><strong>MOTEUR<\/strong><\/td>\n<\/tr>\n<tr>\n<td height=\"20\">Puissance<\/td>\n<td height=\"20\">3 Hp ( 2200 W )<\/td>\n<\/tr>\n<tr>\n<td height=\"20\">Type<\/td>\n<td height=\"20\">Monophas\u00e9 (220 V) Triphas\u00e9 sur demande<\/td>\n<\/tr>\n<tr>\n<td colspan=\"2\" height=\"20\"><strong>DEGAUCHISSEUSE RABOTEUSE<\/strong><\/td>\n<\/tr>\n<tr>\n<td height=\"20\">Couteaux rabot<\/td>\n<td height=\"20\">N\u00b03<\/td>\n<\/tr>\n<tr>\n<td height=\"20\">Longueur arbre rabot<\/td>\n<td height=\"20\">400 mm<\/td>\n<\/tr>\n<tr>\n<td height=\"20\">Diam\u00e8tre arbre rabot<\/td>\n<td height=\"20\">70 mm<\/td>\n<\/tr>\n<tr>\n<td height=\"20\">Longueur des plans en fonte<\/td>\n<td height=\"20\"><\/td>\n<\/tr>\n<tr>\n<td height=\"20\">Longueur plan \u00e9paisseur (esclus rallonge sur demande)<\/td>\n<td height=\"20\"><\/td>\n<\/tr>\n<tr>\n<td height=\"20\">Type plans<\/td>\n<td height=\"20\">En fonte, inclinable<\/td>\n<\/tr>\n<tr>\n<td height=\"20\">Max. largeur rabotage<\/td>\n<td height=\"20\">400 mm<\/td>\n<\/tr>\n<tr>\n<td height=\"20\">Max. hauteur rabotage<\/td>\n<td height=\"20\">240 mm<\/td>\n<\/tr>\n<tr>\n<td height=\"20\">Vitesse d\u2019avance<\/td>\n<td height=\"20\">7 m\u00e8tres\/min<\/td>\n<\/tr>\n<tr>\n<td height=\"20\">Max. profondeur de passe<\/td>\n<td height=\"20\">4 mm<\/td>\n<\/tr>\n<tr>\n<td colspan=\"2\" height=\"20\"><strong>MORTAISEUSE<\/strong><\/td>\n<\/tr>\n<tr>\n<td height=\"20\">Course<\/td>\n<td height=\"20\">100 mm<\/td>\n<\/tr>\n<tr>\n<td height=\"20\">Max course total de gauche \u00e0 droite<\/td>\n<td height=\"20\">115 mm<\/td>\n<\/tr>\n<tr>\n<td height=\"20\">Max excursion mortaiseuse en hauteur<\/td>\n<td height=\"20\">80 mm<\/td>\n<\/tr>\n<tr>\n<td height=\"20\">Dimensions plan en fonte de la mortaiseuse<\/td>\n<td height=\"20\">360 x 210 mm<\/td>\n<\/tr>\n<tr>\n<td height=\"20\">Rotation<\/td>\n<td height=\"20\">horaire<\/td>\n<\/tr>\n<\/tbody>\n<\/table>\n","protected":false},"excerpt":{"rendered":"<p align=\"justify\">Degauchisseuse-Raboteuse FSC 410 avec trois fers raboteuse de longueur 410\u00a0mm, hauteur max de travail \u00e0 raboter de 240 mm et moteur monophas\u00e9 avec puissance de 3 HP- int\u00e9gr\u00e9 mortiser<\/p>\n","protected":false},"featured_media":1773,"comment_status":"open","ping_status":"closed","template":"","meta":[],"product_brand":[],"product_cat":[122],"product_tag":[],"class_list":{"0":"post-1526","1":"product","2":"type-product","3":"status-publish","4":"has-post-thumbnail","6":"product_cat-raboteuse-degauchisseuse","7":"product_shipping_class-classe-10","9":"first","10":"instock","11":"shipping-taxable","12":"purchasable","13":"product-type-simple"},"yoast_head":"<!-- This site is optimized with the Yoast SEO plugin v27.1 - https:\/\/yoast.com\/product\/yoast-seo-wordpress\/ -->\n<title>Degauchisseuse-Raboteuse FSC 410 - Tecnosuisse<\/title>\n<meta name=\"robots\" content=\"index, follow, max-snippet:-1, max-image-preview:large, max-video-preview:-1\" \/>\n<link rel=\"canonical\" href=\"https:\/\/www.tecnosuissesa.com\/fr\/produit\/degauchisseuse-raboteuse-fsc-410\/\" \/>\n<meta property=\"og:locale\" content=\"fr_FR\" \/>\n<meta property=\"og:type\" content=\"article\" \/>\n<meta property=\"og:title\" content=\"Degauchisseuse-Raboteuse FSC 410 - Tecnosuisse\" \/>\n<meta property=\"og:description\" content=\"Degauchisseuse-Raboteuse FSC 410 avec trois fers raboteuse de longueur 410\u00a0mm, hauteur max de travail \u00e0 raboter de 240 mm et moteur monophas\u00e9 avec puissance de 3 HP- int\u00e9gr\u00e9 mortiser\" \/>\n<meta property=\"og:url\" content=\"https:\/\/www.tecnosuissesa.com\/fr\/produit\/degauchisseuse-raboteuse-fsc-410\/\" \/>\n<meta property=\"og:site_name\" content=\"Tecnosuisse\" \/>\n<meta property=\"article:publisher\" content=\"https:\/\/www.facebook.com\/tecnosuisse\/\" \/>\n<meta property=\"og:image\" content=\"https:\/\/www.tecnosuissesa.com\/wp-content\/uploads\/2017\/10\/lato-6.jpg\" \/>\n\t<meta property=\"og:image:width\" content=\"1024\" \/>\n\t<meta property=\"og:image:height\" content=\"768\" \/>\n\t<meta property=\"og:image:type\" content=\"image\/jpeg\" \/>\n<meta name=\"twitter:card\" content=\"summary_large_image\" \/>\n<meta name=\"twitter:label1\" content=\"Dur\u00e9e de lecture estim\u00e9e\" \/>\n\t<meta name=\"twitter:data1\" content=\"1 minute\" \/>\n<script type=\"application\/ld+json\" class=\"yoast-schema-graph\">{\"@context\":\"https:\/\/schema.org\",\"@graph\":[{\"@type\":\"WebPage\",\"@id\":\"https:\/\/www.tecnosuissesa.com\/fr\/produit\/degauchisseuse-raboteuse-fsc-410\/\",\"url\":\"https:\/\/www.tecnosuissesa.com\/fr\/produit\/degauchisseuse-raboteuse-fsc-410\/\",\"name\":\"Degauchisseuse-Raboteuse FSC 410 - Tecnosuisse\",\"isPartOf\":{\"@id\":\"https:\/\/www.tecnosuissesa.com\/it\/#website\"},\"primaryImageOfPage\":{\"@id\":\"https:\/\/www.tecnosuissesa.com\/fr\/produit\/degauchisseuse-raboteuse-fsc-410\/#primaryimage\"},\"image\":{\"@id\":\"https:\/\/www.tecnosuissesa.com\/fr\/produit\/degauchisseuse-raboteuse-fsc-410\/#primaryimage\"},\"thumbnailUrl\":\"https:\/\/www.tecnosuissesa.com\/wp-content\/uploads\/2017\/10\/lato-6.jpg\",\"datePublished\":\"2017-10-02T14:22:07+00:00\",\"breadcrumb\":{\"@id\":\"https:\/\/www.tecnosuissesa.com\/fr\/produit\/degauchisseuse-raboteuse-fsc-410\/#breadcrumb\"},\"inLanguage\":\"fr-FR\",\"potentialAction\":[{\"@type\":\"ReadAction\",\"target\":[\"https:\/\/www.tecnosuissesa.com\/fr\/produit\/degauchisseuse-raboteuse-fsc-410\/\"]}]},{\"@type\":\"ImageObject\",\"inLanguage\":\"fr-FR\",\"@id\":\"https:\/\/www.tecnosuissesa.com\/fr\/produit\/degauchisseuse-raboteuse-fsc-410\/#primaryimage\",\"url\":\"https:\/\/www.tecnosuissesa.com\/wp-content\/uploads\/2017\/10\/lato-6.jpg\",\"contentUrl\":\"https:\/\/www.tecnosuissesa.com\/wp-content\/uploads\/2017\/10\/lato-6.jpg\",\"width\":1024,\"height\":768},{\"@type\":\"BreadcrumbList\",\"@id\":\"https:\/\/www.tecnosuissesa.com\/fr\/produit\/degauchisseuse-raboteuse-fsc-410\/#breadcrumb\",\"itemListElement\":[{\"@type\":\"ListItem\",\"position\":1,\"name\":\"Home\",\"item\":\"https:\/\/www.tecnosuissesa.com\/fr\/\"},{\"@type\":\"ListItem\",\"position\":2,\"name\":\"Vendita di Macchine Utensili per Legno e per Metalli\",\"item\":\"https:\/\/www.tecnosuissesa.com\/it\/vendita-macchine-utensili\/\"},{\"@type\":\"ListItem\",\"position\":3,\"name\":\"Degauchisseuse-Raboteuse FSC 410\"}]},{\"@type\":\"WebSite\",\"@id\":\"https:\/\/www.tecnosuissesa.com\/it\/#website\",\"url\":\"https:\/\/www.tecnosuissesa.com\/it\/\",\"name\":\"Tecnosuisse\",\"description\":\"Macchine Utensili per Legno e Metalli\",\"publisher\":{\"@id\":\"https:\/\/www.tecnosuissesa.com\/it\/#organization\"},\"potentialAction\":[{\"@type\":\"SearchAction\",\"target\":{\"@type\":\"EntryPoint\",\"urlTemplate\":\"https:\/\/www.tecnosuissesa.com\/it\/?s={search_term_string}\"},\"query-input\":{\"@type\":\"PropertyValueSpecification\",\"valueRequired\":true,\"valueName\":\"search_term_string\"}}],\"inLanguage\":\"fr-FR\"},{\"@type\":\"Organization\",\"@id\":\"https:\/\/www.tecnosuissesa.com\/it\/#organization\",\"name\":\"Tecnosuisse\",\"url\":\"https:\/\/www.tecnosuissesa.com\/it\/\",\"logo\":{\"@type\":\"ImageObject\",\"inLanguage\":\"fr-FR\",\"@id\":\"https:\/\/www.tecnosuissesa.com\/it\/#\/schema\/logo\/image\/\",\"url\":\"https:\/\/www.tecnosuissesa.com\/wp-content\/uploads\/2017\/08\/Logo_TecnoSuisse_627x627.png\",\"contentUrl\":\"https:\/\/www.tecnosuissesa.com\/wp-content\/uploads\/2017\/08\/Logo_TecnoSuisse_627x627.png\",\"width\":627,\"height\":627,\"caption\":\"Tecnosuisse\"},\"image\":{\"@id\":\"https:\/\/www.tecnosuissesa.com\/it\/#\/schema\/logo\/image\/\"},\"sameAs\":[\"https:\/\/www.facebook.com\/tecnosuisse\/\",\"https:\/\/www.youtube.com\/channel\/UCSoxFNkw8ZiE4jP9OY8AdFg\"]}]}<\/script>\n<!-- \/ Yoast SEO plugin. -->","yoast_head_json":{"title":"Degauchisseuse-Raboteuse FSC 410 - Tecnosuisse","robots":{"index":"index","follow":"follow","max-snippet":"max-snippet:-1","max-image-preview":"max-image-preview:large","max-video-preview":"max-video-preview:-1"},"canonical":"https:\/\/www.tecnosuissesa.com\/fr\/produit\/degauchisseuse-raboteuse-fsc-410\/","og_locale":"fr_FR","og_type":"article","og_title":"Degauchisseuse-Raboteuse FSC 410 - Tecnosuisse","og_description":"Degauchisseuse-Raboteuse FSC 410 avec trois fers raboteuse de longueur 410\u00a0mm, hauteur max de travail \u00e0 raboter de 240 mm et moteur monophas\u00e9 avec puissance de 3 HP- int\u00e9gr\u00e9 mortiser","og_url":"https:\/\/www.tecnosuissesa.com\/fr\/produit\/degauchisseuse-raboteuse-fsc-410\/","og_site_name":"Tecnosuisse","article_publisher":"https:\/\/www.facebook.com\/tecnosuisse\/","og_image":[{"width":1024,"height":768,"url":"https:\/\/www.tecnosuissesa.com\/wp-content\/uploads\/2017\/10\/lato-6.jpg","type":"image\/jpeg"}],"twitter_card":"summary_large_image","twitter_misc":{"Dur\u00e9e de lecture estim\u00e9e":"1 minute"},"schema":{"@context":"https:\/\/schema.org","@graph":[{"@type":"WebPage","@id":"https:\/\/www.tecnosuissesa.com\/fr\/produit\/degauchisseuse-raboteuse-fsc-410\/","url":"https:\/\/www.tecnosuissesa.com\/fr\/produit\/degauchisseuse-raboteuse-fsc-410\/","name":"Degauchisseuse-Raboteuse FSC 410 - Tecnosuisse","isPartOf":{"@id":"https:\/\/www.tecnosuissesa.com\/it\/#website"},"primaryImageOfPage":{"@id":"https:\/\/www.tecnosuissesa.com\/fr\/produit\/degauchisseuse-raboteuse-fsc-410\/#primaryimage"},"image":{"@id":"https:\/\/www.tecnosuissesa.com\/fr\/produit\/degauchisseuse-raboteuse-fsc-410\/#primaryimage"},"thumbnailUrl":"https:\/\/www.tecnosuissesa.com\/wp-content\/uploads\/2017\/10\/lato-6.jpg","datePublished":"2017-10-02T14:22:07+00:00","breadcrumb":{"@id":"https:\/\/www.tecnosuissesa.com\/fr\/produit\/degauchisseuse-raboteuse-fsc-410\/#breadcrumb"},"inLanguage":"fr-FR","potentialAction":[{"@type":"ReadAction","target":["https:\/\/www.tecnosuissesa.com\/fr\/produit\/degauchisseuse-raboteuse-fsc-410\/"]}]},{"@type":"ImageObject","inLanguage":"fr-FR","@id":"https:\/\/www.tecnosuissesa.com\/fr\/produit\/degauchisseuse-raboteuse-fsc-410\/#primaryimage","url":"https:\/\/www.tecnosuissesa.com\/wp-content\/uploads\/2017\/10\/lato-6.jpg","contentUrl":"https:\/\/www.tecnosuissesa.com\/wp-content\/uploads\/2017\/10\/lato-6.jpg","width":1024,"height":768},{"@type":"BreadcrumbList","@id":"https:\/\/www.tecnosuissesa.com\/fr\/produit\/degauchisseuse-raboteuse-fsc-410\/#breadcrumb","itemListElement":[{"@type":"ListItem","position":1,"name":"Home","item":"https:\/\/www.tecnosuissesa.com\/fr\/"},{"@type":"ListItem","position":2,"name":"Vendita di Macchine Utensili per Legno e per Metalli","item":"https:\/\/www.tecnosuissesa.com\/it\/vendita-macchine-utensili\/"},{"@type":"ListItem","position":3,"name":"Degauchisseuse-Raboteuse FSC 410"}]},{"@type":"WebSite","@id":"https:\/\/www.tecnosuissesa.com\/it\/#website","url":"https:\/\/www.tecnosuissesa.com\/it\/","name":"Tecnosuisse","description":"Macchine Utensili per Legno e Metalli","publisher":{"@id":"https:\/\/www.tecnosuissesa.com\/it\/#organization"},"potentialAction":[{"@type":"SearchAction","target":{"@type":"EntryPoint","urlTemplate":"https:\/\/www.tecnosuissesa.com\/it\/?s={search_term_string}"},"query-input":{"@type":"PropertyValueSpecification","valueRequired":true,"valueName":"search_term_string"}}],"inLanguage":"fr-FR"},{"@type":"Organization","@id":"https:\/\/www.tecnosuissesa.com\/it\/#organization","name":"Tecnosuisse","url":"https:\/\/www.tecnosuissesa.com\/it\/","logo":{"@type":"ImageObject","inLanguage":"fr-FR","@id":"https:\/\/www.tecnosuissesa.com\/it\/#\/schema\/logo\/image\/","url":"https:\/\/www.tecnosuissesa.com\/wp-content\/uploads\/2017\/08\/Logo_TecnoSuisse_627x627.png","contentUrl":"https:\/\/www.tecnosuissesa.com\/wp-content\/uploads\/2017\/08\/Logo_TecnoSuisse_627x627.png","width":627,"height":627,"caption":"Tecnosuisse"},"image":{"@id":"https:\/\/www.tecnosuissesa.com\/it\/#\/schema\/logo\/image\/"},"sameAs":["https:\/\/www.facebook.com\/tecnosuisse\/","https:\/\/www.youtube.com\/channel\/UCSoxFNkw8ZiE4jP9OY8AdFg"]}]}},"_links":{"self":[{"href":"https:\/\/www.tecnosuissesa.com\/fr\/wp-json\/wp\/v2\/product\/1526","targetHints":{"allow":["GET"]}}],"collection":[{"href":"https:\/\/www.tecnosuissesa.com\/fr\/wp-json\/wp\/v2\/product"}],"about":[{"href":"https:\/\/www.tecnosuissesa.com\/fr\/wp-json\/wp\/v2\/types\/product"}],"replies":[{"embeddable":true,"href":"https:\/\/www.tecnosuissesa.com\/fr\/wp-json\/wp\/v2\/comments?post=1526"}],"wp:featuredmedia":[{"embeddable":true,"href":"https:\/\/www.tecnosuissesa.com\/fr\/wp-json\/wp\/v2\/media\/1773"}],"wp:attachment":[{"href":"https:\/\/www.tecnosuissesa.com\/fr\/wp-json\/wp\/v2\/media?parent=1526"}],"wp:term":[{"taxonomy":"product_brand","embeddable":true,"href":"https:\/\/www.tecnosuissesa.com\/fr\/wp-json\/wp\/v2\/product_brand?post=1526"},{"taxonomy":"product_cat","embeddable":true,"href":"https:\/\/www.tecnosuissesa.com\/fr\/wp-json\/wp\/v2\/product_cat?post=1526"},{"taxonomy":"product_tag","embeddable":true,"href":"https:\/\/www.tecnosuissesa.com\/fr\/wp-json\/wp\/v2\/product_tag?post=1526"}],"curies":[{"name":"wp","href":"https:\/\/api.w.org\/{rel}","templated":true}]}}