{"id":1485,"date":"2017-10-02T15:54:58","date_gmt":"2017-10-02T13:54:58","guid":{"rendered":"https:\/\/www.tecnosuissesa.com\/product\/degauchisseuse-raboteuse-fsc-360\/"},"modified":"2017-10-02T15:54:58","modified_gmt":"2017-10-02T13:54:58","slug":"degauchisseuse-raboteuse-fsc-360","status":"publish","type":"product","link":"https:\/\/www.tecnosuissesa.com\/fr\/product\/degauchisseuse-raboteuse-fsc-360\/","title":{"rendered":"Degauchisseuse-Raboteuse FSC 360"},"content":{"rendered":"<p>&lsquo;est une machine combin\u00e9e qui a d\u00e9gauchisseuse, raboteuse et mortaiseuse. La machine est \u00e9quip\u00e9e d&rsquo;un puissant moteur monophas\u00e9 de 3hp (2200 W) et des plans en fonte inclinables qui sont robustes et pr\u00e9cis. En option, avec un petit suppl\u00e9ment, vous pouvez demander la modification pour avoir le moteur triphas\u00e9. La raboteuse est de 300 mm de long et poss\u00e8de 3 couteaux. La machine est vendue dans une configuration standard avec les trois couteaux d\u00e9j\u00e0 mont\u00e9s, la bouche d\u2019aspiration pour connecter un aspirateur et l&rsquo;alignement des couteaux. Eventuellement, \u00e0 des prix mod\u00e9r\u00e9s il est possible commander l\u2019aspirateur et l&rsquo;aiguiseur des couteaux \u00e0 monter sur la mortaiseuse.<\/p>\n<p>&nbsp;<\/p>\n<div id=\"tabella\">\n<table border=\"1\" width=\"100%\" cellspacing=\"0\" cellpadding=\"0\">\n<tbody>\n<tr>\n<td colspan=\"2\" height=\"20\">\n<div align=\"center\"><strong>DONN\u00c9ES TECNIQUES<\/strong><\/div>\n<\/td>\n<\/tr>\n<tr>\n<td colspan=\"2\" height=\"20\"><strong>DIMENSIONS ENCOMBREMENT<\/strong><\/td>\n<\/tr>\n<tr>\n<td width=\"52%\" height=\"20\">Dimensions avec mortaiseuse et poign\u00e9es de r\u00e9gulation<\/td>\n<td width=\"48%\" height=\"20\">1.694 x 1.053 mm<\/td>\n<\/tr>\n<tr>\n<td valign=\"top\" height=\"20\">Haut plans planer<\/td>\n<td valign=\"top\" height=\"20\">850 mm<\/td>\n<\/tr>\n<tr>\n<td height=\"20\">Poids net machine<\/td>\n<td height=\"20\">260 Kg<\/td>\n<\/tr>\n<tr>\n<td colspan=\"2\" height=\"20\"><strong>MOTEUR<\/strong><\/td>\n<\/tr>\n<tr>\n<td height=\"20\">Puissance<\/td>\n<td height=\"20\">3 Hp ( 2200 W )<\/td>\n<\/tr>\n<tr>\n<td height=\"20\">Type<\/td>\n<td height=\"20\">Monophas\u00e9 (220 V)<\/td>\n<\/tr>\n<tr>\n<td height=\"20\"><strong>DEGAUCHISSEUSE RABOTEUSE<\/strong><\/td>\n<td height=\"20\"><\/td>\n<\/tr>\n<tr>\n<td height=\"20\">Couteaux rabot<\/td>\n<td height=\"20\">N\u00b03<\/td>\n<\/tr>\n<tr>\n<td height=\"20\">Longueur arbre rabot<\/td>\n<td height=\"20\">300 mm<\/td>\n<\/tr>\n<tr>\n<td height=\"20\">Diam\u00e8tre arbre rabot<\/td>\n<td height=\"20\">70 mm<\/td>\n<\/tr>\n<tr>\n<td height=\"20\">Longueur des plans en fonte<\/td>\n<td height=\"20\">1300 x 370 mm<\/td>\n<\/tr>\n<tr>\n<td height=\"20\">Longueur plan \u00e9paisseur (esclus rallonge sur demande)<\/td>\n<td height=\"20\">560 mm<\/td>\n<\/tr>\n<tr>\n<td height=\"20\">Type plans<\/td>\n<td height=\"20\">En fonte, inclinable<\/td>\n<\/tr>\n<tr>\n<td height=\"20\">Max. largeur rabotage<\/td>\n<td height=\"20\">300 mm<\/td>\n<\/tr>\n<tr>\n<td height=\"20\">Max. hauteur rabotage<\/td>\n<td height=\"20\">240 mm<\/td>\n<\/tr>\n<tr>\n<td height=\"20\">Vitesse d\u2019avance<\/td>\n<td height=\"20\">7 m\u00e8tres\/min<\/td>\n<\/tr>\n<tr>\n<td height=\"20\">Max. profondeur de passe<\/td>\n<td height=\"20\">4 mm<\/td>\n<\/tr>\n<tr>\n<td colspan=\"2\" height=\"20\"><strong>MORTAISEUSE<\/strong><\/td>\n<\/tr>\n<tr>\n<td height=\"20\">Course<\/td>\n<td height=\"20\">100 mm<\/td>\n<\/tr>\n<tr>\n<td height=\"20\">Max course total de gauche \u00e0 droite<\/td>\n<td height=\"20\">115 mm<\/td>\n<\/tr>\n<tr>\n<td height=\"20\">Max excursion mortaiseuse en hauteur<\/td>\n<td height=\"20\">80 mm<\/td>\n<\/tr>\n<tr>\n<td height=\"20\">Dimensions plan en fonte de la mortaiseuse<\/td>\n<td height=\"20\">360 x 210 mm<\/td>\n<\/tr>\n<tr>\n<td height=\"20\">Rotation<\/td>\n<td height=\"20\">horaire<\/td>\n<\/tr>\n<\/tbody>\n<\/table>\n<\/div>\n","protected":false},"excerpt":{"rendered":"<p align=\"justify\">Degauchisseuse-Raboteuse FSC 360 Avec trois fers raboteuse de longueur 360\u00a0mm, hauteur max de travail \u00e0 raboter de 240 mm et moteur monophas\u00e9 avec puissance de 3 HP- int\u00e9gr\u00e9 mortiser<\/p>\n","protected":false},"featured_media":1477,"comment_status":"open","ping_status":"closed","template":"","meta":[],"product_brand":[],"product_cat":[122],"product_tag":[],"class_list":{"0":"post-1485","1":"product","2":"type-product","3":"status-publish","4":"has-post-thumbnail","6":"product_cat-raboteuse-degauchisseuse","7":"product_shipping_class-classe-10","9":"first","10":"instock","11":"shipping-taxable","12":"purchasable","13":"product-type-simple"},"yoast_head":"<!-- This site is optimized with the Yoast SEO plugin v27.1 - https:\/\/yoast.com\/product\/yoast-seo-wordpress\/ -->\n<title>Degauchisseuse-Raboteuse FSC 360 - Tecnosuisse<\/title>\n<meta name=\"robots\" content=\"index, follow, max-snippet:-1, max-image-preview:large, max-video-preview:-1\" \/>\n<link rel=\"canonical\" href=\"https:\/\/www.tecnosuissesa.com\/fr\/produit\/degauchisseuse-raboteuse-fsc-360\/\" \/>\n<meta property=\"og:locale\" content=\"fr_FR\" \/>\n<meta property=\"og:type\" content=\"article\" \/>\n<meta property=\"og:title\" content=\"Degauchisseuse-Raboteuse FSC 360 - Tecnosuisse\" \/>\n<meta property=\"og:description\" content=\"Degauchisseuse-Raboteuse FSC 360 Avec trois fers raboteuse de longueur 360\u00a0mm, hauteur max de travail \u00e0 raboter de 240 mm et moteur monophas\u00e9 avec puissance de 3 HP- int\u00e9gr\u00e9 mortiser\" \/>\n<meta property=\"og:url\" content=\"https:\/\/www.tecnosuissesa.com\/fr\/produit\/degauchisseuse-raboteuse-fsc-360\/\" \/>\n<meta property=\"og:site_name\" content=\"Tecnosuisse\" \/>\n<meta property=\"article:publisher\" content=\"https:\/\/www.facebook.com\/tecnosuisse\/\" \/>\n<meta property=\"og:image\" content=\"https:\/\/www.tecnosuissesa.com\/wp-content\/uploads\/2017\/10\/FSC360_1.jpg\" \/>\n\t<meta property=\"og:image:width\" content=\"1024\" \/>\n\t<meta property=\"og:image:height\" content=\"768\" \/>\n\t<meta property=\"og:image:type\" content=\"image\/jpeg\" \/>\n<meta name=\"twitter:card\" content=\"summary_large_image\" \/>\n<meta name=\"twitter:label1\" content=\"Dur\u00e9e de lecture estim\u00e9e\" \/>\n\t<meta name=\"twitter:data1\" content=\"1 minute\" \/>\n<script type=\"application\/ld+json\" class=\"yoast-schema-graph\">{\"@context\":\"https:\/\/schema.org\",\"@graph\":[{\"@type\":\"WebPage\",\"@id\":\"https:\/\/www.tecnosuissesa.com\/fr\/produit\/degauchisseuse-raboteuse-fsc-360\/\",\"url\":\"https:\/\/www.tecnosuissesa.com\/fr\/produit\/degauchisseuse-raboteuse-fsc-360\/\",\"name\":\"Degauchisseuse-Raboteuse FSC 360 - Tecnosuisse\",\"isPartOf\":{\"@id\":\"https:\/\/www.tecnosuissesa.com\/it\/#website\"},\"primaryImageOfPage\":{\"@id\":\"https:\/\/www.tecnosuissesa.com\/fr\/produit\/degauchisseuse-raboteuse-fsc-360\/#primaryimage\"},\"image\":{\"@id\":\"https:\/\/www.tecnosuissesa.com\/fr\/produit\/degauchisseuse-raboteuse-fsc-360\/#primaryimage\"},\"thumbnailUrl\":\"https:\/\/www.tecnosuissesa.com\/wp-content\/uploads\/2017\/10\/FSC360_1.jpg\",\"datePublished\":\"2017-10-02T13:54:58+00:00\",\"breadcrumb\":{\"@id\":\"https:\/\/www.tecnosuissesa.com\/fr\/produit\/degauchisseuse-raboteuse-fsc-360\/#breadcrumb\"},\"inLanguage\":\"fr-FR\",\"potentialAction\":[{\"@type\":\"ReadAction\",\"target\":[\"https:\/\/www.tecnosuissesa.com\/fr\/produit\/degauchisseuse-raboteuse-fsc-360\/\"]}]},{\"@type\":\"ImageObject\",\"inLanguage\":\"fr-FR\",\"@id\":\"https:\/\/www.tecnosuissesa.com\/fr\/produit\/degauchisseuse-raboteuse-fsc-360\/#primaryimage\",\"url\":\"https:\/\/www.tecnosuissesa.com\/wp-content\/uploads\/2017\/10\/FSC360_1.jpg\",\"contentUrl\":\"https:\/\/www.tecnosuissesa.com\/wp-content\/uploads\/2017\/10\/FSC360_1.jpg\",\"width\":1024,\"height\":768},{\"@type\":\"BreadcrumbList\",\"@id\":\"https:\/\/www.tecnosuissesa.com\/fr\/produit\/degauchisseuse-raboteuse-fsc-360\/#breadcrumb\",\"itemListElement\":[{\"@type\":\"ListItem\",\"position\":1,\"name\":\"Home\",\"item\":\"https:\/\/www.tecnosuissesa.com\/fr\/\"},{\"@type\":\"ListItem\",\"position\":2,\"name\":\"Vendita di Macchine Utensili per Legno e per Metalli\",\"item\":\"https:\/\/www.tecnosuissesa.com\/it\/vendita-macchine-utensili\/\"},{\"@type\":\"ListItem\",\"position\":3,\"name\":\"Degauchisseuse-Raboteuse FSC 360\"}]},{\"@type\":\"WebSite\",\"@id\":\"https:\/\/www.tecnosuissesa.com\/it\/#website\",\"url\":\"https:\/\/www.tecnosuissesa.com\/it\/\",\"name\":\"Tecnosuisse\",\"description\":\"Macchine Utensili per Legno e Metalli\",\"publisher\":{\"@id\":\"https:\/\/www.tecnosuissesa.com\/it\/#organization\"},\"potentialAction\":[{\"@type\":\"SearchAction\",\"target\":{\"@type\":\"EntryPoint\",\"urlTemplate\":\"https:\/\/www.tecnosuissesa.com\/it\/?s={search_term_string}\"},\"query-input\":{\"@type\":\"PropertyValueSpecification\",\"valueRequired\":true,\"valueName\":\"search_term_string\"}}],\"inLanguage\":\"fr-FR\"},{\"@type\":\"Organization\",\"@id\":\"https:\/\/www.tecnosuissesa.com\/it\/#organization\",\"name\":\"Tecnosuisse\",\"url\":\"https:\/\/www.tecnosuissesa.com\/it\/\",\"logo\":{\"@type\":\"ImageObject\",\"inLanguage\":\"fr-FR\",\"@id\":\"https:\/\/www.tecnosuissesa.com\/it\/#\/schema\/logo\/image\/\",\"url\":\"https:\/\/www.tecnosuissesa.com\/wp-content\/uploads\/2017\/08\/Logo_TecnoSuisse_627x627.png\",\"contentUrl\":\"https:\/\/www.tecnosuissesa.com\/wp-content\/uploads\/2017\/08\/Logo_TecnoSuisse_627x627.png\",\"width\":627,\"height\":627,\"caption\":\"Tecnosuisse\"},\"image\":{\"@id\":\"https:\/\/www.tecnosuissesa.com\/it\/#\/schema\/logo\/image\/\"},\"sameAs\":[\"https:\/\/www.facebook.com\/tecnosuisse\/\",\"https:\/\/www.youtube.com\/channel\/UCSoxFNkw8ZiE4jP9OY8AdFg\"]}]}<\/script>\n<!-- \/ Yoast SEO plugin. -->","yoast_head_json":{"title":"Degauchisseuse-Raboteuse FSC 360 - Tecnosuisse","robots":{"index":"index","follow":"follow","max-snippet":"max-snippet:-1","max-image-preview":"max-image-preview:large","max-video-preview":"max-video-preview:-1"},"canonical":"https:\/\/www.tecnosuissesa.com\/fr\/produit\/degauchisseuse-raboteuse-fsc-360\/","og_locale":"fr_FR","og_type":"article","og_title":"Degauchisseuse-Raboteuse FSC 360 - Tecnosuisse","og_description":"Degauchisseuse-Raboteuse FSC 360 Avec trois fers raboteuse de longueur 360\u00a0mm, hauteur max de travail \u00e0 raboter de 240 mm et moteur monophas\u00e9 avec puissance de 3 HP- int\u00e9gr\u00e9 mortiser","og_url":"https:\/\/www.tecnosuissesa.com\/fr\/produit\/degauchisseuse-raboteuse-fsc-360\/","og_site_name":"Tecnosuisse","article_publisher":"https:\/\/www.facebook.com\/tecnosuisse\/","og_image":[{"width":1024,"height":768,"url":"https:\/\/www.tecnosuissesa.com\/wp-content\/uploads\/2017\/10\/FSC360_1.jpg","type":"image\/jpeg"}],"twitter_card":"summary_large_image","twitter_misc":{"Dur\u00e9e de lecture estim\u00e9e":"1 minute"},"schema":{"@context":"https:\/\/schema.org","@graph":[{"@type":"WebPage","@id":"https:\/\/www.tecnosuissesa.com\/fr\/produit\/degauchisseuse-raboteuse-fsc-360\/","url":"https:\/\/www.tecnosuissesa.com\/fr\/produit\/degauchisseuse-raboteuse-fsc-360\/","name":"Degauchisseuse-Raboteuse FSC 360 - Tecnosuisse","isPartOf":{"@id":"https:\/\/www.tecnosuissesa.com\/it\/#website"},"primaryImageOfPage":{"@id":"https:\/\/www.tecnosuissesa.com\/fr\/produit\/degauchisseuse-raboteuse-fsc-360\/#primaryimage"},"image":{"@id":"https:\/\/www.tecnosuissesa.com\/fr\/produit\/degauchisseuse-raboteuse-fsc-360\/#primaryimage"},"thumbnailUrl":"https:\/\/www.tecnosuissesa.com\/wp-content\/uploads\/2017\/10\/FSC360_1.jpg","datePublished":"2017-10-02T13:54:58+00:00","breadcrumb":{"@id":"https:\/\/www.tecnosuissesa.com\/fr\/produit\/degauchisseuse-raboteuse-fsc-360\/#breadcrumb"},"inLanguage":"fr-FR","potentialAction":[{"@type":"ReadAction","target":["https:\/\/www.tecnosuissesa.com\/fr\/produit\/degauchisseuse-raboteuse-fsc-360\/"]}]},{"@type":"ImageObject","inLanguage":"fr-FR","@id":"https:\/\/www.tecnosuissesa.com\/fr\/produit\/degauchisseuse-raboteuse-fsc-360\/#primaryimage","url":"https:\/\/www.tecnosuissesa.com\/wp-content\/uploads\/2017\/10\/FSC360_1.jpg","contentUrl":"https:\/\/www.tecnosuissesa.com\/wp-content\/uploads\/2017\/10\/FSC360_1.jpg","width":1024,"height":768},{"@type":"BreadcrumbList","@id":"https:\/\/www.tecnosuissesa.com\/fr\/produit\/degauchisseuse-raboteuse-fsc-360\/#breadcrumb","itemListElement":[{"@type":"ListItem","position":1,"name":"Home","item":"https:\/\/www.tecnosuissesa.com\/fr\/"},{"@type":"ListItem","position":2,"name":"Vendita di Macchine Utensili per Legno e per Metalli","item":"https:\/\/www.tecnosuissesa.com\/it\/vendita-macchine-utensili\/"},{"@type":"ListItem","position":3,"name":"Degauchisseuse-Raboteuse FSC 360"}]},{"@type":"WebSite","@id":"https:\/\/www.tecnosuissesa.com\/it\/#website","url":"https:\/\/www.tecnosuissesa.com\/it\/","name":"Tecnosuisse","description":"Macchine Utensili per Legno e Metalli","publisher":{"@id":"https:\/\/www.tecnosuissesa.com\/it\/#organization"},"potentialAction":[{"@type":"SearchAction","target":{"@type":"EntryPoint","urlTemplate":"https:\/\/www.tecnosuissesa.com\/it\/?s={search_term_string}"},"query-input":{"@type":"PropertyValueSpecification","valueRequired":true,"valueName":"search_term_string"}}],"inLanguage":"fr-FR"},{"@type":"Organization","@id":"https:\/\/www.tecnosuissesa.com\/it\/#organization","name":"Tecnosuisse","url":"https:\/\/www.tecnosuissesa.com\/it\/","logo":{"@type":"ImageObject","inLanguage":"fr-FR","@id":"https:\/\/www.tecnosuissesa.com\/it\/#\/schema\/logo\/image\/","url":"https:\/\/www.tecnosuissesa.com\/wp-content\/uploads\/2017\/08\/Logo_TecnoSuisse_627x627.png","contentUrl":"https:\/\/www.tecnosuissesa.com\/wp-content\/uploads\/2017\/08\/Logo_TecnoSuisse_627x627.png","width":627,"height":627,"caption":"Tecnosuisse"},"image":{"@id":"https:\/\/www.tecnosuissesa.com\/it\/#\/schema\/logo\/image\/"},"sameAs":["https:\/\/www.facebook.com\/tecnosuisse\/","https:\/\/www.youtube.com\/channel\/UCSoxFNkw8ZiE4jP9OY8AdFg"]}]}},"_links":{"self":[{"href":"https:\/\/www.tecnosuissesa.com\/fr\/wp-json\/wp\/v2\/product\/1485","targetHints":{"allow":["GET"]}}],"collection":[{"href":"https:\/\/www.tecnosuissesa.com\/fr\/wp-json\/wp\/v2\/product"}],"about":[{"href":"https:\/\/www.tecnosuissesa.com\/fr\/wp-json\/wp\/v2\/types\/product"}],"replies":[{"embeddable":true,"href":"https:\/\/www.tecnosuissesa.com\/fr\/wp-json\/wp\/v2\/comments?post=1485"}],"wp:featuredmedia":[{"embeddable":true,"href":"https:\/\/www.tecnosuissesa.com\/fr\/wp-json\/wp\/v2\/media\/1477"}],"wp:attachment":[{"href":"https:\/\/www.tecnosuissesa.com\/fr\/wp-json\/wp\/v2\/media?parent=1485"}],"wp:term":[{"taxonomy":"product_brand","embeddable":true,"href":"https:\/\/www.tecnosuissesa.com\/fr\/wp-json\/wp\/v2\/product_brand?post=1485"},{"taxonomy":"product_cat","embeddable":true,"href":"https:\/\/www.tecnosuissesa.com\/fr\/wp-json\/wp\/v2\/product_cat?post=1485"},{"taxonomy":"product_tag","embeddable":true,"href":"https:\/\/www.tecnosuissesa.com\/fr\/wp-json\/wp\/v2\/product_tag?post=1485"}],"curies":[{"name":"wp","href":"https:\/\/api.w.org\/{rel}","templated":true}]}}