{"id":1463,"date":"2017-10-02T15:46:12","date_gmt":"2017-10-02T13:46:12","guid":{"rendered":"https:\/\/www.tecnosuissesa.com\/product\/degauchisseuse-raboteuse-fsc-310\/"},"modified":"2017-10-02T15:46:12","modified_gmt":"2017-10-02T13:46:12","slug":"degauchisseuse-raboteuse-fsc-310","status":"publish","type":"product","link":"https:\/\/www.tecnosuissesa.com\/fr\/product\/degauchisseuse-raboteuse-fsc-310\/","title":{"rendered":"Degauchisseuse-Raboteuse FSC 310"},"content":{"rendered":"<p>L&rsquo;America FSC\/310 fait partie des combin\u00e9es dot\u00e9es de raboteuse pour travailler pi\u00e8ces en profondeur jusqu&rsquo;\u00e0 240 mm et elles sont compl\u00e8tes d&rsquo; hottes aspirantes, tables en fonte, arbres rabot de 3 fers, puissance HP 2 ou 3. Ces machines peuvent \u00eatre mont\u00e9es sur de roues, si demand\u00e9, qui rendent facil le d\u00e9placement. Il s&rsquo;ag\u00eet de machines vraiment efficaces. En plus, chacune d&rsquo;elles peut \u00eatre combin\u00e9 au mod. \u201cAMERICA TSI\u201d (scie inclinable, inciseur, toupie, chariot \u00e0 \u00e9quarrir ), en formant de combin\u00e9es s\u00e9par\u00e9es de dimensions tables rabot de 260, 300 et 350, chariot \u00e0 \u00e9quarrir, toupie de 3 vitesse, ecc.<\/p>\n<p>Avoir une combin\u00e9e s\u00e9par\u00e9e en deux bloques a plusieurs avantages :<\/p>\n<p>1. La possibilit\u00e9 de travailler \u00e0 deux personnes en m\u00eame temps;<br \/>\n2. La facilit\u00e9, la fonctionnalit\u00e9 dans le d\u00e9placement de la<br \/>\nmachine;<br \/>\n3. La facilit\u00e9 d&rsquo;organiser Votre atelier comme bon Vous semble;<br \/>\n4. La possibilit\u00e9 d&rsquo;acheter les deux machines singuli\u00e8rement et<br \/>\nen temps diff\u00e9rents<\/p>\n<table border=\"1\" width=\"100%\" cellspacing=\"0\" cellpadding=\"0\">\n<tbody>\n<tr>\n<td colspan=\"2\" valign=\"top\" height=\"20\">\n<div align=\"center\"><strong>DONN\u00c9ES TECNIQUES<\/strong><\/div>\n<\/td>\n<\/tr>\n<tr>\n<td colspan=\"2\" valign=\"top\" height=\"20\"><strong>DIMENSIONS<\/strong><\/td>\n<\/tr>\n<tr>\n<td valign=\"top\" width=\"415\" height=\"20\">Encombrement machine avec mortaiseuse<\/td>\n<td valign=\"top\" width=\"414\" height=\"20\">1500 (longueur) x 1200 (largeur) x 850 ( haut plans planer ) mm<\/td>\n<\/tr>\n<tr>\n<td valign=\"top\" height=\"20\">Encombrement corps machine sans mortaiseuse<\/td>\n<td valign=\"top\" height=\"20\">1500 (longueur) x 600 (largeur) x 850 ( haut plans planer ) mm<\/td>\n<\/tr>\n<tr>\n<td valign=\"top\" height=\"20\">Poids net<\/td>\n<td valign=\"top\" height=\"20\">280 Kg<\/td>\n<\/tr>\n<tr>\n<td colspan=\"2\" height=\"20\"><strong>MOTEUR<\/strong><\/td>\n<\/tr>\n<tr>\n<td height=\"20\">Puissance<\/td>\n<td height=\"20\">3 Hp ( 2200 W )<\/td>\n<\/tr>\n<tr>\n<td height=\"20\">Typologie<\/td>\n<td height=\"20\">Monophas\u00e9 (220 V)<\/td>\n<\/tr>\n<tr>\n<td height=\"20\"><strong>D\u00c9GAUCHISSEUSE\/RABOTEUSE<\/strong><\/td>\n<td height=\"20\"><\/td>\n<\/tr>\n<tr>\n<td height=\"20\">Fers raboteuse<\/td>\n<td height=\"20\">N\u00b03<\/td>\n<\/tr>\n<tr>\n<td height=\"20\">Largueur de rabotage<\/td>\n<td height=\"20\">310 mm<\/td>\n<\/tr>\n<tr>\n<td height=\"20\">Diametre de l&rsquo;arbre porte-couteaux<\/td>\n<td height=\"20\">70 mm<\/td>\n<\/tr>\n<tr>\n<td height=\"20\">Longueur totale plans d\u00e9gauchisseuse<\/td>\n<td height=\"20\">1300 x 370 mm<\/td>\n<\/tr>\n<tr>\n<td height=\"20\">Longueur plan raboteuse (l&rsquo;exclusion de l&rsquo;extension)<\/td>\n<td height=\"20\">560 mm<\/td>\n<\/tr>\n<tr>\n<td height=\"20\">Typologie tables<\/td>\n<td height=\"20\">Fonte, rabattables<\/td>\n<\/tr>\n<tr>\n<td height=\"20\">Largueur max \u00e0 raboter<\/td>\n<td height=\"20\">310 mm<\/td>\n<\/tr>\n<tr>\n<td height=\"20\">Hauteur max de travail \u00e0 raboter<\/td>\n<td height=\"20\">240 mm<\/td>\n<\/tr>\n<tr>\n<td height=\"20\">Vitesse d&rsquo;entrainment<\/td>\n<td height=\"20\">7 meters\/minute<\/td>\n<\/tr>\n<tr>\n<td height=\"20\">Maximum d\u00e9m\u00e9nagement avec 1 seule traitement \u00e0 raboter<\/td>\n<td height=\"20\">4 mm<\/td>\n<\/tr>\n<tr>\n<td colspan=\"2\" height=\"20\"><strong>CAVATRICE \/ MORTAISEUSE<\/strong><\/td>\n<\/tr>\n<tr>\n<td height=\"20\">Voyage<\/td>\n<td height=\"20\">100 mm<\/td>\n<\/tr>\n<tr>\n<td height=\"20\">Max course total de gauche \u00e0 droite<\/td>\n<td height=\"20\">115 mm<\/td>\n<\/tr>\n<tr>\n<td height=\"20\">Voyage Max hauteur<\/td>\n<td height=\"20\">80 mm<\/td>\n<\/tr>\n<tr>\n<td height=\"20\">Tables de travail<\/td>\n<td height=\"20\">360 x 210 mm<\/td>\n<\/tr>\n<tr>\n<td height=\"20\">Rotatione<\/td>\n<td height=\"20\">Horaire<\/td>\n<\/tr>\n<\/tbody>\n<\/table>\n<p>&nbsp;<\/p>\n","protected":false},"excerpt":{"rendered":"<p align=\"justify\">Degauchisseuse-Raboteuse FSC 310 avec trois fers raboteuse de longueur 310\u00a0mm, hauteur max de travail \u00e0 raboter de 240 mm et moteur monophas\u00e9 avec puissance de 3 HP- int\u00e9gr\u00e9 mortiser<\/p>\n","protected":false},"featured_media":1766,"comment_status":"open","ping_status":"closed","template":"","meta":[],"product_brand":[],"product_cat":[122],"product_tag":[],"class_list":{"0":"post-1463","1":"product","2":"type-product","3":"status-publish","4":"has-post-thumbnail","6":"product_cat-raboteuse-degauchisseuse","7":"product_shipping_class-classe-10","9":"first","10":"instock","11":"shipping-taxable","12":"purchasable","13":"product-type-simple"},"yoast_head":"<!-- This site is optimized with the Yoast SEO plugin v27.1 - https:\/\/yoast.com\/product\/yoast-seo-wordpress\/ -->\n<title>Degauchisseuse-Raboteuse FSC 310 - Tecnosuisse<\/title>\n<meta name=\"robots\" content=\"index, follow, max-snippet:-1, max-image-preview:large, max-video-preview:-1\" \/>\n<link rel=\"canonical\" href=\"https:\/\/www.tecnosuissesa.com\/fr\/produit\/degauchisseuse-raboteuse-fsc-310\/\" \/>\n<meta property=\"og:locale\" content=\"fr_FR\" \/>\n<meta property=\"og:type\" content=\"article\" \/>\n<meta property=\"og:title\" content=\"Degauchisseuse-Raboteuse FSC 310 - Tecnosuisse\" \/>\n<meta property=\"og:description\" content=\"Degauchisseuse-Raboteuse FSC 310 avec trois fers raboteuse de longueur 310\u00a0mm, hauteur max de travail \u00e0 raboter de 240 mm et moteur monophas\u00e9 avec puissance de 3 HP- int\u00e9gr\u00e9 mortiser\" \/>\n<meta property=\"og:url\" content=\"https:\/\/www.tecnosuissesa.com\/fr\/produit\/degauchisseuse-raboteuse-fsc-310\/\" \/>\n<meta property=\"og:site_name\" content=\"Tecnosuisse\" \/>\n<meta property=\"article:publisher\" content=\"https:\/\/www.facebook.com\/tecnosuisse\/\" \/>\n<meta property=\"og:image\" content=\"https:\/\/www.tecnosuissesa.com\/wp-content\/uploads\/2017\/10\/lato-1-9.jpg\" \/>\n\t<meta property=\"og:image:width\" content=\"1024\" \/>\n\t<meta property=\"og:image:height\" content=\"768\" \/>\n\t<meta property=\"og:image:type\" content=\"image\/jpeg\" \/>\n<meta name=\"twitter:card\" content=\"summary_large_image\" \/>\n<meta name=\"twitter:label1\" content=\"Dur\u00e9e de lecture estim\u00e9e\" \/>\n\t<meta name=\"twitter:data1\" content=\"1 minute\" \/>\n<script type=\"application\/ld+json\" class=\"yoast-schema-graph\">{\"@context\":\"https:\/\/schema.org\",\"@graph\":[{\"@type\":\"WebPage\",\"@id\":\"https:\/\/www.tecnosuissesa.com\/fr\/produit\/degauchisseuse-raboteuse-fsc-310\/\",\"url\":\"https:\/\/www.tecnosuissesa.com\/fr\/produit\/degauchisseuse-raboteuse-fsc-310\/\",\"name\":\"Degauchisseuse-Raboteuse FSC 310 - Tecnosuisse\",\"isPartOf\":{\"@id\":\"https:\/\/www.tecnosuissesa.com\/it\/#website\"},\"primaryImageOfPage\":{\"@id\":\"https:\/\/www.tecnosuissesa.com\/fr\/produit\/degauchisseuse-raboteuse-fsc-310\/#primaryimage\"},\"image\":{\"@id\":\"https:\/\/www.tecnosuissesa.com\/fr\/produit\/degauchisseuse-raboteuse-fsc-310\/#primaryimage\"},\"thumbnailUrl\":\"https:\/\/www.tecnosuissesa.com\/wp-content\/uploads\/2017\/10\/lato-1-9.jpg\",\"datePublished\":\"2017-10-02T13:46:12+00:00\",\"breadcrumb\":{\"@id\":\"https:\/\/www.tecnosuissesa.com\/fr\/produit\/degauchisseuse-raboteuse-fsc-310\/#breadcrumb\"},\"inLanguage\":\"fr-FR\",\"potentialAction\":[{\"@type\":\"ReadAction\",\"target\":[\"https:\/\/www.tecnosuissesa.com\/fr\/produit\/degauchisseuse-raboteuse-fsc-310\/\"]}]},{\"@type\":\"ImageObject\",\"inLanguage\":\"fr-FR\",\"@id\":\"https:\/\/www.tecnosuissesa.com\/fr\/produit\/degauchisseuse-raboteuse-fsc-310\/#primaryimage\",\"url\":\"https:\/\/www.tecnosuissesa.com\/wp-content\/uploads\/2017\/10\/lato-1-9.jpg\",\"contentUrl\":\"https:\/\/www.tecnosuissesa.com\/wp-content\/uploads\/2017\/10\/lato-1-9.jpg\",\"width\":1024,\"height\":768},{\"@type\":\"BreadcrumbList\",\"@id\":\"https:\/\/www.tecnosuissesa.com\/fr\/produit\/degauchisseuse-raboteuse-fsc-310\/#breadcrumb\",\"itemListElement\":[{\"@type\":\"ListItem\",\"position\":1,\"name\":\"Home\",\"item\":\"https:\/\/www.tecnosuissesa.com\/fr\/\"},{\"@type\":\"ListItem\",\"position\":2,\"name\":\"Vendita di Macchine Utensili per Legno e per Metalli\",\"item\":\"https:\/\/www.tecnosuissesa.com\/it\/vendita-macchine-utensili\/\"},{\"@type\":\"ListItem\",\"position\":3,\"name\":\"Degauchisseuse-Raboteuse FSC 310\"}]},{\"@type\":\"WebSite\",\"@id\":\"https:\/\/www.tecnosuissesa.com\/it\/#website\",\"url\":\"https:\/\/www.tecnosuissesa.com\/it\/\",\"name\":\"Tecnosuisse\",\"description\":\"Macchine Utensili per Legno e Metalli\",\"publisher\":{\"@id\":\"https:\/\/www.tecnosuissesa.com\/it\/#organization\"},\"potentialAction\":[{\"@type\":\"SearchAction\",\"target\":{\"@type\":\"EntryPoint\",\"urlTemplate\":\"https:\/\/www.tecnosuissesa.com\/it\/?s={search_term_string}\"},\"query-input\":{\"@type\":\"PropertyValueSpecification\",\"valueRequired\":true,\"valueName\":\"search_term_string\"}}],\"inLanguage\":\"fr-FR\"},{\"@type\":\"Organization\",\"@id\":\"https:\/\/www.tecnosuissesa.com\/it\/#organization\",\"name\":\"Tecnosuisse\",\"url\":\"https:\/\/www.tecnosuissesa.com\/it\/\",\"logo\":{\"@type\":\"ImageObject\",\"inLanguage\":\"fr-FR\",\"@id\":\"https:\/\/www.tecnosuissesa.com\/it\/#\/schema\/logo\/image\/\",\"url\":\"https:\/\/www.tecnosuissesa.com\/wp-content\/uploads\/2017\/08\/Logo_TecnoSuisse_627x627.png\",\"contentUrl\":\"https:\/\/www.tecnosuissesa.com\/wp-content\/uploads\/2017\/08\/Logo_TecnoSuisse_627x627.png\",\"width\":627,\"height\":627,\"caption\":\"Tecnosuisse\"},\"image\":{\"@id\":\"https:\/\/www.tecnosuissesa.com\/it\/#\/schema\/logo\/image\/\"},\"sameAs\":[\"https:\/\/www.facebook.com\/tecnosuisse\/\",\"https:\/\/www.youtube.com\/channel\/UCSoxFNkw8ZiE4jP9OY8AdFg\"]}]}<\/script>\n<!-- \/ Yoast SEO plugin. -->","yoast_head_json":{"title":"Degauchisseuse-Raboteuse FSC 310 - Tecnosuisse","robots":{"index":"index","follow":"follow","max-snippet":"max-snippet:-1","max-image-preview":"max-image-preview:large","max-video-preview":"max-video-preview:-1"},"canonical":"https:\/\/www.tecnosuissesa.com\/fr\/produit\/degauchisseuse-raboteuse-fsc-310\/","og_locale":"fr_FR","og_type":"article","og_title":"Degauchisseuse-Raboteuse FSC 310 - Tecnosuisse","og_description":"Degauchisseuse-Raboteuse FSC 310 avec trois fers raboteuse de longueur 310\u00a0mm, hauteur max de travail \u00e0 raboter de 240 mm et moteur monophas\u00e9 avec puissance de 3 HP- int\u00e9gr\u00e9 mortiser","og_url":"https:\/\/www.tecnosuissesa.com\/fr\/produit\/degauchisseuse-raboteuse-fsc-310\/","og_site_name":"Tecnosuisse","article_publisher":"https:\/\/www.facebook.com\/tecnosuisse\/","og_image":[{"width":1024,"height":768,"url":"https:\/\/www.tecnosuissesa.com\/wp-content\/uploads\/2017\/10\/lato-1-9.jpg","type":"image\/jpeg"}],"twitter_card":"summary_large_image","twitter_misc":{"Dur\u00e9e de lecture estim\u00e9e":"1 minute"},"schema":{"@context":"https:\/\/schema.org","@graph":[{"@type":"WebPage","@id":"https:\/\/www.tecnosuissesa.com\/fr\/produit\/degauchisseuse-raboteuse-fsc-310\/","url":"https:\/\/www.tecnosuissesa.com\/fr\/produit\/degauchisseuse-raboteuse-fsc-310\/","name":"Degauchisseuse-Raboteuse FSC 310 - Tecnosuisse","isPartOf":{"@id":"https:\/\/www.tecnosuissesa.com\/it\/#website"},"primaryImageOfPage":{"@id":"https:\/\/www.tecnosuissesa.com\/fr\/produit\/degauchisseuse-raboteuse-fsc-310\/#primaryimage"},"image":{"@id":"https:\/\/www.tecnosuissesa.com\/fr\/produit\/degauchisseuse-raboteuse-fsc-310\/#primaryimage"},"thumbnailUrl":"https:\/\/www.tecnosuissesa.com\/wp-content\/uploads\/2017\/10\/lato-1-9.jpg","datePublished":"2017-10-02T13:46:12+00:00","breadcrumb":{"@id":"https:\/\/www.tecnosuissesa.com\/fr\/produit\/degauchisseuse-raboteuse-fsc-310\/#breadcrumb"},"inLanguage":"fr-FR","potentialAction":[{"@type":"ReadAction","target":["https:\/\/www.tecnosuissesa.com\/fr\/produit\/degauchisseuse-raboteuse-fsc-310\/"]}]},{"@type":"ImageObject","inLanguage":"fr-FR","@id":"https:\/\/www.tecnosuissesa.com\/fr\/produit\/degauchisseuse-raboteuse-fsc-310\/#primaryimage","url":"https:\/\/www.tecnosuissesa.com\/wp-content\/uploads\/2017\/10\/lato-1-9.jpg","contentUrl":"https:\/\/www.tecnosuissesa.com\/wp-content\/uploads\/2017\/10\/lato-1-9.jpg","width":1024,"height":768},{"@type":"BreadcrumbList","@id":"https:\/\/www.tecnosuissesa.com\/fr\/produit\/degauchisseuse-raboteuse-fsc-310\/#breadcrumb","itemListElement":[{"@type":"ListItem","position":1,"name":"Home","item":"https:\/\/www.tecnosuissesa.com\/fr\/"},{"@type":"ListItem","position":2,"name":"Vendita di Macchine Utensili per Legno e per Metalli","item":"https:\/\/www.tecnosuissesa.com\/it\/vendita-macchine-utensili\/"},{"@type":"ListItem","position":3,"name":"Degauchisseuse-Raboteuse FSC 310"}]},{"@type":"WebSite","@id":"https:\/\/www.tecnosuissesa.com\/it\/#website","url":"https:\/\/www.tecnosuissesa.com\/it\/","name":"Tecnosuisse","description":"Macchine Utensili per Legno e Metalli","publisher":{"@id":"https:\/\/www.tecnosuissesa.com\/it\/#organization"},"potentialAction":[{"@type":"SearchAction","target":{"@type":"EntryPoint","urlTemplate":"https:\/\/www.tecnosuissesa.com\/it\/?s={search_term_string}"},"query-input":{"@type":"PropertyValueSpecification","valueRequired":true,"valueName":"search_term_string"}}],"inLanguage":"fr-FR"},{"@type":"Organization","@id":"https:\/\/www.tecnosuissesa.com\/it\/#organization","name":"Tecnosuisse","url":"https:\/\/www.tecnosuissesa.com\/it\/","logo":{"@type":"ImageObject","inLanguage":"fr-FR","@id":"https:\/\/www.tecnosuissesa.com\/it\/#\/schema\/logo\/image\/","url":"https:\/\/www.tecnosuissesa.com\/wp-content\/uploads\/2017\/08\/Logo_TecnoSuisse_627x627.png","contentUrl":"https:\/\/www.tecnosuissesa.com\/wp-content\/uploads\/2017\/08\/Logo_TecnoSuisse_627x627.png","width":627,"height":627,"caption":"Tecnosuisse"},"image":{"@id":"https:\/\/www.tecnosuissesa.com\/it\/#\/schema\/logo\/image\/"},"sameAs":["https:\/\/www.facebook.com\/tecnosuisse\/","https:\/\/www.youtube.com\/channel\/UCSoxFNkw8ZiE4jP9OY8AdFg"]}]}},"_links":{"self":[{"href":"https:\/\/www.tecnosuissesa.com\/fr\/wp-json\/wp\/v2\/product\/1463","targetHints":{"allow":["GET"]}}],"collection":[{"href":"https:\/\/www.tecnosuissesa.com\/fr\/wp-json\/wp\/v2\/product"}],"about":[{"href":"https:\/\/www.tecnosuissesa.com\/fr\/wp-json\/wp\/v2\/types\/product"}],"replies":[{"embeddable":true,"href":"https:\/\/www.tecnosuissesa.com\/fr\/wp-json\/wp\/v2\/comments?post=1463"}],"wp:featuredmedia":[{"embeddable":true,"href":"https:\/\/www.tecnosuissesa.com\/fr\/wp-json\/wp\/v2\/media\/1766"}],"wp:attachment":[{"href":"https:\/\/www.tecnosuissesa.com\/fr\/wp-json\/wp\/v2\/media?parent=1463"}],"wp:term":[{"taxonomy":"product_brand","embeddable":true,"href":"https:\/\/www.tecnosuissesa.com\/fr\/wp-json\/wp\/v2\/product_brand?post=1463"},{"taxonomy":"product_cat","embeddable":true,"href":"https:\/\/www.tecnosuissesa.com\/fr\/wp-json\/wp\/v2\/product_cat?post=1463"},{"taxonomy":"product_tag","embeddable":true,"href":"https:\/\/www.tecnosuissesa.com\/fr\/wp-json\/wp\/v2\/product_tag?post=1463"}],"curies":[{"name":"wp","href":"https:\/\/api.w.org\/{rel}","templated":true}]}}