{"id":1438,"date":"2017-10-02T15:29:04","date_gmt":"2017-10-02T13:29:04","guid":{"rendered":"https:\/\/www.tecnosuissesa.com\/product\/scie-a-rouban-a-bois-prima-40\/"},"modified":"2017-10-02T15:32:24","modified_gmt":"2017-10-02T13:32:24","slug":"scie-a-rouban-a-bois-prima-40","status":"publish","type":"product","link":"https:\/\/www.tecnosuissesa.com\/fr\/product\/scie-a-rouban-a-bois-prima-40\/","title":{"rendered":"Scie \u00e0 rouban \u00e0 bois Prima 40"},"content":{"rendered":"<p>C &lsquo;est une scie \u00e0 ruban professionnelle en tant avec tables et volants en fonte et charpenterie en acier car\u00e9n\u00e9; est \u00e9quip\u00e9e de guide lame sur&nbsp;roulements&nbsp;de haute pr\u00e9cision. Le diam\u00e8tre des volants de cette scie est de 400 mm et le moteur qui fait tourner la machine est une seule phase 2 HP puissant (1500 W).Le plan de scie est inclinable et est d\u00e9j\u00e0 vendu en configuration standard avec un guide et un rapporteur d&rsquo;angles. Au fond il ya une place pour brancher un aspirateur diam\u00e8tre de tube de buse 100 mm.&nbsp; La scie est vendue en configuration standard, avec une lame large 16 mm. En option, vous pouvez commander lames de 10, 20 0 25 mm.&nbsp;<\/p>\n<table border=\"1\" width=\"100%\" cellspacing=\"0\" cellpadding=\"0\">\n<tbody>\n<tr>\n<td colspan=\"2\" valign=\"top\" height=\"20\">\n<div align=\"center\"><strong>DONN\u00c9ES TECNIQUES<\/strong><\/div>\n<\/td>\n<\/tr>\n<tr>\n<td colspan=\"2\" valign=\"top\" height=\"20\"><strong>DIMENSIONS<\/strong><strong>&nbsp;HORS TOUT<\/strong><\/td>\n<\/tr>\n<tr>\n<td valign=\"top\" width=\"415\" height=\"20\">Encombrement maximum<\/td>\n<td valign=\"top\" width=\"414\" height=\"20\">650 mm (longueur) x 550 mm (largeur) x 1750 mm (hauter)<\/td>\n<\/tr>\n<tr>\n<td valign=\"top\" height=\"20\">\n<p>Taille de l&#8217;emballage<\/p>\n<\/td>\n<td valign=\"top\" height=\"20\">700 mm (longueur) x 570 mm (largeur) x 1770 mm (hauter)<\/td>\n<\/tr>\n<tr>\n<td valign=\"top\" height=\"20\">Poids net<\/td>\n<td valign=\"top\" height=\"20\">140 Kg<\/td>\n<\/tr>\n<tr>\n<td valign=\"top\" height=\"20\">Poids brut ( emball\u00e9 )<\/td>\n<td valign=\"top\" height=\"20\">170 Kg<\/td>\n<\/tr>\n<tr>\n<td colspan=\"2\" height=\"20\">\n<p><strong>SP\u00c9CIFICATIONS<\/strong><\/p>\n<\/td>\n<\/tr>\n<tr>\n<td height=\"20\">Table d&rsquo;appui<\/td>\n<td height=\"20\">610 x 400 mm<\/td>\n<\/tr>\n<tr>\n<td height=\"20\">Diam\u00e8tre des volants<\/td>\n<td height=\"20\">400 mm<\/td>\n<\/tr>\n<tr>\n<td height=\"20\">Typologie table d&rsquo;appui<\/td>\n<td height=\"20\">En fonte inclinable<\/td>\n<\/tr>\n<tr>\n<td height=\"20\">Distance horizontale entre la lame et du support des volants<\/td>\n<td height=\"20\">380 mm<\/td>\n<\/tr>\n<tr>\n<td height=\"20\">Capacit\u00e9 de coupage en hauteur<\/td>\n<td height=\"20\">220 mm<\/td>\n<\/tr>\n<tr>\n<td height=\"20\">Longueur de lame<\/td>\n<td height=\"20\">2960 mm<\/td>\n<\/tr>\n<tr>\n<td height=\"20\">Largeur lame fourni<\/td>\n<td height=\"20\">16 mm<\/td>\n<\/tr>\n<tr>\n<td height=\"20\">Goniom\u00e8tre<\/td>\n<td height=\"20\">Inclus<\/td>\n<\/tr>\n<tr>\n<td height=\"20\">Aide millim\u00e9trique<\/td>\n<td height=\"20\">Inclus<\/td>\n<\/tr>\n<tr>\n<td colspan=\"2\" height=\"20\"><strong>MOTEUR<\/strong><\/td>\n<\/tr>\n<tr>\n<td height=\"20\">Puissance<\/td>\n<td height=\"20\">1500 W<\/td>\n<\/tr>\n<tr>\n<td height=\"20\">Typologie<\/td>\n<td height=\"20\">Monophas\u00e9 (220 V)<\/td>\n<\/tr>\n<tr>\n<td height=\"20\">Fr\u00e9quence<\/td>\n<td height=\"20\">50 Hz<\/td>\n<\/tr>\n<tr>\n<td height=\"20\">Sauve moteur<\/td>\n<td height=\"20\">Inclus<\/td>\n<\/tr>\n<\/tbody>\n<\/table>\n","protected":false},"excerpt":{"rendered":"<p>Scie \u00e0 ruban \u00e0 bois avec volants en fonte de 400 mm<\/p>\n","protected":false},"featured_media":1427,"comment_status":"open","ping_status":"closed","template":"","meta":[],"product_brand":[],"product_cat":[66],"product_tag":[],"class_list":{"0":"post-1438","1":"product","2":"type-product","3":"status-publish","4":"has-post-thumbnail","6":"product_cat-scies-a-ruban-a-bois","7":"product_shipping_class-classe-10","9":"first","10":"instock","11":"shipping-taxable","12":"purchasable","13":"product-type-simple"},"yoast_head":"<!-- This site is optimized with the Yoast SEO plugin v27.1 - https:\/\/yoast.com\/product\/yoast-seo-wordpress\/ -->\n<title>Scie \u00e0 rouban \u00e0 bois Prima 40 - Tecnosuisse<\/title>\n<meta name=\"robots\" content=\"index, follow, max-snippet:-1, max-image-preview:large, max-video-preview:-1\" \/>\n<link rel=\"canonical\" href=\"https:\/\/www.tecnosuissesa.com\/fr\/produit\/scie-a-rouban-a-bois-prima-40\/\" \/>\n<meta property=\"og:locale\" content=\"fr_FR\" \/>\n<meta property=\"og:type\" content=\"article\" \/>\n<meta property=\"og:title\" content=\"Scie \u00e0 rouban \u00e0 bois Prima 40 - Tecnosuisse\" \/>\n<meta property=\"og:description\" content=\"Scie \u00e0 ruban \u00e0 bois avec volants en fonte de 400 mm\" \/>\n<meta property=\"og:url\" content=\"https:\/\/www.tecnosuissesa.com\/fr\/produit\/scie-a-rouban-a-bois-prima-40\/\" \/>\n<meta property=\"og:site_name\" content=\"Tecnosuisse\" \/>\n<meta property=\"article:publisher\" content=\"https:\/\/www.facebook.com\/tecnosuisse\/\" \/>\n<meta property=\"article:modified_time\" content=\"2017-10-02T13:32:24+00:00\" \/>\n<meta property=\"og:image\" content=\"https:\/\/www.tecnosuissesa.com\/wp-content\/uploads\/2017\/10\/PRIMA40_1.jpg\" \/>\n\t<meta property=\"og:image:width\" content=\"1024\" \/>\n\t<meta property=\"og:image:height\" content=\"768\" \/>\n\t<meta property=\"og:image:type\" content=\"image\/jpeg\" \/>\n<meta name=\"twitter:card\" content=\"summary_large_image\" \/>\n<meta name=\"twitter:label1\" content=\"Dur\u00e9e de lecture estim\u00e9e\" \/>\n\t<meta name=\"twitter:data1\" content=\"1 minute\" \/>\n<script type=\"application\/ld+json\" class=\"yoast-schema-graph\">{\"@context\":\"https:\/\/schema.org\",\"@graph\":[{\"@type\":\"WebPage\",\"@id\":\"https:\/\/www.tecnosuissesa.com\/fr\/produit\/scie-a-rouban-a-bois-prima-40\/\",\"url\":\"https:\/\/www.tecnosuissesa.com\/fr\/produit\/scie-a-rouban-a-bois-prima-40\/\",\"name\":\"Scie \u00e0 rouban \u00e0 bois Prima 40 - Tecnosuisse\",\"isPartOf\":{\"@id\":\"https:\/\/www.tecnosuissesa.com\/it\/#website\"},\"primaryImageOfPage\":{\"@id\":\"https:\/\/www.tecnosuissesa.com\/fr\/produit\/scie-a-rouban-a-bois-prima-40\/#primaryimage\"},\"image\":{\"@id\":\"https:\/\/www.tecnosuissesa.com\/fr\/produit\/scie-a-rouban-a-bois-prima-40\/#primaryimage\"},\"thumbnailUrl\":\"https:\/\/www.tecnosuissesa.com\/wp-content\/uploads\/2017\/10\/PRIMA40_1.jpg\",\"datePublished\":\"2017-10-02T13:29:04+00:00\",\"dateModified\":\"2017-10-02T13:32:24+00:00\",\"breadcrumb\":{\"@id\":\"https:\/\/www.tecnosuissesa.com\/fr\/produit\/scie-a-rouban-a-bois-prima-40\/#breadcrumb\"},\"inLanguage\":\"fr-FR\",\"potentialAction\":[{\"@type\":\"ReadAction\",\"target\":[\"https:\/\/www.tecnosuissesa.com\/fr\/produit\/scie-a-rouban-a-bois-prima-40\/\"]}]},{\"@type\":\"ImageObject\",\"inLanguage\":\"fr-FR\",\"@id\":\"https:\/\/www.tecnosuissesa.com\/fr\/produit\/scie-a-rouban-a-bois-prima-40\/#primaryimage\",\"url\":\"https:\/\/www.tecnosuissesa.com\/wp-content\/uploads\/2017\/10\/PRIMA40_1.jpg\",\"contentUrl\":\"https:\/\/www.tecnosuissesa.com\/wp-content\/uploads\/2017\/10\/PRIMA40_1.jpg\",\"width\":1024,\"height\":768},{\"@type\":\"BreadcrumbList\",\"@id\":\"https:\/\/www.tecnosuissesa.com\/fr\/produit\/scie-a-rouban-a-bois-prima-40\/#breadcrumb\",\"itemListElement\":[{\"@type\":\"ListItem\",\"position\":1,\"name\":\"Home\",\"item\":\"https:\/\/www.tecnosuissesa.com\/fr\/\"},{\"@type\":\"ListItem\",\"position\":2,\"name\":\"Vendita di Macchine Utensili per Legno e per Metalli\",\"item\":\"https:\/\/www.tecnosuissesa.com\/it\/vendita-macchine-utensili\/\"},{\"@type\":\"ListItem\",\"position\":3,\"name\":\"Scie \u00e0 rouban \u00e0 bois Prima 40\"}]},{\"@type\":\"WebSite\",\"@id\":\"https:\/\/www.tecnosuissesa.com\/it\/#website\",\"url\":\"https:\/\/www.tecnosuissesa.com\/it\/\",\"name\":\"Tecnosuisse\",\"description\":\"Macchine Utensili per Legno e Metalli\",\"publisher\":{\"@id\":\"https:\/\/www.tecnosuissesa.com\/it\/#organization\"},\"potentialAction\":[{\"@type\":\"SearchAction\",\"target\":{\"@type\":\"EntryPoint\",\"urlTemplate\":\"https:\/\/www.tecnosuissesa.com\/it\/?s={search_term_string}\"},\"query-input\":{\"@type\":\"PropertyValueSpecification\",\"valueRequired\":true,\"valueName\":\"search_term_string\"}}],\"inLanguage\":\"fr-FR\"},{\"@type\":\"Organization\",\"@id\":\"https:\/\/www.tecnosuissesa.com\/it\/#organization\",\"name\":\"Tecnosuisse\",\"url\":\"https:\/\/www.tecnosuissesa.com\/it\/\",\"logo\":{\"@type\":\"ImageObject\",\"inLanguage\":\"fr-FR\",\"@id\":\"https:\/\/www.tecnosuissesa.com\/it\/#\/schema\/logo\/image\/\",\"url\":\"https:\/\/www.tecnosuissesa.com\/wp-content\/uploads\/2017\/08\/Logo_TecnoSuisse_627x627.png\",\"contentUrl\":\"https:\/\/www.tecnosuissesa.com\/wp-content\/uploads\/2017\/08\/Logo_TecnoSuisse_627x627.png\",\"width\":627,\"height\":627,\"caption\":\"Tecnosuisse\"},\"image\":{\"@id\":\"https:\/\/www.tecnosuissesa.com\/it\/#\/schema\/logo\/image\/\"},\"sameAs\":[\"https:\/\/www.facebook.com\/tecnosuisse\/\",\"https:\/\/www.youtube.com\/channel\/UCSoxFNkw8ZiE4jP9OY8AdFg\"]}]}<\/script>\n<!-- \/ Yoast SEO plugin. -->","yoast_head_json":{"title":"Scie \u00e0 rouban \u00e0 bois Prima 40 - Tecnosuisse","robots":{"index":"index","follow":"follow","max-snippet":"max-snippet:-1","max-image-preview":"max-image-preview:large","max-video-preview":"max-video-preview:-1"},"canonical":"https:\/\/www.tecnosuissesa.com\/fr\/produit\/scie-a-rouban-a-bois-prima-40\/","og_locale":"fr_FR","og_type":"article","og_title":"Scie \u00e0 rouban \u00e0 bois Prima 40 - Tecnosuisse","og_description":"Scie \u00e0 ruban \u00e0 bois avec volants en fonte de 400 mm","og_url":"https:\/\/www.tecnosuissesa.com\/fr\/produit\/scie-a-rouban-a-bois-prima-40\/","og_site_name":"Tecnosuisse","article_publisher":"https:\/\/www.facebook.com\/tecnosuisse\/","article_modified_time":"2017-10-02T13:32:24+00:00","og_image":[{"width":1024,"height":768,"url":"https:\/\/www.tecnosuissesa.com\/wp-content\/uploads\/2017\/10\/PRIMA40_1.jpg","type":"image\/jpeg"}],"twitter_card":"summary_large_image","twitter_misc":{"Dur\u00e9e de lecture estim\u00e9e":"1 minute"},"schema":{"@context":"https:\/\/schema.org","@graph":[{"@type":"WebPage","@id":"https:\/\/www.tecnosuissesa.com\/fr\/produit\/scie-a-rouban-a-bois-prima-40\/","url":"https:\/\/www.tecnosuissesa.com\/fr\/produit\/scie-a-rouban-a-bois-prima-40\/","name":"Scie \u00e0 rouban \u00e0 bois Prima 40 - Tecnosuisse","isPartOf":{"@id":"https:\/\/www.tecnosuissesa.com\/it\/#website"},"primaryImageOfPage":{"@id":"https:\/\/www.tecnosuissesa.com\/fr\/produit\/scie-a-rouban-a-bois-prima-40\/#primaryimage"},"image":{"@id":"https:\/\/www.tecnosuissesa.com\/fr\/produit\/scie-a-rouban-a-bois-prima-40\/#primaryimage"},"thumbnailUrl":"https:\/\/www.tecnosuissesa.com\/wp-content\/uploads\/2017\/10\/PRIMA40_1.jpg","datePublished":"2017-10-02T13:29:04+00:00","dateModified":"2017-10-02T13:32:24+00:00","breadcrumb":{"@id":"https:\/\/www.tecnosuissesa.com\/fr\/produit\/scie-a-rouban-a-bois-prima-40\/#breadcrumb"},"inLanguage":"fr-FR","potentialAction":[{"@type":"ReadAction","target":["https:\/\/www.tecnosuissesa.com\/fr\/produit\/scie-a-rouban-a-bois-prima-40\/"]}]},{"@type":"ImageObject","inLanguage":"fr-FR","@id":"https:\/\/www.tecnosuissesa.com\/fr\/produit\/scie-a-rouban-a-bois-prima-40\/#primaryimage","url":"https:\/\/www.tecnosuissesa.com\/wp-content\/uploads\/2017\/10\/PRIMA40_1.jpg","contentUrl":"https:\/\/www.tecnosuissesa.com\/wp-content\/uploads\/2017\/10\/PRIMA40_1.jpg","width":1024,"height":768},{"@type":"BreadcrumbList","@id":"https:\/\/www.tecnosuissesa.com\/fr\/produit\/scie-a-rouban-a-bois-prima-40\/#breadcrumb","itemListElement":[{"@type":"ListItem","position":1,"name":"Home","item":"https:\/\/www.tecnosuissesa.com\/fr\/"},{"@type":"ListItem","position":2,"name":"Vendita di Macchine Utensili per Legno e per Metalli","item":"https:\/\/www.tecnosuissesa.com\/it\/vendita-macchine-utensili\/"},{"@type":"ListItem","position":3,"name":"Scie \u00e0 rouban \u00e0 bois Prima 40"}]},{"@type":"WebSite","@id":"https:\/\/www.tecnosuissesa.com\/it\/#website","url":"https:\/\/www.tecnosuissesa.com\/it\/","name":"Tecnosuisse","description":"Macchine Utensili per Legno e Metalli","publisher":{"@id":"https:\/\/www.tecnosuissesa.com\/it\/#organization"},"potentialAction":[{"@type":"SearchAction","target":{"@type":"EntryPoint","urlTemplate":"https:\/\/www.tecnosuissesa.com\/it\/?s={search_term_string}"},"query-input":{"@type":"PropertyValueSpecification","valueRequired":true,"valueName":"search_term_string"}}],"inLanguage":"fr-FR"},{"@type":"Organization","@id":"https:\/\/www.tecnosuissesa.com\/it\/#organization","name":"Tecnosuisse","url":"https:\/\/www.tecnosuissesa.com\/it\/","logo":{"@type":"ImageObject","inLanguage":"fr-FR","@id":"https:\/\/www.tecnosuissesa.com\/it\/#\/schema\/logo\/image\/","url":"https:\/\/www.tecnosuissesa.com\/wp-content\/uploads\/2017\/08\/Logo_TecnoSuisse_627x627.png","contentUrl":"https:\/\/www.tecnosuissesa.com\/wp-content\/uploads\/2017\/08\/Logo_TecnoSuisse_627x627.png","width":627,"height":627,"caption":"Tecnosuisse"},"image":{"@id":"https:\/\/www.tecnosuissesa.com\/it\/#\/schema\/logo\/image\/"},"sameAs":["https:\/\/www.facebook.com\/tecnosuisse\/","https:\/\/www.youtube.com\/channel\/UCSoxFNkw8ZiE4jP9OY8AdFg"]}]}},"_links":{"self":[{"href":"https:\/\/www.tecnosuissesa.com\/fr\/wp-json\/wp\/v2\/product\/1438","targetHints":{"allow":["GET"]}}],"collection":[{"href":"https:\/\/www.tecnosuissesa.com\/fr\/wp-json\/wp\/v2\/product"}],"about":[{"href":"https:\/\/www.tecnosuissesa.com\/fr\/wp-json\/wp\/v2\/types\/product"}],"replies":[{"embeddable":true,"href":"https:\/\/www.tecnosuissesa.com\/fr\/wp-json\/wp\/v2\/comments?post=1438"}],"wp:featuredmedia":[{"embeddable":true,"href":"https:\/\/www.tecnosuissesa.com\/fr\/wp-json\/wp\/v2\/media\/1427"}],"wp:attachment":[{"href":"https:\/\/www.tecnosuissesa.com\/fr\/wp-json\/wp\/v2\/media?parent=1438"}],"wp:term":[{"taxonomy":"product_brand","embeddable":true,"href":"https:\/\/www.tecnosuissesa.com\/fr\/wp-json\/wp\/v2\/product_brand?post=1438"},{"taxonomy":"product_cat","embeddable":true,"href":"https:\/\/www.tecnosuissesa.com\/fr\/wp-json\/wp\/v2\/product_cat?post=1438"},{"taxonomy":"product_tag","embeddable":true,"href":"https:\/\/www.tecnosuissesa.com\/fr\/wp-json\/wp\/v2\/product_tag?post=1438"}],"curies":[{"name":"wp","href":"https:\/\/api.w.org\/{rel}","templated":true}]}}