{"id":1266,"date":"2017-09-29T15:08:23","date_gmt":"2017-09-29T13:08:23","guid":{"rendered":"https:\/\/www.tecnosuissesa.com\/product\/perceuse-a-colonne-dmtc4119\/"},"modified":"2017-09-29T15:12:56","modified_gmt":"2017-09-29T13:12:56","slug":"perceuse-a-colonne-dmtc-4119","status":"publish","type":"product","link":"https:\/\/www.tecnosuissesa.com\/fr\/product\/perceuse-a-colonne-dmtc-4119\/","title":{"rendered":"Perceuse \u00e0 colonne Dmtc 4119"},"content":{"rendered":"<p>C&rsquo;est le plus petit des perceuses \u00e0 colonne mais il est aussi tr\u00e8s efficace. Il a un moteur monophas\u00e9 de 550W. Il vous permet de faire varier la vitesse de rotation en fonction du mat\u00e9riau que vous travaillez. Le plan du travail peut \u00eatre rapidement d\u00e9plac\u00e9 par une manivelle et peut \u00eatre amen\u00e9 \u00e0 une distance maximale de 340 mm de l&rsquo;axe.<\/p>\n<p>&nbsp;<\/p>\n<table border=\"1\" width=\"100%\" cellspacing=\"0\" cellpadding=\"0\">\n<tbody>\n<tr>\n<td colspan=\"2\" align=\"center\" height=\"20\"><strong>DONN\u00c9ES TECNIQUES<\/strong><\/td>\n<\/tr>\n<tr>\n<td colspan=\"2\" valign=\"top\" height=\"20\"><strong>Dimensions<\/strong><\/td>\n<\/tr>\n<tr>\n<td width=\"50%\" height=\"20\">Dimensions<\/td>\n<td width=\"50%\" height=\"20\">300 mm (largeur) x 650 mm (longueur) x 990 mm (hauteur)<\/td>\n<\/tr>\n<tr>\n<td height=\"20\">Poids net-brut<\/td>\n<td height=\"20\">70 kg<\/td>\n<\/tr>\n<tr>\n<td height=\"20\">Velocit\u00e0 del nastro<\/td>\n<td height=\"20\">185 mm<\/td>\n<\/tr>\n<tr>\n<td colspan=\"2\" valign=\"top\" height=\"20\"><strong>Donn\u00e9es techniques<\/strong><\/td>\n<\/tr>\n<tr>\n<td height=\"20\">Mesure du mandrin<\/td>\n<td height=\"20\">3 de 16 mm<\/td>\n<\/tr>\n<tr>\n<td height=\"20\">Max capacit\u00e9 de forage<\/td>\n<td height=\"20\">20 mm<\/td>\n<\/tr>\n<tr>\n<td height=\"20\">C\u00f4ne<\/td>\n<td height=\"20\">MT2<\/td>\n<\/tr>\n<tr>\n<td height=\"20\">Course du mandrin<\/td>\n<td height=\"20\">80 mm<\/td>\n<\/tr>\n<tr>\n<td height=\"20\">Vitesse<\/td>\n<td height=\"20\">N\u00b012<\/td>\n<\/tr>\n<tr>\n<td height=\"20\">Variation de la vitesse<\/td>\n<td height=\"20\">120 &#8211; 2.580 tr \/ min<\/td>\n<\/tr>\n<tr>\n<td height=\"20\"><span title=\"Fai clic per visualizzare le traduzioni alternative\">Moyen du changement<\/span>\u00a0<span title=\"Fai clic per visualizzare le traduzioni alternative\">de vitesse<\/span><\/td>\n<td height=\"20\">D\u00e9m\u00e9nagement courroies sur les poulies<\/td>\n<\/tr>\n<tr>\n<td height=\"20\">Mesures table du travail<\/td>\n<td height=\"20\">290 x 290 mm<\/td>\n<\/tr>\n<tr>\n<td height=\"20\">Diam\u00e8tre colonne<\/td>\n<td height=\"20\">80 mm<\/td>\n<\/tr>\n<tr>\n<td height=\"20\"><span title=\"Fai clic per visualizzare le traduzioni alternative\">Hauteur du sol<\/span><\/td>\n<td height=\"20\">980 mm<\/td>\n<\/tr>\n<tr>\n<td height=\"20\">Dimensions base<\/td>\n<td height=\"20\">430 x 260 mm<\/td>\n<\/tr>\n<tr>\n<td colspan=\"2\" height=\"20\"><strong>Moteur<\/strong><\/td>\n<\/tr>\n<tr>\n<td height=\"20\">Type<\/td>\n<td height=\"20\">Mono 1 vitesse (220 V)<\/td>\n<\/tr>\n<tr>\n<td height=\"20\">Puissance<\/td>\n<td height=\"20\">550 W<\/td>\n<\/tr>\n<tr>\n<td height=\"20\">Vitesse<\/td>\n<td height=\"20\">1.400 tr \/ min<\/td>\n<\/tr>\n<tr>\n<td height=\"20\">Amp\u00e8re<\/td>\n<td height=\"20\">3,4 A<\/td>\n<\/tr>\n<\/tbody>\n<\/table>\n","protected":false},"excerpt":{"rendered":"<p>Perceuse \u00e0 colonne avec un moteur monophas\u00e9 de 550 W<\/p>\n","protected":false},"featured_media":1258,"comment_status":"open","ping_status":"closed","template":"","meta":[],"product_brand":[],"product_cat":[149],"product_tag":[],"class_list":{"0":"post-1266","1":"product","2":"type-product","3":"status-publish","4":"has-post-thumbnail","6":"product_cat-perceuse-a-colonne","7":"product_shipping_class-classe-10","9":"first","10":"instock","11":"shipping-taxable","12":"purchasable","13":"product-type-simple"},"yoast_head":"<!-- This site is optimized with the Yoast SEO plugin v27.1 - https:\/\/yoast.com\/product\/yoast-seo-wordpress\/ -->\n<title>Perceuse \u00e0 colonne Dmtc 4119 - Tecnosuisse<\/title>\n<meta name=\"robots\" content=\"index, follow, max-snippet:-1, max-image-preview:large, max-video-preview:-1\" \/>\n<link rel=\"canonical\" href=\"https:\/\/www.tecnosuissesa.com\/fr\/produit\/perceuse-a-colonne-dmtc-4119\/\" \/>\n<meta property=\"og:locale\" content=\"fr_FR\" \/>\n<meta property=\"og:type\" content=\"article\" \/>\n<meta property=\"og:title\" content=\"Perceuse \u00e0 colonne Dmtc 4119 - Tecnosuisse\" \/>\n<meta property=\"og:description\" content=\"Perceuse \u00e0 colonne avec un moteur monophas\u00e9 de 550 W\" \/>\n<meta property=\"og:url\" content=\"https:\/\/www.tecnosuissesa.com\/fr\/produit\/perceuse-a-colonne-dmtc-4119\/\" \/>\n<meta property=\"og:site_name\" content=\"Tecnosuisse\" \/>\n<meta property=\"article:publisher\" content=\"https:\/\/www.facebook.com\/tecnosuisse\/\" \/>\n<meta property=\"article:modified_time\" content=\"2017-09-29T13:12:56+00:00\" \/>\n<meta property=\"og:image\" content=\"https:\/\/www.tecnosuissesa.com\/wp-content\/uploads\/2017\/09\/lato-3-1.jpg\" \/>\n\t<meta property=\"og:image:width\" content=\"1024\" \/>\n\t<meta property=\"og:image:height\" content=\"768\" \/>\n\t<meta property=\"og:image:type\" content=\"image\/jpeg\" \/>\n<meta name=\"twitter:card\" content=\"summary_large_image\" \/>\n<meta name=\"twitter:label1\" content=\"Dur\u00e9e de lecture estim\u00e9e\" \/>\n\t<meta name=\"twitter:data1\" content=\"1 minute\" \/>\n<script type=\"application\/ld+json\" class=\"yoast-schema-graph\">{\"@context\":\"https:\/\/schema.org\",\"@graph\":[{\"@type\":\"WebPage\",\"@id\":\"https:\/\/www.tecnosuissesa.com\/fr\/produit\/perceuse-a-colonne-dmtc-4119\/\",\"url\":\"https:\/\/www.tecnosuissesa.com\/fr\/produit\/perceuse-a-colonne-dmtc-4119\/\",\"name\":\"Perceuse \u00e0 colonne Dmtc 4119 - Tecnosuisse\",\"isPartOf\":{\"@id\":\"https:\/\/www.tecnosuissesa.com\/it\/#website\"},\"primaryImageOfPage\":{\"@id\":\"https:\/\/www.tecnosuissesa.com\/fr\/produit\/perceuse-a-colonne-dmtc-4119\/#primaryimage\"},\"image\":{\"@id\":\"https:\/\/www.tecnosuissesa.com\/fr\/produit\/perceuse-a-colonne-dmtc-4119\/#primaryimage\"},\"thumbnailUrl\":\"https:\/\/www.tecnosuissesa.com\/wp-content\/uploads\/2017\/09\/lato-3-1.jpg\",\"datePublished\":\"2017-09-29T13:08:23+00:00\",\"dateModified\":\"2017-09-29T13:12:56+00:00\",\"breadcrumb\":{\"@id\":\"https:\/\/www.tecnosuissesa.com\/fr\/produit\/perceuse-a-colonne-dmtc-4119\/#breadcrumb\"},\"inLanguage\":\"fr-FR\",\"potentialAction\":[{\"@type\":\"ReadAction\",\"target\":[\"https:\/\/www.tecnosuissesa.com\/fr\/produit\/perceuse-a-colonne-dmtc-4119\/\"]}]},{\"@type\":\"ImageObject\",\"inLanguage\":\"fr-FR\",\"@id\":\"https:\/\/www.tecnosuissesa.com\/fr\/produit\/perceuse-a-colonne-dmtc-4119\/#primaryimage\",\"url\":\"https:\/\/www.tecnosuissesa.com\/wp-content\/uploads\/2017\/09\/lato-3-1.jpg\",\"contentUrl\":\"https:\/\/www.tecnosuissesa.com\/wp-content\/uploads\/2017\/09\/lato-3-1.jpg\",\"width\":1024,\"height\":768},{\"@type\":\"BreadcrumbList\",\"@id\":\"https:\/\/www.tecnosuissesa.com\/fr\/produit\/perceuse-a-colonne-dmtc-4119\/#breadcrumb\",\"itemListElement\":[{\"@type\":\"ListItem\",\"position\":1,\"name\":\"Home\",\"item\":\"https:\/\/www.tecnosuissesa.com\/fr\/\"},{\"@type\":\"ListItem\",\"position\":2,\"name\":\"Vendita di Macchine Utensili per Legno e per Metalli\",\"item\":\"https:\/\/www.tecnosuissesa.com\/it\/vendita-macchine-utensili\/\"},{\"@type\":\"ListItem\",\"position\":3,\"name\":\"Perceuse \u00e0 colonne Dmtc 4119\"}]},{\"@type\":\"WebSite\",\"@id\":\"https:\/\/www.tecnosuissesa.com\/it\/#website\",\"url\":\"https:\/\/www.tecnosuissesa.com\/it\/\",\"name\":\"Tecnosuisse\",\"description\":\"Macchine Utensili per Legno e Metalli\",\"publisher\":{\"@id\":\"https:\/\/www.tecnosuissesa.com\/it\/#organization\"},\"potentialAction\":[{\"@type\":\"SearchAction\",\"target\":{\"@type\":\"EntryPoint\",\"urlTemplate\":\"https:\/\/www.tecnosuissesa.com\/it\/?s={search_term_string}\"},\"query-input\":{\"@type\":\"PropertyValueSpecification\",\"valueRequired\":true,\"valueName\":\"search_term_string\"}}],\"inLanguage\":\"fr-FR\"},{\"@type\":\"Organization\",\"@id\":\"https:\/\/www.tecnosuissesa.com\/it\/#organization\",\"name\":\"Tecnosuisse\",\"url\":\"https:\/\/www.tecnosuissesa.com\/it\/\",\"logo\":{\"@type\":\"ImageObject\",\"inLanguage\":\"fr-FR\",\"@id\":\"https:\/\/www.tecnosuissesa.com\/it\/#\/schema\/logo\/image\/\",\"url\":\"https:\/\/www.tecnosuissesa.com\/wp-content\/uploads\/2017\/08\/Logo_TecnoSuisse_627x627.png\",\"contentUrl\":\"https:\/\/www.tecnosuissesa.com\/wp-content\/uploads\/2017\/08\/Logo_TecnoSuisse_627x627.png\",\"width\":627,\"height\":627,\"caption\":\"Tecnosuisse\"},\"image\":{\"@id\":\"https:\/\/www.tecnosuissesa.com\/it\/#\/schema\/logo\/image\/\"},\"sameAs\":[\"https:\/\/www.facebook.com\/tecnosuisse\/\",\"https:\/\/www.youtube.com\/channel\/UCSoxFNkw8ZiE4jP9OY8AdFg\"]}]}<\/script>\n<!-- \/ Yoast SEO plugin. -->","yoast_head_json":{"title":"Perceuse \u00e0 colonne Dmtc 4119 - Tecnosuisse","robots":{"index":"index","follow":"follow","max-snippet":"max-snippet:-1","max-image-preview":"max-image-preview:large","max-video-preview":"max-video-preview:-1"},"canonical":"https:\/\/www.tecnosuissesa.com\/fr\/produit\/perceuse-a-colonne-dmtc-4119\/","og_locale":"fr_FR","og_type":"article","og_title":"Perceuse \u00e0 colonne Dmtc 4119 - Tecnosuisse","og_description":"Perceuse \u00e0 colonne avec un moteur monophas\u00e9 de 550 W","og_url":"https:\/\/www.tecnosuissesa.com\/fr\/produit\/perceuse-a-colonne-dmtc-4119\/","og_site_name":"Tecnosuisse","article_publisher":"https:\/\/www.facebook.com\/tecnosuisse\/","article_modified_time":"2017-09-29T13:12:56+00:00","og_image":[{"width":1024,"height":768,"url":"https:\/\/www.tecnosuissesa.com\/wp-content\/uploads\/2017\/09\/lato-3-1.jpg","type":"image\/jpeg"}],"twitter_card":"summary_large_image","twitter_misc":{"Dur\u00e9e de lecture estim\u00e9e":"1 minute"},"schema":{"@context":"https:\/\/schema.org","@graph":[{"@type":"WebPage","@id":"https:\/\/www.tecnosuissesa.com\/fr\/produit\/perceuse-a-colonne-dmtc-4119\/","url":"https:\/\/www.tecnosuissesa.com\/fr\/produit\/perceuse-a-colonne-dmtc-4119\/","name":"Perceuse \u00e0 colonne Dmtc 4119 - Tecnosuisse","isPartOf":{"@id":"https:\/\/www.tecnosuissesa.com\/it\/#website"},"primaryImageOfPage":{"@id":"https:\/\/www.tecnosuissesa.com\/fr\/produit\/perceuse-a-colonne-dmtc-4119\/#primaryimage"},"image":{"@id":"https:\/\/www.tecnosuissesa.com\/fr\/produit\/perceuse-a-colonne-dmtc-4119\/#primaryimage"},"thumbnailUrl":"https:\/\/www.tecnosuissesa.com\/wp-content\/uploads\/2017\/09\/lato-3-1.jpg","datePublished":"2017-09-29T13:08:23+00:00","dateModified":"2017-09-29T13:12:56+00:00","breadcrumb":{"@id":"https:\/\/www.tecnosuissesa.com\/fr\/produit\/perceuse-a-colonne-dmtc-4119\/#breadcrumb"},"inLanguage":"fr-FR","potentialAction":[{"@type":"ReadAction","target":["https:\/\/www.tecnosuissesa.com\/fr\/produit\/perceuse-a-colonne-dmtc-4119\/"]}]},{"@type":"ImageObject","inLanguage":"fr-FR","@id":"https:\/\/www.tecnosuissesa.com\/fr\/produit\/perceuse-a-colonne-dmtc-4119\/#primaryimage","url":"https:\/\/www.tecnosuissesa.com\/wp-content\/uploads\/2017\/09\/lato-3-1.jpg","contentUrl":"https:\/\/www.tecnosuissesa.com\/wp-content\/uploads\/2017\/09\/lato-3-1.jpg","width":1024,"height":768},{"@type":"BreadcrumbList","@id":"https:\/\/www.tecnosuissesa.com\/fr\/produit\/perceuse-a-colonne-dmtc-4119\/#breadcrumb","itemListElement":[{"@type":"ListItem","position":1,"name":"Home","item":"https:\/\/www.tecnosuissesa.com\/fr\/"},{"@type":"ListItem","position":2,"name":"Vendita di Macchine Utensili per Legno e per Metalli","item":"https:\/\/www.tecnosuissesa.com\/it\/vendita-macchine-utensili\/"},{"@type":"ListItem","position":3,"name":"Perceuse \u00e0 colonne Dmtc 4119"}]},{"@type":"WebSite","@id":"https:\/\/www.tecnosuissesa.com\/it\/#website","url":"https:\/\/www.tecnosuissesa.com\/it\/","name":"Tecnosuisse","description":"Macchine Utensili per Legno e Metalli","publisher":{"@id":"https:\/\/www.tecnosuissesa.com\/it\/#organization"},"potentialAction":[{"@type":"SearchAction","target":{"@type":"EntryPoint","urlTemplate":"https:\/\/www.tecnosuissesa.com\/it\/?s={search_term_string}"},"query-input":{"@type":"PropertyValueSpecification","valueRequired":true,"valueName":"search_term_string"}}],"inLanguage":"fr-FR"},{"@type":"Organization","@id":"https:\/\/www.tecnosuissesa.com\/it\/#organization","name":"Tecnosuisse","url":"https:\/\/www.tecnosuissesa.com\/it\/","logo":{"@type":"ImageObject","inLanguage":"fr-FR","@id":"https:\/\/www.tecnosuissesa.com\/it\/#\/schema\/logo\/image\/","url":"https:\/\/www.tecnosuissesa.com\/wp-content\/uploads\/2017\/08\/Logo_TecnoSuisse_627x627.png","contentUrl":"https:\/\/www.tecnosuissesa.com\/wp-content\/uploads\/2017\/08\/Logo_TecnoSuisse_627x627.png","width":627,"height":627,"caption":"Tecnosuisse"},"image":{"@id":"https:\/\/www.tecnosuissesa.com\/it\/#\/schema\/logo\/image\/"},"sameAs":["https:\/\/www.facebook.com\/tecnosuisse\/","https:\/\/www.youtube.com\/channel\/UCSoxFNkw8ZiE4jP9OY8AdFg"]}]}},"_links":{"self":[{"href":"https:\/\/www.tecnosuissesa.com\/fr\/wp-json\/wp\/v2\/product\/1266","targetHints":{"allow":["GET"]}}],"collection":[{"href":"https:\/\/www.tecnosuissesa.com\/fr\/wp-json\/wp\/v2\/product"}],"about":[{"href":"https:\/\/www.tecnosuissesa.com\/fr\/wp-json\/wp\/v2\/types\/product"}],"replies":[{"embeddable":true,"href":"https:\/\/www.tecnosuissesa.com\/fr\/wp-json\/wp\/v2\/comments?post=1266"}],"wp:featuredmedia":[{"embeddable":true,"href":"https:\/\/www.tecnosuissesa.com\/fr\/wp-json\/wp\/v2\/media\/1258"}],"wp:attachment":[{"href":"https:\/\/www.tecnosuissesa.com\/fr\/wp-json\/wp\/v2\/media?parent=1266"}],"wp:term":[{"taxonomy":"product_brand","embeddable":true,"href":"https:\/\/www.tecnosuissesa.com\/fr\/wp-json\/wp\/v2\/product_brand?post=1266"},{"taxonomy":"product_cat","embeddable":true,"href":"https:\/\/www.tecnosuissesa.com\/fr\/wp-json\/wp\/v2\/product_cat?post=1266"},{"taxonomy":"product_tag","embeddable":true,"href":"https:\/\/www.tecnosuissesa.com\/fr\/wp-json\/wp\/v2\/product_tag?post=1266"}],"curies":[{"name":"wp","href":"https:\/\/api.w.org\/{rel}","templated":true}]}}