{"id":1251,"date":"2017-09-27T17:54:47","date_gmt":"2017-09-27T15:54:47","guid":{"rendered":"https:\/\/www.tecnosuissesa.com\/product\/scie-a-ruban-a-metaux-geo-4023\/"},"modified":"2017-09-27T17:54:47","modified_gmt":"2017-09-27T15:54:47","slug":"scie-a-ruban-a-metaux-geo-4023","status":"publish","type":"product","link":"https:\/\/www.tecnosuissesa.com\/fr\/product\/scie-a-ruban-a-metaux-geo-4023\/","title":{"rendered":"Scie \u00e0 ruban \u00e0 m\u00e9taux Geo 4023"},"content":{"rendered":"<p>C&rsquo;est la plus grande et la plus puissante des scies \u00e0 ruban \u00e0 m\u00e9taux Damatomacchine et elle est encore plus pr\u00e9cise et fiable que les autres. La\u00a0version monophas\u00e9e\u00a0a\u00a0une seule vitesse\u00a0de rotation de\u00a0la lame. La version\u00a0en trois phases (A LA DEMANDE) \u00a0vous permet de s\u00e9lectionner\u00a0deux\u00a0vitesses diff\u00e9rentes\u00a0\u00e0 partir du panneau\u00a0de contr\u00f4le. La machine a une\u00a0pompe de refroidissement\u00a0de l&rsquo;eau\u00a0blanche.<\/p>\n<table border=\"1\" width=\"100%\" cellspacing=\"0\" cellpadding=\"0\">\n<tbody>\n<tr>\n<td colspan=\"2\" valign=\"top\" height=\"20\">\n<div align=\"center\"><strong>DONN\u00c9ES TECNIQUES<\/strong><\/div>\n<\/td>\n<\/tr>\n<tr>\n<td colspan=\"2\" valign=\"top\" height=\"20\"><strong>DIMENSIONS<\/strong><\/td>\n<\/tr>\n<tr>\n<td valign=\"top\" height=\"20\">Max. Dimensions avec base<\/td>\n<td valign=\"top\" height=\"20\">1720 mm (longueur) x 880 mm (largeur) x 1810 mm (hauteur)<\/td>\n<\/tr>\n<tr>\n<td valign=\"top\" width=\"260\" height=\"20\">Poids net-brut machine (avec base)<\/td>\n<td valign=\"top\" width=\"507\" height=\"20\">296 Kg<\/td>\n<\/tr>\n<tr>\n<td colspan=\"2\" height=\"20\"><strong>CHARACT\u00c9RISTIQUES<\/strong><\/td>\n<\/tr>\n<tr>\n<td height=\"20\">Max. capacit\u00e9 de coupe \u00e0 0\u00b0<\/td>\n<td height=\"20\">220 mm (section ronde) &#8211; 260 x 210 mm (section carr\u00e9e)<\/td>\n<\/tr>\n<tr>\n<td height=\"20\">Max. capacit\u00e9 de coupe \u00e0 45\u00b0<\/td>\n<td height=\"20\">150 mm (section ronde) &#8211; 145 x 145 mm (section carr\u00e9e)<\/td>\n<\/tr>\n<tr>\n<td height=\"20\">Max. capacit\u00e9 de coupe \u00e0 60\u00b0<\/td>\n<td height=\"20\">90 mm (section ronde) &#8211; 85 x 85 mm (section carr\u00e9e)<\/td>\n<\/tr>\n<tr>\n<td height=\"20\">Vitesses de la lame de scie avec moteur mono phase<\/td>\n<td height=\"20\">65 m \/ min<\/td>\n<\/tr>\n<tr>\n<td height=\"20\">Vitesses de la lame de scie avec moteur trois phase<\/td>\n<td height=\"20\">65 &#8211; 78 m \/ min<\/td>\n<\/tr>\n<tr>\n<td height=\"20\">Goniom\u00e8tre des coupes d&rsquo;angle<\/td>\n<td height=\"20\">pr\u00e9sent<\/td>\n<\/tr>\n<tr>\n<td colspan=\"2\" height=\"20\"><strong>MOTEUR<\/strong><\/td>\n<\/tr>\n<tr>\n<td height=\"20\">Puissance<\/td>\n<td height=\"20\">1,1 KW<\/td>\n<\/tr>\n<tr>\n<td height=\"20\">Type<\/td>\n<td height=\"20\">Mono 1 vitesse (220 V) o A LA DEMANDE Version\u00a0en trois phases 2 vitesse (380 V)<\/td>\n<\/tr>\n<tr>\n<td height=\"20\">Protection du moteur<\/td>\n<td height=\"20\">pr\u00e9sente<\/td>\n<\/tr>\n<\/tbody>\n<\/table>\n","protected":false},"excerpt":{"rendered":"<p>Scie \u00e0 ruban \u00e0 m\u00e9taux avec moteur de 1100 W<\/p>\n","protected":false},"featured_media":1243,"comment_status":"open","ping_status":"closed","template":"","meta":[],"product_brand":[],"product_cat":[113],"product_tag":[],"class_list":{"0":"post-1251","1":"product","2":"type-product","3":"status-publish","4":"has-post-thumbnail","6":"product_cat-scie-a-ruban-a-metaux-fr","7":"product_shipping_class-classe-10","9":"first","10":"instock","11":"shipping-taxable","12":"purchasable","13":"product-type-simple"},"yoast_head":"<!-- This site is optimized with the Yoast SEO plugin v27.1 - https:\/\/yoast.com\/product\/yoast-seo-wordpress\/ -->\n<title>Scie \u00e0 ruban \u00e0 m\u00e9taux Geo 4023 - Tecnosuisse<\/title>\n<meta name=\"robots\" content=\"index, follow, max-snippet:-1, max-image-preview:large, max-video-preview:-1\" \/>\n<link rel=\"canonical\" href=\"https:\/\/www.tecnosuissesa.com\/fr\/produit\/scie-a-ruban-a-metaux-geo-4023\/\" \/>\n<meta property=\"og:locale\" content=\"fr_FR\" \/>\n<meta property=\"og:type\" content=\"article\" \/>\n<meta property=\"og:title\" content=\"Scie \u00e0 ruban \u00e0 m\u00e9taux Geo 4023 - Tecnosuisse\" \/>\n<meta property=\"og:description\" content=\"Scie \u00e0 ruban \u00e0 m\u00e9taux avec moteur de 1100 W\" \/>\n<meta property=\"og:url\" content=\"https:\/\/www.tecnosuissesa.com\/fr\/produit\/scie-a-ruban-a-metaux-geo-4023\/\" \/>\n<meta property=\"og:site_name\" content=\"Tecnosuisse\" \/>\n<meta property=\"article:publisher\" content=\"https:\/\/www.facebook.com\/tecnosuisse\/\" \/>\n<meta property=\"og:image\" content=\"https:\/\/www.tecnosuissesa.com\/wp-content\/uploads\/2017\/09\/lato-1-2.jpg\" \/>\n\t<meta property=\"og:image:width\" content=\"1024\" \/>\n\t<meta property=\"og:image:height\" content=\"768\" \/>\n\t<meta property=\"og:image:type\" content=\"image\/jpeg\" \/>\n<meta name=\"twitter:card\" content=\"summary_large_image\" \/>\n<meta name=\"twitter:label1\" content=\"Dur\u00e9e de lecture estim\u00e9e\" \/>\n\t<meta name=\"twitter:data1\" content=\"1 minute\" \/>\n<script type=\"application\/ld+json\" class=\"yoast-schema-graph\">{\"@context\":\"https:\/\/schema.org\",\"@graph\":[{\"@type\":\"WebPage\",\"@id\":\"https:\/\/www.tecnosuissesa.com\/fr\/produit\/scie-a-ruban-a-metaux-geo-4023\/\",\"url\":\"https:\/\/www.tecnosuissesa.com\/fr\/produit\/scie-a-ruban-a-metaux-geo-4023\/\",\"name\":\"Scie \u00e0 ruban \u00e0 m\u00e9taux Geo 4023 - Tecnosuisse\",\"isPartOf\":{\"@id\":\"https:\/\/www.tecnosuissesa.com\/it\/#website\"},\"primaryImageOfPage\":{\"@id\":\"https:\/\/www.tecnosuissesa.com\/fr\/produit\/scie-a-ruban-a-metaux-geo-4023\/#primaryimage\"},\"image\":{\"@id\":\"https:\/\/www.tecnosuissesa.com\/fr\/produit\/scie-a-ruban-a-metaux-geo-4023\/#primaryimage\"},\"thumbnailUrl\":\"https:\/\/www.tecnosuissesa.com\/wp-content\/uploads\/2017\/09\/lato-1-2.jpg\",\"datePublished\":\"2017-09-27T15:54:47+00:00\",\"breadcrumb\":{\"@id\":\"https:\/\/www.tecnosuissesa.com\/fr\/produit\/scie-a-ruban-a-metaux-geo-4023\/#breadcrumb\"},\"inLanguage\":\"fr-FR\",\"potentialAction\":[{\"@type\":\"ReadAction\",\"target\":[\"https:\/\/www.tecnosuissesa.com\/fr\/produit\/scie-a-ruban-a-metaux-geo-4023\/\"]}]},{\"@type\":\"ImageObject\",\"inLanguage\":\"fr-FR\",\"@id\":\"https:\/\/www.tecnosuissesa.com\/fr\/produit\/scie-a-ruban-a-metaux-geo-4023\/#primaryimage\",\"url\":\"https:\/\/www.tecnosuissesa.com\/wp-content\/uploads\/2017\/09\/lato-1-2.jpg\",\"contentUrl\":\"https:\/\/www.tecnosuissesa.com\/wp-content\/uploads\/2017\/09\/lato-1-2.jpg\",\"width\":1024,\"height\":768},{\"@type\":\"BreadcrumbList\",\"@id\":\"https:\/\/www.tecnosuissesa.com\/fr\/produit\/scie-a-ruban-a-metaux-geo-4023\/#breadcrumb\",\"itemListElement\":[{\"@type\":\"ListItem\",\"position\":1,\"name\":\"Home\",\"item\":\"https:\/\/www.tecnosuissesa.com\/fr\/\"},{\"@type\":\"ListItem\",\"position\":2,\"name\":\"Vendita di Macchine Utensili per Legno e per Metalli\",\"item\":\"https:\/\/www.tecnosuissesa.com\/it\/vendita-macchine-utensili\/\"},{\"@type\":\"ListItem\",\"position\":3,\"name\":\"Scie \u00e0 ruban \u00e0 m\u00e9taux Geo 4023\"}]},{\"@type\":\"WebSite\",\"@id\":\"https:\/\/www.tecnosuissesa.com\/it\/#website\",\"url\":\"https:\/\/www.tecnosuissesa.com\/it\/\",\"name\":\"Tecnosuisse\",\"description\":\"Macchine Utensili per Legno e Metalli\",\"publisher\":{\"@id\":\"https:\/\/www.tecnosuissesa.com\/it\/#organization\"},\"potentialAction\":[{\"@type\":\"SearchAction\",\"target\":{\"@type\":\"EntryPoint\",\"urlTemplate\":\"https:\/\/www.tecnosuissesa.com\/it\/?s={search_term_string}\"},\"query-input\":{\"@type\":\"PropertyValueSpecification\",\"valueRequired\":true,\"valueName\":\"search_term_string\"}}],\"inLanguage\":\"fr-FR\"},{\"@type\":\"Organization\",\"@id\":\"https:\/\/www.tecnosuissesa.com\/it\/#organization\",\"name\":\"Tecnosuisse\",\"url\":\"https:\/\/www.tecnosuissesa.com\/it\/\",\"logo\":{\"@type\":\"ImageObject\",\"inLanguage\":\"fr-FR\",\"@id\":\"https:\/\/www.tecnosuissesa.com\/it\/#\/schema\/logo\/image\/\",\"url\":\"https:\/\/www.tecnosuissesa.com\/wp-content\/uploads\/2017\/08\/Logo_TecnoSuisse_627x627.png\",\"contentUrl\":\"https:\/\/www.tecnosuissesa.com\/wp-content\/uploads\/2017\/08\/Logo_TecnoSuisse_627x627.png\",\"width\":627,\"height\":627,\"caption\":\"Tecnosuisse\"},\"image\":{\"@id\":\"https:\/\/www.tecnosuissesa.com\/it\/#\/schema\/logo\/image\/\"},\"sameAs\":[\"https:\/\/www.facebook.com\/tecnosuisse\/\",\"https:\/\/www.youtube.com\/channel\/UCSoxFNkw8ZiE4jP9OY8AdFg\"]}]}<\/script>\n<!-- \/ Yoast SEO plugin. -->","yoast_head_json":{"title":"Scie \u00e0 ruban \u00e0 m\u00e9taux Geo 4023 - Tecnosuisse","robots":{"index":"index","follow":"follow","max-snippet":"max-snippet:-1","max-image-preview":"max-image-preview:large","max-video-preview":"max-video-preview:-1"},"canonical":"https:\/\/www.tecnosuissesa.com\/fr\/produit\/scie-a-ruban-a-metaux-geo-4023\/","og_locale":"fr_FR","og_type":"article","og_title":"Scie \u00e0 ruban \u00e0 m\u00e9taux Geo 4023 - Tecnosuisse","og_description":"Scie \u00e0 ruban \u00e0 m\u00e9taux avec moteur de 1100 W","og_url":"https:\/\/www.tecnosuissesa.com\/fr\/produit\/scie-a-ruban-a-metaux-geo-4023\/","og_site_name":"Tecnosuisse","article_publisher":"https:\/\/www.facebook.com\/tecnosuisse\/","og_image":[{"width":1024,"height":768,"url":"https:\/\/www.tecnosuissesa.com\/wp-content\/uploads\/2017\/09\/lato-1-2.jpg","type":"image\/jpeg"}],"twitter_card":"summary_large_image","twitter_misc":{"Dur\u00e9e de lecture estim\u00e9e":"1 minute"},"schema":{"@context":"https:\/\/schema.org","@graph":[{"@type":"WebPage","@id":"https:\/\/www.tecnosuissesa.com\/fr\/produit\/scie-a-ruban-a-metaux-geo-4023\/","url":"https:\/\/www.tecnosuissesa.com\/fr\/produit\/scie-a-ruban-a-metaux-geo-4023\/","name":"Scie \u00e0 ruban \u00e0 m\u00e9taux Geo 4023 - Tecnosuisse","isPartOf":{"@id":"https:\/\/www.tecnosuissesa.com\/it\/#website"},"primaryImageOfPage":{"@id":"https:\/\/www.tecnosuissesa.com\/fr\/produit\/scie-a-ruban-a-metaux-geo-4023\/#primaryimage"},"image":{"@id":"https:\/\/www.tecnosuissesa.com\/fr\/produit\/scie-a-ruban-a-metaux-geo-4023\/#primaryimage"},"thumbnailUrl":"https:\/\/www.tecnosuissesa.com\/wp-content\/uploads\/2017\/09\/lato-1-2.jpg","datePublished":"2017-09-27T15:54:47+00:00","breadcrumb":{"@id":"https:\/\/www.tecnosuissesa.com\/fr\/produit\/scie-a-ruban-a-metaux-geo-4023\/#breadcrumb"},"inLanguage":"fr-FR","potentialAction":[{"@type":"ReadAction","target":["https:\/\/www.tecnosuissesa.com\/fr\/produit\/scie-a-ruban-a-metaux-geo-4023\/"]}]},{"@type":"ImageObject","inLanguage":"fr-FR","@id":"https:\/\/www.tecnosuissesa.com\/fr\/produit\/scie-a-ruban-a-metaux-geo-4023\/#primaryimage","url":"https:\/\/www.tecnosuissesa.com\/wp-content\/uploads\/2017\/09\/lato-1-2.jpg","contentUrl":"https:\/\/www.tecnosuissesa.com\/wp-content\/uploads\/2017\/09\/lato-1-2.jpg","width":1024,"height":768},{"@type":"BreadcrumbList","@id":"https:\/\/www.tecnosuissesa.com\/fr\/produit\/scie-a-ruban-a-metaux-geo-4023\/#breadcrumb","itemListElement":[{"@type":"ListItem","position":1,"name":"Home","item":"https:\/\/www.tecnosuissesa.com\/fr\/"},{"@type":"ListItem","position":2,"name":"Vendita di Macchine Utensili per Legno e per Metalli","item":"https:\/\/www.tecnosuissesa.com\/it\/vendita-macchine-utensili\/"},{"@type":"ListItem","position":3,"name":"Scie \u00e0 ruban \u00e0 m\u00e9taux Geo 4023"}]},{"@type":"WebSite","@id":"https:\/\/www.tecnosuissesa.com\/it\/#website","url":"https:\/\/www.tecnosuissesa.com\/it\/","name":"Tecnosuisse","description":"Macchine Utensili per Legno e Metalli","publisher":{"@id":"https:\/\/www.tecnosuissesa.com\/it\/#organization"},"potentialAction":[{"@type":"SearchAction","target":{"@type":"EntryPoint","urlTemplate":"https:\/\/www.tecnosuissesa.com\/it\/?s={search_term_string}"},"query-input":{"@type":"PropertyValueSpecification","valueRequired":true,"valueName":"search_term_string"}}],"inLanguage":"fr-FR"},{"@type":"Organization","@id":"https:\/\/www.tecnosuissesa.com\/it\/#organization","name":"Tecnosuisse","url":"https:\/\/www.tecnosuissesa.com\/it\/","logo":{"@type":"ImageObject","inLanguage":"fr-FR","@id":"https:\/\/www.tecnosuissesa.com\/it\/#\/schema\/logo\/image\/","url":"https:\/\/www.tecnosuissesa.com\/wp-content\/uploads\/2017\/08\/Logo_TecnoSuisse_627x627.png","contentUrl":"https:\/\/www.tecnosuissesa.com\/wp-content\/uploads\/2017\/08\/Logo_TecnoSuisse_627x627.png","width":627,"height":627,"caption":"Tecnosuisse"},"image":{"@id":"https:\/\/www.tecnosuissesa.com\/it\/#\/schema\/logo\/image\/"},"sameAs":["https:\/\/www.facebook.com\/tecnosuisse\/","https:\/\/www.youtube.com\/channel\/UCSoxFNkw8ZiE4jP9OY8AdFg"]}]}},"_links":{"self":[{"href":"https:\/\/www.tecnosuissesa.com\/fr\/wp-json\/wp\/v2\/product\/1251","targetHints":{"allow":["GET"]}}],"collection":[{"href":"https:\/\/www.tecnosuissesa.com\/fr\/wp-json\/wp\/v2\/product"}],"about":[{"href":"https:\/\/www.tecnosuissesa.com\/fr\/wp-json\/wp\/v2\/types\/product"}],"replies":[{"embeddable":true,"href":"https:\/\/www.tecnosuissesa.com\/fr\/wp-json\/wp\/v2\/comments?post=1251"}],"wp:featuredmedia":[{"embeddable":true,"href":"https:\/\/www.tecnosuissesa.com\/fr\/wp-json\/wp\/v2\/media\/1243"}],"wp:attachment":[{"href":"https:\/\/www.tecnosuissesa.com\/fr\/wp-json\/wp\/v2\/media?parent=1251"}],"wp:term":[{"taxonomy":"product_brand","embeddable":true,"href":"https:\/\/www.tecnosuissesa.com\/fr\/wp-json\/wp\/v2\/product_brand?post=1251"},{"taxonomy":"product_cat","embeddable":true,"href":"https:\/\/www.tecnosuissesa.com\/fr\/wp-json\/wp\/v2\/product_cat?post=1251"},{"taxonomy":"product_tag","embeddable":true,"href":"https:\/\/www.tecnosuissesa.com\/fr\/wp-json\/wp\/v2\/product_tag?post=1251"}],"curies":[{"name":"wp","href":"https:\/\/api.w.org\/{rel}","templated":true}]}}