{"id":1239,"date":"2017-09-27T17:48:35","date_gmt":"2017-09-27T15:48:35","guid":{"rendered":"https:\/\/www.tecnosuissesa.com\/product\/scie-a-ruban-a-metaux-geo-4017\/"},"modified":"2017-09-27T17:48:35","modified_gmt":"2017-09-27T15:48:35","slug":"scie-a-ruban-a-metaux-geo-4017","status":"publish","type":"product","link":"https:\/\/www.tecnosuissesa.com\/fr\/product\/scie-a-ruban-a-metaux-geo-4017\/","title":{"rendered":"Scie \u00e0 ruban \u00e0 m\u00e9taux Geo 4017"},"content":{"rendered":"<p>C&rsquo;est une scie \u00e0 ruban tr\u00e8s puissante et pr\u00e9cise. Elle est id\u00e9ale pour les coupes des tubes, profil\u00e9s, m\u00e9taux ferreux et m\u00e9taux pas ferreux. Elle est aussi disponible en version 220V (1 vitesse) o A LA DEMANDE triphase (2 vitesse).<\/p>\n<p>&nbsp;<\/p>\n<table border=\"1\" width=\"100%\" cellspacing=\"0\" cellpadding=\"0\">\n<tbody>\n<tr>\n<td colspan=\"2\" align=\"center\" valign=\"top\" height=\"20\"><strong>DONN\u00c9ES TECNIQUES<\/strong><\/td>\n<\/tr>\n<tr>\n<td colspan=\"2\" valign=\"top\" height=\"20\"><strong>DIMENSIONS<\/strong><\/td>\n<\/tr>\n<tr>\n<td valign=\"top\" height=\"20\">Dimensions de la scie environ<\/td>\n<td valign=\"top\" height=\"20\"><span lang=\"fr\" xml:lang=\"fr\">1500 mm<\/span><span lang=\"fr\" xml:lang=\"fr\">\u00a0(longueur) x 800 mm (profondeur) x 1620 mm (hauteur)<\/span><\/td>\n<\/tr>\n<tr>\n<td valign=\"top\" width=\"259\" height=\"20\">Poids avec pied<\/td>\n<td valign=\"top\" width=\"508\" height=\"20\">220 Kg<\/td>\n<\/tr>\n<tr>\n<td colspan=\"2\" height=\"20\"><strong>CHARACT\u00c9RISTIQUES<\/strong><\/td>\n<\/tr>\n<tr>\n<td height=\"20\">Massima capacit\u00e0 di taglio a 0\u00b0<\/td>\n<td height=\"20\">170 mm (section ronde) &#8211; 210 x 140 mm (section carr\u00e9e)<\/td>\n<\/tr>\n<tr>\n<td height=\"20\">Massima capacit\u00e0 di taglio a 45\u00b0<\/td>\n<td height=\"20\">120 mm (section ronde) &#8211; 110 x 110 mm (section carr\u00e9e)<\/td>\n<\/tr>\n<tr>\n<td height=\"20\">Massima capacit\u00e0 di taglio a 60\u00b0<\/td>\n<td height=\"20\">70 mm (section ronde) &#8211; 60 x 60 mm (section carr\u00e9e)<\/td>\n<\/tr>\n<tr>\n<td height=\"20\">Vitesses de la lame de scie avec moteur mono phase<\/td>\n<td height=\"20\">65 m \/ min<\/td>\n<\/tr>\n<tr>\n<td height=\"20\">Vitesses de la lame de scie avec moteur trois phase<\/td>\n<td height=\"20\">65 &#8211; 78 m \/ min<\/td>\n<\/tr>\n<tr>\n<td height=\"20\">Massima apertura morsa<\/td>\n<td height=\"20\">260 mm<\/td>\n<\/tr>\n<tr>\n<td height=\"20\">Goniom\u00e8tre<\/td>\n<td height=\"20\">Inclus<\/td>\n<\/tr>\n<tr>\n<td height=\"20\">Arr\u00eat automatique en fin de coupe<\/td>\n<td height=\"20\"><span lang=\"fr\" xml:lang=\"fr\">Oui<\/span><\/td>\n<\/tr>\n<tr>\n<td height=\"20\">Pompe de refroidissement<\/td>\n<td height=\"20\">Inclus<\/td>\n<\/tr>\n<tr>\n<td colspan=\"2\" height=\"20\"><strong>MOTEUR<\/strong><\/td>\n<\/tr>\n<tr>\n<td height=\"20\">Puissance<\/td>\n<td height=\"20\">750 W<\/td>\n<\/tr>\n<tr>\n<td height=\"20\">Vitesse<\/td>\n<td height=\"20\">1400 tr \/ min<\/td>\n<\/tr>\n<tr>\n<td height=\"20\">Type<\/td>\n<td height=\"20\">Mono 1 vitesse (220 V) o A LA DEMANDE Version\u00a0en trois phases 2 vitesse (380 V)<\/td>\n<\/tr>\n<tr>\n<td height=\"20\">Sauvegarder Moteur<\/td>\n<td height=\"20\"><span lang=\"fr\" xml:lang=\"fr\">Oui<\/span><\/td>\n<\/tr>\n<\/tbody>\n<\/table>\n","protected":false},"excerpt":{"rendered":"<p>Scie \u00e0 ruban \u00e0 m\u00e9taux avec moteur 750 W<\/p>\n","protected":false},"featured_media":1231,"comment_status":"open","ping_status":"closed","template":"","meta":[],"product_brand":[],"product_cat":[113],"product_tag":[],"class_list":{"0":"post-1239","1":"product","2":"type-product","3":"status-publish","4":"has-post-thumbnail","6":"product_cat-scie-a-ruban-a-metaux-fr","7":"product_shipping_class-classe-10","9":"first","10":"instock","11":"shipping-taxable","12":"purchasable","13":"product-type-simple"},"yoast_head":"<!-- This site is optimized with the Yoast SEO plugin v27.1 - https:\/\/yoast.com\/product\/yoast-seo-wordpress\/ -->\n<title>Scie \u00e0 ruban \u00e0 m\u00e9taux Geo 4017 - Tecnosuisse<\/title>\n<meta name=\"robots\" content=\"index, follow, max-snippet:-1, max-image-preview:large, max-video-preview:-1\" \/>\n<link rel=\"canonical\" href=\"https:\/\/www.tecnosuissesa.com\/fr\/produit\/scie-a-ruban-a-metaux-geo-4017\/\" \/>\n<meta property=\"og:locale\" content=\"fr_FR\" \/>\n<meta property=\"og:type\" content=\"article\" \/>\n<meta property=\"og:title\" content=\"Scie \u00e0 ruban \u00e0 m\u00e9taux Geo 4017 - Tecnosuisse\" \/>\n<meta property=\"og:description\" content=\"Scie \u00e0 ruban \u00e0 m\u00e9taux avec moteur 750 W\" \/>\n<meta property=\"og:url\" content=\"https:\/\/www.tecnosuissesa.com\/fr\/produit\/scie-a-ruban-a-metaux-geo-4017\/\" \/>\n<meta property=\"og:site_name\" content=\"Tecnosuisse\" \/>\n<meta property=\"article:publisher\" content=\"https:\/\/www.facebook.com\/tecnosuisse\/\" \/>\n<meta property=\"og:image\" content=\"https:\/\/www.tecnosuissesa.com\/wp-content\/uploads\/2017\/09\/lato-1-1.jpg\" \/>\n\t<meta property=\"og:image:width\" content=\"1024\" \/>\n\t<meta property=\"og:image:height\" content=\"768\" \/>\n\t<meta property=\"og:image:type\" content=\"image\/jpeg\" \/>\n<meta name=\"twitter:card\" content=\"summary_large_image\" \/>\n<meta name=\"twitter:label1\" content=\"Dur\u00e9e de lecture estim\u00e9e\" \/>\n\t<meta name=\"twitter:data1\" content=\"1 minute\" \/>\n<script type=\"application\/ld+json\" class=\"yoast-schema-graph\">{\"@context\":\"https:\/\/schema.org\",\"@graph\":[{\"@type\":\"WebPage\",\"@id\":\"https:\/\/www.tecnosuissesa.com\/fr\/produit\/scie-a-ruban-a-metaux-geo-4017\/\",\"url\":\"https:\/\/www.tecnosuissesa.com\/fr\/produit\/scie-a-ruban-a-metaux-geo-4017\/\",\"name\":\"Scie \u00e0 ruban \u00e0 m\u00e9taux Geo 4017 - Tecnosuisse\",\"isPartOf\":{\"@id\":\"https:\/\/www.tecnosuissesa.com\/it\/#website\"},\"primaryImageOfPage\":{\"@id\":\"https:\/\/www.tecnosuissesa.com\/fr\/produit\/scie-a-ruban-a-metaux-geo-4017\/#primaryimage\"},\"image\":{\"@id\":\"https:\/\/www.tecnosuissesa.com\/fr\/produit\/scie-a-ruban-a-metaux-geo-4017\/#primaryimage\"},\"thumbnailUrl\":\"https:\/\/www.tecnosuissesa.com\/wp-content\/uploads\/2017\/09\/lato-1-1.jpg\",\"datePublished\":\"2017-09-27T15:48:35+00:00\",\"breadcrumb\":{\"@id\":\"https:\/\/www.tecnosuissesa.com\/fr\/produit\/scie-a-ruban-a-metaux-geo-4017\/#breadcrumb\"},\"inLanguage\":\"fr-FR\",\"potentialAction\":[{\"@type\":\"ReadAction\",\"target\":[\"https:\/\/www.tecnosuissesa.com\/fr\/produit\/scie-a-ruban-a-metaux-geo-4017\/\"]}]},{\"@type\":\"ImageObject\",\"inLanguage\":\"fr-FR\",\"@id\":\"https:\/\/www.tecnosuissesa.com\/fr\/produit\/scie-a-ruban-a-metaux-geo-4017\/#primaryimage\",\"url\":\"https:\/\/www.tecnosuissesa.com\/wp-content\/uploads\/2017\/09\/lato-1-1.jpg\",\"contentUrl\":\"https:\/\/www.tecnosuissesa.com\/wp-content\/uploads\/2017\/09\/lato-1-1.jpg\",\"width\":1024,\"height\":768},{\"@type\":\"BreadcrumbList\",\"@id\":\"https:\/\/www.tecnosuissesa.com\/fr\/produit\/scie-a-ruban-a-metaux-geo-4017\/#breadcrumb\",\"itemListElement\":[{\"@type\":\"ListItem\",\"position\":1,\"name\":\"Home\",\"item\":\"https:\/\/www.tecnosuissesa.com\/fr\/\"},{\"@type\":\"ListItem\",\"position\":2,\"name\":\"Vendita di Macchine Utensili per Legno e per Metalli\",\"item\":\"https:\/\/www.tecnosuissesa.com\/it\/vendita-macchine-utensili\/\"},{\"@type\":\"ListItem\",\"position\":3,\"name\":\"Scie \u00e0 ruban \u00e0 m\u00e9taux Geo 4017\"}]},{\"@type\":\"WebSite\",\"@id\":\"https:\/\/www.tecnosuissesa.com\/it\/#website\",\"url\":\"https:\/\/www.tecnosuissesa.com\/it\/\",\"name\":\"Tecnosuisse\",\"description\":\"Macchine Utensili per Legno e Metalli\",\"publisher\":{\"@id\":\"https:\/\/www.tecnosuissesa.com\/it\/#organization\"},\"potentialAction\":[{\"@type\":\"SearchAction\",\"target\":{\"@type\":\"EntryPoint\",\"urlTemplate\":\"https:\/\/www.tecnosuissesa.com\/it\/?s={search_term_string}\"},\"query-input\":{\"@type\":\"PropertyValueSpecification\",\"valueRequired\":true,\"valueName\":\"search_term_string\"}}],\"inLanguage\":\"fr-FR\"},{\"@type\":\"Organization\",\"@id\":\"https:\/\/www.tecnosuissesa.com\/it\/#organization\",\"name\":\"Tecnosuisse\",\"url\":\"https:\/\/www.tecnosuissesa.com\/it\/\",\"logo\":{\"@type\":\"ImageObject\",\"inLanguage\":\"fr-FR\",\"@id\":\"https:\/\/www.tecnosuissesa.com\/it\/#\/schema\/logo\/image\/\",\"url\":\"https:\/\/www.tecnosuissesa.com\/wp-content\/uploads\/2017\/08\/Logo_TecnoSuisse_627x627.png\",\"contentUrl\":\"https:\/\/www.tecnosuissesa.com\/wp-content\/uploads\/2017\/08\/Logo_TecnoSuisse_627x627.png\",\"width\":627,\"height\":627,\"caption\":\"Tecnosuisse\"},\"image\":{\"@id\":\"https:\/\/www.tecnosuissesa.com\/it\/#\/schema\/logo\/image\/\"},\"sameAs\":[\"https:\/\/www.facebook.com\/tecnosuisse\/\",\"https:\/\/www.youtube.com\/channel\/UCSoxFNkw8ZiE4jP9OY8AdFg\"]}]}<\/script>\n<!-- \/ Yoast SEO plugin. -->","yoast_head_json":{"title":"Scie \u00e0 ruban \u00e0 m\u00e9taux Geo 4017 - Tecnosuisse","robots":{"index":"index","follow":"follow","max-snippet":"max-snippet:-1","max-image-preview":"max-image-preview:large","max-video-preview":"max-video-preview:-1"},"canonical":"https:\/\/www.tecnosuissesa.com\/fr\/produit\/scie-a-ruban-a-metaux-geo-4017\/","og_locale":"fr_FR","og_type":"article","og_title":"Scie \u00e0 ruban \u00e0 m\u00e9taux Geo 4017 - Tecnosuisse","og_description":"Scie \u00e0 ruban \u00e0 m\u00e9taux avec moteur 750 W","og_url":"https:\/\/www.tecnosuissesa.com\/fr\/produit\/scie-a-ruban-a-metaux-geo-4017\/","og_site_name":"Tecnosuisse","article_publisher":"https:\/\/www.facebook.com\/tecnosuisse\/","og_image":[{"width":1024,"height":768,"url":"https:\/\/www.tecnosuissesa.com\/wp-content\/uploads\/2017\/09\/lato-1-1.jpg","type":"image\/jpeg"}],"twitter_card":"summary_large_image","twitter_misc":{"Dur\u00e9e de lecture estim\u00e9e":"1 minute"},"schema":{"@context":"https:\/\/schema.org","@graph":[{"@type":"WebPage","@id":"https:\/\/www.tecnosuissesa.com\/fr\/produit\/scie-a-ruban-a-metaux-geo-4017\/","url":"https:\/\/www.tecnosuissesa.com\/fr\/produit\/scie-a-ruban-a-metaux-geo-4017\/","name":"Scie \u00e0 ruban \u00e0 m\u00e9taux Geo 4017 - Tecnosuisse","isPartOf":{"@id":"https:\/\/www.tecnosuissesa.com\/it\/#website"},"primaryImageOfPage":{"@id":"https:\/\/www.tecnosuissesa.com\/fr\/produit\/scie-a-ruban-a-metaux-geo-4017\/#primaryimage"},"image":{"@id":"https:\/\/www.tecnosuissesa.com\/fr\/produit\/scie-a-ruban-a-metaux-geo-4017\/#primaryimage"},"thumbnailUrl":"https:\/\/www.tecnosuissesa.com\/wp-content\/uploads\/2017\/09\/lato-1-1.jpg","datePublished":"2017-09-27T15:48:35+00:00","breadcrumb":{"@id":"https:\/\/www.tecnosuissesa.com\/fr\/produit\/scie-a-ruban-a-metaux-geo-4017\/#breadcrumb"},"inLanguage":"fr-FR","potentialAction":[{"@type":"ReadAction","target":["https:\/\/www.tecnosuissesa.com\/fr\/produit\/scie-a-ruban-a-metaux-geo-4017\/"]}]},{"@type":"ImageObject","inLanguage":"fr-FR","@id":"https:\/\/www.tecnosuissesa.com\/fr\/produit\/scie-a-ruban-a-metaux-geo-4017\/#primaryimage","url":"https:\/\/www.tecnosuissesa.com\/wp-content\/uploads\/2017\/09\/lato-1-1.jpg","contentUrl":"https:\/\/www.tecnosuissesa.com\/wp-content\/uploads\/2017\/09\/lato-1-1.jpg","width":1024,"height":768},{"@type":"BreadcrumbList","@id":"https:\/\/www.tecnosuissesa.com\/fr\/produit\/scie-a-ruban-a-metaux-geo-4017\/#breadcrumb","itemListElement":[{"@type":"ListItem","position":1,"name":"Home","item":"https:\/\/www.tecnosuissesa.com\/fr\/"},{"@type":"ListItem","position":2,"name":"Vendita di Macchine Utensili per Legno e per Metalli","item":"https:\/\/www.tecnosuissesa.com\/it\/vendita-macchine-utensili\/"},{"@type":"ListItem","position":3,"name":"Scie \u00e0 ruban \u00e0 m\u00e9taux Geo 4017"}]},{"@type":"WebSite","@id":"https:\/\/www.tecnosuissesa.com\/it\/#website","url":"https:\/\/www.tecnosuissesa.com\/it\/","name":"Tecnosuisse","description":"Macchine Utensili per Legno e Metalli","publisher":{"@id":"https:\/\/www.tecnosuissesa.com\/it\/#organization"},"potentialAction":[{"@type":"SearchAction","target":{"@type":"EntryPoint","urlTemplate":"https:\/\/www.tecnosuissesa.com\/it\/?s={search_term_string}"},"query-input":{"@type":"PropertyValueSpecification","valueRequired":true,"valueName":"search_term_string"}}],"inLanguage":"fr-FR"},{"@type":"Organization","@id":"https:\/\/www.tecnosuissesa.com\/it\/#organization","name":"Tecnosuisse","url":"https:\/\/www.tecnosuissesa.com\/it\/","logo":{"@type":"ImageObject","inLanguage":"fr-FR","@id":"https:\/\/www.tecnosuissesa.com\/it\/#\/schema\/logo\/image\/","url":"https:\/\/www.tecnosuissesa.com\/wp-content\/uploads\/2017\/08\/Logo_TecnoSuisse_627x627.png","contentUrl":"https:\/\/www.tecnosuissesa.com\/wp-content\/uploads\/2017\/08\/Logo_TecnoSuisse_627x627.png","width":627,"height":627,"caption":"Tecnosuisse"},"image":{"@id":"https:\/\/www.tecnosuissesa.com\/it\/#\/schema\/logo\/image\/"},"sameAs":["https:\/\/www.facebook.com\/tecnosuisse\/","https:\/\/www.youtube.com\/channel\/UCSoxFNkw8ZiE4jP9OY8AdFg"]}]}},"_links":{"self":[{"href":"https:\/\/www.tecnosuissesa.com\/fr\/wp-json\/wp\/v2\/product\/1239","targetHints":{"allow":["GET"]}}],"collection":[{"href":"https:\/\/www.tecnosuissesa.com\/fr\/wp-json\/wp\/v2\/product"}],"about":[{"href":"https:\/\/www.tecnosuissesa.com\/fr\/wp-json\/wp\/v2\/types\/product"}],"replies":[{"embeddable":true,"href":"https:\/\/www.tecnosuissesa.com\/fr\/wp-json\/wp\/v2\/comments?post=1239"}],"wp:featuredmedia":[{"embeddable":true,"href":"https:\/\/www.tecnosuissesa.com\/fr\/wp-json\/wp\/v2\/media\/1231"}],"wp:attachment":[{"href":"https:\/\/www.tecnosuissesa.com\/fr\/wp-json\/wp\/v2\/media?parent=1239"}],"wp:term":[{"taxonomy":"product_brand","embeddable":true,"href":"https:\/\/www.tecnosuissesa.com\/fr\/wp-json\/wp\/v2\/product_brand?post=1239"},{"taxonomy":"product_cat","embeddable":true,"href":"https:\/\/www.tecnosuissesa.com\/fr\/wp-json\/wp\/v2\/product_cat?post=1239"},{"taxonomy":"product_tag","embeddable":true,"href":"https:\/\/www.tecnosuissesa.com\/fr\/wp-json\/wp\/v2\/product_tag?post=1239"}],"curies":[{"name":"wp","href":"https:\/\/api.w.org\/{rel}","templated":true}]}}