{"id":1227,"date":"2017-09-27T17:39:56","date_gmt":"2017-09-27T15:39:56","guid":{"rendered":"https:\/\/www.tecnosuissesa.com\/product\/scie-a-ruban-a-metaux-geo-4014\/"},"modified":"2017-09-27T17:39:56","modified_gmt":"2017-09-27T15:39:56","slug":"scie-a-ruban-a-metaux-geo-4014","status":"publish","type":"product","link":"https:\/\/www.tecnosuissesa.com\/fr\/product\/scie-a-ruban-a-metaux-geo-4014\/","title":{"rendered":"Scie \u00e0 ruban \u00e0 m\u00e9taux GEO 4014"},"content":{"rendered":"<p>Et une des plus petits des scies \u00e0 ruban pour m\u00e9tal de Damatomacchine, mais elle n&rsquo;est pas moins fiable et pr\u00e9cise que les autres. La machine dispose d&rsquo;un ch\u00e2ssis en fonte, stable et robuste, et est aliment\u00e9 par un moteur 550W monophas\u00e9s. La lame est \u00e0 une vitesse. Soit la mont\u00e9e que la descente de la lame sont \u00e0 r\u00e9glage manuel. Equip\u00e9e avec pompe de refroidissement et volants plus grands.<\/p>\n<table class=\"table table-striped\" border=\"1\" width=\"100%\" cellspacing=\"0\" cellpadding=\"0\">\n<tbody>\n<tr>\n<td colspan=\"2\" valign=\"top\">\n<div align=\"center\">DONN\u00c9ES TECHNIQUES<\/div>\n<\/td>\n<\/tr>\n<tr>\n<td colspan=\"2\">DIMENSIONS<\/td>\n<\/tr>\n<tr>\n<td>Dimensions de la scie environ<\/td>\n<td>1000 mm (longueur) x 540 mm (profondeur) x 1440 mm (hauteur)<\/td>\n<\/tr>\n<tr>\n<td>Hauteur dessus du sol du plan de coupe<\/td>\n<td>890 mm<\/td>\n<\/tr>\n<tr>\n<td>Poids avec pied<\/td>\n<td>81 Kg<\/td>\n<\/tr>\n<tr>\n<td colspan=\"2\">CHARACT\u00c9RISTIQUES<\/td>\n<\/tr>\n<tr>\n<td>Max capacit\u00e9 de coupe a 0\u00b0<\/td>\n<td>150 mm (section ronde) &#8211; 150 x 150 mm (section carr\u00e9e)<\/td>\n<\/tr>\n<tr>\n<td>Max capacit\u00e9 de coupe a 45\u00b0<\/td>\n<td>150 mm<\/td>\n<\/tr>\n<tr>\n<td>Max capacit\u00e9 de coupe a 60\u00b0<\/td>\n<td>50 mm (section ronde) &#8211; 50 x 56 mm (section carr\u00e9e)<\/td>\n<\/tr>\n<tr>\n<td>R\u00e9glage de l&rsquo;angle de coupe<\/td>\n<td>0\u00b0 &#8211; 60\u00b0<\/td>\n<\/tr>\n<tr>\n<td>Longueur de la lame de scie<\/td>\n<td>1640 mm<\/td>\n<\/tr>\n<tr>\n<td>Largeur de la lame de scie<\/td>\n<td>13 mm<\/td>\n<\/tr>\n<tr>\n<td>Nombre de vitesses s\u00e9lectionnables<\/td>\n<td>N\u00b01<\/td>\n<\/tr>\n<tr>\n<td>Goniom\u00e8tre<\/td>\n<td>Inclus<\/td>\n<\/tr>\n<tr>\n<td colspan=\"2\">MOTEUR<\/td>\n<\/tr>\n<tr>\n<td>Puissance<\/td>\n<td>550 W<\/td>\n<\/tr>\n<tr>\n<td>Type<\/td>\n<td>Monophas\u00e9 (220 V) &#8211; 50 Hz<\/td>\n<\/tr>\n<tr>\n<td>Sauvegarder Moteur<\/td>\n<td>Cet<\/td>\n<\/tr>\n<\/tbody>\n<\/table>\n","protected":false},"excerpt":{"rendered":"<p>Scie \u00e0 ruban \u00e0 m\u00e9taux avec moteur monophas\u00e9 550 W<\/p>\n","protected":false},"featured_media":1216,"comment_status":"open","ping_status":"closed","template":"","meta":[],"product_brand":[],"product_cat":[113],"product_tag":[],"class_list":{"0":"post-1227","1":"product","2":"type-product","3":"status-publish","4":"has-post-thumbnail","6":"product_cat-scie-a-ruban-a-metaux-fr","7":"product_shipping_class-classe-10","9":"first","10":"instock","11":"shipping-taxable","12":"purchasable","13":"product-type-simple"},"yoast_head":"<!-- This site is optimized with the Yoast SEO plugin v27.1 - https:\/\/yoast.com\/product\/yoast-seo-wordpress\/ -->\n<title>Scie \u00e0 ruban \u00e0 m\u00e9taux GEO 4014 - Tecnosuisse<\/title>\n<meta name=\"robots\" content=\"index, follow, max-snippet:-1, max-image-preview:large, max-video-preview:-1\" \/>\n<link rel=\"canonical\" href=\"https:\/\/www.tecnosuissesa.com\/fr\/produit\/scie-a-ruban-a-metaux-geo-4014\/\" \/>\n<meta property=\"og:locale\" content=\"fr_FR\" \/>\n<meta property=\"og:type\" content=\"article\" \/>\n<meta property=\"og:title\" content=\"Scie \u00e0 ruban \u00e0 m\u00e9taux GEO 4014 - Tecnosuisse\" \/>\n<meta property=\"og:description\" content=\"Scie \u00e0 ruban \u00e0 m\u00e9taux avec moteur monophas\u00e9 550 W\" \/>\n<meta property=\"og:url\" content=\"https:\/\/www.tecnosuissesa.com\/fr\/produit\/scie-a-ruban-a-metaux-geo-4014\/\" \/>\n<meta property=\"og:site_name\" content=\"Tecnosuisse\" \/>\n<meta property=\"article:publisher\" content=\"https:\/\/www.facebook.com\/tecnosuisse\/\" \/>\n<meta property=\"og:image\" content=\"https:\/\/www.tecnosuissesa.com\/wp-content\/uploads\/2017\/09\/lato-4-1.jpg\" \/>\n\t<meta property=\"og:image:width\" content=\"1024\" \/>\n\t<meta property=\"og:image:height\" content=\"768\" \/>\n\t<meta property=\"og:image:type\" content=\"image\/jpeg\" \/>\n<meta name=\"twitter:card\" content=\"summary_large_image\" \/>\n<meta name=\"twitter:label1\" content=\"Dur\u00e9e de lecture estim\u00e9e\" \/>\n\t<meta name=\"twitter:data1\" content=\"1 minute\" \/>\n<script type=\"application\/ld+json\" class=\"yoast-schema-graph\">{\"@context\":\"https:\/\/schema.org\",\"@graph\":[{\"@type\":\"WebPage\",\"@id\":\"https:\/\/www.tecnosuissesa.com\/fr\/produit\/scie-a-ruban-a-metaux-geo-4014\/\",\"url\":\"https:\/\/www.tecnosuissesa.com\/fr\/produit\/scie-a-ruban-a-metaux-geo-4014\/\",\"name\":\"Scie \u00e0 ruban \u00e0 m\u00e9taux GEO 4014 - Tecnosuisse\",\"isPartOf\":{\"@id\":\"https:\/\/www.tecnosuissesa.com\/it\/#website\"},\"primaryImageOfPage\":{\"@id\":\"https:\/\/www.tecnosuissesa.com\/fr\/produit\/scie-a-ruban-a-metaux-geo-4014\/#primaryimage\"},\"image\":{\"@id\":\"https:\/\/www.tecnosuissesa.com\/fr\/produit\/scie-a-ruban-a-metaux-geo-4014\/#primaryimage\"},\"thumbnailUrl\":\"https:\/\/www.tecnosuissesa.com\/wp-content\/uploads\/2017\/09\/lato-4-1.jpg\",\"datePublished\":\"2017-09-27T15:39:56+00:00\",\"breadcrumb\":{\"@id\":\"https:\/\/www.tecnosuissesa.com\/fr\/produit\/scie-a-ruban-a-metaux-geo-4014\/#breadcrumb\"},\"inLanguage\":\"fr-FR\",\"potentialAction\":[{\"@type\":\"ReadAction\",\"target\":[\"https:\/\/www.tecnosuissesa.com\/fr\/produit\/scie-a-ruban-a-metaux-geo-4014\/\"]}]},{\"@type\":\"ImageObject\",\"inLanguage\":\"fr-FR\",\"@id\":\"https:\/\/www.tecnosuissesa.com\/fr\/produit\/scie-a-ruban-a-metaux-geo-4014\/#primaryimage\",\"url\":\"https:\/\/www.tecnosuissesa.com\/wp-content\/uploads\/2017\/09\/lato-4-1.jpg\",\"contentUrl\":\"https:\/\/www.tecnosuissesa.com\/wp-content\/uploads\/2017\/09\/lato-4-1.jpg\",\"width\":1024,\"height\":768},{\"@type\":\"BreadcrumbList\",\"@id\":\"https:\/\/www.tecnosuissesa.com\/fr\/produit\/scie-a-ruban-a-metaux-geo-4014\/#breadcrumb\",\"itemListElement\":[{\"@type\":\"ListItem\",\"position\":1,\"name\":\"Home\",\"item\":\"https:\/\/www.tecnosuissesa.com\/fr\/\"},{\"@type\":\"ListItem\",\"position\":2,\"name\":\"Vendita di Macchine Utensili per Legno e per Metalli\",\"item\":\"https:\/\/www.tecnosuissesa.com\/it\/vendita-macchine-utensili\/\"},{\"@type\":\"ListItem\",\"position\":3,\"name\":\"Scie \u00e0 ruban \u00e0 m\u00e9taux GEO 4014\"}]},{\"@type\":\"WebSite\",\"@id\":\"https:\/\/www.tecnosuissesa.com\/it\/#website\",\"url\":\"https:\/\/www.tecnosuissesa.com\/it\/\",\"name\":\"Tecnosuisse\",\"description\":\"Macchine Utensili per Legno e Metalli\",\"publisher\":{\"@id\":\"https:\/\/www.tecnosuissesa.com\/it\/#organization\"},\"potentialAction\":[{\"@type\":\"SearchAction\",\"target\":{\"@type\":\"EntryPoint\",\"urlTemplate\":\"https:\/\/www.tecnosuissesa.com\/it\/?s={search_term_string}\"},\"query-input\":{\"@type\":\"PropertyValueSpecification\",\"valueRequired\":true,\"valueName\":\"search_term_string\"}}],\"inLanguage\":\"fr-FR\"},{\"@type\":\"Organization\",\"@id\":\"https:\/\/www.tecnosuissesa.com\/it\/#organization\",\"name\":\"Tecnosuisse\",\"url\":\"https:\/\/www.tecnosuissesa.com\/it\/\",\"logo\":{\"@type\":\"ImageObject\",\"inLanguage\":\"fr-FR\",\"@id\":\"https:\/\/www.tecnosuissesa.com\/it\/#\/schema\/logo\/image\/\",\"url\":\"https:\/\/www.tecnosuissesa.com\/wp-content\/uploads\/2017\/08\/Logo_TecnoSuisse_627x627.png\",\"contentUrl\":\"https:\/\/www.tecnosuissesa.com\/wp-content\/uploads\/2017\/08\/Logo_TecnoSuisse_627x627.png\",\"width\":627,\"height\":627,\"caption\":\"Tecnosuisse\"},\"image\":{\"@id\":\"https:\/\/www.tecnosuissesa.com\/it\/#\/schema\/logo\/image\/\"},\"sameAs\":[\"https:\/\/www.facebook.com\/tecnosuisse\/\",\"https:\/\/www.youtube.com\/channel\/UCSoxFNkw8ZiE4jP9OY8AdFg\"]}]}<\/script>\n<!-- \/ Yoast SEO plugin. -->","yoast_head_json":{"title":"Scie \u00e0 ruban \u00e0 m\u00e9taux GEO 4014 - Tecnosuisse","robots":{"index":"index","follow":"follow","max-snippet":"max-snippet:-1","max-image-preview":"max-image-preview:large","max-video-preview":"max-video-preview:-1"},"canonical":"https:\/\/www.tecnosuissesa.com\/fr\/produit\/scie-a-ruban-a-metaux-geo-4014\/","og_locale":"fr_FR","og_type":"article","og_title":"Scie \u00e0 ruban \u00e0 m\u00e9taux GEO 4014 - Tecnosuisse","og_description":"Scie \u00e0 ruban \u00e0 m\u00e9taux avec moteur monophas\u00e9 550 W","og_url":"https:\/\/www.tecnosuissesa.com\/fr\/produit\/scie-a-ruban-a-metaux-geo-4014\/","og_site_name":"Tecnosuisse","article_publisher":"https:\/\/www.facebook.com\/tecnosuisse\/","og_image":[{"width":1024,"height":768,"url":"https:\/\/www.tecnosuissesa.com\/wp-content\/uploads\/2017\/09\/lato-4-1.jpg","type":"image\/jpeg"}],"twitter_card":"summary_large_image","twitter_misc":{"Dur\u00e9e de lecture estim\u00e9e":"1 minute"},"schema":{"@context":"https:\/\/schema.org","@graph":[{"@type":"WebPage","@id":"https:\/\/www.tecnosuissesa.com\/fr\/produit\/scie-a-ruban-a-metaux-geo-4014\/","url":"https:\/\/www.tecnosuissesa.com\/fr\/produit\/scie-a-ruban-a-metaux-geo-4014\/","name":"Scie \u00e0 ruban \u00e0 m\u00e9taux GEO 4014 - Tecnosuisse","isPartOf":{"@id":"https:\/\/www.tecnosuissesa.com\/it\/#website"},"primaryImageOfPage":{"@id":"https:\/\/www.tecnosuissesa.com\/fr\/produit\/scie-a-ruban-a-metaux-geo-4014\/#primaryimage"},"image":{"@id":"https:\/\/www.tecnosuissesa.com\/fr\/produit\/scie-a-ruban-a-metaux-geo-4014\/#primaryimage"},"thumbnailUrl":"https:\/\/www.tecnosuissesa.com\/wp-content\/uploads\/2017\/09\/lato-4-1.jpg","datePublished":"2017-09-27T15:39:56+00:00","breadcrumb":{"@id":"https:\/\/www.tecnosuissesa.com\/fr\/produit\/scie-a-ruban-a-metaux-geo-4014\/#breadcrumb"},"inLanguage":"fr-FR","potentialAction":[{"@type":"ReadAction","target":["https:\/\/www.tecnosuissesa.com\/fr\/produit\/scie-a-ruban-a-metaux-geo-4014\/"]}]},{"@type":"ImageObject","inLanguage":"fr-FR","@id":"https:\/\/www.tecnosuissesa.com\/fr\/produit\/scie-a-ruban-a-metaux-geo-4014\/#primaryimage","url":"https:\/\/www.tecnosuissesa.com\/wp-content\/uploads\/2017\/09\/lato-4-1.jpg","contentUrl":"https:\/\/www.tecnosuissesa.com\/wp-content\/uploads\/2017\/09\/lato-4-1.jpg","width":1024,"height":768},{"@type":"BreadcrumbList","@id":"https:\/\/www.tecnosuissesa.com\/fr\/produit\/scie-a-ruban-a-metaux-geo-4014\/#breadcrumb","itemListElement":[{"@type":"ListItem","position":1,"name":"Home","item":"https:\/\/www.tecnosuissesa.com\/fr\/"},{"@type":"ListItem","position":2,"name":"Vendita di Macchine Utensili per Legno e per Metalli","item":"https:\/\/www.tecnosuissesa.com\/it\/vendita-macchine-utensili\/"},{"@type":"ListItem","position":3,"name":"Scie \u00e0 ruban \u00e0 m\u00e9taux GEO 4014"}]},{"@type":"WebSite","@id":"https:\/\/www.tecnosuissesa.com\/it\/#website","url":"https:\/\/www.tecnosuissesa.com\/it\/","name":"Tecnosuisse","description":"Macchine Utensili per Legno e Metalli","publisher":{"@id":"https:\/\/www.tecnosuissesa.com\/it\/#organization"},"potentialAction":[{"@type":"SearchAction","target":{"@type":"EntryPoint","urlTemplate":"https:\/\/www.tecnosuissesa.com\/it\/?s={search_term_string}"},"query-input":{"@type":"PropertyValueSpecification","valueRequired":true,"valueName":"search_term_string"}}],"inLanguage":"fr-FR"},{"@type":"Organization","@id":"https:\/\/www.tecnosuissesa.com\/it\/#organization","name":"Tecnosuisse","url":"https:\/\/www.tecnosuissesa.com\/it\/","logo":{"@type":"ImageObject","inLanguage":"fr-FR","@id":"https:\/\/www.tecnosuissesa.com\/it\/#\/schema\/logo\/image\/","url":"https:\/\/www.tecnosuissesa.com\/wp-content\/uploads\/2017\/08\/Logo_TecnoSuisse_627x627.png","contentUrl":"https:\/\/www.tecnosuissesa.com\/wp-content\/uploads\/2017\/08\/Logo_TecnoSuisse_627x627.png","width":627,"height":627,"caption":"Tecnosuisse"},"image":{"@id":"https:\/\/www.tecnosuissesa.com\/it\/#\/schema\/logo\/image\/"},"sameAs":["https:\/\/www.facebook.com\/tecnosuisse\/","https:\/\/www.youtube.com\/channel\/UCSoxFNkw8ZiE4jP9OY8AdFg"]}]}},"_links":{"self":[{"href":"https:\/\/www.tecnosuissesa.com\/fr\/wp-json\/wp\/v2\/product\/1227","targetHints":{"allow":["GET"]}}],"collection":[{"href":"https:\/\/www.tecnosuissesa.com\/fr\/wp-json\/wp\/v2\/product"}],"about":[{"href":"https:\/\/www.tecnosuissesa.com\/fr\/wp-json\/wp\/v2\/types\/product"}],"replies":[{"embeddable":true,"href":"https:\/\/www.tecnosuissesa.com\/fr\/wp-json\/wp\/v2\/comments?post=1227"}],"wp:featuredmedia":[{"embeddable":true,"href":"https:\/\/www.tecnosuissesa.com\/fr\/wp-json\/wp\/v2\/media\/1216"}],"wp:attachment":[{"href":"https:\/\/www.tecnosuissesa.com\/fr\/wp-json\/wp\/v2\/media?parent=1227"}],"wp:term":[{"taxonomy":"product_brand","embeddable":true,"href":"https:\/\/www.tecnosuissesa.com\/fr\/wp-json\/wp\/v2\/product_brand?post=1227"},{"taxonomy":"product_cat","embeddable":true,"href":"https:\/\/www.tecnosuissesa.com\/fr\/wp-json\/wp\/v2\/product_cat?post=1227"},{"taxonomy":"product_tag","embeddable":true,"href":"https:\/\/www.tecnosuissesa.com\/fr\/wp-json\/wp\/v2\/product_tag?post=1227"}],"curies":[{"name":"wp","href":"https:\/\/api.w.org\/{rel}","templated":true}]}}