{"id":1137,"date":"2017-09-26T16:33:49","date_gmt":"2017-09-26T14:33:49","guid":{"rendered":"https:\/\/www.tecnosuissesa.com\/product\/combine-a-metaux-master-800-3l\/"},"modified":"2017-09-29T13:38:35","modified_gmt":"2017-09-29T11:38:35","slug":"combine-a-metaux-master-800-3l","status":"publish","type":"product","link":"https:\/\/www.tecnosuissesa.com\/fr\/product\/combine-a-metaux-master-800-3l\/","title":{"rendered":"Combin\u00e9 \u00e0 m\u00e9taux  Master 800 3L"},"content":{"rendered":"<p>Cette machine est vraiment un centre de travail peu encombrant. Il est id\u00e9al pour percer, fraiser et tourner avec pr\u00e9cision et fiabilit\u00e9 aussi bien le bois que les alliages. Il est indispensable dans la petite usine m\u00e9canique ou pour une personne exigeante qui fait de l\u2019hobby. Le tour a l\u2019avancement automatique longitudinal et transversal et la machine a 2 puissants moteurs monophas\u00e9s de 750 W: un pour le tour et l\u2019autre pour la fraiseuse. En version standard elle a: le b\u00e2ti, 2 lunettes, 2 contre-pointes avec attaque fixe de type conique, le kit d&rsquo;engrenages, le mandrin pour le tour \u00e0 3 pinces et le mandrin de la fraiseuse.<\/p>\n<div id=\"article\">\n<div id=\"tavola-tecnica\">\n<table border=\"1\" width=\"100%\" cellspacing=\"0\" cellpadding=\"0\">\n<tbody>\n<tr>\n<td colspan=\"2\" valign=\"top\">\n<div align=\"center\"><strong>DONN\u00c9ES TECHNIQUES<\/strong><\/div>\n<\/td>\n<\/tr>\n<tr>\n<td colspan=\"2\"><strong>DIMENSIONS<\/strong><\/td>\n<\/tr>\n<tr>\n<td>Dimension avec pied<\/td>\n<td>1600 mm (longueur) x 580 mm (profondeur) x 1700 mm (hauteur)<\/td>\n<\/tr>\n<tr>\n<td>Dimension sans pied<\/td>\n<td>1600 mm (longueur) x 580 mm (profondeur) x 1000 mm (hauteur)<\/td>\n<\/tr>\n<tr>\n<td>Poids sans pied<\/td>\n<td>325 Kg<\/td>\n<\/tr>\n<tr>\n<td colspan=\"2\"><strong>CHARACT\u00c9RISTIQUES TOUR<\/strong><\/td>\n<\/tr>\n<tr>\n<td>Distance entre-pointes<\/td>\n<td>800 mm<\/td>\n<\/tr>\n<tr>\n<td>Hauteur de pointe<\/td>\n<td>210 mm<\/td>\n<\/tr>\n<tr>\n<td>Diam\u00e8tre de passage sur le banc<\/td>\n<td>420 mm<\/td>\n<\/tr>\n<tr>\n<td>Diam\u00e8tre de mandrin standard (fourni avec la tour)<\/td>\n<td>130 mm<\/td>\n<\/tr>\n<tr>\n<td>Al\u00e9sage de broche<\/td>\n<td>28 mm<\/td>\n<\/tr>\n<tr>\n<td>Vitesse de rotation de la broche<\/td>\n<td>\u00e0 partir de 160 a 1360 jusqu&rsquo;\u00e0 (7 Velocit\u00e0 regolabili)<\/td>\n<\/tr>\n<tr>\n<td>Filetages m\u00e9triques<\/td>\n<td>\u00e0 partir de 0,2 mm jusqu&rsquo;\u00e0 6 mm<\/td>\n<\/tr>\n<tr>\n<td>Filetages en pouces<\/td>\n<td>\u00e0 partir de 4 jusqu&rsquo;\u00e0 120 filets \/ 1&Prime;<\/td>\n<\/tr>\n<tr>\n<td>Course du chariot longitudinal<\/td>\n<td>740 mm<\/td>\n<\/tr>\n<tr>\n<td>Course du chariot transversal<\/td>\n<td>200 mm<\/td>\n<\/tr>\n<tr>\n<td>Cone contre pointe<\/td>\n<td>CM 3<\/td>\n<\/tr>\n<tr>\n<td>Cone de la broche<\/td>\n<td>CM 4<\/td>\n<\/tr>\n<tr>\n<td>Puissance du moteur<\/td>\n<td>750 W<\/td>\n<\/tr>\n<tr>\n<td>Type de moteur<\/td>\n<td>Monophas\u00e9 (220 V)<\/td>\n<\/tr>\n<tr>\n<td colspan=\"2\"><strong>SP\u00c9CIFICATIONS FRAISEUSE<\/strong><\/td>\n<\/tr>\n<tr>\n<td>Cone arbre<\/td>\n<td>CM 3<\/td>\n<\/tr>\n<tr>\n<td>Course arbre fraiseuse<\/td>\n<td>110 mm<\/td>\n<\/tr>\n<tr>\n<td>Vitesse de rotation de la broche<\/td>\n<td>\u00e0 partir de 120 jusqu&rsquo;\u00e0 3000 tours\/min<\/td>\n<\/tr>\n<tr>\n<td>Capacit\u00e9 de forage<\/td>\n<td>22 mm<\/td>\n<\/tr>\n<tr>\n<td>Angle de fraisage t\u00eate<\/td>\n<td>Pivotant \u00e0 360 \u00b0<\/td>\n<\/tr>\n<tr>\n<td>Mesures du plan pour le fraisage<\/td>\n<td>475 mm x 160 mm<\/td>\n<\/tr>\n<tr>\n<td>Puissance du moteur<\/td>\n<td>750 W<\/td>\n<\/tr>\n<tr>\n<td>Type de moteur<\/td>\n<td>Monophas\u00e9 (220 V)<\/td>\n<\/tr>\n<tr>\n<td><strong>CARACT\u00c9RISTIQUES G\u00c9N\u00c9RALES<\/strong><\/td>\n<td><\/td>\n<\/tr>\n<tr>\n<td>Avance<\/td>\n<td>Avance automatique longitudinale et transversale<\/td>\n<\/tr>\n<tr>\n<td>Rotation de broche<\/td>\n<td>Inversion de rotation de broche du tour et de la fraiseuse<\/td>\n<\/tr>\n<\/tbody>\n<\/table>\n<\/div>\n<\/div>\n","protected":false},"excerpt":{"rendered":"<p>Combin\u00e9 Tour Perceuse-Fraiseuse \u00e0 metaux avec distance entre-pointes de 800 mm, diam\u00e8tre de passage sur le banc de 420 mm et vitesse de rotation de la broche de la fraiseuse \u00e0 partir de 120 jusqu&rsquo;\u00e0 3000 tours\/min<\/p>\n","protected":false},"featured_media":1123,"comment_status":"open","ping_status":"closed","template":"","meta":[],"product_brand":[],"product_cat":[104],"product_tag":[],"class_list":{"0":"post-1137","1":"product","2":"type-product","3":"status-publish","4":"has-post-thumbnail","6":"product_cat-combine-a-metaux","7":"product_shipping_class-classe-10","9":"first","10":"outofstock","11":"shipping-taxable","12":"purchasable","13":"product-type-simple"},"yoast_head":"<!-- This site is optimized with the Yoast SEO plugin v27.1 - https:\/\/yoast.com\/product\/yoast-seo-wordpress\/ -->\n<title>Combin\u00e9 \u00e0 m\u00e9taux Master 800 3L - Tecnosuisse<\/title>\n<meta name=\"robots\" content=\"index, follow, max-snippet:-1, max-image-preview:large, max-video-preview:-1\" \/>\n<link rel=\"canonical\" href=\"https:\/\/www.tecnosuissesa.com\/fr\/produit\/combine-a-metaux-master-800-3l\/\" \/>\n<meta property=\"og:locale\" content=\"fr_FR\" \/>\n<meta property=\"og:type\" content=\"article\" \/>\n<meta property=\"og:title\" content=\"Combin\u00e9 \u00e0 m\u00e9taux Master 800 3L - Tecnosuisse\" \/>\n<meta property=\"og:description\" content=\"Combin\u00e9 Tour Perceuse-Fraiseuse \u00e0 metaux avec distance entre-pointes de 800 mm, diam\u00e8tre de passage sur le banc de 420 mm et vitesse de rotation de la broche de la fraiseuse \u00e0 partir de 120 jusqu&#039;\u00e0 3000 tours\/min\" \/>\n<meta property=\"og:url\" content=\"https:\/\/www.tecnosuissesa.com\/fr\/produit\/combine-a-metaux-master-800-3l\/\" \/>\n<meta property=\"og:site_name\" content=\"Tecnosuisse\" \/>\n<meta property=\"article:publisher\" content=\"https:\/\/www.facebook.com\/tecnosuisse\/\" \/>\n<meta property=\"article:modified_time\" content=\"2017-09-29T11:38:35+00:00\" \/>\n<meta property=\"og:image\" content=\"https:\/\/www.tecnosuissesa.com\/wp-content\/uploads\/2017\/09\/lato-2.jpg\" \/>\n\t<meta property=\"og:image:width\" content=\"1024\" \/>\n\t<meta property=\"og:image:height\" content=\"768\" \/>\n\t<meta property=\"og:image:type\" content=\"image\/jpeg\" \/>\n<meta name=\"twitter:card\" content=\"summary_large_image\" \/>\n<meta name=\"twitter:label1\" content=\"Dur\u00e9e de lecture estim\u00e9e\" \/>\n\t<meta name=\"twitter:data1\" content=\"2 minutes\" \/>\n<script type=\"application\/ld+json\" class=\"yoast-schema-graph\">{\"@context\":\"https:\/\/schema.org\",\"@graph\":[{\"@type\":\"WebPage\",\"@id\":\"https:\/\/www.tecnosuissesa.com\/fr\/produit\/combine-a-metaux-master-800-3l\/\",\"url\":\"https:\/\/www.tecnosuissesa.com\/fr\/produit\/combine-a-metaux-master-800-3l\/\",\"name\":\"Combin\u00e9 \u00e0 m\u00e9taux Master 800 3L - Tecnosuisse\",\"isPartOf\":{\"@id\":\"https:\/\/www.tecnosuissesa.com\/it\/#website\"},\"primaryImageOfPage\":{\"@id\":\"https:\/\/www.tecnosuissesa.com\/fr\/produit\/combine-a-metaux-master-800-3l\/#primaryimage\"},\"image\":{\"@id\":\"https:\/\/www.tecnosuissesa.com\/fr\/produit\/combine-a-metaux-master-800-3l\/#primaryimage\"},\"thumbnailUrl\":\"https:\/\/www.tecnosuissesa.com\/wp-content\/uploads\/2017\/09\/lato-2.jpg\",\"datePublished\":\"2017-09-26T14:33:49+00:00\",\"dateModified\":\"2017-09-29T11:38:35+00:00\",\"breadcrumb\":{\"@id\":\"https:\/\/www.tecnosuissesa.com\/fr\/produit\/combine-a-metaux-master-800-3l\/#breadcrumb\"},\"inLanguage\":\"fr-FR\",\"potentialAction\":[{\"@type\":\"ReadAction\",\"target\":[\"https:\/\/www.tecnosuissesa.com\/fr\/produit\/combine-a-metaux-master-800-3l\/\"]}]},{\"@type\":\"ImageObject\",\"inLanguage\":\"fr-FR\",\"@id\":\"https:\/\/www.tecnosuissesa.com\/fr\/produit\/combine-a-metaux-master-800-3l\/#primaryimage\",\"url\":\"https:\/\/www.tecnosuissesa.com\/wp-content\/uploads\/2017\/09\/lato-2.jpg\",\"contentUrl\":\"https:\/\/www.tecnosuissesa.com\/wp-content\/uploads\/2017\/09\/lato-2.jpg\",\"width\":1024,\"height\":768},{\"@type\":\"BreadcrumbList\",\"@id\":\"https:\/\/www.tecnosuissesa.com\/fr\/produit\/combine-a-metaux-master-800-3l\/#breadcrumb\",\"itemListElement\":[{\"@type\":\"ListItem\",\"position\":1,\"name\":\"Home\",\"item\":\"https:\/\/www.tecnosuissesa.com\/fr\/\"},{\"@type\":\"ListItem\",\"position\":2,\"name\":\"Vendita di Macchine Utensili per Legno e per Metalli\",\"item\":\"https:\/\/www.tecnosuissesa.com\/it\/vendita-macchine-utensili\/\"},{\"@type\":\"ListItem\",\"position\":3,\"name\":\"Combin\u00e9 \u00e0 m\u00e9taux Master 800 3L\"}]},{\"@type\":\"WebSite\",\"@id\":\"https:\/\/www.tecnosuissesa.com\/it\/#website\",\"url\":\"https:\/\/www.tecnosuissesa.com\/it\/\",\"name\":\"Tecnosuisse\",\"description\":\"Macchine Utensili per Legno e Metalli\",\"publisher\":{\"@id\":\"https:\/\/www.tecnosuissesa.com\/it\/#organization\"},\"potentialAction\":[{\"@type\":\"SearchAction\",\"target\":{\"@type\":\"EntryPoint\",\"urlTemplate\":\"https:\/\/www.tecnosuissesa.com\/it\/?s={search_term_string}\"},\"query-input\":{\"@type\":\"PropertyValueSpecification\",\"valueRequired\":true,\"valueName\":\"search_term_string\"}}],\"inLanguage\":\"fr-FR\"},{\"@type\":\"Organization\",\"@id\":\"https:\/\/www.tecnosuissesa.com\/it\/#organization\",\"name\":\"Tecnosuisse\",\"url\":\"https:\/\/www.tecnosuissesa.com\/it\/\",\"logo\":{\"@type\":\"ImageObject\",\"inLanguage\":\"fr-FR\",\"@id\":\"https:\/\/www.tecnosuissesa.com\/it\/#\/schema\/logo\/image\/\",\"url\":\"https:\/\/www.tecnosuissesa.com\/wp-content\/uploads\/2017\/08\/Logo_TecnoSuisse_627x627.png\",\"contentUrl\":\"https:\/\/www.tecnosuissesa.com\/wp-content\/uploads\/2017\/08\/Logo_TecnoSuisse_627x627.png\",\"width\":627,\"height\":627,\"caption\":\"Tecnosuisse\"},\"image\":{\"@id\":\"https:\/\/www.tecnosuissesa.com\/it\/#\/schema\/logo\/image\/\"},\"sameAs\":[\"https:\/\/www.facebook.com\/tecnosuisse\/\",\"https:\/\/www.youtube.com\/channel\/UCSoxFNkw8ZiE4jP9OY8AdFg\"]}]}<\/script>\n<!-- \/ Yoast SEO plugin. -->","yoast_head_json":{"title":"Combin\u00e9 \u00e0 m\u00e9taux Master 800 3L - Tecnosuisse","robots":{"index":"index","follow":"follow","max-snippet":"max-snippet:-1","max-image-preview":"max-image-preview:large","max-video-preview":"max-video-preview:-1"},"canonical":"https:\/\/www.tecnosuissesa.com\/fr\/produit\/combine-a-metaux-master-800-3l\/","og_locale":"fr_FR","og_type":"article","og_title":"Combin\u00e9 \u00e0 m\u00e9taux Master 800 3L - Tecnosuisse","og_description":"Combin\u00e9 Tour Perceuse-Fraiseuse \u00e0 metaux avec distance entre-pointes de 800 mm, diam\u00e8tre de passage sur le banc de 420 mm et vitesse de rotation de la broche de la fraiseuse \u00e0 partir de 120 jusqu'\u00e0 3000 tours\/min","og_url":"https:\/\/www.tecnosuissesa.com\/fr\/produit\/combine-a-metaux-master-800-3l\/","og_site_name":"Tecnosuisse","article_publisher":"https:\/\/www.facebook.com\/tecnosuisse\/","article_modified_time":"2017-09-29T11:38:35+00:00","og_image":[{"width":1024,"height":768,"url":"https:\/\/www.tecnosuissesa.com\/wp-content\/uploads\/2017\/09\/lato-2.jpg","type":"image\/jpeg"}],"twitter_card":"summary_large_image","twitter_misc":{"Dur\u00e9e de lecture estim\u00e9e":"2 minutes"},"schema":{"@context":"https:\/\/schema.org","@graph":[{"@type":"WebPage","@id":"https:\/\/www.tecnosuissesa.com\/fr\/produit\/combine-a-metaux-master-800-3l\/","url":"https:\/\/www.tecnosuissesa.com\/fr\/produit\/combine-a-metaux-master-800-3l\/","name":"Combin\u00e9 \u00e0 m\u00e9taux Master 800 3L - Tecnosuisse","isPartOf":{"@id":"https:\/\/www.tecnosuissesa.com\/it\/#website"},"primaryImageOfPage":{"@id":"https:\/\/www.tecnosuissesa.com\/fr\/produit\/combine-a-metaux-master-800-3l\/#primaryimage"},"image":{"@id":"https:\/\/www.tecnosuissesa.com\/fr\/produit\/combine-a-metaux-master-800-3l\/#primaryimage"},"thumbnailUrl":"https:\/\/www.tecnosuissesa.com\/wp-content\/uploads\/2017\/09\/lato-2.jpg","datePublished":"2017-09-26T14:33:49+00:00","dateModified":"2017-09-29T11:38:35+00:00","breadcrumb":{"@id":"https:\/\/www.tecnosuissesa.com\/fr\/produit\/combine-a-metaux-master-800-3l\/#breadcrumb"},"inLanguage":"fr-FR","potentialAction":[{"@type":"ReadAction","target":["https:\/\/www.tecnosuissesa.com\/fr\/produit\/combine-a-metaux-master-800-3l\/"]}]},{"@type":"ImageObject","inLanguage":"fr-FR","@id":"https:\/\/www.tecnosuissesa.com\/fr\/produit\/combine-a-metaux-master-800-3l\/#primaryimage","url":"https:\/\/www.tecnosuissesa.com\/wp-content\/uploads\/2017\/09\/lato-2.jpg","contentUrl":"https:\/\/www.tecnosuissesa.com\/wp-content\/uploads\/2017\/09\/lato-2.jpg","width":1024,"height":768},{"@type":"BreadcrumbList","@id":"https:\/\/www.tecnosuissesa.com\/fr\/produit\/combine-a-metaux-master-800-3l\/#breadcrumb","itemListElement":[{"@type":"ListItem","position":1,"name":"Home","item":"https:\/\/www.tecnosuissesa.com\/fr\/"},{"@type":"ListItem","position":2,"name":"Vendita di Macchine Utensili per Legno e per Metalli","item":"https:\/\/www.tecnosuissesa.com\/it\/vendita-macchine-utensili\/"},{"@type":"ListItem","position":3,"name":"Combin\u00e9 \u00e0 m\u00e9taux Master 800 3L"}]},{"@type":"WebSite","@id":"https:\/\/www.tecnosuissesa.com\/it\/#website","url":"https:\/\/www.tecnosuissesa.com\/it\/","name":"Tecnosuisse","description":"Macchine Utensili per Legno e Metalli","publisher":{"@id":"https:\/\/www.tecnosuissesa.com\/it\/#organization"},"potentialAction":[{"@type":"SearchAction","target":{"@type":"EntryPoint","urlTemplate":"https:\/\/www.tecnosuissesa.com\/it\/?s={search_term_string}"},"query-input":{"@type":"PropertyValueSpecification","valueRequired":true,"valueName":"search_term_string"}}],"inLanguage":"fr-FR"},{"@type":"Organization","@id":"https:\/\/www.tecnosuissesa.com\/it\/#organization","name":"Tecnosuisse","url":"https:\/\/www.tecnosuissesa.com\/it\/","logo":{"@type":"ImageObject","inLanguage":"fr-FR","@id":"https:\/\/www.tecnosuissesa.com\/it\/#\/schema\/logo\/image\/","url":"https:\/\/www.tecnosuissesa.com\/wp-content\/uploads\/2017\/08\/Logo_TecnoSuisse_627x627.png","contentUrl":"https:\/\/www.tecnosuissesa.com\/wp-content\/uploads\/2017\/08\/Logo_TecnoSuisse_627x627.png","width":627,"height":627,"caption":"Tecnosuisse"},"image":{"@id":"https:\/\/www.tecnosuissesa.com\/it\/#\/schema\/logo\/image\/"},"sameAs":["https:\/\/www.facebook.com\/tecnosuisse\/","https:\/\/www.youtube.com\/channel\/UCSoxFNkw8ZiE4jP9OY8AdFg"]}]}},"_links":{"self":[{"href":"https:\/\/www.tecnosuissesa.com\/fr\/wp-json\/wp\/v2\/product\/1137","targetHints":{"allow":["GET"]}}],"collection":[{"href":"https:\/\/www.tecnosuissesa.com\/fr\/wp-json\/wp\/v2\/product"}],"about":[{"href":"https:\/\/www.tecnosuissesa.com\/fr\/wp-json\/wp\/v2\/types\/product"}],"replies":[{"embeddable":true,"href":"https:\/\/www.tecnosuissesa.com\/fr\/wp-json\/wp\/v2\/comments?post=1137"}],"wp:featuredmedia":[{"embeddable":true,"href":"https:\/\/www.tecnosuissesa.com\/fr\/wp-json\/wp\/v2\/media\/1123"}],"wp:attachment":[{"href":"https:\/\/www.tecnosuissesa.com\/fr\/wp-json\/wp\/v2\/media?parent=1137"}],"wp:term":[{"taxonomy":"product_brand","embeddable":true,"href":"https:\/\/www.tecnosuissesa.com\/fr\/wp-json\/wp\/v2\/product_brand?post=1137"},{"taxonomy":"product_cat","embeddable":true,"href":"https:\/\/www.tecnosuissesa.com\/fr\/wp-json\/wp\/v2\/product_cat?post=1137"},{"taxonomy":"product_tag","embeddable":true,"href":"https:\/\/www.tecnosuissesa.com\/fr\/wp-json\/wp\/v2\/product_tag?post=1137"}],"curies":[{"name":"wp","href":"https:\/\/api.w.org\/{rel}","templated":true}]}}