{"id":1106,"date":"2017-09-26T15:58:31","date_gmt":"2017-09-26T13:58:31","guid":{"rendered":"https:\/\/www.tecnosuissesa.com\/product\/combine-a-metaux-multitech-800-3l-super\/"},"modified":"2017-09-26T15:58:31","modified_gmt":"2017-09-26T13:58:31","slug":"combine-a-metaux-multitech-800-3l-super","status":"publish","type":"product","link":"https:\/\/www.tecnosuissesa.com\/fr\/product\/combine-a-metaux-multitech-800-3l-super\/","title":{"rendered":"Combin\u00e9 \u00e0 m\u00e9taux Multitech 800 3L Super"},"content":{"rendered":"<p>C\u2019est une machine combin\u00e9e tour-fraiseuse \u00e0 m\u00e9taux semi-professionnelle pr\u00e9cise et robuste avec une structure en fonte et les finitions en m\u00e9tal.\u00a0La tour a un distance entre-pointes de de 800 mm et un diam\u00e8tre de passage sur le banc de 320 mm. Le moteur de la tour a une puissance de 1500W et le moteur del la fraiseuse a une puissance de 750W. Elle est \u00e9quip\u00e9e d\u2019un dispositif d\u2019avancement automatique longitudinal et transversal, une pompe de refroidissement, un petit moteur ind\u00e9pendant et une lampe d&rsquo;\u00e9clairage pour les d\u00e9tails. Elle est livr\u00e9e en configuration standard avec un mandrin pour le tour avec 3 mors auto-centrage ( 3 mors externe + 3 mors internes ) 2 lunettes, 2 contrepointes avec attaque fixe de type conique, un mandrin pour la fraiseuse, le kit d&rsquo;engrenages, les cl\u00e9s pour le montage d&rsquo;engrenages.<\/p>\n<div id=\"article\">\n<div id=\"tavola-tecnica\">\n<table border=\"1\" width=\"100%\" cellspacing=\"0\" cellpadding=\"0\">\n<tbody>\n<tr>\n<td colspan=\"2\" valign=\"top\">\n<div align=\"center\"><strong>DONN\u00c9ES TECHNIQUES<\/strong><\/div>\n<\/td>\n<\/tr>\n<tr>\n<td colspan=\"2\"><strong>DIMENSIONS<\/strong><\/td>\n<\/tr>\n<tr>\n<td>Dimension avec pied ( Sans fraiseuse )<\/td>\n<td>1580 mm (longueur) x 770 mm (profondeur) x 1150 mm (hauteur)<\/td>\n<\/tr>\n<tr>\n<td>Dimension avec pied ( Sans fraiseuse )<\/td>\n<td>1580 mm (longueur) x 770 mm (profondeur) x 1950 mm (hauteur)<\/td>\n<\/tr>\n<tr>\n<td>Poids<\/td>\n<td>390 Kg<\/td>\n<\/tr>\n<tr>\n<td colspan=\"2\"><strong>CHARACT\u00c9RISTIQUES TOUR<\/strong><\/td>\n<\/tr>\n<tr>\n<td>Distance entre-pointes<\/td>\n<td>800 mm<\/td>\n<\/tr>\n<tr>\n<td>Max longueur de coupe<\/td>\n<td>750 mm<\/td>\n<\/tr>\n<tr>\n<td>Hauteur de pointe<\/td>\n<td>162 mm<\/td>\n<\/tr>\n<tr>\n<td>Diam\u00e8tre de passage sur le banc<\/td>\n<td>320 mm<\/td>\n<\/tr>\n<tr>\n<td>Al\u00e9sage de broche<\/td>\n<td>38 mm<\/td>\n<\/tr>\n<tr>\n<td>Diam\u00e8tre de mandrin standard (fourni avec la tour)<\/td>\n<td>160 mm<\/td>\n<\/tr>\n<tr>\n<td>Type mandrin (fourni avec la tour)<\/td>\n<td>3 mors auto centrage ( 3 mors externe + 3 mors int\u00e9rieur )<\/td>\n<\/tr>\n<tr>\n<td>Cone de la broche<\/td>\n<td>CM 5<\/td>\n<\/tr>\n<tr>\n<td>Cone contre pointe<\/td>\n<td>CM 3<\/td>\n<\/tr>\n<tr>\n<td>Dimension de la table de coupe crois\u00e9e<\/td>\n<td>280 mm x 130 mm<\/td>\n<\/tr>\n<tr>\n<td>Dimension base tourelle porte-outil<\/td>\n<td>78 mm x 78 mm<\/td>\n<\/tr>\n<tr>\n<td>Tourelle porte-outil\u00a0fourni avec la tour acceptera outils jusqu<\/td>\n<td>23 mm<\/td>\n<\/tr>\n<tr>\n<td>Nombre de filetages en pouces<\/td>\n<td>N\u00b020<\/td>\n<\/tr>\n<tr>\n<td>Type de filetages en pouces<\/td>\n<td>\u00c0 partir de 40 filetti x pollice<\/td>\n<\/tr>\n<tr>\n<td>Nombre de filetages m\u00e9triques<\/td>\n<td>17<\/td>\n<\/tr>\n<tr>\n<td>Filetages m\u00e9triques:<\/td>\n<td>\u00c0 partir de 0,5 mm jusqu&rsquo;\u00e0 4 mm<\/td>\n<\/tr>\n<tr>\n<td>Progr\u00e8s longitudinale<\/td>\n<td>0,135 &#8211; 1.80 tours\/min<\/td>\n<\/tr>\n<tr>\n<td>Progr\u00e8s transversal<\/td>\n<td>0,025 -0,34 tours\/min<\/td>\n<\/tr>\n<tr>\n<td>Course du chariot port utils transversal<\/td>\n<td>70 mm<\/td>\n<\/tr>\n<tr>\n<td>Num\u00e9ro de la vitesse de rotation de la broche<\/td>\n<td>N\u00b012<\/td>\n<\/tr>\n<tr>\n<td>Vitesse de rotation de la broche<\/td>\n<td>\u00c0 partir de 60 jusqu&rsquo;\u00e0 1600 tours\/min<\/td>\n<\/tr>\n<tr>\n<td colspan=\"2\"><strong>MOTEUR TOUR<\/strong><\/td>\n<\/tr>\n<tr>\n<td>Puissance<\/td>\n<td>1500 W<\/td>\n<\/tr>\n<tr>\n<td>Type<\/td>\n<td>220 V ( Monophas\u00e9e )<\/td>\n<\/tr>\n<tr>\n<td>Tension<\/td>\n<td>50 Hz<\/td>\n<\/tr>\n<tr>\n<td colspan=\"2\"><strong>CHARACT\u00c9RISTIQUES FRAISEUSE<\/strong><\/td>\n<\/tr>\n<tr>\n<td>Cone de la broche<\/td>\n<td>CM 3<\/td>\n<\/tr>\n<tr>\n<td>Nombre de vitesses s\u00e9lectionnables<\/td>\n<td>N\u00b04<\/td>\n<\/tr>\n<tr>\n<td>Vitesses<\/td>\n<td>\u00c0 partir de 200 jusqu&rsquo;\u00e0 2200 giri\/min<\/td>\n<\/tr>\n<tr>\n<td>Angolazioni fresatrice<\/td>\n<td>Orizzontale 360 \u00b0 e Verticale 90\u00b0<\/td>\n<\/tr>\n<tr>\n<td colspan=\"2\"><strong>MOTEUR FRAISEUSE<\/strong><\/td>\n<\/tr>\n<tr>\n<td>Puissance<\/td>\n<td>750 W<\/td>\n<\/tr>\n<tr>\n<td>Type<\/td>\n<td>220 V ( Monophas\u00e9e )<\/td>\n<\/tr>\n<tr>\n<td>Tension<\/td>\n<td>50Hz<\/td>\n<\/tr>\n<tr>\n<td colspan=\"2\"><strong>CARACT\u00c9RISTIQUES G\u00c9N\u00c9RALES<\/strong><\/td>\n<\/tr>\n<tr>\n<td>Avance<\/td>\n<td>Avance automatique longitudinale et transversale<\/td>\n<\/tr>\n<tr>\n<td>Rotation de broche<\/td>\n<td>Inversion de rotation de broche du tour et de la fraiseuse<\/td>\n<\/tr>\n<\/tbody>\n<\/table>\n<\/div>\n<\/div>\n","protected":false},"excerpt":{"rendered":"<p>Tour Perceuse Fraiseuse \u00e0 metaux Multitech 800 3L Super Distance entre-pointes de 800 mm, diam\u00e8tre de passage sur le banc de 320 mm, vitesse de rotation de la broche de la fraiseuse \u00e0 partir de 120 jusqu&rsquo;\u00e0 3000 tours\/min<\/p>\n","protected":false},"featured_media":1098,"comment_status":"open","ping_status":"closed","template":"","meta":[],"product_brand":[],"product_cat":[104],"product_tag":[],"class_list":{"0":"post-1106","1":"product","2":"type-product","3":"status-publish","4":"has-post-thumbnail","6":"product_cat-combine-a-metaux","7":"product_shipping_class-classe-10","9":"first","10":"instock","11":"shipping-taxable","12":"purchasable","13":"product-type-simple"},"yoast_head":"<!-- This site is optimized with the Yoast SEO plugin v27.1 - https:\/\/yoast.com\/product\/yoast-seo-wordpress\/ -->\n<title>Combin\u00e9 \u00e0 m\u00e9taux Multitech 800 3L Super - Tecnosuisse<\/title>\n<meta name=\"robots\" content=\"index, follow, max-snippet:-1, max-image-preview:large, max-video-preview:-1\" \/>\n<link rel=\"canonical\" href=\"https:\/\/www.tecnosuissesa.com\/fr\/produit\/combine-a-metaux-multitech-800-3l-super\/\" \/>\n<meta property=\"og:locale\" content=\"fr_FR\" \/>\n<meta property=\"og:type\" content=\"article\" \/>\n<meta property=\"og:title\" content=\"Combin\u00e9 \u00e0 m\u00e9taux Multitech 800 3L Super - Tecnosuisse\" \/>\n<meta property=\"og:description\" content=\"Tour Perceuse Fraiseuse \u00e0 metaux Multitech 800 3L Super Distance entre-pointes de 800 mm, diam\u00e8tre de passage sur le banc de 320 mm, vitesse de rotation de la broche de la fraiseuse \u00e0 partir de 120 jusqu&#039;\u00e0 3000 tours\/min\" \/>\n<meta property=\"og:url\" content=\"https:\/\/www.tecnosuissesa.com\/fr\/produit\/combine-a-metaux-multitech-800-3l-super\/\" \/>\n<meta property=\"og:site_name\" content=\"Tecnosuisse\" \/>\n<meta property=\"article:publisher\" content=\"https:\/\/www.facebook.com\/tecnosuisse\/\" \/>\n<meta property=\"og:image\" content=\"https:\/\/www.tecnosuissesa.com\/wp-content\/uploads\/2017\/09\/MULTITECH800-3L-0.jpg\" \/>\n\t<meta property=\"og:image:width\" content=\"1024\" \/>\n\t<meta property=\"og:image:height\" content=\"768\" \/>\n\t<meta property=\"og:image:type\" content=\"image\/jpeg\" \/>\n<meta name=\"twitter:card\" content=\"summary_large_image\" \/>\n<meta name=\"twitter:label1\" content=\"Dur\u00e9e de lecture estim\u00e9e\" \/>\n\t<meta name=\"twitter:data1\" content=\"2 minutes\" \/>\n<script type=\"application\/ld+json\" class=\"yoast-schema-graph\">{\"@context\":\"https:\/\/schema.org\",\"@graph\":[{\"@type\":\"WebPage\",\"@id\":\"https:\/\/www.tecnosuissesa.com\/fr\/produit\/combine-a-metaux-multitech-800-3l-super\/\",\"url\":\"https:\/\/www.tecnosuissesa.com\/fr\/produit\/combine-a-metaux-multitech-800-3l-super\/\",\"name\":\"Combin\u00e9 \u00e0 m\u00e9taux Multitech 800 3L Super - Tecnosuisse\",\"isPartOf\":{\"@id\":\"https:\/\/www.tecnosuissesa.com\/it\/#website\"},\"primaryImageOfPage\":{\"@id\":\"https:\/\/www.tecnosuissesa.com\/fr\/produit\/combine-a-metaux-multitech-800-3l-super\/#primaryimage\"},\"image\":{\"@id\":\"https:\/\/www.tecnosuissesa.com\/fr\/produit\/combine-a-metaux-multitech-800-3l-super\/#primaryimage\"},\"thumbnailUrl\":\"https:\/\/www.tecnosuissesa.com\/wp-content\/uploads\/2017\/09\/MULTITECH800-3L-0.jpg\",\"datePublished\":\"2017-09-26T13:58:31+00:00\",\"breadcrumb\":{\"@id\":\"https:\/\/www.tecnosuissesa.com\/fr\/produit\/combine-a-metaux-multitech-800-3l-super\/#breadcrumb\"},\"inLanguage\":\"fr-FR\",\"potentialAction\":[{\"@type\":\"ReadAction\",\"target\":[\"https:\/\/www.tecnosuissesa.com\/fr\/produit\/combine-a-metaux-multitech-800-3l-super\/\"]}]},{\"@type\":\"ImageObject\",\"inLanguage\":\"fr-FR\",\"@id\":\"https:\/\/www.tecnosuissesa.com\/fr\/produit\/combine-a-metaux-multitech-800-3l-super\/#primaryimage\",\"url\":\"https:\/\/www.tecnosuissesa.com\/wp-content\/uploads\/2017\/09\/MULTITECH800-3L-0.jpg\",\"contentUrl\":\"https:\/\/www.tecnosuissesa.com\/wp-content\/uploads\/2017\/09\/MULTITECH800-3L-0.jpg\",\"width\":1024,\"height\":768},{\"@type\":\"BreadcrumbList\",\"@id\":\"https:\/\/www.tecnosuissesa.com\/fr\/produit\/combine-a-metaux-multitech-800-3l-super\/#breadcrumb\",\"itemListElement\":[{\"@type\":\"ListItem\",\"position\":1,\"name\":\"Home\",\"item\":\"https:\/\/www.tecnosuissesa.com\/fr\/\"},{\"@type\":\"ListItem\",\"position\":2,\"name\":\"Vendita di Macchine Utensili per Legno e per Metalli\",\"item\":\"https:\/\/www.tecnosuissesa.com\/it\/vendita-macchine-utensili\/\"},{\"@type\":\"ListItem\",\"position\":3,\"name\":\"Combin\u00e9 \u00e0 m\u00e9taux Multitech 800 3L Super\"}]},{\"@type\":\"WebSite\",\"@id\":\"https:\/\/www.tecnosuissesa.com\/it\/#website\",\"url\":\"https:\/\/www.tecnosuissesa.com\/it\/\",\"name\":\"Tecnosuisse\",\"description\":\"Macchine Utensili per Legno e Metalli\",\"publisher\":{\"@id\":\"https:\/\/www.tecnosuissesa.com\/it\/#organization\"},\"potentialAction\":[{\"@type\":\"SearchAction\",\"target\":{\"@type\":\"EntryPoint\",\"urlTemplate\":\"https:\/\/www.tecnosuissesa.com\/it\/?s={search_term_string}\"},\"query-input\":{\"@type\":\"PropertyValueSpecification\",\"valueRequired\":true,\"valueName\":\"search_term_string\"}}],\"inLanguage\":\"fr-FR\"},{\"@type\":\"Organization\",\"@id\":\"https:\/\/www.tecnosuissesa.com\/it\/#organization\",\"name\":\"Tecnosuisse\",\"url\":\"https:\/\/www.tecnosuissesa.com\/it\/\",\"logo\":{\"@type\":\"ImageObject\",\"inLanguage\":\"fr-FR\",\"@id\":\"https:\/\/www.tecnosuissesa.com\/it\/#\/schema\/logo\/image\/\",\"url\":\"https:\/\/www.tecnosuissesa.com\/wp-content\/uploads\/2017\/08\/Logo_TecnoSuisse_627x627.png\",\"contentUrl\":\"https:\/\/www.tecnosuissesa.com\/wp-content\/uploads\/2017\/08\/Logo_TecnoSuisse_627x627.png\",\"width\":627,\"height\":627,\"caption\":\"Tecnosuisse\"},\"image\":{\"@id\":\"https:\/\/www.tecnosuissesa.com\/it\/#\/schema\/logo\/image\/\"},\"sameAs\":[\"https:\/\/www.facebook.com\/tecnosuisse\/\",\"https:\/\/www.youtube.com\/channel\/UCSoxFNkw8ZiE4jP9OY8AdFg\"]}]}<\/script>\n<!-- \/ Yoast SEO plugin. -->","yoast_head_json":{"title":"Combin\u00e9 \u00e0 m\u00e9taux Multitech 800 3L Super - Tecnosuisse","robots":{"index":"index","follow":"follow","max-snippet":"max-snippet:-1","max-image-preview":"max-image-preview:large","max-video-preview":"max-video-preview:-1"},"canonical":"https:\/\/www.tecnosuissesa.com\/fr\/produit\/combine-a-metaux-multitech-800-3l-super\/","og_locale":"fr_FR","og_type":"article","og_title":"Combin\u00e9 \u00e0 m\u00e9taux Multitech 800 3L Super - Tecnosuisse","og_description":"Tour Perceuse Fraiseuse \u00e0 metaux Multitech 800 3L Super Distance entre-pointes de 800 mm, diam\u00e8tre de passage sur le banc de 320 mm, vitesse de rotation de la broche de la fraiseuse \u00e0 partir de 120 jusqu'\u00e0 3000 tours\/min","og_url":"https:\/\/www.tecnosuissesa.com\/fr\/produit\/combine-a-metaux-multitech-800-3l-super\/","og_site_name":"Tecnosuisse","article_publisher":"https:\/\/www.facebook.com\/tecnosuisse\/","og_image":[{"width":1024,"height":768,"url":"https:\/\/www.tecnosuissesa.com\/wp-content\/uploads\/2017\/09\/MULTITECH800-3L-0.jpg","type":"image\/jpeg"}],"twitter_card":"summary_large_image","twitter_misc":{"Dur\u00e9e de lecture estim\u00e9e":"2 minutes"},"schema":{"@context":"https:\/\/schema.org","@graph":[{"@type":"WebPage","@id":"https:\/\/www.tecnosuissesa.com\/fr\/produit\/combine-a-metaux-multitech-800-3l-super\/","url":"https:\/\/www.tecnosuissesa.com\/fr\/produit\/combine-a-metaux-multitech-800-3l-super\/","name":"Combin\u00e9 \u00e0 m\u00e9taux Multitech 800 3L Super - Tecnosuisse","isPartOf":{"@id":"https:\/\/www.tecnosuissesa.com\/it\/#website"},"primaryImageOfPage":{"@id":"https:\/\/www.tecnosuissesa.com\/fr\/produit\/combine-a-metaux-multitech-800-3l-super\/#primaryimage"},"image":{"@id":"https:\/\/www.tecnosuissesa.com\/fr\/produit\/combine-a-metaux-multitech-800-3l-super\/#primaryimage"},"thumbnailUrl":"https:\/\/www.tecnosuissesa.com\/wp-content\/uploads\/2017\/09\/MULTITECH800-3L-0.jpg","datePublished":"2017-09-26T13:58:31+00:00","breadcrumb":{"@id":"https:\/\/www.tecnosuissesa.com\/fr\/produit\/combine-a-metaux-multitech-800-3l-super\/#breadcrumb"},"inLanguage":"fr-FR","potentialAction":[{"@type":"ReadAction","target":["https:\/\/www.tecnosuissesa.com\/fr\/produit\/combine-a-metaux-multitech-800-3l-super\/"]}]},{"@type":"ImageObject","inLanguage":"fr-FR","@id":"https:\/\/www.tecnosuissesa.com\/fr\/produit\/combine-a-metaux-multitech-800-3l-super\/#primaryimage","url":"https:\/\/www.tecnosuissesa.com\/wp-content\/uploads\/2017\/09\/MULTITECH800-3L-0.jpg","contentUrl":"https:\/\/www.tecnosuissesa.com\/wp-content\/uploads\/2017\/09\/MULTITECH800-3L-0.jpg","width":1024,"height":768},{"@type":"BreadcrumbList","@id":"https:\/\/www.tecnosuissesa.com\/fr\/produit\/combine-a-metaux-multitech-800-3l-super\/#breadcrumb","itemListElement":[{"@type":"ListItem","position":1,"name":"Home","item":"https:\/\/www.tecnosuissesa.com\/fr\/"},{"@type":"ListItem","position":2,"name":"Vendita di Macchine Utensili per Legno e per Metalli","item":"https:\/\/www.tecnosuissesa.com\/it\/vendita-macchine-utensili\/"},{"@type":"ListItem","position":3,"name":"Combin\u00e9 \u00e0 m\u00e9taux Multitech 800 3L Super"}]},{"@type":"WebSite","@id":"https:\/\/www.tecnosuissesa.com\/it\/#website","url":"https:\/\/www.tecnosuissesa.com\/it\/","name":"Tecnosuisse","description":"Macchine Utensili per Legno e Metalli","publisher":{"@id":"https:\/\/www.tecnosuissesa.com\/it\/#organization"},"potentialAction":[{"@type":"SearchAction","target":{"@type":"EntryPoint","urlTemplate":"https:\/\/www.tecnosuissesa.com\/it\/?s={search_term_string}"},"query-input":{"@type":"PropertyValueSpecification","valueRequired":true,"valueName":"search_term_string"}}],"inLanguage":"fr-FR"},{"@type":"Organization","@id":"https:\/\/www.tecnosuissesa.com\/it\/#organization","name":"Tecnosuisse","url":"https:\/\/www.tecnosuissesa.com\/it\/","logo":{"@type":"ImageObject","inLanguage":"fr-FR","@id":"https:\/\/www.tecnosuissesa.com\/it\/#\/schema\/logo\/image\/","url":"https:\/\/www.tecnosuissesa.com\/wp-content\/uploads\/2017\/08\/Logo_TecnoSuisse_627x627.png","contentUrl":"https:\/\/www.tecnosuissesa.com\/wp-content\/uploads\/2017\/08\/Logo_TecnoSuisse_627x627.png","width":627,"height":627,"caption":"Tecnosuisse"},"image":{"@id":"https:\/\/www.tecnosuissesa.com\/it\/#\/schema\/logo\/image\/"},"sameAs":["https:\/\/www.facebook.com\/tecnosuisse\/","https:\/\/www.youtube.com\/channel\/UCSoxFNkw8ZiE4jP9OY8AdFg"]}]}},"_links":{"self":[{"href":"https:\/\/www.tecnosuissesa.com\/fr\/wp-json\/wp\/v2\/product\/1106","targetHints":{"allow":["GET"]}}],"collection":[{"href":"https:\/\/www.tecnosuissesa.com\/fr\/wp-json\/wp\/v2\/product"}],"about":[{"href":"https:\/\/www.tecnosuissesa.com\/fr\/wp-json\/wp\/v2\/types\/product"}],"replies":[{"embeddable":true,"href":"https:\/\/www.tecnosuissesa.com\/fr\/wp-json\/wp\/v2\/comments?post=1106"}],"wp:featuredmedia":[{"embeddable":true,"href":"https:\/\/www.tecnosuissesa.com\/fr\/wp-json\/wp\/v2\/media\/1098"}],"wp:attachment":[{"href":"https:\/\/www.tecnosuissesa.com\/fr\/wp-json\/wp\/v2\/media?parent=1106"}],"wp:term":[{"taxonomy":"product_brand","embeddable":true,"href":"https:\/\/www.tecnosuissesa.com\/fr\/wp-json\/wp\/v2\/product_brand?post=1106"},{"taxonomy":"product_cat","embeddable":true,"href":"https:\/\/www.tecnosuissesa.com\/fr\/wp-json\/wp\/v2\/product_cat?post=1106"},{"taxonomy":"product_tag","embeddable":true,"href":"https:\/\/www.tecnosuissesa.com\/fr\/wp-json\/wp\/v2\/product_tag?post=1106"}],"curies":[{"name":"wp","href":"https:\/\/api.w.org\/{rel}","templated":true}]}}