{"id":1045,"date":"2017-09-26T14:37:32","date_gmt":"2017-09-26T12:37:32","guid":{"rendered":"https:\/\/www.tecnosuissesa.com\/product\/tour-fraiseuse-newton-25-super\/"},"modified":"2017-09-26T14:37:32","modified_gmt":"2017-09-26T12:37:32","slug":"tour-fraiseuse-newton-25-super","status":"publish","type":"product","link":"https:\/\/www.tecnosuissesa.com\/fr\/product\/tour-fraiseuse-newton-25-super\/","title":{"rendered":"Tour fraiseuse Newton 25 Super"},"content":{"rendered":"<p>C\u2019est une machine combin\u00e9e tour\/fraiseuse \u00e0 m\u00e9taux avec une structure en fonte et finitions en m\u00e9tal. Il est \u00e9quip\u00e9 d\u2019un dispositif d\u2019avancement automatique d&rsquo;une extr\u00eame pr\u00e9cision millim\u00e9trique, le tour est excellent soit pour le tournage que pour le filetage. Le changement de la vitesse est contr\u00f4lable par un panneau sp\u00e9cifique. En dotation standard le tour est livr\u00e9 avec un mandrin avec trois mors (trois externes et trois internes), 2 contrepointes avec attaque conique, le chariot d\u2019avancement, 2 lunettes, le b\u00e2ti en m\u00e9tal, tous les engrenages et les cl\u00e9s de montage. C &lsquo;est un excellent tour pour le client qui veut faire de l&rsquo;hobby et aussi pour le petit artisan.<\/p>\n<div id=\"article\">\n<div id=\"tavola-tecnica\">\n<table border=\"1\" width=\"100%\" cellspacing=\"0\" cellpadding=\"0\">\n<tbody>\n<tr>\n<td colspan=\"2\" valign=\"top\">\n<div align=\"center\"><strong>DONN\u00c9ES TECHNIQUES<\/strong><\/div>\n<\/td>\n<\/tr>\n<tr>\n<td colspan=\"2\"><strong>DIMENSIONS<\/strong><\/td>\n<\/tr>\n<tr>\n<td>Dimension avec pied<\/td>\n<td>1500 mm(longueur) x 470 mm(profondeur) x 1950 mm(hauteur)<\/td>\n<\/tr>\n<tr>\n<td>Dimension sans pied<\/td>\n<td>1450 mm(longueur) x 450 mm(profondeur) x 1250 mm(hauteur)<\/td>\n<\/tr>\n<tr>\n<td>Poids sans pied<\/td>\n<td>205 Kg<\/td>\n<\/tr>\n<tr>\n<td colspan=\"2\"><strong>CHARACT\u00c9RISTIQUES TOUR<\/strong><\/td>\n<\/tr>\n<tr>\n<td>Distance entre-pointes<\/td>\n<td>700 mm<\/td>\n<\/tr>\n<tr>\n<td>Hauteur de pointes<\/td>\n<td>125 mm<\/td>\n<\/tr>\n<tr>\n<td>Diam\u00e8tre de passage sur le banc<\/td>\n<td>250 mm<\/td>\n<\/tr>\n<tr>\n<td>Diam\u00e8tre de mandrin standard (fourni avec la tour)<\/td>\n<td>120 mm<\/td>\n<\/tr>\n<tr>\n<td>Type mandrin (fourni avec la tour)<\/td>\n<td>3 mors auto centrage ( 3 mors externe + 3 mors int\u00e9rieur )<\/td>\n<\/tr>\n<tr>\n<td>Al\u00e9sage de broche<\/td>\n<td>26 mm<\/td>\n<\/tr>\n<tr>\n<td>Cone de la broche<\/td>\n<td>CM 4<\/td>\n<\/tr>\n<tr>\n<td>Cone contre pointe<\/td>\n<td>CM 2<\/td>\n<\/tr>\n<tr>\n<td>Surface base de tourelle pour porte-outil<\/td>\n<td>180 x 70 mm<\/td>\n<\/tr>\n<tr>\n<td>Surface de tourelle pour porte-outil (fourni avec la tour)<\/td>\n<td>65 x 65 mm<\/td>\n<\/tr>\n<tr>\n<td>C\u00f4t\u00e9 outils utilis\u00e9 sur la tourelle standard<\/td>\n<td>210 mm<\/td>\n<\/tr>\n<tr>\n<td>Filetages en pouces<\/td>\n<td>8 &#8211; 56 filets \/ 1&Prime;<\/td>\n<\/tr>\n<tr>\n<td>Filetages m\u00e9triques<\/td>\n<td>\u00e0 partir de 0,05 mm jusqu&rsquo;\u00e0 3,5 mm<\/td>\n<\/tr>\n<tr>\n<td>Max longueur d&rsquo;usinage<\/td>\n<td>420 mm<\/td>\n<\/tr>\n<tr>\n<td>Course du chariot transversal<\/td>\n<td>70 mm<\/td>\n<\/tr>\n<tr>\n<td>Vitesse de rotation de la broche<\/td>\n<td>\u00e0 partir de 115 jusqu&rsquo;\u00e0 1620 tours\/min<\/td>\n<\/tr>\n<tr>\n<td>Course du chariot longitudinal<\/td>\n<td>115 mm<\/td>\n<\/tr>\n<tr>\n<td>Avance chariot longitudinal<\/td>\n<td>Enfilage automatique<\/td>\n<\/tr>\n<tr>\n<td colspan=\"2\"><strong>SP\u00c9CIFICATIONS FRAISEUSE<\/strong><\/td>\n<\/tr>\n<tr>\n<td>Cone arbre<\/td>\n<td>CM 3<\/td>\n<\/tr>\n<tr>\n<td>Vitesse<\/td>\n<td>\u00e0 partir de 400 jusqu&rsquo;\u00e0 1640 tours\/min<\/td>\n<\/tr>\n<tr>\n<td>Diam\u00e8tre arbre<\/td>\n<td>65 mm<\/td>\n<\/tr>\n<tr>\n<td>Distance maximale entre mandrin et le plan de travail<\/td>\n<td>160 mm<\/td>\n<\/tr>\n<tr>\n<td>Rotation fraiseuse<\/td>\n<td>180\u00b0<\/td>\n<\/tr>\n<tr>\n<td colspan=\"2\"><strong>MOTEUR TOUR<\/strong><\/td>\n<\/tr>\n<tr>\n<td>Puissance du moteur<\/td>\n<td>750 W &#8211; 50 Hz<\/td>\n<\/tr>\n<tr>\n<td>Type de moteur<\/td>\n<td>Monophas\u00e9 (220 V)<\/td>\n<\/tr>\n<tr>\n<td>Vitesse minimale<\/td>\n<td>115 tours\/min<\/td>\n<\/tr>\n<tr>\n<td>Vitesse maximale<\/td>\n<td>1620 tours\/min<\/td>\n<\/tr>\n<tr>\n<td colspan=\"2\"><strong>MOTORE FRESATRICE<\/strong><\/td>\n<\/tr>\n<tr>\n<td>Puissance du moteur<\/td>\n<td>500 W &#8211; 50Hz<\/td>\n<\/tr>\n<tr>\n<td>Type de moteur<\/td>\n<td>Monophas\u00e9 (220 V)<\/td>\n<\/tr>\n<tr>\n<td>Vitesse minimale<\/td>\n<td>400 tours\/min<\/td>\n<\/tr>\n<tr>\n<td>Vitesse maximale<\/td>\n<td>1640 tours\/min<\/td>\n<\/tr>\n<\/tbody>\n<\/table>\n<\/div>\n<\/div>\n","protected":false},"excerpt":{"rendered":"<p>Tour Fraiseuse \u00e0 m\u00e9taux Aavec tour 250 x 700 mm avance enfilage automatique, et fraisage \u00e0 vitesse ind\u00e9pendante 400-1640 tr\/min<\/p>\n","protected":false},"featured_media":1037,"comment_status":"open","ping_status":"closed","template":"","meta":[],"product_brand":[],"product_cat":[104],"product_tag":[],"class_list":{"0":"post-1045","1":"product","2":"type-product","3":"status-publish","4":"has-post-thumbnail","6":"product_cat-combine-a-metaux","7":"product_shipping_class-classe-10","9":"first","10":"instock","11":"shipping-taxable","12":"purchasable","13":"product-type-simple"},"yoast_head":"<!-- This site is optimized with the Yoast SEO plugin v27.1 - https:\/\/yoast.com\/product\/yoast-seo-wordpress\/ -->\n<title>Tour fraiseuse Newton 25 Super - Tecnosuisse<\/title>\n<meta name=\"robots\" content=\"index, follow, max-snippet:-1, max-image-preview:large, max-video-preview:-1\" \/>\n<link rel=\"canonical\" href=\"https:\/\/www.tecnosuissesa.com\/fr\/produit\/tour-fraiseuse-newton-25-super\/\" \/>\n<meta property=\"og:locale\" content=\"fr_FR\" \/>\n<meta property=\"og:type\" content=\"article\" \/>\n<meta property=\"og:title\" content=\"Tour fraiseuse Newton 25 Super - Tecnosuisse\" \/>\n<meta property=\"og:description\" content=\"Tour Fraiseuse \u00e0 m\u00e9taux Aavec tour 250 x 700 mm avance enfilage automatique, et fraisage \u00e0 vitesse ind\u00e9pendante 400-1640 tr\/min\" \/>\n<meta property=\"og:url\" content=\"https:\/\/www.tecnosuissesa.com\/fr\/produit\/tour-fraiseuse-newton-25-super\/\" \/>\n<meta property=\"og:site_name\" content=\"Tecnosuisse\" \/>\n<meta property=\"article:publisher\" content=\"https:\/\/www.facebook.com\/tecnosuisse\/\" \/>\n<meta property=\"og:image\" content=\"https:\/\/www.tecnosuissesa.com\/wp-content\/uploads\/2017\/09\/NEWTON23-3L-0.jpg\" \/>\n\t<meta property=\"og:image:width\" content=\"1024\" \/>\n\t<meta property=\"og:image:height\" content=\"768\" \/>\n\t<meta property=\"og:image:type\" content=\"image\/jpeg\" \/>\n<meta name=\"twitter:card\" content=\"summary_large_image\" \/>\n<meta name=\"twitter:label1\" content=\"Dur\u00e9e de lecture estim\u00e9e\" \/>\n\t<meta name=\"twitter:data1\" content=\"2 minutes\" \/>\n<script type=\"application\/ld+json\" class=\"yoast-schema-graph\">{\"@context\":\"https:\/\/schema.org\",\"@graph\":[{\"@type\":\"WebPage\",\"@id\":\"https:\/\/www.tecnosuissesa.com\/fr\/produit\/tour-fraiseuse-newton-25-super\/\",\"url\":\"https:\/\/www.tecnosuissesa.com\/fr\/produit\/tour-fraiseuse-newton-25-super\/\",\"name\":\"Tour fraiseuse Newton 25 Super - Tecnosuisse\",\"isPartOf\":{\"@id\":\"https:\/\/www.tecnosuissesa.com\/it\/#website\"},\"primaryImageOfPage\":{\"@id\":\"https:\/\/www.tecnosuissesa.com\/fr\/produit\/tour-fraiseuse-newton-25-super\/#primaryimage\"},\"image\":{\"@id\":\"https:\/\/www.tecnosuissesa.com\/fr\/produit\/tour-fraiseuse-newton-25-super\/#primaryimage\"},\"thumbnailUrl\":\"https:\/\/www.tecnosuissesa.com\/wp-content\/uploads\/2017\/09\/NEWTON23-3L-0.jpg\",\"datePublished\":\"2017-09-26T12:37:32+00:00\",\"breadcrumb\":{\"@id\":\"https:\/\/www.tecnosuissesa.com\/fr\/produit\/tour-fraiseuse-newton-25-super\/#breadcrumb\"},\"inLanguage\":\"fr-FR\",\"potentialAction\":[{\"@type\":\"ReadAction\",\"target\":[\"https:\/\/www.tecnosuissesa.com\/fr\/produit\/tour-fraiseuse-newton-25-super\/\"]}]},{\"@type\":\"ImageObject\",\"inLanguage\":\"fr-FR\",\"@id\":\"https:\/\/www.tecnosuissesa.com\/fr\/produit\/tour-fraiseuse-newton-25-super\/#primaryimage\",\"url\":\"https:\/\/www.tecnosuissesa.com\/wp-content\/uploads\/2017\/09\/NEWTON23-3L-0.jpg\",\"contentUrl\":\"https:\/\/www.tecnosuissesa.com\/wp-content\/uploads\/2017\/09\/NEWTON23-3L-0.jpg\",\"width\":1024,\"height\":768},{\"@type\":\"BreadcrumbList\",\"@id\":\"https:\/\/www.tecnosuissesa.com\/fr\/produit\/tour-fraiseuse-newton-25-super\/#breadcrumb\",\"itemListElement\":[{\"@type\":\"ListItem\",\"position\":1,\"name\":\"Home\",\"item\":\"https:\/\/www.tecnosuissesa.com\/fr\/\"},{\"@type\":\"ListItem\",\"position\":2,\"name\":\"Vendita di Macchine Utensili per Legno e per Metalli\",\"item\":\"https:\/\/www.tecnosuissesa.com\/it\/vendita-macchine-utensili\/\"},{\"@type\":\"ListItem\",\"position\":3,\"name\":\"Tour fraiseuse Newton 25 Super\"}]},{\"@type\":\"WebSite\",\"@id\":\"https:\/\/www.tecnosuissesa.com\/it\/#website\",\"url\":\"https:\/\/www.tecnosuissesa.com\/it\/\",\"name\":\"Tecnosuisse\",\"description\":\"Macchine Utensili per Legno e Metalli\",\"publisher\":{\"@id\":\"https:\/\/www.tecnosuissesa.com\/it\/#organization\"},\"potentialAction\":[{\"@type\":\"SearchAction\",\"target\":{\"@type\":\"EntryPoint\",\"urlTemplate\":\"https:\/\/www.tecnosuissesa.com\/it\/?s={search_term_string}\"},\"query-input\":{\"@type\":\"PropertyValueSpecification\",\"valueRequired\":true,\"valueName\":\"search_term_string\"}}],\"inLanguage\":\"fr-FR\"},{\"@type\":\"Organization\",\"@id\":\"https:\/\/www.tecnosuissesa.com\/it\/#organization\",\"name\":\"Tecnosuisse\",\"url\":\"https:\/\/www.tecnosuissesa.com\/it\/\",\"logo\":{\"@type\":\"ImageObject\",\"inLanguage\":\"fr-FR\",\"@id\":\"https:\/\/www.tecnosuissesa.com\/it\/#\/schema\/logo\/image\/\",\"url\":\"https:\/\/www.tecnosuissesa.com\/wp-content\/uploads\/2017\/08\/Logo_TecnoSuisse_627x627.png\",\"contentUrl\":\"https:\/\/www.tecnosuissesa.com\/wp-content\/uploads\/2017\/08\/Logo_TecnoSuisse_627x627.png\",\"width\":627,\"height\":627,\"caption\":\"Tecnosuisse\"},\"image\":{\"@id\":\"https:\/\/www.tecnosuissesa.com\/it\/#\/schema\/logo\/image\/\"},\"sameAs\":[\"https:\/\/www.facebook.com\/tecnosuisse\/\",\"https:\/\/www.youtube.com\/channel\/UCSoxFNkw8ZiE4jP9OY8AdFg\"]}]}<\/script>\n<!-- \/ Yoast SEO plugin. -->","yoast_head_json":{"title":"Tour fraiseuse Newton 25 Super - Tecnosuisse","robots":{"index":"index","follow":"follow","max-snippet":"max-snippet:-1","max-image-preview":"max-image-preview:large","max-video-preview":"max-video-preview:-1"},"canonical":"https:\/\/www.tecnosuissesa.com\/fr\/produit\/tour-fraiseuse-newton-25-super\/","og_locale":"fr_FR","og_type":"article","og_title":"Tour fraiseuse Newton 25 Super - Tecnosuisse","og_description":"Tour Fraiseuse \u00e0 m\u00e9taux Aavec tour 250 x 700 mm avance enfilage automatique, et fraisage \u00e0 vitesse ind\u00e9pendante 400-1640 tr\/min","og_url":"https:\/\/www.tecnosuissesa.com\/fr\/produit\/tour-fraiseuse-newton-25-super\/","og_site_name":"Tecnosuisse","article_publisher":"https:\/\/www.facebook.com\/tecnosuisse\/","og_image":[{"width":1024,"height":768,"url":"https:\/\/www.tecnosuissesa.com\/wp-content\/uploads\/2017\/09\/NEWTON23-3L-0.jpg","type":"image\/jpeg"}],"twitter_card":"summary_large_image","twitter_misc":{"Dur\u00e9e de lecture estim\u00e9e":"2 minutes"},"schema":{"@context":"https:\/\/schema.org","@graph":[{"@type":"WebPage","@id":"https:\/\/www.tecnosuissesa.com\/fr\/produit\/tour-fraiseuse-newton-25-super\/","url":"https:\/\/www.tecnosuissesa.com\/fr\/produit\/tour-fraiseuse-newton-25-super\/","name":"Tour fraiseuse Newton 25 Super - Tecnosuisse","isPartOf":{"@id":"https:\/\/www.tecnosuissesa.com\/it\/#website"},"primaryImageOfPage":{"@id":"https:\/\/www.tecnosuissesa.com\/fr\/produit\/tour-fraiseuse-newton-25-super\/#primaryimage"},"image":{"@id":"https:\/\/www.tecnosuissesa.com\/fr\/produit\/tour-fraiseuse-newton-25-super\/#primaryimage"},"thumbnailUrl":"https:\/\/www.tecnosuissesa.com\/wp-content\/uploads\/2017\/09\/NEWTON23-3L-0.jpg","datePublished":"2017-09-26T12:37:32+00:00","breadcrumb":{"@id":"https:\/\/www.tecnosuissesa.com\/fr\/produit\/tour-fraiseuse-newton-25-super\/#breadcrumb"},"inLanguage":"fr-FR","potentialAction":[{"@type":"ReadAction","target":["https:\/\/www.tecnosuissesa.com\/fr\/produit\/tour-fraiseuse-newton-25-super\/"]}]},{"@type":"ImageObject","inLanguage":"fr-FR","@id":"https:\/\/www.tecnosuissesa.com\/fr\/produit\/tour-fraiseuse-newton-25-super\/#primaryimage","url":"https:\/\/www.tecnosuissesa.com\/wp-content\/uploads\/2017\/09\/NEWTON23-3L-0.jpg","contentUrl":"https:\/\/www.tecnosuissesa.com\/wp-content\/uploads\/2017\/09\/NEWTON23-3L-0.jpg","width":1024,"height":768},{"@type":"BreadcrumbList","@id":"https:\/\/www.tecnosuissesa.com\/fr\/produit\/tour-fraiseuse-newton-25-super\/#breadcrumb","itemListElement":[{"@type":"ListItem","position":1,"name":"Home","item":"https:\/\/www.tecnosuissesa.com\/fr\/"},{"@type":"ListItem","position":2,"name":"Vendita di Macchine Utensili per Legno e per Metalli","item":"https:\/\/www.tecnosuissesa.com\/it\/vendita-macchine-utensili\/"},{"@type":"ListItem","position":3,"name":"Tour fraiseuse Newton 25 Super"}]},{"@type":"WebSite","@id":"https:\/\/www.tecnosuissesa.com\/it\/#website","url":"https:\/\/www.tecnosuissesa.com\/it\/","name":"Tecnosuisse","description":"Macchine Utensili per Legno e Metalli","publisher":{"@id":"https:\/\/www.tecnosuissesa.com\/it\/#organization"},"potentialAction":[{"@type":"SearchAction","target":{"@type":"EntryPoint","urlTemplate":"https:\/\/www.tecnosuissesa.com\/it\/?s={search_term_string}"},"query-input":{"@type":"PropertyValueSpecification","valueRequired":true,"valueName":"search_term_string"}}],"inLanguage":"fr-FR"},{"@type":"Organization","@id":"https:\/\/www.tecnosuissesa.com\/it\/#organization","name":"Tecnosuisse","url":"https:\/\/www.tecnosuissesa.com\/it\/","logo":{"@type":"ImageObject","inLanguage":"fr-FR","@id":"https:\/\/www.tecnosuissesa.com\/it\/#\/schema\/logo\/image\/","url":"https:\/\/www.tecnosuissesa.com\/wp-content\/uploads\/2017\/08\/Logo_TecnoSuisse_627x627.png","contentUrl":"https:\/\/www.tecnosuissesa.com\/wp-content\/uploads\/2017\/08\/Logo_TecnoSuisse_627x627.png","width":627,"height":627,"caption":"Tecnosuisse"},"image":{"@id":"https:\/\/www.tecnosuissesa.com\/it\/#\/schema\/logo\/image\/"},"sameAs":["https:\/\/www.facebook.com\/tecnosuisse\/","https:\/\/www.youtube.com\/channel\/UCSoxFNkw8ZiE4jP9OY8AdFg"]}]}},"_links":{"self":[{"href":"https:\/\/www.tecnosuissesa.com\/fr\/wp-json\/wp\/v2\/product\/1045","targetHints":{"allow":["GET"]}}],"collection":[{"href":"https:\/\/www.tecnosuissesa.com\/fr\/wp-json\/wp\/v2\/product"}],"about":[{"href":"https:\/\/www.tecnosuissesa.com\/fr\/wp-json\/wp\/v2\/types\/product"}],"replies":[{"embeddable":true,"href":"https:\/\/www.tecnosuissesa.com\/fr\/wp-json\/wp\/v2\/comments?post=1045"}],"wp:featuredmedia":[{"embeddable":true,"href":"https:\/\/www.tecnosuissesa.com\/fr\/wp-json\/wp\/v2\/media\/1037"}],"wp:attachment":[{"href":"https:\/\/www.tecnosuissesa.com\/fr\/wp-json\/wp\/v2\/media?parent=1045"}],"wp:term":[{"taxonomy":"product_brand","embeddable":true,"href":"https:\/\/www.tecnosuissesa.com\/fr\/wp-json\/wp\/v2\/product_brand?post=1045"},{"taxonomy":"product_cat","embeddable":true,"href":"https:\/\/www.tecnosuissesa.com\/fr\/wp-json\/wp\/v2\/product_cat?post=1045"},{"taxonomy":"product_tag","embeddable":true,"href":"https:\/\/www.tecnosuissesa.com\/fr\/wp-json\/wp\/v2\/product_tag?post=1045"}],"curies":[{"name":"wp","href":"https:\/\/api.w.org\/{rel}","templated":true}]}}